{"id":32253,"date":"2023-11-06T23:30:39","date_gmt":"2023-11-06T14:30:39","guid":{"rendered":"https:\/\/monolith.law\/?page_id=32253"},"modified":"2024-08-14T12:46:51","modified_gmt":"2024-08-14T03:46:51","slug":"system-development","status":"publish","type":"page","link":"https:\/\/monolith.law\/no\/system-development","title":{"rendered":"Systemutvikling"},"content":{"rendered":"\n<section class=\"heading-area\">\n\t<div class=\"heading-area-inner\">\n\t\t<h2 class=\"icon-system-development\">Systemutvikling<\/h2>\n\t\t<p>Spesialisert systemutvikling involverer ofte komplekse problemer og forhandlinger i kontraktsforhandlinger. Vi er klare til \u00e5 st\u00f8tte selskapet ditt ved \u00e5 bruke v\u00e5r kunnskap ikke bare som juridiske eksperter, men ogs\u00e5 som IT-eksperter for \u00e5 bestemme hva som er essensielt for selskapet.<\/p>\n\t<\/div>\n<\/section>\n\n<section class=\"white-section\">\n\t<div class=\"section-inner pdt0 border-bottom-section\">\n\t\t<p>MONOLITH LAW OFFICE er en advokatfirma ledet av en advokat som tidligere var IT-ingeni\u00f8r, og vi h\u00e5ndterer alt fra utforming, revisjon og forhandling av kontrakter for spesialisert systemutvikling til \u00e5 l\u00f8se tvister n\u00e5r de oppst\u00e5r. Vi utarbeider ogs\u00e5 kontrakter fra bunnen av basert p\u00e5 eksisterende materiale, som forslagsdokumenter, og med et minimum av m\u00f8ter.<\/p>\n\t<\/div>\n<\/section>\n\n<section class=\"second-nav\">\n\t<div class=\"second-nav-inner\">\n\t\t<p>EMNER<\/p>\n\t\t<nav>\n\t\t\t<ul>\n\t\t\t\t<li><a href=\"#contract-drafting-in-system-development\">Kontraktutforming i Systemutvikling<\/a><\/li>\n\t\t\t\t<li><a href=\"#dispute-resolution-in-system-development\">Tvistel\u00f8sning i Systemutvikling<\/a><\/li>\n\t\t\t\t<li><a href=\"#drafting-with-minimal-operating-time\">Utarbeidelse med Minimal Driftstid<\/a><\/li>\n\t\t\t\t<li><a href=\"#examples-of-support-provided-by-our-firm\">Eksempler p\u00e5 St\u00f8tte Levert av V\u00e5r Firma<\/a><\/li>\n\t\t\t\t<li><a href=\"#publication-achievements-systems-development-legal\">Publikasjonsprestasjoner<\/a><\/li>\n\t\t\t\t<li><a href=\"#crypto-assets-and-blockchain\">Kryptovalutaer og Blockchain<\/a><\/li>\n\t\t\t\t<li><a href=\"#manda\">M&amp;A<\/a><\/li>\n\t\t\t\t<li><a href=\"#monolith-law-magazine\">MONOLITH LAW MAGAZINE<\/a><\/li>\n\t\t\t\t<li><a href=\"#fee-structure\">Prisstruktur<\/a><\/li>\n\t\t\t<\/ul>\n\t\t<\/nav>\n\t<\/div>\n<\/section>\n\n<section class=\"white-section mgt-section mgb-section80\">\n\t<div class=\"anchor\" id=\"contract-drafting-in-system-development\"><\/div>\n\t<div class=\"section-inner-black\">\n\t\t<h3>Forberedelse av systemutviklingskontrakter<\/h3>\n\t\t<p class=\"mgb-small\">I tilfelle systemutvikling, selv om abstrakte klausuler som ansvar ved kontraktsmessig ikke-samsvar kan v\u00e6re gitt, sier kontrakten bare &#8220;etter separat avtale&#8221;. Med andre ord, system- eller prosjektspesifikke omstendigheter nevnes ikke direkte. Som et resultat, er det ofte uklart hva utfallet vil v\u00e6re i tilfelle en faktisk tvist.<\/p>\n\t\t<p class=\"mgb-middle\">V\u00e5rt firma vurderer ikke bare utarbeidelsen av kontrakter, men ogs\u00e5 en dyp forst\u00e5else av de relaterte systemutviklingene som en viktig del av v\u00e5rt arbeid.<\/p>\n\n\t<\/div>\n<\/section>\n\n<section class=\"purple-section\">\n\t<div class=\"anchor\" id=\"dispute-resolution-in-system-development\"><\/div>\n\t<div class=\"section-inner\">\n\t\t<div class=\"flex\">\n\t\t\t<div class=\"width41\"><img decoding=\"async\" src=\"\/wp-content\/themes\/monolith2021\/img\/systemdevelopment\/systemdevelopment_pic1.jpg\" alt=\"Tvistel\u00f8sning i systemutvikling\"><\/div>\n\t\t\t<div class=\"width51\">\n\t\t\t\t<h3> Tvistel\u00f8sning i Systemutvikling<\/h3>\n\t\t\t\t<p class=\"mgb-small\">N\u00e5r en tvist oppst\u00e5r, er vi ansvarlige for utenrettslige krav om erstatning, samt midlertidige forf\u00f8yninger og rettssaker.<\/p>\n\t\t\t\t<p>Imidlertid er det foretrukket at tvister aldri oppst\u00e5r, og selv om det er en mulighet for en tvist, er det best at den ikke g\u00e5r til rettssak. Dette er v\u00e5rt grunnleggende syn og holdning, og vi tilbyr daglige juridiske tjenester til v\u00e5re bedriftskunder basert p\u00e5 dette premisset.<\/p>\n\t\t\t<\/div>\n\t\t<\/div>\n\t<\/div>\n<\/section>\n\n<section class=\"white-section\">\n\t<div class=\"anchor\" id=\"drafting-with-minimal-operating-time\"><\/div>\n\t<div class=\"section-inner\">\n\t\t<div class=\"flex reverse\">\n\t\t\t<div class=\"width41\"><img decoding=\"async\" src=\"\/wp-content\/themes\/monolith2021\/img\/pic\/pic_draft.jpg\" alt=\"Utkast med Minimal Driftstid\"><\/div>\n\t\t\t<div class=\"width51\">\n\t\t\t\t<h3>Utarbeidelse med minimal driftstid<\/h3>\n\t\t\t\t<p class=\"mgb-small\">V\u00e5r grunnleggende advokat er en tidligere IT-ingeni\u00f8r.<\/p>\n\t\t\t\t<p class=\"mgb-small\">For \u00e5 utarbeide en kontrakt for systemutvikling og designe et opplegg som en forutsetning for en slik kontrakt, er det n\u00f8dvendig \u00e5 forst\u00e5 omrisset av det relevante systemet. Vi er i stand til \u00e5 lese de ulike dokumentene og dataene som allerede finnes i selskapet ditt, som kravdefinisjoner og salgsmateriell for potensielle kunder for den aktuelle systemutviklingen, p\u00e5 v\u00e5r side.<\/p>\n\t\t\t\t<p>Derfor kan vi forberede utkast til kontrakter og andre dokumenter med et minimum av tid brukt p\u00e5 m\u00f8ter osv., noe som effektivt reduserer kommunikasjonskostnader og tiden som kreves for forberedelser.<\/p>\n\t\t\t<\/div>\n\t\t<\/div>\n\t<\/div>\n<\/section>\n\n<section class=\"orange-section\">\n\t<div class=\"anchor\" id=\"examples-of-support-provided-by-our-firm\"><\/div>\n\t<div class=\"section-inner\">\n\t\t<h3 class=\"mgb-middle\">Eksempler p\u00e5 st\u00f8tte levert av v\u00e5r firma<\/h3>\n\t\t<ul class=\"layout-column4\">\n\t\t\t<li>\n\t\t\t\t<div><img decoding=\"async\" src=\"\/wp-content\/themes\/monolith2021\/img\/systemdevelopment\/systemdevelopment_support_pic1.jpg\"><\/div>\n\t\t\t\t<h4>IT-leverand\u00f8rer<\/h4>\n\t\t\t\t<p>Vi tilbyr en rekke tjenester for selskaper som tilbyr systemutviklingstjenester, fra utarbeidelse av kontrakter relatert til systemutvikling til tvistel\u00f8sning, i form av juridisk r\u00e5dgivning og andre juridiske tjenester. Vi h\u00e5ndterer ogs\u00e5 banebrytende omr\u00e5der som blockchain-relaterte saker.<\/p>\n\t\t\t<\/li>\n\t\t\t<li>\n\t\t\t\t<div><img decoding=\"async\" src=\"\/wp-content\/themes\/monolith2021\/img\/systemdevelopment\/systemdevelopment_support_pic2.jpg\"><\/div>\n\t\t\t\t<h4>Forretningsbedrifter<\/h4>\n\t\t\t\t<p>Vi tilbyr en rekke tjenester til forretningsbedrifter som bestiller systemutviklingsarbeid. Spesielt for nye virksomheter av selskaper som ikke spesialiserer seg p\u00e5 IT, kan vi tilby st\u00f8tte inkludert systemdesign for hele virksomheten, inkludert oppf\u00f8lging etter levering.<\/p>\n\t\t\t<\/li>\n\t\t\t<li>\n\t\t\t\t<div><img decoding=\"async\" src=\"\/wp-content\/themes\/monolith2021\/img\/systemdevelopment\/systemdevelopment_support_pic3.jpg\"><\/div>\n\t\t\t\t<h4>System Engineering Services (SES)<\/h4>\n\t\t\t\t<p>MONOLITH LAW OFFICE tilbyr juridiske tjenester til mange SES-selskaper. Vi er engasjert i utarbeidelse av kontrakter relatert til SES, l\u00f8sning av utenrettslige tvister ang\u00e5ende spesifikke problemer, og h\u00e5ndtering av rettssaker.<\/p>\n\t\t\t<\/li>\n\t\t\t<li>\n\t\t\t\t<div><img decoding=\"async\" src=\"\/wp-content\/themes\/monolith2021\/img\/systemdevelopment\/systemdevelopment_support_pic4.jpg\"><\/div>\n\t\t\t\t<h4>\u00c5pen kildekode programvare (OSS)<\/h4>\n\t\t\t\t<p>Vi har med suksess levert profesjonell design og tilsyn med brukerdokumentasjon for selskaper som tilbyr b\u00e5de GPL og andre \u00e5pen kildekode lisenser, samt kommersielle lisenser.<\/p>\n\t\t\t<\/li>\n\t\t<\/ul>\n\t<\/div>\n<\/section>\n\n<section class=\"white-section\">\n\t<div class=\"anchor\" id=\"publication-achievements-systems-development-legal\"><\/div>\n\t<div class=\"section-inner\">\n\t\t<div class=\"flex reverse\">\n\t\t\t<div class=\"width41\"><img decoding=\"async\" src=\"\/wp-content\/themes\/monolith2021\/img\/pic\/pic_publishing.jpg\" alt=\"Publisering av b\u00f8ker om juridiske forhold knyttet til systemutvikling\"><\/div>\n\t\t\t<div class=\"width51\">\n\t\t\t\t<h3>Publisering av b\u00f8ker om juridiske sp\u00f8rsm\u00e5l relatert til systemutvikling<\/h3>\n\t\t\t\t<p class=\"mgb-small\">Som et advokatfirma som spesialiserer seg p\u00e5 systemutvikling for nettjenester, applikasjoner og spill, har vi publisert boken &#8220;Innf\u00f8rende Juridiske Sp\u00f8rsm\u00e5l og Svar for IT-ingeni\u00f8rer&#8221;. I boken forklarer en tidligere ingeni\u00f8r og n\u00e5v\u00e6rende advokat juridisk kunnskap hovedsakelig for IT-ingeni\u00f8rer.<\/p>\n\t\t\t\t<p>Boken er sammensatt av kapitlene Fallgruver i Opphavsrett, Fallgruver i Utviklingskontrakter, Fallgruver i Arbeidsforhold, Kontrollpunkter i Kontrakter, og gir juridiske forklaringer p\u00e5 spesifikke punkter som kan v\u00e6re problematiske i faktiske systemutviklingssituasjoner.<\/p>\n\t\t\t<\/div>\n\t\t<\/div>\n\t<\/div>\n<\/section>\n\n<section class=\"purple-section\">\n\t<div class=\"anchor\" id=\"crypto-assets-and-blockchain\"><\/div>\n\t<div class=\"section-inner\">\n\t\t<div class=\"flex\">\n\t\t\t<div class=\"width41\"><img decoding=\"async\" src=\"\/wp-content\/uploads\/2022\/07\/shutterstock_1151380622_2.png\" alt=\"Crypto Assets and Blockchain\"><\/div>\n\t\t\t<div class=\"width51\">\n\t\t\t\t<h3>Kryptovaluta og Blockchain<\/h3>\n\t\t\t\t<p>Blockchain er en desentralisert database, med lav risiko for tap av poster, og det er vanskelig \u00e5 endre tidligere poster. Dette er realisert gjennom IT-teknikker som konsensusalgoritmer, kryptografi, og P2P-nettverk. MONOLITH LAW OFFICE har v\u00e6rt involvert i juridisk arbeid med kryptovaluta og blockchain siden oppstarten i 2017.<\/p>\n\t\t\t<\/div>\n\t\t<\/div>\n\t<\/div>\n<\/section>\n\n<section class=\"white-section mgt-section mgb-section\">\n\t<div class=\"anchor\" id=\"manda\"><\/div>\n\t<div class=\"section-inner-black\">\n\t\t<h3>M&amp;A<\/h3>\n\t\t<p class=\"mgb-middle\">Vi har omfattende erfaring med M&amp;A som involverer IT-systemer, inkludert forretningsoverf\u00f8ringer og oppkj\u00f8p av applikasjoner og nettjenester.<\/p>\n\t<\/div>\n<\/section>\n\n<section class=\"purple2-section\">\n\t<div class=\"anchor\" id=\"monolith-law-magazine\"><\/div>\n\t<div class=\"section-inner\">\n\t\t    <section class=\"white-section temp-article\">\n        <div class=\"section-inner\">\n            <h4>MONOLITH LAW MAGAZINE<\/h4>\n            <div class=\"articles type_practice_column\">\n                                                                    <div class=\"article article-area\">\n                        <figure>\n                            <div class=\"img-wrap\">\n                                <img alt=\"\u00c5tte juridiske problemstillinger ved bruk av \u00e5pen kildekode-programvare (OSS) i programvareutvikling forklart\" src=\"https:\/\/monolith.law\/no\/wp-content\/uploads\/sites\/27\/2025\/08\/2e3dcd72416c364f481cdcf21967a2a8.webp\" width=\"500\" height=\"250\">\n                            <\/div>\n                            <figcaption>\n                                <div class=\"figcaption-inner\">\n                                    <h3>\u00c5tte juridiske problemstillinger ved bruk av \u00e5pen kildekode-programvare (OSS) i .<\/h3>\n                                <\/div>\n                            <\/figcaption>\n                            <a href=\"https:\/\/monolith.law\/no\/it\/oss-law\"><\/a>\n                        <\/figure>\n                    <\/div>\n                                                    <div class=\"article article-area\">\n                        <figure>\n                            <div class=\"img-wrap\">\n                                <img alt=\"Hvor langt strekker en leverand\u00f8rs ansvar seg for leveranser som inkluderer OSS? En forklaring p\u00e5 sivilrettslig ansvar og tiltak for hver kontraktstype\" src=\"https:\/\/monolith.law\/no\/wp-content\/uploads\/sites\/27\/2025\/08\/a3e2bebbbd18ab9195487c8b62e3ba94.webp\" width=\"500\" height=\"250\">\n                            <\/div>\n                            <figcaption>\n                                <div class=\"figcaption-inner\">\n                                    <h3>Hvor langt strekker en leverand\u00f8rs ansvar seg for leveranser som inkluderer OSS?.<\/h3>\n                                <\/div>\n                            <\/figcaption>\n                            <a href=\"https:\/\/monolith.law\/no\/it\/oss-contract\"><\/a>\n                        <\/figure>\n                    <\/div>\n                                                    <div class=\"article article-area\">\n                        <figure>\n                            <div class=\"img-wrap\">\n                                <img alt=\"Viktige hensyn n\u00e5r du bruker OSS i programvareutviklingskontrakter\" src=\"https:\/\/monolith.law\/no\/wp-content\/uploads\/sites\/27\/2025\/08\/9132dea58501d53c6b72439e72a5a1e0.webp\" width=\"500\" height=\"250\">\n                            <\/div>\n                            <figcaption>\n                                <div class=\"figcaption-inner\">\n                                    <h3>Viktige hensyn n\u00e5r du bruker OSS i programvareutviklingskontrakter<\/h3>\n                                <\/div>\n                            <\/figcaption>\n                            <a href=\"https:\/\/monolith.law\/no\/it\/oss-development-contract\"><\/a>\n                        <\/figure>\n                    <\/div>\n                                            <\/div>\n            <div class=\"btn-more\"><a href=\"https:\/\/monolith.law\/no\/tag\/system-development\">Read More<\/a><\/div>\n        <\/div>\n    <\/section>\n\t<\/div>\n<\/section>\n\n<section class=\"orange2-section\">\n\t<div class=\"anchor\" id=\"fee-structure\"><\/div>\n\t<div class=\"section-inner\">\n\t<div class=\"planWrap\">\n\t<h3>Honorarstruktur<\/h3>\n\t<ul class=\"plan\">\n\t\t<li class=\"txt-left\">\n\t\t\t<div class=\"plan-inner\">\n\t\t\t<div class=\"plan-header\">\n\t\t\t<h4 class=\"plan-title\">Timepris<\/h4>\n\t\t\t<div class=\"plan-price\"><span class=\"price-figure\">$300<\/span>per time<span class=\"price-tax\"><\/span><\/div>\n\t\t\t<\/div>\n\t\t\t<div class=\"plan-body\">I visse tilfeller kan vi vurdere \u00e5 akseptere en tvist eller et s\u00f8ksm\u00e5l med et oppstartshonorar og et resultatbasert honorar. For mer informasjon, vennligst ta kontakt med oss.<\/div>\n\t\t\t<\/div>\n\t\t<\/li>\n\t\t<li class=\"txt-left\">\n\t\t\t<div class=\"plan-inner\">\n\t\t\t<div class=\"plan-header\">\n\t\t\t<h4 class=\"plan-title\">Utarbeidelse av Kontrakter<\/h4>\n\t\t\t<div class=\"plan-price\"><span class=\"price-value\">fra<\/span><span class=\"price-figure\">$500<\/span><span class=\"price-value\">til $2,000 eller mer<\/span><span class=\"price-tax\"><\/span><\/div>\n\t\t\t<\/div>\n\t\t\t<div class=\"plan-body\">Prisstrukturen kan variere basert p\u00e5 typen og antallet kontrakter. Vi tilbyr gjerne et forel\u00f8pig kostnadsoverslag ved foresp\u00f8rsel, s\u00e5 vi oppfordrer deg til \u00e5 kontakte oss for ytterligere detaljer.<\/div>\n\t\t\t<\/div>\n\t\t<\/li>\n\t\t<li class=\"txt-left\">\n\t\t\t<div class=\"plan-inner\">\n\t\t\t<div class=\"plan-header\">\n\t\t\t<h4 class=\"plan-title\">Andre Tjenester<\/h4>\n\t\t\t<div class=\"plan-price\"><span class=\"price-figure\">Kontakt Oss<\/span><\/div>\n\t\t\t<\/div>\n\t\t\t<div class=\"plan-body\">Vi tilbyr et bredt spekter av tjenester, inkludert selskapsdannelse, kontraktsvurdering, juridiske uttalelser, saksgjennomgang eller forskningsbrev. Hvis du har noen sp\u00f8rsm\u00e5l eller bekymringer, inviterer vi deg hjertelig til \u00e5 kontakte oss, og v\u00e5rt kunnskapsrike team vil v\u00e6re glade for \u00e5 assistere deg.<\/div>\n\t\t\t<\/div>\n\t\t\t<\/div>\n\t\t<\/li>\n\t<\/ul>\n\t<\/div>\n\t<\/div>\n<\/section>\n\n<section class=\"white-section\">\n\t<div class=\"section-inner\">\n\t\t<div class=\"btn-area\">\n\t\t\t<div class=\"btn icon-contact\"><a href=\"\/no\/contact\">Kontakt Oss<\/a><\/div>\n\t\t<\/div>\n\t<\/div>\n<\/section>\n","protected":false},"excerpt":{"rendered":"<p>Systemutvikling Spesialisert systemutvikling involverer ofte komplekse problemer og forhandlinger i kontraktsforhandlinger. Vi er klare til \u00e5 st\u00f8tte selskapet ditt ved \u00e5 bruke v\u00e5r kunnskap ikke bare s [&hellip;]<\/p>\n","protected":false},"author":1,"featured_media":57152,"parent":0,"menu_order":7,"comment_status":"closed","ping_status":"closed","template":"other-page-temp.php","meta":{"footnotes":""},"acf":[],"_links":{"self":[{"href":"https:\/\/monolith.law\/no\/wp-json\/wp\/v2\/pages\/32253"}],"collection":[{"href":"https:\/\/monolith.law\/no\/wp-json\/wp\/v2\/pages"}],"about":[{"href":"https:\/\/monolith.law\/no\/wp-json\/wp\/v2\/types\/page"}],"author":[{"embeddable":true,"href":"https:\/\/monolith.law\/no\/wp-json\/wp\/v2\/users\/1"}],"replies":[{"embeddable":true,"href":"https:\/\/monolith.law\/no\/wp-json\/wp\/v2\/comments?post=32253"}],"version-history":[{"count":34,"href":"https:\/\/monolith.law\/no\/wp-json\/wp\/v2\/pages\/32253\/revisions"}],"predecessor-version":[{"id":72947,"href":"https:\/\/monolith.law\/no\/wp-json\/wp\/v2\/pages\/32253\/revisions\/72947"}],"wp:featuredmedia":[{"embeddable":true,"href":"https:\/\/monolith.law\/no\/wp-json\/wp\/v2\/media\/57152"}],"wp:attachment":[{"href":"https:\/\/monolith.law\/no\/wp-json\/wp\/v2\/media?parent=32253"}],"curies":[{"name":"wp","href":"https:\/\/api.w.org\/{rel}","templated":true}]}}