{"id":32408,"date":"2023-11-07T23:20:29","date_gmt":"2023-11-07T14:20:29","guid":{"rendered":"https:\/\/monolith.law\/?page_id=32408"},"modified":"2024-01-29T18:30:55","modified_gmt":"2024-01-29T09:30:55","slug":"m-and-a","status":"publish","type":"page","link":"https:\/\/monolith.law\/no\/m-and-a","title":{"rendered":"M&amp;A"},"content":{"rendered":"\n<section class=\"heading-area\">\n\t<div class=\"heading-area-inner\">\n\t\t<h2 class=\"icon-m-and-a\">M&amp;A<\/h2>\n\t\t<p>MONOLITH LAW OFFICE har h\u00e5ndtert en rekke egenkapital- og M&amp;A-relaterte juridiske saker med fokus p\u00e5 IT, inkludert apper og nettjenester. Vi er i stand til \u00e5 h\u00e5ndtere juridisk due diligence (DD) i forbindelse med bedriftsoppkj\u00f8p og andre situasjoner.<\/p>\n\t<\/div>\n<\/section>\n\n<section class=\"white-section\">\n\t<div class=\"section-inner pdt0 border-bottom-section\">\n\t\t<p>MONOLITH LAW OFFICE har h\u00e5ndtert en rekke M&amp;A-transaksjoner, inkludert virksomhetsoverdragelser, egenkapitalrelaterte juridiske saker som tredjepartsallokering av aksjer, utstedelse av aksjeopsjoner, management buyouts (MBO) og etablering av joint ventures (JV), samt tvistel\u00f8sning relatert til disse transaksjonene, hovedsakelig innen IT-sektoren, inkludert apper og nettjenester. Videre har vi et system for \u00e5 h\u00e5ndtere s\u00e5kalt juridisk due diligence (DD), som er en juridisk unders\u00f8kelse for \u00e5 bekrefte om det finnes noen spesielt alvorlige juridiske problemer i situasjoner som bedriftsoppkj\u00f8p.<\/p>\n\t<\/div>\n<\/section>\n\n<section class=\"second-nav\">\n\t<div class=\"second-nav-inner\">\n\t\t<p>EMNER<\/p>\n\t\t<nav>\n\t\t\t<ul>\n\t\t\t\t<li><a href=\"#examples-of-support-provided-by-our-firm\">Eksempler p\u00e5 st\u00f8tte fra v\u00e5r firma<\/a><\/li>\n\t\t\t\t<li><a href=\"#share-and-capital-increase\">Aksje- og kapital\u00f8kning<\/a><\/li>\n\t\t\t\t<li><a href=\"#ma-related-legal-affairs\">M&amp;A-relaterte juridiske saker<\/a><\/li>\n\t\t\t\t<li><a href=\"#ma-of-sns-such-as-youtube\">M&amp;A av SNS som YouTube<\/a><\/li>\n\t\t\t\t<li><a href=\"#one-stop-service-in-cooperation-with-judicial-scriveners\">One-stop service i samarbeid med juridiske skrivere<\/a><\/li>\n\t\t\t\t<li><a href=\"#legal-due-diligence-dd-support\">St\u00f8tte for juridisk due diligence (DD)<\/a><\/li>\n\t\t\t\t<li><a href=\"#legal-due-diligence-cases-we-have-handled\">Saker vi har h\u00e5ndtert innen juridisk due diligence<\/a><\/li>\n\t\t\t\t<li><a href=\"#disputes-related-to-stocks-and-investments\">Tvister relatert til aksjer og investeringer<\/a><\/li>\n\t\t\t\t<li><a href=\"#monolith-law-magazine\">MONOLITH LAW MAGAZINE<\/a><\/li>\n\t\t\t\t<li><a href=\"#fee-structure\">Gebyrstruktur<\/a><\/li>\n\t\t\t<\/ul>\n\t\t<\/nav>\n\t<\/div>\n<\/section>\n\n<section class=\"white-section\">\n\t<div class=\"anchor\" id=\"examples-of-support-provided-by-our-firm\"><\/div>\n\t<div class=\"section-inner-bottomhalf\">\n\t\t<h3 class=\"mgb-middle\">Eksempel p\u00e5 st\u00f8tte fra v\u00e5r firma<\/h3>\n\t\t<ul class=\"mgb-small layout-column4\">\n\t\t\t<li>\n\t\t\t\t<h4>Kapital\u00f8kning gjennom tredjepartsallokering<\/h4>\n\t\t\t\t<div><img decoding=\"async\" src=\"\/wp-content\/themes\/monolith2021\/img\/stockrelatedlaw\/stockrelatedlaw_support_pic1.jpg\"><\/div>\n\t\t\t\t<p>Vi har bist\u00e5tt mange oppstartsbedrifter med \u00e5 \u00f8ke kapital gjennom tredjepartsallokering. Vi har ogs\u00e5 bist\u00e5tt et b\u00f8rsnotert selskap med deres f\u00f8rste venturekapitalinvestering ved \u00e5 utarbeide et term sheet og en investeringsavtale.<\/p>\n\t\t\t<\/li>\n\t\t\t<li>\n\t\t\t\t<h4>Management Buyout (MBO)<\/h4>\n\t\t\t\t<div><img decoding=\"async\" src=\"\/wp-content\/themes\/monolith2021\/img\/stockrelatedlaw\/stockrelatedlaw_support_pic2.jpg\"><\/div>\n\t\t\t\t<p>Vi har jobbet med oppstartselskaper som hadde problemer med kapitalrelasjoner for \u00e5 utvikle strategier og utarbeide ulike avtaler for management buyouts (MBOs). Dette inkluderte \u00e5 skaffe finansiering, etablere en ny juridisk enhet som et kj\u00f8ret\u00f8y for transaksjonen, og la den nye juridiske enheten kj\u00f8pe aksjer fra eksisterende aksjon\u00e6rer.<\/p>\n\t\t\t<\/li>\n\t\t\t<li>\n\t\t\t\t<h4>Etablering av Joint Ventures<\/h4>\n\t\t\t\t<div><img decoding=\"async\" src=\"\/wp-content\/themes\/monolith2021\/img\/stockrelatedlaw\/stockrelatedlaw_support_pic3.jpg\"><\/div>\n\t\t\t\t<p>Vi har arbeidet med oppstartselskaper om etableringen av joint ventures (JVs), der et oppstartselskap og et stort forretningsforetak eier aksjer i samme selskap, ved \u00e5 utforme term sheets, forhandle kontrakter og overf\u00f8re virksomheten fra oppstartselskapet til det nyetablerte selskapet.<\/p>\n\t\t\t\t<\/li>\n\t\t\t<li>\n\t\t\t\t<h4>Rettsaker relatert til aksjer<\/h4>\n\t\t\t\t<div><img decoding=\"async\" src=\"\/wp-content\/themes\/monolith2021\/img\/stockrelatedlaw\/stockrelatedlaw_support_pic4.jpg\"><\/div>\n\t\t\t\t<p>Vi har h\u00e5ndtert saker der et oppstartselskap mottok investering fra en privat investor og gyldigheten av investeringskontrakten ble senere bestridt, og saker der grunnleggeren av et vellykket oppkj\u00f8psselskap senere ble hevdet \u00e5 ha misligholdt sine forpliktelser og mottok et krav om erstatning fra selskapet han hadde solgt aksjene til, fra forhandlinger utenfor retten til rettssaker.<\/p>\n\t\t\t<\/li>\n\t\t<\/ul>\n\t<\/div>\n<\/section>\n\n<section class=\"white-section\">\n\t<div class=\"section-inner-tophalf\">\n\t\t<div class=\"frame2 max-width860 txt-center-pc\">\n\t\t\t<p class=\"bold txt-l\">Vi har fungert som juridisk r\u00e5dgiver for en rekke IT-oppstartselskaper.<br>Eierandel og M&amp;A-relatert juridisk arbeid er et av v\u00e5re hovedomr\u00e5der.<\/p>\n\t\t<\/div>\n\t<\/div>\n<\/section>\n\n<section class=\"white-section mgb-section80\">\n\t<div class=\"anchor\" id=\"share-and-capital-increase\"><\/div>\n\t<div class=\"section-inner-black\">\n\t\t<h3>Aksje- og kapital\u00f8kning<\/h3>\n\t\t<p class=\"mgb-middle\">N\u00e5r det gjelder utstedelse av aksjer gjennom tredjepartsallokering, h\u00e5ndterer vi alt fra forberedelse av term sheets til utarbeidelse av investeringsavtaler og aksjon\u00e6ravtaler. Vi h\u00e5ndterer ogs\u00e5 utformingen av klasseaksjer som fastsetter foretrukket distribusjon, osv., utstedelse av aksjeervervrettigheter, grunnlegger-til-grunnlegger-avtaler, overf\u00f8ring av aksjer, og diverse andre egenkapitalrelaterte strategier og kontrakter, osv.<\/p>\n\n\n\n\t<\/div>\n<\/section>\n\n<section class=\"white-section mgb-section100\">\n\t<div class=\"anchor\" id=\"ma-related-legal-affairs\"><\/div>\n\t<div class=\"section-inner-black\">\n\t\t<h3>M&amp;A Relaterte Juridiske Saker<\/h3>\n\t\t<p class=\"mgb-middle\">Vi har omfattende erfaring med M&amp;A-transaksjoner i bred forstand av begrepet, hovedsakelig innen IT-feltet, inkludert forretningsoverf\u00f8ringer av nettjenester og applikasjoner, og oppkj\u00f8p av oppstartsselskaper. Vi har ogs\u00e5 fungert som en klient for et selskap notert p\u00e5 Tokyo Stock Exchange Prime i overf\u00f8ringen av sin IT-systemvirksomhet fra et oppstartsselskap.<\/p>\n\n\n\n\t<\/div>\n<\/section>\n\n<section class=\"purple-section\">\n\t<div class=\"anchor\" id=\"ma-of-sns-such-as-youtube\"><\/div>\n\t<div class=\"section-inner\">\n\t\t<div class=\"flex reverse\">\n\t\t\t<div class=\"width41\"><img decoding=\"async\" src=\"\/wp-content\/themes\/monolith2021\/img\/pic\/pic_sns_manda.jpg\" alt=\"M&amp;A av SNS som YouTube\"><\/div>\n\t\t\t<div class=\"width51\">\n\t\t\t\t<h3>M&amp;A av SNS som YouTube<\/h3>\n\t\t\t\t<p class=\"mgb-small\">YouTube-kanaler og Twitter-kontoer er gjenstand for M&amp;A, akkurat som nettsteder, osv. Imidlertid, p\u00e5 grunn av den spesielle naturen til disse M&amp;A-transaksjonene, kreves det et advokatfirma med spesialisert kunnskap og know-how.<\/p>\n\t\t\t\t<p class=\"mgb-small\">V\u00e5rt firma har h\u00e5ndtert mange M&amp;A-transaksjoner for YouTube-kanaler og andre, fra sm\u00e5 bel\u00f8p til de som involverer mer enn 100 millioner yen, og tilbyr juridiske tjenester som strekker seg fra utarbeidelse av kontrakter til due diligence (DD).<\/p>\n\t\t\t\t<div class=\"btn-area align-left\">\n\t\t\t\t\t\n\t\t\t\t<\/div>\n\t\t\t<\/div>\n\t\t<\/div>\n\t<\/div>\n<\/section>\n\n<section class=\"white-section\">\n\t<div class=\"anchor\" id=\"one-stop-service-in-cooperation-with-judicial-scriveners\"><\/div>\n\t<div class=\"section-inner\">\n\t\t<div class=\"flex\">\n\t\t\t<div class=\"width41\"><img decoding=\"async\" src=\"\/wp-content\/themes\/monolith2021\/img\/stockrelatedlaw\/stockrelatedlaw_pic2.jpg\" alt=\"One-stop Service in Cooperation with Judicial Scriveners\"><\/div>\n\t\t\t<div class=\"width51\">\n\t\t\t\t<h3>Enkeltpunktservice i samarbeid med juridiske skrivere<\/h3>\n\t\t\t\t<p class=\"mgb-small\">Ulike typer arbeid, som tredjeparts tildeling av nye aksjer, er i stor grad delt inn i forberedelse av term sheet, kontraktsforhandlinger, og forberedelse av investeringsavtaler og aksjon\u00e6ravtaler, hvor advokater har ekspertise, og registreringsrelatert arbeid, hvor juridiske skrivere har ekspertise.<\/p>\n\t\t\t\t<p class=\"mgb-small\">Og siden disse er sammenhengende, blir kommunikasjonskostnadene oppbl\u00e5st hvis klienter m\u00e5 h\u00e5ndtere flere firmaer separat.<\/p>\n\t\t\t\t<p>MONOLITH LAW OFFICE, i samarbeid med juridiske skrivere, kan h\u00e5ndtere alle disse tjenestene p\u00e5 ett enkelt kontaktpunkt og p\u00e5 en samordnet m\u00e5te.<\/p>\n\t\t\t<\/div>\n\t\t<\/div>\n\t<\/div>\n<\/section>\n\n<section class=\"orange-section\">\n\t<div class=\"anchor\" id=\"legal-due-diligence-dd-support\"><\/div>\n\t<div class=\"section-inner\">\n\t\t<div class=\"flex reverse\">\n\t\t\t<div class=\"width41\"><img decoding=\"async\" src=\"\/wp-content\/themes\/monolith2021\/img\/pic\/pic_legalduediligence.jpg\" alt=\"Legal Due Diligence Support\"><\/div>\n\t\t\t<div class=\"width51\">\n\t\t\t\t<h3>St\u00f8tte til Juridisk Due Diligence<\/h3>\n\t\t\t\t<p class=\"mgb-small\">Ved bedriftskj\u00f8p og andre situasjoner er juridisk due diligence (DD) en juridisk unders\u00f8kelse for \u00e5 fastsl\u00e5 om det er noen spesielt alvorlige juridiske problemer i f\u00f8lgende omr\u00e5der: selskapsdannelse, selskapsstruktur, aksjer, aksjon\u00e6rer, tilknyttede selskaper, fusjoner og oppkj\u00f8p (M&#038;A), eiendom, l\u00f8s\u00f8re, immaterielle rettigheter, finans, kontrakter, rettssaker og tvister, overholdelse, og s\u00e5 videre. Due diligence (DD) er en oppgave som krever organisatoriske ferdigheter fra advokatfirmaer. V\u00e5rt team av 30 advokater er i stand til \u00e5 gjennomf\u00f8re slik juridisk due diligence og forberede DD-rapporter p\u00e5 en rettidig m\u00e5te.<\/p>\n\t\t\t\t<p><span class=\"bold\">*N\u00e5r en DD-rapport blir forberedt, tar det generelt mer enn 30 timer av advokatens tid (advokatens honorarer p\u00e5 litt over $12,000).<\/span><\/p>\n\t\t\t<\/div>\n\t\t<\/div>\n\t<\/div>\n<\/section>\n\n<section class=\"orange2-section\">\n\t<div class=\"anchor\" id=\"legal-due-diligence-cases-we-have-handled\"><\/div>\n\t<div class=\"section-inner\">\n\t\t<h3>Saker vi har h\u00e5ndtert innen juridisk due diligence<\/h3>\n\t\t<p class=\"mgb-small\">Omfanget av due diligence inkluderer vanligvis saker som danner grunnlaget for selskaper eller forretningsdrift, samt de som har en betydelig innvirkning p\u00e5 selskapsaktiviteter.<\/p>\n\t\t<p class=\"mgb-small\">Spesifikt inneb\u00e6rer det \u00e5 vurdere i forhold til selskapsstruktur og styring om selskaper eller virksomheter kan opprettholde seg selv, identifisere n\u00f8dvendige juridiske reguleringer og tillatelser for at selskaper og virksomheter skal kunne g\u00e5 videre, og avgj\u00f8re om vedlikehold av slike tillatelser er gjennomf\u00f8rbart. Videre inneb\u00e6rer det \u00e5 evaluere statusen til viktige eiendeler og forpliktelser relatert til forretningsdriften, finne ut frav\u00e6ret av essensielle kontrakter (inkludert arbeidskontrakter og transaksjoner med tilknyttede parter), vurdere gjennomf\u00f8rbarheten av deres fortsettelse p\u00e5 gunstige vilk\u00e5r, og evaluere den potensielle innvirkningen av manifesterte risikoer som kan oppst\u00e5.<\/p>\n\t\t<p class=\"mgb-middle\">Mens den er grunnleggende forankret i disse aspektene, er omfanget av juridisk due diligence underlagt spesifikke punkter tilpasset selskapets eller virksomhetens natur.<\/p>\n\t\t<ol class=\"layout-datalist\">\n\t\t\t<li>\n\t\t\t\t<h4>En teknologisk oppstartsvirksomhet<\/h4>\n\t\t\t\t<p>Starter med forskning i selskapsstrukturen, inkludert utstedelse av aksjer og sammensetningen av aksjon\u00e6rer og direkt\u00f8rer, legger vi ogs\u00e5 vekt p\u00e5 en n\u00f8ye unders\u00f8kelse av patenterte oppfinnelser og andre rettigheter relatert til hovedvirksomheten, analysevirksomheten.<\/p>\n\t\t\t<\/li>\n\t\t\t<li>\n\t\t\t\t<h4>Et medieh\u00e5ndteringsselskap<\/h4>\n\t\t\t\t<p>Vi unders\u00f8kte deres YouTube-kanaler for \u00e5 se om de opererte i samsvar med vilk\u00e5rene for tjenesten og personvernreglene, samt om videoinnholdet de tidligere hadde publisert overholdt opphavsretts- og reklamebestemmelser.<\/p>\n\t\t\t<\/li>\n\t\t\t<li>\n\t\t\t\t<h4>Et IT-selskap basert p\u00e5 kontrakter<\/h4>\n\t\t\t\t<p>Ettersom det ble identifisert en avvik mellom vedtektene og den faktiske situasjonen ang\u00e5ende utstedelse av aksjer og avholdelse av aksjon\u00e6rm\u00f8ter, klargjorde vi risikoene forbundet med disse problemene, samt hjalp med \u00e5 implementere fremtidige mottiltak.<\/p>\n\t\t\t<\/li>\n\t\t\t<li>\n\t\t\t\t<h4>PC-relaterte forhandlere<\/h4>\n\t\t\t\t<p>I stedet for \u00e5 fokusere kun p\u00e5 selve virksomheten, vurderte vi ogs\u00e5 statusen for transaksjoner med andre selskaper og statusen for kontrakter for kj\u00f8p av selskapets produkter. I tillegg, med tanke p\u00e5 at selskapet ogs\u00e5 var engasjert i byggekontrakter, bekreftet vi n\u00f8ye detaljene i lisenser og tillatelser relatert til fortsettelsen av byggevirksomheten og deres fornyelsesstatus, inkludert plasseringen av den ansvarlige parten.<\/p>\n\t\t\t<\/li>\n\t\t\t<li>\n\t\t\t\t<h4>PC-relaterte produsenter<\/h4>\n\t\t\t\t<p>I tillegg til \u00e5 unders\u00f8ke arbeidsforhold som arbeidsregler og l\u00f8nnsreguleringer, gitt at selskapet eide flere arbeidsrelaterte maskiner, fabrikker og land, unders\u00f8kte vi n\u00f8ye rettighetene og anskaffelsesverdien av slike ogs\u00e5.<\/p>\n\t\t\t<\/li>\n\t\t<\/ol>\n\t<\/div>\n<\/section>\n\n<section class=\"white-section\">\n\t<div class=\"anchor\" id=\"disputes-related-to-stocks-and-investments\"><\/div>\n\t<div class=\"section-inner\">\n\t\t<div class=\"flex\">\n\t\t\t<div class=\"width41\"><img decoding=\"async\" src=\"\/wp-content\/themes\/monolith2021\/img\/stockrelatedlaw\/stockrelatedlaw_pic4.jpg\" alt=\"Tvister relatert til aksjer og investeringer\"><\/div>\n\t\t\t<div class=\"width51\">\n\t\t\t\t<h3>Tvister knyttet til aksjer og investeringer<\/h3>\n\t\t\t\t<p>Vi har stor ekspertise i \u00e5 l\u00f8se problemer og tvister knyttet til investeringer og andre saker, som strekker seg fra s\u00f8ksm\u00e5l mellom selskaper og aksjon\u00e6rer, som aksjon\u00e6rderiverte s\u00f8ksm\u00e5l, til problemer knyttet til kapital\u00f8kninger, oppkj\u00f8p, og andre saker.<\/p>\n\t\t\t<\/div>\n\t\t<\/div>\n\t<\/div>\n<\/section>\n\n<section class=\"purple2-section\">\n\t<div class=\"anchor\" id=\"monolith-law-magazine\"><\/div>\n\t<div class=\"section-inner\">\n\t\t    <section class=\"white-section temp-article\">\n        <div class=\"section-inner\">\n            <h4>MONOLITH LAW MAGAZINE<\/h4>\n            <div class=\"articles type_practice_column\">\n                                                                    <div class=\"article article-area\">\n                        <figure>\n                            <div class=\"img-wrap\">\n                                <img alt=\"Fordeler og ulemper ved ikke-offentliggj\u00f8ring av administrerende direkt\u00f8rers adresser i registreringer, gjennomf\u00f8rt i oktober (2024) i Reiwa 6 (2024)\" src=\"https:\/\/monolith.law\/no\/wp-content\/uploads\/sites\/27\/2024\/07\/shutterstock_446633164-1.webp\" width=\"500\" height=\"250\">\n                            <\/div>\n                            <figcaption>\n                                <div class=\"figcaption-inner\">\n                                    <h3>Fordeler og ulemper ved ikke-offentliggj\u00f8ring av administrerende direkt\u00f8rers adr.<\/h3>\n                                <\/div>\n                            <\/figcaption>\n                            <a href=\"https:\/\/monolith.law\/no\/general-corporate\/ceo-address-hidden\"><\/a>\n                        <\/figure>\n                    <\/div>\n                                                    <div class=\"article article-area\">\n                        <figure>\n                            <div class=\"img-wrap\">\n                                <img alt=\"Hva er internasjonal juridisk arbeid n\u00f8dvendig for \u00e5 ekspandere til utlandet? En forklaring p\u00e5 n\u00f8dvendige ferdigheter og arbeidsoppgaver\" src=\"https:\/\/monolith.law\/no\/wp-content\/uploads\/sites\/27\/2024\/07\/strategy.webp\" width=\"500\" height=\"250\">\n                            <\/div>\n                            <figcaption>\n                                <div class=\"figcaption-inner\">\n                                    <h3>Hva er internasjonal juridisk arbeid n\u00f8dvendig for \u00e5 ekspandere til utlandet? En.<\/h3>\n                                <\/div>\n                            <\/figcaption>\n                            <a href=\"https:\/\/monolith.law\/no\/general-corporate\/international-legal-affairs\"><\/a>\n                        <\/figure>\n                    <\/div>\n                                                    <div class=\"article article-area\">\n                        <figure>\n                            <div class=\"img-wrap\">\n                                <img alt=\"Grundig forklaring av n\u00f8kkelpunktene japanske bedrifter b\u00f8r vurdere ved ekspansjon til utlandet\" src=\"https:\/\/monolith.law\/no\/wp-content\/uploads\/sites\/27\/2024\/07\/careerwoman.webp\" width=\"500\" height=\"250\">\n                            <\/div>\n                            <figcaption>\n                                <div class=\"figcaption-inner\">\n                                    <h3>Grundig forklaring av n\u00f8kkelpunktene japanske bedrifter b\u00f8r vurdere ved ekspansj.<\/h3>\n                                <\/div>\n                            <\/figcaption>\n                            <a href=\"https:\/\/monolith.law\/no\/general-corporate\/overseas-expansion-law\"><\/a>\n                        <\/figure>\n                    <\/div>\n                                            <\/div>\n            <div class=\"btn-more\"><a href=\"https:\/\/monolith.law\/no\/tag\/m-and-a\">Read More<\/a><\/div>\n        <\/div>\n    <\/section>\n\t<\/div>\n<\/section>\n\n<section class=\"orange2-section\">\n\t<div class=\"anchor\" id=\"fee-structure\"><\/div>\n\t<div class=\"section-inner\">\n\t<div class=\"planWrap\">\n\t<h3>Prisstruktur<\/h3>\n\t<ul class=\"plan\">\n\t\t<li class=\"txt-left\">\n\t\t\t<div class=\"plan-inner\">\n\t\t\t<div class=\"plan-header\">\n\t\t\t<h4 class=\"plan-title\">Timepris<\/h4>\n\t\t\t<div class=\"plan-price\"><span class=\"price-figure\">$300<\/span>per time<span class=\"price-tax\"><\/span><\/div>\n\t\t\t<\/div>\n\t\t\t<div class=\"plan-body\">I visse tilfeller kan vi vurdere \u00e5 akseptere en tvist eller et s\u00f8ksm\u00e5l med et oppstartshonorar og et resultatbasert honorar. For mer informasjon, vennligst ta kontakt med oss.<\/div>\n\t\t\t<\/div>\n\t\t<\/li>\n\t\t<li class=\"txt-left\">\n\t\t\t<div class=\"plan-inner\">\n\t\t\t<div class=\"plan-header\">\n\t\t\t<h4 class=\"plan-title\">Utarbeidelse av Kontrakter<\/h4>\n\t\t\t<div class=\"plan-price\"><span class=\"price-value\">fra<\/span><span class=\"price-figure\">$500<\/span><span class=\"price-value\">til $2,000 eller mer<\/span><span class=\"price-tax\"><\/span><\/div>\n\t\t\t<\/div>\n\t\t\t<div class=\"plan-body\">Prisstrukturen kan variere basert p\u00e5 typen og antallet kontrakter. Vi tilbyr gjerne et forel\u00f8pig kostnadsoverslag ved foresp\u00f8rsel, s\u00e5 vi oppfordrer deg til \u00e5 kontakte oss for ytterligere detaljer.<\/div>\n\t\t\t<\/div>\n\t\t<\/li>\n\t\t<li class=\"txt-left\">\n\t\t\t<div class=\"plan-inner\">\n\t\t\t<div class=\"plan-header\">\n\t\t\t<h4 class=\"plan-title\">Andre Tjenester<\/h4>\n\t\t\t<div class=\"plan-price\"><span class=\"price-figure\">Kontakt Oss<\/span><\/div>\n\t\t\t<\/div>\n\t\t\t<div class=\"plan-body\">Vi tilbyr et bredt spekter av tjenester, inkludert selskapsdannelse, kontraktsvurdering, juridiske uttalelser, saksgjennomgang eller forskningsbrev. Hvis du har noen sp\u00f8rsm\u00e5l eller bekymringer, inviterer vi deg hjertelig til \u00e5 kontakte oss, og v\u00e5rt kunnskapsrike team vil v\u00e6re glade for \u00e5 assistere deg.<\/div>\n\t\t\t<\/div>\n\t\t\t<\/div>\n\t\t<\/li>\n\t<\/ul>\n\t<\/div>\n\t<\/div>\n<\/section>\n\n<section class=\"white-section\">\n\t<div class=\"section-inner\">\n\t\t<div class=\"btn-area\">\n\t\t\t<div class=\"btn icon-contact\"><a href=\"\/no\/contact\">Kontakt Oss<\/a><\/div>\n\t\t<\/div>\n\t<\/div>\n<\/section>\n","protected":false},"excerpt":{"rendered":"<p>M&amp;A MONOLITH LAW OFFICE har h\u00e5ndtert en rekke egenkapital- og M&amp;A-relaterte juridiske saker med fokus p\u00e5 IT, inkludert apper og nettjenester. Vi er i stand til \u00e5 h\u00e5ndtere juridisk due diligenc [&hellip;]<\/p>\n","protected":false},"author":1,"featured_media":57141,"parent":0,"menu_order":7,"comment_status":"closed","ping_status":"closed","template":"other-page-temp.php","meta":{"footnotes":""},"acf":[],"_links":{"self":[{"href":"https:\/\/monolith.law\/no\/wp-json\/wp\/v2\/pages\/32408"}],"collection":[{"href":"https:\/\/monolith.law\/no\/wp-json\/wp\/v2\/pages"}],"about":[{"href":"https:\/\/monolith.law\/no\/wp-json\/wp\/v2\/types\/page"}],"author":[{"embeddable":true,"href":"https:\/\/monolith.law\/no\/wp-json\/wp\/v2\/users\/1"}],"replies":[{"embeddable":true,"href":"https:\/\/monolith.law\/no\/wp-json\/wp\/v2\/comments?post=32408"}],"version-history":[{"count":33,"href":"https:\/\/monolith.law\/no\/wp-json\/wp\/v2\/pages\/32408\/revisions"}],"predecessor-version":[{"id":62882,"href":"https:\/\/monolith.law\/no\/wp-json\/wp\/v2\/pages\/32408\/revisions\/62882"}],"wp:featuredmedia":[{"embeddable":true,"href":"https:\/\/monolith.law\/no\/wp-json\/wp\/v2\/media\/57141"}],"wp:attachment":[{"href":"https:\/\/monolith.law\/no\/wp-json\/wp\/v2\/media?parent=32408"}],"curies":[{"name":"wp","href":"https:\/\/api.w.org\/{rel}","templated":true}]}}