{"id":4096,"date":"2023-11-11T23:50:29","date_gmt":"2023-11-11T14:50:29","guid":{"rendered":"https:\/\/monolith.law\/?page_id=4096"},"modified":"2023-12-28T13:55:05","modified_gmt":"2023-12-28T04:55:05","slug":"overview-of-our-firm","status":"publish","type":"page","link":"https:\/\/monolith.law\/no\/overview-of-our-firm","title":{"rendered":"Oversikt over V\u00e5rt Firma"},"content":{"rendered":"\n<section class=\"heading-area\">\n\t<div class=\"heading-area-inner\">\n\t\t<h2 class=\"icon-overview-of-our-firm\">Oversikt over V\u00e5rt Firma<\/h2>\n\t\t<p>MONOLITH LAW OFFICE er et Tokyo-basert japansk advokatfirma med ekspertise innen IT, internett og forretningsfelt, best\u00e5ende av IT-spesialister, inkludert grunnleggende advokat som har en omfattende bakgrunn som IT-ingeni\u00f8r.<\/p>\n\t<\/div>\n<\/section>\n<section class=\"white-section\">\n\t<div class=\"section-inner pdt0 border-bottom-section\">\n\t\t<p>V\u00e5r grunnleggende advokat, Toki Kawase, har v\u00e6rt interessert i programmering siden tredje klasse p\u00e5 barneskolen, og har jobbet i IT-industrien som universitetsstudent. I tjue\u00e5rene opplevde han \u00e5 administrere oppstartsselskaper og st\u00f8rre virksomheter. Gjennom synergi av disse unike erfaringene har v\u00e5rt firma et team av IT-profesjonelle som hjelper med \u00e5 tilby l\u00f8sninger til v\u00e5re klienter. <br>MONOLITH LAW OFFICE tilbyr juridiske konsulenttjenester ved \u00e5 fullt ut utnytte sin styrke i IT-feltet. V\u00e5re klienter varierer fra toppniv\u00e5 selskaper til oppstartsselskaper i seed-fasen. Vi har omfattende erfaring med \u00e5 tilby IT-relaterte juridiske tjenester til ulike selskaper.<\/p>\n\t<\/div>\n<\/section>\n<section class=\"second-nav\">\n\t<div class=\"second-nav-inner\">\n\t\t<p>EMNER<\/p>\n\t\t<nav>\n\t\t\t<ul>\n\t\t\t\t<li><a href=\"#specialization-in-it\">Spesialisering i IT<\/a><\/li>\n\t\t\t\t<li><a href=\"#law-firm-at-otemachi-tokyo\">Advokatfirmaet i Otemachi, Tokyo<\/a><\/li>\n\t\t\t\t<li><a href=\"#what-is-a-monolith\">Hva er en Monolitt<\/a><\/li>\n\t\t\t\t<li><a href=\"#from-legal-advisor-to-it-specialized-lawyer\">Fra juridisk r\u00e5dgiver til IT-spesialisert advokat<\/a><\/li>\n\t\t\t\t<li><a href=\"#handling-cross-border-legal-matters\">H\u00e5ndtering av grenseoverskridende juridiske saker<\/a><\/li>\n\t\t\t\t<li><a href=\"#our-clients\">V\u00e5re Klienter<\/a><\/li>\n\t\t\t<\/ul>\n\t\t<\/nav>\n\t<\/div>\n<\/section>\n<section class=\"white-section\">\n\t<div class=\"anchor\" id=\"specialization-in-it\"><\/div>\n\t<div class=\"section-inner\">\n\t\t<div class=\"flex\">\n\t\t\t<div class=\"width41\"><img decoding=\"async\" src=\"\/wp-content\/uploads\/2023\/06\/about_pic1.jpg\" alt=\"Specialization in IT\"><\/div>\n\t\t\t<div class=\"width51\">\n\t\t\t\t<h3>Spesialisering innen IT<\/h3>\n\t\t\t\t<p class=\"mgb-small\">Vi er et Tokyo-basert japansk advokatfirma med spesiell styrke innen IT. Vi har ikke bare et team av advokater som spesialiserer seg p\u00e5 ulike omr\u00e5der innen IT, men vi har ogs\u00e5 et team av IT-konsulenter med omfattende kunnskap om IT. Gjennom synergi av jus og IT sikrer vi v\u00e5re klients beste interesser.<\/p>\n\t\t\t\t<p class=\"mgb-small\">V\u00e5r representantadvokat Toki Kawase begynte med programmering i tredje klasse p\u00e5 barneskolen. Toki har fordypet seg i IT-industrien, som han har v\u00e6rt en del av siden rett etter universitetsinngangen; og n\u00e6ringslivet, spesielt oppstartsselskaper og sm\u00e5 og mellomstore bedrifter, som han fikk erfaring med i 20-\u00e5rene. Dette er styrkene til Toki Kawase, v\u00e5r grunnleggende advokat, og praksisomr\u00e5dene til MONOLITH LAW OFFICE.<\/p>\n\t\t\t\t<p class=\"mgb-middle\">Ut fra disse perspektivene fokuserer MONOLITH LAW OFFICE p\u00e5 r\u00e5dgivning og andre tjenester med &#8220;IT&#8221; som et n\u00f8kkelord, fra topprangerte selskaper til oppstartsselskaper i tidlig fase, samt tjenester med &#8220;Internett&#8221; og &#8220;Forretning&#8221; som n\u00f8kkelord, fra internettjuridiske saker for b\u00f8rsnoterte selskaper til M&#038;A.<\/p>\n\t\t\t\t<div class=\"btn-area\">\n\t\t\t\t\t<div class=\"btn icon-services\"><a href=\"\/no\/services\">Tjenester<\/a><\/div>\n\t\t\t\t\t<div class=\"btn icon-people\"><a href=\"\/en\/people\">Personale [en]<\/a><\/div>\n\t\t\t\t<\/div>\n\t\t\t<\/div>\n\t\t<\/div>\n\t<\/div>\n<\/section>\n<section class=\"purple-section\">\n\t<div class=\"anchor\" id=\"law-firm-at-otemachi-tokyo\"><\/div>\n\t<div class=\"section-inner\">\n\t\t<div class=\"flex reverse\">\n\t\t\t<div class=\"width41\"><img decoding=\"async\" src=\"\/wp-content\/uploads\/2023\/06\/about_pic2.jpg\" alt=\"Law Firm at Otemachi, Tokyo\"><\/div>\n\t\t\t<div class=\"width51\">\n\t\t\t\t<div class=\"inline-inner\">\n\t\t\t\t\t<h3>Juridisk firma i Otemachi, Tokyo<\/h3>\n\t\t\t\t\t<p class=\"mgb-small\">MONOLITH LAW OFFICE er et japansk juridisk firma lokalisert i Otemachi, Chiyoda-ku, Tokyo.<\/p>\n\t\t\t\t\t<p class=\"mgb-small\">Vi har fungert som juridiske r\u00e5dgivere for omtrent 1087 IT-selskaper, fra oppstartsselskaper i tidlig fase til selskaper p\u00e5 TSE f\u00f8rste seksjon, som representerer de st\u00f8rste og mest prestisjefylte selskapene notert p\u00e5 Tokyo-b\u00f8rsen. Vi tilbyr juridiske tjenester til totalt 1855 klienter, med fokus p\u00e5 IT-relaterte juridiske saker som forebygging av omd\u00f8mmeskade, anti-diffamasjon, og tvister relatert til systemutvikling.<\/p>\n\t\t\t\t\t<p class=\"mgb-middle\">&#8220;Ekspertise innen IT og forretning&#8221; er det som gj\u00f8r oss spesielle.<\/p>\n\t\t\t\t\t<div class=\"btn-area\">\n\t\t\t\t\t\t<div class=\"btn icon-access\"><a href=\"\/no\/access\">Access<\/a><\/div>\n\t\t\t\t\t<\/div>\n\t\t\t\t<\/div>\n\t\t\t<\/div>\n\t\t<\/div>\n\t<\/div>\n<\/section>\n<section class=\"white-section\">\n\t<div class=\"anchor\" id=\"what-is-a-monolith\"><\/div>\n\t<div class=\"section-inner\">\n\t\t<div class=\"flex\">\n\t\t\t<div class=\"width41\"><img decoding=\"async\" src=\"\/wp-content\/themes\/monolith2021\/img\/about\/about_pic3.jpg\" alt=\"What is a Monolith\"><\/div>\n\t\t\t<div class=\"width51\">\n\t\t\t\t<h3>Hva er en Monolitt<\/h3>\n\t\t\t\t<p class=\"mgb-small\">Ordet &#8220;monolitt&#8221; er avledet fra latin, og betyr en enkelt eller isolert stein. I Stanley Kubricks film &#8220;2001: En romodyss\u00e9,&#8221; er de fremstilt som verkt\u00f8y for utenomjordisk intelligens, med rollen som \u00e5 katalysere menneskets evolusjon.<\/p>\n\t\t\t\t<p class=\"mgb-small\">MONOLITH LAW OFFICEs oppdrag er \u00e5 fremme utviklingen av IT og andre teknologier, samt sosiale systemer som en juridisk spesialist. MONOLITH arbeider for \u00e5 teste hypotesene som er reist av oppstartsselskaper, koordinere IT og jus i mottiltak mot skade p\u00e5 omd\u00f8mme samt tvistel\u00f8sning, og bygge glattere forretningssystemer.<\/p>\n\t\t\t\t<p class=\"mgb-small\">MONOLITH LAW OFFICE tror at loven katalyserer menneskehetens evolusjon gjennom teknologi og samfunn. <\/p>\n\t\t\t\t<p class=\"mgb-middle\">Det ultimate m\u00e5let til MONOLITH LAW OFFICE, er \u00e5 fremme utviklingen av IT, samfunn, og menneskeheten. <\/p>\n\t\t<\/div>\n\t<\/div>\n<\/section>\n<section class=\"orange-section\">\n\t<div class=\"anchor\" id=\"from-legal-advisor-to-it-specialized-lawyer\"><\/div>\n\t<div class=\"section-inner\">\n\t\t<div class=\"flex reverse\">\n\t\t\t<div class=\"width41\"><img decoding=\"async\" src=\"\/wp-content\/uploads\/2023\/06\/about_pic4.jpg\" alt=\"From \"><\/div>\n\t\t\t<div class=\"width51\">\n\t\t\t\t<h3>Fra juridisk r\u00e5dgiver til IT-juridiske spesialister<\/h3>\n\t\t\t\t<p class=\"mgb-small\">MONOLITH LAW OFFICE fremhever sine fordeler innen &#8220;IT-juridiske saker, internettjuridiske saker og forretningsjuridiske saker&#8221;. Vi tilbyr juridiske tjenester til mange selskaper med fokus p\u00e5 IT. Vi tilbyr to hovedtyper av juridiske tjenester.<\/p>\n\t\t\t\t<p class=\"mgb-small\">Den ene er en tjeneste basert p\u00e5 stillingen som &#8220;General Counsel&#8221; eller &#8220;Chief Legal Officer&#8221; for et IT-selskap. Siden selskapets hovedvirksomhet er IT-relatert, velges v\u00e5rt firma for sin evne til \u00e5 forst\u00e5 kundens IT-teknologi og forretninger.<\/p>\n\t\t\t\t<p class=\"mgb-small\">Den andre er \u00e5 arbeide som en &#8220;IT\/internett juridisk fagperson&#8221; for selskaper der IT ikke er deres kjernevirksomhet. Selv om IT ikke er kjernen i virksomheter som finans, eiendom og restauranter, kan de ikke lenger eksistere uten IT og internett. Vi tilbyr st\u00f8tte fra et juridisk perspektiv til selskaper i deres IT- og internettrelaterte operasjoner.<\/p>\n\t\t\t\t<p class=\"mgb-middle\">MONOLITH LAW OFFICE vil arbeide med deg i ulike stillinger basert p\u00e5 v\u00e5r h\u00f8ye ekspertise for \u00e5 st\u00f8tte utviklingen av din bedrift.<\/p>\n\t\t\t\t<div class=\"btn-area\">\n\t\t\t\t\t<div class=\"btn icon-general-corporate\"><a href=\"\/no\/services#general-corporate\">Generell Bedrift<\/a><\/div>\n\t\t\t\t\t<div class=\"btn icon-it\"><a href=\"\/no\/services#it\">IT<\/a><\/div>\n\t\t\t\t<\/div>\n\t\t\t<\/div>\n\t\t<\/div>\n\t<\/div>\n<\/section>\n<section class=\"white-section\">\n\t<div class=\"anchor\" id=\"handling-cross-border-legal-matters\"><\/div>\n\t<div class=\"section-inner\">\n\t\t<div class=\"flex\">\n\t\t\t<div class=\"width41\"><img decoding=\"async\" src=\"\/wp-content\/uploads\/2023\/06\/about_pic5.jpg\" alt=\"Handling cross-border legal matters\"><\/div>\n\t\t\t<div class=\"width51\">\n\t\t\t\t<h3>H\u00e5ndtering av tverrnasjonale juridiske saker<\/h3>\n\t\t\t\t<p class=\"mgb-small\">\u00c5 h\u00e5ndtere tverrnasjonale juridiske saker innen IT- og internettsektorene er v\u00e5r spesialitet. Ettersom globalisering og grenseoverskridende aktiviteter blir mer fremtredende, blir det avgj\u00f8rende \u00e5 ha riktig juridisk st\u00f8tte.<\/p>\n\t\t\t\t<p class=\"mgb-small\">For eksempel, n\u00e5r et japansk SaaS-selskap ekspanderer til internasjonale markeder, er det essensielt \u00e5 overholde lokale juridiske krav og reguleringer. P\u00e5 samme m\u00e5te, n\u00e5r man mottar utenlandske investeringer, er assistanse i utforming og forhandling av investeringsavtaler og relaterte juridiske dokumenter n\u00f8dvendig. P\u00e5 den annen side, for japanske selskaper som er involvert i utenlandske oppkj\u00f8p eller global ekspansjon, er det vitalt \u00e5 forst\u00e5 lokale lover og reguleringer. I tillegg krever overvinning av spr\u00e5klige og kulturelle barrierer i tilfeller som influencer-markedsf\u00f8ring og inbound ettersp\u00f8rsel at man adresserer lokale lover og kontraktsmessige forhold.<\/p>\n\t\t\t\t<p class=\"mgb-middle\">MONOLITH LAW OFFICE har styrket sine kapasiteter innen avanserte juridiske felt for \u00e5 m\u00f8te kravene til tverrnasjonal og globalisert virksomhet. Ved \u00e5 kombinere v\u00e5rt team av advokater med ingeni\u00f8rer og andre fagfolk, tilbyr vi omfattende st\u00f8tte, og utnytter teknisk kunnskap og juridisk ekspertise, for v\u00e5re klienters internasjonale ekspansjon og globale forretningsbestrebelser.<\/p>\n\t\t\t\t<div class=\"btn-area\">\n\t\t\t\t\t<div class=\"btn icon-cross-border\"><a href=\"\/no\/services#cross-border\">Cross-border<\/a><\/div>\n\t\t\t\t<\/div>\n\t\t\t<\/div>\n\t\t<\/div>\n\t<\/div>\n<\/section>\n<section class=\"purple-section\">\n\t<div class=\"anchor\" id=\"our-clients\"><\/div>\n\t<div class=\"section-inner\">\n\t\t<div class=\"flex reverse\">\n\t\t\t<div class=\"width41\"><img decoding=\"async\" src=\"\/wp-content\/uploads\/2019\/09\/beartail_kurosaki.jpg\" alt=\"Our Clients\"><\/div>\n\t\t\t<div class=\"width51\">\n\t\t\t\t<h3>V\u00e5re Klienter<\/h3>\n\t\t\t\t<p class=\"mgb-small\">MONOLITH LAW OFFICE tilbyr to hovedtyper av tjenester. Den ene er \u00e5 v\u00e6re en generell r\u00e5dgiver eller sjefs juridiske offiser for et IT- og oppstartsselskap, og h\u00e5ndtere selskapets samlede juridiske saker. Den andre er \u00e5 fungere som en &#8220;IT- og IP-advokat&#8221; for forskjellige selskaper, og h\u00e5ndtere selskapets IT- og IP-juridiske saker.<\/p>\n\t\t\t\t<p class=\"mgb-small\">Vi har mottatt f\u00f8lgende melding fra v\u00e5re klienter:<\/p>\n\t\t\t\t<p class=\"mgb-small\">&#8220;\u00c5 anta juridisk risiko krever en forst\u00e5else av teknologi, og MONOLITH LAW OFFICE er en profesjonell p\u00e5 dette omr\u00e5det.&#8221;<\/p>\n\t\t\t\t<p class=\"mgb-small\">&#8220;MONOLITH LAW OFFICE er nyttig fordi de jobber med oss for \u00e5 finne ut &#8216;hvordan kontrollere risiko&#8217; fra perspektivet til en bedriftsleder.&#8221;<\/p>\n\t\t\t\t<p class=\"mgb-middle\">&#8220;MONOLITH LAW OFFICE er b\u00e5de et advokatfirma og en ledelseskonsulent. De gir en juridisk basis for forklaringene sine.&#8221;<\/p>\n\t\t\t\t\n\t\t<\/div>\n\t<\/div>\n<\/section>\n","protected":false},"excerpt":{"rendered":"<p>Oversikt over V\u00e5rt Firma MONOLITH LAW OFFICE er et Tokyo-basert japansk advokatfirma med ekspertise innen IT, internett og forretningsfelt, best\u00e5ende av IT-spesialister, inkludert grunnleggende advoka [&hellip;]<\/p>\n","protected":false},"author":1,"featured_media":56658,"parent":0,"menu_order":1,"comment_status":"closed","ping_status":"closed","template":"other-page-temp.php","meta":{"footnotes":""},"acf":[],"_links":{"self":[{"href":"https:\/\/monolith.law\/no\/wp-json\/wp\/v2\/pages\/4096"}],"collection":[{"href":"https:\/\/monolith.law\/no\/wp-json\/wp\/v2\/pages"}],"about":[{"href":"https:\/\/monolith.law\/no\/wp-json\/wp\/v2\/types\/page"}],"author":[{"embeddable":true,"href":"https:\/\/monolith.law\/no\/wp-json\/wp\/v2\/users\/1"}],"replies":[{"embeddable":true,"href":"https:\/\/monolith.law\/no\/wp-json\/wp\/v2\/comments?post=4096"}],"version-history":[{"count":95,"href":"https:\/\/monolith.law\/no\/wp-json\/wp\/v2\/pages\/4096\/revisions"}],"predecessor-version":[{"id":62619,"href":"https:\/\/monolith.law\/no\/wp-json\/wp\/v2\/pages\/4096\/revisions\/62619"}],"wp:featuredmedia":[{"embeddable":true,"href":"https:\/\/monolith.law\/no\/wp-json\/wp\/v2\/media\/56658"}],"wp:attachment":[{"href":"https:\/\/monolith.law\/no\/wp-json\/wp\/v2\/media?parent=4096"}],"curies":[{"name":"wp","href":"https:\/\/api.w.org\/{rel}","templated":true}]}}