{"id":41151,"date":"2023-11-14T14:33:54","date_gmt":"2023-11-14T05:33:54","guid":{"rendered":"https:\/\/monolith.law\/?page_id=41151"},"modified":"2025-08-30T09:10:51","modified_gmt":"2025-08-30T00:10:51","slug":"home","status":"publish","type":"page","link":"https:\/\/monolith.law\/no\/","title":{"rendered":"MONOLITH LAW OFFICE | Tokyo, Japan"},"content":{"rendered":"\n<p>\n<\/p>\n\n\n\n<section class=\"white-section front-top\" data-delighter=\"\">\n\t<div class=\"section-inner\">\n\t<div class=\"top-logo\">\n\t<div class=\"base\"><\/div>\n\t<img decoding=\"async\" src=\"\/wp-content\/themes\/monolith2021\/img\/top\/top_logo_m.svg\" alt=\"M\" class=\"top-logo-1\">\n\t<img decoding=\"async\" src=\"\/wp-content\/themes\/monolith2021\/img\/top\/top_logo_o.svg\" alt=\"O\" class=\"top-logo-2\">\n\t<img decoding=\"async\" src=\"\/wp-content\/themes\/monolith2021\/img\/top\/top_logo_n.svg\" alt=\"N\" class=\"top-logo-3\">\n\t<img decoding=\"async\" src=\"\/wp-content\/themes\/monolith2021\/img\/top\/top_logo_o.svg\" alt=\"O\" class=\"top-logo-4\">\n\t<img decoding=\"async\" src=\"\/wp-content\/themes\/monolith2021\/img\/top\/top_logo_l.svg\" alt=\"L\" class=\"top-logo-5\">\n\t<img decoding=\"async\" src=\"\/wp-content\/themes\/monolith2021\/img\/top\/top_logo_i.svg\" alt=\"I\" class=\"top-logo-6\">\n\t<img decoding=\"async\" src=\"\/wp-content\/themes\/monolith2021\/img\/top\/top_logo_t.svg\" alt=\"T\" class=\"top-logo-7\">\n\t<img decoding=\"async\" src=\"\/wp-content\/themes\/monolith2021\/img\/top\/top_logo_h.svg\" alt=\"H\" class=\"top-logo-8\">\n\t<\/div>\n\t<p class=\"text1\"><strong>IT-evolusjon<\/strong><\/p>\n\t<p class=\"text2\">I dag er IT kjernen i moderne forretningsdrift, <br class=\"sp-none\">men \u00e5 bruke IT for virksomhet krever juridisk risikostyring.<br> Hos MONOLITH LAW OFFICE jobber v\u00e5rt team av advokater og IT-konsulenter sammen for \u00e5 l\u00f8se klientens problemer.<br class=\"sp-none\">V\u00e5r misjon er \u00e5 tenne IT-innovasjon og drivstoffvekst i Japan, og gir bedrifter muligheten til \u00e5 n\u00e5 uovertrufne h\u00f8yder.<\/p>\n\t\n\t<\/div>\n<\/section>\n<section class=\"white-section front-about\">\n\t<div class=\"section-inner\">\n\t<div class=\"text\">\n\t<p class=\"en\">OM MONOLITH LAW OFFICE<\/p>\n\t<h2>V\u00e5rt oppdrag som juridisk profesjonell med en IT-ingeni\u00f8rbakgrunn.<\/h2>\n\t<p class=\"text\">MONOLITH LAW OFFICE er et Tokyo-basert japansk advokatfirma som tilbyr IT-juridiske tjenester til en rekke selskaper.<br>Toki Kawase, v\u00e5r administrerende advokat, har jobbet som en frilans IT-ingeni\u00f8r siden han var universitetsstudent. Han har erfaring med \u00e5 etablere et IT-selskap og har ogs\u00e5 jobbet som en IT-ingeni\u00f8r. Toki har sett med egne \u00f8yne den betydelige veksten av oppstartsselskaper og andre selskaper gjennom IT, og de forskjellige risikoene som er involvert i prosessen. Han forst\u00e5r at for at IT kontinuerlig skal kunne gi store fordeler til selskaper i fremtiden, er det n\u00f8dvendig med et innovativt juridisk perspektiv.<br>Basert p\u00e5 denne erfaringen, har han grunnlagt MONOLITH LAW OFFICE, en organisasjon av h\u00f8yt spesialiserte advokater og IT-konsulenter for \u00e5 tilby en rekke l\u00f8sninger.<\/p>\n\t<\/div>\n\t<div class=\"pic\"><img decoding=\"async\" src=\"\/wp-content\/themes\/monolith2021\/img\/top\/kawase_pic.png\" alt=\"V\u00e5r grunnleggende advokat Toki Kawase\"><\/div>\n\t<\/div>\n<\/section>\n<section class=\"white-section front-numbers\">\n\t<div class=\"section-inner\">\n\t<p class=\"en\">I TALL MONOLITH LAW OFFICE<\/p>\n\t<h2>V\u00e5r erfaring som et advokatfirma s\u00e5 vel som en bedrifts IT-spesialist.<\/h2>\n\t<div class=\"box-wrap\">\n\t<div class=\"sub-box\">\n\t\t<h3>Klienter<\/h3>\n\t\t<p class=\"code\">1855\n\t\t<p class=\"text\">Vi har st\u00f8ttet forskjellige typer selskaper i ulike bransjer. V\u00e5re klienter spenner fra Japans topprangerte organisasjoner til sm\u00e5 og mellomstore selskaper. Vi tilbyr tjenester som er skreddersydd for \u00e5 m\u00f8te behovene til hver enkelt klient. <\/p>\n\t<\/div>\n\t<div class=\"sub-box\">\n\t\t<h3>Originale IT-l\u00f8sninger<\/h3>\n\t\t<p class=\"code\">7\n\t\t<p class=\"text\">Vi er et team som spesialiserer seg p\u00e5 bedrifts-IT. MONOLITH LAW OFFICE er et team av dyktige advokater og IT-konsulenter dedikert til \u00e5 skape skreddersydde l\u00f8sninger for dine spesifikke behov.<\/p>\n\t<\/div>\n\t<div class=\"sub-box\">\n\t\t<h3>Advokater<\/h3>\n\t\t<p class=\"code\">30\n\t\t<p class=\"text\">Den viktigste faktoren for \u00e5 l\u00f8se IT-problemer er hastigheten p\u00e5 den f\u00f8rste responsen. MONOLITH LAW OFFICE har mange advokater som kan svare p\u00e5 et bredt spekter av henvendelser p\u00e5 daglig basis.<\/p>\n\t<\/div>\n\t<div class=\"sub-box\">\n\t\t<h3>IT-konsulenter<\/h3>\n\t\t<p class=\"code\">16\n\t\t<p class=\"text\">Vi mener at IT-konsulenter er like viktige som advokater for \u00e5 holde tritt med den stadig utviklende teknologien og m\u00f8te mer sofistikerte bedrifts IT-utfordringer.<\/p>\n\t<\/div>\n\t<div class=\"sub-box\">\n<h3>St\u00f8ttede Land<\/h3>\n\t\t<p class=\"code\">18\n\t\t<p class=\"text\">Japansk advokatfirma med tverrnasjonal ekspertise. Spesialisert i internasjonale transaksjoner, rettssaker og regulatorisk overholdelse. Skreddersydde l\u00f8sninger for globale kunder i forretnings- og juridiske saker.<\/p>\n\t<\/div>\n\t<div class=\"sub-box\">\n\t\t<h3>IT- og juridiske innsiktsartikler<\/h3>\n\t\t<p class=\"code\">869\n\t\t<p class=\"text\" style=\"width: 278px\">Vi analyserer og forklarer ulike casestudier innen bedrifts-IT p\u00e5 nettmediet &#8220;MONOLITH LAW MAGAZINE.&#8221; Vi forsker kontinuerlig p\u00e5 passende l\u00f8sninger for de stadig mer komplekse og varierte utfordringene innen bedrifts-IT.<\/p>\n\t<\/div>\n\t<\/div>\n\t<\/div>\n<\/section>\n<section class=\"front-service\">\n\t<div class=\"section-inner\">\n\t\t<p class=\"en\">TJENESTER AV MONOLITH LAW OFFICE<\/p>\n\t\t<h2>V\u00e5re l\u00f8sninger for komplekse IT-risikoer.<\/h2>\n\t<\/div>\n\t<div class=\"front-service-field\">\n\t<div class=\"section-inner\">\n\t<h3><a href=\"\/no\/services\">Tjenester<\/a><\/h3>\n\t<div class=\"box-wrap\">\n\t<div class=\"sub-box\">\n\t\t<h4>Generell Bedrift<\/h4>\n\t\t<div class=\"icon\"><img decoding=\"async\" src=\"\/wp-content\/themes\/monolith_en\/img\/top\/service_general-corporate.svg\" alt=\"Juridiske saker for IT og oppstartsbedrifter\"><\/div>\n\t\t<p>Spesialisert kunnskap og erfaring er kritisk for \u00e5 tilby n\u00f8yaktig juridisk st\u00f8tte i det dynamiske milj\u00f8et som er unikt for IT- og oppstartsbedrifter. V\u00e5rt firma har mange spesialister i denne industrien, og vi har fungert som juridisk r\u00e5dgiver for 1087 selskaper, hovedsakelig IT-selskaper, fra TSE First Section-selskaper til oppstartsbedrifter i tidlig fase.<\/p>\n\t\t<div class=\"btn-more\"><a href=\"\/no\/general-corporate\">Se mer<\/a><\/div>\n\t<\/div>\n\t<div class=\"sub-box\">\n\t\t<h4>IT<\/h4>\n\t\t<div class=\"icon\"><img decoding=\"async\" src=\"\/wp-content\/themes\/monolith_en\/img\/top\/service_it.svg\" alt=\"IT- og IP-juridiske saker for ulike selskaper\"><\/div>\n\t\t<p>I dag er alle selskaper, uavhengig av deres forretningsomr\u00e5de eller st\u00f8rrelse, involvert i IT i sine bedriftsaktiviteter p\u00e5 en eller annen m\u00e5te. Vi kan ta en rolle som &#8220;advokater spesialisert p\u00e5 omr\u00e5det IT og immateriell eiendom&#8221; for selskaper som allerede har en prim\u00e6r juridisk r\u00e5dgiver, eller selv for selskaper hvis hovedvirksomhet ikke er IT.<\/p>\n\t\t<div class=\"btn-more\"><a href=\"\/no\/it\">Se mer<\/a><\/div>\n\t<\/div>\n\t<div class=\"sub-box\">\n\t\t<h4>Grenseoverskridende<\/h4>\n\t\t<div class=\"icon\"><img decoding=\"async\" src=\"\/wp-content\/themes\/monolith_en\/img\/top\/service_cross-border.svg\" alt=\"Internasjonale juridiske saker\"><\/div>\n\t\t<p>V\u00e5rt hovedfokus er \u00e5 tilby omfattende juridiske tjenester til japanske IT-selskaper som g\u00e5r inn p\u00e5 det internasjonale markedet. Vi tilbyr ogs\u00e5 profesjonell juridisk st\u00f8tte til utenlandske IT-selskaper i Japan. V\u00e5rt firma best\u00e5r av utenlandsk lisensierte advokater fra ulike land og regioner for \u00e5 effektivt st\u00f8tte grenseoverskridende transaksjoner.<\/p>\n\t\t<div class=\"btn-more\"><a href=\"\/no\/cross-border\">Se mer<\/a><\/div>\n\t<\/div>\n\t<div class=\"sub-box\">\n\t\t<h4>Internett<\/h4>\n\t\t<div class=\"icon\"><img decoding=\"async\" src=\"\/wp-content\/themes\/monolith_en\/img\/top\/service_internet.svg\" alt=\"Influencer Marketing\"><\/div>\n\t\t<p>Med ekspertise i internettrett, tilbyr vi omfattende juridisk st\u00f8tte til internettentrepren\u00f8rer, inkludert YouTubere og selskaper som bruker sosiale medier. Vi spesialiserer oss p\u00e5 \u00e5 l\u00f8se nettbaserte tvister, fjerne negative nettsider og h\u00e5ndtere online omd\u00f8mme. Konsulter v\u00e5re kvalifiserte advokater for effektive l\u00f8sninger p\u00e5 internett.<\/p>\n\t\t<div class=\"btn-more\"><a href=\"\/no\/internet\">Se mer<\/a><\/div>\n\t<\/div>\n\t<\/div>\n\t<\/div>\n\t<\/div>\n\t<div class=\"front-service-example\">\n\t<div class=\"section-inner\">\n\t<p>For eksempel<\/p>\n\t<ul class=\"clearfix\">\n\t\t<li>\n\t\t\t<div class=\"icon\"><a href=\"\/no\/system-development\/\"><img decoding=\"async\" src=\"\/wp-content\/themes\/monolith_en\/img\/top\/service_ex_system-development.svg\" alt=\"Systemutvikling\"><\/a><\/div>\n\t\t\t<p>System<br>Utvikling<\/p>\n\t\t<\/li>\n\t\t<li>\n\t\t\t<div class=\"icon\"><a href=\"\/no\/crypto-asset-and-blockchain\/\"><img decoding=\"async\" src=\"\/wp-content\/themes\/monolith_en\/img\/top\/service_ex_crypto-asset-and-blockchain.svg\" alt=\"Kryptovaluta og Blockchain\"><\/a><\/div>\n\t\t\t<p>Kryptovaluta <br>og Blockchain<\/p>\n\t\t<\/li>\n\t\t<li>\n\t\t\t<div class=\"icon\"><a href=\"\/no\/ai\/\"><img decoding=\"async\" src=\"\/wp-content\/themes\/monolith_en\/img\/top\/service_ex_ai.svg\" alt=\"ai\"><\/a><\/div>\n\t\t\t<p>AI<br>(ChatGPT, osv.)<\/p>\n\t\t<\/li>\n\t\t<li>\n\t\t\t<div class=\"icon\"><a href=\"\/no\/advertisement-review\/\"><img decoding=\"async\" src=\"\/wp-content\/themes\/monolith_en\/img\/top\/service_ex_advertisement-review.svg\" alt=\"Annonsegjennomgang\"><\/a><\/div>\n\t\t\t<p>Annonse<br>Gjennomgang<\/p>\n\t\t<\/li>\n\t\t<li>\n\t\t\t<div class=\"icon\"><a href=\"\/no\/mitigating-reputational-damage\/\"><img decoding=\"async\" src=\"\/wp-content\/themes\/monolith_en\/img\/top\/service_ex_mitigating-reputational-damage.svg\" alt=\"Redusere Omd\u00f8mmeskade\"><\/a><\/div>\n\t\t\t<p>Redusere<br>Omd\u00f8mmeskade<\/p>\n\t\t<\/li>\n\t<\/ul>\n\t<\/div>\n\t<\/div>\n<\/section>\n<section class=\"white-section front-client\">\n\t<div class=\"section-inner\">\n\t\t<h2>KLIENT<\/h2>\n\t\t<ul>\n\t\t\t<li><img src=\"https:\/\/monolith.law\/no\/wp-content\/themes\/monolith_no\/img\/clients\/logo_01.png\"><\/li>\n\t\t\t<li><img src=\"https:\/\/monolith.law\/no\/wp-content\/themes\/monolith_no\/img\/clients\/logo_02.png\"><\/li>\n\t\t\t<li><img src=\"https:\/\/monolith.law\/no\/wp-content\/themes\/monolith_no\/img\/clients\/logo_03.png\"><\/li>\n\t\t\t<li><img src=\"https:\/\/monolith.law\/no\/wp-content\/themes\/monolith_no\/img\/clients\/logo_04.png\"><\/li>\n\t\t\t<li><img src=\"https:\/\/monolith.law\/no\/wp-content\/themes\/monolith_no\/img\/clients\/logo_05.png\"><\/li>\n\t\t\t<li><img src=\"https:\/\/monolith.law\/no\/wp-content\/themes\/monolith_no\/img\/clients\/logo_06.png\"><\/li>\n\t\t\t<li><img src=\"https:\/\/monolith.law\/no\/wp-content\/themes\/monolith_no\/img\/clients\/logo_07.png\"><\/li>\n\t\t\t<li><img src=\"https:\/\/monolith.law\/no\/wp-content\/themes\/monolith_no\/img\/clients\/logo_08.png\"><\/li>\n\t\t\t<li><img src=\"https:\/\/monolith.law\/no\/wp-content\/themes\/monolith_no\/img\/clients\/logo_09.png\"><\/li>\n\t\t\t<li><img src=\"https:\/\/monolith.law\/no\/wp-content\/themes\/monolith_no\/img\/clients\/logo_10.png\"><\/li>\n\t\t\t<li><img src=\"https:\/\/monolith.law\/no\/wp-content\/themes\/monolith_no\/img\/clients\/logo_11.png\"><\/li>\n\t\t\t<li><img src=\"https:\/\/monolith.law\/no\/wp-content\/themes\/monolith_no\/img\/clients\/logo_12.png\"><\/li>\n\t\t\t<li><img src=\"https:\/\/monolith.law\/no\/wp-content\/themes\/monolith_no\/img\/clients\/logo_13.png\"><\/li>\n\t\t\t<li><img src=\"https:\/\/monolith.law\/no\/wp-content\/themes\/monolith_no\/img\/clients\/logo_14.png\"><\/li>\n\t\t\t<li><img src=\"https:\/\/monolith.law\/no\/wp-content\/themes\/monolith_no\/img\/clients\/logo_15.png\"><\/li>\n\t\t<\/ul>\n\t\t<!--<div class=\"btn-more\"><a href=\"https:\/\/monolith.law\/no\/clients\">See More<\/a><\/div>-->\n\t<\/div>\n<\/section>\n<section class=\"white-section front-news\">\n    <div class=\"section-inner\">\n        <h2>NYHETER [en]<\/h2>\n        <div>\n                        <ul>\n                                                    <li><span class=\"date\">2026.04.01<\/span><span class=\"category news-category-2\">NEWS<\/span><span class=\"subject\">Attorney Shota Akiyama has joined the firm.<\/span><\/li>\n                                                                <li><span class=\"date\">2026.03.26<\/span><span class=\"category news-category-2\">NEWS<\/span><span class=\"subject\">Attorneys Miki Takatsuki, Toko Takayanagi, Mizuki Kobayashi, Ryo Watanabe, and Shuto Ishimura have joined our firm.<\/span><\/li>\n                                                                <li><span class=\"date\">2025.05.08<\/span><span class=\"category news-category-2\">NEWS<\/span><span class=\"subject\">Monolith Law Office has been selected as a finalist for the Rising Law Firm of the Year category of the ALB Japan Law Awards, hosted by Asian Legal Business, an international law firm evaluation organization.<\/span><\/li>\n                                                                <li><span class=\"date\">2025.04.01<\/span><span class=\"category news-category-2\">NEWS<\/span><span class=\"subject\">Attorney Keita Yokoyama has joined the firm.<\/span><\/li>\n                                                                <li><span class=\"date\">2025.03.27<\/span><span class=\"category news-category-2\">NEWS<\/span><span class=\"subject\">Attorneys Yusuke Mizutani, Ryusei Juman, Mizuki Koyama, and Yusuke Muto have joined the firm.<\/span><\/li>\n                                                                <li><span class=\"date\">2024.06.12<\/span><span class=\"category news-category-2\">NEWS<\/span><span class=\"subject\">Attorney Akira Yoshida has joined the firm.<\/span><\/li>\n                                                            <\/ul>\n            <div class=\"btn-more\"><a href=\"\/en\/news\/\">Se mer [en]<\/a><\/div>\n        <\/div>\n    <\/div>\n<\/section>\n<section class=\"white-section front-banner\">\n<div class=\"section-inner\">\n<div class=\"banner-slider\">\n<div><a href=\"\/no\/cross-border\"><img decoding=\"async\" src=\"\/wp-content\/themes\/monolith_en\/img\/top\/banner_crossborder.png\" alt=\"Grenseoverskridende\"><\/a><\/div>\n<div><a href=\"\/en\/job-openings\"><img decoding=\"async\" src=\"\/wp-content\/themes\/monolith_en\/img\/top\/banner_jobopenings.png\" alt=\"Jobb\u00e5pninger\"><\/a><\/div>\n<div><a href=\"https:\/\/www.linkedin.com\/company\/monolith-law-office\/\" target=\"\u201d_blank\u201d\" rel=\"noopener\"><img decoding=\"async\" src=\"\/wp-content\/themes\/monolith_en\/img\/top\/banner_linkedin.png\" alt=\"LinkedIn\"><\/a><\/div>\n<div><a href=\"\/no\/article\"><img decoding=\"async\" src=\"\/wp-content\/themes\/monolith_en\/img\/top\/banner_monolithlawmagazine.svg\" alt=\"MONOLITH LAW MAGAZINE\"><\/a><\/div>\n<\/div>\n<\/div>\n<\/section>\n","protected":false},"excerpt":{"rendered":"<p>IT-evolusjon I dag er IT kjernen i moderne forretningsdrift, men \u00e5 bruke IT for virksomhet krever juridisk risikostyring. Hos MONOLITH LAW OFFICE jobber v\u00e5rt team av advokater og IT-konsulenter sammen [&hellip;]<\/p>\n","protected":false},"author":1,"featured_media":56656,"parent":0,"menu_order":0,"comment_status":"closed","ping_status":"closed","template":"front-page-temp.php","meta":{"footnotes":""},"acf":[],"_links":{"self":[{"href":"https:\/\/monolith.law\/no\/wp-json\/wp\/v2\/pages\/41151"}],"collection":[{"href":"https:\/\/monolith.law\/no\/wp-json\/wp\/v2\/pages"}],"about":[{"href":"https:\/\/monolith.law\/no\/wp-json\/wp\/v2\/types\/page"}],"author":[{"embeddable":true,"href":"https:\/\/monolith.law\/no\/wp-json\/wp\/v2\/users\/1"}],"replies":[{"embeddable":true,"href":"https:\/\/monolith.law\/no\/wp-json\/wp\/v2\/comments?post=41151"}],"version-history":[{"count":126,"href":"https:\/\/monolith.law\/no\/wp-json\/wp\/v2\/pages\/41151\/revisions"}],"predecessor-version":[{"id":74737,"href":"https:\/\/monolith.law\/no\/wp-json\/wp\/v2\/pages\/41151\/revisions\/74737"}],"wp:featuredmedia":[{"embeddable":true,"href":"https:\/\/monolith.law\/no\/wp-json\/wp\/v2\/media\/56656"}],"wp:attachment":[{"href":"https:\/\/monolith.law\/no\/wp-json\/wp\/v2\/media?parent=41151"}],"curies":[{"name":"wp","href":"https:\/\/api.w.org\/{rel}","templated":true}]}}