{"id":4213,"date":"2023-11-08T04:28:26","date_gmt":"2023-11-07T19:28:26","guid":{"rendered":"https:\/\/monolith.law\/?page_id=4213"},"modified":"2023-12-28T13:20:16","modified_gmt":"2023-12-28T04:20:16","slug":"services","status":"publish","type":"page","link":"https:\/\/monolith.law\/no\/services","title":{"rendered":"Tjenester"},"content":{"rendered":"\n<section class=\"heading-area\">\n\t<div class=\"heading-area-inner\">\n\t\t<h2 class=\"icon-services\">Tjenester<\/h2>\n\t\t<p>Med v\u00e5r administrerende advokats bakgrunn som en IT-ingeni\u00f8r og erfaring i \u00e5 lede IT-selskaper, st\u00e5r MONOLITH LAW OFFICE som et ledende advokatfirma i Japan som spesialiserer seg p\u00e5 IT, forretning og internett. V\u00e5r globale organisasjon gj\u00f8r det mulig for oss \u00e5 levere h\u00f8yt spesialiserte juridiske tjenester innen disse omr\u00e5dene.<\/p>\n\t<\/div>\n<\/section>\n<section class=\"second-nav\">\n\t<div class=\"second-nav-inner\">\n\t\t<p>EMNER<\/p>\n\t\t<nav>\n\t\t\t<ul>\n\t\t\t\t<li><a href=\"#general-corporate\">Generell bedrift<\/a><\/li>\n\t\t\t\t<li><a href=\"#it\">IT<\/a><\/li>\n\t\t\t\t<li><a href=\"#cross-border\">Grensekryssende<\/a><\/li>\n\t\t\t\t<li><a href=\"#internet\">Internett<\/a><\/li>\n\t\t\t<\/ul>\n\t\t<\/nav>\n\t<\/div>\n<\/section>\n<section class=\"white-section\">\n\t<div class=\"anchor\" id=\"general-corporate\"><\/div>\n\t<div class=\"section-inner pdb0\">\n\t\t<div class=\"flex\">\n\t\t\t<div class=\"width41\"><img decoding=\"async\" src=\"\/wp-content\/themes\/monolith2021\/img\/pic\/pic_practices-corporate.jpg\" alt=\"Generell bedrift\"><\/div>\n\t\t\t<div class=\"width51\">\n\t\t\t\t<div class=\"inline-inner\">\n\t\t\t\t\t<h3>Generelt Selskapsrett<\/h3>\n\t\t\t\t\t<p>For \u00e5 tilby n\u00f8yaktig juridisk st\u00f8tte i det raskt skiftende milj\u00f8et av IT og oppstartsbedrifter, er det viktig \u00e5 ha spesialisert kunnskap og erfaring. V\u00e5rt firma har mange spesialister p\u00e5 dette omr\u00e5det, og vi har erfaring med \u00e5 tjene som juridisk r\u00e5dgiver (inkludert ulike kontrakter for direkt\u00f8rer, administrerende direkt\u00f8rer osv.) for 1087 selskaper, som hovedsakelig best\u00e5r av IT-selskaper, fra toppniv\u00e5 selskaper til fr\u00f8fase oppstartselskaper i Japan.<\/p>\n\t\t\t\t<\/div>\n\t\t\t<\/div>\n\t\t<\/div>\n\t<\/div>\n<\/section>\n<section class=\"white-section\">\n\t<div class=\"section-inner\">\n\t\t<ol class=\"practices-list mgb-big\">\n\t\t\t<li>\n\t\t\t\t<h4><img decoding=\"async\" src=\"\/wp-content\/themes\/monolith_en\/img\/practices\/practices_1_1.svg\" alt=\"1.Venture Law \"><\/h4>\n\t\t\t\t<img decoding=\"async\" src=\"\/wp-content\/themes\/monolith2021\/img\/practices\/practices_1_1_pic.png\" alt=\"Venture Law \">\n\t\t\t\t<p>Vi har omfattende erfaring med juridiske saker relatert til forretningsvirksomhet og kapital, inkludert finansiering, virksomhetsoverdragelser og oppkj\u00f8p.<\/p>\n\t\t\t<\/li>\n\t\t\t<li>\n\t\t\t\t<h4><img decoding=\"async\" src=\"\/wp-content\/themes\/monolith_en\/img\/practices\/practices_1_2.svg\" alt=\"2.IT og Immateriell Eiendomsrett\"><\/h4>\n\t\t\t\t<img decoding=\"async\" src=\"\/wp-content\/themes\/monolith2021\/img\/practices\/practices_1_2_pic.png\" alt=\"IT og Immateriell Eiendomsrett\">\n\t\t\t\t<p>Toki Kawase, v\u00e5r representantadvokat med tidligere ingeni\u00f8rerfaring, vil oppn\u00e5 en dyp forst\u00e5else av selskapets produkter, av og til ved faktisk \u00e5 lese koden.<\/p>\n\t\t\t<\/li>\n\t\t\t<li>\n\t\t\t\t<h4><img decoding=\"async\" src=\"\/wp-content\/themes\/monolith_en\/img\/practices\/practices_1_3.svg\" alt=\"3.Hastighet\"><\/h4>\n\t\t\t\t<img decoding=\"async\" src=\"\/wp-content\/themes\/monolith2021\/img\/practices\/practices_1_3_pic.png\" alt=\"Hastighet\">\n\t\t\t\t<p>Vi forst\u00e5r viktigheten av rask responstid for din virksomhet og selskap. Som en generell regel svarer vi innen \u00e9n virkedag.<\/p>\n\t\t\t<\/li>\n\t\t\t<li>\n\t\t\t\t<h4><img decoding=\"async\" src=\"\/wp-content\/themes\/monolith_en\/img\/practices\/practices_1_4.svg\" alt=\"4.Juridiske Saker for Sm\u00e5 og Mellomstore Bedrifter\"><\/h4>\n\t\t\t\t<img decoding=\"async\" src=\"\/wp-content\/themes\/monolith2021\/img\/practices\/practices_1_4_pic.png\" alt=\"Juridiske Saker for Sm\u00e5 og Mellomstore Bedrifter\">\n\t\t\t\t<p>Som v\u00e5r grunnleggende advokat har erfaring med bedriftsledelse, forst\u00e5r han fra erfaring vanskelighetene med ledelse.<\/p>\n\t\t\t<\/li>\n\t\t<\/ol>\n\t\t<div class=\"btn-area\">\n\t\t\t<div class=\"btn icon-general-corporate\"><a href=\"\/no\/general-corporate\">Generelt Selskapsrett<\/a><\/div>\n\t\t<\/div>\n\t<\/div>\n<\/section>\n<section class=\"purple-section\">\n\t<div class=\"anchor\" id=\"it\"><\/div>\n\t<div class=\"section-inner\">\n\t\t<div class=\"flex mgb-middle\">\n\t\t\t<div class=\"width41\"><img decoding=\"async\" src=\"\/wp-content\/themes\/monolith2021\/img\/pic\/pic_practices-itlaw.jpg\" alt=\"IT\"><\/div>\n\t\t\t<div class=\"width51\">\n\t\t\t\t<div class=\"inline-inner\">\n\t\t\t\t\t<h3>IT<\/h3>\n\t\t\t\t\t<p class=\" mgb-middle\">Det er viktig for advokater som jobber med IT-selskaper \u00e5 forst\u00e5 teknologien og driftsprosessene relatert til IT og intellektuell eiendom i selskapets daglige virksomhet. <br>MONOLITH LAW OFFICE fungerer som juridisk r\u00e5dgiver og sjefsadvokat for IT-selskaper og h\u00e5ndterer spesialiserte og sofistikerte juridiske saker relatert til IT,<br>slik som systemutvikling, vedlikehold av bruksvilk\u00e5r for applikasjoner og tjenester, medieh\u00e5ndtering, markedsf\u00f8ringsoperasjoner, blockchain, AI, beskyttelse av personopplysninger, og IP-relaterte juridiske saker i Japan. <\/p>\n\t\t\t\t<\/div>\n\t\t\t<\/div>\n\t\t<\/div>\n\t\t<ul class=\"layout-column4 mgb-big\">\n\t\t\t<li>\n\t\t\t\t<div><img decoding=\"async\" src=\"\/wp-content\/themes\/monolith2021\/img\/practices-itlaw\/practices-itlaw_pic1.jpg\"><\/div>\n\t\t\t\t<h4>Systemutvikling<\/h4>\n\t\t\t\t<p>Fra utforming, revisjon og forhandling av kontrakter til l\u00f8sning av tvister n\u00e5r problemer oppst\u00e5r<\/p>\n\t\t\t<\/li>\n\t\t\t<li>\n\t\t\t\t<div><img decoding=\"async\" src=\"\/wp-content\/themes\/monolith2021\/img\/practices-itlaw\/practices-itlaw_pic2.jpg\"><\/div>\n\t\t\t\t<h4>Bruksvilk\u00e5r<\/h4>\n\t\t\t\t<p>Opprettelse og modifisering av vilk\u00e5r og betingelser samt personvernpolitikker, n\u00f8dvendig for publisering eller drift. <\/p>\n\t\t\t<\/li>\n\t\t\t<li>\n\t\t\t\t<div><img decoding=\"async\" src=\"\/wp-content\/uploads\/2023\/05\/oss.jpg\"><\/div>\n\t\t\t\t<h4>OSS<\/h4>\n\t\t\t\t<p>Ulike typer st\u00f8tte basert p\u00e5 forst\u00e5else av programvaren, inkludert lisensdesign og lisensavtaler<\/p>\n\t\t\t<\/li>\n\t\t\t<li>\n\t\t\t\t<div><img decoding=\"async\" src=\"\/wp-content\/uploads\/2022\/07\/shutterstock_1151380622_2.png\"><\/div>\n\t\t\t\t<h4>Kryptovaluta<\/h4>\n\t\t\t\t<p>juridisk st\u00f8tte til blockchain-relaterte virksomheter, inkludert innsamling av midler, innholdsbedrifter og NFT-er<\/p>\n\t\t\t<\/li>\n\t\t<\/ul>\n\t\t<div class=\"btn-area\">\n\t\t\t<div class=\"btn icon-it\"><a href=\"\/no\/it\">IT<\/a><\/div>\n\t\t<\/div>\n\t<\/div>\n<\/section>\n<section class=\"white-section\">\n\t<div class=\"anchor\" id=\"cross-border\"><\/div>\n\t<div class=\"section-inner\">\n\t\t<div class=\"flex reverse\">\n\t\t\t<div class=\"width41\"><img decoding=\"async\" src=\"\/en\/wp-content\/uploads\/sites\/6\/2023\/06\/global.jpg\" alt=\"Cross Border\"><\/div>\n\t\t\t<div class=\"width51\">\n\t\t\t\t<div class=\"inline-inner\">\n\t\t\t\t\t<h3>Tverrnasjonale<\/h3>\n\t\t\t\t\t<p class=\"mgb-small\">MONOLITH LAW OFFICE spesialiserer seg p\u00e5 \u00e5 tilby et bredt spekter av juridiske tjenester for utenlandske selskaper som \u00f8nsker \u00e5 etablere seg p\u00e5 det japanske markedet. Med ekspertise innen IT og oppstartsselskaper, tilbyr v\u00e5re erfarne advokater st\u00f8tte i lisensavtaler, immaterielle rettigheter, overholdelse av personvern, kontraktsforhandlinger og juridisk risikostyring.<\/p>\n\t\t\t\t\t<p class=\"mgb-small\">Vi spesialiserer oss ogs\u00e5 p\u00e5 \u00e5 bist\u00e5 oppstartsselskaper med finansiering, investeringsavtaler og b\u00f8rsnoteringer (IPOer), og driver deres vekst og suksess gjennom strategisk juridisk st\u00f8tte. V\u00e5rt team forst\u00e5r de unike egenskapene og m\u00e5lene til hver virksomhet, og tilbyr skreddersydde r\u00e5d og l\u00f8sninger som kombinerer et internasjonalt perspektiv med lokale innsikter.<\/p>\n\t\t\t\t\t<p class=\"mgb-small\">Juridisk probleml\u00f8sning er avgj\u00f8rende for vellykket ekspansjon i Japan. Kontakt oss for \u00e5 diskutere hvordan vi kan hjelpe din virksomhet til \u00e5 blomstre p\u00e5 det japanske markedet.<\/p>\n\t\t\t\t<\/div>\n\t\t\t<\/div>\n\t\t<\/div>\n\t\t<div class=\"max-width980 mgb-small\"><img decoding=\"async\" src=\"\/wp-content\/uploads\/2023\/05\/global_map.png\" alt=\"Supported Countries\"><\/div>\n\t\t<div class=\"frame2 max-width860 mgb-big txt-center-pc\">\n\t\t\t<p>Globale juridiske tjenester: Ekspertise og rekkevidde utover grenser. Omfattende assistanse over hele verden gjennom p\u00e5litelige partnerfirmaer. Kontakt oss for tverrnasjonale juridiske behov.<\/p>\n\t\t<\/div>\n\t\t<div class=\"btn-area\">\n\t\t\t<div class=\"btn icon-cross-border\"><a href=\"\/no\/cross-border\">Tverrnasjonale<\/a><\/div>\n\t\t<\/div>\n\t<\/div>\n<\/section>\n\n<section class=\"orange-section\">\n\t<div class=\"anchor\" id=\"internet\"><\/div>\n\t<div class=\"section-inner\">\n\t\t<div class=\"flex mgb-middle\">\n\t\t\t<div class=\"width41\"><img decoding=\"async\" src=\"\/en\/wp-content\/uploads\/sites\/6\/2023\/06\/internet.jpg\" alt=\"Internet\"><\/div>\n\t\t\t<div class=\"width51\">\n\t\t\t\t<h3>Internett<\/h3>\n\t\t\t\t<p class=\"mgb-small\">MONOLITH LAW OFFICE har omfattende erfaring med juridiske saker relatert til IT og er spesielt dyktige i \u00e5 st\u00f8tte internettbaserte virksomheter, inkludert YouTubere og selskaper som driver med YouTube-relaterte aktiviteter.<\/p>\n\t\t\t\t<p class=\"mgb-middle\">Vi forst\u00e5r de iboende risikoene forbundet med internett, som negative nettsider og innlegg p\u00e5 nettfora. V\u00e5rt firma har h\u00e5ndtert en rekke saker som involverer h\u00e5ndtering av nettbasert omd\u00f8mme for et bredt spekter av klienter, fra enkeltpersoner til store selskaper. Negative nettsider utgj\u00f8r en unik juridisk utfordring i Japan, og v\u00e5re kvalifiserte advokater er rustet til \u00e5 tilby effektive l\u00f8sninger. Vi ser frem til \u00e5 konsultere med deg, og bruke v\u00e5r ekspertise og erfaring til \u00e5 l\u00f8se problemer knyttet til negative nettsider.<\/p>\n\t\t\t<\/div>\n\t\t<\/div>\n\t\t<ul class=\"layout-column4 mgb-big\">\n\t\t\t<li>\n\t\t\t\t<div><img decoding=\"async\" src=\"\/wp-content\/themes\/monolith2021\/img\/pic\/pic_practices-youtuberlaw.jpg\" alt=\"YouTuber\"><\/div>\n\t\t\t\t<h4>YouTuber<\/h4>\n\t\t\t\t<p>Eksperter p\u00e5 influencer-h\u00e5ndtering. Vi forst\u00e5r japansk lov og det stadig skiftende internettlandskapet. Stolte av \u00e5 v\u00e6re betrodd av topp YouTuber-byr\u00e5er, VTuber-selskaper og skapere. Spesialisert juridisk st\u00f8tte for kontrakter og video-relaterte sp\u00f8rsm\u00e5l i Japan.<\/p>\n\t\t\t<\/li>\n\t\t\t<li>\n\t\t\t\t<div><img decoding=\"async\" src=\"\/wp-content\/themes\/monolith2021\/img\/pic\/pic_sns_manda.jpg\" alt=\"M&#038;A of SNS\"><\/div>\n\t\t\t\t<h4>M&#038;A av SNS<\/h4>\n\t\t\t\t<p>Erfaring med sosiale medier M&#038;A. V\u00e5r advokatfirma forst\u00e5r de unike aspektene ved transaksjoner av YouTube- og Twitter-kontoer. Med sterk IT- og internett-kunnskap, tilbyr vi omfattende st\u00f8tte for kontrakter, due diligence og juridiske aspekter. Stol p\u00e5 oss for \u00e5 beskytte og maksimere verdien av dine digitale eiendeler.<\/p>\n\t\t\t<\/li>\n\t\t\t<li>\n\t\t\t\t<div><img decoding=\"async\" src=\"\/wp-content\/themes\/monolith2021\/img\/pic\/pic_practices-reputation.jpg\" alt=\"Negative Web Pages\"><\/div>\n\t\t\t\t<h4>Negative nettsider<\/h4>\n\t\t\t\t<p>Forsvar mot nettangrep. Spesialisert i internettrett, fjerner vi skadelige nettsider som skader omd\u00f8mmet. Betraktet som p\u00e5litelige av b\u00e5de selskaper og enkeltpersoner, tilbyr vi strategiske juridiske inngrep og omfattende l\u00f8sninger for \u00e5 beskytte din nettbaserte tilstedev\u00e6relse og omd\u00f8mme.<\/p>\n\t\t\t<\/li>\n\t\t\t<li>\n\t\t\t\t<div><img decoding=\"async\" src=\"\/wp-content\/themes\/monolith2021\/img\/pic\/pic_reputation.jpg\" alt=\"Identification of Posters\"><\/div>\n\t\t\t\t<h4>Identifisering av Plakater<\/h4>\n\t\t\t\t<p>Identifisering av individer ansvarlig for ulovlige innlegg. MONOLITH LAW OFFICE spesialiserer seg p\u00e5 internettlov og har omfattende erfaring med \u00e5 h\u00e5ndtere saker som involverer negativt online-innhold. Vi navigerer i de juridiske prosessene for \u00e5 s\u00f8ke rettferdighet og beskytte v\u00e5re kunders interesser.<\/p>\n\t\t\t<\/li>\n\t\t<\/ul>\n\t\t<div class=\"btn-area\">\n\t\t\t<div class=\"btn icon-internet\"><a href=\"\/no\/internet\">Internett<\/a><\/div>\n\t\t<\/div>\n\t<\/div>\n<\/section>\n","protected":false},"excerpt":{"rendered":"<p>Tjenester Med v\u00e5r administrerende advokats bakgrunn som en IT-ingeni\u00f8r og erfaring i \u00e5 lede IT-selskaper, st\u00e5r MONOLITH LAW OFFICE som et ledende advokatfirma i Japan som spesialiserer seg p\u00e5 IT, forr [&hellip;]<\/p>\n","protected":false},"author":1,"featured_media":57138,"parent":0,"menu_order":4,"comment_status":"closed","ping_status":"closed","template":"practices-page-temp.php","meta":{"footnotes":""},"acf":[],"_links":{"self":[{"href":"https:\/\/monolith.law\/no\/wp-json\/wp\/v2\/pages\/4213"}],"collection":[{"href":"https:\/\/monolith.law\/no\/wp-json\/wp\/v2\/pages"}],"about":[{"href":"https:\/\/monolith.law\/no\/wp-json\/wp\/v2\/types\/page"}],"author":[{"embeddable":true,"href":"https:\/\/monolith.law\/no\/wp-json\/wp\/v2\/users\/1"}],"replies":[{"embeddable":true,"href":"https:\/\/monolith.law\/no\/wp-json\/wp\/v2\/comments?post=4213"}],"version-history":[{"count":114,"href":"https:\/\/monolith.law\/no\/wp-json\/wp\/v2\/pages\/4213\/revisions"}],"predecessor-version":[{"id":62578,"href":"https:\/\/monolith.law\/no\/wp-json\/wp\/v2\/pages\/4213\/revisions\/62578"}],"wp:featuredmedia":[{"embeddable":true,"href":"https:\/\/monolith.law\/no\/wp-json\/wp\/v2\/media\/57138"}],"wp:attachment":[{"href":"https:\/\/monolith.law\/no\/wp-json\/wp\/v2\/media?parent=4213"}],"curies":[{"name":"wp","href":"https:\/\/api.w.org\/{rel}","templated":true}]}}