{"id":4232,"date":"2023-11-11T23:40:45","date_gmt":"2023-11-11T14:40:45","guid":{"rendered":"https:\/\/monolith.law\/?page_id=4232"},"modified":"2023-12-28T13:58:07","modified_gmt":"2023-12-28T04:58:07","slug":"greetings-from-the-managing-attorney","status":"publish","type":"page","link":"https:\/\/monolith.law\/no\/greetings-from-the-managing-attorney","title":{"rendered":"Hilsen fra den administrerende advokaten"},"content":{"rendered":"\n<section class=\"heading-area\">\n\t<div class=\"heading-area-inner\">\n\t\t<h2 class=\"icon-greetings-from-the-managing-attorney\">Hilsen fra den administrerende advokaten<\/h2>\n\t<\/div>\n<\/section>\n\n<section class=\"white-section\">\n\t<div class=\"section-inner section-inner-bottomhalf pdt0 border-bottom-section\">\n\t\t<div class=\"tagline\">\n\t\t\t<div class=\"textArea\">\n\t\t\t\t<p>\u00c5 utnytte kraften av informasjonsteknologi har revolusjonert menneskehetens historie,<br class=\"pcOnly\"> sammenlignbart med dynamittens innvirkning.<br>Internettet har spesielt raskt forvandlet evolusjonens kurs,<br class=\"pcOnly\"> og drevet menneskeheten fremover i et enest\u00e5ende tempo.<br>Men med stor kraft f\u00f8lger ogs\u00e5 store risikoer.<\/p>\n\t\t\t\t<p>I MONOLITH LAW OFFICE mener vi fast at det er v\u00e5rt ansvar \u00e5 s\u00f8rge for<br class=\"pcOnly\"> at v\u00e5r tids krefter ikke brukes som en trussel mot bedrifter,<br class=\"pcOnly\"> men som en katalysator for deres revolusjon\u00e6re utvikling.<br>Vi streber etter \u00e5 v\u00e6re et innovativt og fremtidsrettet team som tilbyr juridisk veiledning<br class=\"pcOnly\"> og st\u00f8tte som gj\u00f8r det mulig for selskaper \u00e5 l\u00e5se opp det fulle potensialet av informasjonsteknologi.<\/p>\n\t\t\t\t<p>V\u00e5r misjon er \u00e5 navigere det komplekse juridiske landskapet, og gi bedrifter muligheten<br class=\"pcOnly\"> til \u00e5 utnytte IT til det ytterste. Ved \u00e5 omfavne mulighetene som den digitale tidsalderen presenterer,<br class=\"pcOnly\"> sikter vi mot \u00e5 fasilitere den transformative veksten av v\u00e5re klienters virksomheter.<\/p>\n\t\t\t\t<p class=\"txt-l\">Evolverende IT<\/p>\n\t\t\t\t<p>MONOLITH LAW OFFICE<\/p>\n\t\t\t<\/div>\n\t\t\t<div class=\"logo\"><img decoding=\"async\" src=\"\/wp-content\/themes\/monolith2021\/img\/logo.svg\" alt=\"MONOLITH LAW OFFICE\"><\/div>\n\t\t<\/div>\n\t<\/div>\n<\/section>\n\n<section class=\"second-nav\">\n\t<div class=\"second-nav-inner\">\n\t\t<p>EMNER<\/p>\n\t\t<nav>\n\t\t\t<ul>\n\t\t\t\t<li><a href=\"#law-firm-led-by-former-it-engineer-turned-lawyer-with-corporate-management-experience\">Advokatfirma ledet av tidligere IT-ingeni\u00f8r som ble advokat med erfaring i bedriftsledelse<\/a><\/li>\n\t\t\t\t<li><a href=\"#a-law-firm-emphasizing-it-internet-and-business-expertise\">Et advokatfirma som vektlegger IT, internett og forretningskompetanse<\/a><\/li>\n\t\t\t\t<li><a href=\"#corporate-law-and-it-legal-expertise\">Selskapsrett og IT-juridisk ekspertise<\/a><\/li>\n\t\t\t\t<li><a href=\"#a-team-of-lawyers-and-it-consultants\">Et team av advokater og IT-konsulenter<\/a><\/li>\n\t\t\t<\/ul>\n\t\t<\/nav>\n\t<\/div>\n<\/section>\n\n<section class=\"white-section\">\n\t<div class=\"anchor\" id=\"law-firm-led-by-former-it-engineer-turned-lawyer-with-corporate-management-experience\"><\/div>\n\t<div class=\"section-inner\">\n\t\t<div class=\"flex\">\n\t\t\t<div class=\"width41\"><img decoding=\"async\" src=\"\/wp-content\/uploads\/2023\/06\/message_1.jpg\" alt=\"Advokatfirma ledet av tidligere IT-ingeni\u00f8r som ble advokat med erfaring i bedriftsledelse\"><\/div>\n\t\t\t<div class=\"width51\">\n\t\t\t\t<h3>Juridisk firma ledet av tidligere IT-ingeni\u00f8r som ble advokat med erfaring i bedriftsledelse<\/h3>\n\t\t\t\t<p class=\"font-h3 txt-right mgb-middle\">Administrerende advokat: Toki Kawase<\/p>\n\t\t\t\t<p class=\"mgb-small\">Jeg har alltid hatt en lidenskap for datamaskiner og teknologi siden jeg var en ung gutt, noe som ga meg tittelen &#8220;datanerd&#8221;. Gjennom mine ten\u00e5rings\u00e5r og tidlig voksenliv fordypet jeg meg i IT-verdenen, drev min egen virksomhet og fikk verdifull erfaring.<\/p>\n\t\t\t\t<p class=\"mgb-small\">Min reise begynte p\u00e5 barneskolen da jeg startet med programmering p\u00e5 min f\u00f8rste PC, en &#8220;MSX 2+&#8221;. I ungdomsskolen ble jeg til og med med i skolens datateam, noe som forsterket min lidenskap for programmering. I l\u00f8pet av studietiden fikk jeg muligheten til \u00e5 lage en nettside for et selskap, noe som ble et vendepunkt i min karriere. Fleksibiliteten og de \u00f8konomiske bel\u00f8nningene fra dette foretaket f\u00f8rte meg til \u00e5 utforske ulike IT-relaterte virksomheter som webutvikling, opprettelse av nettjenester og SEO-optimalisering.<\/p>\n\t\t\t\t<p class=\"mgb-small\">I denne perioden fikk oppstartsselskaper ledet av unge profesjonelle innen IT feltet fart, og jeg fant meg selv fullstendig oppslukt i den dynamiske og raskt utviklende verdenen av entrepren\u00f8rskap. Jeg jobbet utrettelig og omfavnet b\u00e5de innenlandske og grenseoverskridende prosjekter, samarbeidet med internasjonale partnere og tilpasset meg stadig til det skiftende landskapet.<\/p>\n\t\t\t\t<p class=\"mgb-small\">Men i slutten av tjue\u00e5rene tok jeg en livsendrende beslutning. Jeg ga stafettpinnen for min IT-virksomhet videre til andre og begynte p\u00e5 en ny sti. Jeg begynte p\u00e5 jusstudiet med m\u00e5l om \u00e5 kombinere min tekniske ekspertise med juridisk kunnskap. I dag, som advokat og tidligere IT-ingeni\u00f8r med erfaring i bedriftsledelse, leder jeg MONOLITH LAW OFFICE som forst\u00e5r IT-industriens finesser og tilbyr omfattende juridiske tjenester.<\/p>\n\t\t\t\t<p>Ved v\u00e5r firma benytter vi v\u00e5r unike blanding av IT-kunnskap og juridisk ekspertise for \u00e5 gi effektiv veiledning og st\u00f8tte til v\u00e5re klienter. Vi forst\u00e5r utfordringene og mulighetene som oppst\u00e5r i den digitale tidsalderen, og vi er dedikerte til \u00e5 hjelpe bedrifter med \u00e5 navigere i det juridiske landskapet og oppn\u00e5 sine m\u00e5l.<\/p>\n\t\t\t<\/div>\n\t\t<\/div>\n\t<\/div>\n<\/section>\n\n<section class=\"purple-section\">\n\t<div class=\"anchor\" id=\"a-law-firm-emphasizing-it-internet-and-business-expertise\"><\/div>\n\t<div class=\"section-inner\">\n\t\t<div class=\"flex reverse\">\n\t\t\t<div class=\"width41\"><img decoding=\"async\" src=\"\/wp-content\/uploads\/2023\/06\/message_2.jpg\" alt=\"Et juridisk firma som vektlegger IT, internett og forretningskompetanse\"><\/div>\n\t\t\t<div class=\"width51\">\n\t\t\t\t<h3>Et advokatfirma med vekt p\u00e5 IT, internett og forretningskompetanse<\/h3>\n\t\t\t\t<p class=\"mgb-small\">Folk oppfatter ofte overgangen min fra \u00e5 v\u00e6re en IT-bedriftseier til \u00e5 bli advokat som en fullstendig helomvending p\u00e5 180 grader. Jeg mener imidlertid at endringen ikke var s\u00e5 drastisk som den kan virke.<\/p>\n\t\t\t\t<p class=\"mgb-small\">N\u00e5r jeg ser tilbake p\u00e5 fortiden, innser jeg at selv som en naturvitenskapelig orientert IT-ingeni\u00f8r hadde jeg en naturlig tilb\u00f8yelighet for humanistisk tenkning. Jeg var fascinert av forretningsverdenen, noe som f\u00f8rte meg til entrepren\u00f8rskap i stedet for \u00e5 f\u00f8lge en konvensjonell karriere som IT-ingeni\u00f8r.<\/p>\n\t\t\t\t<p class=\"mgb-small\">I dag, som advokat, er jeg noen som utmerker seg med vitenskapelig tenkning innenfor et felt som tradisjonelt er assosiert med humaniora. Denne bakgrunnen posisjonerer meg som administrerende advokat i et advokatfirma som legger stor vekt p\u00e5 IT, internett og forretningsanliggender.<\/p>\n\t\t\t\t<p class=\"mgb-big\">Selv om karrieren min kan avvike fra det som er typisk for en IT-ingeni\u00f8r, ser jeg overgangen min fra IT-ingeni\u00f8r til advokat som en mer gradvis endring, kanskje noen titalls grader snarere enn en fullstendig helomvending. Faktisk oppfatter jeg det som en naturlig progresjon som lar meg utnytte min unike kombinasjon av ferdigheter og kunnskap for \u00e5 bedre betjene v\u00e5re klienter innen IT, internett og forretningssektorer.<\/p>\n\t\t\t\t<div class=\"btn-area align-left\">\n\t\t\t\t\t<div class=\"btn icon-services\"><a href=\"\/no\/services\">Tjenester<\/a><\/div>\n\t\t\t\t<\/div>\n\t\t\t<\/div>\n\t\t<\/div>\n\t<\/div>\n<\/section>\n\n<section class=\"white-section\">\n\t<div class=\"anchor\" id=\"corporate-law-and-it-legal-expertise\"><\/div>\n\t<div class=\"section-inner\">\n\t\t<div class=\"flex\">\n\t\t\t<div class=\"width41\"><img decoding=\"async\" src=\"\/wp-content\/uploads\/2023\/06\/message_3.jpg\" alt=\"Selskapsrett og juridisk IT-ekspertise\"><\/div>\n\t\t\t<div class=\"width51\">\n\t\t\t\t<h3>Bedriftsrett og IT-juridisk ekspertise<\/h3>\n\t\t\t\t<p class=\"mgb-small\">Hos MONOLITH LAW OFFICE har jeg en dobbeltrolle. For det f\u00f8rste tilbyr jeg st\u00f8tte innen bedriftsrett til IT-selskaper og oppstartsbedrifter som konsulent. \u00c5 forst\u00e5 IT-bransjens finesser og de unike utfordringene som oppstartsbedrifter m\u00f8ter, er essensielt for \u00e5 levere effektive juridiske tjenester skreddersydd for deres behov. Med min direkte erfaring og ekspertise innen IT og oppstartsmilj\u00f8er, er jeg godt rustet til \u00e5 tilby eksepsjonell juridisk assistanse til disse klientene.<\/p>\n\t\t\t\t<p class=\"mgb-small\">For det andre arbeider jeg som del av et team med IT- og juridiske spesialister, og tilbyr konsulenttjenester til selskaper p\u00e5 tvers av ulike industrier som trenger veiledning i IT-relaterte juridiske sp\u00f8rsm\u00e5l. V\u00e5rt team utnytter v\u00e5r kollektive kunnskap om IT og juss for \u00e5 sette sammen og levere optimale l\u00f8sninger som adresserer hver klients spesifikke krav.<\/p>\n\t\t\t\t<p class=\"mgb-small\">Mens tradisjonelle juridiske tjenester ofte fokuserer p\u00e5 \u00e5 tilby spesifikke produkter, som \u00e5 innlevere s\u00f8ksm\u00e5l etter foresp\u00f8rsel, anerkjenner jeg viktigheten av \u00e5 sikre at de tilbudte l\u00f8sningene virkelig m\u00f8ter kundens behov. Kan vi utelukkende stole p\u00e5 at kunden selv utformer en l\u00f8sning som effektivt tar for seg deres unike utfordringer? Dette er kritiske overveielser jeg tar hensyn til.<\/p>\n\t\t\t\t<p class=\"mgb-small\">For eksempel, la oss vurdere st\u00f8tte for b\u00f8rsnoteringer (IPOer) i Japan. For \u00e5 sikre overholdelse m\u00e5 selskaper grundig unders\u00f8ke alle potensielle endringer i japanske lover og forskrifter som kan p\u00e5virke deres drift, og iverksette passende tiltak. Imidlertid kan det v\u00e6re utfordrende for advokater i deres daglige arbeid \u00e5 holde oversikt over de mange endringene, inkludert de mindre.<\/p>\n\t\t\t\t<p>Som en IT- og juridisk ekspert, streber jeg etter \u00e5 tilby &#8220;l\u00f8sninger&#8221; som kombinerer kraften av IT og loven for \u00e5 effektivt takle disse komplekse problemene.<\/p>\n\t\t\t<\/div>\n\t\t<\/div>\n\t<\/div>\n<\/section>\n\n<section class=\"orange-section\">\n\t<div class=\"anchor\" id=\"a-team-of-lawyers-and-it-consultants\"><\/div>\n\t<div class=\"section-inner\">\n\t\t<div class=\"flex reverse\">\n\t\t\t<div class=\"width41\"><img decoding=\"async\" src=\"\/wp-content\/uploads\/2023\/06\/message_4.jpg\" alt=\"Et team av advokater og IT-konsulenter\"><\/div>\n\t\t\t<div class=\"width51\">\n\t\t\t\t<h3>Et team av advokater og IT-konsulenter<\/h3>\n\t\t\t\t<p class=\"mgb-small\">I tillegg til eksempelet med st\u00f8tte til b\u00f8rsnotering (IPO), finnes det utallige situasjoner der kombinasjonen av IT og jus er essensiell for \u00e5 m\u00f8te klientenes behov. \u00c5 h\u00e5ndtere komplekse problemstillinger krever et team med ferdigheter og evner til \u00e5 ta informerte beslutninger og iverksette effektive tiltak fra et bredt spekter av alternativer. Selv om advokater er juridiske profesjonelle og spesialister p\u00e5 rettslige sp\u00f8rsm\u00e5l, krever byggingen av en omfattende &#8220;l\u00f8sning&#8221; mer enn bare juridisk ekspertise.<\/p>\n\t\t\t\t<p class=\"mgb-small\">Derfor inkluderer teamet v\u00e5rt medarbeidere utover advokater, som IT-konsulenter, som bringer et mangfold av ferdigheter til bordet. Med deres evne til \u00e5 utf\u00f8re internettforskning, forklare l\u00f8sningsforslag og tilby innsikt som g\u00e5r utover tradisjonell juridisk kunnskap, kan vi tilby omfattende og effektive l\u00f8sninger. N\u00e5r vi h\u00e5ndterer tverrnasjonale juridiske saker, er samarbeid med team utover advokater avgj\u00f8rende. V\u00e5re teammedlemmer med fremmedspr\u00e5kkunnskaper og dyp forst\u00e5else av utenlandske forretningsmilj\u00f8er gj\u00f8r oss i stand til \u00e5 navigere i spissfeltene innen tverrnasjonal IT-sektor.<\/p>\n\t\t\t\t<p class=\"mgb-small\">N\u00e5r det gjelder rekruttering, er det viktig \u00e5 merke seg at mange av v\u00e5re advokater slutter seg til MONOLITH LAW OFFICE uten omfattende IT-ekspertise. Vi fremmer et samarbeidsmilj\u00f8 der advokater med ulike bakgrunner og erfaringer innen IT-relaterte juridiske saker arbeider sammen som et team. Ansvarsomr\u00e5der for teammedlemmer som ikke er advokater, blir ofte bestemt basert p\u00e5 deres evner og karakteristika etter \u00e5 ha sluttet seg til firmaet og engasjert seg i ulike virksomheter. Vi \u00f8nsker s\u00f8knader fra advokater som kanskje ikke har spesialisert IT-kunnskap eller som f\u00f8ler seg usikre p\u00e5 \u00e5 bli stemplet som &#8220;spesialister&#8221;.<\/p>\n\t\t\t\t<p class=\"mgb-big\">Hos MONOLITH LAW OFFICE verdsetter vi den kollektive ekspertisen og bidragene fra hvert teammedlem, og skaper et dynamisk og nyskapende milj\u00f8 som kombinerer juridisk dyktighet med IT-innsikt.<\/p>\n\t\t\t\t<div class=\"btn-area align-left\">\n\t\t\t\t\t<div class=\"btn icon-job-openings\"><a href=\"\/en\/job-openings\/\">Jobb\u00e5pninger [en]<\/a><\/div>\n\t\t\t\t<\/div>\n\t\t\t<\/div>\n\t\t<\/div>\n\t<\/div>\n<\/section>\n","protected":false},"excerpt":{"rendered":"<p>Hilsen fra den administrerende advokaten \u00c5 utnytte kraften av informasjonsteknologi har revolusjonert menneskehetens historie, sammenlignbart med dynamittens innvirkning.Internettet har spesielt raskt [&hellip;]<\/p>\n","protected":false},"author":1,"featured_media":57134,"parent":0,"menu_order":8,"comment_status":"closed","ping_status":"closed","template":"other-page-temp.php","meta":{"footnotes":""},"acf":[],"_links":{"self":[{"href":"https:\/\/monolith.law\/no\/wp-json\/wp\/v2\/pages\/4232"}],"collection":[{"href":"https:\/\/monolith.law\/no\/wp-json\/wp\/v2\/pages"}],"about":[{"href":"https:\/\/monolith.law\/no\/wp-json\/wp\/v2\/types\/page"}],"author":[{"embeddable":true,"href":"https:\/\/monolith.law\/no\/wp-json\/wp\/v2\/users\/1"}],"replies":[{"embeddable":true,"href":"https:\/\/monolith.law\/no\/wp-json\/wp\/v2\/comments?post=4232"}],"version-history":[{"count":35,"href":"https:\/\/monolith.law\/no\/wp-json\/wp\/v2\/pages\/4232\/revisions"}],"predecessor-version":[{"id":62622,"href":"https:\/\/monolith.law\/no\/wp-json\/wp\/v2\/pages\/4232\/revisions\/62622"}],"wp:featuredmedia":[{"embeddable":true,"href":"https:\/\/monolith.law\/no\/wp-json\/wp\/v2\/media\/57134"}],"wp:attachment":[{"href":"https:\/\/monolith.law\/no\/wp-json\/wp\/v2\/media?parent=4232"}],"curies":[{"name":"wp","href":"https:\/\/api.w.org\/{rel}","templated":true}]}}