{"id":47528,"date":"2023-11-06T23:10:34","date_gmt":"2023-11-06T14:10:34","guid":{"rendered":"https:\/\/monolith.law\/?page_id=47528"},"modified":"2024-03-08T20:50:39","modified_gmt":"2024-03-08T11:50:39","slug":"crypto-asset-and-blockchain","status":"publish","type":"page","link":"https:\/\/monolith.law\/no\/crypto-asset-and-blockchain","title":{"rendered":"Kryptovalutaer og blokkjeder"},"content":{"rendered":"\n<section class=\"heading-area\">\n\t<div class=\"heading-area-inner\">\n\t\t<h2 class=\"icon-crypto-asset-and-blockchain\">Kryptovalutaer og blokkjeder<\/h2>\n\t\t<p>Kryptovalutaer og blokkjeder er desentraliserte databaser skapt av ulike IT-systemer, inkludert konsensusalgoritmer, kryptografi og P2P-nettverk, som er vanskelige \u00e5 endre og har lav risiko for datatap. Som et advokatfirma med ekspertise p\u00e5 IT-omr\u00e5det, st\u00f8tter vi virksomheter som er involvert i kryptovalutaer, NFT-er og blokkjeder.<\/p>\n\t<\/div>\n<\/section>\n<section class=\"white-section\">\n\t<div class=\"section-inner pdt0 border-bottom-section\">\n\t<p class=\"mgb-small\">Kryptovalutaer, NFT-er og blokkjeder utvikler seg raskt p\u00e5 grunn av p\u00e5g\u00e5ende teknologisk innovasjon og deres potensial for et bredt spekter av form\u00e5l, fra innsamling av midler til digital kunstforvaltning. Som s\u00e5dan er det ogs\u00e5 et komplekst omr\u00e5de \u00e5 regulere ved lov.<\/p>\n\t<p class=\"mgb-small\">MONOLITH LAW OFFICE er et advokatfirma som har spesialisert seg p\u00e5 krypto- og blokkjedelovgivning siden grunnleggelsen i 2017. Vi er kjent med juridiske reguleringer av utenlandske selskaper, deres virksomhet i Japan, passende forretningsveiledning for implementering, og utarbeidelse av dokumenter og kontrakter for IT-relaterte forretningsoperasjoner. Slikt arbeid krever kunnskap og erfaring innen internasjonal IT, forretningsvirksomhet, finanslovgivning og andre juridiske saker.<\/p>\n\t<p>Vi tilbyr sofistikert st\u00f8tte for virksomheter som benytter blokkjeder, inkludert kryptovalutaer og NFT-er, gjennom intrikat samarbeid mellom advokater og IT-konsulenter.<\/p>\n\t<\/div>\n<\/section>\n<section class=\"second-nav\">\n\t<div class=\"second-nav-inner\">\n\t\t<p>EMNER<\/p>\n\t\t<nav>\n\t\t\t<ul>\n\t\t\t\t<li><a href=\"#highly-specialized-teams-and-global-network\">H\u00f8yt spesialiserte team og globalt nettverk<\/a><\/li>\n\t\t\t\t<li><a href=\"#examples-of-the-firms-support-achievements\">Eksempler p\u00e5 firmaets st\u00f8tteprestasjoner<\/a><\/li>\n\t\t\t\t<li><a href=\"#advanced-technology-and-financial-legislation\">Avansert teknologi og finanslovgivning<\/a><\/li>\n\t\t\t\t<li><a href=\"#providing-one-stop-solutions\">Tilby enest\u00e5ende l\u00f8sninger<\/a><\/li>\n\t\t\t\t<li><a href=\"#legal-support-for-nft-related-businesses\">Juridisk st\u00f8tte for NFT-relaterte virksomheter<\/a><\/li>\n\t\t\t\t<li><a href=\"#crypto-asset-businesses-and-custody-services\">Kryptovalutavirksomheter og forvaringstjenester<\/a><\/li>\n\t\t\t\t<li><a href=\"#other-crypto-assets-related-businesses\">Andre kryptovalutarelaterede virksomheter<\/a><\/li>\n\t\t\t\t<li><a href=\"#system-development\">Systemutvikling<\/a><\/li>\n\t\t\t\t<li><a href=\"#terms-of-use-maintenance-for-applications-etc\">Dokumenttjenester<\/a><\/li>\n\t\t\t\t<li><a href=\"#monolith-law-magazine\">MONOLITH LAW MAGAZINE<\/a><\/li>\n\t\t\t\t<li><a href=\"#fee-structure\">Prisstruktur<\/a><\/li>\n\t\t\t<\/ul>\n\t\t<\/nav>\n\t<\/div>\n<\/section>\n<section class=\"white-section\">\n\t<div class=\"anchor\" id=\"highly-specialized-teams-and-global-network\"><\/div>\n\t<div class=\"section-inner pdb0\">\n\t\t<h3>H\u00f8yt Spesialiserte Team og Globalt Nettverk<\/h3>\n\t\t<div class=\"max-width980 mgb-small\"><img decoding=\"async\" src=\"\/wp-content\/uploads\/2023\/05\/web3team.jpg\" alt=\"Advokater\"><\/div>\n\t\t<div class=\"frame2 max-width860 txt-center-pc\">\n\t\t\t<p class=\"bold txt-l mgb-small\">Ettersom forretningslandskapet rundt blokkjeder og kryptoaktiva utvikler seg raskt, er det n\u00f8dvendig med advokatfirmaer og advokater som er spesialisert p\u00e5 feltet.<\/p>\n\t\t\t<p> I MONOLITH LAW OFFICE har vi etablert et dedikert team av advokater med omfattende IT-kunnskap, internasjonalt kvalifiserte advokater, og erfarne IT-ingeni\u00f8rer. Gjennom v\u00e5rt robuste internasjonale nettverk fremmer vi kunnskap, noe som gj\u00f8r at vi kan holde oss i forkant av dette dynamiske feltet.<\/p>\n\t\t<\/div>\n\t<\/div>\n<\/section>\n<section class=\"white-section\">\n\t<div class=\"anchor\" id=\"examples-of-the-firms-support-achievements\"><\/div>\n\t<div class=\"section-inner\">\n\t\t<h3>Eksempler p\u00e5 firmaets st\u00f8tteprestasjoner<\/h3>\n\t\t<ul class=\"layout-column4\">\n\t\t\t<li>\n\t\t\t\t<div><img decoding=\"async\" src=\"\/wp-content\/uploads\/2022\/07\/shutterstock_1009471096.png\"><\/div>\n\t\t\t\t<h4>Innsamling av midler (ICO, STO, IEO)<\/h4>\n\t\t\t\t<p>I dag \u00f8ker populariteten til ICO, STO og IEO, som bruker kryptovaluta som et middel for \u00e5 samle inn midler. De anses som en mer fleksibel m\u00e5te \u00e5 skaffe kapital p\u00e5 sammenlignet med b\u00f8rsnoteringer (IPOer), samtidig som de gir investorbeskyttelse under reguleringene i den japanske Financial Instruments and Exchange Act og Payment Services Act. MONOLITH LAW OFFICE st\u00f8tter i lovligheten av virksomheten ved \u00e5 tilby assistanse og forberede rapporter.<\/p>\n\t\t\t<\/li>\n\t\t\t<li>\n\t\t\t\t<div><img decoding=\"async\" src=\"\/wp-content\/uploads\/2022\/07\/shutterstock_758063575-1.png\"><\/div>\n\t\t\t\t<h4>Utvinnings- og stakingaktiviteter<\/h4>\n\t\t\t\t<p>Vi forsker p\u00e5 lovligheten av utvinnings- og stakingaktiviteter i blokkjeder, samt utarbeider kontrakter og andre relevante dokumenter. I noen tilfeller kan det \u00e5 engasjere seg i slike aktiviteter kreve registrering som en kryptovalutavekslingsvirksomhet. V\u00e5r ekspertise ligger i \u00e5 forst\u00e5 de juridiske kravene og bist\u00e5 kunder med \u00e5 overholde n\u00f8dvendige reguleringer.<\/p>\n\t\t\t<\/li>\n\t\t\t<li>\n\t\t\t\t<div><img decoding=\"async\" src=\"\/wp-content\/uploads\/2022\/07\/shutterstock_1096851425.png\"><\/div>\n\t\t\t\t<h4>Kryptovalutab\u00f8rser og deres drift<\/h4>\n\t\t\t\t<p>Under den reviderte Funds Settlement Law kreves det n\u00e5 registrering som en kryptovalutavekslingsvirksomhet for \u00e5 kj\u00f8pe, selge, bytte og fungere som mellommann eller agent for kryptovalutaer. Ved \u00e5 utvikle en unik forretningsmodell er det mulig \u00e5 unng\u00e5 slik registrering innenfor lovens rammer. Vi kan ogs\u00e5 bist\u00e5 v\u00e5re kunder med st\u00f8tte for registrering som en kryptovalutaveksling og l\u00f8pende st\u00f8tte for selskaper som driver virtuelle valutab\u00f8rser.<\/p>\n\t\t\t<li>\n\t\t\t\t<div><img decoding=\"async\" src=\"\/wp-content\/uploads\/2022\/07\/shutterstock_2118688160.png\"><\/div>\n\t\t\t\t<h4>Innholdsforretning \/ NFT<\/h4>\n\t\t\t\t<p>Ikke-fungible tokens (NFT-er), representert ved digital kunst, gjenstander i blokkjedespill osv., kan ha ulik juridisk status avhengig av systemet, fra kryptovalutaaktiva til forh\u00e5ndsbetalte betalingsmidler til elektronisk registrerte overf\u00f8ringsrettigheter (verdipapirer), men de er fortsatt underlagt komplekse og strenge regler. Vi er i virksomheten med \u00e5 unders\u00f8ke lovligheten av v\u00e5re kunders virksomheter og st\u00f8tter dem fra et juridisk perspektiv.<\/p>\n\t\t\t<\/li>\n\t\t<\/ul>\n\t<\/div>\n<\/section>\n<section class=\"white-section\">\n\t<div class=\"anchor\" id=\"advanced-technology-and-financial-legislation\"><\/div>\n\t<div class=\"section-inner\">\n\t\t<div class=\"flex reverse\">\n\t\t\t<div class=\"width41\"><img decoding=\"async\" src=\"\/wp-content\/uploads\/2022\/07\/shutterstock_1144405721.png\" alt=\"Avansert teknologi og finanslovgivning\"><\/div>\n\t\t\t<div class=\"width51\">\n\t\t\t\t<h3>Avansert teknologi og finansiell lovgivning<\/h3>\n\t\t\t\t<p class=\"mgb-small\">Feltet for blokkjeder er et omr\u00e5de der bedrifter som bruker dem utvikler seg i raskt tempo, spesielt i utlandet. Selskaper som er involvert i dette feltet m\u00e5 vurdere om det er mulig \u00e5 implementere et slikt system i Japan basert p\u00e5 de nyeste utenlandske reguleringene. Vi leser f\u00f8rst materialene som er offentliggjort av slike utenlandske bedrifter basert p\u00e5 v\u00e5r IT-kunnskap om de nyeste teknologiene. Deretter unders\u00f8ker vi lovligheten av systemet i Japan i lys av det innenlandske rettssystemet, inkludert finansiell lovgivning, og administrative meninger. Vi gir deretter r\u00e5d om hvordan man lovlig kan implementere systemet i Japan, basert p\u00e5 v\u00e5re forretningsvurderinger.<\/p>\n\t\t\t\t<p>Blokkjede, inkludert kryptovaluta og NFT, er et komplekst felt som krever advokatfirmaer og advokater med h\u00f8y ekspertise i b\u00e5de IT og jus.<\/p>\n\t\t\t<\/div>\n\t\t<\/div>\n\t<\/div>\n<\/section>\n<section class=\"purple-section\">\n\t<div class=\"anchor\" id=\"providing-one-stop-solutions\"><\/div>\n\t<div class=\"section-inner\">\n\t\t<div class=\"flex reverse\">\n\t\t\t<div class=\"width51\">\n\t\t\t\t<h3>Tilbyr en komplett l\u00f8sning<\/h3>\n\t\t\t\t<p class=\"mgb-small\">V\u00e5rt firma best\u00e5r av 30 advokater og 85 ansatte, inkludert IT-konsulenter, under ledelse av grunnleggeren som er en tidligere IT-ingeni\u00f8r og eier av et IT-selskap.<\/p>\n\t\t\t\t<p>Oversettelse og teknisk forst\u00e5else av dokumenter publisert av utenlandske forretningsdrivende, samt tekniske dokumenter og koder som er opprettet internt, utf\u00f8res av den representant advokat og IT-konsulentavdelingen. Juridisk forskning, kontraktsutforming, dokumentforberedelse og andre juridiske tjenester utf\u00f8res av den representant advokat og advokaten. Dermed kan vi tilby en komplett tjeneste for en serie saker som krever h\u00f8y ekspertise innen b\u00e5de IT og jus.<\/p>\n\t\t\t<\/div>\n\t\t\t<div class=\"width41\"><img decoding=\"async\" src=\"\/wp-content\/themes\/monolith_en\/img\/operationofofmedia\/operationofofmedia_pic5.svg\" alt=\"Tilbyr en komplett l\u00f8sning\"><\/div>\n\t\t<\/div>\n\t<\/div>\n<\/section>\n<section class=\"white-section mgt-section\">\n\t<div class=\"anchor\" id=\"legal-support-for-nft-related-businesses\"><\/div>\n\t<div class=\"section-inner-black\">\n\t\t<h3>Rettshjelp for NFT-relaterte virksomheter<\/h3>\n\t\t\t\t<p class=\"mgb-small\">Non-Fungible Tokens (NFTs), hovedsakelig bygget p\u00e5 Ethereum blockchain, blir satt i praktisk bruk for \u00e5 skape unike produkter, inkludert digital kunst, blockchain-spillartikler og samlekort, samt \u00e5 representere bevis p\u00e5 eierskap til eiendom, som fast eiendom, og medlemskap i den virkelige verden. <\/p>\n\t\t\t\t<p class=\"mgb-middle\">NFTs, avhengig av deres design og forretningsordning, kan falle under kategorien kryptografiske eiendeler, forh\u00e5ndsbetalte betalingsmidler, elektroniske overf\u00f8ringsrettigheter for poster, osv. Vi st\u00f8tter NFT-relaterte virksomheter med v\u00e5r h\u00f8ye grad av ekspertise.<\/p>\n\t<\/div>\n<\/section>\n<section class=\"white-section\">\n\t<div class=\"anchor\" id=\"crypto-asset-businesses-and-custody-services\"><\/div>\n\t<div class=\"section-inner\">\n\t\t<div class=\"flex reverse\">\n\t\t\t<div class=\"width41\"><img decoding=\"async\" src=\"\/wp-content\/uploads\/2022\/07\/shutterstock_1151380622_2.png\" alt=\"Crypto Asset Businesses and Custody Services\"><\/div>\n\t\t\t<div class=\"width51\">\n\t\t\t\t<h3>Kryptovaluta virksomheter og forvaringstjenester<\/h3>\n\t\t\t\t<p class=\"mgb-small\">I henhold til den reviderte japanske &#8220;Money Settlement Act&#8221; av 2020, er n\u00e5 &#8220;forvaltning av kryptovaluta for andre (dvs. forvaringstjenester)&#8221; inkludert innenfor kryptovaluta utvekslingsvirksomhet, noe som krever registrering som en kryptovaluta tjenesteleverand\u00f8r og derfor er underlagt forskjellige reguleringer for \u00e5 implementere et system som inkluderer forvaltning av kryptovaluta. Imidlertid er disse reguleringene sv\u00e6rt belastende for de som ikke er s\u00e5kalte virtuelle valutavekslingstjenester, men bare tilbyr forvaringstjenester.<\/p>\n\t\t\t\t<p>Slike tjenester m\u00e5 bestemme seg for om de skal registrere seg og drive virksomhet som en kryptovaluta utveksler, eller om de skal h\u00e5ndtere kryptovaluta mens de unng\u00e5r registrering.<\/p>\n\t\t\t<\/div>\n\t\t<\/div>\n\t<\/div>\n<\/section>\n<section class=\"white-section mgb-section\">\n\t<div class=\"anchor\" id=\"other-crypto-assets-related-businesses\"><\/div>\n\t<div class=\"section-inner-black\">\n\t\t<h3>Andre Kryptoaktiva og Blockchain-relaterte Virksomheter<\/h3>\n\t\t<p class=\"mgb-small\">Kryptoaktiva og blockchains er teknologiske og forretningsomr\u00e5der som stadig utvikler seg. Dette inkluderer reguleringer over stablecoins, som ble regulert under den reviderte Japanese Funds Settlement Act of 2022 (Fondsbosettingsloven av 2022), og IEOs, en finansieringsmetode som vurderer virtuelle valutavekslinger, samt staking-relaterte virksomheter. V\u00e5rt firma holder seg oppdatert med de siste utviklingene og gir st\u00f8tte til slike virksomheter.<\/p>\n\t\t<p class=\"mgb-middle\">Som et advokatfirma best\u00e5ende av en grunnleggende advokat med tidligere erfaring som en tidligere IT-ingeni\u00f8r, sammen med IT-konsulenter med erfaring i \u00e5 forst\u00e5 white papers, tekniske dokumenter og andre materialer utgitt i utlandet for \u00e5 forst\u00e5 teknologien og forretningsmodellene.<\/p>\n\t<\/div>\n<\/section>\n<section class=\"orange-section\">\n\t<div class=\"anchor\" id=\"system-development\"><\/div>\n\t<div class=\"section-inner\">\n\t\t<div class=\"flex reverse\">\n\t\t\t<div class=\"width41\"><img decoding=\"async\" src=\"\/wp-content\/themes\/monolith2021\/img\/practices-itlaw\/practices-itlaw_pic1.jpg\" alt=\"Systemutvikling\"><\/div>\n\t\t\t<div class=\"width51\">\n\t\t\t\t<h3>Systemutvikling<\/h3>\n\t\t\t\t<p>MONOLITH LAW OFFICE, grunnlagt av en tidligere IT-ingeni\u00f8r, er et advokatfirma som h\u00e5ndterer kontraktsutforming, modifikasjon og kontraktsforhandlinger, samt tvistel\u00f8sning n\u00e5r problemer oppst\u00e5r, ikke bare innenfor omr\u00e5det kryptovaluta og blockchain-relaterte saker, men ogs\u00e5 i ulike h\u00f8yt spesialiserte systemutviklingssaker, som systemutvikling for virtuelle valutavekslinger. Vi h\u00e5ndterer ogs\u00e5 tvistel\u00f8sning n\u00e5r problemer oppst\u00e5r.<\/p>\n\t\t\t<\/div>\n\t\t<\/div>\n\t<\/div>\n<\/section>\n<section class=\"white-section\">\n\t<div class=\"anchor\" id=\"terms-of-use-maintenance-for-applications-etc\"><\/div>\n\t<div class=\"section-inner\">\n\t\t<div class=\"flex\">\n\t\t\t<div class=\"width41\"><img decoding=\"async\" src=\"\/wp-content\/themes\/monolith2021\/img\/practices-itlaw\/practices-itlaw_pic2.jpg\" alt=\"Document Services\"><\/div>\n\t\t\t<div class=\"width51\">\n\t\t\t\t<h3>Dokumenttjenester<\/h3>\n\t\t\t\t<p>MONOLITH LAW OFFICE h\u00e5ndterer opprettelse og revisjon av dokumenter som skisserer bruksvilk\u00e5rene og personvernpolitikkene for forskjellige apper, tjenester og spill, inkludert de for blockchain-spill, kryptografiske eiendeler og blockchain-relaterte produkter og tjenester. Vi studerer ogs\u00e5 de eksisterende bedriftsdokumentene og dataene, som kravdefinisjoner for den relevante applikasjonsutviklingen, rammeverk opprettet i Adobe XD, LP-er, salgsmateriell for potensielle kunder, osv.<\/p>\n\t\t\t<\/div>\n\t\t<\/div>\n\t<\/div>\n<\/section>\n\n<section class=\"purple2-section\">\n\t<div class=\"anchor\" id=\"monolith-law-magazine\"><\/div>\n\t<div class=\"section-inner\">\n\t\t    <section class=\"white-section temp-article\">\n        <div class=\"section-inner\">\n            <h4>MONOLITH LAW MAGAZINE<\/h4>\n            <div class=\"articles type_practice_column\">\n                                                                    <div class=\"article article-area\">\n                        <figure>\n                            <div class=\"img-wrap\">\n                                <img alt=\"Hva er kryptovaluta? En detaljert forklaring p\u00e5 den juridiske definisjonen og forskjellene fra elektroniske penger og lignende\" src=\"https:\/\/monolith.law\/no\/wp-content\/uploads\/sites\/27\/2025\/12\/comparision-electronicmoney-virtualcurrency-1.jpg\" width=\"500\" height=\"250\">\n                            <\/div>\n                            <figcaption>\n                                <div class=\"figcaption-inner\">\n                                    <h3>Hva er kryptovaluta? En detaljert forklaring p\u00e5 den juridiske definisjonen og fo.<\/h3>\n                                <\/div>\n                            <\/figcaption>\n                            <a href=\"https:\/\/monolith.law\/no\/it\/comparision-electronicmoney-virtualcurrency\"><\/a>\n                        <\/figure>\n                    <\/div>\n                                                    <div class=\"article article-area\">\n                        <figure>\n                            <div class=\"img-wrap\">\n                                <img alt=\"Hva er kravene til corporate governance for notering p\u00e5 NASDAQ?\" src=\"https:\/\/monolith.law\/no\/wp-content\/uploads\/sites\/27\/2025\/08\/19e0312b170969f265c8e568bdf254db.webp\" width=\"500\" height=\"250\">\n                            <\/div>\n                            <figcaption>\n                                <div class=\"figcaption-inner\">\n                                    <h3>Hva er kravene til corporate governance for notering p\u00e5 NASDAQ?<\/h3>\n                                <\/div>\n                            <\/figcaption>\n                            <a href=\"https:\/\/monolith.law\/no\/it\/nasdaq-corporate-governance\"><\/a>\n                        <\/figure>\n                    <\/div>\n                                                    <div class=\"article article-area\">\n                        <figure>\n                            <div class=\"img-wrap\">\n                                <img alt=\"Hva er forretningsmodeller som utnytter Web3? Forklaring av de nyeste trendene og praktiske eksempler\" src=\"https:\/\/monolith.law\/no\/wp-content\/uploads\/sites\/27\/2025\/08\/Shutterstock_2333502635.webp\" width=\"500\" height=\"250\">\n                            <\/div>\n                            <figcaption>\n                                <div class=\"figcaption-inner\">\n                                    <h3>Hva er forretningsmodeller som utnytter Web3? Forklaring av de nyeste trendene o.<\/h3>\n                                <\/div>\n                            <\/figcaption>\n                            <a href=\"https:\/\/monolith.law\/no\/it\/web3-business-model\"><\/a>\n                        <\/figure>\n                    <\/div>\n                                            <\/div>\n            <div class=\"btn-more\"><a href=\"https:\/\/monolith.law\/no\/tag\/crypto-assets-and-blockchains\">Read More<\/a><\/div>\n        <\/div>\n    <\/section>\n\t<\/div>\n<\/section>\n\n<section class=\"orange2-section\">\n\t<div class=\"anchor\" id=\"fee-structure\"><\/div>\n\t<div class=\"section-inner\">\n\t<div class=\"planWrap\">\n\t<h3>Honorarstruktur<\/h3>\n\t<ul class=\"plan\">\n\t\t<li class=\"txt-left\">\n\t\t\t<div class=\"plan-inner\">\n\t\t\t<div class=\"plan-header\">\n\t\t\t<h4 class=\"plan-title\">Timepris<\/h4>\n\t\t\t<div class=\"plan-price\"><span class=\"price-figure\">$300<\/span>per time<span class=\"price-tax\"><\/span><\/div>\n\t\t\t<\/div>\n\t\t\t<div class=\"plan-body\">I visse tilfeller kan vi vurdere \u00e5 akseptere en tvist eller et s\u00f8ksm\u00e5l med et oppstartshonorar og et resultatbasert honorar. For mer informasjon, vennligst ta kontakt med oss.<\/div>\n\t\t\t<\/div>\n\t\t<\/li>\n\t\t<li class=\"txt-left\">\n\t\t\t<div class=\"plan-inner\">\n\t\t\t<div class=\"plan-header\">\n\t\t\t<h4 class=\"plan-title\">Utarbeidelse av Kontrakter<\/h4>\n\t\t\t<div class=\"plan-price\"><span class=\"price-value\">fra<\/span><span class=\"price-figure\">$500<\/span><span class=\"price-value\">til $2,000 eller mer<\/span><span class=\"price-tax\"><\/span><\/div>\n\t\t\t<\/div>\n\t\t\t<div class=\"plan-body\">Prisstrukturen kan variere basert p\u00e5 typen og antallet kontrakter. Vi tilbyr gjerne et forel\u00f8pig kostnadsoverslag ved foresp\u00f8rsel, s\u00e5 vi oppfordrer deg til \u00e5 kontakte oss for ytterligere detaljer.<\/div>\n\t\t\t<\/div>\n\t\t<\/li>\n\t\t<li class=\"txt-left\">\n\t\t\t<div class=\"plan-inner\">\n\t\t\t<div class=\"plan-header\">\n\t\t\t<h4 class=\"plan-title\">Andre Tjenester<\/h4>\n\t\t\t<div class=\"plan-price\"><span class=\"price-figure\">Kontakt Oss<\/span><\/div>\n\t\t\t<\/div>\n\t\t\t<div class=\"plan-body\">Vi tilbyr et bredt spekter av tjenester, inkludert selskapsdannelse, kontraktsvurdering, juridiske uttalelser, saksgjennomgang eller forskningsbrev. Hvis du har noen sp\u00f8rsm\u00e5l eller bekymringer, inviterer vi deg hjertelig til \u00e5 kontakte oss. Vi vil v\u00e6re glade for \u00e5 bist\u00e5 deg.<\/div>\n\t\t\t<\/div>\n\t\t\t<\/div>\n\t\t<\/li>\n\t<\/ul>\n\t<\/div>\n\t<\/div>\n<\/section>\n\n<section class=\"white-section\">\n\t<div class=\"section-inner\">\n\t\t<div class=\"btn-area\">\n\t\t\t<div class=\"btn icon-contact\"><a href=\"\/no\/contact\">Kontakt Oss<\/a><\/div>\n\t\t<\/div>\n\t<\/div>\n<\/section>\n","protected":false},"excerpt":{"rendered":"<p>Kryptovalutaer og blokkjeder Kryptovalutaer og blokkjeder er desentraliserte databaser skapt av ulike IT-systemer, inkludert konsensusalgoritmer, kryptografi og P2P-nettverk, som er vanskelige \u00e5 endre [&hellip;]<\/p>\n","protected":false},"author":1,"featured_media":56655,"parent":0,"menu_order":6,"comment_status":"closed","ping_status":"closed","template":"other-page-temp.php","meta":{"footnotes":""},"acf":[],"_links":{"self":[{"href":"https:\/\/monolith.law\/no\/wp-json\/wp\/v2\/pages\/47528"}],"collection":[{"href":"https:\/\/monolith.law\/no\/wp-json\/wp\/v2\/pages"}],"about":[{"href":"https:\/\/monolith.law\/no\/wp-json\/wp\/v2\/types\/page"}],"author":[{"embeddable":true,"href":"https:\/\/monolith.law\/no\/wp-json\/wp\/v2\/users\/1"}],"replies":[{"embeddable":true,"href":"https:\/\/monolith.law\/no\/wp-json\/wp\/v2\/comments?post=47528"}],"version-history":[{"count":70,"href":"https:\/\/monolith.law\/no\/wp-json\/wp\/v2\/pages\/47528\/revisions"}],"predecessor-version":[{"id":62895,"href":"https:\/\/monolith.law\/no\/wp-json\/wp\/v2\/pages\/47528\/revisions\/62895"}],"wp:featuredmedia":[{"embeddable":true,"href":"https:\/\/monolith.law\/no\/wp-json\/wp\/v2\/media\/56655"}],"wp:attachment":[{"href":"https:\/\/monolith.law\/no\/wp-json\/wp\/v2\/media?parent=47528"}],"curies":[{"name":"wp","href":"https:\/\/api.w.org\/{rel}","templated":true}]}}