{"id":55708,"date":"2023-11-06T23:40:04","date_gmt":"2023-11-06T14:40:04","guid":{"rendered":"https:\/\/monolith.law\/no\/?page_id=55708"},"modified":"2023-12-28T13:41:48","modified_gmt":"2023-12-28T04:41:48","slug":"ai","status":"publish","type":"page","link":"https:\/\/monolith.law\/no\/ai","title":{"rendered":"AI (ChatGPT osv.)"},"content":{"rendered":"\n<section class=\"heading-area\">\n\t<div class=\"heading-area-inner\">\n\t\t<h2 class=\"icon-ai\">AI (ChatGPT osv.)<\/h2>\n\t\t<p>Hos MONOLITH LAW OFFICE har vi samlet et team av h\u00f8yt kvalifiserte advokater og ingeni\u00f8rer som spesialiserer seg p\u00e5 AI. Vi er dedikert til \u00e5 tilby omfattende juridisk st\u00f8tte til bedrifter som driver med AI-utvikling, inkludert ChatGPT. V\u00e5re tjenester dekker et bredt spekter av omr\u00e5der, som kontraktsutforming, vurdering av forretningsmodellers lovlighet, beskyttelse av immaterielle rettigheter og h\u00e5ndtering av personvernssp\u00f8rsm\u00e5l.<\/p>\n\t<\/div>\n<\/section>\n<section class=\"white-section\">\n\t<div class=\"section-inner pdt0 border-bottom-section\">\n\t\t<p>Den raske utviklingen av AI-teknologi, spesielt innen naturlig spr\u00e5kbehandling som ChatGPT, har \u00e5pnet opp nye muligheter og forretningsmuligheter. Men det har ogs\u00e5 f\u00f8rt til ulike juridiske utfordringer. For eksempel er det p\u00e5g\u00e5ende debatter om beskyttelse av tekst generert av ChatGPT under japansk opphavsrettslov. I tillegg st\u00e5r AI-bedrifter overfor juridiske risikoer knyttet til konfidensialitet og personvern. For \u00e5 effektivt navigere disse kompleksitetene, er det avgj\u00f8rende \u00e5 ha juridiske eksperter som besitter en dyp forst\u00e5else av AI-relaterte juridiske sp\u00f8rsm\u00e5l. Hos MONOLITH LAW OFFICE har vi etablert et dedikert team av advokater og ingeni\u00f8rer med ekspertise i IT, noe som gj\u00f8r at vi kan tilby spesialisert st\u00f8tte for AI-bedrifter.<\/p>\n\t<\/div>\n<\/section>\n<section class=\"second-nav\">\n\t<div class=\"second-nav-inner\">\n\t\t<p>EMNER<\/p>\n\t\t<nav>\n\t\t\t<ul>\n\t\t\t\t<li><a href=\"#leading-legal-support-for-the-dynamic-ai-industry\">Ledende juridisk st\u00f8tte for den dynamiske AI-industrien<\/a><\/li>\n\t\t\t\t<li><a href=\"#characteristics-of-ai-legal-services\">Kjennetegn ved juridiske AI-tjenester<\/a><\/li>\n\t\t\t\t<li><a href=\"#drafts-can-be-generated-with-minimal-consultation\">Utkast kan genereres med minimal konsultasjon<\/a><\/li>\n\t\t\t\t<li><a href=\"#drafting-terms-of-use-for-ai-services\">Utarbeidelse av bruksvilk\u00e5r for AI-tjenester<\/a><\/li>\n\t\t\t\t<li><a href=\"#compliance-with-chatgpt-terms-of-use\">Overholdelse av ChatGPTs bruksvilk\u00e5r<\/a><\/li>\n\t\t\t\t<li><a href=\"#crawling-and-copyright-for-ai\">Crawling og opphavsrett for AI<\/a><\/li>\n\t\t\t\t<li><a href=\"#copyright-and-other-ip-issues\">Opphavsrett og andre IP-sp\u00f8rsm\u00e5l<\/a><\/li>\n\t\t\t\t<li><a href=\"#legal-considerations-for-system-development\">Juridiske betraktninger for systemutvikling<\/a><\/li>\n\t\t\t\t<li><a href=\"#providing-comprehensive-solutions\">\u00c5 tilby omfattende l\u00f8sninger<\/a><\/li>\n\t\t\t\t<li><a href=\"#monolith-law-magazine\">MONOLITH LAW MAGAZINE<\/a><\/li>\n\t\t\t\t<li><a href=\"#fee-structure\">Prisstruktur<\/a><\/li>\n\t\t\t<\/ul>\n\t\t<\/nav>\n\t<\/div>\n<\/section>\n<section class=\"white-section\">\n\t<div class=\"anchor\" id=\"leading-legal-support-for-the-dynamic-ai-industry\"><\/div>\n\t<div class=\"section-inner pdb0\">\n\t\t<h3>Ledende juridisk st\u00f8tte for den dynamiske AI-industrien<\/h3>\n\t\t<div class=\"max-width980 mgb-small\"><img decoding=\"async\" src=\"\/wp-content\/uploads\/2023\/05\/aiteam.jpg\" alt=\"Ledende juridisk st\u00f8tte for den dynamiske AI-industrien\"><\/div>\n\t\t<div class=\"frame2 max-width860 txt-center-pc\">\n\t\t\t<p class=\"bold txt-l\">MONOLITH LAW OFFICE tilbyr f\u00f8rsteklasses juridisk st\u00f8tte for AI-teknologi, med et team av advokater som har bakgrunn som tidligere og n\u00e5v\u00e6rende IT-ingeni\u00f8rer. Vi forst\u00e5r utfordringene og mulighetene i den dynamiske AI-industrien og tilbyr skreddersydde juridiske l\u00f8sninger for \u00e5 hjelpe bedrifter med \u00e5 lykkes i dette utviklende feltet.<\/p>\n\t\t<\/div>\n\t<\/div>\n<\/section>\n\n<section class=\"white-section\">\n\t<div class=\"anchor\" id=\"characteristics-of-ai-legal-services\"><\/div>\n\t<div class=\"section-inner\">\n\t\t<h3>Kjennetegn ved AI-juridiske tjenester<\/h3>\n\t\t<ul class=\"layout-datalist\">\n\t\t\t<li>\n\t\t\t\t<h4>IT-ekspertise<\/h4>\n\t\t\t\t<p>Advokater som tilbyr juridiske tjenester innen AI m\u00e5 ha en dyp forst\u00e5else av de nyeste teknologiene for \u00e5 kunne st\u00f8tte virksomheter som bruker AI effektivt. Dette inkluderer \u00e5 vurdere lovligheten av forretningsmodeller og produkter drevet av AI, samt \u00e5 utarbeide forslag, bruksvilk\u00e5r og kontrakter basert p\u00e5 et solid grep om den underliggende teknologien.<\/p>\n\t\t\t<\/li>\n\t\t\t<li>\n\t\t\t\t<h4>IP og PII<\/h4>\n\t\t\t\t<p>Advokater som arbeider med AI-juridiske saker m\u00e5 ha omfattende kunnskap om lover og forskrifter for immaterielle rettigheter, spesielt i forhold til opphavsrettsbeskyttelse for AI-generert innhold. I tillegg m\u00e5 de v\u00e6re godt kjent med lover og forskrifter relatert til personopplysninger, inkludert overholdelse av nasjonale og internasjonale personvernlover som GDPR og Japans lov om beskyttelse av personopplysninger (Japanese Personal Information Protection Law).<\/p>\n\t\t\t<\/li>\n\t\t\t<li>\n\t\t\t\t<h4>Reguleringer av AI-verkt\u00f8y<\/h4>\n\t\t\t\t<p>AI-juridiske tjenester krever en grundig forst\u00e5else av bruksvilk\u00e5rene for AI-verkt\u00f8y, som for eksempel ChatGPT. Disse vilk\u00e5rene styrer viktige aspekter som immaterielle rettigheter, konfidensialitet og restriksjoner p\u00e5 bruk av tjenesten. For \u00e5 unng\u00e5 potensielle juridiske problemer er det avgj\u00f8rende at advokater har inng\u00e5ende kunnskap om disse vilk\u00e5rene og sikrer at AI-tjenester overholder dem. Manglende overholdelse av vilk\u00e5rene kan f\u00f8re til suspensjon av tjenesten eller juridiske konsekvenser.<\/p>\n\t\t\t<\/li>\n\t\t<\/ul>\n\t<\/div>\n<\/section>\n\n<section class=\"white-section mgb-section\">\n\t<div class=\"anchor\" id=\"drafts-can-be-generated-with-minimal-consultation\"><\/div>\n\t<div class=\"section-inner-black\">\n\t\t<h3>Utkast kan genereres med minimal konsultasjon<\/h3>\n\t\t\t\t<p class=\"mgb-small\">Advokater som er involvert i tjenester og produkter som utnytter AI-teknologi, m\u00e5 ha en omfattende forst\u00e5else av den spesifikke oppf\u00f8rselen som AI-systemet viser. Dette inkluderer en dyp kunnskap om de spesifikke prosessene som AI utf\u00f8rer, utdataene den genererer, og treningsdataene den er avhengig av. \u00c5 ikke forst\u00e5 disse detaljene n\u00f8yaktig kan f\u00f8re til feilaktige konklusjoner n\u00e5r man vurderer lovligheten av tjenesten eller produktet. I v\u00e5r firma er vi godt rustet til \u00e5 h\u00e5ndtere slike komplekse juridiske saker. Med et team av 16 IT-konsulenter, inkludert v\u00e5r hovedadvokat som har bakgrunn som IT-ingeni\u00f8r, har vi den n\u00f8dvendige ekspertisen til \u00e5 raskt og effektivt gjennomf\u00f8re juridiske vurderinger. Ved \u00e5 minimere behovet for omfattende h\u00f8ringer og prosedyrer, kan vi fremskynde prosessen, forkorte arbeidsperioden, og gi v\u00e5re klienter en s\u00f8ml\u00f8s og effektiv respons.<\/p>\n\t<\/div>\n<\/section>\n\n<section class=\"purple-section\">\n\t<div class=\"anchor\" id=\"drafting-terms-of-use-for-ai-services\"><\/div>\n\t<div class=\"section-inner\">\n\t\t<div class=\"flex reverse\">\n\t\t\t<div class=\"width41\"><img decoding=\"async\" src=\"\/wp-content\/uploads\/2023\/04\/terms-of-service.jpg\" alt=\"Opprettelse av brukervilk\u00e5r osv.\"><\/div>\n\t\t\t<div class=\"width51\">\n\t\t\t\t<h3>Utarbeidelse av bruksvilk\u00e5r for AI-tjenester<\/h3>\n\t\t\t\t<p class=\"mgb-small\">Det er avgj\u00f8rende \u00e5 utforme presise og skreddersydde bruksvilk\u00e5r for \u00e5 redusere juridiske risikoer, spesielt med tanke p\u00e5 opphavsrett og personvernlovgivning, i sammenheng med AI-relaterte tjenester og produkter. Hos MONOLITH LAW OFFICE har vi omfattende erfaring og ekspertise i \u00e5 utarbeide bruksvilk\u00e5r for banebrytende teknologier, inkludert AI.<\/p>\n\t\t\t\t<p class=\"mgb-small\">N\u00e5r vi utformer bruksvilk\u00e5r, tar vi hensyn til de spesifikke driftsdetaljene og brukeregenskapene til din tjeneste eller ditt produkt. M\u00e5let v\u00e5rt er \u00e5 skape bruksvilk\u00e5r som er i tr\u00e5d med din unike forretningsmodell og karakteristika. Med v\u00e5r st\u00f8tte kan du forvente bruksvilk\u00e5r som beskytter selskapets interesser samtidig som de sikrer en smidig drift av virksomheten din. I tillegg s\u00f8rger vi for at bruksvilk\u00e5rene overholder juridiske krav knyttet til opphavsrett og personvern.<\/p>\n\t\t\t\t<p>V\u00e5rt team er dedikert til \u00e5 tilby deg tilpassede og omfattende juridiske l\u00f8sninger, spesielt utformet for dine AI-tjenester og produkter. Stol p\u00e5 oss for \u00e5 h\u00e5ndtere kompleksiteten i juridiske sp\u00f8rsm\u00e5l relatert til AI og levere bruksvilk\u00e5r som m\u00f8ter dine behov samtidig som de sikrer juridisk overholdelse.<\/p>\n\t\t\t<\/div>\n\t\t<\/div>\n\t<\/div>\n<\/section>\n\n<section class=\"white-section\">\n\t<div class=\"anchor\" id=\"compliance-with-chatgpt-terms-of-use\"><\/div>\n\t<div class=\"section-inner\">\n\t\t<h3>Overholdelse av ChatGPTs bruksvilk\u00e5r<\/h3>\n\t\t<p class=\"mgb-small\">\u00c5 overholde bruksvilk\u00e5rene for tjenester som ChatGPT er avgj\u00f8rende for \u00e5 minimere juridiske risikoer og sikre smidig drift av virksomheten. Disse vilk\u00e5rene skisserer tydelig forpliktelser, restriksjoner og retningslinjer som brukerne m\u00e5 f\u00f8lge. De dekker viktige aspekter som beskyttelse av immaterielle rettigheter, h\u00e5ndtering av konfidensiell informasjon, omfanget av tjenestebruk og forbudte aktiviteter. (<u>Beskrivelsene p\u00e5 denne siden oppdateres ikke hver gang ChatGPTs bruksvilk\u00e5r revideres.<\/u> Disse beskrivelsene er kun gitt som illustrerende eksempler p\u00e5 de forskjellige aspektene som slike bestemmelser adresserer. V\u00e5re kunder mottar oppdatert informasjon om innholdet i vilk\u00e5rene og betingelsene per den nyeste versjonen, og v\u00e5re juridiske tjenester er basert p\u00e5 oppdatert informasjon.)<\/p>\n\t\t<p class=\"mgb-small\">Hos MONOLITH LAW OFFICE har vi en dyp forst\u00e5else ikke bare av japansk lov, men ogs\u00e5 av de spesifikke bruksvilk\u00e5rene for tjenester som ChatGPT. Dette gj\u00f8r at vi kan vurdere risikoer og gi skreddersydde anbefalinger relatert til forretningsmodeller i forhold til disse bestemmelsene. Vi holder oss oppdatert med de nyeste bruksvilk\u00e5rene og gir tilpasset veiledning basert p\u00e5 v\u00e5re kunders spesifikke forretningsmodeller og tjenester.<\/p>\n\t\t<p class=\"mgb-middle\">\u00c5 overholde bruksvilk\u00e5rene er essensielt for \u00e5 unng\u00e5 potensielle risikoer som tjenestestans, ansvar for skader eller krenkelse av immaterielle rettigheter som f\u00f8lge av overtredelser. MONOLITH LAW OFFICE tilbyr omfattende juridiske tjenester, inkludert \u00e5 sikre overholdelse av tjenestevilk\u00e5r, for \u00e5 hjelpe v\u00e5re kunder med \u00e5 drive virksomheten sin trygt og innenfor lovens rammer.<\/p>\n\t\t<table class=\"type05\">\n\t\t<thead>\n\t\t<tr>\n\t\t<th>Seksjon<\/th>\n\t\t<th>Innhold i reguleringen<\/th>\n\t\t<\/tr>\n\t\t<\/thead>\n\t\t<tbody>\n\t\t<tr>\n\t\t<td>Bruk til konsultasjon innenfor ekspertiseomr\u00e5der<\/td>\n\t\t<td>Kvalifiserte individer (innen juridiske, medisinske, finansielle osv. felt) kan ikke gi individualisert r\u00e5dgivning basert utelukkende p\u00e5 ChatGPTs svar uten \u00e5 verifisere informasjonskilden. Bruk av ChatGPT for &#8220;medisinsk konsultasjon&#8221; ang\u00e5ende alvorlige medisinske tilstander er forbudt.<\/td>\n\t\t<\/tr>\n\t\t<tr>\n\t\t<td>Informasjonssammendragsnettsteder p\u00e5 spesialiserte omr\u00e5der<\/td>\n\t\t<td>N\u00e5r man bruker AI for \u00e5 skape artikler som gir informasjon p\u00e5 spesialiserte omr\u00e5der som medisin, finans og jus, som kan v\u00e6re underlagt forretningslovgivning, som sammendragsnettsteder som samler nyhetsrapporter, er det n\u00f8dvendig \u00e5 tydelig opplyse om bruk av AI og begrensningene i informasjonens n\u00f8yaktighet. Dette gjelder ogs\u00e5 for &#8220;noen-lignende&#8221; samtaler.<\/td>\n\t\t<\/tr>\n\t\t<tr>\n\t\t<td>&#8220;Noen-lignende&#8221; samtaler<\/td>\n\t\t<td>Unntatt for historiske offentlige figurer, n\u00e5r man bruker chatbots for &#8220;noen-lignende&#8221; samtaler, m\u00e5 det eksplisitt angis at det er en parodi eller en samtale som simulerer en bestemt person.<\/td>\n\t\t<\/tr>\n\t\t<tr>\n\t\t<td>Bruk av inndata og innhold generert av OpenAI<\/td>\n\t\t<td>Per 1. mars 2023 er det spesifisert at innholdet ikke vil bli brukt til \u00e5 forbedre kvaliteten p\u00e5 tjenesten i API-samarbeid. Videre, fra og med 25. april samme \u00e5r, er avvisning av ikke-API-koblet bruk mulig avhengig av kontoinnstillinger. Men, med tanke p\u00e5 bestemmelsen om at informasjonen beholdes i 30 dager, kan man anta at noe innholdsinformasjon forblir, om enn ikke teknisk.<\/td>\n\t\t<\/tr>\n\t\t<tr>\n\t\t<td>Bruk i offentlig administrasjon<\/td>\n\t\t<td>\u00c5 generere chatbots for valgkampanjer og skape personlig valgmateriell er forbudt.<\/td>\n\t\t<\/tr>\n\t\t<tr>\n\t\t<td>Bruk i valgkampanjer<\/td>\n\t\t<td>Selv om det har dukket opp noen initiativer for \u00e5 bruke AI i offentlig administrasjon, er bruken av det i h\u00f8yprofilerte politiske beslutninger som kriminelle rettssaker og asyls\u00f8knader forbudt.<\/td>\n\t\t<\/tr>\n\t\t<tr>\n\t\t<td>Reguleringer p\u00e5 tjenestenavn<\/td>\n\t\t<td>Navn som &#8220;****** GPT,&#8221; &#8220;GPT-4 drevet ******&#8221; eller &#8220;ChatGPT drevet ******&#8221; er ikke tillatt, mens navn som &#8220;Drevet av GPT-4&#8221; eller &#8220;Bygget med GPT-4&#8221; er tillatt.<\/td>\n\t\t<\/tr>\n\t\t<\/tbody>\n\t\t<\/table>\n\t<\/div>\n<\/section>\n\n<section class=\"orange2-section\">\n\t<div class=\"anchor\" id=\"crawling-and-copyright-for-ai\"><\/div>\n\t<div class=\"section-inner\">\n\t\t<h3>Crawling og opphavsrett for AI<\/h3>\n\t\t<p class=\"mgb-small\">Bruken av ulike AI-teknologier, inkludert bildegenererende AI som &#8220;Stable Diffusion&#8221; og &#8220;Midjourney&#8221;, samt tekstgenererende AI som &#8220;ChatGPT&#8221;, har f\u00e5tt betydelig oppmerksomhet. Det er imidlertid viktig \u00e5 v\u00e6re oppmerksom p\u00e5 de potensielle juridiske risikoene forbundet med crawling og datainnsamling ved bruk av AI, spesielt med tanke p\u00e5 opphavsrettsbrudd.<\/p>\n\t\t<p class=\"mgb-small\">I 2019 ble den japanske opphavsrettsloven (Copyright Law) revidert, og tillot i prinsippet innsamling, behandling og bruk av opphavsrettsbeskyttede bilder for maskinl\u00e6ringsform\u00e5l. Det tillater ogs\u00e5 tilveiebringelse (salg, overf\u00f8ring osv.) av innsamlede data for l\u00e6ring til tredjeparter.<\/p>\n\t\t<p class=\"mgb-small\">Tjenester som bruker AI kan likevel krenke opphavsretten i Japan hvis de urimelig skader interessene til opphavsrettsinnehavere, eller hvis de avviker fra bestemmelsene som er skissert i opphavsrettsloven. For eksempel, hvis et nettsted eksplisitt forbyr datainnsamling og ekstraksjon for maskinl\u00e6ring eller informasjonsanalyse i sine brukervilk\u00e5r eller lisensavtaler, kan innsamling av bilder uten tillatelse og trening av en maskinl\u00e6ringsmodell basert p\u00e5 disse bildene etter \u00e5 ha &#8220;godtatt&#8221; brukervilk\u00e5rene utgj\u00f8re et opphavsrettsbrudd.<\/p>\n\t\t<p class=\"mgb-small\">Det er verdt \u00e5 merke seg at syntetiske bilder generert av AI ved hjelp av teknikker som Generative Adversarial Networks (GANs) generelt ikke krenker opphavsrettighetene til de originale bildene. I Japan anses disse genererte bildene for \u00e5 v\u00e6re nyopprettet gjennom maskinl\u00e6ringsprosessen og betraktes ikke som reproduksjoner eller tilpasninger av de originale bildene.<\/p>\n\t\t<p>\u00c5 forst\u00e5 de juridiske implikasjonene av opphavsrett under japansk lov er avgj\u00f8rende n\u00e5r man utvikler AI-relaterte tjenester og produkter. MONOLITH LAW OFFICE har et team av advokater og ingeni\u00f8rer som besitter ekspertise i AI-relaterte juridiske sp\u00f8rsm\u00e5l og kan tilby passende r\u00e5d og juridisk st\u00f8tte p\u00e5 dette feltet.<\/p>\n\t<\/div>\n<\/section>\n\n<section class=\"orange-section\">\n\t<div class=\"anchor\" id=\"copyright-and-other-ip-issues\"><\/div>\n\t<div class=\"section-inner\">\n\t\t<div class=\"flex reverse\">\n\t\t\t<div class=\"width41\"><img decoding=\"async\" src=\"\/wp-content\/uploads\/2023\/04\/intellectual-property.jpg\" alt=\"Opphavsrett og andre IP-sp\u00f8rsm\u00e5l\"><\/div>\n\t\t\t<div class=\"width51\">\n\t\t\t\t<h3>Opphavsrett og andre sp\u00f8rsm\u00e5l om immateriell eiendom<\/h3>\n\t\t\t\t<p class=\"mgb-small\">Tjenester og produkter relatert til AI byr p\u00e5 ulike utfordringer og kompleksiteter n\u00e5r det gjelder opphavsrett og andre immaterielle eiendomsrelaterte saker. Et fremtredende problem er opphavsrettsstatusen til verk og innhold generert av AI. Selv om disse verkene kan v\u00e6re underlagt opphavsrettsbeskyttelse, kan det v\u00e6re vanskelig \u00e5 fastsl\u00e5 den rettmessige eieren eller skaperen n\u00e5r verket er generert av AI. Denne uklarheten \u00f8ker risikoen for opphavsrettsbrudd. I tillegg, n\u00e5r AI-genererte verk inkorporerer flere opphavsrettsbeskyttede verk, kan det bli komplisert \u00e5 h\u00e5ndtere rettighetene til flere opphavsrettsinnehavere.<\/p>\n\t\t\t\t<p>Hos MONOLITH LAW OFFICE har vi omfattende erfaring med \u00e5 h\u00e5ndtere avanserte IT- og immateriell eiendomsrelaterte saker. V\u00e5r firma er godt utrustet for \u00e5 navigere disse nye problemstillingene og tilby effektiv juridisk st\u00f8tte. Med v\u00e5r ekspertise p\u00e5 feltet kan vi bist\u00e5 klienter med \u00e5 adressere opphavsrettslige og immaterielle eiendomsbekymringer i AI-verdenen.<\/p>\n\t\t\t<\/div>\n\t\t<\/div>\n\t<\/div>\n<\/section>\n\n<section class=\"white-section\">\n\t<div class=\"anchor\" id=\"legal-considerations-for-system-development\"><\/div>\n\t<div class=\"section-inner\">\n\t\t<div class=\"flex\">\n\t\t\t<div class=\"width41\"><img decoding=\"async\" src=\"\/wp-content\/uploads\/2023\/04\/System-development.jpg\" alt=\"Juridiske betraktninger for systemutvikling\"><\/div>\n\t\t\t<div class=\"width51\">\n\t\t\t\t<h3>Juridiske betraktninger for systemutvikling<\/h3>\n\t\t\t\t<p class=\"mgb-small\">Systemutvikling som involverer avanserte teknologier som AI-modeller bygget p\u00e5 dyp l\u00e6ring og forsterkningsl\u00e6ringsalgoritmer krever ikke bare teknisk ekspertise, men ogs\u00e5 omfattende juridisk st\u00f8tte. Kompleksiteten i slik utvikling n\u00f8dvendiggj\u00f8r n\u00f8ye oppmerksomhet til juridiske sp\u00f8rsm\u00e5l.<\/p>\n\t\t\t\t<p class=\"mgb-small\">I praksis mangler mange kontrakter som brukes i avansert systemutvikling klarhet n\u00e5r det gjelder \u00e5 adressere spesifikke problematiske scenarioer som kan f\u00f8re til tvister. For eksempel kan en kontrakt inneholde abstrakte juridiske klausuler som ansvar for manglende overensstemmelse under japansk lov. Uten \u00e5 eksplisitt angi de spesifikke omstendighetene som er relevante for systemet eller saken, kan slike klausuler imidlertid v\u00e6re ineffektive i en rettssal.<\/p>\n\t\t\t\t<p>Som en advokatfirma ledet av en advokat med bakgrunn i IT-ingeni\u00f8rfag, anerkjenner vi viktigheten av \u00e5 forst\u00e5 nyansene i systemutvikling dypt. Denne forst\u00e5elsen strekker seg til utforming av kontrakter, for \u00e5 sikre at de n\u00f8yaktig fanger opp de spesifikke nyansene i systemet og effektivt beskytter interessene til v\u00e5re klienter. Vi tilbyr omfattende juridiske tjenester som blander teknisk kunnskap og juridisk ekspertise for \u00e5 st\u00f8tte v\u00e5re klienter i \u00e5 navigere de juridiske aspektene ved systemutvikling. MONOLITH LAW OFFICE har et team av advokater og ingeni\u00f8rer som spesialiserer seg p\u00e5 juridiske sp\u00f8rsm\u00e5l knyttet til AI, og kan tilby relevant r\u00e5dgivning og juridisk st\u00f8tte p\u00e5 dette omr\u00e5det.<\/p>\n\t\t\t<\/div>\n\t\t<\/div>\n\t<\/div>\n<\/section>\n\n<section class=\"purple-section\">\n\t<div class=\"anchor\" id=\"providing-comprehensive-solutions\"><\/div>\n\t<div class=\"section-inner\">\n\t\t<div class=\"flex\">\n\t\t\t<div class=\"width51\">\n\t\t\t\t<h3>\u00c5 tilby omfattende l\u00f8sninger<\/h3>\n\t\t\t\t<p class=\"mgb-small\">I v\u00e5r firma, MONOLITH LAW OFFICE, har vi samlet et team best\u00e5ende av 30 advokater og 85 ansatte, inkludert aktive IT-ingeni\u00f8rer og IT-konsulenter. Under ledelse av v\u00e5r representantadvokat Toki Kawase, som har verdifull erfaring som tidligere IT-ingeni\u00f8r og eier av et IT-selskap, tilbyr vi en unik kombinasjon av IT- og juridisk ekspertise.<\/p>\n\t\t\t\t<p class=\"mgb-small\">V\u00e5rt team er rustet til \u00e5 h\u00e5ndtere et bredt spekter av oppgaver p\u00e5 en s\u00f8ml\u00f8s m\u00e5te. Representantadvokatene og IT-konsulentavdelingen samarbeider om \u00e5 oversette og forst\u00e5 de nyeste tekniske dokumentene og ulike bruksvilk\u00e5r. De har ogs\u00e5 evnen til \u00e5 forst\u00e5 tekniske dokumenter og koder som er utviklet internt. P\u00e5 den annen side utf\u00f8rer v\u00e5re advokater grundig juridisk forskning, utarbeider kontrakter og utf\u00f8rer andre juridiske oppgaver.<\/p>\n\t\t\t\t<p>Ved \u00e5 integrere v\u00e5r IT- og juridiske kunnskap, tilbyr vi en omfattende en-stopps service som im\u00f8tekommer v\u00e5re klienters spesifikke behov. V\u00e5r tverrfaglige tiln\u00e6rming gj\u00f8r oss i stand til \u00e5 takle komplekse problemstillinger som krever h\u00f8y ekspertise b\u00e5de innen IT og juss. Vi er forpliktet til \u00e5 levere eksepsjonelle l\u00f8sninger som kombinerer teknisk dyktighet med juridisk kompetanse.<\/p>\n\t\t\t<\/div>\n\t\t\t<div class=\"width41\"><img decoding=\"async\" src=\"\/wp-content\/themes\/monolith_en\/img\/operationofofmedia\/operationofofmedia_pic5.svg\" alt=\"Providing Comprehensive Solutions\"><\/div>\n\t\t<\/div>\n\t<\/div>\n<\/section>\n\n<section class=\"purple2-section\">\n\t<div class=\"anchor\" id=\"monolith-law-magazine\"><\/div>\n\t<div class=\"section-inner\">\n\t\t    <section class=\"white-section temp-article\">\n        <div class=\"section-inner\">\n            <h4>MONOLITH LAW MAGAZINE<\/h4>\n            <div class=\"articles type_practice_column\">\n                                                            <\/div>\n            <div class=\"btn-more\"><a href=\"https:\/\/monolith.law\/no\/tag\/ai\">Read More<\/a><\/div>\n        <\/div>\n    <\/section>\n\t<\/div>\n<\/section>\n<section class=\"orange2-section\">\n\t<div class=\"anchor\" id=\"fee-structure\"><\/div>\n\t<div class=\"section-inner\">\n\t<div class=\"planWrap\">\n\t<h3>Honorarstruktur<\/h3>\n\t<ul class=\"plan\">\n\t\t<li class=\"txt-left\">\n\t\t\t<div class=\"plan-inner\">\n\t\t\t<div class=\"plan-header\">\n\t\t\t<h4 class=\"plan-title\">Timepris<\/h4>\n\t\t\t<div class=\"plan-price\"><span class=\"price-figure\">$300<\/span>per time<span class=\"price-tax\"><\/span><\/div>\n\t\t\t<\/div>\n\t\t\t<div class=\"plan-body\">I visse tilfeller kan vi vurdere \u00e5 akseptere en tvist eller s\u00f8ksm\u00e5l med et oppstartshonorar og et resultatbasert honorar. For mer informasjon, vennligst ta kontakt med oss.<\/div>\n\t\t\t<\/div>\n\t\t<\/li>\n\t\t<li class=\"txt-left\">\n\t\t\t<div class=\"plan-inner\">\n\t\t\t<div class=\"plan-header\">\n\t\t\t<h4 class=\"plan-title\">Utarbeidelse av Kontrakter<\/h4>\n\t\t\t<div class=\"plan-price\"><span class=\"price-value\">fra<\/span><span class=\"price-figure\">$500<\/span><span class=\"price-value\">til $2,000 eller mer<\/span><span class=\"price-tax\"><\/span><\/div>\n\t\t\t<\/div>\n\t\t\t<div class=\"plan-body\">Prisstrukturen kan variere basert p\u00e5 typen og antallet kontrakter. Vi tilbyr gjerne et forel\u00f8pig kostnadsoverslag ved foresp\u00f8rsel, s\u00e5 vi oppfordrer deg til \u00e5 kontakte oss for ytterligere detaljer.<\/div>\n\t\t\t<\/div>\n\t\t<\/li>\n\t\t<li class=\"txt-left\">\n\t\t\t<div class=\"plan-inner\">\n\t\t\t<div class=\"plan-header\">\n\t\t\t<h4 class=\"plan-title\">Andre Tjenester<\/h4>\n\t\t\t<div class=\"plan-price\"><span class=\"price-figure\">Kontakt Oss<\/span><\/div>\n\t\t\t<\/div>\n\t\t\t<div class=\"plan-body\">Vi tilbyr et bredt spekter av tjenester, inkludert selskapsdannelse, kontraktsvurdering, juridiske uttalelser, saksgjennomgang eller forskningsbrev. Hvis du har noen sp\u00f8rsm\u00e5l eller bekymringer, inviterer vi deg hjertelig til \u00e5 kontakte oss, og v\u00e5rt kunnskapsrike team vil v\u00e6re glade for \u00e5 assistere deg.<\/div>\n\t\t\t<\/div>\n\t\t\t<\/div>\n\t\t<\/li>\n\t<\/ul>\n\t<\/div>\n\t<\/div>\n<\/section>\n\n<section class=\"white-section\">\n\t<div class=\"section-inner\">\n\t\t<div class=\"btn-area\">\n\t\t\t<div class=\"btn icon-contact\"><a href=\"\/no\/contact\">Kontakt Oss<\/a><\/div>\n\t\t<\/div>\n\t<\/div>\n<\/section>\n","protected":false},"excerpt":{"rendered":"<p>AI (ChatGPT osv.) Hos MONOLITH LAW OFFICE har vi samlet et team av h\u00f8yt kvalifiserte advokater og ingeni\u00f8rer som spesialiserer seg p\u00e5 AI. Vi er dedikert til \u00e5 tilby omfattende juridisk st\u00f8tte til bedr [&hellip;]<\/p>\n","protected":false},"author":1,"featured_media":57157,"parent":0,"menu_order":6,"comment_status":"closed","ping_status":"closed","template":"other-page-temp.php","meta":{"footnotes":""},"acf":[],"_links":{"self":[{"href":"https:\/\/monolith.law\/no\/wp-json\/wp\/v2\/pages\/55708"}],"collection":[{"href":"https:\/\/monolith.law\/no\/wp-json\/wp\/v2\/pages"}],"about":[{"href":"https:\/\/monolith.law\/no\/wp-json\/wp\/v2\/types\/page"}],"author":[{"embeddable":true,"href":"https:\/\/monolith.law\/no\/wp-json\/wp\/v2\/users\/1"}],"replies":[{"embeddable":true,"href":"https:\/\/monolith.law\/no\/wp-json\/wp\/v2\/comments?post=55708"}],"version-history":[{"count":20,"href":"https:\/\/monolith.law\/no\/wp-json\/wp\/v2\/pages\/55708\/revisions"}],"predecessor-version":[{"id":62605,"href":"https:\/\/monolith.law\/no\/wp-json\/wp\/v2\/pages\/55708\/revisions\/62605"}],"wp:featuredmedia":[{"embeddable":true,"href":"https:\/\/monolith.law\/no\/wp-json\/wp\/v2\/media\/57157"}],"wp:attachment":[{"href":"https:\/\/monolith.law\/no\/wp-json\/wp\/v2\/media?parent=55708"}],"curies":[{"name":"wp","href":"https:\/\/api.w.org\/{rel}","templated":true}]}}