{"id":55833,"date":"2023-11-05T23:40:21","date_gmt":"2023-11-05T14:40:21","guid":{"rendered":"https:\/\/monolith.law\/no\/?page_id=55833"},"modified":"2024-08-14T13:00:58","modified_gmt":"2024-08-14T04:00:58","slug":"legal-support-for-youtuber","status":"publish","type":"page","link":"https:\/\/monolith.law\/no\/legal-support-for-youtuber","title":{"rendered":"Juridisk st\u00f8tte for YouTubere"},"content":{"rendered":"\n<section class=\"heading-area\">\n\t<div class=\"heading-area-inner\">\n\t\t<h2 class=\"icon-legal-support-for-youtuber\">Juridisk st\u00f8tte for YouTubere<\/h2>\n\t\t<p>\u00c5 h\u00e5ndtere online influencere krever kunnskap som skiller seg fra tradisjonell underholdningsproduksjon og medieh\u00e5ndtering. Vi forst\u00e5r de intrikate detaljene i japansk lov og internettets s\u00e6regenheter, noe som gj\u00f8r oss i stand til \u00e5 tilby solid st\u00f8tte for din bedrift i \u00e5 formidle informasjon gjennom et system som kontinuerlig oppdateres med den nyeste informasjonen om japansk lov.<\/p>\n\t<\/div>\n<\/section>\n\n<section class=\"white-section\">\n\t<div class=\"section-inner pdt0 border-bottom-section\">\n\t\t<p>YouTube-kanaler som forvaltes av YouTuber-byr\u00e5er, selskaper som driver med virtuelle YouTubere (VTubere), og forretningsvirksomheter trenger alle juridiske r\u00e5dgivere med spesialisert kunnskap og erfaring i Japan.<br>V\u00e5re klienter inkluderer store japanske YouTuber-forvaltningsselskaper, fremtredende individuelle YouTubere og ulike selskaper som h\u00e5ndterer VTuber-virksomhet over hele Japan. Vi tilbyr ogs\u00e5 h\u00f8yt spesialisert st\u00f8tte i utforming og gjennomgang av kontrakter relatert til YouTubere og VTubere, samt h\u00e5ndtering av juridiske problemstillinger knyttet til videoproduksjon i Japan.<\/p>\n\t<\/div>\n<\/section>\n\n<section class=\"second-nav\">\n\t<div class=\"second-nav-inner\">\n\t<p>EMNER<\/p>\n\t<nav>\n\t<ul>\n\t \t<li><a href=\"#necessity-of-youtube-related-legal-counsel\">Necessity of YouTube-related Legal Counsel<\/a><\/li>\n\t \t<li><a href=\"#contracts\">Contracts<\/a><\/li>\n\t \t<li><a href=\"#creating-and-publishing-videos\">Creating and Publishing Videos<\/a><\/li>\n\t \t<li><a href=\"#legal-support-for-vtubers\">Legal Support for VTubers<\/a><\/li>\n\t \t<li><a href=\"#terms-of-use-of-youtube\">Terms of Use of YouTube<\/a><\/li>\n\t \t<li><a href=\"#our-youtube-channel\">Our YouTube Channel<\/a><\/li>\n\t \t<li><a href=\"#manda-of-sns\">M&amp;A of SNS<\/a><\/li>\n\t \t<li><a href=\"#IT\">IT<\/a><\/li>\n\t \t<li><a href=\"#countermeasures-against-reputational-damage\">Countermeasures against Reputational Damage<\/a><\/li>\n\t \t<li><a href=\"#writings-and-other-activities\">Writings and other activities<\/a><\/li>\n\t \t<li><a href=\"#examples-of-our-clients\">Examples of Our Clients<\/a><\/li>\n\t\t<li><a href=\"#monolith-law-magazine\">MONOLITH LAW MAGAZINE<\/a><\/li>\n\t \t<li><a href=\"#fee-structure\">Fee Structure<\/a><\/li>\n\t<\/ul>\n\t<\/nav>\n\t<\/div>\n<\/section>\n\n<section class=\"white-section\">\n\t<div id=\"necessity-of-youtube-related-legal-counsel\"><\/div>\n\t<div class=\"section-inner\">\n\t<h3>N\u00f8dvendigheten av juridisk r\u00e5dgivning relatert til YouTube<\/h3>\n\t<ul class=\"layout-column4\">\n\t \t<li>\n\t\t\t<div><img decoding=\"async\" src=\"\/wp-content\/themes\/monolith2021\/img\/practices-youtuberlaw\/practices-youtuberlaw_necessity_pic1.jpg\" alt=\"YouTuber\" \/><\/div>\n\t\t\t<h4>YouTuber<\/h4>\n\t\t\t<p>En YouTuber med flere hundre tusen abonnenter p\u00e5 kanalen sin er en egen enhet og trenger en agent.<\/p>\n\t\t<\/li>\n\t \t<li>\n\t\t\t<div><img decoding=\"async\" src=\"\/wp-content\/themes\/monolith2021\/img\/practices-youtuberlaw\/practices-youtuberlaw_necessity_pic2.jpg\" alt=\"YouTuber Management Companies\" \/><\/div>\n\t\t\t<h4>YouTuber Management Companies<\/h4>\n\t\t\t<p>Det finnes spesifikke forholdsregler og sjekkpunkter \u00e5 vurdere for h\u00e5ndtering av YouTubere, kundeprosjekter og andre kontrakter.<\/p>\n\t\t<\/li>\n\t \t<li>\n\t\t\t<div><img decoding=\"async\" src=\"\/wp-content\/themes\/monolith2021\/img\/practices-youtuberlaw\/practices-youtuberlaw_necessity_pic3.jpg\" alt=\"Virtual YouTuber\" \/><\/div>\n\t\t\t<h4>Virtual YouTuber<\/h4>\n\t\t\t<p>Kontrakter og fusjoner og oppkj\u00f8p i skj\u00e6ringspunktet mellom IT og underholdning er et ekstremt spesialisert felt.<\/p>\n\t\t<\/li>\n\t \t<li>\n\t\t\t<div><img decoding=\"async\" src=\"\/wp-content\/themes\/monolith2021\/img\/practices-youtuberlaw\/practices-youtuberlaw_necessity_pic4.jpg\" alt=\"YouTube channel for Business Company\" \/><\/div>\n\t\t\t<h4>YouTube-kanal<br>for bedriftsselskaper<\/h4>\n\t\t\t<p>N\u00e5r man driver en YouTube-kanal, trenger man en hovedjuridisk r\u00e5dgiver og en separat advokat for YouTube.<\/p>\n\t\t<\/li>\n\t<\/ul>\n\t<\/div>\n<\/section>\n\n<section class=\"white-section\">\n\t<div class=\"section-inner pdt0\">\n\t<div class=\"frame2 txt-center-pc max-width860\">\n\t<p class=\"bold txt-l\">YouTubere og virtuelle YouTubere trenger juridiske r\u00e5dgivere som er kjent med kanalstyring og kontraktsutf\u00f8relse.<\/p>\n\t<\/div>\n\t<\/div>\n<\/section>\n\n<section class=\"white-section mgb-section100\">\n\t<div id=\"contracts\"><\/div>\n\t<div class=\"section-inner-black\">\n\t<h3>Kontrakter<\/h3>\n\t<p class=\"mgb-middle\">I Japan signerer YouTubere og VTubere generelt en forvaltningskontrakt med et byr\u00e5 for \u00e5 utf\u00f8re sine aktiviteter, mens de i noen tilfeller signerer en kontrakt med et selskap og engasjerer seg i reklameaktiviteter.<br>Tradisjonelt ble forvaltningskontrakter mellom entertainere og underholdningsbyr\u00e5er, samt reklamekontrakter mellom entertainere og selskaper brukt i den japanske underholdningsindustrien. Imidlertid er YouTubere og VTubere litt forskjellige fra tradisjonelle entertainere p\u00e5 grunn av YouTubes vilk\u00e5r og betingelser.<br>En advokat med kunnskap og erfaring i japanske kontrakter relatert til YouTubere kan hjelpe deg med \u00e5 smidig inng\u00e5 en kontrakt med de vesentlige punktene. V\u00e5re japanske juridiske eksperter er godt kjent med de unike aspektene ved det japanske markedet og online videoplattformer.<\/p>\n\t<\/div>\n<\/section>\n\n<section class=\"white-section mgb-section100\">\n\t<div id=\"creating-and-publishing-videos\"><\/div>\n\t<div class=\"section-inner-black\">\n\t<h3>Opprettelse og publisering av videoer<\/h3>\n\t<p class=\"mgb-middle\">N\u00e5r du oppretter og publiserer YouTube-videoer, er det viktig \u00e5 ha juridisk kunnskap p\u00e5 forskjellige omr\u00e5der, som opphavsrett for musikk og objekter som vises i videoen, portrett-\/personvernrettigheter, og reklamereguleringer som kan v\u00e6re problematiske n\u00e5r du introduserer kosmetikk og helsekost i Japan. Mangel p\u00e5 juridisk kunnskap p\u00e5 disse omr\u00e5dene kan f\u00f8re til risikoen for at videoene dine blir slettet eller, i verste fall, at kontoen din blir utestengt i Japan.<\/p>\n\t<\/div>\n<\/section>\n\n<section class=\"purple-section mgb-section100\">\n\t<div id=\"legal-support-for-vtubers\"><\/div>\n\t<div class=\"section-inner\">\n\t<div class=\"flex reverse\">\n\t<div class=\"width41\"><img decoding=\"async\" src=\"\/wp-content\/themes\/monolith2021\/img\/vtuberlaw\/pic_practices-vtuberlaw.jpg\" alt=\"Juridisk st\u00f8tte for virtuelle YouTubere\" \/><\/div>\n\t<div class=\"width51\">\n\t\t<h3>Rettshjelp for VTubers<\/h3>\n\t\t<p class=\"mgb-small\">Siden 2017, da VTubers selv var i sin spede begynnelse, har MONOLITH LAW OFFICE h\u00e5ndtert juridiske saker for VTubers, inkludert ulike kontraktsforhold og tvistel\u00f8sning, for individuelle VTubers og deres tilknyttede selskaper og kontorer i Japan.<\/p>\n\t\t<p class=\"mgb-middle\">V\u00e5rt juridiske team har erfaring og kunnskap til \u00e5 l\u00f8se de sv\u00e6rt komplekse problemene knyttet til VTubers, som opphavsrettsproblemer for illustrasjoner og CG, eierskap til YouTube-kanaler og karakterer, og rettsforholdet mellom personen selv og eieren.<\/p>\n\t<\/div>\n\t<\/div>\n\t<\/div>\n<\/section>\n\n<section class=\"white-section mgb-section\">\n\t<div id=\"terms-of-use-of-youtube\" class=\"anchor\"><\/div>\n\t<div class=\"section-inner-black\">\n\t<h3>Brukervilk\u00e5r for YouTube og andre medier<\/h3>\n\t<p class=\"mgb-middle\">N\u00e5r man driver en YouTube-kanal i Japan, er det n\u00f8dvendig med en forst\u00e5else av YouTubes brukervilk\u00e5r, samt de juridiske aspektene. Selv om en video er juridisk akseptabel, kan den bli slettet eller kontoen kan bli frosset hvis den bryter med brukervilk\u00e5rene. V\u00e5rt firma har kunnskapen og forst\u00e5elsen av YouTubes og andre mediers brukervilk\u00e5r, samt japansk lov.<\/p>\n\t<\/div>\n<\/section>\n\n<section class=\"orange-section\">\n\t<div id=\"our-youtube-channel\"><\/div>\n\t<div class=\"section-inner\">\n\t<div class=\"flex reverse\">\n\t<div class=\"width41\"><img decoding=\"async\" src=\"\/wp-content\/themes\/monolith2021\/img\/practices-youtuberlaw\/practices-youtuberlaw_pic1.png\" alt=\"Juridisk r\u00e5dgivning tilrettelagt for YouTubere\" \/><\/div>\n\t<div class=\"width51\">\n\t\t<h3>V\u00e5r YouTube-kanal<\/h3>\n\t\t<p class=\"mgb-small\">V\u00e5r YouTube-kanal &#8220;Juridisk r\u00e5dgivning for YouTubere&#8221; forklarer juridiske sp\u00f8rsm\u00e5l relatert til YouTube gjennom samtalevideoer med en advokat i form av en VTuber, en vennlig karakter med h\u00f8y grad av ekspertise.<\/p>\n\t\t<p class=\"mgb-small\">Vi leverer juridisk kunnskap for japanske YouTubere fra forskjellige vinkler hver gang, s\u00e5 vi anbefaler v\u00e5r kanal hvis du allerede driver en kanal eller er i ferd med \u00e5 gj\u00f8re det i Japan.<\/p>\n\t\t<p>Vi anerkjenner at advokater som hjelper YouTubere og YouTube-relaterte forretningsoperat\u00f8rer krever mer enn bare kunnskap om abstrakt juridisk teori. Dyp innsikt og forst\u00e5else av YouTube-plattformen er avgj\u00f8rende for \u00e5 gi effektiv juridisk st\u00f8tte p\u00e5 dette feltet.<\/p>\n\t<\/div>\n\t<\/div>\n\t<\/div>\n<\/section>\n\n<section class=\"white-section\">\n\t<div id=\"manda-of-sns\"><\/div>\n\t<div class=\"section-inner\">\n\t<div class=\"flex\">\n\t<div class=\"width41\"><img decoding=\"async\" src=\"\/wp-content\/themes\/monolith2021\/img\/pic\/pic_sns_manda.jpg\" alt=\"M&amp;A of SNS\" \/><\/div>\n\t<div class=\"width51\">\n\t<h3>M&amp;A av SNS<\/h3>\n\t\t<p class=\"mgb-small\">YouTube-kanaler og Twitter-kontoer, samt nettsteder, er gjenstand for M&amp;A. Imidlertid, p\u00e5 grunn av de spesifikke funksjonene til disse M&amp;A, er et advokatfirma med spesialisert kunnskap og erfaring i det japanske markedet essensielt. <\/p>\n\t\t<p class=\"mgb-middle\">Fra sm\u00e5 bel\u00f8p til over 100-million-yen-avtaler, har MONOLITH LAW OFFICE h\u00e5ndtert mange M&amp;A-transaksjoner som et advokatfirma med sterk ekspertise i IT-bransjen. Vi bist\u00e5r deg i hver trinn av prosessen, fra utarbeidelse av kontrakter til gjennomf\u00f8ring av due diligence (DD) for YouTube-kanaler og andre virksomheter.<\/p>\n\t<\/div>\n\t<\/div>\n\t<\/div>\n<\/section>\n\n<section class=\"purple-section\">\n\t<div id=\"IT\"><\/div>\n\t<div class=\"section-inner\">\n\t<div class=\"flex reverse\">\n\t<div class=\"width41\"><img decoding=\"async\" src=\"\/wp-content\/themes\/monolith2021\/img\/pic\/pic_practices-itlaw.jpg\" alt=\"IT\" \/><\/div>\n\t<div class=\"width51\">\n\t\t<h3>IT<\/h3>\n\t\t<p class=\"mgb-middle\">Systemutvikling innen feltet VTubers, for eksempel, er et ekstremt spesialisert omr\u00e5de i Japan. Kunnskap om immaterielle rettigheter er essensielt for \u00e5 kontrollere h\u00e5ndteringen av videoer, bilder og produksjoner som oppst\u00e5r i SNS-operasjoner. V\u00e5re firmas representanter har erfaring som IT-ingeni\u00f8rer og tilbyr tjenester i tvister og forebygging av systemutviklingsproblemer. Vi gir h\u00f8yt spesialisert IT- og IP-relatert juridisk st\u00f8tte til mange selskaper, inkludert TSE prime listed selskaper i Japan.<\/p>\n\t\t<div class=\"btn-area align-left\">\n\t\t\t<div class=\"btn icon-it\"><a href=\"\/no\/it\">IT<\/a><\/div>\n\t\t<\/div>\n\t<\/div>\n\t<\/div>\n\t<\/div>\n<\/section>\n\n<section class=\"white-section\">\n\t<div id=\"countermeasures-against-reputational-damage\"><\/div>\n\t<div class=\"section-inner\">\n\t<div class=\"flex\">\n\t<div class=\"width41\"><img decoding=\"async\" src=\"\/wp-content\/themes\/monolith2021\/img\/pic\/pic_practices-reputation.jpg\" alt=\"Mottiltak mot omd\u00f8mmeskade\" \/><\/div>\n\t<div class=\"width51\">\n\t\t<h3>Tiltak mot omd\u00f8mmeskade<\/h3>\n\t\t<p class=\"mgb-small\">Ettersom YouTubere og VTubere tiltrekker seg flere seere, kan de oppleve omd\u00f8mmeskade p\u00e5 internett. Vi mener imidlertid at det alltid b\u00f8r treffes tiltak mot overdreven \u00e6rekrenkelse og lekkasje av personlig informasjon.<\/p>\n\t\t<p class=\"mgb-middle\">V\u00e5rt firma, MONOLITH LAW OFFICE, har omfattende erfaring og ekspertise i \u00e5 fjerne og identifisere forfattere av rykter p\u00e5 internett. Vi har mottatt utallige foresp\u00f8rsler fra klienter som spenner fra TSE prime noterte selskaper til enkeltpersoner, noe som viser v\u00e5rt engasjement for \u00e5 beskytte omd\u00f8mmet til YouTubere og VTubere i Japan.<\/p>\n\t<\/div>\n\t<\/div>\n\t<\/div>\n<\/section>\n\n<section class=\"orange-section\">\n\t<div class=\"anchor\" id=\"writings-and-other-activities\"><\/div>\n\t<div class=\"section-inner\">\n\t\t<div class=\"frame2 max-width860 txt-center-pc\">\n\t\t\t<p class=\"bold txt-l mgb-small\">Skriving og andre aktiviteter relatert til juridiske saker for YouTubere\/VTubere<\/p>\n\t\t\t<p>Juridiske saker for YouTubere og VTubere er h\u00f8yt spesialiserte omr\u00e5der.<br>V\u00e5r grunnleggende advokat, Toki Kawase, engasjerer seg i skriving og andre aktiviteter relatert til disse feltene.<\/p>\n\t\t<\/div>\n\t<\/div>\n<\/section>\n\n<section class=\"white-section\">\n\t<div class=\"section-inner\">\n\t\t<div class=\"flex reverse\">\n\t\t\t<div class=\"width41\"><img decoding=\"async\" src=\"\/wp-content\/uploads\/2022\/11\/it_law_book.jpg\"><\/div>\n\t\t\t<div class=\"width51\">\n\t\t\t\t<h3>Publikasjoner som en advokat spesialisert i juridiske saker for YouTuber og VTuber<\/h3>\n\t\t\t\t<p class=\"mgb-small\">V\u00e5r grunnleggende advokat publiserte &#8220;IT-advokat, kan du fortelle meg om YouTuber-lover og vilk\u00e5r for bruk&#8221;, en bok som diskuterer forskjellige juridiske problemer rundt japanske YouTubere i et sp\u00f8rsm\u00e5l og svar-format. Noen av emnene som diskuteres inkluderer &#8220;Er stealth-markedsf\u00f8ring en overtredelse av loven?&#8221;, &#8220;Er det n\u00f8dvendig \u00e5 sl\u00f8re bilskilt?&#8221; og s\u00e5 videre.<\/p>\n\t\t\t\t<p>En annen publikasjon, &#8220;En guide til YouTube-relaterte lover for juridiske fagfolk&#8221; er en praktisk guidebok ang\u00e5ende juridiske saker for YouTuber, for advokater og bedrifts PR-agenter.<\/p>\n\t\t\t<\/div>\n\t\t<\/div>\n\t<\/div>\n<\/section>\n\n<section class=\"white-section\">\n\t<div class=\"section-inner\">\n\t\t<div class=\"flex\">\n\t\t\t<div class=\"width41\"><img decoding=\"async\" src=\"\/wp-content\/themes\/monolith2021\/img\/practices-youtuberlaw\/practices-youtuberlaw_pic2.jpg\"><\/div>\n\t\t\t<div class=\"width51\">\n\t\t\t\t<h3>V\u00e5r grunnleggende advokat gjestet &#8220;ABEMA Prime&#8221;<\/h3>\n\t\t\t\t<p class=\"mgb-small\">V\u00e5r grunnleggende advokat var en gjest p\u00e5 sendingen av &#8220;ABEMA Prime&#8221;, en av de mest popul\u00e6re live-streaming showene i Japan. <br> Han gjestet som en advokat med ekspertise i juridiske sp\u00f8rsm\u00e5l relatert til YouTubers og VTubers.<\/p>\n\t\t\t\t<p>16. februar 2022: juridiske sp\u00f8rsm\u00e5l som personvernet til VTubers<br>20. mai 2022: juridiske sp\u00f8rsm\u00e5l om alvorlig tilbakeslag til influencer<\/p>\n\t\t\t<\/div>\n\t\t<\/div>\n\t<\/div>\n<\/section>\n\n<section class=\"white-section\">\n\t<div id=\"examples-of-our-clients\"><\/div>\n\t<div class=\"section-inner\">\n\t<h3>Eksempler p\u00e5 YouTubere og VTubere som klienter hos MONOLITH LAW OFFICE<\/h3>\n\t<ul class=\"layout-column4 mgb-middle\">\n\t \t<li>\n\t\t\t<div><img decoding=\"async\" src=\"\/wp-content\/themes\/monolith2021\/img\/practices-youtuberlaw\/practices-youtuberlaw_client_pic1.jpg\" alt=\"Carry On Inc.\" \/><\/div>\n\t\t\t<h4><a href=\"https:\/\/carry0n.co.jp\/\" target=\"_blank\" rel=\"noopener noreferrer\">Carry On Inc.<\/a><\/h4>\n\t\t\tVi har jobbet med prosjekter for Carry On Inc. siden like etter selskapets etablering, som inkluderer popul\u00e6re YouTubere som Kimagure Cook, Bryan, Channel Gado Man og mange andre skapere.\n\t\t<\/li>\n\t \t<li>\n\t\t\t<div><img decoding=\"async\" src=\"\/wp-content\/themes\/monolith2021\/img\/practices-youtuberlaw\/practices-youtuberlaw_client_pic2.jpg\" alt=\"Tenchim\" \/><\/div>\n\t\t\t<h4><a href=\"https:\/\/www.youtube.com\/channel\/UCXzU-b8I0Y_fhMkLQMYt3vA\" target=\"_blank\" rel=\"noopener noreferrer\">Tenchim<\/a><\/h4>\n\t\t\tVi har jobbet med et prosjekt for Tenchim, en blogger, TV-personlighet og modell som driver &#8220;Tenchim CH\/tenchim&#8221;.\n\t\t<\/li>\n\t \t<li>\n\t\t\t<div><img decoding=\"async\" src=\"\/wp-content\/themes\/monolith2021\/img\/practices-youtuberlaw\/practices-youtuberlaw_client_pic3.png\" alt=\"Mirai Akari\" \/><\/div>\n\t\t\t<h4><a href=\"https:\/\/akari-mir.ai\/\" target=\"_blank\" rel=\"noopener noreferrer\">Mirai Akari<\/a><\/h4>\n\t\t\tVi har jobbet med prosjekter for ZIZAI Corporation siden 2016, f\u00f8r debuten av deres VTuber, Mirai Akari i 2017.\n\t\t<\/li>\n\t \t<li>\n\t\t\t<div><img decoding=\"async\" src=\"\/wp-content\/themes\/monolith2021\/img\/practices-youtuberlaw\/practices-youtuberlaw_client_pic4.png\" alt=\"Teiko Penguin\" \/><\/div>\n\t\t\t<h4><a href=\"https:\/\/www.youtube.com\/channel\/UCUTgXNqRBqR33D5q10DfQXw\" target=\"_blank\" rel=\"noopener noreferrer\">Teiko Penguin<\/a><\/h4>\n\t\t\tVi har jobbet med prosjekter for Plott Corporation, operat\u00f8r av den animerte YouTube-kanalen &#8220;Teiko Penguin&#8221;, siden 2018, selv f\u00f8r kanalen ble lansert.\n\t\t<\/li>\n\t<\/ul>\n\t<p class=\"txt-s\">*Dette er en delvis liste over selskaper som har gitt oss tillatelse til \u00e5 offentliggj\u00f8re at de er v\u00e5re klienter, eller som er registrert som direkt\u00f8rer.<br>Faktisk jobber vi med prosjekter for mange klienter, inkludert frilans YouTubere.<br>I prinsippet vil vi holde din identitet konfidensiell under en fortrolighetsavtale.<\/p>\n\t<\/div>\n<\/section>\n\n<section class=\"purple2-section\">\n\t<div class=\"anchor\" id=\"monolith-law-magazine\"><\/div>\n\t<div class=\"section-inner\">\n\t\t    <section class=\"white-section temp-article\">\n        <div class=\"section-inner\">\n            <h4>MONOLITH LAW MAGAZINE<\/h4>\n            <div class=\"articles type_practice_column\">\n                                                                    <div class=\"article article-area\">\n                        <figure>\n                            <div class=\"img-wrap\">\n                                <img alt=\"Viktige punkter i YouTube-bruksvilk\u00e5rene som man b\u00f8r v\u00e6re oppmerksom p\u00e5 ved spillkommentarvideoer\" src=\"https:\/\/monolith.law\/no\/wp-content\/uploads\/sites\/27\/2024\/07\/Shutterstock_2091406600.webp\" width=\"500\" height=\"250\">\n                            <\/div>\n                            <figcaption>\n                                <div class=\"figcaption-inner\">\n                                    <h3>Viktige punkter i YouTube-bruksvilk\u00e5rene som man b\u00f8r v\u00e6re oppmerksom p\u00e5 ved spil.<\/h3>\n                                <\/div>\n                            <\/figcaption>\n                            <a href=\"https:\/\/monolith.law\/no\/internet\/youtube-game-play-videos\"><\/a>\n                        <\/figure>\n                    <\/div>\n                                                    <div class=\"article article-area\">\n                        <figure>\n                            <div class=\"img-wrap\">\n                                <img alt=\"5 forbudte ting p\u00e5 YouTube: Hva er 'Japanese Community Guidelines'? Ting du b\u00f8r vite for \u00e5 unng\u00e5 at kontoen din blir suspendert\" src=\"https:\/\/monolith.law\/no\/wp-content\/uploads\/sites\/27\/2024\/07\/Shutterstock_246432538.webp\" width=\"500\" height=\"250\">\n                            <\/div>\n                            <figcaption>\n                                <div class=\"figcaption-inner\">\n                                    <h3>5 forbudte ting p\u00e5 YouTube: Hva er 'Japanese Community Guidelines'? Ting du b\u00f8r .<\/h3>\n                                <\/div>\n                            <\/figcaption>\n                            <a href=\"https:\/\/monolith.law\/no\/internet\/youtube-community-guidelines-prohibitions\"><\/a>\n                        <\/figure>\n                    <\/div>\n                                                    <div class=\"article article-area\">\n                        <figure>\n                            <div class=\"img-wrap\">\n                                <img alt=\"Er fotografering og publisering uten tillatelse juridisk tillatt? Forklaring av fire diskusjonspunkter\" src=\"https:\/\/monolith.law\/no\/wp-content\/uploads\/sites\/27\/2024\/07\/Shutterstock_1830157235.webp\" width=\"500\" height=\"250\">\n                            <\/div>\n                            <figcaption>\n                                <div class=\"figcaption-inner\">\n                                    <h3>Er fotografering og publisering uten tillatelse juridisk tillatt? Forklaring av .<\/h3>\n                                <\/div>\n                            <\/figcaption>\n                            <a href=\"https:\/\/monolith.law\/no\/internet\/copyright-permission-photograph\"><\/a>\n                        <\/figure>\n                    <\/div>\n                                            <\/div>\n            <div class=\"btn-more\"><a href=\"https:\/\/monolith.law\/no\/tag\/legal-support-for-youtuber\">Read More<\/a><\/div>\n        <\/div>\n    <\/section>\n\t<\/div>\n<\/section>\n\n<section class=\"orange2-section\">\n\t<div class=\"anchor\" id=\"fee-structure\"><\/div>\n\t<div class=\"section-inner\">\n\t<div class=\"planWrap\">\n\t<h3>Honorarstruktur<\/h3>\n\t<ul class=\"plan\">\n\t\t<li class=\"txt-left\">\n\t\t\t<div class=\"plan-inner\">\n\t\t\t<div class=\"plan-header\">\n\t\t\t<h4 class=\"plan-title\">Timepris<\/h4>\n\t\t\t<div class=\"plan-price\"><span class=\"price-figure\">$300<\/span>per time<span class=\"price-tax\"><\/span><\/div>\n\t\t\t<\/div>\n\t\t\t<div class=\"plan-body\">I visse tilfeller kan vi vurdere \u00e5 ta en tvist eller et s\u00f8ksm\u00e5l med et oppstartshonorar og et resultatbasert honorar. For mer informasjon, vennligst ta kontakt med oss.<\/div>\n\t\t\t<\/div>\n\t\t<\/li>\n\t\t<li class=\"txt-left\">\n\t\t\t<div class=\"plan-inner\">\n\t\t\t<div class=\"plan-header\">\n\t\t\t<h4 class=\"plan-title\">Utarbeidelse av Kontrakter<\/h4>\n\t\t\t<div class=\"plan-price\"><span class=\"price-value\">fra<\/span><span class=\"price-figure\">$500<\/span><span class=\"price-value\">til $2,000 eller mer<\/span><span class=\"price-tax\"><\/span><\/div>\n\t\t\t<\/div>\n\t\t\t<div class=\"plan-body\">Prisstrukturen kan variere basert p\u00e5 typen og antallet kontrakter. Vi tilbyr gjerne et forel\u00f8pig kostnadsoverslag ved foresp\u00f8rsel, s\u00e5 vi oppfordrer deg til \u00e5 kontakte oss for ytterligere detaljer.<\/div>\n\t\t\t<\/div>\n\t\t<\/li>\n\t\t<li class=\"txt-left\">\n\t\t\t<div class=\"plan-inner\">\n\t\t\t<div class=\"plan-header\">\n\t\t\t<h4 class=\"plan-title\">Andre Tjenester<\/h4>\n\t\t\t<div class=\"plan-price\"><span class=\"price-figure\">Kontakt Oss<\/span><\/div>\n\t\t\t<\/div>\n\t\t\t<div class=\"plan-body\">Vi tilbyr et bredt spekter av tjenester, inkludert selskapsdannelse, kontraktsvurdering, juridiske uttalelser, saksgjennomgang eller forskningsbrev. Hvis du har noen sp\u00f8rsm\u00e5l eller bekymringer, inviterer vi deg hjertelig til \u00e5 kontakte oss, og v\u00e5rt kunnskapsrike team vil v\u00e6re glade for \u00e5 assistere deg.<\/div>\n\t\t\t<\/div>\n\t\t\t<\/div>\n\t\t<\/li>\n\t<\/ul>\n\t<\/div>\n\t<\/div>\n<\/section>\n\n<section class=\"white-section\">\n\t<div class=\"section-inner\">\n\t\t<div class=\"btn-area\">\n\t\t\t<div class=\"btn icon-contact\"><a href=\"\/no\/contact\">Kontakt Oss<\/a><\/div>\n\t\t<\/div>\n\t<\/div>\n<\/section>\n","protected":false},"excerpt":{"rendered":"<p>Juridisk st\u00f8tte for YouTubere \u00c5 h\u00e5ndtere online influencere krever kunnskap som skiller seg fra tradisjonell underholdningsproduksjon og medieh\u00e5ndtering. Vi forst\u00e5r de intrikate detaljene i japansk lo [&hellip;]<\/p>\n","protected":false},"author":1,"featured_media":57171,"parent":0,"menu_order":0,"comment_status":"closed","ping_status":"closed","template":"non-other-page-temp.php","meta":{"footnotes":""},"acf":[],"_links":{"self":[{"href":"https:\/\/monolith.law\/no\/wp-json\/wp\/v2\/pages\/55833"}],"collection":[{"href":"https:\/\/monolith.law\/no\/wp-json\/wp\/v2\/pages"}],"about":[{"href":"https:\/\/monolith.law\/no\/wp-json\/wp\/v2\/types\/page"}],"author":[{"embeddable":true,"href":"https:\/\/monolith.law\/no\/wp-json\/wp\/v2\/users\/1"}],"replies":[{"embeddable":true,"href":"https:\/\/monolith.law\/no\/wp-json\/wp\/v2\/comments?post=55833"}],"version-history":[{"count":27,"href":"https:\/\/monolith.law\/no\/wp-json\/wp\/v2\/pages\/55833\/revisions"}],"predecessor-version":[{"id":72949,"href":"https:\/\/monolith.law\/no\/wp-json\/wp\/v2\/pages\/55833\/revisions\/72949"}],"wp:featuredmedia":[{"embeddable":true,"href":"https:\/\/monolith.law\/no\/wp-json\/wp\/v2\/media\/57171"}],"wp:attachment":[{"href":"https:\/\/monolith.law\/no\/wp-json\/wp\/v2\/media?parent=55833"}],"curies":[{"name":"wp","href":"https:\/\/api.w.org\/{rel}","templated":true}]}}