{"id":55885,"date":"2023-11-07T23:10:22","date_gmt":"2023-11-07T14:10:22","guid":{"rendered":"https:\/\/monolith.law\/no\/?page_id=55885"},"modified":"2023-12-28T13:21:54","modified_gmt":"2023-12-28T04:21:54","slug":"personal-information-protection","status":"publish","type":"page","link":"https:\/\/monolith.law\/no\/personal-information-protection","title":{"rendered":"Beskyttelse av personopplysninger"},"content":{"rendered":"\n<section class=\"heading-area\">\n\t<div class=\"heading-area-inner\">\n\t\t<h2 class=\"icon-personal-information-protection\">Beskyttelse av personopplysninger<\/h2>\n\t\t<p>Forretningssituasjoner som involverer IT og internett omfatter ofte h\u00e5ndtering av ulike typer personopplysninger, inkludert databaser for personopplysninger, informasjonskapsler (cookies), og resten. Det m\u00e5 rettes spesiell oppmerksomhet mot de som kan endres p\u00e5 grunn av lovendringer. MONOLITH LAW OFFICE tilbyr h\u00f8yt spesialiserte juridiske tjenester relatert til den japanske loven om personvern.<\/p>\n\t<\/div>\n<\/section>\n<section class=\"white-section\">\n\t<div class=\"section-inner pdt0  border-bottom-section\">\n\t\t<p>Den japanske loven om beskyttelse av personopplysninger (APPI) er en av de viktigste lovene. Den regulerer h\u00e5ndteringen av personopplysninger i forretningsaktiviteter. Denne japanske personvernloven fokuserer p\u00e5 hvordan personopplysninger b\u00f8r h\u00e5ndteres. Artikkelen fastsetter forpliktelsene som leverand\u00f8rer av personopplysninger m\u00e5 oppfylle for \u00e5 beskytte individets rettigheter og interesser. Bedrifter st\u00e5r overfor utfordringen med \u00e5 overholde den reviderte APPI, som tr\u00e5dte i kraft i april 2022.<br>Som eksperter i \u00e5 st\u00f8tte IT- og internettbedrifter, har MONOLITH LAW OFFICE h\u00e5ndtert juridiske saker relatert til den japanske loven om beskyttelse av personopplysninger for en rekke selskaper, fra selskaper notert p\u00e5 Prime Market ved Tokyo-b\u00f8rsen (TSE) til oppstartsselskaper i tidlig fase.<\/p>\n\t<\/div>\n<\/section>\n<section class=\"second-nav\">\n\t<div class=\"second-nav-inner\">\n\t\t<p>EMNER<\/p>\n\t\t<nav>\n\t\t\t<ul>\n\t\t\t\t<li><a href=\"#example-of-support-provided-by-our-firm\">Eksempler p\u00e5 st\u00f8tte levert av v\u00e5r firma<\/a><\/li>\n\t\t\t\t<li><a href=\"#compliance-with-the-japan-privacy-law\">Overholdelse av den japanske personvernloven<\/a><\/li>\n\t\t\t\t<li><a href=\"#basic-obligations-of-business-operator\">Grunnleggende forpliktelser for virksomhetsoperat\u00f8rer<\/a><\/li>\n\t\t\t\t<li><a href=\"#creating-and-revising-a-privacy-policy\">Opprette og revidere en personvernpolicy<\/a><\/li>\n\t\t\t\t<li><a href=\"#responding-to-a-personal-information-breach\">Respons p\u00e5 brudd p\u00e5 personopplysninger<\/a><\/li>\n\t\t\t\t<li><a href=\"#response-to-the-appi-in-2022\">Respons p\u00e5 APPI i 2022<\/a><\/li>\n\t\t\t\t<li><a href=\"#drafts-can-be-prepared-with-minimal-hearings\">Utkast kan utarbeides med minimal h\u00f8ring<\/a><\/li>\n\t\t\t\t<li><a href=\"#terms-of-use-for-apps\">Bruksvilk\u00e5r for apper<\/a><\/li>\n\t\t\t\t<li><a href=\"#examples-of-our-client's-products\">Eksempler p\u00e5 v\u00e5re klienters produkter<\/a><\/li>\n\t\t\t\t<li><a href=\"#monolith-law-magazine\">MONOLITH LAW MAGAZINE<\/a><\/li>\n\t\t\t\t<li><a href=\"#fee-structure\">Honorarstruktur<\/a><\/li>\n\t\t\t<\/ul>\n\t\t<\/nav>\n\t<\/div>\n<\/section>\n<section class=\"white-section\">\n\t<div class=\"anchor\" id=\"example-of-support-provided-by-our-firm\"><\/div>\n\t<div class=\"section-inner\">\n\t\t<h3>Eksempel p\u00e5 st\u00f8tte levert av v\u00e5r firma<\/h3>\n\t\t<ul class=\"layout-column4\">\n\t\t\t<li>\n\t\t\t\t<div><img decoding=\"async\" src=\"\/wp-content\/uploads\/2022\/09\/privacypolicy.png\"><\/div>\n\t\t\t\t<h4>Personvernpolicy<\/h4>\n\t\t\t\t<p>Vi har h\u00e5ndtert utformingen av personvernpolicyer for nettsteder, tjenester, apper, osv., samt mange revisjoner i respons til lovendringer og andre endringer.<\/p>\n\t\t\t<\/li>\n\t\t\t<li>\n\t\t\t\t<div><img decoding=\"async\" src=\"\/wp-content\/uploads\/2022\/09\/manual.png\"><\/div>\n\t\t\t\t<h4>Forretningsmanualer for intern bruk<\/h4>\n\t\t\t\t<p>Vi hjelper ogs\u00e5 med \u00e5 etablere en Chief Privacy Officer (CPO) og vedlikeholde interne manualer og retningslinjer.<\/p>\n\t\t\t<\/li>\n\t\t\t<li>\n\t\t\t\t<div><img decoding=\"async\" src=\"\/wp-content\/uploads\/2022\/09\/GDPR.png\"><\/div>\n\t\t\t\t<h4>GDPR og annen overholdelse<\/h4>\n\t\t\t\t<p>Vi h\u00e5ndterer ogs\u00e5 juridiske saker relatert til personvern, som EU&#8217;s generelle databeskyttelsesforordning (GDPR) i tverrnasjonale IT-forretningsmuligheter.<\/p>\n\t\t\t<li>\n\t\t\t\t<div><img decoding=\"async\" src=\"\/wp-content\/uploads\/2022\/09\/dataleak.png\"><\/div>\n\t\t\t\t<h4>Persondatainnbrudd<\/h4>\n\t\t\t\t<p>Vi kan bist\u00e5 med rapportering til Personvernkommisjonen og varsling av enkeltpersoner i tilfelle et persondatainnbrudd.<\/p>\n\t\t\t<\/li>\n\t\t<\/ul>\n\t<\/div>\n<\/section>\n<section class=\"white-section\">\n\t<div class=\"anchor\" id=\"compliance-with-the-japan-privacy-law\"><\/div>\n\t<div class=\"section-inner-black\">\n\t\t<h3>Overholdelse av den japanske personvernloven<\/h3>\n\t\t<p class=\"mgb-small\">Den japanske loven om beskyttelse av personopplysninger (APPI) p\u00e5legger reguleringer p\u00e5 forretningsoperat\u00f8rer som h\u00e5ndterer personopplysninger i forbindelse med levering eller overf\u00f8ring av slike personopplysninger til tredjeparter. Denne loven stiller strenge krav til form\u00e5lene som personopplysninger kan brukes til, hvordan de kan innhentes, og hvilke sikkerhetskontrolltiltak som m\u00e5 tas.<\/p>\n\t\t<p class=\"mgb-middle\">I tillegg blir loven ofte endret for \u00e5 gi nye definisjoner og reguleringer, som for eksempel databaser for personopplysninger, anonymt behandlet informasjon og pseudonymisert informasjon.<\/p>\n<\/section>\n<section class=\"white-section\">\n\t<div class=\"anchor\" id=\"basic-obligations-of-business-operator\"><\/div>\n\t<div class=\"section-inner\">\n\t\t<h3>Grunnleggende forpliktelser for virksomhetsdrivende som h\u00e5ndterer personopplysninger<\/h3>\n\t\t<p class=\"mgb-middle\">Den japanske loven om personvern etablerer f\u00f8lgende forpliktelser for &#8220;Virksomhetsdrivende som h\u00e5ndterer personopplysninger&#8221;, som spesielt behandler personopplysninger. Det er n\u00f8dvendig \u00e5 oppfylle disse forpliktelsene og etablere et compliance-system.<\/p>\n\t\t<table class=\"type03\">\n\t\t<tbody>\n\t\t<tr>\n\t\t<td>Regler ang\u00e5ende form\u00e5let med bruk av personopplysninger<\/td>\n\t\t<td>Spesifiser bruksform\u00e5let s\u00e5 eksplisitt som mulig (Artikkel 15, Avsnitt 1)<br>Varsling eller offentliggj\u00f8ring av bruksform\u00e5let (Artikkel 18, Avsnitt 1)<br>Bruk innenfor det spesifiserte bruksform\u00e5let (Artikkel 16, Avsnitt 1)<br>Endring av bruksform\u00e5let er i prinsippet ikke tillatt (Artikkel 15, Avsnitt 2)<\/td>\n\t\t<\/tr>\n\t\t<tr>\n\t\t<td>Anskaffelse ved passende midler<\/td>\n\t\t<td>Forbud mot anskaffelse ved bedrag eller andre urettmessige midler (Artikkel 17, Avsnitt 1)<\/td>\n\t\t<\/tr>\n\t\t<tr>\n\t\t<td>Passende sikkerhetskontrolltiltak<\/td>\n\t\t<td>Forebygging av datainnbrudd, tap eller skade osv. (Artikkel 20)<br>Overv\u00e5kning av ansatte og kontrakt\u00f8rer (Artikkel 20, 21)<\/td>\n\t\t<\/tr>\n\t\t<tr>\n\t\t<td>Overlevering til en tredjepart og grenseoverskridende overf\u00f8ring<\/td>\n\t\t<td>N\u00f8dvendig ved overlevering av informasjon til en tredjepart<br>Innhenting av den registrertes samtykke p\u00e5 forh\u00e5nd (Artikkel 23, Avsnitt 1)<br>Den s\u00e5kalte opt-out-metoden (Artikkel 23, Avsnitt 2)<\/td>\n\t\t<\/tr>\n\t\t<\/tbody>\n\t\t<\/table>\n\t<\/div>\n<\/section>\n<section class=\"purple-section\">\n\t<div class=\"anchor\" id=\"creating-and-revising-a-privacy-policy\"><\/div>\n\t<div class=\"section-inner\">\n\t\t<div class=\"flex\">\n\t\t\t<div class=\"width41\"><img decoding=\"async\" src=\"\/wp-content\/uploads\/2022\/09\/privacypolicy2.png\" alt=\"Opprettelse og revisjon av en personvernpolicy\"><\/div>\n\t\t\t<div class=\"width51\">\n\t\t\t\t<h3>Opprettelse og revisjon av personvernpolicy<\/h3>\n\t\t\t\t<p class=\"mgb-small\">N\u00e5r en IT-tjeneste lanseres, b\u00f8r det utvikles en passende personvernpolicy basert p\u00e5 hvilken type personopplysninger som vil bli samlet inn og hvordan disse opplysningene vil bli brukt. I tillegg m\u00e5 slike policyer revideres n\u00e5r nye forretningsfunksjoner legges til eller n\u00e5r lover endres.<\/p>\n\n\t\t\t\t<p>Som et advokatfirma spesialisert p\u00e5 IT, internett og forretningsrett, forst\u00e5r vi hvordan slike systemer oppf\u00f8rer seg. Vi kan hjelpe deg med \u00e5 opprette eller revidere passende personvernpolicyer med minimal kostnad for din organisasjon.<\/p>\n\t\t\t<\/div>\n\t\t<\/div>\n\t\t<h4 class=\"mgb-small\">Eksempler p\u00e5 v\u00e5r erfaring<\/h4>\n\t\t<p>BGM og lydeffektdistribusjonstjeneste, BGM avspillingsapp, SaaS-basert stemmegjenkjenningstjeneste for BtoB-bruk, D2C EC-nettsteder, EC-plattformer, Tjenester for dataintegrasjon mellom SaaS-tjenester, Integrasjonstjenester for SaaS-virksomheter, Artistplattformer, Salgsst\u00f8tteverkt\u00f8y, Apper for husholdningsregnskap, Jobbrelaterte nettjenester, Jobbs\u00f8kertjenester, Skybaserte tjenester for utgiftsrefusjon, Skybaserte tjenester for oppm\u00f8teh\u00e5ndtering, Skybaserte tjenester for transportutgiftsrefusjon, Kosttilskuddsalgstjenester, Politikkrelaterte SNS, Taxi bestillingsapper, Outsourcede dataanalysertjenester, Video SNS-tjenester, Forretnings-SNS, Forretningsmatchingsnettsted, Sykehusreservasjonsplattform, Programmeringsskole, Blockchain SNS, Blockchain annonseringsnettverk, Referansetjeneste, Reisekonsulenttjeneste, Tjeneste for sikkerhetsbekreftelse, Medisinsk informasjonsnettverkssystem, Virtuell valutaveksling (utenfor Japan), Database nettsted for kjeveortopediske klinikker, St\u00f8ttetjeneste for funksjonshemmede, Studentrekruttering, Ansatteh\u00e5ndtering, Skybasert tjeneste for ansattoppl\u00e6ring, Autorisert importbil salgsnettsted, Livsstilsrelatert st\u00f8ttetjeneste, Oppstartsst\u00f8ttetjeneste og Tjeneste for sjekk av antisosial atferd<\/p>\n\t<\/div>\n<\/section>\n<section class=\"white-section\">\n\t<div class=\"anchor\" id=\"responding-to-a-personal-information-breach\"><\/div>\n\t<div class=\"section-inner\">\n\t\t<div class=\"flex reverse\">\n\t\t\t<div class=\"width41\"><img decoding=\"async\" src=\"\/wp-content\/uploads\/2022\/09\/security.png\" alt=\"Responding to a Personal Information Breach\"><\/div>\n\t\t\t<div class=\"width51\">\n\t\t\t\t<h3>Respons p\u00e5 et brudd p\u00e5 personlig informasjon<\/h3>\n\t\t\t\t<p class=\"mgb-small\">Revisjonen av den japanske loven om beskyttelse av personopplysninger (APPI) i 2022 etablerte en forpliktelse for virksomhetsoperat\u00f8rer som h\u00e5ndterer personlig informasjon til \u00e5 rapportere til Personopplysningsbeskyttelseskommisjonen og varsle enkeltpersoner n\u00e5r det har skjedd et brudd eller potensielt brudd p\u00e5 personlig informasjon. Rapporttypene er forel\u00f8pige rapporter og detaljerte rapporter. Spesielt m\u00e5 forel\u00f8pige rapporter gj\u00f8res innen 3 til 5 dager etter oppdagelsen av datainnbruddet.<\/p>\n\t\t\t\t<\/div>\n\t\t\t<\/div>\n\t\t<\/div>\n\t<\/div>\n<\/section>\n<section class=\"orange2-section\">\n\t<div class=\"anchor\" id=\"response-to-the-appi-in-2022\"><\/div>\n\t<div class=\"section-inner\">\n\t\t<h3>Respons p\u00e5 den japanske loven om beskyttelse av personopplysninger i 2022<\/h3>\n\t\t<p class=\"mgb-middle\">I april 2022 tr\u00e5dte den reviderte personvernloven i kraft i Japan. Dette har skapt et behov for alle bedriftseiere \u00e5 gjennomg\u00e5 sine interne manualer og systemer. Spesielt for de virksomhetsoperat\u00f8rer som h\u00e5ndterer korttidslagrede data som vil bli slettet innen 6 m\u00e5neder, eller de som bruker opt-out, er det n\u00f8dvendig \u00e5 revidere deres personvernpolicyer.<\/p>\n\t\t<table class=\"type07\">\n\t\t<thead>\n\t\t<tr>\n\t\t<th><\/th>\n\t\t<th>Endringer<\/th>\n\t\t<th>N\u00f8dvendig respons<\/th>\n\t\t<\/tr>\n\t\t<\/thead>\n\t\t<tbody>\n\t\t<tr>\n\t\t<td>Alle \u00f8konomiske operat\u00f8rer<\/td>\n\t\t<td>Forenklede krav til foresp\u00f8rsler om opph\u00f8r av bruk, sletting og opph\u00f8r av tilveiebringelse til tredjeparter<\/td>\n\t\t<td>Forsterkning av respons p\u00e5 \u00f8kt antall krav<\/td>\n\t\t<\/tr>\n\t\t<tr>\n\t\t<td>Alle \u00f8konomiske operat\u00f8rer<\/td>\n\t\t<td>Forbedring av foresp\u00f8rsler om offentliggj\u00f8ring<\/td>\n\t\t<td>Etablering av et system for \u00e5 bestemme n\u00e5r det ikke lenger er n\u00f8dvendig<\/td>\n\t\t<\/tr>\n\t\t<tr>\n\t\t<td>Virksomheter som behandler korttidslagrede data som skal slettes innen 6 m\u00e5neder<\/td>\n\t\t<td>Utvidelse av omfanget av oppbevarte personopplysninger som er gjenstand for offentliggj\u00f8ring, osv.<\/td>\n\t\t<td>Revisjon av interne manualer og andre h\u00e5ndteringsprosedyrer<\/td>\n\t\t<\/tr>\n\t\t<tr>\n\t\t<td>Virksomhetsoperat\u00f8rer som bruker opt-out<\/td>\n\t\t<td>Styrking av opt-out-reguleringer: tillegg av saker som skal varsles, osv.<\/td>\n\t\t<td>Revisjon av personvernpolicy, osv.<\/td>\n\t\t<\/tr>\n\t\t<tr>\n\t\t<td>Virksomhetsoperat\u00f8rer som bruker opt-out<\/td>\n\t\t<td>Styrking av opt-out-reguleringer: forbud mot dobbel opt-out<\/td>\n\t\t<td>Verifiser m\u00e5ter for anskaffelse\/innhenting av informasjon, og endre forretningsordninger etter behov<\/td>\n\t\t<\/tr>\n\t\t<tr>\n\t\t<td>Alle \u00f8konomiske operat\u00f8rer<\/td>\n\t\t<td>Plikt til \u00e5 rapportere lekkasjer, osv. og varsle den enkelte<\/td>\n\t\t<td>Etabler interne manualer og andre prosedyrer for \u00e5 forberede seg p\u00e5 mulig lekkasje<\/td>\n\t\t<\/tr>\n\t\t<tr>\n\t\t<td>Virksomhetsoperat\u00f8rer som bruker anonymt behandlet informasjon<\/td>\n\t\t<td>Etablering av ny bestemmelse om pseudonymisert behandlet informasjon<\/td>\n\t\t<td>Revisjon av personvernpolicy, osv<\/td>\n\t\t<\/tr>\n\t\t<tr>\n\t\t<td>Virksomhetsoperat\u00f8rer som tilbyr DMP og relaterte tjenester<\/td>\n\t\t<td>Regulering av personrelatert informasjon som blir personopplysninger ved leveringsdestinasjonen<\/td>\n\t\t<td>Verifiser at individets samtykke er innhentet fra virksomheten som informasjonen er levert til<\/td>\n\t\t<\/tr>\n\t\t<tr>\n\t\t<td>Virksomhetsoperat\u00f8rer som utf\u00f8rer grenseoverskridende transaksjoner<\/td>\n\t\t<td>Strengere regulering av grenseoverskridende overf\u00f8ringer<\/td>\n\t\t<td>Gjennomg\u00e5 om tjenesten blir levert eller ikke, og bytt tjenester etter behov.<\/td>\n\t\t<\/tr>\n\t\t<\/tbody>\n\t\t<\/table>\n\t<\/div>\n<\/section>\n<section class=\"white-section\">\n\t<div class=\"anchor\" id=\"drafts-can-be-prepared-with-minimal-hearings\"><\/div>\n\t<div class=\"section-inner\">\n\t\t<div class=\"flex\">\n\t\t\t<div class=\"width41\"><img decoding=\"async\" src=\"\/wp-content\/themes\/monolith2021\/img\/pic\/pic_draft.jpg\" alt=\"Utkast kan forberedes med minimalt med h\u00f8ringer\"><\/div>\n\t\t\t<div class=\"width51\">\n\t\t\t\t<h3>Utkast kan forberedes med minimalt med m\u00f8ter<\/h3>\n\t\t\t\t<p class=\"mgb-small\">V\u00e5r grunnleggende advokat er en tidligere IT-ingeni\u00f8r.<\/p>\n\t\t\t\t<p class=\"mgb-small\">For \u00e5 lage personvernpolitikk for apper og nettjenester, er det n\u00f8dvendig \u00e5 forst\u00e5 deres funksjoner og skjermoverganger (i form av hva brukeren skal godta og ved hvilken metode). Vi kan lese de forskjellige dokumentene og dataene som allerede eksisterer i selskapet ditt, som kravdefinisjoner, rammeverk laget med Adobe XD, LP, salgsmateriell for potensielle kunder.<\/p>\n\t\t\t\t<p>Derfor kan vi lage et utkast til personvernpolitikken din, etc. med minimal tid brukt p\u00e5 intervjuer, noe som effektivt reduserer kommunikasjonskostnader og tiden som kreves for opprettelse.<\/p>\n\t\t\t<\/div>\n\t\t<\/div>\n\t<\/div>\n<\/section>\n<section class=\"purple-section\">\n\t<div class=\"anchor\" id=\"terms-of-use-for-apps\"><\/div>\n\t<div class=\"section-inner\">\n\t\t<div class=\"flex reverse\">\n\t\t\t<div class=\"width41\"><img decoding=\"async\" src=\"\/wp-content\/themes\/monolith2021\/img\/practices-itlaw\/practices-itlaw_pic2.jpg\" alt=\"Terms of Use for Apps\"><\/div>\n\t\t\t<div class=\"width51\">\n\t\t\t\t<h3>Brukervilk\u00e5r for apper<\/h3>\n\t\t\t\t<p> Hos MONOLITH LAW OFFICE lager og reviderer vi brukervilk\u00e5r for ulike apper, tjenester, spill, osv., og lager personvernpolicyer. Det er ogs\u00e5 mulig \u00e5 lage en personvernpolicy basert p\u00e5 eksisterende dokumenter og data som brukes til apputvikling, som kravdefinisjoner, rammeverk, LP-er, og salgsmateriell for potensielle kunder.<\/p>\n\t\t\t<\/div>\n\t\t<\/div>\n\t<\/div>\n<\/section>\n<section class=\"white-section\">\n\t<div class=\"anchor\" id=\"examples-of-our-client's-products\"><\/div>\n\t<div class=\"section-inner\">\n\t\t<h3>Eksempler p\u00e5 v\u00e5re klienters produkter<\/h3>\n\t\t<ul class=\"layout-column4 mgb-middle\">\n\t\t\t<li>\n\t\t\t\t<div><img decoding=\"async\" src=\"\/wp-content\/uploads\/2022\/09\/logo_oVice.png\"><\/div>\n\t\t\t\t<h4><a href=\"https:\/\/ovice.in\/ja\/\" target=\"_blank\" rel=\"noopener noreferrer\">oVice<\/a><\/h4>\n\t\t\t\t<p>Vi har v\u00e6rt revisor for oVice Corporation, som realiserer samarbeidsomr\u00e5der og arrangementsplasser i virtuelle rom hvor man kan f\u00f8le seg n\u00e6r andre, som om man snakker ved siden av dem.<\/p>\n\t\t\t<\/li>\t\t\t<li>\n\t\t\t\t<div><img decoding=\"async\" src=\"\/wp-content\/themes\/monolith2021\/img\/clients\/logo_tokium.png\"><\/div>\n\t\t\t\t<h4><a href=\"https:\/\/www.keihi.com\/lp\/\" target=\"_blank\" rel=\"noopener noreferrer\">TOKIUM Expense Reimbursement<\/a><\/h4>\n\t\t\t\t<p>Vi har samarbeidet med TOKIUM Inc., selskapet bak bedriftsfinansieringsappen &#8220;TOKIUM Expense Reimbursement&#8221;, som deres Chief Legal Officer. Vi har gitt juridisk st\u00f8tte for deres prosjekter, inkludert lanseringen av deres utgiftsrefusjonssystem &#8220;TOKIUM Invoice&#8221;.<\/p>\n\t\t\t<\/li>\n\t\t\t<li>\n\t\t\t\t<div><img decoding=\"async\" src=\"\/wp-content\/themes\/monolith2021\/img\/clients\/logo_seculio.png\"><\/div>\n\t\t\t\t<h4><a href=\"https:\/\/www.lrm.jp\/seculio\/feature\/\" target=\"_blank\" rel=\"noopener noreferrer\">Securio<\/a><\/h4>\n\t\t\t\t<p>Vi har v\u00e6rt revisor for LRM Corporation, som lanserer Securio, som forbedrer oppfatningen av informasjonssikkerhet i hele selskapet.<\/p>\n\t\t\t<\/li>\n\t\t\t<li>\n\t\t\t\t<div><img decoding=\"async\" src=\"\/wp-content\/themes\/monolith2021\/img\/clients\/logo_tribeau.png\"><\/div>\n\t\t\t\t<h4><a href=\"https:\/\/corp.tribeau.jp\/\" target=\"_blank\" rel=\"noopener noreferrer\">TRIBEAU<\/a><\/h4>\n\t\t\t\t<p>Vi er ansvarlige for et prosjekt for TRIBEAU Corporation, som lanserer &#8220;TRIBEAU&#8221;, en applikasjon for anmeldelser og reservasjoner av skj\u00f8nnhetspleie, som ogs\u00e5 er tilgjengelig som en nettjeneste.<\/p>\n\t\t\t<\/li>\n\t\t<\/ul>\n\t\t<p class=\"txt-s\">I tillegg til disse klientene, er vi ansvarlige for mange andre produkter. Bare selskaper som har gitt oss tillatelse til \u00e5 avsl\u00f8re deres klientstatus eller virksomheter som har registrert oss som sine ledere, er oppf\u00f8rt her. Som en generell regel holdes klientinformasjon konfidensiell i henhold til taushetsavtalen.<\/p>\n\t<\/div>\n<\/section>\n\n<section class=\"purple2-section\">\n\t<div class=\"anchor\" id=\"monolith-law-magazine\"><\/div>\n\t<div class=\"section-inner\">\n\t\t    <section class=\"white-section temp-article\">\n        <div class=\"section-inner\">\n            <h4>MONOLITH LAW MAGAZINE<\/h4>\n            <div class=\"articles type_practice_column\">\n                                                                    <div class=\"article article-area\">\n                        <figure>\n                            <div class=\"img-wrap\">\n                                <img alt=\"\u3010Siste versjon\u3011Hva er personvernlovgivningen? Grunnleggende kunnskap du b\u00f8r vite, forklart p\u00e5 en forst\u00e5elig m\u00e5te\" src=\"https:\/\/monolith.law\/no\/wp-content\/uploads\/sites\/27\/2025\/08\/7754792bacecaafed2fca2c081c09987-1024x683-1.webp\" width=\"500\" height=\"250\">\n                            <\/div>\n                            <figcaption>\n                                <div class=\"figcaption-inner\">\n                                    <h3>\u3010Siste versjon\u3011Hva er personvernlovgivningen? Grunnleggende kunnskap du b\u00f8r vite.<\/h3>\n                                <\/div>\n                            <\/figcaption>\n                            <a href=\"https:\/\/monolith.law\/no\/general-corporate\/personal-information-protection-act\"><\/a>\n                        <\/figure>\n                    <\/div>\n                                                    <div class=\"article article-area\">\n                        <figure>\n                            <div class=\"img-wrap\">\n                                <img alt=\"Kan det \u00e5 avsl\u00f8re noens adresse bli en forbrytelse? Forklaring av metoder for \u00e5 identifisere innleggforfattere\" src=\"https:\/\/monolith.law\/no\/wp-content\/uploads\/sites\/27\/2024\/11\/29746988_m-1-1024x682-1.webp\" width=\"500\" height=\"250\">\n                            <\/div>\n                            <figcaption>\n                                <div class=\"figcaption-inner\">\n                                    <h3>Kan det \u00e5 avsl\u00f8re noens adresse bli en forbrytelse? Forklaring av metoder for \u00e5 .<\/h3>\n                                <\/div>\n                            <\/figcaption>\n                            <a href=\"https:\/\/monolith.law\/no\/general-corporate\/address-sin\"><\/a>\n                        <\/figure>\n                    <\/div>\n                                                    <div class=\"article article-area\">\n                        <figure>\n                            <div class=\"img-wrap\">\n                                <img alt=\"Ustoppelig lekkasje av personopplysninger, en \u00f8kning p\u00e5 1,5 ganger sammenlignet med forrige \u00e5r i Reiwa 5 (2023). Forklarer de nyeste trendene\" src=\"https:\/\/monolith.law\/no\/wp-content\/uploads\/sites\/27\/2024\/07\/Shutterstock_2397440129.webp\" width=\"500\" height=\"250\">\n                            <\/div>\n                            <figcaption>\n                                <div class=\"figcaption-inner\">\n                                    <h3>Ustoppelig lekkasje av personopplysninger, en \u00f8kning p\u00e5 1,5 ganger sammenlignet .<\/h3>\n                                <\/div>\n                            <\/figcaption>\n                            <a href=\"https:\/\/monolith.law\/no\/general-corporate\/ppc-annual-report-2023\"><\/a>\n                        <\/figure>\n                    <\/div>\n                                            <\/div>\n            <div class=\"btn-more\"><a href=\"https:\/\/monolith.law\/no\/tag\/personal-information-protection\">Read More<\/a><\/div>\n        <\/div>\n    <\/section>\n\t<\/div>\n<\/section>\n<section class=\"orange2-section\">\n\t<div id=\"fee-structure\"><\/div>\n\t<div class=\"section-inner\">\n\t<div class=\"planWrap\">\n\t<h3>Honorarstruktur<\/h3>\n\t<ul class=\"plan\">\n\t\t<li class=\"txt-left\">\n\t\t\t<div class=\"plan-inner\">\n\t\t\t<div class=\"plan-header\">\n\t\t\t<h4 class=\"plan-title\">Timepris<\/h4>\n\t\t\t<div class=\"plan-price\"><span class=\"price-figure\">$300<\/span>per time<span class=\"price-value\"><\/span><\/div>\n\t\t\t<\/div>\n\t\t\t<div class=\"plan-body\">I visse tilfeller kan vi vurdere \u00e5 akseptere en tvist eller et s\u00f8ksm\u00e5l med et oppstartshonorar og et resultatbasert honorar. For mer informasjon, vennligst ta kontakt med oss.<\/div>\n\t\t\t<\/div>\n\t\t<\/li>\n\t\t<li class=\"txt-left\">\n\t\t\t<div class=\"plan-inner\">\n\t\t\t<div class=\"plan-header\">\n\t\t\t<h4 class=\"plan-title\">Utarbeidelse av Kontrakter<\/h4>\n\t\t\t<div class=\"plan-price\"><span class=\"price-value\">fra<\/span><span class=\"price-figure\">$500<\/span><span class=\"price-value\">til $2,000 eller mer<\/span><\/div>\n\t\t\t<\/div>\n\t\t\t<div class=\"plan-body\">Prisstrukturen kan variere basert p\u00e5 typen og antallet kontrakter. Vi tilbyr gjerne et forel\u00f8pig kostnadsoverslag ved foresp\u00f8rsel, s\u00e5 vi oppfordrer deg til \u00e5 kontakte oss for ytterligere detaljer.<\/div>\n\t\t\t<\/div>\n\t\t<\/li>\n\t\t<li class=\"txt-left\">\n\t\t\t<div class=\"plan-inner\">\n\t\t\t<div class=\"plan-header\">\n\t\t\t<h4 class=\"plan-title\">Andre Tjenester<\/h4>\n\t\t\t<div class=\"plan-price\"><span class=\"price-figure\">Kontakt Oss<\/span><\/div>\n\t\t\t<\/div>\n\t\t\t<div class=\"plan-body\">Vi tilbyr et bredt spekter av tjenester, inkludert selskapsdannelse, kontraktsvurdering, juridiske uttalelser, saksgjennomgang eller forskningsbrev. Hvis du har noen sp\u00f8rsm\u00e5l eller bekymringer, inviterer vi deg hjertelig til \u00e5 kontakte oss, og v\u00e5rt kunnskapsrike team vil v\u00e6re glade for \u00e5 assistere deg.<\/div>\n\t\t\t<\/div>\n\t\t<\/li>\n\t<\/ul>\n\t<\/div>\n\t<\/div>\n<\/section>\n\n<section class=\"white-section\">\n\t<div class=\"section-inner\">\n\t<div class=\"btn-area\">\n\t<div class=\"btn icon-contact\"><a href=\"\/no\/contact\">Kontakt Oss<\/a><\/div>\n\t<\/div>\n\t<\/div>\n<\/section>\n","protected":false},"excerpt":{"rendered":"<p>Beskyttelse av personopplysninger Forretningssituasjoner som involverer IT og internett omfatter ofte h\u00e5ndtering av ulike typer personopplysninger, inkludert databaser for personopplysninger, informas [&hellip;]<\/p>\n","protected":false},"author":1,"featured_media":57143,"parent":0,"menu_order":0,"comment_status":"closed","ping_status":"closed","template":"non-other-page-temp.php","meta":{"footnotes":""},"acf":[],"_links":{"self":[{"href":"https:\/\/monolith.law\/no\/wp-json\/wp\/v2\/pages\/55885"}],"collection":[{"href":"https:\/\/monolith.law\/no\/wp-json\/wp\/v2\/pages"}],"about":[{"href":"https:\/\/monolith.law\/no\/wp-json\/wp\/v2\/types\/page"}],"author":[{"embeddable":true,"href":"https:\/\/monolith.law\/no\/wp-json\/wp\/v2\/users\/1"}],"replies":[{"embeddable":true,"href":"https:\/\/monolith.law\/no\/wp-json\/wp\/v2\/comments?post=55885"}],"version-history":[{"count":38,"href":"https:\/\/monolith.law\/no\/wp-json\/wp\/v2\/pages\/55885\/revisions"}],"predecessor-version":[{"id":62580,"href":"https:\/\/monolith.law\/no\/wp-json\/wp\/v2\/pages\/55885\/revisions\/62580"}],"wp:featuredmedia":[{"embeddable":true,"href":"https:\/\/monolith.law\/no\/wp-json\/wp\/v2\/media\/57143"}],"wp:attachment":[{"href":"https:\/\/monolith.law\/no\/wp-json\/wp\/v2\/media?parent=55885"}],"curies":[{"name":"wp","href":"https:\/\/api.w.org\/{rel}","templated":true}]}}