{"id":56075,"date":"2023-11-06T23:50:40","date_gmt":"2023-11-06T14:50:40","guid":{"rendered":"https:\/\/monolith.law\/no\/?page_id=56075"},"modified":"2023-12-28T13:12:00","modified_gmt":"2023-12-28T04:12:00","slug":"it","status":"publish","type":"page","link":"https:\/\/monolith.law\/no\/it","title":{"rendered":"IT"},"content":{"rendered":"\n<section class=\"heading-area\">\n\t<div class=\"heading-area-inner\">\n\t\t<h2 class=\"icon-it\">IT<\/h2>\n\t\t<p>I et samfunn der teknologi fortsetter \u00e5 utvikle seg raskt, er det avgj\u00f8rende for bedriftsadvokater i Japan \u00e5 ha en dyp forst\u00e5else av selskapets IT og IP. V\u00e5r styrke ligger i v\u00e5rt team av spesialister p\u00e5 dette omr\u00e5det.<\/p>\n\t<\/div>\n<\/section>\n\n<section class=\"white-section\">\n\t<div class=\"section-inner pdt0  border-bottom-section\">\n\t\t<p>For advokater i IT-selskaper er det viktig \u00e5 forst\u00e5 teknologien og operasjonene knyttet til IT og immaterielle rettigheter i selskapets daglige virksomhet. Uten kunnskap og forst\u00e5else av IT er det umulig \u00e5 n\u00f8ye gjennomg\u00e5 kontrakter og andre dokumenter relatert til produktene som h\u00e5ndteres, som er av st\u00f8rste betydning for selskaper, og det er heller ikke mulig \u00e5 vurdere hvordan man skal respondere p\u00e5 og forhindre problemer dersom de oppst\u00e5r. MONOLITH LAW OFFICE h\u00e5ndterer ikke bare saker som involverer oppstartsselskaper og b\u00f8rsnoterte selskaper som spesialiserer seg p\u00e5 IT, men ogs\u00e5 IT- og internett-saker som involverer ikke-IT-selskaper som advokat ansvarlig for IT og IP.<\/p>\n\t<\/div>\n<\/section>\n\n\n<section class=\"white-section\">\n\t<div class=\"section-inner\">\n\t\t<h3 class=\"ttl-white\">I dag er IT til stede i alle aspekter av bedriftsaktiviteter<\/h3>\n\t\t<ul class=\"layout-column4\">\n\t\t\t<li>\n\t\t\t\t<h4>For restaurantbransjen<\/h4>\n\t\t\t\t<div><img decoding=\"async\" src=\"\/wp-content\/themes\/monolith2021\/img\/practices-itlaw\/practices-itlaw_illust1.png\"><\/div>\n\t\t\t\t<p>\u00c5 tiltrekke kunder gjennom <span class=\"bold\">webmarkedsf\u00f8ring<\/span> krever outsourcing av IT-tjenester og IT-selskaper.<\/p>\n\t\t\t<\/li>\n\t\t\t<li>\n\t\t\t\t<h4>For produksjonsindustrien<\/h4>\n\t\t\t\t<div><img decoding=\"async\" src=\"\/wp-content\/themes\/monolith2021\/img\/practices-itlaw\/practices-itlaw_illust2.png\"><\/div>\n\t\t\t\t<p>Kontinuerlig utvikling av <span class=\"bold\">IT-basert informasjon<\/span> er essensielt for produksjonsstyring.<\/p>\n\t\t\t<\/li>\n\t\t\t<li>\n\t\t\t\t<h4>For e-handelsselskaper<\/h4>\n\t\t\t\t<div><img decoding=\"async\" src=\"\/wp-content\/themes\/monolith2021\/img\/practices-itlaw\/practices-itlaw_illust3.png\"><\/div>\n\t\t\t\t<p>Administrasjon av e-handelsnettsteder og <span class=\"bold\">webmedia markedsf\u00f8ringsoperasjoner<\/span> er ogs\u00e5 en del av v\u00e5r IT-relaterte virksomhet.<\/p>\n\t\t\t<\/li>\n\t\t\t<li>\n\t\t\t\t<h4>For underholdningsindustrien<\/h4>\n\t\t\t\t<div><img decoding=\"async\" src=\"\/wp-content\/themes\/monolith2021\/img\/practices-itlaw\/practices-itlaw_illust4.png\"><\/div>\n\t\t\t\t<p>Internett er essensielt for <span class=\"bold\">mediestyring og distribusjon av innhold<\/span>.<\/p>\n\t\t\t<\/li>\n\t\t<\/ul>\n\t<\/div>\n<\/section>\n\n<section class=\"white-section\">\n\t<div class=\"section-inner pdt0\">\n\t\t<p class=\"txt-l txt-center mgb-middle\">V\u00e5rt firma utnytter erfaringen til v\u00e5r administrerende advokat, som er en tidligere IT-ingeni\u00f8r<br>Fordi vi er <span class=\"bold\">et advokatfirma med styrke i japansk IT\/IP-lovgivning<\/span><\/p>\n\t\t<div class=\"frame2 max-width860 txt-center-pc\">\n\t\t\t<p class=\"txt-l\"><span class=\"bold\">Vi kan h\u00e5ndtere alle juridiske saker for IT- og oppstartsselskaper.<br>For selskaper som ikke driver med IT til daglig, fungerer vi som<br>&#8220;IT\/IP juridiske r\u00e5dgivende advokater&#8221;.<\/p>\n\t\t<\/div>\n\t<\/div>\n<\/section>\n\n<section class=\"second-nav\">\n\t<div class=\"second-nav-inner\">\n\t\t<p>EMNER<\/p>\n\t\t<nav>\n\t\t\t<ul>\n\t\t\t\t<li><a href=\"#system-development\">Systemutvikling<\/a><\/li>\n\t\t\t\t<li><a href=\"#terms-of-use\">Bruksvilk\u00e5r<\/a><\/li>\n\t\t\t\t<li><a href=\"#crypto-assets-and-blockchain\">Kryptovalutaer og blokkjede<\/a><\/li>\n\t\t\t\t<li><a href=\"#ai-chatgpt-etc\">AI (ChatGPT, osv.)<\/a><\/li>\n\t\t\t\t<li><a href=\"#games\">Spill<\/a><\/li>\n\t\t\t\t<li><a href=\"#swift-and-efficient-tech-legal-analysis\">Rask og effektiv teknisk\/juridisk analyse<\/a><\/li>\n\t\t\t\t<li><a href=\"#intellectual-property-rights\">Immaterielle rettigheter<\/a><\/li>\n\t\t\t\t<li><a href=\"#domain-name-disputes\">Tvister om domenenavn<\/a><\/li>\n\t\t\t\t<li><a href=\"#e-commerce\">E-handel<\/a><\/li>\n\t\t\t\t<li><a href=\"#medical-law\">Medisinsk lov<\/a><\/li>\n\t\t\t\t<li><a href=\"#cybercrime\">Cyberkriminalitet<\/a><\/li>\n\t\t\t\t<li><a href=\"#monolith-law-magazine\">MONOLITH LAW MAGAZINE<\/a><\/li>\n\t\t\t\t<li><a href=\"#fee-structure\">Honorarstruktur<\/a><\/li>\n\t\t\t<\/ul>\n\t\t<\/nav>\n\t<\/div>\n<\/section>\n\n\n<section class=\"white-section\">\n\t<div class=\"anchor\" id=\"system-development\"><\/div>\n\t<div class=\"section-inner\">\n\t\t<div class=\"flex\">\n\t\t\t<div class=\"width41\"><img decoding=\"async\" src=\"\/wp-content\/themes\/monolith2021\/img\/practices-itlaw\/practices-itlaw_pic1.jpg\" alt=\"Systemutvikling\"><\/div>\n\t\t\t<div class=\"width51\">\n\t\t\t\t<h3>Systemutvikling<\/h3>\n\t\t\t\t<p class=\"mgb-middle\">Vi er et advokatfirma ledet av en tidligere IT-ingeni\u00f8r, spesialisert p\u00e5 saker knyttet til systemutvikling, fra utarbeidelse, revisjon og forhandling av kontrakter til l\u00f8sning av tvister. Vi utarbeider ogs\u00e5 kontrakter fra bunnen av basert p\u00e5 eksisterende materiale, som for eksempel forslagsdokumenter, med et minimum av klientintervjuer.<\/p>\n\t\t\t\t<div class=\"btn-area align-left\">\n\t\t\t\t\t<div class=\"btn icon-system-development\"><a href=\"\/no\/system-development\">Systemutvikling<\/a><\/div>\n\t\t\t\t<\/div>\n\t\t\t<\/div>\n\t\t<\/div>\n\t<\/div>\n<\/section>\n\n<section class=\"orange-section\">\n\t<div class=\"anchor\" id=\"terms-of-use\"><\/div>\n\t<div class=\"section-inner\">\n\t\t<div class=\"flex reverse\">\n\t\t\t<div class=\"width41\"><img decoding=\"async\" src=\"\/wp-content\/themes\/monolith2021\/img\/practices-itlaw\/practices-itlaw_pic2.jpg\" alt=\"Gjennomgang av bruksvilk\u00e5r for apper\"><\/div>\n\t\t\t<div class=\"width51\">\n\t\t\t\t<h3>Brukervilk\u00e5r<\/h3>\n\t\t\t\t<p class=\"mgb-middle\">MONOLITH LAW OFFICE h\u00e5ndterer opprettelsen og gjennomgangen av brukervilk\u00e5r og personvernpolicyer for forskjellige apper, tjenester, spill i Japan. I tillegg kan vi lese kravspesifikasjonen for den relevante apputviklingen, Adobe XD-rammeverk, LP-er, salgsmateriell for potensielle kunder, og andre eksisterende dokumenter og data.<\/p>\n\t\t\t\t<div class=\"btn-area align-left\">\n\t\t\t\t\t<div class=\"btn icon-terms-of-use\"><a href=\"\/no\/terms-of-use\">Brukervilk\u00e5r<\/a><\/div>\n\t\t\t\t<\/div>\n\t\t\t<\/div>\n\t\t<\/div>\n\t<\/div>\n<\/section>\n\n<section class=\"white-section\">\n\t<div class=\"anchor\" id=\"crypto-assets-and-blockchain\"><\/div>\n\t<div class=\"section-inner\">\n\t\t<div class=\"flex\">\n\t\t\t<div class=\"width41\"><img decoding=\"async\" src=\"\/wp-content\/uploads\/2022\/07\/shutterstock_1151380622_2.png\" alt=\"Crypto Assets and Blockchain\"><\/div>\n\t\t\t<div class=\"width51\">\n\t\t\t\t<h3>Kryptovaluta og Blockchain<\/h3>\n\t\t\t\t<p class=\"mgb-middle\">Blockchains er desentraliserte databaser som har ekstremt lav risiko for tap av poster, gj\u00f8r det vanskeligere \u00e5 forfalske tidligere poster, og er muliggjort av IT-teknikker som konsensusalgoritmer, kryptografi, og P2P-nettverk. MONOLITH LAW OFFICE har v\u00e6rt involvert i juridisk arbeid med kryptovaluta og blockchain kort tid etter oppstarten i 2017.<\/p>\n\t\t\t\t<div class=\"btn-area align-left\">\n\t\t\t\t\t<div class=\"btn icon-crypto-asset-and-blockchain\"><a href=\"\/no\/crypto-asset-and-blockchain\">Kryptovaluta<br>og Blockchain<\/a><\/div>\n\t\t\t\t<\/div>\n\t\t\t<\/div>\n\t\t<\/div>\n\t<\/div>\n<\/section>\n\n<section class=\"purple-section\">\n\t<div class=\"anchor\" id=\"ai-chatgpt-etc\"><\/div>\n\t<div class=\"section-inner\">\n\t\t<div class=\"flex reverse\">\n\t\t\t<div class=\"width41\"><img decoding=\"async\" src=\"\/wp-content\/themes\/monolith2021\/img\/practices-itlaw\/practices-itlaw_pic5.jpg\" alt=\"AI (ChatGPT, etc.)\"><\/div>\n\t\t\t<div class=\"width51\">\n\t\t\t\t<h3>AI (ChatGPT, osv.)<\/h3>\n\t\t\t\t<p class=\"mgb-small\">Vi tilbyr juridiske kontroller, kontraktbehandling, og st\u00f8tte for offentlig varsling for bilde- og naturlig spr\u00e5k AI-tjenester og problemer relatert til opphavsrettslov, personvernlovgivning, osv., p\u00e5 foresp\u00f8rsel fra IT-startups og forretningsbedrifter.<\/p>\n\t\t\t\t<p class=\"mgb-middle\">I visse tilfeller unders\u00f8ker vi tekniske dokumenter og kildekoder for \u00e5 forst\u00e5 bibliotekets n\u00f8yaktige drift f\u00f8r vi vurderer lovligheten av tjenesten og systemet som er n\u00f8dvendig for dens lovlige drift i Japan.<\/p>\n\t\t\t\t<div class=\"btn-area align-left\">\n\t\t\t\t\t<div class=\"btn icon-ai\"><a href=\"\/no\/ai\">AI (ChatGPT, osv.)<\/a><\/div>\n\t\t\t\t<\/div>\n\t\t\t<\/div>\n\t\t<\/div>\n\t<\/div>\n<\/section>\n\n<section class=\"white-section mgt-section \">\n\t<div class=\"anchor\" id=\"games\"><\/div>\n\t<div class=\"section-inner-black\">\n\t\t<h3>Spill<\/h3>\n\t\t<p class=\"mgb-middle\"> I Japan reguleres driften av sosiale spill av flere lover, inkludert den japanske opphavsrettsloven, loven mot uberettigede premier og villedende representasjoner, fondsoppgj\u00f8rsloven, forbrukerkontraktsloven, loven om spesifiserte kommersielle transaksjoner, og telekommunikasjonsvirksomhetsloven er de viktigste.<br> For \u00e5 unng\u00e5 tvister og statlige straffer, er det n\u00f8dvendig \u00e5 sikre juridisk overholdelse.<br> V\u00e5rt firma fungerer ogs\u00e5 som juridisk r\u00e5dgiver for videospill- og e-sportsselskaper i Japan, noe som krever en forst\u00e5else av bransjen for \u00e5 sikre lovlig drift.<\/p>\n\t<\/div>\n<\/section>\n\n<section class=\"white-section\">\n\t<div class=\"anchor\" id=\"swift-and-efficient-tech-legal-analysis\"><\/div>\n\t<div class=\"section-inner\">\n\t\t<div class=\"flex reverse\">\n\t\t\t<div class=\"width41\"><img decoding=\"async\" src=\"\/wp-content\/themes\/monolith2021\/img\/pic\/pic_draft.jpg\" alt=\"Utkast med minimal driftstid\"><\/div>\n\t\t\t<div class=\"width51\">\n\t\t\t\t<h3>Minimumstid n\u00f8dvendig for utkast<\/h3>\n\t\t\t\t<p class=\"mgb-middle\">Med v\u00e5r administrerende advokat som er en tidligere IT-ingeni\u00f8r, og et team av IT-konsulenter, tilbyr v\u00e5r firma en- stopp teknisk analyse og juridisk gjennomgangstjenester, spesielt for avanserte teknologier som AI. <\/p>\n\t\t\t\t<p>Lojaliteten til tjenester som bruker avansert teknologi, spesielt AI, kan ikke bestemmes uten \u00e5 ha en teknisk forst\u00e5else av hvordan slike tjenester fungerer. Som en en-stopps service, kan vi tilby b\u00e5de teknisk analyse og juridisk gjennomgang.<\/p>\n\t\t\t<\/div>\n\t\t<\/div>\n\t<\/div>\n<\/section>\n\n<section class=\"white-section mgb-section80\">\n\t<div class=\"anchor\" id=\"intellectual-property-rights\"><\/div>\n\t<div class=\"section-inner-black\">\n\t\t<h3>Intellektuell Eiendom<\/h3>\n\t\t<p class=\"mgb-middle\">We handle IP strategy planning, contractual relations and litigation in both the IT and entertainment fields.\nIn the case of disputes, we also handle highly specialized litigation, such as litigation over patent ownership rights.<\/p>\n\t<\/div>\n<\/section>\n\n<section class=\"white-section mgt-section80\">\n\t<div class=\"anchor\" id=\"domain-name-disputes\"><\/div>\n\t<div class=\"section-inner-black\">\n\t\t<h3>Domene Tvister<\/h3>\n\t\t<p class=\"mgb-middle\">We have expertise in handling domain names, intellectual property rights, and dispute resolution based on the JP Domain Name Dispute Resolution Policy (DRP) and litigation procedures using the Unfair Competition Prevention Act.\n<\/p>\n\t<\/div>\n<\/section>\n\n<section class=\"white-section\">\n\t<div class=\"anchor\" id=\"e-commerce\"><\/div>\n\t<div class=\"section-inner\">\n\t\t<div class=\"flex\">\n\t\t\t<div class=\"width41\"><img decoding=\"async\" src=\"\/wp-content\/themes\/monolith2021\/img\/practices-itlaw\/practices-itlaw_pic7.jpg\" alt=\"E-handel\"><\/div>\n\t\t\t<div class=\"width51\">\n\t\t\t\t<h3>E-handel<\/h3>\n\t\t\t\t<p>Vi har erfaring med \u00e5 l\u00f8se ulike japanske e-handelskonflikter, inkludert forebyggende tiltak mot brudd p\u00e5 varemerke- og opphavsrett p\u00e5 plattformer som Rakuten, Amazon og Yahoo!Shopping.<\/p>\n\t\t\t<\/div>\n\t\t<\/div>\n\t<\/div>\n<\/section>\n\n<section class=\"white-section mgb-section80\">\n\t<div class=\"anchor\" id=\"medical-law\"><\/div>\n\t<div class=\"section-inner-black\">\n\t\t<h3>Medisinsk rett<\/h3>\n\t\t<p class=\"mgb-middle\">The intersection of laws related to medical care in Japan, such as the Pharmaceutical Affairs Act, Medical Service Act, and Medical Practitioners Act, with IT and the Internet, is a complex and specialized area.\nOur firm has medical-related legal specialists and a founding lawyer who is a former IT engineer, is well-versed in the industry.<\/p>\n\t\t<h4 class=\"mgb-middle\">V\u00e5r erfaring med medisinsk rettssaker (eksempler)<\/h4>\n\t\t<p class=\"mgb-middle\">Juridisk gjennomgang under den japanske legemiddel- og medisinsk utstyrsloven (PMD Act) og andre lover ang\u00e5ende LP-er for supplementdistribut\u00f8rer, juridiske vurderinger og utforming av retningslinjer under PMD-loven og andre gjeldende lover for skj\u00f8nnhetsrelaterte medier, og revisjon av juridisk legitimitet for nye virksomheter i medisinsk-relaterte oppstartsselskaper, utarbeidelse av kontrakter for felles forskning med universiteter for medisinsk-relaterte oppstartsselskaper. Juridisk gjennomgang og forberedelse av vilk\u00e5r for bruk for tjenester for samarbeid om medisinsk informasjon. Utarbeidelse av beskrivelser av den spesifiserte handelskoden osv., for virksomheter som selger kosttilskudd.<\/p>\n\t<\/div>\n<\/section>\n\n<section class=\"white-section\">\n\t<div class=\"anchor\" id=\"cybercrime\"><\/div>\n\t<div class=\"section-inner\">\n\t\t<div class=\"flex reverse\">\n\t\t\t<div class=\"width41\"><img decoding=\"async\" src=\"\/wp-content\/uploads\/2023\/05\/dispute_pic2.jpg\" alt=\"Cybercrime\"><\/div>\n\t\t\t<div class=\"width51\">\n\t\t\t\t<h3>Cyberkriminalitet<\/h3>\n\t\t\t\t<p class=\"mgb-middle\">For \u00e5 fremme etterforskning og arrestasjon av japansk politi ang\u00e5ende hendelser som uautorisert tilgang som skjer i Japan, er det effektivt \u00e5 ha hjelp av eksperter som er godt kjent med japanske straffeprosedyrer. Som et advokatfirma med ekspertise innen IT, tilbyr vi juridisk st\u00f8tte for selskaper som har v\u00e6rt ofre for cyberkriminalitet som uautorisert tilgang og ulovlig dataekstraksjon, inkludert hjelp med \u00e5 inngi straffeklager og rapporter for \u00e5 initiere straffeforf\u00f8lgelse. Dette er en av v\u00e5re s\u00e6regne funksjoner.<\/p>\n\t\t\t\t<div class=\"btn-area align-left\">\n\t\t\t\t\t<div class=\"btn icon-cybercrime\"><a href=\"\/no\/cybercrime\">Cyberkriminalitet<\/a><\/div>\n\t\t\t\t<\/div>\n\t\t\t<\/div>\n\t\t<\/div>\n\t<\/div>\n<\/section>\n\n<section class=\"white-section\">\n\t<div class=\"section-inner pdt0\">\n\t\t<div class=\"frame2 max-width860 txt-center-pc\">\n\t\t\t<p class=\"bold txt-l\">Vi kan ogs\u00e5 fungere som en &#8220;sekund\u00e6r advokat&#8221; for bedriftens hovedvirksomhet, og utnytte v\u00e5re styrker i en separat kapasitet fra bedriftens hovedjuridiske r\u00e5dgiver.<\/p>\n\t\t<\/div>\n\t<\/div>\n<\/section>\n\n<section class=\"purple2-section\">\n\t<div class=\"anchor\" id=\"monolith-law-magazine\"><\/div>\n\t<div class=\"section-inner\">\n\t\t    <section class=\"white-section temp-article\">\n        <div class=\"section-inner\">\n            <h4>MONOLITH LAW MAGAZINE<\/h4>\n            <div class=\"articles type_practice_column\">\n                                                                    <div class=\"article article-area\">\n                        <figure>\n                            <div class=\"img-wrap\">\n                                <img alt=\"Hva er kryptovaluta? En detaljert forklaring p\u00e5 den juridiske definisjonen og forskjellene fra elektroniske penger og lignende\" src=\"https:\/\/monolith.law\/no\/wp-content\/uploads\/sites\/27\/2025\/12\/comparision-electronicmoney-virtualcurrency-1.jpg\" width=\"500\" height=\"250\">\n                            <\/div>\n                            <figcaption>\n                                <div class=\"figcaption-inner\">\n                                    <h3>Hva er kryptovaluta? En detaljert forklaring p\u00e5 den juridiske definisjonen og fo.<\/h3>\n                                <\/div>\n                            <\/figcaption>\n                            <a href=\"https:\/\/monolith.law\/no\/it\/comparision-electronicmoney-virtualcurrency\"><\/a>\n                        <\/figure>\n                    <\/div>\n                                                    <div class=\"article article-area\">\n                        <figure>\n                            <div class=\"img-wrap\">\n                                <img alt=\"Innholdet i \"AI Tjenesteleverand\u00f8r Retningslinjer\" fra det japanske departementet for \u00f8konomi, handel og industri forklart av en advokat\" src=\"https:\/\/monolith.law\/no\/wp-content\/uploads\/sites\/27\/2025\/08\/e36600b5b611907cab776b37513c6f6e.webp\" width=\"500\" height=\"250\">\n                            <\/div>\n                            <figcaption>\n                                <div class=\"figcaption-inner\">\n                                    <h3>Innholdet i \"AI Tjenesteleverand\u00f8r Retningslinjer\" fra det japanske departemente.<\/h3>\n                                <\/div>\n                            <\/figcaption>\n                            <a href=\"https:\/\/monolith.law\/no\/it\/ai-business-guidelines\"><\/a>\n                        <\/figure>\n                    <\/div>\n                                                    <div class=\"article article-area\">\n                        <figure>\n                            <div class=\"img-wrap\">\n                                <img alt=\"EUs AI-reguleringslov og n\u00f8dvendige tiltak for japanske selskaper\" src=\"https:\/\/monolith.law\/no\/wp-content\/uploads\/sites\/27\/2025\/08\/a1a29c01832a47f3d2c7dc6bfde10302.webp\" width=\"500\" height=\"250\">\n                            <\/div>\n                            <figcaption>\n                                <div class=\"figcaption-inner\">\n                                    <h3>EUs AI-reguleringslov og n\u00f8dvendige tiltak for japanske selskaper<\/h3>\n                                <\/div>\n                            <\/figcaption>\n                            <a href=\"https:\/\/monolith.law\/no\/it\/eu-ai-act\"><\/a>\n                        <\/figure>\n                    <\/div>\n                                            <\/div>\n            <div class=\"btn-more\"><a href=\"https:\/\/monolith.law\/no\/tag\/it\">Read More<\/a><\/div>\n        <\/div>\n    <\/section>\n\t<\/div>\n<\/section>\n\n<section class=\"orange2-section\">\n\t<div class=\"anchor\" id=\"fee-structure\"><\/div>\n\t<div class=\"section-inner\">\n\t\t<div class=\"planWrap\">\n\t\t\t<h3>Honorarstruktur<\/h3>\n\t\t\t<ul class=\"plan\">\n\t\t\t\t<li class=\"txt-left\">\n\t\t\t\t\t<div class=\"plan-inner\">\n\t\t\t\t\t<div class=\"plan-header\">\n\t\t\t\t\t\t<h4 class=\"plan-title\">Timepris<\/h4>\n\t\t\t\t\t\t<div class=\"plan-price\">\n\t\t\t\t\t\t\t<div class=\"plan-price\"><span class=\"price-figure\">$300<\/span>per time<span class=\"price-value\"><\/span><\/div>\n<\/div>\n\t\t\t\t\t<\/div>\n\t\t\t\t\t<div class=\"plan-body\">\n\t\t\t\t\t\t<p>I visse tilfeller kan vi vurdere \u00e5 ta en tvist eller et s\u00f8ksm\u00e5l med et oppstartshonorar og et resultatbasert honorar. For mer informasjon, vennligst ta kontakt med oss.<\/p>\n\t\t\t\t\t\t<p><\/p>\n\t\t\t\t\t\t<p class=\"txt-s\"><\/p>\n\t\t\t\t\t<\/div>\n\t\t\t\t\t<\/div>\n\t\t\t\t<\/li>\n\t\t\t\t<li class=\"txt-left\">\n\t\t\t\t\t<div class=\"plan-inner\">\n\t\t\t\t\t<div class=\"plan-header\">\n\t\t\t\t\t\t<h4 class=\"plan-title\">Utarbeidelse av Kontrakter<\/h4>\n\t\t\t\t\t\t<div class=\"plan-price\">\n\t\t\t\t\t\t<div class=\"plan-price\"><span class=\"price-value\">fra<\/span><span class=\"price-figure\">$500<\/span><span class=\"price-value\">til $2,000 eller mer<\/span><\/div>\n<\/div>\n\t\t\t\t\t<\/div>\n\t\t\t\t\t<div class=\"plan-body\">\n\t\t\t\t\t\t<p>The pricing structure is subject to variation based on the type and quantity of contracts. We are pleased to offer a preliminary estimate upon inquiry, thereby encouraging you to reach out to us for further details.\n<\/p>\n\t\t\t\t\t\t<p class=\"txt-s\"><\/p>\n\t\t\t\t\t<\/div>\n\t\t\t\t\t<\/div>\n\t\t\t\t<\/li>\n\t\t\t\t<li class=\"txt-left\">\n\t\t\t\t\t<div class=\"plan-inner\">\n\t\t\t\t\t<div class=\"plan-header\">\n\t\t\t\t\t<h4 class=\"plan-title\">Andre Tjenester<\/h4>\n\t\t\t\t\t<div class=\"plan-price\">\n\t\t\t\t\t\t<div class=\"plan-price\"><span class=\"price-figure\">Kontakt Oss<\/span><\/div>\n\t\t\t\t\t<\/div>\n\t\t\t\t\t<div class=\"plan-body\">\n\t\t\t\t\t\t<p>Vi tilbyr et bredt spekter av tjenester, inkludert selskapsdannelse, kontraktsvurdering, juridiske uttalelser, saksgjennomgang eller forskningsbrev. Hvis du har noen sp\u00f8rsm\u00e5l eller bekymringer, inviterer vi deg hjertelig til \u00e5 kontakte oss, og v\u00e5rt kunnskapsrike team vil v\u00e6re glade for \u00e5 assistere deg.<\/p>\n\t\t\t\t\t\t<p>\n<\/p>\n\t\t\t\t\t\t<p class=\"txt-s\"><\/p>\n\t\t\t\t\t<\/div>\n\t\t\t\t\t<\/div>\n\t\t\t\t<\/li>\n\t\t\t<\/ul>\n\t\t<\/div>\n\t<\/div>\n<\/section>\n<section class=\"white-section\">\n\t<div class=\"section-inner\">\n\t\t<div class=\"btn-area\">\n\t\t\t<div class=\"btn icon-contact\"><a href=\"\/no\/contact\">Kontakt Oss<\/a><\/div>\n\t\t<\/div>\n\t<\/div>\n<\/section>\n","protected":false},"excerpt":{"rendered":"<p>IT I et samfunn der teknologi fortsetter \u00e5 utvikle seg raskt, er det avgj\u00f8rende for bedriftsadvokater i Japan \u00e5 ha en dyp forst\u00e5else av selskapets IT og IP. V\u00e5r styrke ligger i v\u00e5rt team av spesialist [&hellip;]<\/p>\n","protected":false},"author":1,"featured_media":57140,"parent":0,"menu_order":0,"comment_status":"closed","ping_status":"closed","template":"non-other-page-temp.php","meta":{"footnotes":""},"acf":[],"_links":{"self":[{"href":"https:\/\/monolith.law\/no\/wp-json\/wp\/v2\/pages\/56075"}],"collection":[{"href":"https:\/\/monolith.law\/no\/wp-json\/wp\/v2\/pages"}],"about":[{"href":"https:\/\/monolith.law\/no\/wp-json\/wp\/v2\/types\/page"}],"author":[{"embeddable":true,"href":"https:\/\/monolith.law\/no\/wp-json\/wp\/v2\/users\/1"}],"replies":[{"embeddable":true,"href":"https:\/\/monolith.law\/no\/wp-json\/wp\/v2\/comments?post=56075"}],"version-history":[{"count":30,"href":"https:\/\/monolith.law\/no\/wp-json\/wp\/v2\/pages\/56075\/revisions"}],"predecessor-version":[{"id":62570,"href":"https:\/\/monolith.law\/no\/wp-json\/wp\/v2\/pages\/56075\/revisions\/62570"}],"wp:featuredmedia":[{"embeddable":true,"href":"https:\/\/monolith.law\/no\/wp-json\/wp\/v2\/media\/57140"}],"wp:attachment":[{"href":"https:\/\/monolith.law\/no\/wp-json\/wp\/v2\/media?parent=56075"}],"curies":[{"name":"wp","href":"https:\/\/api.w.org\/{rel}","templated":true}]}}