{"id":56080,"date":"2023-11-05T23:50:59","date_gmt":"2023-11-05T14:50:59","guid":{"rendered":"https:\/\/monolith.law\/no\/?page_id=56080"},"modified":"2024-08-14T12:59:29","modified_gmt":"2024-08-14T03:59:29","slug":"internet","status":"publish","type":"page","link":"https:\/\/monolith.law\/no\/internet","title":{"rendered":"Internet"},"content":{"rendered":"\n<section class=\"heading-area\">\n\t<div class=\"heading-area-inner\">\n\t\t<h2 class=\"icon-internet\">Internett<\/h2>\n\t\t<p>Som et advokatfirma med sterk IT-ekspertise, har vi en bevist suksesshistorie i \u00e5 tilby omfattende juridisk st\u00f8tte til entrepren\u00f8rer i internettindustrien, inkludert YouTubere. Vi spesialiserer oss ogs\u00e5 p\u00e5 \u00e5 h\u00e5ndtere tvister relatert til online plattformer og har lykkes i \u00e5 assistere klienter med \u00e5 fjerne negative nettsider og l\u00f8se konflikter p\u00e5 nettet.<\/p>\n\t<\/div>\n<\/section>\n\n<section class=\"white-section\">\n\t<div class=\"section-inner pdt0  border-bottom-section\">\n\t\t<p class=\"mgb-small\">MONOLITH LAW OFFICE, med sin omfattende erfaring i IT-relaterte juridiske saker, er spesielt godt kjent med \u00e5 st\u00f8tte internettbaserte virksomheter, inkludert YouTubere og selskaper som driver med YouTube-relaterte aktiviteter.<\/p>\n\t\t<p>Vi forst\u00e5r de iboende risikoene forbundet med internett, som negative nettsider og innlegg p\u00e5 nettfora. V\u00e5rt firma har h\u00e5ndtert en rekke saker som involverer online omd\u00f8mmestyring for et bredt spekter av klienter, fra enkeltpersoner til store selskaper. Negative nettsider utgj\u00f8r en unik juridisk utfordring i Japan, og v\u00e5re kvalifiserte advokater er utrustet til \u00e5 tilby effektive l\u00f8sninger. Vi ser frem til \u00e5 konsultere med deg, ved \u00e5 bruke v\u00e5r ekspertise og erfaring i \u00e5 l\u00f8se problemer relatert til negative nettsider.<\/p>\n\t<\/div>\n<\/section>\n\n<section class=\"second-nav\">\n\t<div class=\"second-nav-inner\">\n\t\t<p>EMNER<\/p>\n\t\t<nav>\n\t\t\t<ul>\n\t\t\t\t<li><a href=\"#legal-support-for-youtuber\">Juridisk st\u00f8tte for YouTuber<\/a><\/li>\n\t\t\t\t<li><a href=\"#legal-support-for-vtuber\">Juridisk st\u00f8tte for VTuber<\/a><\/li>\n\t\t\t\t<li><a href=\"#manda-of-sns-accounts\">M&amp;A av SNS-kontoer<\/a><\/li>\n\t\t\t\t<li><a href=\"#mitigating-reputational-damage\">Redusere omd\u00f8mmeskade<\/a><\/li>\n\t\t\t\t<li><a href=\"#id-of-the-defamatory-statement\">Identifisering av \u00e6rekrenkende uttalelse<\/a><\/li>\n\t\t\t\t<li><a href=\"#corporate-reputation-management\">Omd\u00f8mmestyring for bedrifter<\/a><\/li>\n\t\t\t\t<li><a href=\"#removal-of-past-unwanted-info\">Fjerning av tidligere u\u00f8nsket informasjon<\/a><\/li>\n\t\t\t\t<li><a href=\"#monolith-law-magazine\">MONOLITH LAW MAGAZINE<\/a><\/li>\n\t\t\t\t<li><a href=\"#fee-structure\">Prisstruktur<\/a><\/li>\n\t\t\t<\/ul>\n\t\t<\/nav>\n\t<\/div>\n<\/section>\n\n<section class=\"purple-section mgt-section\">\n\t<div class=\"anchor\" id=\"legal-support-for-youtuber\"><\/div>\n\t<div class=\"section-inner\">\n\t\t<div class=\"flex\">\n\t\t\t<div class=\"width41\"><img decoding=\"async\" src=\"\/wp-content\/themes\/monolith2021\/img\/pic\/pic_practices-youtuberlaw.jpg\" alt=\"Juridisk st\u00f8tte for YouTuber\"><\/div>\n\t\t\t<div class=\"width51\">\n\t\t\t\t<h3>Juridisk st\u00f8tte for YouTuber<\/h3>\n\t\t\t\t<p class=\"mgb-small\">YouTube-kanaler som administreres av YouTuber-byr\u00e5er, selskaper som driver med virtuelle YouTubers (VTubers), og forretningsbedrifter, trenger alle juridiske r\u00e5dgivere med spesialisert kunnskap og erfaring i Japan.<\/p>\n\t\t\t\t<p class=\"mgb-middle\">V\u00e5re kunder inkluderer store japanske YouTuber Management Companies, fremtredende individuelle YouTubers, og forskjellige VTubers forretningsstyringsselskaper over hele Japan. Vi gir ogs\u00e5 h\u00f8yt spesialisert st\u00f8tte i utarbeidelse og gjennomgang av YouTuber og VTuber-relaterte kontrakter, og adresserer juridiske problemer relatert til videoproduksjon i Japan.<\/p>\n\t\t\t\t<div class=\"btn-area align-left\">\n\t\t\t\t\t<div class=\"btn icon-legal-support-for-youtuber\"><a href=\"\/no\/legal-support-for-youtuber\/\">Juridisk st\u00f8tte<br>for YouTuber<\/a><\/div>\n\t\t\t\t<\/div>\n\t\t\t<\/div>\n\t\t<\/div>\n\t<\/div>\n<\/section>\n\n<section class=\"white-section\">\n\t<div class=\"anchor\" id=\"legal-support-for-vtuber\"><\/div>\n\t<div class=\"section-inner\">\n\t\t<div class=\"flex reverse\">\n\t\t\t<div class=\"width41\"><img decoding=\"async\" src=\"\/wp-content\/themes\/monolith2021\/img\/vtuberlaw\/pic_practices-vtuberlaw.jpg\" alt=\"Juridisk st\u00f8tte for VTuber\"><\/div>\n\t\t\t<div class=\"width51\">\n\t\t\t\t<h3>Rettshjelp for VTuber<\/h3>\n\t\t\t\t<p class=\"mgb-small\">Populariteten til VTubers, YouTubers som bruker 2D eller 3D avatarer for \u00e5 lage videoer og livestreams, har blitt godt etablert. Det startet i Japan og har n\u00e5 spredt seg til land over hele verden.<\/p>\n\t\t\t\t<p class=\"mgb-middle\">Siden 2017 har vi h\u00e5ndtert juridiske saker for VTubers i Japan, og vi har samlet en rikdom av erfaring og en solid merittliste. Vi er fullt engasjert i \u00e5 gi omfattende st\u00f8tte til VTubers og deres tilknyttede selskaper og byr\u00e5er over hele verden.<\/p>\n\t\t\t\t<div class=\"btn-area align-left\">\n\t\t\t\t\t<div class=\"btn icon-legal-support-for-vtuber\"><a href=\"\/no\/legal-support-for-vtuber\/\">Rettshjelp<br>for VTuber<\/a><\/div>\n\t\t\t\t<\/div>\n\t\t\t<\/div>\n\t\t<\/div>\n\t<\/div>\n<\/section>\n\n<section class=\"white-section\">\n\t<div class=\"anchor\" id=\"manda-of-sns-accounts\"><\/div>\n\t<div class=\"section-inner\">\n\t\t<div class=\"flex\">\n\t\t\t<div class=\"width41\"><img decoding=\"async\" src=\"\/wp-content\/themes\/monolith2021\/img\/pic\/pic_sns_manda.jpg\" alt=\"M&amp;A of SNS accounts\"><\/div>\n\t\t\t<div class=\"width51\">\n\t\t\t\t<h3>M&amp;A av SNS-kontoer<\/h3>\n\t\t\t\t<p class=\"mgb-small\">Likt som med nettsteder, er ogs\u00e5 YouTube-kanaler og Twitter-kontoer gjenstand for M&amp;A. Imidlertid, siden disse M&amp;A-ene er spesielle tilfeller, kreves det et advokatfirma med spesialisert kunnskap og know-how. Monolith Law Office er et advokatfirma som spesialiserer seg p\u00e5 IT, internett og forretninger. V\u00e5re advokater h\u00e5ndterer alt fra kontraktsutforming til due diligence (DD) for mange M&amp;A, fra sm\u00e5 prosjekter som involverer YouTube-kanaler til prosjekter som overstiger 100 millioner yen.<\/p>\n\t\t\t\t<div class=\"btn-area align-left\">\n\t\t\t\t\t<div class=\"btn icon-m-and-a-of-sns-accounts\"><a href=\"\/no\/m-and-a-of-sns-accounts\/\">M&amp;A av SNS-kontoer<\/a><\/div>\n\t\t\t\t<\/div>\n\n\t\t\t<\/div>\n\t\t<\/div>\n\t<\/div>\n<\/section>\n\n<section class=\"purple-section\">\n\t<div class=\"anchor\" id=\"mitigating-reputational-damage\"><\/div>\n\t<div class=\"section-inner\">\n\t\t<div class=\"flex reverse\">\n\t\t\t<div class=\"width41\"><img decoding=\"async\" src=\"\/wp-content\/themes\/monolith2021\/img\/pic\/pic_practices-reputation.jpg\" alt=\"Mitigating Reputational Damage\"><\/div>\n\t\t\t<div class=\"width51\">\n\t\t\t\t<h3>Redusering av omd\u00f8mmeskade<\/h3>\n\t\t\t\t<p class=\"mgb-small\">Negative nettsider som angriper selskaper eller enkeltpersoner kan ha skadelige effekter p\u00e5 deres omd\u00f8mme. Imidlertid gir japansk lov bestemmelser for fjerning av slike nettsider hvis de utgj\u00f8r \u00e6rekrenkelse eller krenkelse av privatlivets fred. Hos MONOLITH LAW OFFICE spesialiserer vi oss p\u00e5 juridiske saker relatert til internett og har h\u00e5ndtert en rekke saker som involverer fjerning av skadelig informasjon fra internett med suksess.<\/p>\n\t\t\t\t<p class=\"mgb-middle\">Med v\u00e5r sterke erfaring p\u00e5 internett og dyp forst\u00e5else av japanske juridiske prinsipper, har v\u00e5rt dedikerte team bist\u00e5tt et bredt spekter av klienter, inkludert store selskaper og enkeltpersoner, i \u00e5 effektivt bekjempe negative nettsider. Gjennom strategiske juridiske inngrep arbeider vi iherdig for \u00e5 beskytte v\u00e5re klienters omd\u00f8mme og redusere skaden for\u00e5rsaket av \u00e6rekrenkende eller privatlivskrenkende innhold.<\/p>\n\t\t\t\t<div class=\"btn-area align-left\">\n\t\t\t\t\t<div class=\"btn icon-mitigating-reputational-damage\"><a href=\"\/no\/mitigating-reputational-damage\/\">Redusering<br>av Omd\u00f8mmeskade<\/a><\/div>\n\t\t\t\t<\/div>\n\t\t\t<\/div>\n\t\t<\/div>\n\t<\/div>\n<\/section>\n\n<section class=\"white-section\">\n\t<div class=\"anchor\" id=\"id-of-the-defamatory-statement\"><\/div>\n\t<div class=\"section-inner\">\n\t\t<div class=\"flex\">\n\t\t\t<div class=\"width41\"><img decoding=\"async\" src=\"\/wp-content\/themes\/monolith2021\/img\/pic\/pic_reputation.jpg\" alt=\"ID for kilden til den \u00e6rekrenkende uttalelsen\"><\/div>\n\t\t\t<div class=\"width51\">\n\t\t\t\t<h3>ID for \u00e6rekrenkende uttalelse<\/h3>\n\t\t\t\t<p class=\"mgb-small\">Under japansk lov kan identifisering av individer ansvarlige for ulovlige innlegg, som de som utgj\u00f8r \u00e6rekrenkelse, forf\u00f8lges gjennom bestemmelsene i den japanske &#8220;Provider Liability Limitation Act&#8221;. Denne juridiske prosedyren utf\u00f8res i en japansk domstol.<\/p>\n\t\t\t\t<p class=\"mgb-middle\">I tilfeller som involverer sv\u00e6rt ondsinnede innlegg som ikke kan overses, som falske anklager som kobler en bedriftseier til antisosiale krefter, er det avgj\u00f8rende \u00e5 identifisere gjerningsmennene og s\u00f8ke passende juridiske sanksjoner. I tillegg, n\u00e5r ulovlige innlegg forekommer vedvarende, b\u00f8r det gj\u00f8res fors\u00f8k p\u00e5 \u00e5 identifisere og forhindre gjentakelse.<\/p>\n\t\t\t\t<div class=\"btn-area align-left\">\n\t\t\t\t\t<div class=\"btn icon-id-of-the-defamatory-statement\"><a href=\"\/no\/id-of-the-defamatory-statement\/\">ID for \u00e6rekrenkende<br>uttalelse<\/a><\/div>\n\t\t\t\t<\/div>\n\t\t\t<\/div>\n\t\t<\/div>\n\t<\/div>\n<\/section>\n\n<section class=\"orange-section\">\n\t<div class=\"anchor\" id=\"corporate-reputation-management\"><\/div>\n\t<div class=\"section-inner\">\n\t\t<div class=\"flex reverse\">\n\t\t\t<div class=\"width41\"><img decoding=\"async\" src=\"\/en\/wp-content\/uploads\/sites\/6\/2023\/06\/pic_practices-listedcompany.jpg\" alt=\"Corporate Reputational Management\"><\/div>\n\t\t\t<div class=\"width51\">\n\t\t\t\t<h3>Forvaltning av bedriftens omd\u00f8mme<\/h3>\n\t\t\t\t<p class=\"mgb-small\">N\u00e5r en stor bedrift st\u00e5r overfor omd\u00f8mmeskade p\u00e5 grunn av mange negative nettsider p\u00e5 internett, blir det komplekst \u00e5 h\u00e5ndtere problemet. Det er betydelige utfordringer knyttet til \u00e5 prioritere hvilke sider som skal fjernes og vurdere kostnadseffektiviteten av fjerningsfors\u00f8k. Som et advokatfirma utstyrt med b\u00e5de juridisk ekspertise og IT-konsultasjon, tilbyr vi omfattende l\u00f8sninger skreddersydd for disse komplekse problemene.<\/p>\n\t\t\t\t<p>V\u00e5rt team av advokater og IT-konsulenter gir ekspertise i prioriteringsinnstilling, utforming av n\u00f8kkelresultatindikatorer (KPIer), og estimering av kostnad-nytte-forhold i forhold til budsjettfordeling. Vi n\u00e6rmer oss situasjonen p\u00e5 en lignende m\u00e5te som konsulentfirmaer, og tilbyr strategisk veiledning og analyse for \u00e5 navigere prosessen effektivt.<\/p>\n\t\t\t<\/div>\n\t\t<\/div>\n\t<\/div>\n<\/section>\n\n<section class=\"white-section\">\n\t<div class=\"anchor\" id=\"removal-of-past-unwanted-info\"><\/div>\n\t<div class=\"section-inner\">\n\t\t<div class=\"flex\">\n\t\t\t<div class=\"width41\"><img decoding=\"async\" src=\"\/en\/wp-content\/uploads\/sites\/6\/2023\/06\/pastunwantedcontent.jpg\" alt=\"Fjerning av tidligere u\u00f8nsket innhold\"><\/div>\n\t\t\t<div class=\"width51\">\n\t\t\t\t<h3>Fjerning av tidligere u\u00f8nsket informasjon<\/h3>\n\t\t\t\t<p class=\"mgb-small\">MONOLITH LAW OFFICE spesialiserer seg p\u00e5 \u00e5 l\u00f8se utfordringen med \u00e5 h\u00e5ndtere ens online tilstedev\u00e6relse, spesielt for individer involvert i underholdningsindustrien. Vi forst\u00e5r at informasjon, b\u00e5de offisiell og uoffisiell, kan ha en varig innvirkning p\u00e5 personlige og profesjonelle liv. V\u00e5rt firma tilbyr omfattende l\u00f8sninger for \u00e5 h\u00e5ndtere disse bekymringene, ved \u00e5 bruke en unik kombinasjon av juridisk ekspertise og informasjonsteknologi. Enten det er \u00e5 fjerne u\u00f8nsket innhold, h\u00e5ndtere digitale fotavtrykk, eller navigere i &#8220;rett til \u00e5 bli glemt&#8221; problemstillinger, tilbyr vi en komplett l\u00f8sning for \u00e5 beskytte din online omd\u00f8mme.<\/p>\n\t\t\t\t<p>Stol p\u00e5 MONOLITH LAW OFFICE for \u00e5 beskytte ditt privatliv og sikre en s\u00f8ml\u00f8s overgang til dine fremtidige bestrebelser.<\/p>\n\t\t\t<\/div>\n\t\t<\/div>\n\t<\/div>\n<\/section>\n\n<section class=\"purple2-section\">\n\t<div class=\"anchor\" id=\"monolith-law-magazine\"><\/div>\n\t<div class=\"section-inner\">\n\t\t    <section class=\"white-section temp-article\">\n        <div class=\"section-inner\">\n            <h4>MONOLITH LAW MAGAZINE<\/h4>\n            <div class=\"articles type_practice_column\">\n                                                                    <div class=\"article article-area\">\n                        <figure>\n                            <div class=\"img-wrap\">\n                                <img alt=\"Hvor langt er likhet i varemerker tillatt? En forklaring p\u00e5 kriteriene for likhet og tilfeller av varemerkeinngrep.\" src=\"https:\/\/monolith.law\/no\/wp-content\/uploads\/sites\/27\/2025\/08\/eac576e0765af2cac6d210d899b2d93d.webp\" width=\"500\" height=\"250\">\n                            <\/div>\n                            <figcaption>\n                                <div class=\"figcaption-inner\">\n                                    <h3>Hvor langt er likhet i varemerker tillatt? En forklaring p\u00e5 kriteriene for likhe.<\/h3>\n                                <\/div>\n                            <\/figcaption>\n                            <a href=\"https:\/\/monolith.law\/no\/internet\/trademark-infringement\"><\/a>\n                        <\/figure>\n                    <\/div>\n                                                    <div class=\"article article-area\">\n                        <figure>\n                            <div class=\"img-wrap\">\n                                <img alt=\"Hva er det juridiske ansvaret for spredning og distribusjon av falske nyheter? Forklaring av to typer straffeansvar fra arrestasjonseksempler\" src=\"https:\/\/monolith.law\/no\/wp-content\/uploads\/sites\/27\/2025\/08\/7d8b9299c2a15a801c04913ba0d80d99.webp\" width=\"500\" height=\"250\">\n                            <\/div>\n                            <figcaption>\n                                <div class=\"figcaption-inner\">\n                                    <h3>Hva er det juridiske ansvaret for spredning og distribusjon av falske nyheter? F.<\/h3>\n                                <\/div>\n                            <\/figcaption>\n                            <a href=\"https:\/\/monolith.law\/no\/internet\/false-information-criminal-liability\"><\/a>\n                        <\/figure>\n                    <\/div>\n                                                    <div class=\"article article-area\">\n                        <figure>\n                            <div class=\"img-wrap\">\n                                <img alt=\"Er det en opphavsrettskrenkelse \u00e5 reposte (retweete) bilder som er lagt ut uten tillatelse?\" src=\"https:\/\/monolith.law\/no\/wp-content\/uploads\/sites\/27\/2025\/08\/Shutterstock_2158943391.webp\" width=\"500\" height=\"250\">\n                            <\/div>\n                            <figcaption>\n                                <div class=\"figcaption-inner\">\n                                    <h3>Er det en opphavsrettskrenkelse \u00e5 reposte (retweete) bilder som er lagt ut uten .<\/h3>\n                                <\/div>\n                            <\/figcaption>\n                            <a href=\"https:\/\/monolith.law\/no\/internet\/repost-copyright\"><\/a>\n                        <\/figure>\n                    <\/div>\n                                            <\/div>\n            <div class=\"btn-more\"><a href=\"https:\/\/monolith.law\/no\/tag\/internet\">Read More<\/a><\/div>\n        <\/div>\n    <\/section>\n\t<\/div>\n<\/section>\n\n<section class=\"orange2-section\">\n\t<div class=\"anchor\" id=\"fee-structure\"><\/div>\n\t<div class=\"section-inner\">\n\t<div class=\"planWrap\">\n\t<h3>Honorarstruktur<\/h3>\n\t<ul class=\"plan\">\n\t\t<li class=\"txt-left\">\n\t\t\t<div class=\"plan-inner\">\n\t\t\t<div class=\"plan-header\">\n\t\t\t<h4 class=\"plan-title\">Timepris<\/h4>\n\t\t\t<div class=\"plan-price\"><span class=\"price-figure\">$300<\/span>per time<span class=\"price-tax\"><\/span><\/div>\n\t\t\t<\/div>\n\t\t\t<div class=\"plan-body\">I visse tilfeller kan vi vurdere \u00e5 ta en tvist eller et s\u00f8ksm\u00e5l med et oppstartshonorar og et resultatbasert honorar. For mer informasjon, vennligst ta kontakt med oss.<\/div>\n\t\t\t<\/div>\n\t\t<\/li>\n\t\t<li class=\"txt-left\">\n\t\t\t<div class=\"plan-inner\">\n\t\t\t<div class=\"plan-header\">\n\t\t\t<h4 class=\"plan-title\">Utarbeidelse av Kontrakter<\/h4>\n\t\t\t<div class=\"plan-price\"><span class=\"price-value\">fra<\/span><span class=\"price-figure\">$500<\/span><span class=\"price-value\">til $2,000 eller mer<\/span><span class=\"price-tax\"><\/span><\/div>\n\t\t\t<\/div>\n\t\t\t<div class=\"plan-body\">Prisstrukturen kan variere basert p\u00e5 typen og antallet kontrakter. Vi tilbyr gjerne et forel\u00f8pig kostnadsoverslag ved foresp\u00f8rsel, s\u00e5 vi oppfordrer deg til \u00e5 kontakte oss for ytterligere detaljer.<\/div>\n\t\t\t<\/div>\n\t\t<\/li>\n\t\t<li class=\"txt-left\">\n\t\t\t<div class=\"plan-inner\">\n\t\t\t<div class=\"plan-header\">\n\t\t\t<h4 class=\"plan-title\">Andre Tjenester<\/h4>\n\t\t\t<div class=\"plan-price\"><span class=\"price-figure\">Kontakt Oss<\/span><\/div>\n\t\t\t<\/div>\n\t\t\t<div class=\"plan-body\">Vi tilbyr et bredt spekter av tjenester, inkludert selskapsdannelse, kontraktsvurdering, juridiske uttalelser, saksgjennomgang eller forskningsbrev. Hvis du har noen sp\u00f8rsm\u00e5l eller bekymringer, inviterer vi deg hjertelig til \u00e5 kontakte oss, og v\u00e5rt kunnskapsrike team vil v\u00e6re glade for \u00e5 assistere deg.<\/div>\n\t\t\t<\/div>\n\t\t\t<\/div>\n\t\t<\/li>\n\t<\/ul>\n\t<\/div>\n\t<\/div>\n<\/section>\n\n<section class=\"white-section\">\n\t<div class=\"section-inner\">\n\t\t<div class=\"btn-area\">\n\t\t\t<div class=\"btn icon-contact\"><a href=\"\/no\/contact\">Kontakt Oss<\/a><\/div>\n\t\t<\/div>\n\t<\/div>\n<\/section>\n","protected":false},"excerpt":{"rendered":"<p>Internett Som et advokatfirma med sterk IT-ekspertise, har vi en bevist suksesshistorie i \u00e5 tilby omfattende juridisk st\u00f8tte til entrepren\u00f8rer i internettindustrien, inkludert YouTubere. Vi spesialise [&hellip;]<\/p>\n","protected":false},"author":1,"featured_media":57159,"parent":0,"menu_order":0,"comment_status":"closed","ping_status":"closed","template":"other-page-temp.php","meta":{"footnotes":""},"acf":[],"_links":{"self":[{"href":"https:\/\/monolith.law\/no\/wp-json\/wp\/v2\/pages\/56080"}],"collection":[{"href":"https:\/\/monolith.law\/no\/wp-json\/wp\/v2\/pages"}],"about":[{"href":"https:\/\/monolith.law\/no\/wp-json\/wp\/v2\/types\/page"}],"author":[{"embeddable":true,"href":"https:\/\/monolith.law\/no\/wp-json\/wp\/v2\/users\/1"}],"replies":[{"embeddable":true,"href":"https:\/\/monolith.law\/no\/wp-json\/wp\/v2\/comments?post=56080"}],"version-history":[{"count":28,"href":"https:\/\/monolith.law\/no\/wp-json\/wp\/v2\/pages\/56080\/revisions"}],"predecessor-version":[{"id":72948,"href":"https:\/\/monolith.law\/no\/wp-json\/wp\/v2\/pages\/56080\/revisions\/72948"}],"wp:featuredmedia":[{"embeddable":true,"href":"https:\/\/monolith.law\/no\/wp-json\/wp\/v2\/media\/57159"}],"wp:attachment":[{"href":"https:\/\/monolith.law\/no\/wp-json\/wp\/v2\/media?parent=56080"}],"curies":[{"name":"wp","href":"https:\/\/api.w.org\/{rel}","templated":true}]}}