{"id":25864,"date":"2021-01-09T01:19:39","date_gmt":"2021-01-08T16:19:39","guid":{"rendered":"https:\/\/monolith.law\/?page_id=25864"},"modified":"2023-12-20T18:12:38","modified_gmt":"2023-12-20T09:12:38","slug":"access","status":"publish","type":"page","link":"https:\/\/monolith.law\/pl\/access","title":{"rendered":"Dost\u0119p"},"content":{"rendered":"\n<section class=\"heading-area\">\n\t<div class=\"heading-area-inner\">\n\t\t<h2 class=\"icon-access\">Dost\u0119p<\/h2>\n\t<\/div>\n<\/section>\n<section class=\"second-nav\">\n\t<div class=\"second-nav-inner\">\n\t\t<p>TEMATY<\/p>\n\t\t<nav>\n\t\t\t<ul>\n\t\t\t\t<li><a href=\"#law-firm-with-strength-in-it-internet-and-business\">Kancelaria Prawna Specjalizuj\u0105ca si\u0119 w IT, Internecie i Biznesie<\/a><\/li>\n\t\t\t\t<li><a href=\"#access-map\">Mapa Dojazdu<\/a><\/li>\n\t\t\t\t<li><a href=\"#expansion-and-relocation-to-otemachi-financial-city\">Rozbudowa i Przeniesienie do Otemachi Financial City<\/a><\/li>\n\t\t\t<\/ul>\n\t\t<\/nav>\n\t<\/div>\n<\/section>\n<section class=\"white-section\">\n\t<div class=\"anchor\" id=\"law-firm-with-strength-in-it-internet-and-business\"><\/div>\n\t<div class=\"section-inner\">\n\t\t<div class=\"flex\">\n\t\t\t<div class=\"width41\"><img decoding=\"async\" src=\"\/wp-content\/themes\/monolith2021\/img\/access\/access_pic1.jpg\" alt=\"Kancelaria Prawna Specjalizuj\u0105ca si\u0119 w IT, Internecie i Biznesie\"><\/div>\n\t\t\t<div class=\"width51\">\n\t\t\t\t<h3>Kancelaria Prawna Specjalizuj\u0105ca si\u0119 w<br>IT, Internecie i Biznesie.<\/h3>\n\t\t\t\t<p class=\"mgb-small\">MONOLITH LAW OFFICE to kancelaria prawna zlokalizowana w Otemachi, dzielnicy Chiyoda w Tokio, Japonia. Posiada bezpo\u015brednie po\u0142\u0105czenie ze stacj\u0105 Otemachi i znajduje si\u0119 7 minut spacerem od stacji Tokio.<\/p>\n\t\t\t\t<p class=\"mgb-small\">\u015awiadczyli\u015bmy us\u0142ugi doradztwa prawnego (w tym r\u00f3\u017cnorodne umowy z dyrektorami, cz\u0142onkami zarz\u0105du itp.) dla 1087 firm, pocz\u0105wszy od sp\u00f3\u0142ek notowanych na g\u0142\u00f3wnym rynku Gie\u0142dy Papier\u00f3w Warto\u015bciowych w Tokio (TSE prime) po firmy venture na wczesnym etapie rozwoju. Nasza dzia\u0142alno\u015b\u0107 zwi\u0105zana z IT\/Internetem obejmuje zapobieganie szkodom reputacyjnym, walk\u0119 z pom\u00f3wieniami oraz spory zwi\u0105zane z rozwojem system\u00f3w. Oferujemy r\u00f3wnie\u017c us\u0142ugi prawne zwi\u0105zane ze startupami, w tym inwestycje na kwot\u0119 100 milion\u00f3w jen\u00f3w lub wi\u0119cej przez sp\u00f3\u0142ki notowane na TSE oraz fuzje i przej\u0119cia przez firmy venture. Do tej pory \u015bwiadczyli\u015bmy us\u0142ugi prawne dla 1855 klient\u00f3w.<\/p>\n\t\t\t\t<p class=\"mgb-middle\">&#8220;Zrozumienie IT i biznesu&#8221; to to, co nas wyr\u00f3\u017cnia.<\/p>\n\t\t\t\t<div class=\"btn-area\">\n\t\t\t\t\t<div class=\"btn icon-services\"><a href=\"\/pl\/services\">Us\u0142ugi<\/a><\/div>\n\t\t\t\t\t<div class=\"btn icon-overview-of-our-firm\"><a href=\"\/pl\/overview-of-our-firm\">O Naszej Kancelarii<\/a><\/div>\n\t\t\t\t<\/div>\n\t\t\t<\/div>\n\t\t<\/div>\n\t<\/div>\n<\/section>\n<section class=\"purple-section\">\n\t<div class=\"anchor\" id=\"access-map\"><\/div>\n\t<div class=\"section-inner\">\n\t\t<div class=\"flex reverse\">\n\t\t\t<div class=\"width41\"><img decoding=\"async\" src=\"\/wp-content\/themes\/monolith2021\/img\/about\/about_pic2.jpg\" alt=\"MONOLITH LAW OFFICE\"><\/div>\n\t\t\t<div class=\"width51\">\n\t\t\t\t<h3>MONOLITH LAW OFFICE (Biuro w Otemachi)<\/h3>\n\t\t\t\t<p><a href=\"https:\/\/goo.gl\/maps\/YfcgPhBgXFyg1hHF6\" target=\"_blank\" rel=\"noopener noreferrer\">21\/F Financial City North Tower 1-9-5 Otemachi, Chiyoda-ku Tokyo 100-0004, Japan<\/a><\/p>\n\t\t\t\t<p>Tokyo Metro: linie Marunouchi, Tozai, Chiyoda, Hanzomon, oraz linia Mita nale\u017c\u0105ca do Toei Subway<\/p>\n\t\t\t\t<p class=\"mgb-small\"><a href=\"https:\/\/www.tokyometro.jp\/station\/otemachi\/yardmap\/index.html\" target=\"_blank\" rel=\"noopener noreferrer\">Bezpo\u015bredni dost\u0119p z wyj\u015bcia A1 stacji Otemachi<\/a><\/p>\n\t\t\t\t<p>Shinkansen: Tohoku, Joetsu, Hokuriku, Hokkaido, Yamagata, Akita; JR: linie Tokaido, Keihin-Tohoku, Yamanote, Chuo, Yokosuka, Keiyo; Tokyo Metro: linia Marunouchi<\/p>\n\t\t\t\t<p class=\"mgb-small\"><a href=\"https:\/\/www.tokyometro.jp\/station\/tokyo\/index.html\" target=\"_blank\" rel=\"noopener noreferrer\">7 minut spacerem od p\u00f3\u0142nocnego wyj\u015bcia stacji Tokyo w Marunouchi<\/a><\/p>\n\t\t\t\t<p>Parking Otemachi Financial City<\/p>\n\t\t\t\t<p class=\"mgb-middle\"><a href=\"https:\/\/www.otemachi-financialcity.jp\/access\/\">1-9-5, 1-9-7, Otemachi, Chiyoda-ku, Tokyo<\/a><\/p>\n\t\t\t\t<div class=\"btn-area align-left\">\n\t\t\t\t\t<div class=\"btn icon-contact\"><a href=\"\/pl\/contact\">Skontaktuj si\u0119 z nami<\/a><\/div>\n\t\t\t\t<\/div>\n\t\t\t<\/div>\n\t\t<\/div>\n\t<\/div>\n<\/section>\t \n<section class=\"google-maps\"><iframe src=\"https:\/\/www.google.com\/maps\/embed?pb=!1m18!1m12!1m3!1d3240.541568341125!2d139.7659268!3d35.6882884!2m3!1f0!2f0!3f0!3m2!1i1024!2i768!4f13.1!3m3!1m2!1s0x60188cec724a6ae9%3A0x6efbadeb18528c88!2sMonolith%20Law%20Office!5e0!3m2!1spl!2sjp!4v1702029363925!5m2!1spl!2sjp\" width=\"600\" height=\"450\" style=\"border:0;\" allowfullscreen=\"\" loading=\"lazy\" referrerpolicy=\"no-referrer-when-downgrade\"><\/iframe><\/section>\n<section class=\"white-section\">\n\t<div class=\"anchor\" id=\"expansion-and-relocation-to-otemachi-financial-city\"><\/div>\n\t<div class=\"section-inner\">\n\t\t<div class=\"flex\">\n\t\t\t<div class=\"width41\"><img decoding=\"async\" src=\"\/wp-content\/uploads\/2022\/11\/financialcity.jpg\" alt=\"Ekspansja i przenosiny do Otemachi Financial City\"><\/div>\n\t\t\t<div class=\"width51\">\n\t\t\t\t<h3>Rozszerzenie i przeniesienie do Otemachi Financial City<\/h3>\n\t\t\t\t<p class=\"mgb-small\">Po otwarciu w Yotsuya, Shinjuku-ku, Tokio w marcu 2017 roku, MONOLITH LAW OFFICE, dzi\u0119ki Waszemu wsparciu, przeni\u00f3s\u0142 si\u0119 do Otemachi (Budynek Asahi Seimei Otemachi) w sierpniu 2018 roku i zosta\u0142 przekszta\u0142cony w kancelari\u0119 prawn\u0105 w marcu 2020 roku. W grudniu 2020 roku otworzyli\u015bmy oddzia\u0142 na 29. pi\u0119trze tego samego budynku, w kt\u00f3rym znajduje si\u0119 nasze biuro w Otemachi (Budynek Asahi Seimei Otemachi).<\/p>\n\t\t\t\t<p class=\"mgb-small\">Nast\u0119pnie, we wrze\u015bniu 2022 roku, rozszerzyli\u015bmy dzia\u0142alno\u015b\u0107 i przenie\u015bli\u015bmy si\u0119 do Otemachi Financial City.<\/p>\n\t\t\t\t<p class=\"mgb-small\">Cieszymy si\u0119 na dalsz\u0105 wsp\u00f3\u0142prac\u0119.<\/p>\n\t\t\t<\/div>\n\t\t<\/div>\n\t<\/div>\n<\/section>\n","protected":false},"excerpt":{"rendered":"<p>Dost\u0119p TEMATY Kancelaria Prawna Specjalizuj\u0105ca si\u0119 w IT, Internecie i Biznesie Mapa Dojazdu Rozbudowa i Przeniesienie do Otemachi Financial City Kancelaria Prawna Specjalizuj\u0105ca si\u0119 wIT, Internecie i  [&hellip;]<\/p>\n","protected":false},"author":1,"featured_media":57041,"parent":0,"menu_order":10,"comment_status":"closed","ping_status":"closed","template":"other-page-temp.php","meta":{"footnotes":""},"acf":[],"_links":{"self":[{"href":"https:\/\/monolith.law\/pl\/wp-json\/wp\/v2\/pages\/25864"}],"collection":[{"href":"https:\/\/monolith.law\/pl\/wp-json\/wp\/v2\/pages"}],"about":[{"href":"https:\/\/monolith.law\/pl\/wp-json\/wp\/v2\/types\/page"}],"author":[{"embeddable":true,"href":"https:\/\/monolith.law\/pl\/wp-json\/wp\/v2\/users\/1"}],"replies":[{"embeddable":true,"href":"https:\/\/monolith.law\/pl\/wp-json\/wp\/v2\/comments?post=25864"}],"version-history":[{"count":25,"href":"https:\/\/monolith.law\/pl\/wp-json\/wp\/v2\/pages\/25864\/revisions"}],"predecessor-version":[{"id":59736,"href":"https:\/\/monolith.law\/pl\/wp-json\/wp\/v2\/pages\/25864\/revisions\/59736"}],"wp:featuredmedia":[{"embeddable":true,"href":"https:\/\/monolith.law\/pl\/wp-json\/wp\/v2\/media\/57041"}],"wp:attachment":[{"href":"https:\/\/monolith.law\/pl\/wp-json\/wp\/v2\/media?parent=25864"}],"curies":[{"name":"wp","href":"https:\/\/api.w.org\/{rel}","templated":true}]}}