{"id":30628,"date":"2021-02-27T22:20:08","date_gmt":"2021-02-27T13:20:08","guid":{"rendered":"https:\/\/monolith.law\/?page_id=30628"},"modified":"2023-12-08T19:01:57","modified_gmt":"2023-12-08T10:01:57","slug":"contract-drafting-and-review","status":"publish","type":"page","link":"https:\/\/monolith.law\/pl\/contract-drafting-and-review","title":{"rendered":"Przygotowywanie i Przegl\u0105d Um\u00f3w"},"content":{"rendered":"\n<section class=\"heading-area\">\n\t<div class=\"heading-area-inner\">\n\t\t<h2 class=\"icon-contract-drafting-and-review\">Przygotowywanie i Przegl\u0105d Um\u00f3w<\/h2>\n\t\t<p>Jako doradcy prawni dla firm IT i startup\u00f3w, a czasami jako prawnicy IT dla korporacji, przygotowujemy i przegl\u0105damy szeroki wachlarz wysoko wyspecjalizowanych um\u00f3w zwi\u0105zanych z IT. Naszym celem jest zapewnienie solidnej pozycji w szybko zmieniaj\u0105cym si\u0119 \u015brodowisku biznesowym w Japonii.<\/p>\n\t<\/div>\n<\/section>\n<section class=\"white-section mgb-section\">\n\t<div class=\"section-inner pdt0 border-bottom-section\">\n\t\t<p>MONOLITH LAW OFFICE dzia\u0142a jako doradca prawny dla japo\u0144skich firm IT i startup\u00f3w w zwi\u0105zku z r\u00f3\u017cnymi rodzajami um\u00f3w, w tym umowami outsourcingowymi zwi\u0105zanymi z ich zleconymi operacjami, umowami u\u017cytkowania i agencyjnymi zwi\u0105zanymi z ich produktami, umowami inwestycyjnymi i umowami akcjonariuszy jako umowami zwi\u0105zanymi z kapita\u0142em, oraz umowami o prac\u0119 jako umowami zwi\u0105zanymi z firm\u0105. Dzia\u0142amy r\u00f3wnie\u017c jako prawnicy IT dla japo\u0144skich firm biznesowych.<br>Ponadto, jako prawnicy IT dla firm operacyjnych, przygotowujemy i przegl\u0105damy umowy zwi\u0105zane z nowymi biznesami IT, umowy zwi\u0105zane z outsourcingiem do firm IT, oraz inne umowy.<\/p>\n\t<\/div>\n<\/section>\n<section class=\"white-section\">\n\t<div class=\"section-inner pdt0\">\n\t\t<h3 class=\"ttl-enjp mgb-middle\"><span class=\"en\"><\/span><span class=\"ja\">Cechy MONOLITH LAW OFFICE<\/span><\/h3>\n\t\t<ol class=\"practices-list\">\n\t\t\t<li>\n\t\t\t\t<h4><img decoding=\"async\" src=\"\/wp-content\/themes\/monolith_en\/img\/practices\/practices_1_1.svg\" alt=\"1.Us\u0142ugi Prawne dla Startup\u00f3w\"><\/h4>\n\t\t\t\t<img decoding=\"async\" src=\"\/wp-content\/themes\/monolith2021\/img\/practices\/practices_1_1_pic.png\" alt=\"Us\u0142ugi Prawne dla Startup\u00f3w\">\n\t\t\t\t<p>Posiadamy bogate do\u015bwiadczenie w us\u0142ugach prawnych zwi\u0105zanych z biznesem i sprawami kapita\u0142owymi, w tym w pozyskiwaniu funduszy, transferach biznesowych i wykupach w Japonii.<\/p>\n\t\t\t<\/li>\n\t\t\t<li>\n\t\t\t\t<h4><img decoding=\"async\" src=\"\/wp-content\/themes\/monolith_en\/img\/practices\/practices_1_2.svg\" alt=\"2.Prawne Us\u0142ugi IT i W\u0142asno\u015bci Intelektualnej\"><\/h4>\n\t\t\t\t<img decoding=\"async\" src=\"\/wp-content\/themes\/monolith2021\/img\/practices\/practices_1_2_pic.png\" alt=\"Prawne Us\u0142ugi IT i W\u0142asno\u015bci Intelektualnej\">\n\t\t\t\t<p>Nasi prawnicy, w tym za\u0142o\u017cyciel kancelarii, kt\u00f3ry jest by\u0142ym in\u017cynierem, d\u0105\u017c\u0105 do g\u0142\u0119bokiego zrozumienia Pa\u0144stwa produktu, czasami poprzez analiz\u0119 kodu.<\/p>\n\t\t\t<\/li>\n\t\t\t<li>\n\t\t\t\t<h4><img decoding=\"async\" src=\"\/wp-content\/themes\/monolith_en\/img\/practices\/practices_1_3.svg\" alt=\"3.Szybko\u015b\u0107\"><\/h4>\n\t\t\t\t<img decoding=\"async\" src=\"\/wp-content\/themes\/monolith2021\/img\/practices\/practices_1_3_pic.png\" alt=\"Szybko\u015b\u0107\">\n\t\t\t\t<p>Rozumiemy wag\u0119 szybkiego reagowania na potrzeby biznesowe naszych klient\u00f3w i zazwyczaj odpowiadamy w ci\u0105gu jednego dnia roboczego.<\/p>\n\t\t\t<\/li>\n\t\t\t<li>\n\t\t\t\t<h4><img decoding=\"async\" src=\"\/wp-content\/themes\/monolith_en\/img\/practices\/practices_1_4.svg\" alt=\"4.Prawne Us\u0142ugi Korporacyjne dla Ma\u0142ych i \u015arednich Przedsi\u0119biorstw\"><\/h4>\n\t\t\t\t<img decoding=\"async\" src=\"\/wp-content\/themes\/monolith2021\/img\/practices\/practices_1_4_pic.png\" alt=\"Prawne Us\u0142ugi Korporacyjne dla Ma\u0142ych i \u015arednich Przedsi\u0119biorstw\">\n\t\t\t\t<p>Za\u0142o\u017cyciel naszej firmy, maj\u0105c do\u015bwiadczenie w zarz\u0105dzaniu korporacj\u0105 w Japonii, rozumie wyzwania zwi\u0105zane z prowadzeniem biznesu.<\/p>\n\t\t\t<\/li>\n\t\t<\/ol>\n\t<\/div>\n<\/section>\n<section class=\"second-nav\">\n\t<div class=\"second-nav-inner\">\n\t\t<p>TEMATY<\/p>\n\t\t<nav>\n\t\t\t<ul>\n\t\t\t\t<li><a href=\"#our-experience-in-contract-drafting-etc\">Nasze Do\u015bwiadczenie w Przygotowywaniu Um\u00f3w, itp.<\/a><\/li>\n\t\t\t\t<li><a href=\"#handling-more-than-3000-contracts-per-year-as-an-organization\">Obs\u0142uga Ponad 3000 Um\u00f3w Rocznie jako Organizacja<\/a><\/li>\n\t\t\t\t<li><a href=\"#IT\">IT<\/a><\/li>\n\t\t\t\t<li><a href=\"#extensive-experience-in-investment-contracts-etc\">Bogate Do\u015bwiadczenie w Umowach Inwestycyjnych, itp.<\/a><\/li>\n\t\t\t\t<li><a href=\"#examples-of-support-provided-by-our-firm\">Przyk\u0142ady Wsparcia Oferowanego przez Nasz\u0105 Firm\u0119<\/a><\/li>\n\t\t\t\t<li><a href=\"#monolith-law-magazine\">MONOLITH LAW MAGAZINE<\/a><\/li>\n\t\t\t\t<li><a href=\"#fee-structure\">Struktura Op\u0142at<\/a><\/li>\n\t\t\t<\/ul>\n\t\t<\/nav>\n\t<\/div>\n<\/section>\n<section class=\"white-section mgt-section mgb-section\">\n\t<div class=\"anchor\" id=\"our-experience-in-contract-drafting-etc\"><\/div>\n\t<div class=\"section-inner-black\">\n\t\t<h3>Nasze do\u015bwiadczenie w tworzeniu um\u00f3w, <br class=\"spOnly\">itd.<\/h3>\n\t\t<p class=\"mgb-middle\">Kancelaria prawna MONOLITH LAW OFFICE, specjalizuj\u0105ca si\u0119 w &#8220;IT, Internecie i Biznesie&#8221;, oferuje r\u00f3\u017cnorodne us\u0142ugi zwi\u0105zane z tworzeniem i przegl\u0105dem um\u00f3w IT oraz biznesowych. Przyk\u0142ady naszych us\u0142ug obejmuj\u0105, ale nie ograniczaj\u0105 si\u0119 do:<\/p>\n\t\t<p class=\"mgb-middle\">Umowa o outsourcing SEO, Umowa o outsourcing zarz\u0105dzania SNS, Umowa fuzji, Umowa przelewu akcji, Umowa subskrypcji akcji, Umowa o wsp\u00f3lnych badaniach, Umowa joint venture, Umowa o \u015bwiadczenie us\u0142ug, Umowa o sojusz biznesowy, Umowa po\u017cyczkowa, Umowa o outsourcing reklamy, Podstawowa umowa transakcji reklamowych, Umowa doradcza, Umowa o prac\u0119, Umowa konsultingowa, Umowa cesji wierzytelno\u015bci, Umowa cesji praw zabezpieczaj\u0105cych, Umowa o przeniesienie przedsi\u0119biorstwa, Umowa cesji znaku towarowego, Podstawowa umowa rekrutacyjna, Umowa o kapita\u0142owym i biznesowym sojuszu, Umowa o ograniczonej odpowiedzialno\u015bci, Umowa o przynale\u017cno\u015b\u0107 talentu, Umowa rozwi\u0105zuj\u0105ca, Umowa agencyjna, Umowa cesji praw autorskich, Umowa inwestycyjna, Podstawowa umowa zakupu, Umowa dystrybucyjna, Umowa o zachowaniu poufno\u015bci, Umowa franczyzowa, Og\u00f3lna umowa subskrypcyjna, Umowa zarz\u0105dzania, Umowa MEO, Umowa licencyjna, Umowa o delegowanie pracownik\u00f3w, Umowa ugody<\/p>\n\t<\/div>\n<\/section>\n<section class=\"purple-section\">\n\t<div class=\"anchor\" id=\"handling-more-than-3000-contracts-per-year-as-an-organization\"><\/div>\n\t<div class=\"section-inner\">\n\t\t<div class=\"flex\">\n\t\t\t<div class=\"width51\">\n\t\t\t\t<h3>Obs\u0142uga ponad 3000 kontrakt\u00f3w rocznie<\/h3>\n\t\t\t\t<p class=\"mgb-small\">MONOLITH LAW OFFICE to organizacja sk\u0142adaj\u0105ca si\u0119 z 30 prawnik\u00f3w, na czele kt\u00f3rej stoi nasz za\u0142o\u017cyciel, by\u0142y in\u017cynier IT i dyrektor wykonawczy.<\/p>\n\t\t\t\t<p class=\"mgb-small\">Nasza firma sporz\u0105dza i przegl\u0105da ponad 3000 kontrakt\u00f3w rocznie, co \u015bwiadczy o naszym obszernym do\u015bwiadczeniu i ekspertyzie w tych sprawach.<\/p>\n\t\t\t\t<p>*Wykresy oparte s\u0105 na szacunkowych danych, a b\u0142\u0105d mo\u017ce wynosi\u0107 do 20%.<\/p>\n\t\t\t<\/div>\n\t\t\t<div class=\"width41\"><img decoding=\"async\" src=\"\/wp-content\/themes\/monolith_en\/img\/contractcreation\/contractcreation_pic1.png\" alt=\"Obs\u0142uga ponad 2000 kontrakt\u00f3w rocznie jako organizacja\"><\/div>\n\t\t<\/div>\n\t<\/div>\n<\/section>\n\n<section class=\"white-section\">\n\t<div id=\"IT\"><\/div>\n\t<div class=\"section-inner\">\n\t<div class=\"flex\">\n\t<div class=\"width41\"><img decoding=\"async\" src=\"\/wp-content\/themes\/monolith2021\/img\/pic\/pic_practices-itlaw.jpg\" alt=\"IT\" \/><\/div>\n\t<div class=\"width51\">\n\t\t<h3>IT<\/h3>\n\t\t<p class=\"mgb-middle\">MONOLITH LAW OFFICE specjalizuje si\u0119 w prawie IT i zapewnia kompleksowe wsparcie prawne dla r\u00f3\u017cnych firm IT. Nasza ekspertyza obejmuje sporz\u0105dzanie um\u00f3w zwi\u0105zanych z najnowocze\u015bniejszymi technologiami, a tak\u017ce transakcje inwestycyjne i M&#038;A z udzia\u0142em start-up\u00f3w. Dzi\u0119ki naszemu bogatemu do\u015bwiadczeniu w sporz\u0105dzaniu um\u00f3w, szczeg\u00f3lnie w sektorze IT, jeste\u015bmy dobrze przygotowani do spe\u0142nienia unikalnych potrzeb prawnych firm zorientowanych na technologi\u0119.<\/p>\n\t\t<div class=\"btn-area align-left\">\n\t\t\t<div class=\"btn icon-it\"><a href=\"\/pl\/it\">IT<\/a><\/div>\n\t\t<\/div>\n\t<\/div>\n\t<\/div>\n\t<\/div>\n<\/section>\n\n<section class=\"white-section\">\n\t<div class=\"anchor\" id=\"extensive-experience-in-investment-contracts-etc\"><\/div>\n\t<div class=\"section-inner-black\">\n\t\t<h3>Rozleg\u0142e do\u015bwiadczenie w umowach inwestycyjnych i innych<\/h3>\n\t\t<p class=\"mgb-middle\">W kwestii emisji akcji poprzez przydzia\u0142 dla podmiot\u00f3w trzecich, MONOLITH LAW OFFICE zajmuje si\u0119 wszystkim, pocz\u0105wszy od przygotowania term sheet\u00f3w, a\u017c po opracowanie um\u00f3w inwestycyjnych i um\u00f3w akcjonariuszy. Zajmujemy si\u0119 r\u00f3wnie\u017c projektowaniem akcji uprzywilejowanych, kt\u00f3re przewiduj\u0105 preferencyjne dystrybucje itp., emisj\u0105 praw do nabycia akcji, umowami mi\u0119dzy za\u0142o\u017cycielami, przeniesieniem akcji oraz r\u00f3\u017cnymi innymi strategiami i kontraktami zwi\u0105zanymi z kapita\u0142em w\u0142asnym.<\/p>\n\t<\/div>\n<\/section>\n\n<section class=\"orange-section mgt-section\">\n\t<div class=\"anchor\" id=\"examples-of-support-provided-by-our-firm\"><\/div>\n\t<div class=\"section-inner\">\n\t\t<h3 class=\"mgb-middle\">Przyk\u0142ady wsparcia udzielanego przez MONOLITH LAW OFFICE<\/h3>\n\t\t<p class=\"mgb-middle\">MONOLITH LAW OFFICE pe\u0142ni funkcj\u0119 doradcy prawnego dla japo\u0144skich firm IT i startup\u00f3w w zwi\u0105zku z r\u00f3\u017cnymi rodzajami um\u00f3w, w tym umowami outsourcingowymi dla zleconych operacji, umowami u\u017cytkowania i agencyjnymi dla produkt\u00f3w firmy, umowami inwestycyjnymi i umowami akcjonariuszy dla um\u00f3w zwi\u0105zanych z kapita\u0142em oraz umowami o prac\u0119 dla um\u00f3w zwi\u0105zanych z firm\u0105. Dzia\u0142amy r\u00f3wnie\u017c jako prawnicy IT dla przedsi\u0119biorstw w Japonii, opracowuj\u0105c i przegl\u0105daj\u0105c umowy dla nowych przedsi\u0119wzi\u0119\u0107 zwi\u0105zanych z IT oraz umowy zwi\u0105zane z firmami IT.<\/p>\n\t\t<div class=\"white-base\">\n\t\t\t<ul>\n\t\t\t\t<li class=\"mgb-small\">\n\t\t\t\t\t<figure><img decoding=\"async\" alt=\"HAZAMA ANDO CORPORATION\" src=\"\/wp-content\/themes\/monolith2021\/img\/clients\/logo_andohazama.png\"><\/figure>\n\t\t\t\t\t<h4 class=\"mgt-small mgb-small\">HAZAMA ANDO CORPORATION<\/h4>\n\t\t\t\t\t<p>Dla tego klienta, du\u017cego generalnego wykonawcy notowanego na Gie\u0142dzie Papier\u00f3w Warto\u015bciowych w Tokio Prime, nasza firma opracowa\u0142a umow\u0119 zwi\u0105zan\u0105 z IT.<\/p>\n\t\t\t\t<\/li>\n\t\t\t\t<li class=\"mgb-small\">\n\t\t\t\t\t<figure><img decoding=\"async\" alt=\"Gftd Japan\" src=\"\/wp-content\/themes\/monolith2021\/img\/clients\/logo_gftd.png\"><\/figure>\n\t\t\t\t\t<h4 class=\"mgt-small mgb-small\">Gftd Japan<\/h4>\n\t\t\t\t\t<p>Gftd Japan to startup zwi\u0105zany z technologi\u0105 blockchain, dla kt\u00f3rego opracowali\u015bmy r\u00f3\u017cne rodzaje um\u00f3w, od um\u00f3w biznesowych po umowy zwi\u0105zane z zatrudnieniem.<\/p>\n\t\t\t\t<\/li>\n\t\t\t\t<li class=\"mgb-small\">\n\t\t\t\t\t<figure><img decoding=\"async\" alt=\"TOKIUM Inc.\" src=\"\/wp-content\/uploads\/2022\/04\/logo_tokium.png\"><\/figure>\n\t\t\t\t\t<h4 class=\"mgt-small mgb-small\">TOKIUM Inc.<\/h4>\n\t\t\t\t\t<p>Dla Tokium, startupu zwi\u0105zanego z fintech, opracowali\u015bmy umowy pocz\u0105wszy od um\u00f3w o sojuszach kapita\u0142owych i biznesowych, a\u017c po umowy biznesowe.<\/p>\n\t\t\t\t<\/li>\n\t\t\t\t<li class=\"mgb-small\">\n\t\t\t\t\t<figure><img decoding=\"async\" alt=\"MI-6 Ltd.\" src=\"\/wp-content\/themes\/monolith2021\/img\/clients\/logo_mi-6.png\"><\/figure>\n\t\t\t\t\t<h4 class=\"mgt-small mgb-small\">MI-6 Ltd.<\/h4>\n\t\t\t\t\t<p>Nasza firma przygotowa\u0142a umowy inwestycyjne, emisj\u0119 opcji na akcje typu J-KISS oraz umowy zwi\u0105zane z badaniami wsp\u00f3lnymi.<\/p>\n\t\t\t\t<\/li>\n\t\t\t<\/ul><p class=\"mgb-small\">\n\t\t<p class=\"txt-s\">*Opr\u00f3cz wymienionych, MONOLITH LAW OFFICE obs\u0142uguje projekty wielu innych klient\u00f3w. Informacje o klientach publikujemy tylko w przypadku, gdy udzielili nam zgody na ujawnienie ich statusu jako klient\u00f3w (lub s\u0105 zarejestrowani jako cz\u0142onkowie zarz\u0105du). Zgodnie z og\u00f3ln\u0105 zasad\u0105, zachowujemy poufno\u015b\u0107 informacji o tym, czy kto\u015b jest naszym klientem.<\/p>\n\t<\/div><\/div>\n<\/section>\n\n<section class=\"purple2-section\">\n\t<div class=\"anchor\" id=\"monolith-law-magazine\"><\/div>\n\t<div class=\"section-inner\">\n\t\t    <section class=\"white-section temp-article\">\n        <div class=\"section-inner\">\n            <h4>MONOLITH LAW MAGAZINE<\/h4>\n            <div class=\"articles type_practice_column\">\n                                                                    <div class=\"article article-area\">\n                        <figure>\n                            <div class=\"img-wrap\">\n                                <img alt=\"Wyja\u015bnienie sankcji za naruszenie nowego prawa dotycz\u0105cego freelancingu na podstawie trzech przypadk\u00f3w\" src=\"https:\/\/monolith.law\/pl\/wp-content\/uploads\/sites\/16\/2025\/08\/6d129f9213bc4489ca4b5e0a5df7378f.webp\" width=\"500\" height=\"250\">\n                            <\/div>\n                            <figcaption>\n                                <div class=\"figcaption-inner\">\n                                    <h3>Wyja\u015bnienie sankcji za naruszenie nowego prawa dotycz\u0105cego freelancingu na podst.<\/h3>\n                                <\/div>\n                            <\/figcaption>\n                            <a href=\"https:\/\/monolith.law\/pl\/general-corporate\/freelance-law-penalties\"><\/a>\n                        <\/figure>\n                    <\/div>\n                                                    <div class=\"article article-area\">\n                        <figure>\n                            <div class=\"img-wrap\">\n                                <img alt=\"Czym jest nowe prawo dotycz\u0105ce freelanser\u00f3w? Wyja\u015bnienie kluczowych punkt\u00f3w na przyk\u0142adzie wzoru umowy dostosowanej do nowych przepis\u00f3w\" src=\"https:\/\/monolith.law\/pl\/wp-content\/uploads\/sites\/16\/2025\/08\/873e76645ec995ae22ee695f1ecd9a55.webp\" width=\"500\" height=\"250\">\n                            <\/div>\n                            <figcaption>\n                                <div class=\"figcaption-inner\">\n                                    <h3>Czym jest nowe prawo dotycz\u0105ce freelanser\u00f3w? Wyja\u015bnienie kluczowych punkt\u00f3w na p.<\/h3>\n                                <\/div>\n                            <\/figcaption>\n                            <a href=\"https:\/\/monolith.law\/pl\/general-corporate\/freelance-law-contract\"><\/a>\n                        <\/figure>\n                    <\/div>\n                                                    <div class=\"article article-area\">\n                        <figure>\n                            <div class=\"img-wrap\">\n                                <img alt=\"Ograniczenia transfer\u00f3w zawodnik\u00f3w w e-sporcie i wyzwania prawne\" src=\"https:\/\/monolith.law\/pl\/wp-content\/uploads\/sites\/16\/2025\/03\/675cdf10e1d66dca1319792b870ba784-1024x538.jpg\" width=\"500\" height=\"250\">\n                            <\/div>\n                            <figcaption>\n                                <div class=\"figcaption-inner\">\n                                    <h3>Ograniczenia transfer\u00f3w zawodnik\u00f3w w e-sporcie i wyzwania prawne<\/h3>\n                                <\/div>\n                            <\/figcaption>\n                            <a href=\"https:\/\/monolith.law\/pl\/general-corporate\/player-transfers-e-sports-restrictions-legal-issues\"><\/a>\n                        <\/figure>\n                    <\/div>\n                                            <\/div>\n            <div class=\"btn-more\"><a href=\"https:\/\/monolith.law\/pl\/tag\/contract-drafting-and-review\">Read More<\/a><\/div>\n        <\/div>\n    <\/section>\n\t<\/div>\n<\/section>\n\n<section class=\"orange2-section\">\n\t<div id=\"fee-structure\"><\/div>\n\t<div class=\"section-inner\">\n\t<div class=\"planWrap\">\n\t<h3>Struktura Op\u0142at<\/h3>\n\t<ul class=\"plan\">\n\t\t<li class=\"txt-left\">\n\t\t\t<div class=\"plan-inner\">\n\t\t\t<div class=\"plan-header\">\n\t\t\t<h4 class=\"plan-title\">Stawka Godzinowa<\/h4>\n\t\t\t<div class=\"plan-price\"><span class=\"price-figure\">$300<\/span>za godzin\u0119<span class=\"price-value\"><\/span><\/div>\n\t\t\t<\/div>\n\t\t\t<div class=\"plan-body\">W niekt\u00f3rych przypadkach mo\u017cemy rozwa\u017cy\u0107 przyj\u0119cie sprawy lub pozwu z op\u0142at\u0105 wst\u0119pn\u0105 oraz op\u0142at\u0105 warunkow\u0105. Po wi\u0119cej szczeg\u00f3\u0142\u00f3w prosimy o kontakt z nami.<\/div>\n\t\t\t<\/div>\n\t\t<\/li>\n\t\t<li class=\"txt-left\">\n\t\t\t<div class=\"plan-inner\">\n\t\t\t<div class=\"plan-header\">\n\t\t\t<h4 class=\"plan-title\">Pisanie Um\u00f3w<\/h4>\n\t\t\t<div class=\"plan-price\"><span class=\"price-value\">od<\/span><span class=\"price-figure\">$500<\/span><span class=\"price-value\">do $2,000 lub wi\u0119cej<\/span><\/div>\n\t\t\t<\/div>\n\t\t\t<div class=\"plan-body\">Struktura cen mo\u017ce si\u0119 r\u00f3\u017cni\u0107 w zale\u017cno\u015bci od rodzaju i ilo\u015bci um\u00f3w. Z przyjemno\u015bci\u0105 przedstawimy wst\u0119pn\u0105 wycen\u0119 na zapytanie, dlatego zach\u0119camy do kontaktu w celu uzyskania dalszych informacji.<\/div>\n\t\t\t<\/div>\n\t\t<\/li>\n\t\t<li class=\"txt-left\">\n\t\t\t<div class=\"plan-inner\">\n\t\t\t<div class=\"plan-header\">\n\t\t\t<h4 class=\"plan-title\">Inne Us\u0142ugi<\/h4>\n\t\t\t<div class=\"plan-price\"><span class=\"price-figure\">Skontaktuj si\u0119 z Nami<\/span><\/div>\n\t\t\t<\/div>\n\t\t\t<div class=\"plan-body\">Oferujemy szeroki zakres us\u0142ug, w tym zak\u0142adanie firm, przegl\u0105d um\u00f3w, opinie prawne, przegl\u0105d sprawy czy listy badawcze. W przypadku jakichkolwiek pyta\u0144 lub w\u0105tpliwo\u015bci serdecznie zapraszamy do kontaktu, a nasz kompetentny zesp\u00f3\u0142 z przyjemno\u015bci\u0105 udzieli pomocy.<\/div>\n\t\t\t<\/div>\n\t\t<\/li>\n\t<\/ul>\n\t<\/div>\n\t<\/div>\n<\/section>\n\n<section class=\"white-section\">\n\t<div class=\"section-inner\">\n\t<div class=\"btn-area\">\n\t<div class=\"btn icon-contact\"><a href=\"\/pl\/contact\">Skontaktuj si\u0119 z Nami<\/a><\/div>\n\t<\/div>\n\t<\/div>\n<\/section>\n","protected":false},"excerpt":{"rendered":"<p>Przygotowywanie i Przegl\u0105d Um\u00f3w Jako doradcy prawni dla firm IT i startup\u00f3w, a czasami jako prawnicy IT dla korporacji, przygotowujemy i przegl\u0105damy szeroki wachlarz wysoko wyspecjalizowanych um\u00f3w zwi [&hellip;]<\/p>\n","protected":false},"author":1,"featured_media":57034,"parent":0,"menu_order":7,"comment_status":"closed","ping_status":"closed","template":"other-page-temp.php","meta":{"footnotes":""},"acf":[],"_links":{"self":[{"href":"https:\/\/monolith.law\/pl\/wp-json\/wp\/v2\/pages\/30628"}],"collection":[{"href":"https:\/\/monolith.law\/pl\/wp-json\/wp\/v2\/pages"}],"about":[{"href":"https:\/\/monolith.law\/pl\/wp-json\/wp\/v2\/types\/page"}],"author":[{"embeddable":true,"href":"https:\/\/monolith.law\/pl\/wp-json\/wp\/v2\/users\/1"}],"replies":[{"embeddable":true,"href":"https:\/\/monolith.law\/pl\/wp-json\/wp\/v2\/comments?post=30628"}],"version-history":[{"count":97,"href":"https:\/\/monolith.law\/pl\/wp-json\/wp\/v2\/pages\/30628\/revisions"}],"predecessor-version":[{"id":59402,"href":"https:\/\/monolith.law\/pl\/wp-json\/wp\/v2\/pages\/30628\/revisions\/59402"}],"wp:featuredmedia":[{"embeddable":true,"href":"https:\/\/monolith.law\/pl\/wp-json\/wp\/v2\/media\/57034"}],"wp:attachment":[{"href":"https:\/\/monolith.law\/pl\/wp-json\/wp\/v2\/media?parent=30628"}],"curies":[{"name":"wp","href":"https:\/\/api.w.org\/{rel}","templated":true}]}}