{"id":30684,"date":"2021-02-28T04:39:20","date_gmt":"2021-02-27T19:39:20","guid":{"rendered":"https:\/\/monolith.law\/?page_id=30684"},"modified":"2023-12-08T19:08:03","modified_gmt":"2023-12-08T10:08:03","slug":"id-of-the-defamatory-statement","status":"publish","type":"page","link":"https:\/\/monolith.law\/pl\/id-of-the-defamatory-statement","title":{"rendered":"Identyfikacja O\u015bwiadczenia Oczerniaj\u0105cego"},"content":{"rendered":"\n<section class=\"heading-area\">\n\t<div class=\"heading-area-inner\">\n\t\t<h2 class=\"icon-id-of-the-defamatory-statement\">Identyfikacja O\u015bwiadczenia Oczerniaj\u0105cego<\/h2>\n\t\t<p>Na mocy japo\u0144skiego prawa, je\u015bli firma lub osoba fizyczna do\u015bwiadczy\u0142y znies\u0142awienia lub naruszenia prywatno\u015bci przez anonimowego u\u017cytkownika w internecie, mo\u017cliwe jest zidentyfikowanie anonimowego autora za pomoc\u0105 r\u00f3\u017cnych procedur prawnych u\u0142atwionych przez s\u0105d. Chocia\u017c w japo\u0144skiej przestrzeni internetowej zdarzaj\u0105 si\u0119 przypadki znies\u0142awienia przez anonimowych u\u017cytkownik\u00f3w, mo\u017cliwe jest zidentyfikowanie autora i dochodzenie roszcze\u0144 odszkodowawczych za po\u015brednictwem adwokata.<\/p>\n\t<\/div>\n<\/section>\n\n<section class=\"white-section\">\n\t<div class=\"section-inner pdt0 border-bottom-section\">\n\t\t<p class=\"mgb-small\">Je\u015bli zosta\u0142e\u015b poddany znies\u0142awieniu przez anonimowego u\u017cytkownika w internecie i chcesz dochodzi\u0107 roszcze\u0144 odszkodowawczych, konieczne jest najpierw ustalenie to\u017csamo\u015bci tego u\u017cytkownika. Japo\u0144skie prawo przewiduje procedury prawne do identyfikacji anonimowych u\u017cytkownik\u00f3w w internecie.<\/p>\n\t\t<p>Kancelaria MONOLITH LAW OFFICE to japo\u0144ska firma prawnicza specjalizuj\u0105ca si\u0119 w sprawach zwi\u0105zanych z internetem. Zajmowali\u015bmy si\u0119 identyfikacj\u0105 autor\u00f3w o\u015bwiadcze\u0144 oczerniaj\u0105cych na podstawie zlece\u0144 od r\u00f3\u017cnych klient\u00f3w, w tym krajowych sp\u00f3\u0142ek notowanych na gie\u0142dzie, wybitnych wykonawc\u00f3w i wp\u0142ywowych os\u00f3b. Dzi\u0119ki naszemu bogatemu do\u015bwiadczeniu i osi\u0105gni\u0119ciom jeste\u015bmy przygotowani do obs\u0142ugi spor\u00f3w w japo\u0144skiej przestrzeni internetowej.<\/p>\n\t<\/div>\n<\/section>\n\n<section class=\"second-nav\">\n\t<div class=\"second-nav-inner\">\n\t\t<p>TEMATY<\/p>\n\t\t<nav>\n\t\t\t<ul>\n\t\t\t\t<li><a href=\"#identification-of-the-defamatory-statement\">Identyfikacja O\u015bwiadczenia Oczerniaj\u0105cego<\/a><\/li>\n\t\t\t\t<li><a href=\"#examples-of-identifications-by-our-firm-target-sites\">Przyk\u0142ady identyfikacji przez nasz\u0105 firm\u0119: Strony docelowe<\/a><\/li>\n\t\t\t\t<li><a href=\"#examples-of-support-provided-by-our-firm\">Przyk\u0142ady wsparcia udzielonego przez nasz\u0105 firm\u0119<\/a><\/li>\n\t\t\t\t<li><a href=\"#procedures-for-identifying-authors-under-japanese-law\">Procedury identyfikacji autor\u00f3w wed\u0142ug japo\u0144skiego prawa<\/a><\/li>\n\t\t\t\t<li><a href=\"#publications-as-a-lawyer-specializing-in-mitigating-reputational-damage\">Publikacje jako prawnik specjalizuj\u0105cy si\u0119 w \u0142agodzeniu szk\u00f3d reputacyjnych<\/a><\/li>\n\t\t\t\t<li><a href=\"#monolith-law-magazine\">MONOLITH LAW MAGAZINE<\/a><\/li>\n\t\t\t\t<li><a href=\"#fee-structure\">Struktura op\u0142at<\/a><\/li>\n\t\t\t<\/ul>\n\t\t<\/nav>\n\t<\/div>\n<\/section>\n\n<section class=\"white-section\">\n\t<div class=\"anchor\" id=\"identification-of-the-defamatory-statement\"><\/div>\n\t<div class=\"section-inner\">\n\t\t<div class=\"flex\">\n\t\t\t<div class=\"width41\"><img decoding=\"async\" src=\"\/wp-content\/themes\/monolith2021\/img\/pic\/pic_reputation.jpg\" alt=\"\u0179r\u00f3d\u0142o Identyfikacji O\u015bwiadczenia Oczerniaj\u0105cego\"><\/div>\n\t\t\t<div class=\"width51\">\n\t\t\t\t<h3>Identyfikacja o\u015bwiadcze\u0144 znies\u0142awiaj\u0105cych<\/h3>\n\t\t\t\t<p>Na mocy japo\u0144skiego prawa mo\u017cliwe jest podj\u0119cie dzia\u0142a\u0144 prawnych w celu zidentyfikowania os\u00f3b odpowiedzialnych za nielegalne posty, w tym o\u015bwiadczenia znies\u0142awiaj\u0105ce, poprzez procedur\u0119 s\u0105dow\u0105. Je\u015bli Twoja firma jest celem anonimowych u\u017cytkownik\u00f3w internetu, kt\u00f3rzy prowadz\u0105 ataki w japo\u0144skim internecie, mo\u017cliwe jest ujawnienie to\u017csamo\u015bci, w tym imienia i adresu, anonimowego u\u017cytkownika poprzez konsultacj\u0119 z wysoko wyspecjalizowanym prawnikiem. Po ujawnieniu to\u017csamo\u015bci mo\u017cesz mie\u0107 mo\u017cliwo\u015b\u0107 wniesienia roszczenia o odszkodowanie przeciwko u\u017cytkownikowi internetu. Kluczowe jest wsp\u00f3\u0142praca z do\u015bwiadczonym prawnikiem, kt\u00f3ry mo\u017ce przeprowadzi\u0107 Ci\u0119 przez proces prawny i chroni\u0107 interesy Twojej firmy.<\/p>\n\t\t\t<\/div>\n\t\t<\/div>\n\t<\/div>\n<\/section>\n\n<section class=\"white-section mgb-section\">\n\t<div class=\"anchor\" id=\"examples-of-identifications-by-our-firm-target-sites\"><\/div>\n\t<div class=\"section-inner-black\">\n\t\t<h3 class=\"mgb-middle\">Przyk\u0142ady identyfikacji autor\u00f3w przez nasz\u0105 kancelari\u0119: Strony docelowe<\/h3>\n\t\t<p class=\"mgb-middle\">MONOLITH LAW OFFICE ma do\u015bwiadczenie i ekspertyz\u0119 w identyfikacji autor\u00f3w znies\u0142awiaj\u0105cych post\u00f3w na r\u00f3\u017cnych stronach internetowych, w tym, ale nie ograniczaj\u0105c si\u0119 do, przypadk\u00f3w znies\u0142awienia, naruszenia prywatno\u015bci, naruszenia praw autorskich i podszywania si\u0119. Z powodzeniem wspomagali\u015bmy klient\u00f3w w identyfikacji autor\u00f3w takich post\u00f3w, wykorzystuj\u0105c nasze do\u015bwiadczenie i wiedz\u0119 w tej dziedzinie.<\/p>\n\t\t<p class=\"mgb-middle\">2channel, 5channel, Twitter, Facebook, Instagram, Google Maps (My Business), Yahoo! Finance, Food Log, recenzje klient\u00f3w Amazon, Girls Channel, Bakusai, Mansion Community, Hostlove oraz r\u00f3\u017cne inne strony z og\u0142oszeniami. Yahoo! Chiebukuro, streszczenia NAVER, wyszukiwanie numer\u00f3w telefon\u00f3w (jpnumber itp.), Livedoor Blog, FC2 Blog, Ameba Blog, Hatena Blog itd. Inne r\u00f3\u017cne strony blogowe, YouTube, Nico Nico Douga, FC2 Video oraz inne strony z filmami. MILKCAFE, openwork, Lighthouse (dawna Reputacja Kaisha), inne strony z recenzjami o pracy, inne strony z oryginalnymi domenami.<\/p>\n\t<\/div>\n<\/section>\n\n<section class=\"purple-section\">\n\t<div class=\"anchor\" id=\"examples-of-support-provided-by-our-firm\"><\/div>\n\t<div class=\"section-inner\">\n\t\t<h3 class=\"mgb-middle\">Przyk\u0142ady wsparcia udzielonego przez nasz\u0105 kancelari\u0119<\/h3>\n\t\t<ul class=\"layout-column4 mgb-big\">\n\t\t\t<li>\n\t\t\t\t<div><img decoding=\"async\" src=\"\/wp-content\/themes\/monolith2021\/img\/identificationofslander\/identificationofslander_support_pic1.jpg\" alt=\"Sp\u00f3\u0142ka notowana na TSE\"><\/div>\n\t\t\t\t<h4>Sp\u00f3\u0142ka notowana na TSE<\/h4>\n\t\t\t\t<p>Zidentyfikowali\u015bmy autor\u00f3w uporczywych post\u00f3w rozpowszechniaj\u0105cych fa\u0142szywe informacje, takie jak skandale wewn\u0119trzne, na platformach takich jak Yahoo! Finance i Google Reviews.<\/p>\n\t\t\t<\/li>\n\t\t\t<li>\n\t\t\t\t<div><img decoding=\"async\" src=\"\/wp-content\/themes\/monolith2021\/img\/identificationofslander\/identificationofslander_support_pic2.jpg\" alt=\"Znacz\u0105cy wykonawca\"><\/div>\n\t\t\t\t<h4>Znacz\u0105cy wykonawca<\/h4>\n\t\t\t\t<p>Przeprowadzili\u015bmy identyfikacj\u0119 autor\u00f3w kont na Twitterze, kt\u00f3re anga\u017cowa\u0142y si\u0119 w znies\u0142awienie, podszywanie si\u0119 i obra\u017aliwe posty skierowane do poszczeg\u00f3lnych wykonawc\u00f3w.<\/p>\n\t\t\t<\/li>\n\t\t\t<li>\n\t\t\t\t<div><img decoding=\"async\" src=\"\/wp-content\/themes\/monolith2021\/img\/systemdevelopment\/systemdevelopment_support_pic3.jpg\" alt=\"Korporacja biznesowa\"><\/div>\n\t\t\t\t<h4>Korporacja biznesowa<\/h4>\n\t\t\t\t<p>Przeprowadzili\u015bmy identyfikacj\u0119 autor\u00f3w znies\u0142awiaj\u0105cych post\u00f3w skierowanych na konkretnych wykonawc\u00f3w na anonimowych forach takich jak 5channel i Google Reviews.<\/p>\n\t\t\t<\/li>\n\t\t\t<li>\n\t\t\t\t<div><img decoding=\"async\" src=\"\/wp-content\/themes\/monolith2021\/img\/identificationofslander\/identificationofslander_support_pic4.jpg\" alt=\"Znacz\u0105cy YouTuber\"><\/div>\n\t\t\t\t<h4>Znacz\u0105cy YouTuber<\/h4>\n\t\t\t\t<p>Udzielili\u015bmy wsparcia w identyfikacji autor\u00f3w w przypadkach wycieku informacji osobistych i znies\u0142awiaj\u0105cych komentarzy na filmach innych YouTuber\u00f3w, osobistych blogach i innych platformach.<\/p>\n\t\t\t<\/li>\n\t\t<\/ul>\n\t\t<div class=\"frame2-white max-width860 txt-center-pc\">\n\t\t\t<p class=\"txt-l bold\">Identyfikacja autor\u00f3w wymaga wysoko wyspecjalizowanej wiedzy, obejmuj\u0105cej planowanie strategiczne i konkretne zadania operacyjne.<\/p>\n\t\t<\/div>\n\t<\/div>\n<\/section>\n\n<section class=\"white-section\">\n\t<div class=\"anchor\" id=\"procedures-for-identifying-authors-under-japanese-law\"><\/div>\n\t<div class=\"section-inner pdb0\">\n\t\t<h3>Procedury identyfikacji autor\u00f3w zgodnie z japo\u0144skim prawem<\/h3>\n\t\t<p class=\"mgb-middle\">W Japonii dost\u0119pnych jest wiele procedur prawnych umo\u017cliwiaj\u0105cych identyfikacj\u0119 autor\u00f3w znies\u0142awiaj\u0105cych post\u00f3w w internecie i walk\u0119 z cyberznies\u0142awieniem. Jako prawnicy, stosujemy te procedury wybi\u00f3rczo i \u0142\u0105czymy je, aby osi\u0105gn\u0105\u0107 identyfikacj\u0119 autora. Chocia\u017c pe\u0142ne wyja\u015bnienie tych procedur na tej stronie jest wyzwaniem ze wzgl\u0119du na ich wysok\u0105 specjalizacj\u0119, przedstawimy ich przegl\u0105d.<\/p>\n\t\t<ul class=\"layout-datalist\">\n\t\t\t<li>\n\t\t\t\t<h4>A: Wniosek o ujawnienie danych (Postanowienie tymczasowe)<\/h4>\n\t\t\t\t<p>Ta przyspieszona \u015brodek tymczasowy pozwala nam \u017c\u0105da\u0107 od operator\u00f3w stron internetowych lub administrator\u00f3w serwer\u00f3w hostingowych ujawnienia adresu IP osoby zamieszczaj\u0105cej post, bez konieczno\u015bci wszczynania formalnego post\u0119powania s\u0105dowego. Wa\u017cne jest jednak zauwa\u017cy\u0107, \u017ce niekt\u00f3re strony internetowe mog\u0105 dobrowolnie ujawnia\u0107 adresy IP poprzez nieformalne negocjacje bez konieczno\u015bci stosowania tej procedury. W takich przypadkach w\u0142a\u015bciwe rozstrzygni\u0119cie wymaga do\u015bwiadczenia i wiedzy fachowej prawnik\u00f3w.<\/p>\n\t\t\t<\/li>\n\t\t\t<li>\n\t\t\t\t<h4>B: Zakaz usuwania informacji<\/h4>\n\t\t\t\t<p>Analizuj\u0105c ujawniony adres IP uzyskany w procedurze A, mo\u017cna zidentyfikowa\u0107 dostawc\u0119 us\u0142ug internetowych (ISP), z kt\u00f3rego korzysta anonimowy u\u017cytkownik. W procedurze C kluczowe jest za\u017c\u0105danie od ISP, aby nie usuwa\u0142 informacji o nadawcy (dane logowania zwi\u0105zane z po\u0142\u0105czeniem internetowym u\u017cytkownika), aby zachowa\u0107 dowody.<\/p>\n\t\t\t<\/li>\n\t\t\t<li>\n\t\t\t\t<h4>C: Wniosek o ujawnienie danych (Pozew)<\/h4>\n\t\t\t\t<p>Procedura ta polega na pozwaniu zidentyfikowanego ISP jako pozwanego w celu uzyskania ujawnienia adresu i nazwiska anonimowego u\u017cytkownika. W przypadku stron internetowych, na kt\u00f3rych anonimowy u\u017cytkownik zarejestrowa\u0142 numer telefonu, procedura ta mo\u017ce by\u0107 wykorzystana przeciwko operatorowi strony internetowej w celu \u017c\u0105dania ujawnienia tego numeru telefonu. W tej procedurze nie mo\u017cna stosowa\u0107 \u015brodk\u00f3w tymczasowych, a zgodnie z japo\u0144skimi precedensami prawnymi wymagane jest formalne post\u0119powanie s\u0105dowe.<\/p>\n\t\t\t<\/li>\n\t\t\t<li>\n\t\t\t\t<h4>D: Nakaz ujawnienia danych (nowelizacja z 2022 roku)<\/h4>\n\t\t\t\t<p>Nowo wprowadzone ramy prawne \u0142\u0105cz\u0105 procedury A, B i C w jedn\u0105 procedur\u0119, umo\u017cliwiaj\u0105c realizacj\u0119 wszystkich krok\u00f3w (A, B i C) w kr\u00f3tszym czasie. Procedura ta wykorzystuje mechanizm przyspieszony. Obecnie uwa\u017ca si\u0119 j\u0105 za og\u00f3ln\u0105 zasad\u0119 identyfikacji autora. Istniej\u0105 jednak wyj\u0105tki, takie jak strony internetowe, na kt\u00f3rych zarejestrowany jest tylko numer telefonu bez adresu IP, lub przypadki, gdy ujawnienie adresu IP mo\u017cna osi\u0105gn\u0105\u0107 poprzez dobrowolne negocjacje. W takich wyj\u0105tkach niezb\u0119dna jest wiedza specjalistyczna prawnik\u00f3w.<\/p>\n\t\t\t<\/li>\n\t\t\t<li>\n\t\t\t\t<h4>E: Procedura zapytania poprzez Izb\u0119 Adwokack\u0105<\/h4>\n\t\t\t\t<p>Je\u015bli w trakcie wy\u017cej wymienionych procedur stanie si\u0119 znany numer telefonu autora, konieczne jest za\u017c\u0105danie od operatora telekomunikacyjnego ujawnienia adresu lub nazwiska osoby korzystaj\u0105cej z tego numeru. W Japonii operatorzy telefonii kom\u00f3rkowej maj\u0105 praktyk\u0119 udzielania informacji, gdy prawnik dokonuje odpowiedniego zapytania poprzez przynale\u017cn\u0105 do nich Izb\u0119 Adwokack\u0105.<\/p>\n\t\t\t<\/li>\n\t\t<\/ul>\n\t<\/div>\n<\/section>\n\n<section class=\"white-section\">\n\t<div class=\"section-inner\">\n\t\t<div class=\"frame2 max-width860 txt-center-pc\">\n\t\t\t<p class=\"bold txt-l\">Identyfikacja autor\u00f3w znies\u0142awiaj\u0105cych post\u00f3w zgodnie z japo\u0144skim prawem jest rzeczywi\u015bcie bardzo z\u0142o\u017con\u0105 i wyspecjalizowan\u0105 dziedzin\u0105. Je\u015bli masz jakiekolwiek pytania lub w\u0105tpliwo\u015bci, w tym dotycz\u0105ce wykonalno\u015bci i koszt\u00f3w, nie wahaj si\u0119 z nami skontaktowa\u0107. Jeste\u015bmy tutaj, aby Ci pom\u00f3c i udzieli\u0107 niezb\u0119dnego wsparcia.<\/p>\n\t\t<\/div>\n\t<\/div>\n<\/section>\n\n<section class=\"orange-section\">\n\t<div class=\"anchor\" id=\"publications-as-a-lawyer-specializing-in-mitigating-reputational-damage\"><\/div>\n\t<div class=\"section-inner\">\n\t\t<div class=\"flex\">\n\t\t\t<div class=\"width41\"><img decoding=\"async\" src=\"\/wp-content\/themes\/monolith2021\/img\/pic\/pic_publishing2.jpg\" alt=\"Publikacje jako prawnik specjalizuj\u0105cy si\u0119 w \u0142agodzeniu szk\u00f3d reputacyjnych\"><\/div>\n\t\t\t<div class=\"width51\">\n\t\t\t\t<h3>Publikacje prawnika specjalizuj\u0105cego si\u0119 w \u0142agodzeniu szk\u00f3d reputacyjnych<\/h3>\n\t\t\t\t<p class=\"mgb-small\">Bra\u0142em udzia\u0142 w pisaniu &#8220;Orzecznictwa Ustawy o Ograniczeniu Odpowiedzialno\u015bci Dostawc\u00f3w&#8221;, zbioru orzecze\u0144 s\u0105dowych dotycz\u0105cych \u015brodk\u00f3w przeciwdzia\u0142ania szkodom reputacyjnym, jako cz\u0119\u015b\u0107 Praktycznej Grupy Studi\u00f3w nad Ustaw\u0105 o Ograniczeniu Odpowiedzialno\u015bci Dostawc\u00f3w, utworzonej przez prawnik\u00f3w.<\/p>\n\t\t\t\t<p>Opublikowa\u0142em &#8220;Cyfrowy Tatua\u017c &#8211; Pom\u00f3wienia w Internecie i Akta Szk\u00f3d Reputacyjnych&#8221; wydane przez Jiyuukokumin-sha, wydawc\u0119 &#8220;Gendai Yogo no Kihonjitsu&#8221; (Podstawowa Wiedza o Wsp\u00f3\u0142czesnej Terminologii), i by\u0142em odpowiedzialny za opracowanie sobotniego dramatu NHK &#8220;Cyfrowy Tatua\u017c&#8221; na podstawie tego rekordu publikacji.<\/p>\n\t\t\t<\/div>\n\t\t<\/div>\n\t<\/div>\n<\/section>\n\n<section class=\"purple2-section\">\n\t<div class=\"anchor\" id=\"monolith-law-magazine\"><\/div>\n\t<div class=\"section-inner\">\n\t\t    <section class=\"white-section temp-article\">\n        <div class=\"section-inner\">\n            <h4>MONOLITH LAW MAGAZINE<\/h4>\n            <div class=\"articles type_practice_column\">\n                                                                    <div class=\"article article-area\">\n                        <figure>\n                            <div class=\"img-wrap\">\n                                <img alt=\"Jak zachowa\u0107 dowody znies\u0142awienia na Instagramie? Wyja\u015bniamy, jak zapisywa\u0107 dowody, kt\u00f3re mog\u0105 by\u0107 u\u017cyte w s\u0105dzie.\" src=\"https:\/\/monolith.law\/pl\/wp-content\/uploads\/sites\/16\/2025\/08\/b7a6d88c3f4a061d0c0c2cfa711ac604.webp\" width=\"500\" height=\"250\">\n                            <\/div>\n                            <figcaption>\n                                <div class=\"figcaption-inner\">\n                                    <h3>Jak zachowa\u0107 dowody znies\u0142awienia na Instagramie? Wyja\u015bniamy, jak zapisywa\u0107 dowo.<\/h3>\n                                <\/div>\n                            <\/figcaption>\n                            <a href=\"https:\/\/monolith.law\/pl\/it\/instagram-preservation-evidence\"><\/a>\n                        <\/figure>\n                    <\/div>\n                                                    <div class=\"article article-area\">\n                        <figure>\n                            <div class=\"img-wrap\">\n                                <img alt=\"Czy mo\u017cna \u017c\u0105da\u0107 ujawnienia to\u017csamo\u015bci os\u00f3b stosuj\u0105cych wulgaryzmy i znies\u0142awienia w grach online? Wyja\u015bnienie procedur s\u0105dowych umo\u017cliwiaj\u0105cych identyfikacj\u0119 stron.\" src=\"https:\/\/monolith.law\/pl\/wp-content\/uploads\/sites\/16\/2024\/11\/onlinegame1.webp\" width=\"500\" height=\"250\">\n                            <\/div>\n                            <figcaption>\n                                <div class=\"figcaption-inner\">\n                                    <h3>Czy mo\u017cna \u017c\u0105da\u0107 ujawnienia to\u017csamo\u015bci os\u00f3b stosuj\u0105cych wulgaryzmy i znies\u0142awieni.<\/h3>\n                                <\/div>\n                            <\/figcaption>\n                            <a href=\"https:\/\/monolith.law\/pl\/internet\/onlinegame-defamation\"><\/a>\n                        <\/figure>\n                    <\/div>\n                                                    <div class=\"article article-area\">\n                        <figure>\n                            <div class=\"img-wrap\">\n                                <img alt=\"Czy mo\u017cna zidentyfikowa\u0107 anonimowe konta? Wyja\u015bnienie procesu identyfikacji i odpowiednich \u015brodk\u00f3w prawnych.\" src=\"https:\/\/monolith.law\/pl\/wp-content\/uploads\/sites\/16\/2024\/11\/29306999_m-1024x683-1.webp\" width=\"500\" height=\"250\">\n                            <\/div>\n                            <figcaption>\n                                <div class=\"figcaption-inner\">\n                                    <h3>Czy mo\u017cna zidentyfikowa\u0107 anonimowe konta? Wyja\u015bnienie procesu identyfikacji i od.<\/h3>\n                                <\/div>\n                            <\/figcaption>\n                            <a href=\"https:\/\/monolith.law\/pl\/internet\/throwaway-account\"><\/a>\n                        <\/figure>\n                    <\/div>\n                                            <\/div>\n            <div class=\"btn-more\"><a href=\"https:\/\/monolith.law\/pl\/tag\/id-of-the-defamatory-statement\">Read More<\/a><\/div>\n        <\/div>\n    <\/section>\n\t<\/div>\n<\/section>\n\n<section class=\"orange2-section\">\n\t<div class=\"anchor\" id=\"fee-structure\"><\/div>\n\t<div class=\"section-inner\">\n\t<div class=\"planWrap\">\n\t<h3>Fee Structure<\/h3>\n\t<ul class=\"plan\">\n\t\t<li class=\"txt-left\">\n\t\t\t<div class=\"plan-inner\">\n\t\t\t<div class=\"plan-header\">\n\t\t\t<h4 class=\"plan-title\">Stawka Godzinowa<\/h4>\n\t\t\t<div class=\"plan-price\"><span class=\"price-figure\">$300<\/span>za godzin\u0119<span class=\"price-tax\"> <\/span><\/div>\n\t\t\t<\/div>\n\t\t\t<div class=\"plan-body\">W niekt\u00f3rych przypadkach mo\u017cemy rozwa\u017cy\u0107 przyj\u0119cie sporu lub pozwu z op\u0142at\u0105 wst\u0119pn\u0105 i op\u0142at\u0105 sukcesyjn\u0105. Po wi\u0119cej szczeg\u00f3\u0142\u00f3w zapraszamy do kontaktu z nami.<\/div>\n\t\t\t<\/div>\n\t\t<\/li>\n\t\t<li class=\"txt-left\">\n\t\t\t<div class=\"plan-inner\">\n\t\t\t<div class=\"plan-header\">\n\t\t\t<h4 class=\"plan-title\">Opracowywanie Um\u00f3w<\/h4>\n\t\t\t<div class=\"plan-price\"><span class=\"price-value\">od<\/span><span class=\"price-figure\">$500<\/span><span class=\"price-value\">do $2,000 lub wi\u0119cej<\/span><span class=\"price-tax\"><\/span><\/div>\n\t\t\t<\/div>\n\t\t\t<div class=\"plan-body\">Struktura cen mo\u017ce si\u0119 r\u00f3\u017cni\u0107 w zale\u017cno\u015bci od rodzaju i ilo\u015bci um\u00f3w. Z przyjemno\u015bci\u0105 przedstawimy wst\u0119pn\u0105 wycen\u0119 na zapytanie, zach\u0119camy wi\u0119c do kontaktu z nami w celu uzyskania dalszych informacji.<\/div>\n\t\t\t<\/div>\n\t\t<\/li>\n\t\t<li class=\"txt-left\">\n\t\t\t<div class=\"plan-inner\">\n\t\t\t<div class=\"plan-header\">\n\t\t\t<h4 class=\"plan-title\">Inne Us\u0142ugi<\/h4>\n\t\t\t<div class=\"plan-price\"><span class=\"price-figure\">Skontaktuj si\u0119 z Nami<\/span><\/div>\n\t\t\t<\/div>\n\t\t\t<div class=\"plan-body\">Oferujemy szeroki zakres us\u0142ug, w tym zak\u0142adanie firm, przegl\u0105d um\u00f3w, opinie prawne, przegl\u0105d spraw lub listy badawcze. Je\u015bli masz jakiekolwiek pytania lub w\u0105tpliwo\u015bci, serdecznie zapraszamy do kontaktu z nami, a nasz kompetentny zesp\u00f3\u0142 z przyjemno\u015bci\u0105 Ci pomo\u017ce.<\/div>\n\t\t\t<\/div>\n\t\t\t<\/div>\n\t\t<\/li>\n\t<\/ul>\n\t<\/div>\n\t<\/div>\n<\/section>\n\n<section class=\"white-section\">\n\t<div class=\"section-inner\">\n\t\t<div class=\"btn-area\">\n\t\t\t<div class=\"btn icon-contact\"><a href=\"\/pl\/contact\">Skontaktuj si\u0119 z Nami<\/a><\/div>\n\t\t<\/div>\n\t<\/div>\n<\/section>\n","protected":false},"excerpt":{"rendered":"<p>Identyfikacja O\u015bwiadczenia Oczerniaj\u0105cego Na mocy japo\u0144skiego prawa, je\u015bli firma lub osoba fizyczna do\u015bwiadczy\u0142y znies\u0142awienia lub naruszenia prywatno\u015bci przez anonimowego u\u017cytkownika w internecie, mo [&hellip;]<\/p>\n","protected":false},"author":1,"featured_media":57174,"parent":0,"menu_order":7,"comment_status":"closed","ping_status":"closed","template":"other-page-temp.php","meta":{"footnotes":""},"acf":[],"_links":{"self":[{"href":"https:\/\/monolith.law\/pl\/wp-json\/wp\/v2\/pages\/30684"}],"collection":[{"href":"https:\/\/monolith.law\/pl\/wp-json\/wp\/v2\/pages"}],"about":[{"href":"https:\/\/monolith.law\/pl\/wp-json\/wp\/v2\/types\/page"}],"author":[{"embeddable":true,"href":"https:\/\/monolith.law\/pl\/wp-json\/wp\/v2\/users\/1"}],"replies":[{"embeddable":true,"href":"https:\/\/monolith.law\/pl\/wp-json\/wp\/v2\/comments?post=30684"}],"version-history":[{"count":28,"href":"https:\/\/monolith.law\/pl\/wp-json\/wp\/v2\/pages\/30684\/revisions"}],"predecessor-version":[{"id":59412,"href":"https:\/\/monolith.law\/pl\/wp-json\/wp\/v2\/pages\/30684\/revisions\/59412"}],"wp:featuredmedia":[{"embeddable":true,"href":"https:\/\/monolith.law\/pl\/wp-json\/wp\/v2\/media\/57174"}],"wp:attachment":[{"href":"https:\/\/monolith.law\/pl\/wp-json\/wp\/v2\/media?parent=30684"}],"curies":[{"name":"wp","href":"https:\/\/api.w.org\/{rel}","templated":true}]}}