{"id":31,"date":"2019-01-25T16:37:44","date_gmt":"2019-01-25T07:37:44","guid":{"rendered":"https:\/\/monolith.law\/article\/?page_id=7"},"modified":"2023-12-08T18:41:58","modified_gmt":"2023-12-08T09:41:58","slug":"contact","status":"publish","type":"page","link":"https:\/\/monolith.law\/pl\/contact","title":{"rendered":"Skontaktuj si\u0119 z nami"},"content":{"rendered":"\n<section class=\"heading-area\">\n\t<div class=\"heading-area-inner\">\n\t\t<h2 class=\"icon-contact\">Skontaktuj si\u0119 z nami<\/h2>\n\t<\/div>\n<\/section>\n<section class=\"white-section\">\n\t<div class=\"section-inner border-bottom-section pdt0\">\n\t\t<p class=\"mgb-small\">MONOLITH LAW OFFICE to kancelaria prawna w Otemachi, Tokio, specjalizuj\u0105ca si\u0119 w us\u0142ugach prawnych zwi\u0105zanych z IT, Internetem i biznesem. Pod kierownictwem naszego reprezentuj\u0105cego prawnika, by\u0142ego in\u017cyniera IT z do\u015bwiadczeniem w zarz\u0105dzaniu korporacj\u0105, \u015bwiadczymy porady prawne dla firm IT i startup\u00f3w, a tak\u017ce innych firm w zakresie szk\u00f3d na reputacji, rozwoju system\u00f3w, w\u0142asno\u015bci intelektualnej i innych spraw prawnych.<\/p>\n\t\t<p class=\"mgb-middle\">Zapraszamy do kontaktu w sprawie porad prawnych, spraw zwi\u0105zanych ze szkodami na reputacji, r\u00f3\u017cnych innych konsultacji, a tak\u017ce pro\u015bb o wywiady, publikacje i sprawy zwi\u0105zane z mediami.<\/p>\n\t\t<p>*Przed wys\u0142aniem wiadomo\u015bci prosimy o przeczytanie i zaakceptowanie <a href=\"\/en\/privacypolicy\" target=\"_blank\" rel=\"noreferrer noopener\" title=\"\">naszej Polityki Prywatno\u015bci<\/a>.<\/p>\n<\/div>\n<\/section>\n\n\n<div class=\"wpcf7 no-js\" id=\"wpcf7-f59444-o1\" lang=\"ja\" dir=\"ltr\">\n<div class=\"screen-reader-response\"><p role=\"status\" aria-live=\"polite\" aria-atomic=\"true\"><\/p> <ul><\/ul><\/div>\n<form action=\"\/pl\/wp-json\/wp\/v2\/pages\/31#wpcf7-f59444-o1\" method=\"post\" class=\"wpcf7-form init\" aria-label=\"\u30b3\u30f3\u30bf\u30af\u30c8\u30d5\u30a9\u30fc\u30e0\" novalidate=\"novalidate\" data-status=\"init\">\n<div style=\"display: none;\">\n<input type=\"hidden\" name=\"_wpcf7\" value=\"59444\" \/>\n<input type=\"hidden\" name=\"_wpcf7_version\" value=\"5.8\" \/>\n<input type=\"hidden\" name=\"_wpcf7_locale\" value=\"ja\" \/>\n<input type=\"hidden\" name=\"_wpcf7_unit_tag\" value=\"wpcf7-f59444-o1\" \/>\n<input type=\"hidden\" name=\"_wpcf7_container_post\" value=\"0\" \/>\n<input type=\"hidden\" name=\"_wpcf7_posted_data_hash\" value=\"\" \/>\n<input type=\"hidden\" name=\"_wpcf7_recaptcha_response\" value=\"\" \/>\n<\/div>\n<section class=\"white-section\">\n\t<div class=\"section-inner\">\n\t\t<div class=\"contact-content\">\n\t\t\t<dl>\n\t\t\t\t<dt>\n\t\t\t\t\t<p><span class=\"label\">Name<\/span><span class=\"required\">Required<\/span>\n\t\t\t\t\t<\/p>\n\t\t\t\t<\/dt>\n\t\t\t\t<dd>\n\t\t\t\t\t<p><span class=\"wpcf7-form-control-wrap\" data-name=\"your-name\"><input size=\"40\" class=\"wpcf7-form-control wpcf7-text wpcf7-validates-as-required\" id=\"name\" aria-required=\"true\" aria-invalid=\"false\" value=\"\" type=\"text\" name=\"your-name\" \/><\/span>\n\t\t\t\t\t<\/p>\n\t\t\t\t<\/dd>\n\t\t\t<\/dl>\n\t\t\t<dl>\n\t\t\t\t<dt>\n\t\t\t\t\t<p><span class=\"label\">Email address<\/span><span class=\"required\">Required<\/span>\n\t\t\t\t\t<\/p>\n\t\t\t\t<\/dt>\n\t\t\t\t<dd>\n\t\t\t\t\t<p><span class=\"wpcf7-form-control-wrap\" data-name=\"your-email\"><input size=\"40\" class=\"wpcf7-form-control wpcf7-email wpcf7-validates-as-required wpcf7-text wpcf7-validates-as-email\" id=\"email\" aria-required=\"true\" aria-invalid=\"false\" value=\"\" type=\"email\" name=\"your-email\" \/><\/span>\n\t\t\t\t\t<\/p>\n\t\t\t\t<\/dd>\n\t\t\t<\/dl>\n\t\t\t<dl>\n\t\t\t\t<dt>\n\t\t\t\t\t<p><span class=\"label\">Subject<\/span><span class=\"required\">Required<\/span>\n\t\t\t\t\t<\/p>\n\t\t\t\t<\/dt>\n\t\t\t\t<dd>\n\t\t\t\t\t<p><span class=\"wpcf7-form-control-wrap\" data-name=\"your-subject\"><input size=\"40\" class=\"wpcf7-form-control wpcf7-text wpcf7-validates-as-required\" aria-required=\"true\" aria-invalid=\"false\" value=\"\" type=\"text\" name=\"your-subject\" \/><\/span>\n\t\t\t\t\t<\/p>\n\t\t\t\t<\/dd>\n\t\t\t<\/dl>\n\t\t\t<dl>\n\t\t\t\t<dt>\n\t\t\t\t\t<p><span class=\"label\">Contents<\/span><span class=\"required\">Required<\/span>\n\t\t\t\t\t<\/p>\n\t\t\t\t<\/dt>\n\t\t\t\t<dd>\n\t\t\t\t\t<p><span class=\"wpcf7-form-control-wrap\" data-name=\"your-info\"><textarea cols=\"40\" rows=\"10\" class=\"wpcf7-form-control wpcf7-textarea wpcf7-validates-as-required\" id=\"info\" aria-required=\"true\" aria-invalid=\"false\" name=\"your-info\"><\/textarea><\/span>\n\t\t\t\t\t<\/p>\n\t\t\t\t<\/dd>\n\t\t\t<\/dl>\n\t\t\t<div class=\"submit-button\">\n\t\t\t\t<p><input class=\"wpcf7-form-control wpcf7-submit has-spinner\" type=\"submit\" value=\"Wys\u0142a\u0107\" \/>\n\t\t\t\t<\/p>\n\t\t\t<\/div>\n\t\t<\/div>\n\t\t<p><script>\ndocument.addEventListener( 'wpcf7mailsent', function( event ) {\n location = 'https:\/\/monolith.law\/pl\/contact\/thanks';\n}, false );\n<\/script>\n\t\t<\/p>\n\t<\/div>\n<\/section><div class=\"wpcf7-response-output\" aria-hidden=\"true\"><\/div>\n<\/form>\n<\/div>\n\n<!--\n<section class=\"white-section\">\n\t<div class=\"section-inner pdt0\">\n\t\t<h3>\u015awiadczymy us\u0142ugi prawne dla<br class=\"spOnly\">firm i os\u00f3b prywatnych na terenie ca\u0142ej Japonii<br class=\"spOnly\"> jako wysoko specjalizowana kancelaria prawna.<\/h3>\n\t\t<div class=\"max-width1000 txt-left\">\n\t\t\t<p class=\"txt-purple2 txt-l\">Lokalizacje klient\u00f3w, kt\u00f3rym do tej pory \u015bwiadczyli\u015bmy us\u0142ugi<\/p>\n\t\t\t<p class=\"txt-s\">\u203bPrzyjmujemy r\u00f3wnie\u017c zlecenia z innych prefektur w Japonii.<\/p>\n\t\t\t<div class=\"contact-map max-width860\"><img decoding=\"async\" src=\"\/wp-content\/themes\/monolith2021\/img\/contact\/contact_map.png\" alt=\"Lokalizacje klient\u00f3w, kt\u00f3rym do tej pory \u015bwiadczyli\u015bmy us\u0142ugi\"><\/div>\n\t\t<\/div>\n\t<\/div>\n<\/section>\n-->\n","protected":false},"excerpt":{"rendered":"<p>Skontaktuj si\u0119 z nami MONOLITH LAW OFFICE to kancelaria prawna w Otemachi, Tokio, specjalizuj\u0105ca si\u0119 w us\u0142ugach prawnych zwi\u0105zanych z IT, Internetem i biznesem. Pod kierownictwem naszego reprezentuj\u0105c [&hellip;]<\/p>\n","protected":false},"author":1,"featured_media":57134,"parent":0,"menu_order":11,"comment_status":"closed","ping_status":"closed","template":"other-page-temp.php","meta":{"footnotes":""},"acf":[],"_links":{"self":[{"href":"https:\/\/monolith.law\/pl\/wp-json\/wp\/v2\/pages\/31"}],"collection":[{"href":"https:\/\/monolith.law\/pl\/wp-json\/wp\/v2\/pages"}],"about":[{"href":"https:\/\/monolith.law\/pl\/wp-json\/wp\/v2\/types\/page"}],"author":[{"embeddable":true,"href":"https:\/\/monolith.law\/pl\/wp-json\/wp\/v2\/users\/1"}],"replies":[{"embeddable":true,"href":"https:\/\/monolith.law\/pl\/wp-json\/wp\/v2\/comments?post=31"}],"version-history":[{"count":13,"href":"https:\/\/monolith.law\/pl\/wp-json\/wp\/v2\/pages\/31\/revisions"}],"predecessor-version":[{"id":59379,"href":"https:\/\/monolith.law\/pl\/wp-json\/wp\/v2\/pages\/31\/revisions\/59379"}],"wp:featuredmedia":[{"embeddable":true,"href":"https:\/\/monolith.law\/pl\/wp-json\/wp\/v2\/media\/57134"}],"wp:attachment":[{"href":"https:\/\/monolith.law\/pl\/wp-json\/wp\/v2\/media?parent=31"}],"curies":[{"name":"wp","href":"https:\/\/api.w.org\/{rel}","templated":true}]}}