{"id":31513,"date":"2021-04-13T15:59:32","date_gmt":"2021-04-13T06:59:32","guid":{"rendered":"https:\/\/monolith.law\/?page_id=31513"},"modified":"2023-12-08T18:43:23","modified_gmt":"2023-12-08T09:43:23","slug":"m-and-a-of-sns-accounts","status":"publish","type":"page","link":"https:\/\/monolith.law\/pl\/m-and-a-of-sns-accounts","title":{"rendered":"Fuzje i przej\u0119cia kont SNS"},"content":{"rendered":"\n<section class=\"heading-area\">\n\t<div class=\"heading-area-inner\">\n\t\t<h2 class=\"icon-m-and-a-of-sns-accounts\">Fuzje i przej\u0119cia kont SNS<\/h2>\n\t\t<p>Fuzje i przej\u0119cia kana\u0142\u00f3w YouTube oraz kont Twitter to wysoce wyspecjalizowana dziedzina, kt\u00f3ra wymaga specjalistycznej wiedzy i do\u015bwiadczenia. Jako kancelaria prawna dysponuj\u0105ca specjalistami z dziedziny IT, Internetu i biznesu, oferujemy szeroki zakres wsparcia w tym obszarze.<\/p>\n\t<\/div>\n<\/section>\n\n<section class=\"white-section\">\n\t<div class=\"section-inner pdt0 border-bottom-section\">\n\t\t<p>Similar to websites, YouTube channels and Twitter accounts are also subject to M&amp;A. However, because these M&amp;As are unique situations, it is necessary to hire a law firm with specialized knowledge and expertise. \nMonolith Law Office is a law firm specializing in IT, the Internet and business. Our attorneys handle every aspect of many M&amp;As, from small projects involving YouTube channels to projects worth more than 100 million yen, ranging from contract drafting to due diligence (DD).<\/p>\n\t<\/div>\n<\/section>\n\n<section class=\"second-nav\">\n\t<div class=\"second-nav-inner\">\n\t\t<p>TEMATY<\/p>\n\t\t<nav>\n\t\t\t<ul>\n\t\t\t\t<li><a href=\"#an-example-of-ma-track-record\">Przyk\u0142ady dotychczasowych fuzji i przej\u0119\u0107<\/a><\/li>\n\t\t\t\t<li><a href=\"#ma-special-feature-on-sns-such-as-youtube\">Specjalne opracowanie na temat fuzji i przej\u0119\u0107 w SNS takich jak YouTube<\/a><\/li>\n\t\t\t\t<li><a href=\"#responding-to-legal-due-diligence-dd\">Odpowiedzi na prawne due diligence<\/a><\/li>\n\t\t\t\t<li><a href=\"#legal-due-diligence-dd-peculiarities-of-sns-etc\">Specyfika prawnych due diligence w SNS<\/a><\/li>\n\t\t\t\t<li><a href=\"#an-example-of-our-client\">Przyk\u0142ad naszego klienta<\/a><\/li>\n\t\t\t\t<li><a href=\"#book-writing-records\">Rekordy publikacji<\/a><\/li>\n\t\t\t\t<li><a href=\"#media-appearance-record\">Rekordy wyst\u0105pie\u0144 w mediach<\/a><\/li>\n\t\t\t\t<li><a href=\"#monolith-law-magazine\">MONOLITH LAW MAGAZINE<\/a><\/li>\n\t\t\t\t<li><a href=\"#fee-structure\">Struktura op\u0142at<\/a><\/li>\n\t\t\t<\/ul>\n\t\t<\/nav>\n\t<\/div>\n<\/section>\n\n<section class=\"white-section\">\n\t<div class=\"anchor\" id=\"an-example-of-ma-track-record\"><\/div>\n\t<div class=\"section-inner\">\n\t\t<h3>Przyk\u0142ady do\u015bwiadczenia w transakcjach M&#038;A<\/h3>\n\t\t<ul class=\"layout-column4\">\n\t\t\t<li>\n\t\t\t\t<div><img decoding=\"async\" src=\"\/wp-content\/themes\/monolith2021\/img\/practices-youtuberlaw\/practices-youtuberlaw_necessity_pic3.jpg\" alt=\"YouTube channel\"><\/div>\n\t\t\t\t<h4>Kana\u0142y na YouTube<\/h4>\n\t\t\t\t<p>Posiadamy do\u015bwiadczenie w transakcjach M&#038;A i due diligence przekraczaj\u0105cych 100 milion\u00f3w jen\u00f3w, takich jak transfer kana\u0142\u00f3w VTuber i anime na YouTube.<\/p>\n\t\t\t<\/li>\n\t\t\t<li>\n\t\t\t\t<div><img decoding=\"async\" src=\"\/wp-content\/themes\/monolith2021\/img\/snsmalaw\/snsmalaw_example_pic2.jpg\" alt=\"Konto na Twitterze\"><\/div>\n\t\t\t\t<h4>Konto na Twitterze<\/h4>\n\t\t\t\t<p>Zajmujemy si\u0119 licznymi umowami i due diligence zwi\u0105zanymi z transferem kont na Twitterze dostarczaj\u0105cych informacji.<\/p>\n\t\t\t<\/li>\n\t\t\t<li>\n\t\t\t\t<div><img decoding=\"async\" src=\"\/wp-content\/themes\/monolith2021\/img\/snsmalaw\/snsmalaw_example_pic3.jpg\" alt=\"Konto na Instagramie\"><\/div>\n\t\t\t\t<h4>Konto na Instagramie<\/h4>\n\t\t\t\t<p>Wsparcie w transferze kont na Instagramie jest cz\u0119\u015bci\u0105 naszych us\u0142ug w zakresie przenoszenia w\u0142asno\u015bci medi\u00f3w.<\/p>\n\t\t\t<\/li>\n\t\t\t<li>\n\t\t\t\t<div><img decoding=\"async\" src=\"\/wp-content\/themes\/monolith2021\/img\/snsmalaw\/snsmalaw_example_pic4.jpg\" alt=\"Inne SNS\"><\/div>\n\t\t\t\t<h4>Inne SNS<\/h4>\n\t\t\t\t<p>Mamy r\u00f3wnie\u017c do\u015bwiadczenie i know-how dotycz\u0105ce innych SNS i us\u0142ug internetowych.<\/p>\n\t\t\t<\/li>\n\t\t<\/ul>\n\t<\/div>\n<\/section>\n\n<section class=\"white-section\">\n\t<div class=\"section-inner pdt0\">\n\t\t<div class=\"frame2 max-width860 txt-center-pc\">\n\t\t\t<p class=\"bold txt-l\">Kancelaria prawna MONOLITH LAW OFFICE specjalizuje si\u0119 w IT, internecie i biznesie.<br class=\"pcOnly\">\u015awiadczymy us\u0142ugi prawne od redagowania um\u00f3w po due diligence (DD) dla transakcji M&#038;A, w tym kana\u0142\u00f3w na YouTube,<br class=\"pcOnly\"> od ma\u0142ych transakcji po te przekraczaj\u0105ce 100 milion\u00f3w jen\u00f3w.<br class=\"pcOnly\"><\/p>\n\t\t<\/div>\n\t<\/div>\n<\/section>\n\n<section class=\"orange-section\">\n\t<div class=\"anchor\" id=\"ma-special-feature-on-sns-such-as-youtube\"><\/div>\n\t<div class=\"section-inner\">\n\t\t<h3>Specjalne cechy fuzji i przej\u0119\u0107 (M&#038;A) na platformach spo\u0142eczno\u015bciowych takich jak YouTube<\/h3>\n\t\t<ul class=\"layout-column4\">\n\t\t\t<li>\n\t\t\t\t<div><img decoding=\"async\" src=\"\/wp-content\/themes\/monolith2021\/img\/snsmalaw\/snsmalaw_specificity_pic1.jpg\" alt=\"Prawo IT\/Internet\"><\/div>\n\t\t\t\t<h4>Prawo IT\/Internet<\/h4>\n\t\t\t\t<p>Bez obszernej wiedzy i do\u015bwiadczenia w dziedzinie IT i Internetu, kancelaria prawna mo\u017ce mie\u0107 trudno\u015bci z w\u0142a\u015bciwym okre\u015bleniem punkt\u00f3w kontrolnych transakcji.<\/p>\n\t\t\t<\/li>\n\t\t\t<li>\n\t\t\t\t<div><img decoding=\"async\" src=\"\/wp-content\/themes\/monolith2021\/img\/snsmalaw\/snsmalaw_specificity_pic2.jpg\" alt=\"Prawo w\u0142asno\u015bci intelektualnej\"><\/div>\n\t\t\t\t<h4>Prawo w\u0142asno\u015bci intelektualnej<\/h4>\n\t\t\t\t<p>Specjalistyczna wiedza o prawach w\u0142asno\u015bci intelektualnej, takich jak prawa autorskie, jest wymagana do prawid\u0142owego zarz\u0105dzania prawami przy transferze kont SNS.<\/p>\n\t\t\t<\/li>\n\t\t\t<li>\n\t\t\t\t<div><img decoding=\"async\" src=\"\/wp-content\/themes\/monolith2021\/img\/snsmalaw\/snsmalaw_specificity_pic3.jpg\" alt=\"Licencjonowanie, itp.\"><\/div>\n\t\t\t\t<h4>Licencjonowanie IP<\/h4>\n\t\t\t\t<p>Zrozumienie licencji ustalonych przez strony trzecie jest kluczowe przy rozpowszechnianiu tre\u015bci w r\u00f3\u017cnych mediach, a prawid\u0142owe wykonywanie tego zadania jest wysoko wyspecjalizowan\u0105 czynno\u015bci\u0105.<\/p>\n\t\t\t<\/li>\n\t\t\t<li>\n\t\t\t\t<div><img decoding=\"async\" src=\"\/wp-content\/themes\/monolith2021\/img\/snsmalaw\/snsmalaw_specificity_pic4.jpg\" alt=\"Warunki i wytyczne\"><\/div>\n\t\t\t\t<h4>Warunki<\/h4>\n\t\t\t\t<p>Na przyk\u0142ad proces Due Diligence (DD) dla kana\u0142\u00f3w YouTube wymaga znajomo\u015bci terminologii oraz aktualizacji o najnowsze wersje r\u00f3\u017cnych wytycznych.<\/p>\n\t\t\t<\/li>\n\t\t<\/ul>\n\t<\/div>\n<\/section>\n\n<section class=\"white-section\">\n\t<div class=\"anchor\" id=\"responding-to-legal-due-diligence-dd\"><\/div>\n\t<div class=\"section-inner\">\n\t\t<div class=\"flex reverse\">\n\t\t\t<div class=\"width41\"><img decoding=\"async\" src=\"\/wp-content\/themes\/monolith2021\/img\/pic\/pic_legalduediligence.jpg\" alt=\"Odpowied\u017a na due diligence prawne (DD)\"><\/div>\n\t\t\t<div class=\"width51\">\n\t\t\t\t<h3>Odpowied\u017a na due diligence prawne<\/h3>\n\t\t\t\t<p class=\"mgb-small\">Przeniesienie biznesu kont w mediach spo\u0142eczno\u015bciowych, takich jak kana\u0142y na YouTube i Twitter, a tak\u017ce przeniesienie akcji firm, kt\u00f3re je posiadaj\u0105, s\u0105 umowami, kt\u00f3re w niekt\u00f3rych przypadkach wymagaj\u0105 due diligence prawnego (DD), podobnie jak tzw. zwyk\u0142e transakcje M&amp;A.<\/p>\n\t\t\t\t<p class=\"mgb-small\">Nasza kancelaria prawna MONOLITH LAW OFFICE r\u00f3wnie\u017c przygotowuje due diligence prawne (DD) i raporty DD dla tak wyspecjalizowanych transakcji M&amp;A.<\/p>\n\t\t\t\t<p class=\"txt-s\">* W przypadku tworzenia raportu DD, godziny pracy prawnika wynosz\u0105 zasadniczo 30 godzin lub wi\u0119cej (honorarium adwokata wynosi 1 milion jen\u00f3w lub wi\u0119cej).<\/p>\n\t\t\t<\/div>\n\t\t<\/div>\n\t<\/div>\n<\/section>\n\n<section class=\"white-section\">\n\t<div class=\"anchor\" id=\"legal-due-diligence-dd-peculiarities-of-sns-etc\"><\/div>\n\t<div class=\"section-inner-black\">\n\t\t<h3><br class=\"spOnly\">Specyfika due diligence prawnej dla SNS<\/h3>\n\t\t<p class=\"mgb-small\">Przeprowadzaj\u0105c due diligence prawne (DD) dla kana\u0142u na YouTube w ramach M&#038;A, nale\u017cy wzi\u0105\u0107 pod uwag\u0119 legalno\u015b\u0107 publikowanych na kanale film\u00f3w, jak r\u00f3wnie\u017c ich zgodno\u015b\u0107 z warunkami korzystania z YouTube oraz r\u00f3\u017cnymi wytycznymi. Pojawienie si\u0119 takich problem\u00f3w mo\u017ce skutkowa\u0107 usuni\u0119ciem publicznych film\u00f3w, a w najgorszym przypadku, podj\u0119ciem dzia\u0142a\u0144 takich jak zawieszenie konta, co mo\u017ce prowadzi\u0107 do b\u0142\u0119dnej oceny warto\u015bci kana\u0142u.<\/p>\n\t\t<p class=\"mgb-small\">Wymaga to wiedzy prawnej z r\u00f3\u017cnych dziedzin, w tym praw autorskich do obiekt\u00f3w i muzyki u\u017cywanych w filmach, praw do wizerunku i prywatno\u015bci os\u00f3b pojawiaj\u0105cych si\u0119 na filmach, oraz regulacji reklamowych, kt\u00f3re mog\u0105 by\u0107 problematyczne przy promowaniu kosmetyk\u00f3w i \u017cywno\u015bci zdrowotnej. Kluczowe jest zrozumienie warunk\u00f3w korzystania i r\u00f3\u017cnych wytycznych, jak r\u00f3wnie\u017c aktualizowanie wiedzy o ich najnowszych wersjach.<\/p>\n\t\t<p class=\"mgb-middle\">Ponadto, poniewa\u017c warunki korzystania i wytyczne s\u0105 tworzone dobrowolnie, istotne jest znalezienie kancelarii prawnej specjalizuj\u0105cej si\u0119 w tej dziedzinie, takiej jak MONOLITH LAW OFFICE.<\/p>\n\n\n\n\t<\/div>\n<\/section>\n\n<section class=\"white-section\">\n\t<div class=\"anchor\" id=\"an-example-of-our-client\"><\/div>\n\t<div class=\"section-inner\">\n\t\t<h3>Przyk\u0142ad naszego klienta<\/h3>\n\t\t<ul class=\"layout-column4 mgb-middle\">\n\t\t\t<li>\n\t\t\t\t<div><img decoding=\"async\" src=\"\/wp-content\/themes\/monolith2021\/img\/clients\/logo_zizai.png\" alt=\"ZIZAI\"><\/div>\n\t\t\t\t<h4><a href=\"https:\/\/zizai.co.jp\/\" target=\"_blank\" rel=\"noopener noreferrer\">ZIZAI Inc.<\/a><\/h4>\n\t\t\t\t<p>Zajmujemy si\u0119 projektem dla firmy ZIZAI Inc., kt\u00f3ra prowadzi kana\u0142 VTubera\/virtualnego YouTubera Miraiakari oraz kana\u0142 szkoleniowy do gier pachinko\/slot\u00f3w Sulopachi Station.<\/p>\n\t\t\t<\/li>\n\t\t\t<li>\n\t\t\t\t<div><img decoding=\"async\" src=\"\/wp-content\/themes\/monolith2021\/img\/clients\/logo_plott.png\" alt=\"Plott Inc.\"><\/div>\n\t\t\t\t<h4><a href=\"https:\/\/plott.tokyo\/\" target=\"_blank\" rel=\"noopener noreferrer\">Plott Inc.<\/a><\/h4>\n\t\t\t\t<p>Realizujemy projekt dla sp\u00f3\u0142ki Plott Co., Ltd., kt\u00f3ra zarz\u0105dza kana\u0142ami anime na YouTube, takimi jak &#8220;Teikou Penguin&#8221;, &#8220;KAREKORE of MIXED BLOOD&#8221;, &#8220;Grim Reaper Flag Chan!&#8221; oraz &#8220;Yaruminati&#8221;.<\/p>\n\t\t\t<\/li>\n\t\t\t<li>\n\t\t\t\t<div><img decoding=\"async\" src=\"\/wp-content\/themes\/monolith2021\/img\/clients\/logo_algorithm.png\" alt=\"Algorithm\"><\/div>\n\t\t\t\t<h4><a href=\"https:\/\/algorithms.co.jp\/\" target=\"_blank\" rel=\"noopenerrnoreferrer noopener\">Algorithm Inc.<\/a><\/h4>\n\t\t\t\t<p>Pracujemy nad projektem dla firmy Algorithm Inc., kt\u00f3rej g\u0142\u00f3wn\u0105 dzia\u0142alno\u015bci\u0105 jest nabywanie i aktywowanie medi\u00f3w afiliacyjnych, a tak\u017ce prowadzenie serwis\u00f3w &#8220;feely&#8221; i &#8220;tabiyori&#8221;.<\/p>\n\t\t\t<\/li>\n\t\t\t<li>\n\t\t\t\t<div><img decoding=\"async\" src=\"\/wp-content\/themes\/monolith2021\/img\/clients\/logo_mediano.png\" alt=\"Mediano\"><\/div>\n\t\t\t\t<h4><a href=\"https:\/\/mediano-ltd.co.jp\/\" target=\"_blank\" rel=\"noopener noreferrer\">Mediano Co., Ltd.<\/a><\/h4>\n\t\t\t\t<p>Opr\u00f3cz aplikacji na smartfony, zajmujemy si\u0119 projektem dla firmy Mediano Co., Ltd., kt\u00f3rej g\u0142\u00f3wnym obszarem dzia\u0142alno\u015bci s\u0105 transakcje M&#038;A umo\u017cliwiaj\u0105ce wsp\u00f3\u0142prac\u0119 wykorzystuj\u0105c\u0105 mocne strony obu stron oraz nabywanie tre\u015bci medialnych przeznaczonych do transferu.<\/p>\n\t\t\t<\/li>\n\t\t<\/ul>\n\t\t<p class=\"txt-s\">*Opr\u00f3cz wymienionych, obs\u0142ugujemy projekty wielu innych klient\u00f3w. Wymieniamy tylko te firmy, kt\u00f3re wyrazi\u0142y zgod\u0119 na ujawnienie informacji o wsp\u00f3\u0142pracy. Zgodnie z obowi\u0105zkami poufno\u015bci, fakt bycia naszym klientem jest \u015bci\u015ble tajny.<\/p>\n\t<\/div>\n<\/section>\n\n<section class=\"white-section\">\n\t<div class=\"section-inner\">\n\t\t<div class=\"frame2 max-width860 txt-center-pc\">\n\t\t\t<p class=\"bold txt-l mgb-small\">Dzia\u0142alno\u015b\u0107 wydawnicza w sprawach prawnych YouTuber\u00f3w \/ VTuber\u00f3w<\/p>\n\t\t\t<p>Kwestie prawne dotycz\u0105ce YouTuber\u00f3w\/VTuber\u00f3w to wysoce wyspecjalizowana dziedzina. Toki Kawase, nasz g\u0142\u00f3wny prawnik, r\u00f3wnie\u017c anga\u017cuje si\u0119 w dzia\u0142alno\u015b\u0107 wydawnicz\u0105 zwi\u0105zan\u0105 z tymi tematami.<\/p>\n\t\t<\/div>\n\t<\/div>\n<\/section>\n<section class=\"orange-section\">\n\t<div class=\"anchor\" id=\"book-writing-records\"><\/div>\n\t<div class=\"section-inner\">\n\t\t<div class=\"flex reverse\">\n\t\t\t<div class=\"width41\"><img decoding=\"async\" src=\"\/wp-content\/uploads\/2022\/07\/it_law_book.jpg\" alt=\"Dorobek publikacyjny prawnika specjalizuj\u0105cego si\u0119 w sprawach prawnych zwi\u0105zanych z mediami spo\u0142eczno\u015bciowymi takimi jak YouTube\"><\/div>\n\t\t\t<div class=\"width51\">\n\t\t\t\t<h3>Aktywno\u015b\u0107 publikacyjna jako prawnik specjalizuj\u0105cy si\u0119 w prawnych aspektach SNS, w tym YouTube<\/h3>\n\t\t\t\t<p>Ksi\u0105\u017cka &#8220;IT Prawnik, Prosz\u0119 Opowiedz Nam o Prawach i Warunkach YouTube&#8221; (Shodensha, 30 lipca 2022) zosta\u0142a opublikowana, aby wyja\u015bni\u0107 przepisy i warunki zwi\u0105zane z YouTube dla pocz\u0105tkuj\u0105cych. W formacie pyta\u0144 i odpowiedzi, ksi\u0105\u017cka wyja\u015bnia, jak tworzy\u0107 r\u00f3\u017cne umowy i punkty kontrolne dla ka\u017cdego tematu, pocz\u0105wszy od um\u00f3w, kt\u00f3re s\u0105 warunkiem wst\u0119pnym dla fuzji i przej\u0119\u0107, a\u017c po umowy przenoszenia biznesu.<\/p>\n\t\t\t<\/div>\n\t\t<\/div>\n\t<\/div>\n<\/section>\n<section class=\"white-section\">\n\t<div class=\"anchor\" id=\"media-appearance-record\"><\/div>\n\t<div class=\"section-inner\">\n\t\t<div class=\"flex\">\n\t\t\t<div class=\"width41\"><img decoding=\"async\" src=\"\/wp-content\/themes\/monolith2021\/img\/practices-youtuberlaw\/practices-youtuberlaw_pic2.jpg\"><\/div>\n\t\t\t<div class=\"width51\">\n\t\t\t\t<h3>Go\u015bcinny udzia\u0142 w temacie VTuber na &#8220;ABEMA Prime&#8221;<\/h3>\n\t\t\t\t<p>W programie &#8220;ABEMA Prime&#8221;, kt\u00f3ry by\u0142 emitowany 16 lutego i 20 maja 2022 roku, nasz reprezentuj\u0105cy prawnik, Toki Kawase, skomentowa\u0142 kwestie prawne, takie jak prywatno\u015b\u0107 VTuber\u00f3w i kontrowersje zwi\u0105zane z influencerami, kt\u00f3rzy wywo\u0142ali burz\u0119 w internecie.<\/p>\n\t\t\t<\/div>\n\t\t<\/div>\n\t<\/div>\n<\/section>\n\n<section class=\"purple2-section\">\n\t<div class=\"anchor\" id=\"monolith-law-magazine\"><\/div>\n\t<div class=\"section-inner\">\n\t\t    <section class=\"white-section temp-article\">\n        <div class=\"section-inner\">\n            <h4>MONOLITH LAW MAGAZINE<\/h4>\n            <div class=\"articles type_practice_column\">\n                                                                    <div class=\"article article-area\">\n                        <figure>\n                            <div class=\"img-wrap\">\n                                <img alt=\"Przej\u0119cie i przeniesienie biznesu Virtualnego YouTubera - VTubera\" src=\"https:\/\/monolith.law\/pl\/wp-content\/uploads\/sites\/16\/2023\/09\/youtuber-vtubervirtual-youtuber-ma-1.jpg\" width=\"500\" height=\"250\">\n                            <\/div>\n                            <figcaption>\n                                <div class=\"figcaption-inner\">\n                                    <h3>Przej\u0119cie i przeniesienie biznesu Virtualnego YouTubera - VTubera<\/h3>\n                                <\/div>\n                            <\/figcaption>\n                            <a href=\"https:\/\/monolith.law\/pl\/internet\/virtual-youtuber-ma\"><\/a>\n                        <\/figure>\n                    <\/div>\n                                                    <div class=\"article article-area\">\n                        <figure>\n                            <div class=\"img-wrap\">\n                                <img alt=\"Przeniesienie biznesu YouTubera i umowa o zarz\u0105dzanie po przeniesieniu - co to jest umowa?\" src=\"https:\/\/monolith.law\/pl\/wp-content\/uploads\/sites\/16\/2023\/09\/youtuber-business-transfer-Management-contract-i.jpg\" width=\"500\" height=\"250\">\n                            <\/div>\n                            <figcaption>\n                                <div class=\"figcaption-inner\">\n                                    <h3>Przeniesienie biznesu YouTubera i umowa o zarz\u0105dzanie po przeniesieniu - co to j.<\/h3>\n                                <\/div>\n                            <\/figcaption>\n                            <a href=\"https:\/\/monolith.law\/pl\/internet\/youtuber-business-transfer-management-contract\"><\/a>\n                        <\/figure>\n                    <\/div>\n                                            <\/div>\n            <div class=\"btn-more\"><a href=\"https:\/\/monolith.law\/pl\/tag\/m-and-a-of-sns-accounts\">Read More<\/a><\/div>\n        <\/div>\n    <\/section>\n\t<\/div>\n<\/section>\n\n<section class=\"orange2-section\">\n\t<div class=\"anchor\" id=\"fee-structure\"><\/div>\n\t<div class=\"section-inner\">\n\t<div class=\"planWrap\">\n\t<h3>Struktura Op\u0142at<\/h3>\n\t<ul class=\"plan\">\n\t\t<li class=\"txt-left\">\n\t\t\t<div class=\"plan-inner\">\n\t\t\t<div class=\"plan-header\">\n\t\t\t<h4 class=\"plan-title\">Stawka Godzinowa<\/h4>\n\t\t\t<div class=\"plan-price\"><span class=\"price-figure\">$300<\/span>za godzin\u0119<span class=\"price-tax\"><\/span><\/div>\n\t\t\t<\/div>\n\t\t\t<div class=\"plan-body\">W niekt\u00f3rych przypadkach mo\u017cemy rozwa\u017cy\u0107 przyj\u0119cie sporu lub pozwu z op\u0142at\u0105 wst\u0119pn\u0105 oraz op\u0142at\u0105 warunkow\u0105. Po wi\u0119cej szczeg\u00f3\u0142\u00f3w zapraszamy do kontaktu z nami.<\/div>\n\t\t\t<\/div>\n\t\t<\/li>\n\t\t<li class=\"txt-left\">\n\t\t\t<div class=\"plan-inner\">\n\t\t\t<div class=\"plan-header\">\n\t\t\t<h4 class=\"plan-title\">Pisanie Um\u00f3w<\/h4>\n\t\t\t<div class=\"plan-price\"><span class=\"price-value\">od<\/span><span class=\"price-figure\">$500<\/span><span class=\"price-value\">do $2,000 lub wi\u0119cej<\/span><span class=\"price-tax\"><\/span><\/div>\n\t\t\t<\/div>\n\t\t\t<div class=\"plan-body\">Struktura cen mo\u017ce si\u0119 r\u00f3\u017cni\u0107 w zale\u017cno\u015bci od rodzaju i ilo\u015bci um\u00f3w. Z przyjemno\u015bci\u0105 przedstawimy wst\u0119pn\u0105 wycen\u0119 na zapytanie, dlatego zach\u0119camy do kontaktu w celu uzyskania dalszych informacji.<\/div>\n\t\t\t<\/div>\n\t\t<\/li>\n\t\t<li class=\"txt-left\">\n\t\t\t<div class=\"plan-inner\">\n\t\t\t<div class=\"plan-header\">\n\t\t\t<h4 class=\"plan-title\">Inne Us\u0142ugi<\/h4>\n\t\t\t<div class=\"plan-price\"><span class=\"price-figure\">Skontaktuj si\u0119 z Nami<\/span><\/div>\n\t\t\t<\/div>\n\t\t\t<div class=\"plan-body\">Oferujemy szeroki zakres us\u0142ug, w tym zak\u0142adanie sp\u00f3\u0142ek, przegl\u0105d um\u00f3w, opinie prawne, przegl\u0105d spraw oraz pisma badawcze. W przypadku jakichkolwiek pyta\u0144 lub w\u0105tpliwo\u015bci serdecznie zapraszamy do kontaktu, a nasz kompetentny zesp\u00f3\u0142 z przyjemno\u015bci\u0105 udzieli pomocy.<\/div>\n\t\t\t<\/div>\n\t\t\t<\/div>\n\t\t<\/li>\n\t<\/ul>\n\t<\/div>\n\t<\/div>\n<\/section>\n\n<section class=\"white-section\">\n\t<div class=\"section-inner\">\n\t\t<div class=\"btn-area\">\n\t\t\t<div class=\"btn icon-contact\"><a href=\"\/pl\/contact\">Skontaktuj si\u0119 z Nami<\/a><\/div>\n\t\t<\/div>\n\t<\/div>\n<\/section>\n","protected":false},"excerpt":{"rendered":"<p>Fuzje i przej\u0119cia kont SNS Fuzje i przej\u0119cia kana\u0142\u00f3w YouTube oraz kont Twitter to wysoce wyspecjalizowana dziedzina, kt\u00f3ra wymaga specjalistycznej wiedzy i do\u015bwiadczenia. Jako kancelaria prawna dyspon [&hellip;]<\/p>\n","protected":false},"author":1,"featured_media":57173,"parent":0,"menu_order":7,"comment_status":"closed","ping_status":"closed","template":"other-page-temp.php","meta":{"footnotes":""},"acf":[],"_links":{"self":[{"href":"https:\/\/monolith.law\/pl\/wp-json\/wp\/v2\/pages\/31513"}],"collection":[{"href":"https:\/\/monolith.law\/pl\/wp-json\/wp\/v2\/pages"}],"about":[{"href":"https:\/\/monolith.law\/pl\/wp-json\/wp\/v2\/types\/page"}],"author":[{"embeddable":true,"href":"https:\/\/monolith.law\/pl\/wp-json\/wp\/v2\/users\/1"}],"replies":[{"embeddable":true,"href":"https:\/\/monolith.law\/pl\/wp-json\/wp\/v2\/comments?post=31513"}],"version-history":[{"count":64,"href":"https:\/\/monolith.law\/pl\/wp-json\/wp\/v2\/pages\/31513\/revisions"}],"predecessor-version":[{"id":59382,"href":"https:\/\/monolith.law\/pl\/wp-json\/wp\/v2\/pages\/31513\/revisions\/59382"}],"wp:featuredmedia":[{"embeddable":true,"href":"https:\/\/monolith.law\/pl\/wp-json\/wp\/v2\/media\/57173"}],"wp:attachment":[{"href":"https:\/\/monolith.law\/pl\/wp-json\/wp\/v2\/media?parent=31513"}],"curies":[{"name":"wp","href":"https:\/\/api.w.org\/{rel}","templated":true}]}}