{"id":31896,"date":"2021-04-23T15:41:19","date_gmt":"2021-04-23T06:41:19","guid":{"rendered":"https:\/\/monolith.law\/?page_id=31896"},"modified":"2023-12-08T19:03:02","modified_gmt":"2023-12-08T10:03:02","slug":"cybercrime","status":"publish","type":"page","link":"https:\/\/monolith.law\/pl\/cybercrime","title":{"rendered":"Cyberprzest\u0119pczo\u015b\u0107"},"content":{"rendered":"\n<section class=\"heading-area\">\n\t<div class=\"heading-area-inner\">\n\t\t<h2 class=\"icon-cybercrime\">Cyberprzest\u0119pczo\u015b\u0107<\/h2>\n\t\t<p>Cyberprzest\u0119pczo\u015b\u0107 stanowi powa\u017cny problem we wsp\u00f3\u0142czesnym spo\u0142ecze\u0144stwie, a dla przedsi\u0119biorstw kluczowe jest podj\u0119cie odpowiednich dzia\u0142a\u0144, gdy padaj\u0105 jej ofiar\u0105. Dzi\u0119ki zespo\u0142owi prawnik\u00f3w posiadaj\u0105cych wiedz\u0119 prawnicz\u0105 i ekspertyz\u0119 IT, a tak\u017ce aktywnych in\u017cynier\u00f3w IT i konsultant\u00f3w IT, nasza firma MONOLITH LAW OFFICE mo\u017ce zapewni\u0107 precyzyjne porady dostosowane do konkretnej sytuacji firmy oraz pomoc w wszcz\u0119ciu post\u0119powania karnego.<\/p>\n\t<\/div>\n<\/section>\n\n<section class=\"white-section\">\n\t<div class=\"section-inner pdt0  border-bottom-section\">\n\t\t<p>Skuteczne jest zwr\u00f3cenie si\u0119 o pomoc do ekspert\u00f3w dobrze znaj\u0105cych japo\u0144skie procedury karne, aby sk\u0142oni\u0107 japo\u0144sk\u0105 policj\u0119 do przeprowadzenia dochodzenia i aresztowa\u0144 w przypadkach nieautoryzowanego dost\u0119pu w Japonii. Jako kancelaria prawna skoncentrowana na IT, \u015bwiadczymy pomoc prawn\u0105 przedsi\u0119biorstwom, kt\u00f3re pad\u0142y ofiar\u0105 cyberprzest\u0119pstw, takich jak nieautoryzowany dost\u0119p i nielegalne wydobycie danych, w tym pomoc w sk\u0142adaniu skarg karnych i zg\u0142osze\u0144 w celu wszcz\u0119cia dochodzenia karnego.<\/p>\n\t<\/div>\n<\/section>\n\n<section class=\"second-nav\">\n\t<div class=\"second-nav-inner\">\n\t\t<p>TEMATY<\/p>\n\t\t<nav>\n\t\t\t<ul>\n\t\t\t\t<li><a href=\"#specialized-expertise-in-cybersecurity\">Specjalistyczna Ekspertyza w Cyberbezpiecze\u0144stwie<\/a><\/li>\n\t\t\t\t<li><a href=\"#the-need-for-addressing-cybercrime\">Konieczno\u015b\u0107 Zaj\u0119cia si\u0119 Cyberprzest\u0119pczo\u015bci\u0105<\/a><\/li>\n\t\t\t\t<li><a href=\"#the-challenges-of-criminal-prosecution-in-cybercrime-cases\">Wyzwania Zwi\u0105zane z Post\u0119powaniem Karnym w Sprawach o Cyberprzest\u0119pczo\u015b\u0107<\/a><\/li>\n\t\t\t\t<li><a href=\"#synergy-of-lawyers-and-it-consultants\">Wsp\u00f3\u0142praca Prawnik\u00f3w i Konsultant\u00f3w IT<\/a><\/li>\n\t\t\t\t<li><a href=\"#monolith-law-magazine\">MONOLITH LAW MAGAZINE<\/a><\/li>\n\t\t\t\t<li><a href=\"#fee-structure\">Struktura Op\u0142at<\/a><\/li>\n\t\t\t<\/ul>\n\t\t<\/nav>\n\t<\/div>\n<\/section>\n\n<section class=\"white-section\">\n\t<div class=\"anchor\" id=\"specialized-expertise-in-cybersecurity\"><\/div>\n\t<div class=\"section-inner pdb0\">\n\t\t<h3>Specjalistyczna wiedza z zakresu cyberbezpiecze\u0144stwa<\/h3>\n\t\t<div class=\"max-width980 mgb-small\"><img decoding=\"async\" src=\"\/wp-content\/themes\/monolith2021\/img\/dispute\/dispute_member.jpg\" alt=\"Specjalistyczna wiedza z zakresu cyberbezpiecze\u0144stwa\"><\/div>\n\t\t<div class=\"frame2 max-width860 txt-center-pc\">\n\t\t\t<p class=\"bold txt-l\">MONOLITH LAW OFFICE oferuje specjalistyczn\u0105 wiedz\u0119 z zakresu prawa IT, pod kierownictwem reprezentuj\u0105cego adwokata, kt\u00f3ry ma do\u015bwiadczenie jako by\u0142y in\u017cynier IT i kierownik. Firma sk\u0142ada si\u0119 z 30 adwokat\u00f3w, Kenji Shinjo (doradca), by\u0142y prokurator w Tokijskim Wy\u017cszym Urz\u0119dzie Prokuratury, oraz zespo\u0142u 16 konsultant\u00f3w IT. Oferujemy rozwi\u0105zania do rozwi\u0105zywania skomplikowanych spor\u00f3w zwi\u0105zanych z cyberbezpiecze\u0144stwem, wykorzystuj\u0105c g\u0142\u0119bok\u0105 wiedz\u0119 i do\u015bwiadczenie naszego zespo\u0142u w zakresie prawa IT.<\/p>\n\t\t<\/div>\n\t<\/div>\n<\/section>\n\n<section class=\"orange-section mgt-section\">\n\t<div class=\"anchor\" id=\"the-need-for-addressing-cybercrime\"><\/div>\n\t<div class=\"section-inner\">\n\t\t<div class=\"flex\">\n\t\t\t<div class=\"width41\"><img decoding=\"async\" src=\"\/wp-content\/uploads\/2023\/05\/dispute_pic2.jpg\" alt=\"Potrzeba zaj\u0119cia si\u0119 cyberprzest\u0119pczo\u015bci\u0105\"><\/div>\n\t\t\t<div class=\"width51\">\n\t\t\t\t<h3>Potrzeba zwalczania cyberprzest\u0119pczo\u015bci<\/h3>\n\t\t\t\t<p class=\"mgb-small\">W nowoczesnym \u015bwiecie cyberprzest\u0119pczo\u015b\u0107 stanowi coraz wi\u0119ksze zagro\u017cenie. Istnieje wiele rodzaj\u00f3w cyberatak\u00f3w, w tym nieautoryzowany dost\u0119p, nielegalne wydobycie danych, spam, oszustwa phishingowe i ataki malware.<\/p>\n\t\t\t\t<p class=\"mgb-small\">Nieautoryzowany dost\u0119p oznacza wtargni\u0119cie do systemu komputerowego w celu kradzie\u017cy lub manipulacji informacjami. Dla firm mo\u017ce to skutkowa\u0107 kradzie\u017c\u0105 poufnych informacji lub zak\u0142\u00f3ceniami w systemie prowadz\u0105cymi do zmniejszenia produktywno\u015bci. Nielegalne wydobycie danych wi\u0105\u017ce si\u0119 z wyciekiem wra\u017cliwych informacji firmowych do \u017ar\u00f3de\u0142 zewn\u0119trznych. Mo\u017ce to mie\u0107 miejsce, gdy pracownicy, dzia\u0142aj\u0105c jako wewn\u0119trzni sprawcy, wynosz\u0105 poufne informacje poza firm\u0119 lub gdy zewn\u0119trzni napastnicy uzyskuj\u0105 nieautoryzowany dost\u0119p, aby ukra\u015b\u0107 informacje.<\/p>\n\t\t\t\t<p>Takie cyberataki nie tylko powoduj\u0105 znaczne szkody dla firm, takie jak naruszenia danych i zak\u0142\u00f3cenia w dzia\u0142alno\u015bci biznesowej, ale r\u00f3wnie\u017c podwa\u017caj\u0105 spo\u0142eczne zaufanie do firmy poprzez wyciek informacji osobistych. Kluczowe jest podj\u0119cie \u015brodk\u00f3w prawnych w celu zwalczania cyberprzest\u0119pczo\u015bci, aby chroni\u0107 bezpiecze\u0144stwo zar\u00f3wno firm, jak i os\u00f3b indywidualnych.<\/p>\n\t\t\t<\/div>\n\t\t<\/div>\n\t<\/div>\n<\/section>\n\n<section class=\"white-section\">\n\t<div class=\"anchor\" id=\"the-challenges-of-criminal-prosecution-in-cybercrime-cases\"><\/div>\n\t<div class=\"section-inner\">\n\t\t<div class=\"flex reverse\">\n\t\t\t<div class=\"width41\"><img decoding=\"async\" src=\"\/wp-content\/uploads\/2023\/05\/dispute_pic2-1.jpg\" alt=\"Wyzwania zwi\u0105zane z post\u0119powaniem karnym w przypadkach cyberprzest\u0119pczo\u015bci\"><\/div>\n\t\t\t<div class=\"width51\">\n\t\t\t\t<h3>Wyzwania zwi\u0105zane z post\u0119powaniem karnym w przypadkach cyberprzest\u0119pczo\u015bci<\/h3>\n\t\t\t\t<p class=\"mgb-small\">Je\u015bli osoba stanie si\u0119 ofiar\u0105 cyberprzest\u0119pczo\u015bci i zg\u0142osi ten incydent na policj\u0119, og\u00f3lnie oczekuje si\u0119, \u017ce policja przeprowadzi dochodzenie, zidentyfikuje sprawc\u0119 i przejdzie do aresztowa\u0144 oraz oskar\u017ce\u0144. Jest to &#8220;zwyk\u0142e postrzeganie obywatela&#8221;. Jednak\u017ce, niestety, w Japonii, gdy chodzi o przest\u0119pstwa gospodarcze, kt\u00f3re nie wi\u0105\u017c\u0105 si\u0119 z zagro\u017ceniem \u017cycia lub zdrowia fizycznego, szczeg\u00f3lnie w przypadku cyberprzest\u0119pczo\u015bci, zasoby policyjne na potrzeby dochodzenia s\u0105 w praktyce ograniczone. Bez dok\u0142adnego dochodzenia i tworzenia obszernej dokumentacji przez ofiar\u0119, takiej jak &#8220;raporty z incydent\u00f3w&#8221;, trudno jest skutecznie pobudzi\u0107 policj\u0119 do dzia\u0142ania.<\/p>\n\t\t\t\t<p class=\"mgb-small\">Ilo\u015b\u0107 dokument\u00f3w przygotowanych przez nasz\u0105 kancelari\u0119 prawn\u0105 MONOLITH LAW OFFICE w konkretnym przypadku cyberprzest\u0119pczo\u015bci, aby osi\u0105gn\u0105\u0107 faktyczne aresztowanie i skazanie sprawcy, przedstawiono na zdj\u0119ciu po prawej stronie. Nawet po z\u0142o\u017ceniu skargi karnej lub raportu o wiktymizacji, ofiara musi kontynuowa\u0107 tworzenie i dostarczanie r\u00f3\u017cnych szczeg\u00f3\u0142owych materia\u0142\u00f3w na \u017c\u0105danie policji. Aby u\u0142atwi\u0107 dochodzenie i aresztowania, nale\u017cy przygotowa\u0107 i przed\u0142o\u017cy\u0107 znaczn\u0105 ilo\u015b\u0107 dokumentacji.<\/p>\n\t\t\t\t<p>Wsparcie w post\u0119powaniu karnym ofiar cyberprzest\u0119pczo\u015bci wymaga kancelarii prawnej z wysok\u0105 ekspertyz\u0105 i zdolno\u015bciami organizacyjnymi, podobnie jak w przypadku du\u017cych proces\u00f3w s\u0105dowych w dziedzinie IT.<\/p>\n\t\t\t<\/div>\n\t\t<\/div>\n\t<\/div>\n<\/section>\n\n<section class=\"purple-section\">\n\t<div class=\"anchor\" id=\"synergy-of-lawyers-and-it-consultants\"><\/div>\n\t<div class=\"section-inner\">\n\t\t<div class=\"flex reverse\">\n\t\t\t<div class=\"width51\">\n\t\t\t\t<h3>Wsp\u00f3\u0142praca Prawnik\u00f3w i Konsultant\u00f3w IT<\/h3>\n\t\t\t\t<p class=\"mgb-small\">Aby skutecznie raportowa\u0107 policji zakres szk\u00f3d i dostarcza\u0107 informacje, kt\u00f3re mog\u0105 doprowadzi\u0107 do sprawc\u00f3w cyberprzest\u0119pstw, niezb\u0119dne jest po\u0142\u0105czenie zaawansowanej wiedzy IT i analizy prawnej. Na przyk\u0142ad, w przypadkach nieautoryzowanego dost\u0119pu, konieczne jest interpretowanie log\u00f3w z platform takich jak Apache, identyfikacja problematycznego dost\u0119pu i ocena jego prawnych implikacji, aby wyja\u015bni\u0107, dlaczego kwalifikuje si\u0119 on jako &#8220;nieautoryzowany&#8221; dost\u0119p. Te ustalenia musz\u0105 by\u0107 przedstawione w logicznie sp\u00f3jnym dokumencie.<\/p>\n\t\t\t\t<p class=\"mgb-small\">Aby to osi\u0105gn\u0105\u0107, niezb\u0119dna jest wiedza ekspercka r\u00f3wnowa\u017cna wiedzy in\u017cynier\u00f3w IT oraz specjalistyczna znajomo\u015b\u0107 praw IT.<\/p>\n\t\t\t\t<p>Nasza kancelaria prawna MONOLITH LAW OFFICE sk\u0142ada si\u0119 z 30 prawnik\u00f3w, na czele z reprezentuj\u0105cym prawnikiem Toki Kawase, kt\u00f3ry jest by\u0142ym in\u017cynierem IT z do\u015bwiadczeniem w firmach internetowych, oraz zespo\u0142u 16 konsultant\u00f3w IT i 85 cz\u0142onk\u00f3w personelu. Dzi\u0119ki tej strukturze organizacyjnej jeste\u015bmy wyj\u0105tkowo umiejscowieni, aby zapewni\u0107 kompleksowe rozwi\u0105zania typu &#8220;one-stop&#8221;.<\/p>\n\t\t\t<\/div>\n\t\t\t<div class=\"width41\"><img decoding=\"async\" src=\"\/wp-content\/themes\/monolith_en\/img\/operationofofmedia\/operationofofmedia_pic5.svg\" alt=\"Synergia Prawnik\u00f3w i Konsultant\u00f3w IT\"><\/div>\n\t\t<\/div>\n\t<\/div>\n<\/section>\n\n<section class=\"purple2-section\">\n\t<div class=\"anchor\" id=\"monolith-law-magazine\"><\/div>\n\t<div class=\"section-inner\">\n\t\t    <section class=\"white-section temp-article\">\n        <div class=\"section-inner\">\n            <h4>MONOLITH LAW MAGAZINE<\/h4>\n            <div class=\"articles type_practice_column\">\n                                                                    <div class=\"article article-area\">\n                        <figure>\n                            <div class=\"img-wrap\">\n                                <img alt=\"Czy zrzuty ekranu naruszaj\u0105 prawa autorskie? Wyja\u015bniamy r\u00f3wnie\u017c, jak zidentyfikowa\u0107 osob\u0119 zamieszczaj\u0105c\u0105 post i metody usuwania.\" src=\"https:\/\/monolith.law\/pl\/wp-content\/uploads\/sites\/16\/2024\/11\/30375485_m-1024x683-1.webp\" width=\"500\" height=\"250\">\n                            <\/div>\n                            <figcaption>\n                                <div class=\"figcaption-inner\">\n                                    <h3>Czy zrzuty ekranu naruszaj\u0105 prawa autorskie? Wyja\u015bniamy r\u00f3wnie\u017c, jak zidentyfiko.<\/h3>\n                                <\/div>\n                            <\/figcaption>\n                            <a href=\"https:\/\/monolith.law\/pl\/it\/screenshots-copyright\"><\/a>\n                        <\/figure>\n                    <\/div>\n                                                    <div class=\"article article-area\">\n                        <figure>\n                            <div class=\"img-wrap\">\n                                <img alt=\"\u3010\u901f\u5831\u3011Liczba wykrytych przypadk\u00f3w nieautoryzowanego dost\u0119pu w roku Reiwa 5 (2023) potroi\u0142a si\u0119 w ci\u0105gu roku\" src=\"https:\/\/monolith.law\/pl\/wp-content\/uploads\/sites\/16\/2024\/07\/Shutterstock_2236181323.webp\" width=\"500\" height=\"250\">\n                            <\/div>\n                            <figcaption>\n                                <div class=\"figcaption-inner\">\n                                    <h3>\u3010\u901f\u5831\u3011Liczba wykrytych przypadk\u00f3w nieautoryzowanego dost\u0119pu w roku Reiwa 5 (2023) .<\/h3>\n                                <\/div>\n                            <\/figcaption>\n                            <a href=\"https:\/\/monolith.law\/pl\/it\/unauthorized-access-statistics-2023\"><\/a>\n                        <\/figure>\n                    <\/div>\n                                                    <div class=\"article article-area\">\n                        <figure>\n                            <div class=\"img-wrap\">\n                                <img alt=\"Adwokat wyja\u015bnia dzia\u0142ania i przypadki zabronione przez Japo\u0144sk\u0105 Ustaw\u0119 o zakazie nielegalnego dost\u0119pu\" src=\"https:\/\/monolith.law\/pl\/wp-content\/uploads\/sites\/16\/2024\/02\/shutterstock_772039471-1024x683.jpg\" width=\"500\" height=\"250\">\n                            <\/div>\n                            <figcaption>\n                                <div class=\"figcaption-inner\">\n                                    <h3>Adwokat wyja\u015bnia dzia\u0142ania i przypadki zabronione przez Japo\u0144sk\u0105 Ustaw\u0119 o zakazi.<\/h3>\n                                <\/div>\n                            <\/figcaption>\n                            <a href=\"https:\/\/monolith.law\/pl\/it\/injustice-access-law\"><\/a>\n                        <\/figure>\n                    <\/div>\n                                            <\/div>\n            <div class=\"btn-more\"><a href=\"https:\/\/monolith.law\/pl\/tag\/cybercrime\">Read More<\/a><\/div>\n        <\/div>\n    <\/section>\n\t<\/div>\n<\/section>\n\n<section class=\"orange2-section\">\n\t<div class=\"anchor\" id=\"fee-structure\"><\/div>\n\t<div class=\"section-inner\">\n\t<div class=\"planWrap\">\n\t<h3>Struktura Op\u0142at<\/h3>\n\t<ul class=\"plan\">\n\t\t<li class=\"txt-left\">\n\t\t\t<div class=\"plan-inner\">\n\t\t\t<div class=\"plan-header\">\n\t\t\t<h4 class=\"plan-title\">Stawka Godzinowa<\/h4>\n\t\t\t<div class=\"plan-price\"><span class=\"price-figure\">$300<\/span>za godzin\u0119<span class=\"price-tax\"><\/span><\/div>\n\t\t\t<\/div>\n\t\t\t<div class=\"plan-body\">W niekt\u00f3rych przypadkach mo\u017cemy rozwa\u017cy\u0107 przyj\u0119cie sprawy lub pozwu z op\u0142at\u0105 wst\u0119pn\u0105 oraz op\u0142at\u0105 warunkow\u0105. Po wi\u0119cej szczeg\u00f3\u0142\u00f3w prosimy o kontakt z nami.<\/div>\n\t\t\t<\/div>\n\t\t<\/li>\n\t\t<li class=\"txt-left\">\n\t\t\t<div class=\"plan-inner\">\n\t\t\t<div class=\"plan-header\">\n\t\t\t<h4 class=\"plan-title\">Pisanie Um\u00f3w<\/h4>\n\t\t\t<div class=\"plan-price\"><span class=\"price-value\">od<\/span><span class=\"price-figure\">$500<\/span><span class=\"price-value\">do $2,000 lub wi\u0119cej<\/span><span class=\"price-tax\"><\/span><\/div>\n\t\t\t<\/div>\n\t\t\t<div class=\"plan-body\">Struktura cen mo\u017ce si\u0119 r\u00f3\u017cni\u0107 w zale\u017cno\u015bci od rodzaju i ilo\u015bci um\u00f3w. Z przyjemno\u015bci\u0105 przedstawimy wst\u0119pn\u0105 wycen\u0119 na zapytanie, zach\u0119camy wi\u0119c do kontaktu w celu uzyskania dalszych informacji.<\/div>\n\t\t\t<\/div>\n\t\t<\/li>\n\t\t<li class=\"txt-left\">\n\t\t\t<div class=\"plan-inner\">\n\t\t\t<div class=\"plan-header\">\n\t\t\t<h4 class=\"plan-title\">Inne Us\u0142ugi<\/h4>\n\t\t\t<div class=\"plan-price\"><span class=\"price-figure\">Skontaktuj si\u0119 z Nami<\/span><\/div>\n\t\t\t<\/div>\n\t\t\t<div class=\"plan-body\">Oferujemy szeroki zakres us\u0142ug, w tym zak\u0142adanie firm, przegl\u0105d um\u00f3w, opinie prawne, przegl\u0105d spraw oraz pisma badawcze. W przypadku jakichkolwiek pyta\u0144 lub w\u0105tpliwo\u015bci serdecznie zapraszamy do kontaktu, a nasz kompetentny zesp\u00f3\u0142 z przyjemno\u015bci\u0105 udzieli pomocy.<\/div>\n\t\t\t<\/div>\n\t\t\t<\/div>\n\t\t<\/li>\n\t<\/ul>\n\t<\/div>\n\t<\/div>\n<\/section>\n\n<section class=\"white-section\">\n\t<div class=\"section-inner\">\n\t\t<div class=\"btn-area\">\n\t\t\t<div class=\"btn icon-contact\"><a href=\"\/pl\/contact\">Skontaktuj si\u0119 z Nami<\/a><\/div>\n\t\t<\/div>\n\t<\/div>\n<\/section>\n","protected":false},"excerpt":{"rendered":"<p>Cyberprzest\u0119pczo\u015b\u0107 Cyberprzest\u0119pczo\u015b\u0107 stanowi powa\u017cny problem we wsp\u00f3\u0142czesnym spo\u0142ecze\u0144stwie, a dla przedsi\u0119biorstw kluczowe jest podj\u0119cie odpowiednich dzia\u0142a\u0144, gdy padaj\u0105 jej ofiar\u0105. Dzi\u0119ki zespo\u0142owi [&hellip;]<\/p>\n","protected":false},"author":1,"featured_media":57158,"parent":0,"menu_order":7,"comment_status":"closed","ping_status":"closed","template":"other-page-temp.php","meta":{"footnotes":""},"acf":[],"_links":{"self":[{"href":"https:\/\/monolith.law\/pl\/wp-json\/wp\/v2\/pages\/31896"}],"collection":[{"href":"https:\/\/monolith.law\/pl\/wp-json\/wp\/v2\/pages"}],"about":[{"href":"https:\/\/monolith.law\/pl\/wp-json\/wp\/v2\/types\/page"}],"author":[{"embeddable":true,"href":"https:\/\/monolith.law\/pl\/wp-json\/wp\/v2\/users\/1"}],"replies":[{"embeddable":true,"href":"https:\/\/monolith.law\/pl\/wp-json\/wp\/v2\/comments?post=31896"}],"version-history":[{"count":22,"href":"https:\/\/monolith.law\/pl\/wp-json\/wp\/v2\/pages\/31896\/revisions"}],"predecessor-version":[{"id":59404,"href":"https:\/\/monolith.law\/pl\/wp-json\/wp\/v2\/pages\/31896\/revisions\/59404"}],"wp:featuredmedia":[{"embeddable":true,"href":"https:\/\/monolith.law\/pl\/wp-json\/wp\/v2\/media\/57158"}],"wp:attachment":[{"href":"https:\/\/monolith.law\/pl\/wp-json\/wp\/v2\/media?parent=31896"}],"curies":[{"name":"wp","href":"https:\/\/api.w.org\/{rel}","templated":true}]}}