{"id":32193,"date":"2021-05-10T15:23:51","date_gmt":"2021-05-10T06:23:51","guid":{"rendered":"https:\/\/monolith.law\/?page_id=32193"},"modified":"2023-12-08T19:39:55","modified_gmt":"2023-12-08T10:39:55","slug":"terms-of-use","status":"publish","type":"page","link":"https:\/\/monolith.law\/pl\/terms-of-use","title":{"rendered":"Warunki korzystania"},"content":{"rendered":"\n<section class=\"heading-area\">\n\t<div class=\"heading-area-inner\">\n\t\t<h2 class=\"icon-terms-of-use\">Warunki korzystania<\/h2>\n\t\t<p>W MONOLITH LAW OFFICE zajmujemy si\u0119 tworzeniem i przegl\u0105dem regulamin\u00f3w oraz polityk prywatno\u015bci dla r\u00f3\u017cnorodnych aplikacji, us\u0142ug i gier w Japonii. Ponadto, mo\u017cemy przeanalizowa\u0107 definicje wymaga\u0144 dla odpowiedniego rozwoju aplikacji, frameworki Adobe XD, strony l\u0105dowania (LPs), materia\u0142y sprzeda\u017cowe dla potencjalnych klient\u00f3w oraz inne istniej\u0105ce dokumenty i dane.<\/p>\n\t<\/div>\n<\/section>\n\n<section class=\"white-section\">\n\t<div class=\"section-inner pdt0  border-bottom-section\">\n\t\t<p class=\"mgb-small\">W MONOLITH LAW OFFICE zajmujemy si\u0119 tworzeniem, modyfikacj\u0105 i przegl\u0105dem r\u00f3\u017cnych warunk\u00f3w i regulamin\u00f3w, polityk prywatno\u015bci oraz innych niezb\u0119dnych um\u00f3w zgodnie z obowi\u0105zuj\u0105cymi przepisami prawa w Japonii. Specjalizujemy si\u0119 w \u015bwiadczeniu wsparcia prawnego dla aplikacji, us\u0142ug, gier i innych platform cyfrowych.<\/p>\n\t\t<p class=\"mgb-small\">Potrafimy pracowa\u0107 z istniej\u0105cymi materia\u0142ami i danymi, takimi jak definicje wymaga\u0144, frameworki stworzone przy u\u017cyciu Adobe XD, strony l\u0105dowania oraz materia\u0142y sprzeda\u017cowe skierowane do potencjalnych klient\u00f3w. Nasz zesp\u00f3\u0142 jest zdolny do zrozumienia i analizy tych materia\u0142\u00f3w, aby zapewni\u0107 zgodno\u015b\u0107 prawn\u0105 i dostarczy\u0107 warto\u015bciowe wskaz\u00f3wki.<\/p>\n\t\t<p>Skontaktuj si\u0119 z nami, je\u015bli potrzebujesz pomocy w opracowaniu lub aktualizacji Twoich warunk\u00f3w korzystania, polityk prywatno\u015bci lub innych dokument\u00f3w prawnych niezb\u0119dnych do dzia\u0142ania i uruchomienia Twojej aplikacji lub cyfrowej us\u0142ugi.<\/p>\n\t<\/div>\n<\/section>\n\n<section class=\"second-nav\">\n\t<div class=\"second-nav-inner\">\n\t\t<p>TEMATY<\/p>\n\t\t<nav>\n\t\t\t<ul>\n\t\t\t\t<li><a href=\"#apps-web-services-and-digital-platforms\">Aplikacje, us\u0142ugi internetowe i platformy cyfrowe<\/a><\/li>\n\t\t\t\t<li><a href=\"#games\">Gry<\/a><\/li>\n\t\t\t\t<li><a href=\"#publication-of-books-on-legal-matters-related-to-it\">Publikacja ksi\u0105\u017cek na tematy prawne zwi\u0105zane z IT<\/a><\/li>\n\t\t\t\t<li><a href=\"#crypto-asset-and-blockchain\">Aktywa kryptowalutowe i blockchain<\/a><\/li>\n\t\t\t\t<li><a href=\"#medical-Apps-etc\">Aplikacje medyczne itp.<\/a><\/li>\n\t\t\t\t<li><a href=\"#drafting-with-minimal-operating-time\">Opracowywanie z minimalnym czasem operacyjnym<\/a><\/li>\n\t\t\t\t<li><a href=\"#some-examples-of-our-clients-and-the-products\">Przyk\u0142ady naszych klient\u00f3w i ich produkt\u00f3w<\/a><\/li>\n\t\t\t\t<li><a href=\"#monolith-law-magazine\">MONOLITH LAW MAGAZINE<\/a><\/li>\n\t\t\t\t<li><a href=\"#fee-structure\">Struktura op\u0142at<\/a><\/li>\n\t\t\t<\/ul>\n\t\t<\/nav>\n\t<\/div>\n<\/section>\n\n<section class=\"white-section mgt-section mgb-section80\">\n\t<div class=\"anchor\" id=\"apps-web-services-and-digital-platforms\"><\/div>\n\t<div class=\"section-inner-black\">\n\t\t<h3>Aplikacje, us\u0142ugi internetowe i platformy cyfrowe<\/h3>\n\t\t<p class=\"mgb-middle\">Posiadamy bogate do\u015bwiadczenie w tworzeniu i modyfikowaniu regulamin\u00f3w, polityk prywatno\u015bci oraz innych dokument\u00f3w prawnych zwi\u0105zanych z aplikacjami, us\u0142ugami internetowymi i platformami cyfrowymi. Oferujemy r\u00f3wnie\u017c us\u0142ugi konsultingowe wspieraj\u0105ce prawid\u0142owe funkcjonowanie us\u0142ug internetowych i aplikacji w zgodzie z obowi\u0105zuj\u0105cymi przepisami.<\/p>\n\t\t<h4 class=\"mgb-small\">Oto niekt\u00f3re przyk\u0142ady naszych osi\u0105gni\u0119\u0107<\/h4>\n\t\t<p class=\"mgb-middle\">Us\u0142ugi dystrybucji muzyki t\u0142a i efekt\u00f3w d\u017awi\u0119kowych, aplikacje do odtwarzania muzyki w tle, us\u0142ugi rozpoznawania g\u0142osu oparte na SaaS dla sektora B2B, bezpo\u015brednie platformy e-commerce dla konsument\u00f3w, platformy EC, us\u0142ugi u\u0142atwiaj\u0105ce integracj\u0119 danych mi\u0119dzy platformami SaaS, us\u0142ugi integracyjne dla dostawc\u00f3w SaaS, platformy dla artyst\u00f3w, narz\u0119dzia wspomagaj\u0105ce sprzeda\u017c, aplikacje do zarz\u0105dzania finansami osobistymi, us\u0142ugi internetowe i platformy poszukiwania pracy, chmurowe us\u0142ugi zarz\u0105dzania wydatkami, chmurowe us\u0142ugi zarz\u0105dzania obecno\u015bci\u0105, chmurowe us\u0142ugi rozliczania koszt\u00f3w podr\u00f3\u017cy, us\u0142ugi sprzeda\u017cy suplement\u00f3w, us\u0142ugi spo\u0142eczno\u015bciowe zwi\u0105zane z polityk\u0105, aplikacje do zamawiania taks\u00f3wek, us\u0142ugi outsourcingu analizy danych, us\u0142ugi spo\u0142eczno\u015bciowe oparte na wideo, platformy spo\u0142eczno\u015bciowe skierowane na biznes, strony internetowe do dopasowywania partner\u00f3w biznesowych, platformy do umawiania wizyt w szpitalach, szko\u0142y programowania, us\u0142ugi spo\u0142eczno\u015bciowe oparte na blockchainie, sieci reklamowe oparte na blockchainie, us\u0142ugi informacyjne, us\u0142ugi concierge podr\u00f3\u017cy, us\u0142ugi potwierdzania bezpiecze\u0144stwa, systemy informacji medycznej, gie\u0142dy kryptowalut (zagraniczne), strony internetowe baz danych klinik ortodontycznych, us\u0142ugi wsparcia dla os\u00f3b niepe\u0142nosprawnych, chmurowe us\u0142ugi dla nowych absolwent\u00f3w, zarz\u0105dzania pracownikami i szkolenia pracownik\u00f3w, oficjalne strony internetowe sprzeda\u017cy samochod\u00f3w importowanych, us\u0142ugi wsparcia stylu \u017cycia, us\u0142ugi wsparcia startup\u00f3w, us\u0142ugi sprawdzania antyspo\u0142eczno\u015bci<\/p>\n\t<\/div>\n<\/section>\n\n<section class=\"white-section mgt-section mgb-section\">\n\t<div class=\"anchor\" id=\"games\"><\/div>\n\t<div class=\"section-inner-black\">\n\t\t<h3>Gry<\/h3>\n\t\t<p class=\"mgb-small\">Posiadamy rozleg\u0142e do\u015bwiadczenie w opracowywaniu regulamin\u00f3w u\u017cytkowania dla r\u00f3\u017cnych typ\u00f3w gier, od konsolowych po mobilne. Rozumiemy prawne implikacje i wymagania zwi\u0105zane z prowadzeniem gier, w tym prawo autorskie, prawo promocji nagr\u00f3d, prawo us\u0142ug p\u0142atniczych, prawo o umowach konsumenckich, prawo o szczeg\u00f3lnych transakcjach handlowych oraz prawo telekomunikacyjne. Mo\u017cemy pom\u00f3c w stworzeniu kompleksowych regulamin\u00f3w u\u017cytkowania, kt\u00f3re b\u0119d\u0105 zgodne z obowi\u0105zuj\u0105cymi przepisami.<\/p>\n\t\t<p class=\"mgb-small\">Ponadto nasze us\u0142ugi wykraczaj\u0105 poza pocz\u0105tkowe opracowywanie regulamin\u00f3w. Oferujemy konsultacje dotycz\u0105ce prawid\u0142owego wdra\u017cania wydarze\u0144 i innych dzia\u0142a\u0144 zwi\u0105zanych z operacjami gier. Nasz zesp\u00f3\u0142 jest obeznany z prawnymi aspektami wydarze\u0144 gier i mo\u017ce zapewni\u0107 wskaz\u00f3wki, aby zapewni\u0107 zgodno\u015b\u0107 z obowi\u0105zuj\u0105cymi prawami i regulacjami.<\/p>\n\t\t<p class=\"mgb-middle\">Bez wzgl\u0119du na to, czy jeste\u015b tw\u00f3rc\u0105 gier, czy firm\u0105 zaanga\u017cowan\u0105 w operacje gier, jeste\u015bmy doskonale przygotowani, aby zapewni\u0107 dostosowane wsparcie prawne, kt\u00f3re spe\u0142ni Twoje specyficzne potrzeby w bran\u017cy gier.<\/p>\n\t<\/div>\n<\/section>\n\n<section class=\"purple-section\">\n\t<div class=\"anchor\" id=\"publication-of-books-on-legal-matters-related-to-it\"><\/div>\n\t<div class=\"section-inner\">\n\t\t<div class=\"flex reverse\">\n\t\t\t<div class=\"width41\"><img decoding=\"async\" src=\"\/wp-content\/themes\/monolith2021\/img\/pic\/pic_publishing.jpg\" alt=\"Publikacja ksi\u0105\u017cek dotycz\u0105cych zagadnie\u0144 prawnych zwi\u0105zanych z IT\"><\/div>\n\t\t\t<div class=\"width51\">\n\t\t\t\t<h3>Publikacja ksi\u0105\u017cek na temat prawnych aspekt\u00f3w zwi\u0105zanych z IT<\/h3>\n\t\t\t\t<p>Jako kancelaria prawna specjalizuj\u0105ca si\u0119 w tworzeniu system\u00f3w i prawnych aspektach zwi\u0105zanych z IT, w tym tworzeniu warunk\u00f3w korzystania z us\u0142ug, serwis\u00f3w internetowych, aplikacji i problem\u00f3w zwi\u0105zanych z grami, MONOLITH LAW OFFICE opublikowa\u0142a ksi\u0105\u017ck\u0119 zatytu\u0142owan\u0105 &#8220;Proste pytania i odpowiedzi z prawa dla in\u017cynier\u00f3w IT&#8221;. Ksi\u0105\u017cka zosta\u0142a napisana przez by\u0142ego in\u017cyniera, kt\u00f3ry zosta\u0142 prawnikiem, i jest skierowana g\u0142\u00f3wnie do in\u017cynier\u00f3w IT. Zawiera wyja\u015bnienia wiedzy prawnej specjalnie dostosowanej do ich potrzeb, omawiaj\u0105c tematy takie jak tworzenie warunk\u00f3w korzystania z us\u0142ug. Celem ksi\u0105\u017cki jest zapewnienie przyjaznego dla u\u017cytkownika podej\u015bcia do koncepcji prawnych i pomoc in\u017cynierom IT w poruszaniu si\u0119 w prawnych aspektach swojej pracy.<\/p>\n\t\t\t<\/div>\n\t\t<\/div>\n\t<\/div>\n<\/section>\n\n<section class=\"white-section\">\n\t<div class=\"anchor\" id=\"crypto-asset-and-blockchain\"><\/div>\n\t<div class=\"section-inner\">\n\t\t<div class=\"flex\">\n\t\t\t<div class=\"width41\"><img decoding=\"async\" src=\"\/wp-content\/uploads\/2022\/07\/shutterstock_1151380622_2.png\" alt=\"Crypto Asset and Blockchain\"><\/div>\n\t\t\t<div class=\"width51\">\n\t\t\t\t<h3>Aktywa kryptograficzne i Blockchain<\/h3>\n\t\t\t\t<p>MONOLITH LAW OFFICE aktywnie zajmuje si\u0119 pracami prawnymi zwi\u0105zanymi z aktywami kryptograficznymi i technologi\u0105 blockchain od momentu swojego za\u0142o\u017cenia w 2017 roku. Jeste\u015bmy r\u00f3wnie\u017c dobrze przygotowani do obs\u0142ugi spraw prawnych dotycz\u0105cych gier opartych na blockchainie. Dzi\u0119ki naszej wiedzy specjalistycznej z zakresu IT i prawnych kwestii zwi\u0105zanych z grami, mo\u017cemy zapewni\u0107 kompleksowe wsparcie w nawigacji przez skomplikowane aspekty prawne gier na blockchainie, w tym zgodno\u015b\u0107 z regulacjami, ochron\u0119 w\u0142asno\u015bci intelektualnej, umowy u\u017cytkownik\u00f3w i wiele wi\u0119cej.<\/p>\n\t\t\t<\/div>\n\t\t<\/div>\n\t<\/div>\n<\/section>\n\n<section class=\"white-section mgb-section\">\n\t<div class=\"anchor\" id=\"medical-Apps-etc\"><\/div>\n\t<div class=\"section-inner-black\">\n\t\t<h3>Aplikacje medyczne, itp.<\/h3>\n\t\t<p class=\"mgb-small\">Nasza kancelaria prawna dysponuje silnym zespo\u0142em prawnik\u00f3w, w tym za\u0142o\u017cycielem, kt\u00f3ry ma do\u015bwiadczenie w in\u017cynierii IT, oraz prawnikami z bogatym do\u015bwiadczeniem w obszarze medycznym. Dzi\u0119ki tej wiedzy specjalistycznej jeste\u015bmy w stanie obs\u0142ugiwa\u0107 firmy, aplikacje i us\u0142ugi internetowe zwi\u0105zane z bran\u017c\u0105 opieki zdrowotnej. Posiadamy udokumentowane do\u015bwiadczenie w tej dziedzinie.<\/p>\n\t\t<p class=\"mgb-middle\">Prawne otoczenie opieki zdrowotnej w Japonii mo\u017ce by\u0107 skomplikowane, ale mo\u017cesz polega\u0107 na naszej firmie, kt\u00f3ra pomo\u017ce Ci porusza\u0107 si\u0119 po\u015br\u00f3d tych zawi\u0142o\u015bci. Oferujemy kompleksowe wsparcie prawne dostosowane do unikalnych potrzeb sektora medycznego, w tym zgodno\u015b\u0107 z regulacjami, ochron\u0119 danych, licencjonowanie, umowy i rozwi\u0105zywanie spor\u00f3w. Naszym celem jest zapewnienie, \u017ce Twoje przedsi\u0119wzi\u0119cia zwi\u0105zane z opiek\u0105 zdrowotn\u0105 s\u0105 prowadzone zgodnie z obowi\u0105zuj\u0105cymi przepisami prawa, jednocze\u015bnie chroni\u0105c Twoje interesy.<\/p>\n\t<\/div>\n<\/section>\n\n<section class=\"orange-section\">\n\t<div class=\"anchor\" id=\"drafting-with-minimal-operating-time\"><\/div>\n\t<div class=\"section-inner\">\n\t\t<div class=\"flex\">\n\t\t\t<div class=\"width41\"><img decoding=\"async\" src=\"\/wp-content\/themes\/monolith2021\/img\/pic\/pic_draft.jpg\" alt=\"Drafting with Minimal Operating Time\"><\/div>\n\t\t\t<div class=\"width51\">\n\t\t\t\t<h3>Tworzenie z minimalnym czasem operacyjnym<\/h3>\n\t\t\t\t<p class=\"mgb-small\">Nasz g\u0142\u00f3wny prawnik to by\u0142y in\u017cynier IT, co daje nam mo\u017cliwo\u015b\u0107 zrozumienia technicznych aspekt\u00f3w, interfejsu u\u017cytkownika i funkcjonalno\u015bci aplikacji i us\u0142ug internetowych podczas tworzenia regulamin\u00f3w i innych powi\u0105zanych dokument\u00f3w. Mo\u017cemy wykorzysta\u0107 istniej\u0105ce definicje wymaga\u0144, ramy, strony docelowe i materia\u0142y marketingowe, kt\u00f3re ju\u017c posiada Twoja firma, co pozwala nam na interpretacj\u0119 i ekstrakcj\u0119 niezb\u0119dnych informacji z naszej strony.<\/p>\n\t\t\t\t<p>Minimalizuj\u0105c potrzeb\u0119 przeprowadzania obszernych wywiad\u00f3w czy spotka\u0144, mo\u017cemy efektywnie opracowa\u0107 regulamin, jednocze\u015bnie redukuj\u0105c koszty komunikacji i ramy czasowe. Takie podej\u015bcie pozwala nam usprawni\u0107 proces i dostarczy\u0107 wyniki w odpowiednim czasie.<\/p>\n\t\t\t<\/div>\n\t\t<\/div>\n\t<\/div>\n<\/section>\n\n<section class=\"white-section\">\n\t<div class=\"anchor\" id=\"some-examples-of-our-clients-and-the-products\"><\/div>\n\t<div class=\"section-inner\">\n\t\t<h3>Przyk\u0142ady naszych klient\u00f3w i ich produkt\u00f3w<\/h3>\n\t\t<ul class=\"layout-column4 mgb-middle\">\n\t\t\t<li>\n\t\t\t\t<div><img decoding=\"async\" src=\"\/wp-content\/themes\/monolith2021\/img\/clients\/logo_tokium.png\"><\/div>\n\t\t\t\t<h4><a href=\"https:\/\/www.keihi.com\/lp\/\" target=\"_blank\" rel=\"noopener noreferrer\">TOKIUM Rozliczenia Wydatk\u00f3w<\/a><\/h4>\n\t\t\t\t<p>Wsp\u00f3\u0142pracowali\u015bmy z firm\u0105 TOKIUM Inc., tw\u00f3rc\u0105 aplikacji finansowej dla firm &#8220;TOKIUM Rozliczenia Wydatk\u00f3w&#8221;, jako ich g\u0142\u00f3wny radca prawny. Udzielali\u015bmy wsparcia prawego przy projektach, w tym przy wprowadzeniu ich systemu rozlicze\u0144 wydatk\u00f3w &#8220;TOKIUM Invoice&#8221;.<\/p>\n\t\t\t<\/li>\n\t\t\t<li>\n\t\t\t\t<div><img decoding=\"async\" src=\"\/wp-content\/themes\/monolith2021\/img\/clients\/logo_seculio.png\"><\/div>\n\t\t\t\t<h4><a href=\"https:\/\/www.lrm.jp\/seculio\/feature\/\" target=\"_blank\" rel=\"noopener noreferrer\">Securio<\/a><\/h4>\n\t\t\t\t<p>Byli\u015bmy audytorem dla korporacji LRM, kt\u00f3ra wydaje Securio, usprawniaj\u0105ce postrzeganie bezpiecze\u0144stwa informacji w ca\u0142ej firmie.<\/p>\n\t\t\t<\/li>\n\t\t\t<li>\n\t\t\t\t<div><img decoding=\"async\" src=\"\/wp-content\/themes\/monolith2021\/img\/clients\/logo_tribeau.png\"><\/div>\n\t\t\t\t<h4><a href=\"https:\/\/corp.tribeau.jp\/\" target=\"_blank\" rel=\"noopener noreferrer\">TRIBEAU<\/a><\/h4>\n\t\t\t\t<p>Wsp\u00f3\u0142pracowali\u015bmy z firm\u0105 TRIBEAU Inc., odpowiedzialn\u0105 za aplikacj\u0119 do recenzji i rezerwacji w medycynie estetycznej &#8220;TRIBEAU&#8221;. Udzielali\u015bmy pomocy prawnej przy wprowadzeniu zar\u00f3wno aplikacji mobilnej, jak i wersji serwisu internetowego.<\/p>\n\t\t\t<\/li>\n\t\t\t<li>\n\t\t\t\t<div><img decoding=\"async\" src=\"\/wp-content\/themes\/monolith2021\/img\/clients\/logo_flowerknightgirl.png\"><\/div>\n\t\t\t\t<h4><a href=\"https:\/\/flower-knight-girl.com\/\" target=\"_blank\" rel=\"noopener noreferrer\">FLOWER KNIGHT GIRL<\/a><\/h4>\n\t\t\t\t<p>Pomagali\u015bmy firmie YourGames Inc. przy wydaniu ich popularnej gry RPG &#8220;FLOWER KNIGHT GIRL&#8221;, kt\u00f3ra przekroczy\u0142a milion zarejestrowanych u\u017cytkownik\u00f3w. Gra jest dost\u0119pna na platformie DMM GAMES.<\/p>\n\t\t\t<\/li>\n\t\t<\/ul>\n\t\t<p class=\"txt-s\">* Prosimy zauwa\u017cy\u0107, \u017ce to tylko kilka przyk\u0142ad\u00f3w, a wsp\u00f3\u0142pracowali\u015bmy z wieloma innymi klientami. Priorytetem dla nas jest poufno\u015b\u0107 klient\u00f3w i ujawniamy zaanga\u017cowanie tylko w przypadku firm, kt\u00f3re wyrazi\u0142y zgod\u0119 na publiczne uznania lub tych, kt\u00f3re s\u0105 zarejestrowane w publicznych rejestrach jako urz\u0119dnicy.<\/p>\n\t<\/div>\n<\/section>\n\n<section class=\"purple2-section\">\n\t<div class=\"anchor\" id=\"monolith-law-magazine\"><\/div>\n\t<div class=\"section-inner\">\n\t\t    <section class=\"white-section temp-article\">\n        <div class=\"section-inner\">\n            <h4>MONOLITH LAW MAGAZINE<\/h4>\n            <div class=\"articles type_practice_column\">\n                                                                    <div class=\"article article-area\">\n                        <figure>\n                            <div class=\"img-wrap\">\n                                <img alt=\"Czy zarz\u0105dzanie opiniami Google jest nielegalne? Wyja\u015bnienie zwi\u0105zku z prawem o wy\u015bwietlaniu nagr\u00f3d i sankcji.\" src=\"https:\/\/monolith.law\/pl\/wp-content\/uploads\/sites\/16\/2025\/08\/18d044df35c4f42bb7e1507848a5e228.webp\" width=\"500\" height=\"250\">\n                            <\/div>\n                            <figcaption>\n                                <div class=\"figcaption-inner\">\n                                    <h3>Czy zarz\u0105dzanie opiniami Google jest nielegalne? Wyja\u015bnienie zwi\u0105zku z prawem o .<\/h3>\n                                <\/div>\n                            <\/figcaption>\n                            <a href=\"https:\/\/monolith.law\/pl\/it\/google-review-agency\"><\/a>\n                        <\/figure>\n                    <\/div>\n                                                    <div class=\"article article-area\">\n                        <figure>\n                            <div class=\"img-wrap\">\n                                <img alt=\"Co to jest \"wyj\u0105tek dotycz\u0105cy chmury\" w prawie o ochronie danych osobowych? Wyja\u015bnienie na podstawie rzeczywistych przyk\u0142ad\u00f3w wytycznych administracyjnych otrzymanych przez dostawc\u00f3w us\u0142ug chmurowych.\" src=\"https:\/\/monolith.law\/pl\/wp-content\/uploads\/sites\/16\/2025\/08\/0cdfadb6e93fc71449935bfe824bbde2.jpg\" width=\"500\" height=\"250\">\n                            <\/div>\n                            <figcaption>\n                                <div class=\"figcaption-inner\">\n                                    <h3>Co to jest \"wyj\u0105tek dotycz\u0105cy chmury\" w prawie o ochronie danych osobowych? Wyja.<\/h3>\n                                <\/div>\n                            <\/figcaption>\n                            <a href=\"https:\/\/monolith.law\/pl\/it\/personal-information-cloud-exceptions\"><\/a>\n                        <\/figure>\n                    <\/div>\n                                                    <div class=\"article article-area\">\n                        <figure>\n                            <div class=\"img-wrap\">\n                                <img alt=\"Jakie s\u0105 ryzyka zwi\u0105zane z wykorzystaniem ChatGPT w biznesie? Wyja\u015bnienie kwestii prawnych\" src=\"https:\/\/monolith.law\/pl\/wp-content\/uploads\/sites\/16\/2024\/04\/Shutterstock_2252802247.webp\" width=\"500\" height=\"250\">\n                            <\/div>\n                            <figcaption>\n                                <div class=\"figcaption-inner\">\n                                    <h3>Jakie s\u0105 ryzyka zwi\u0105zane z wykorzystaniem ChatGPT w biznesie? Wyja\u015bnienie kwesti.<\/h3>\n                                <\/div>\n                            <\/figcaption>\n                            <a href=\"https:\/\/monolith.law\/pl\/it\/chatgpt-legal-issues\"><\/a>\n                        <\/figure>\n                    <\/div>\n                                            <\/div>\n            <div class=\"btn-more\"><a href=\"https:\/\/monolith.law\/pl\/tag\/terms-of-use\">Read More<\/a><\/div>\n        <\/div>\n    <\/section>\n\t<\/div>\n<\/section>\n\n<section class=\"orange2-section\">\n\t<div class=\"anchor\" id=\"fee-structure\"><\/div>\n\t<div class=\"section-inner\">\n\t<div class=\"planWrap\">\n\t<h3>Struktura Op\u0142at<\/h3>\n\t<ul class=\"plan\">\n\t\t<li class=\"txt-left\">\n\t\t\t<div class=\"plan-inner\">\n\t\t\t<div class=\"plan-header\">\n\t\t\t<h4 class=\"plan-title\">Stawka Godzinowa<\/h4>\n\t\t\t<div class=\"plan-price\"><span class=\"price-figure\">$300<\/span>za godzin\u0119<span class=\"price-tax\"><\/span><\/div>\n\t\t\t<\/div>\n\t\t\t<div class=\"plan-body\">W niekt\u00f3rych przypadkach mo\u017cemy rozwa\u017cy\u0107 przyj\u0119cie sporu lub pozwu z op\u0142at\u0105 wst\u0119pn\u0105 oraz op\u0142at\u0105 warunkow\u0105. Po wi\u0119cej szczeg\u00f3\u0142\u00f3w zapraszamy do kontaktu z nami.<\/div>\n\t\t\t<\/div>\n\t\t<\/li>\n\t\t<li class=\"txt-left\">\n\t\t\t<div class=\"plan-inner\">\n\t\t\t<div class=\"plan-header\">\n\t\t\t<h4 class=\"plan-title\">Redagowanie Um\u00f3w<\/h4>\n\t\t\t<div class=\"plan-price\"><span class=\"price-value\">od<\/span><span class=\"price-figure\">$500<\/span><span class=\"price-value\">do $2,000 lub wi\u0119cej<\/span><span class=\"price-tax\"><\/span><\/div>\n\t\t\t<\/div>\n\t\t\t<div class=\"plan-body\">Struktura cen mo\u017ce si\u0119 r\u00f3\u017cni\u0107 w zale\u017cno\u015bci od rodzaju i ilo\u015bci um\u00f3w. Z przyjemno\u015bci\u0105 przedstawimy wst\u0119pn\u0105 wycen\u0119 na zapytanie, dlatego zach\u0119camy do kontaktu w celu uzyskania dalszych informacji.<\/div>\n\t\t\t<\/div>\n\t\t<\/li>\n\t\t<li class=\"txt-left\">\n\t\t\t<div class=\"plan-inner\">\n\t\t\t<div class=\"plan-header\">\n\t\t\t<h4 class=\"plan-title\">Inne Us\u0142ugi<\/h4>\n\t\t\t<div class=\"plan-price\"><span class=\"price-figure\">Skontaktuj si\u0119 z Nami<\/span><\/div>\n\t\t\t<\/div>\n\t\t\t<div class=\"plan-body\">Oferujemy szeroki zakres us\u0142ug, w tym zak\u0142adanie sp\u00f3\u0142ek, przegl\u0105d um\u00f3w, opinie prawne, przegl\u0105d spraw oraz pisma badawcze. W przypadku jakichkolwiek pyta\u0144 lub w\u0105tpliwo\u015bci serdecznie zapraszamy do kontaktu, a nasz kompetentny zesp\u00f3\u0142 z przyjemno\u015bci\u0105 udzieli pomocy.<\/div>\n\t\t\t<\/div>\n\t\t\t<\/div>\n\t\t<\/li>\n\t<\/ul>\n\t<\/div>\n\t<\/div>\n<\/section>\n\n<section class=\"white-section\">\n\t<div class=\"section-inner\">\n\t\t<div class=\"btn-area\">\n\t\t\t<div class=\"btn icon-contact\"><a href=\"\/pl\/contact\">Skontaktuj si\u0119 z Nami<\/a><\/div>\n\t\t<\/div>\n\t<\/div>\n<\/section>\n","protected":false},"excerpt":{"rendered":"<p>Warunki korzystania W MONOLITH LAW OFFICE zajmujemy si\u0119 tworzeniem i przegl\u0105dem regulamin\u00f3w oraz polityk prywatno\u015bci dla r\u00f3\u017cnorodnych aplikacji, us\u0142ug i gier w Japonii. Ponadto, mo\u017cemy przeanalizowa\u0107  [&hellip;]<\/p>\n","protected":false},"author":1,"featured_media":57154,"parent":0,"menu_order":7,"comment_status":"closed","ping_status":"closed","template":"other-page-temp.php","meta":{"footnotes":""},"acf":[],"_links":{"self":[{"href":"https:\/\/monolith.law\/pl\/wp-json\/wp\/v2\/pages\/32193"}],"collection":[{"href":"https:\/\/monolith.law\/pl\/wp-json\/wp\/v2\/pages"}],"about":[{"href":"https:\/\/monolith.law\/pl\/wp-json\/wp\/v2\/types\/page"}],"author":[{"embeddable":true,"href":"https:\/\/monolith.law\/pl\/wp-json\/wp\/v2\/users\/1"}],"replies":[{"embeddable":true,"href":"https:\/\/monolith.law\/pl\/wp-json\/wp\/v2\/comments?post=32193"}],"version-history":[{"count":17,"href":"https:\/\/monolith.law\/pl\/wp-json\/wp\/v2\/pages\/32193\/revisions"}],"predecessor-version":[{"id":59431,"href":"https:\/\/monolith.law\/pl\/wp-json\/wp\/v2\/pages\/32193\/revisions\/59431"}],"wp:featuredmedia":[{"embeddable":true,"href":"https:\/\/monolith.law\/pl\/wp-json\/wp\/v2\/media\/57154"}],"wp:attachment":[{"href":"https:\/\/monolith.law\/pl\/wp-json\/wp\/v2\/media?parent=32193"}],"curies":[{"name":"wp","href":"https:\/\/api.w.org\/{rel}","templated":true}]}}