{"id":32253,"date":"2021-05-11T11:20:39","date_gmt":"2021-05-11T02:20:39","guid":{"rendered":"https:\/\/monolith.law\/?page_id=32253"},"modified":"2024-08-14T11:37:04","modified_gmt":"2024-08-14T02:37:04","slug":"system-development","status":"publish","type":"page","link":"https:\/\/monolith.law\/pl\/system-development","title":{"rendered":"Rozw\u00f3j System\u00f3w"},"content":{"rendered":"\n<section class=\"heading-area\">\n\t<div class=\"heading-area-inner\">\n\t\t<h2 class=\"icon-system-development\">Rozw\u00f3j System\u00f3w<\/h2>\n\t\t<p>Wysoko wyspecjalizowany rozw\u00f3j system\u00f3w cz\u0119sto wi\u0105\u017ce si\u0119 z trudnymi problemami i negocjacjami kontraktowymi. Jeste\u015bmy gotowi wspiera\u0107 Pa\u0144stwa firm\u0119, wykorzystuj\u0105c nasz\u0105 wiedz\u0119 nie tylko jako eksperci prawni, ale r\u00f3wnie\u017c jako eksperci IT, aby okre\u015bli\u0107, co jest istotne dla firmy.<\/p>\n\t<\/div>\n<\/section>\n\n<section class=\"white-section\">\n\t<div class=\"section-inner pdt0 border-bottom-section\">\n\t\t<p>Jako kancelaria prawna MONOLITH LAW OFFICE, na czele kt\u00f3rej stoi adwokat i by\u0142y in\u017cynier IT Toki Kawase, zajmujemy si\u0119 wszystkim &#8211; od opracowywania, poprawiania i negocjowania um\u00f3w dotycz\u0105cych wysoko wyspecjalizowanego rozwoju system\u00f3w, po rozwi\u0105zywanie spor\u00f3w, gdy te si\u0119 pojawi\u0105. Opracowujemy r\u00f3wnie\u017c umowy od podstaw, na podstawie istniej\u0105cych materia\u0142\u00f3w, takich jak dokumenty ofertowe, minimalizuj\u0105c liczb\u0119 spotka\u0144.<\/p>\n\t<\/div>\n<\/section>\n\n<section class=\"second-nav\">\n\t<div class=\"second-nav-inner\">\n\t\t<p>TEMATY<\/p>\n\t\t<nav>\n\t\t\t<ul>\n\t\t\t\t<li><a href=\"#contract-drafting-in-system-development\">Opracowywanie Um\u00f3w w Rozwoju System\u00f3w<\/a><\/li>\n\t\t\t\t<li><a href=\"#dispute-resolution-in-system-development\">Rozwi\u0105zywanie Spor\u00f3w w Rozwoju System\u00f3w<\/a><\/li>\n\t\t\t\t<li><a href=\"#drafting-with-minimal-operating-time\">Opracowywanie z Minimalnym Czasem Operacyjnym<\/a><\/li>\n\t\t\t\t<li><a href=\"#examples-of-support-provided-by-our-firm\">Przyk\u0142ady Wsparcia Oferowanego przez Nasz\u0105 Firm\u0119<\/a><\/li>\n\t\t\t\t<li><a href=\"#publication-achievements-systems-development-legal\">Osi\u0105gni\u0119cia Publikacyjne w Prawie Rozwoju System\u00f3w<\/a><\/li>\n\t\t\t\t<li><a href=\"#crypto-assets-and-blockchain\">Aktywa Kryptowalutowe i Blockchain<\/a><\/li>\n\t\t\t\t<li><a href=\"#manda\">Fuzje i Przej\u0119cia (M&amp;A)<\/a><\/li>\n\t\t\t\t<li><a href=\"#monolith-law-magazine\">MONOLITH LAW MAGAZINE<\/a><\/li>\n\t\t\t\t<li><a href=\"#fee-structure\">Struktura Op\u0142at<\/a><\/li>\n\t\t\t<\/ul>\n\t\t<\/nav>\n\t<\/div>\n<\/section>\n\n<section class=\"white-section mgt-section mgb-section80\">\n\t<div class=\"anchor\" id=\"contract-drafting-in-system-development\"><\/div>\n\t<div class=\"section-inner-black\">\n\t\t<h3>Przygotowanie um\u00f3w na rozw\u00f3j system\u00f3w<\/h3>\n\t\t<p class=\"mgb-small\">W przypadku rozwoju system\u00f3w, mimo \u017ce mog\u0105 by\u0107 przewidziane abstrakcyjne klauzule, takie jak odpowiedzialno\u015b\u0107 w przypadku niezgodno\u015bci z umow\u0105, w umowie m\u00f3wi si\u0119 tylko &#8220;na podstawie odr\u0119bnej umowy&#8221;. Innymi s\u0142owy, specyficzne okoliczno\u015bci zwi\u0105zane z konkretnym systemem lub projektem nie s\u0105 bezpo\u015brednio wspomniane. W rezultacie, cz\u0119sto nie jest jasne, jaki b\u0119dzie wynik w przypadku rzeczywistego sporu.<\/p>\n\t\t<p class=\"mgb-middle\">Nasza firma uwa\u017ca, \u017ce nie tylko sporz\u0105dzanie um\u00f3w, ale tak\u017ce g\u0142\u0119bokie zrozumienie zwi\u0105zanych z tym system\u00f3w rozwoju jest wa\u017cn\u0105 cz\u0119\u015bci\u0105 naszej pracy.<\/p>\n\n\t<\/div>\n<\/section>\n\n<section class=\"purple-section\">\n\t<div class=\"anchor\" id=\"dispute-resolution-in-system-development\"><\/div>\n\t<div class=\"section-inner\">\n\t\t<div class=\"flex\">\n\t\t\t<div class=\"width41\"><img decoding=\"async\" src=\"\/wp-content\/themes\/monolith2021\/img\/systemdevelopment\/systemdevelopment_pic1.jpg\" alt=\" Dispute  Resolution in System Development\"><\/div>\n\t\t\t<div class=\"width51\">\n\t\t\t\t<h3>Rozwi\u0105zywanie Spor\u00f3w w Rozwoju System\u00f3w<\/h3>\n\t\t\t\t<p class=\"mgb-small\">Gdy pojawia si\u0119 sp\u00f3r, jeste\u015bmy odpowiedzialni za pozas\u0105dowe roszczenia o odszkodowania, jak r\u00f3wnie\u017c za tymczasowe nakazy s\u0105dowe i procesy s\u0105dowe.<\/p>\n\t\t\t\t<p>Jednak\u017ce, preferowane jest, aby spory nigdy nie powstawa\u0142y, a nawet je\u015bli istnieje okazja do sporu, najlepiej, aby nie dochodzi\u0142o do procesu s\u0105dowego. To jest nasze podstawowe stanowisko i punkt widzenia, a my \u015bwiadczymy codzienne us\u0142ugi prawne dla naszych klient\u00f3w korporacyjnych na podstawie tego za\u0142o\u017cenia.<\/p>\n\t\t\t<\/div>\n\t\t<\/div>\n\t<\/div>\n<\/section>\n\n<section class=\"white-section\">\n\t<div class=\"anchor\" id=\"drafting-with-minimal-operating-time\"><\/div>\n\t<div class=\"section-inner\">\n\t\t<div class=\"flex reverse\">\n\t\t\t<div class=\"width41\"><img decoding=\"async\" src=\"\/wp-content\/themes\/monolith2021\/img\/pic\/pic_draft.jpg\" alt=\"Opracowywanie z minimalnym czasem operacyjnym\"><\/div>\n\t\t\t<div class=\"width51\">\n\t\t\t\t<h3>Przygotowywanie projekt\u00f3w z minimalnym czasem operacyjnym<\/h3>\n\t\t\t\t<p class=\"mgb-small\">Za\u0142o\u017cyciel naszej kancelarii, Toki Kawase, jest by\u0142ym in\u017cynierem IT.<\/p>\n\t\t\t\t<p class=\"mgb-small\">Aby przygotowa\u0107 umow\u0119 dotycz\u0105c\u0105 rozwoju systemu oraz zaprojektowa\u0107 schemat jako podstaw\u0119 takiej umowy, konieczne jest zrozumienie zarysu odpowiedniego systemu. Jeste\u015bmy w stanie samodzielnie przeanalizowa\u0107 r\u00f3\u017cne dokumenty i dane, kt\u00f3re ju\u017c istniej\u0105 w Pa\u0144stwa firmie, takie jak definicje wymaga\u0144 i materia\u0142y sprzeda\u017cowe dla potencjalnych klient\u00f3w dotycz\u0105ce rozwoju danego systemu.<\/p>\n\t\t\t\t<p>Dlatego mo\u017cemy przygotowa\u0107 projekty um\u00f3w i innych dokument\u00f3w, minimalizuj\u0105c czas po\u015bwi\u0119cony na spotkania itp., co skutecznie redukuje koszty komunikacji i czas potrzebny na przygotowanie.<\/p>\n\t\t\t<\/div>\n\t\t<\/div>\n\t<\/div>\n<\/section>\n\n<section class=\"orange-section\">\n\t<div class=\"anchor\" id=\"examples-of-support-provided-by-our-firm\"><\/div>\n\t<div class=\"section-inner\">\n\t\t<h3 class=\"mgb-middle\">Przyk\u0142ady wsparcia oferowanego przez nasz\u0105 kancelari\u0119<\/h3>\n\t\t<ul class=\"layout-column4\">\n\t\t\t<li>\n\t\t\t\t<div><img decoding=\"async\" src=\"\/wp-content\/themes\/monolith2021\/img\/systemdevelopment\/systemdevelopment_support_pic1.jpg\"><\/div>\n\t\t\t\t<h4>Dostawcy IT<\/h4>\n\t\t\t\t<p>\u015awiadczymy r\u00f3\u017cnorodne us\u0142ugi dla firm dostarczaj\u0105cych us\u0142ugi rozwoju system\u00f3w, od opracowywania um\u00f3w zwi\u0105zanych z rozwojem system\u00f3w po rozwi\u0105zywanie spor\u00f3w, w formie doradztwa prawnego i innych us\u0142ug prawnych. Zajmujemy si\u0119 r\u00f3wnie\u017c zaawansowanymi obszarami, takimi jak kwestie zwi\u0105zane z technologi\u0105 blockchain.<\/p>\n\t\t\t<\/li>\n\t\t\t<li>\n\t\t\t\t<div><img decoding=\"async\" src=\"\/wp-content\/themes\/monolith2021\/img\/systemdevelopment\/systemdevelopment_support_pic2.jpg\"><\/div>\n\t\t\t\t<h4>Firmy biznesowe<\/h4>\n\t\t\t\t<p>\u015awiadczymy r\u00f3\u017cnorodne us\u0142ugi dla firm biznesowych, kt\u00f3re zlecaj\u0105 prace zwi\u0105zane z rozwojem system\u00f3w. W szczeg\u00f3lno\u015bci dla nowych przedsi\u0119wzi\u0119\u0107 firm, kt\u00f3re nie specjalizuj\u0105 si\u0119 w IT, mo\u017cemy zapewni\u0107 wsparcie obejmuj\u0105ce projektowanie systemu dla ca\u0142ego przedsi\u0119biorstwa, w\u0142\u0105cznie z opiek\u0105 posprzeda\u017cow\u0105.<\/p>\n\t\t\t<\/li>\n\t\t\t<li>\n\t\t\t\t<div><img decoding=\"async\" src=\"\/wp-content\/themes\/monolith2021\/img\/systemdevelopment\/systemdevelopment_support_pic3.jpg\"><\/div>\n\t\t\t\t<h4>Us\u0142ugi in\u017cynierii systemowej (SES)<\/h4>\n\t\t\t\t<p>MONOLITH LAW OFFICE \u015bwiadczy us\u0142ugi prawne dla wielu firm SES. Zajmujemy si\u0119 opracowywaniem um\u00f3w zwi\u0105zanych z SES, rozwi\u0105zywaniem pozas\u0105dowych spor\u00f3w dotycz\u0105cych konkretnych problem\u00f3w oraz prowadzeniem post\u0119powa\u0144 s\u0105dowych.<\/p>\n\t\t\t<\/li>\n\t\t\t<li>\n\t\t\t\t<div><img decoding=\"async\" src=\"\/wp-content\/themes\/monolith2021\/img\/systemdevelopment\/systemdevelopment_support_pic4.jpg\"><\/div>\n\t\t\t\t<h4>Oprogramowanie open-source (OSS)<\/h4>\n\t\t\t\t<p>Udzielili\u015bmy profesjonalnego wsparcia w projektowaniu i nadzorze dokumentacji u\u017cytkownika dla firm oferuj\u0105cych zar\u00f3wno licencje open source, takie jak GPL, jak i licencje komercyjne.<\/p>\n\t\t\t<\/li>\n\t\t<\/ul>\n\t<\/div>\n<\/section>\n\n<section class=\"white-section\">\n\t<div class=\"anchor\" id=\"publication-achievements-systems-development-legal\"><\/div>\n\t<div class=\"section-inner\">\n\t\t<div class=\"flex reverse\">\n\t\t\t<div class=\"width41\"><img decoding=\"async\" src=\"\/wp-content\/themes\/monolith2021\/img\/pic\/pic_publishing.jpg\" alt=\"Publikacja ksi\u0105\u017cek dotycz\u0105cych kwestii prawnych zwi\u0105zanych z rozwojem system\u00f3w\"><\/div>\n\t\t\t<div class=\"width51\">\n\t\t\t\t<h3>Publikacja ksi\u0105\u017cek na temat prawnych aspekt\u00f3w zwi\u0105zanych z rozwojem system\u00f3w<\/h3>\n\t\t\t\t<p class=\"mgb-small\">Jako kancelaria prawna specjalizuj\u0105ca si\u0119 w tworzeniu system\u00f3w dla us\u0142ug internetowych, aplikacji i gier, opublikowali\u015bmy ksi\u0105\u017ck\u0119 &#8220;Wst\u0119pne pytania i odpowiedzi prawne dla in\u017cynier\u00f3w IT&#8221;. W ksi\u0105\u017cce by\u0142y in\u017cynier, obecnie prawnik, wyja\u015bnia g\u0142\u00f3wnie wiedz\u0119 prawn\u0105 dla in\u017cynier\u00f3w IT.<\/p>\n\t\t\t\t<p>Ksi\u0105\u017cka sk\u0142ada si\u0119 z rozdzia\u0142\u00f3w Pu\u0142apki praw autorskich, Pu\u0142apki um\u00f3w o tworzenie system\u00f3w, Pu\u0142apki stosunk\u00f3w pracy, Punkty kontrolne um\u00f3w, kt\u00f3re dostarczaj\u0105 prawnicze wyja\u015bnienia konkretnych punkt\u00f3w, kt\u00f3re mog\u0105 by\u0107 problematyczne w rzeczywistych sytuacjach tworzenia system\u00f3w.<\/p>\n\t\t\t<\/div>\n\t\t<\/div>\n\t<\/div>\n<\/section>\n\n<section class=\"purple-section\">\n\t<div class=\"anchor\" id=\"crypto-assets-and-blockchain\"><\/div>\n\t<div class=\"section-inner\">\n\t\t<div class=\"flex\">\n\t\t\t<div class=\"width41\"><img decoding=\"async\" src=\"\/wp-content\/uploads\/2022\/07\/shutterstock_1151380622_2.png\" alt=\"Crypto Assets and Blockchain\"><\/div>\n\t\t\t<div class=\"width51\">\n\t\t\t\t<h3>Aktywa kryptograficzne i Blockchain<\/h3>\n\t\t\t\t<p>Blockchain to zdecentralizowana baza danych o niskim ryzyku utraty rekord\u00f3w i trudna do zmiany przesz\u0142ych wpis\u00f3w. Jest to mo\u017cliwe dzi\u0119ki technikom IT, takim jak algorytmy konsensusu, kryptografia i sieci P2P. Kancelaria prawna MONOLITH LAW OFFICE zajmuje si\u0119 pracami prawnymi dotycz\u0105cymi aktyw\u00f3w kryptograficznych i blockchaina od momentu jej otwarcia w 2017 roku.<\/p>\n\t\t\t<\/div>\n\t\t<\/div>\n\t<\/div>\n<\/section>\n\n<section class=\"white-section mgt-section mgb-section\">\n\t<div class=\"anchor\" id=\"manda\"><\/div>\n\t<div class=\"section-inner-black\">\n\t\t<h3>M&amp;A<\/h3>\n\t\t<p class=\"mgb-middle\">Posiadamy obszerne do\u015bwiadczenie w zakresie fuzji i przej\u0119\u0107 zwi\u0105zanych z systemami IT, w tym przenoszenia biznesu i nabywania aplikacji oraz us\u0142ug internetowych.<\/p>\n\t<\/div>\n<\/section>\n\n<section class=\"purple2-section\">\n\t<div class=\"anchor\" id=\"monolith-law-magazine\"><\/div>\n\t<div class=\"section-inner\">\n\t\t    <section class=\"white-section temp-article\">\n        <div class=\"section-inner\">\n            <h4>MONOLITH LAW MAGAZINE<\/h4>\n            <div class=\"articles type_practice_column\">\n                                                                    <div class=\"article article-area\">\n                        <figure>\n                            <div class=\"img-wrap\">\n                                <img alt=\"Wyja\u015bnienie o\u015bmiu problem\u00f3w prawnych zwi\u0105zanych z rozwojem oprogramowania wykorzystuj\u0105cego oprogramowanie open source (OSS)\" src=\"https:\/\/monolith.law\/pl\/wp-content\/uploads\/sites\/16\/2025\/08\/2e3dcd72416c364f481cdcf21967a2a8.webp\" width=\"500\" height=\"250\">\n                            <\/div>\n                            <figcaption>\n                                <div class=\"figcaption-inner\">\n                                    <h3>Wyja\u015bnienie o\u015bmiu problem\u00f3w prawnych zwi\u0105zanych z rozwojem oprogramowania wykorz.<\/h3>\n                                <\/div>\n                            <\/figcaption>\n                            <a href=\"https:\/\/monolith.law\/pl\/it\/oss-law\"><\/a>\n                        <\/figure>\n                    <\/div>\n                                                    <div class=\"article article-area\">\n                        <figure>\n                            <div class=\"img-wrap\">\n                                <img alt=\"Jaki jest zakres odpowiedzialno\u015bci dostawcy za dostarczone produkty zawieraj\u0105ce oprogramowanie typu OSS? Wyja\u015bnienie odpowiedzialno\u015bci cywilnej i \u015brodk\u00f3w zaradczych dla r\u00f3\u017cnych typ\u00f3w um\u00f3w.\" src=\"https:\/\/monolith.law\/pl\/wp-content\/uploads\/sites\/16\/2025\/08\/a3e2bebbbd18ab9195487c8b62e3ba94.webp\" width=\"500\" height=\"250\">\n                            <\/div>\n                            <figcaption>\n                                <div class=\"figcaption-inner\">\n                                    <h3>Jaki jest zakres odpowiedzialno\u015bci dostawcy za dostarczone produkty zawieraj\u0105ce .<\/h3>\n                                <\/div>\n                            <\/figcaption>\n                            <a href=\"https:\/\/monolith.law\/pl\/it\/oss-contract\"><\/a>\n                        <\/figure>\n                    <\/div>\n                                                    <div class=\"article article-area\">\n                        <figure>\n                            <div class=\"img-wrap\">\n                                <img alt=\"Uwagi dotycz\u0105ce korzystania z OSS w umowach o powierzenie rozwoju oprogramowania\" src=\"https:\/\/monolith.law\/pl\/wp-content\/uploads\/sites\/16\/2025\/08\/9132dea58501d53c6b72439e72a5a1e0.webp\" width=\"500\" height=\"250\">\n                            <\/div>\n                            <figcaption>\n                                <div class=\"figcaption-inner\">\n                                    <h3>Uwagi dotycz\u0105ce korzystania z OSS w umowach o powierzenie rozwoju oprogramowania<\/h3>\n                                <\/div>\n                            <\/figcaption>\n                            <a href=\"https:\/\/monolith.law\/pl\/it\/oss-development-contract\"><\/a>\n                        <\/figure>\n                    <\/div>\n                                            <\/div>\n            <div class=\"btn-more\"><a href=\"https:\/\/monolith.law\/pl\/tag\/system-development\">Read More<\/a><\/div>\n        <\/div>\n    <\/section>\n\t<\/div>\n<\/section>\n\n<section class=\"orange2-section\">\n\t<div class=\"anchor\" id=\"fee-structure\"><\/div>\n\t<div class=\"section-inner\">\n\t<div class=\"planWrap\">\n\t<h3>Struktura Op\u0142at<\/h3>\n\t<ul class=\"plan\">\n\t\t<li class=\"txt-left\">\n\t\t\t<div class=\"plan-inner\">\n\t\t\t<div class=\"plan-header\">\n\t\t\t<h4 class=\"plan-title\">Stawka Godzinowa<\/h4>\n\t\t\t<div class=\"plan-price\"><span class=\"price-figure\">$300<\/span>za godzin\u0119<span class=\"price-tax\"><\/span><\/div>\n\t\t\t<\/div>\n\t\t\t<div class=\"plan-body\">W niekt\u00f3rych przypadkach mo\u017cemy rozwa\u017cy\u0107 przyj\u0119cie sporu lub pozwu z op\u0142at\u0105 wst\u0119pn\u0105 oraz op\u0142at\u0105 warunkow\u0105. Po wi\u0119cej szczeg\u00f3\u0142\u00f3w zapraszamy do kontaktu z nami.<\/div>\n\t\t\t<\/div>\n\t\t<\/li>\n\t\t<li class=\"txt-left\">\n\t\t\t<div class=\"plan-inner\">\n\t\t\t<div class=\"plan-header\">\n\t\t\t<h4 class=\"plan-title\">Pisanie Um\u00f3w<\/h4>\n\t\t\t<div class=\"plan-price\"><span class=\"price-value\">od<\/span><span class=\"price-figure\">$500<\/span><span class=\"price-value\">do $2,000 lub wi\u0119cej<\/span><span class=\"price-tax\"><\/span><\/div>\n\t\t\t<\/div>\n\t\t\t<div class=\"plan-body\">Struktura cen mo\u017ce si\u0119 r\u00f3\u017cni\u0107 w zale\u017cno\u015bci od rodzaju i ilo\u015bci um\u00f3w. Z przyjemno\u015bci\u0105 przedstawimy wst\u0119pn\u0105 wycen\u0119 na zapytanie, dlatego zach\u0119camy do kontaktu w celu uzyskania dalszych informacji.<\/div>\n\t\t\t<\/div>\n\t\t<\/li>\n\t\t<li class=\"txt-left\">\n\t\t\t<div class=\"plan-inner\">\n\t\t\t<div class=\"plan-header\">\n\t\t\t<h4 class=\"plan-title\">Inne Us\u0142ugi<\/h4>\n\t\t\t<div class=\"plan-price\"><span class=\"price-figure\">Skontaktuj si\u0119 z Nami<\/span><\/div>\n\t\t\t<\/div>\n\t\t\t<div class=\"plan-body\">Oferujemy szeroki zakres us\u0142ug, w tym zak\u0142adanie sp\u00f3\u0142ek, przegl\u0105d um\u00f3w, opinie prawne, przegl\u0105d spraw oraz pisma badawcze. W przypadku jakichkolwiek pyta\u0144 lub w\u0105tpliwo\u015bci serdecznie zapraszamy do kontaktu, a nasz kompetentny zesp\u00f3\u0142 z przyjemno\u015bci\u0105 udzieli pomocy.<\/div>\n\t\t\t<\/div>\n\t\t\t<\/div>\n\t\t<\/li>\n\t<\/ul>\n\t<\/div>\n\t<\/div>\n<\/section>\n\n<section class=\"white-section\">\n\t<div class=\"section-inner\">\n\t\t<div class=\"btn-area\">\n\t\t\t<div class=\"btn icon-contact\"><a href=\"\/pl\/contact\">Skontaktuj si\u0119 z Nami<\/a><\/div>\n\t\t<\/div>\n\t<\/div>\n<\/section>\n","protected":false},"excerpt":{"rendered":"<p>Rozw\u00f3j System\u00f3w Wysoko wyspecjalizowany rozw\u00f3j system\u00f3w cz\u0119sto wi\u0105\u017ce si\u0119 z trudnymi problemami i negocjacjami kontraktowymi. Jeste\u015bmy gotowi wspiera\u0107 Pa\u0144stwa firm\u0119, wykorzystuj\u0105c nasz\u0105 wiedz\u0119 nie tylk [&hellip;]<\/p>\n","protected":false},"author":1,"featured_media":57152,"parent":0,"menu_order":7,"comment_status":"closed","ping_status":"closed","template":"other-page-temp.php","meta":{"footnotes":""},"acf":[],"_links":{"self":[{"href":"https:\/\/monolith.law\/pl\/wp-json\/wp\/v2\/pages\/32253"}],"collection":[{"href":"https:\/\/monolith.law\/pl\/wp-json\/wp\/v2\/pages"}],"about":[{"href":"https:\/\/monolith.law\/pl\/wp-json\/wp\/v2\/types\/page"}],"author":[{"embeddable":true,"href":"https:\/\/monolith.law\/pl\/wp-json\/wp\/v2\/users\/1"}],"replies":[{"embeddable":true,"href":"https:\/\/monolith.law\/pl\/wp-json\/wp\/v2\/comments?post=32253"}],"version-history":[{"count":33,"href":"https:\/\/monolith.law\/pl\/wp-json\/wp\/v2\/pages\/32253\/revisions"}],"predecessor-version":[{"id":72184,"href":"https:\/\/monolith.law\/pl\/wp-json\/wp\/v2\/pages\/32253\/revisions\/72184"}],"wp:featuredmedia":[{"embeddable":true,"href":"https:\/\/monolith.law\/pl\/wp-json\/wp\/v2\/media\/57152"}],"wp:attachment":[{"href":"https:\/\/monolith.law\/pl\/wp-json\/wp\/v2\/media?parent=32253"}],"curies":[{"name":"wp","href":"https:\/\/api.w.org\/{rel}","templated":true}]}}