{"id":32408,"date":"2021-05-17T14:12:29","date_gmt":"2021-05-17T05:12:29","guid":{"rendered":"https:\/\/monolith.law\/?page_id=32408"},"modified":"2024-01-29T18:11:47","modified_gmt":"2024-01-29T09:11:47","slug":"m-and-a","status":"publish","type":"page","link":"https:\/\/monolith.law\/pl\/m-and-a","title":{"rendered":"Fuzje i przej\u0119cia (M&amp;A)"},"content":{"rendered":"\n<section class=\"heading-area\">\n\t<div class=\"heading-area-inner\">\n\t\t<h2 class=\"icon-m-and-a\">Fuzje i przej\u0119cia (M&#038;A)<\/h2>\n\t\t<p>MONOLITH LAW OFFICE zarz\u0105dza\u0142 licznymi sprawami prawnymi zwi\u0105zanymi z kapita\u0142em w\u0142asnym i M&#038;A, skoncentrowanymi na IT, w tym aplikacjach i us\u0142ugach internetowych. Jeste\u015bmy w stanie przeprowadzi\u0107 tzw. due diligence prawne (DD) w przypadku przej\u0119\u0107 korporacyjnych i innych podobnych sytuacji.<\/p>\n\t<\/div>\n<\/section>\n\n<section class=\"white-section\">\n\t<div class=\"section-inner pdt0 border-bottom-section\">\n\t\t<p>MONOLITH LAW OFFICE zarz\u0105dza\u0142 licznymi transakcjami M&#038;A, w tym transferami biznesowymi, sprawami prawnymi zwi\u0105zanymi z kapita\u0142em w\u0142asnym, takimi jak emisja akcji dla podmiot\u00f3w trzecich, wydawanie opcji na akcje, wykupy mened\u017cerskie (MBO) oraz zak\u0142adanie sp\u00f3\u0142ek joint venture (JV), a tak\u017ce rozstrzyganiem spor\u00f3w zwi\u0105zanych z tymi transakcjami, g\u0142\u00f3wnie w dziedzinie IT, w tym aplikacji i us\u0142ug internetowych. Ponadto mamy system umo\u017cliwiaj\u0105cy przeprowadzenie tzw. due diligence prawnego (DD), czyli badania prawne maj\u0105ce na celu potwierdzenie, czy w sytuacjach takich jak przej\u0119cia korporacyjne nie wyst\u0119puj\u0105 szczeg\u00f3lnie powa\u017cne problemy prawne.<\/p>\n\t<\/div>\n<\/section>\n\n<section class=\"second-nav\">\n\t<div class=\"second-nav-inner\">\n\t\t<p>TEMATY<\/p>\n\t\t<nav>\n\t\t\t<ul>\n\t\t\t\t<li><a href=\"#examples-of-support-provided-by-our-firm\">Przyk\u0142ady wsparcia udzielanego przez nasz\u0105 firm\u0119<\/a><\/li>\n\t\t\t\t<li><a href=\"#share-and-capital-increase\">Emisja akcji i zwi\u0119kszenie kapita\u0142u<\/a><\/li>\n\t\t\t\t<li><a href=\"#ma-related-legal-affairs\">Sprawy prawne zwi\u0105zane z M&#038;A<\/a><\/li>\n\t\t\t\t<li><a href=\"#ma-of-sns-such-as-youtube\">M&#038;A serwis\u00f3w spo\u0142eczno\u015bciowych takich jak YouTube<\/a><\/li>\n\t\t\t\t<li><a href=\"#one-stop-service-in-cooperation-with-judicial-scriveners\">Us\u0142uga kompleksowa we wsp\u00f3\u0142pracy z notariuszami<\/a><\/li>\n\t\t\t\t<li><a href=\"#legal-due-diligence-dd-support\">Wsparcie w due diligence prawnym (DD)<\/a><\/li>\n\t\t\t\t<li><a href=\"#legal-due-diligence-cases-we-have-handled\">Przypadki Due Diligence Prawnego, kt\u00f3re Obs\u0142u\u017cyli\u015bmy<\/a><\/li>\n\t\t\t\t<li><a href=\"#disputes-related-to-stocks-and-investments\">Spory zwi\u0105zane z akcjami i inwestycjami<\/a><\/li>\n\t\t\t\t<li><a href=\"#monolith-law-magazine\">MONOLITH LAW MAGAZINE<\/a><\/li>\n\t\t\t\t<li><a href=\"#fee-structure\">Struktura op\u0142at<\/a><\/li>\n\t\t\t<\/ul>\n\t\t<\/nav>\n\t<\/div>\n<\/section>\n\n<section class=\"white-section\">\n\t<div class=\"anchor\" id=\"examples-of-support-provided-by-our-firm\"><\/div>\n\t<div class=\"section-inner-bottomhalf\">\n\t\t<h3 class=\"mgb-middle\">Przyk\u0142ad wsparcia udzielanego przez nasz\u0105 firm\u0119<\/h3>\n\t\t<ul class=\"mgb-small layout-column4\">\n\t\t\t<li>\n\t\t\t\t<h4>Zwi\u0119kszenie kapita\u0142u poprzez emisj\u0119 akcji dla podmiot\u00f3w trzecich<\/h4>\n\t\t\t\t<div><img decoding=\"async\" src=\"\/wp-content\/themes\/monolith2021\/img\/stockrelatedlaw\/stockrelatedlaw_support_pic1.jpg\"><\/div>\n\t\t\t\t<p>Pomogli\u015bmy wielu firmom venture w pozyskaniu kapita\u0142u poprzez emisj\u0119 akcji dla podmiot\u00f3w trzecich. Wspierali\u015bmy r\u00f3wnie\u017c sp\u00f3\u0142k\u0119 gie\u0142dow\u0105 w dokonaniu pierwszej inwestycji venture capital, przygotowuj\u0105c term sheet i umow\u0119 inwestycyjn\u0105.<\/p>\n\t\t\t<\/li>\n\t\t\t<li>\n\t\t\t\t<h4>Wykup mened\u017cerski (MBO)<\/h4>\n\t\t\t\t<div><img decoding=\"async\" src=\"\/wp-content\/themes\/monolith2021\/img\/stockrelatedlaw\/stockrelatedlaw_support_pic2.jpg\"><\/div>\n\t\t\t\t<p>Pracowali\u015bmy z firmami venture, kt\u00f3re mia\u0142y problemy z relacjami kapita\u0142owymi, rozwijaj\u0105c strategie i przygotowuj\u0105c r\u00f3\u017cne umowy dla wykup\u00f3w mened\u017cerskich (MBO), takie jak pozyskiwanie funduszy, tworzenie nowej jednostki prawnej jako pojazdu transakcyjnego oraz umo\u017cliwienie tej nowej jednostce zakupu akcji od istniej\u0105cych akcjonariuszy.<\/p>\n\t\t\t<\/li>\n\t\t\t<li>\n\t\t\t\t<h4>Zak\u0142adanie sp\u00f3\u0142ek joint venture (JV)<\/h4>\n\t\t\t\t<div><img decoding=\"async\" src=\"\/wp-content\/themes\/monolith2021\/img\/stockrelatedlaw\/stockrelatedlaw_support_pic3.jpg\"><\/div>\n\t\t\t\t<p>Wsp\u00f3\u0142pracowali\u015bmy ze startupami nad zak\u0142adaniem sp\u00f3\u0142ek joint venture (JV), w kt\u00f3rych startup i du\u017ce przedsi\u0119biorstwo posiadaj\u0105 udzia\u0142y w tej samej firmie, przygotowuj\u0105c term sheets, negocjuj\u0105c umowy oraz przenosz\u0105c biznes ze startupu do nowo utworzonej firmy.<\/p>\n\t\t\t\t<\/li>\n\t\t\t<li>\n\t\t\t\t<h4>Spory zwi\u0105zane z akcjami<\/h4>\n\t\t\t\t<div><img decoding=\"async\" src=\"\/wp-content\/themes\/monolith2021\/img\/stockrelatedlaw\/stockrelatedlaw_support_pic4.jpg\"><\/div>\n\t\t\t\t<p>Zajmowali\u015bmy si\u0119 przypadkami, w kt\u00f3rych startup otrzyma\u0142 inwestycje od prywatnego inwestora, a nast\u0119pnie wa\u017cno\u015b\u0107 umowy inwestycyjnej by\u0142a kwestionowana, oraz przypadkami, w kt\u00f3rych za\u0142o\u017cyciel firmy po udanym wykupie by\u0142 p\u00f3\u017aniej oskar\u017cany o niewywi\u0105zanie si\u0119 z obowi\u0105zk\u00f3w i otrzymywa\u0142 roszczenia o odszkodowanie od firmy, kt\u00f3rej sprzeda\u0142 akcje, od negocjacji pozas\u0105dowych po procesy s\u0105dowe.<\/p>\n\t\t\t<\/li>\n\t\t<\/ul>\n\t<\/div>\n<\/section>\n\n<section class=\"white-section\">\n\t<div class=\"section-inner-tophalf\">\n\t\t<div class=\"frame2 max-width860 txt-center-pc\">\n\t\t\t<p class=\"bold txt-l\">\u015awiadczyli\u015bmy us\u0142ugi doradztwa prawnego dla wielu startup\u00f3w IT.<br>Praca prawna zwi\u0105zana z kapita\u0142em w\u0142asnym i M&#038;A to jedna z naszych g\u0142\u00f3wnych dziedzin praktyki.<\/p>\n\t\t<\/div>\n\t<\/div>\n<\/section>\n\n<section class=\"white-section mgb-section80\">\n\t<div class=\"anchor\" id=\"share-and-capital-increase\"><\/div>\n\t<div class=\"section-inner-black\">\n\t\t<h3>Podzia\u0142 i zwi\u0119kszenie kapita\u0142u<\/h3>\n\t\t<p class=\"mgb-middle\">W odniesieniu do emisji akcji poprzez przydzia\u0142 dla os\u00f3b trzecich, zajmujemy si\u0119 wszystkim, pocz\u0105wszy od przygotowania arkuszy warunk\u00f3w, a\u017c po sporz\u0105dzanie um\u00f3w inwestycyjnych i um\u00f3w akcjonariuszy. Zajmujemy si\u0119 r\u00f3wnie\u017c projektowaniem akcji klasowych, kt\u00f3re okre\u015blaj\u0105 preferencyjne dystrybucje, itp., emisj\u0105 praw do nabycia akcji, umowami mi\u0119dzy za\u0142o\u017cycielami, przeniesieniem akcji oraz r\u00f3\u017cnymi innymi strategiami i umowami zwi\u0105zanymi z kapita\u0142em w\u0142asnym.<\/p>\n\n\n\n\t<\/div>\n<\/section>\n\n<section class=\"white-section mgb-section100\">\n\t<div class=\"anchor\" id=\"ma-related-legal-affairs\"><\/div>\n\t<div class=\"section-inner-black\">\n\t\t<h3>Prawne sprawy zwi\u0105zane z M&amp;A<\/h3>\n\t\t<p class=\"mgb-middle\">Posiadamy obszern\u0105 wiedz\u0119 na temat transakcji M&amp;A w szerokim tego s\u0142owa znaczeniu, g\u0142\u00f3wnie w dziedzinie IT, w tym przenoszenia biznes\u00f3w us\u0142ug internetowych i aplikacji, oraz wykupu sp\u00f3\u0142ek typu startup. Reprezentowali\u015bmy r\u00f3wnie\u017c klienta, firm\u0119 notowan\u0105 na g\u0142\u00f3wnej li\u015bcie TSE, w procesie przeniesienia biznesu zwi\u0105zanej z systemami IT od firmy typu startup.<\/p>\n\n\n\n\t<\/div>\n<\/section>\n\n<section class=\"purple-section\">\n\t<div class=\"anchor\" id=\"ma-of-sns-such-as-youtube\"><\/div>\n\t<div class=\"section-inner\">\n\t\t<div class=\"flex reverse\">\n\t\t\t<div class=\"width41\"><img decoding=\"async\" src=\"\/wp-content\/themes\/monolith2021\/img\/pic\/pic_sns_manda.jpg\" alt=\"M&amp;A of SNS such as YouTube\"><\/div>\n\t\t\t<div class=\"width51\">\n\t\t\t\t<h3>M&amp;A w serwisach spo\u0142eczno\u015bciowych takich jak YouTube<\/h3>\n\t\t\t\t<p class=\"mgb-small\">Kana\u0142y na YouTube i konta na Twitterze podlegaj\u0105 M&amp;A, podobnie jak strony internetowe. Jednak ze wzgl\u0119du na specyfik\u0119 tych transakcji M&amp;A, wymagana jest kancelaria prawna z specjalistyczn\u0105 wiedz\u0105 i do\u015bwiadczeniem.<\/p>\n\t\t\t\t<p class=\"mgb-small\">Nasza firma obs\u0142ugiwa\u0142a liczne transakcje M&amp;A dla kana\u0142\u00f3w na YouTube i innych, pocz\u0105wszy od ma\u0142ych kwot, a\u017c po te przekraczaj\u0105ce 100 milion\u00f3w jen\u00f3w, \u015bwiadcz\u0105c us\u0142ugi prawne od sporz\u0105dzania um\u00f3w po due diligence (DD).<\/p>\n\t\t\t\t<div class=\"btn-area align-left\">\n\t\t\t\t\t\n\t\t\t\t<\/div>\n\t\t\t<\/div>\n\t\t<\/div>\n\t<\/div>\n<\/section>\n\n<section class=\"white-section\">\n\t<div class=\"anchor\" id=\"one-stop-service-in-cooperation-with-judicial-scriveners\"><\/div>\n\t<div class=\"section-inner\">\n\t\t<div class=\"flex\">\n\t\t\t<div class=\"width41\"><img decoding=\"async\" src=\"\/wp-content\/themes\/monolith2021\/img\/stockrelatedlaw\/stockrelatedlaw_pic2.jpg\" alt=\"Kompleksowa obs\u0142uga we wsp\u00f3\u0142pracy z notariuszami\"><\/div>\n\t\t\t<div class=\"width51\">\n\t\t\t\t<h3>Kompleksowa obs\u0142uga we wsp\u00f3\u0142pracy z komornikami s\u0105dowymi<\/h3>\n\t\t\t\t<p class=\"mgb-small\">R\u00f3\u017cnego rodzaju prace, takie jak emisja nowych akcji na rzecz os\u00f3b trzecich, s\u0105 zasadniczo podzielone na przygotowanie arkusza warunk\u00f3w, negocjacje kontraktowe oraz przygotowanie um\u00f3w inwestycyjnych i um\u00f3w akcjonariuszy, w kt\u00f3rych specjalizuj\u0105 si\u0119 prawnicy, oraz prace zwi\u0105zane z rejestracj\u0105, kt\u00f3re s\u0105 specjalno\u015bci\u0105 komornik\u00f3w s\u0105dowych.<\/p>\n\t\t\t\t<p class=\"mgb-small\">A poniewa\u017c te zadania s\u0105 ze sob\u0105 powi\u0105zane, koszty komunikacji rosn\u0105, je\u015bli klienci musz\u0105 radzi\u0107 sobie z wieloma firmami oddzielnie.<\/p>\n\t\t\t\t<p>Kancelaria prawna MONOLITH LAW OFFICE, we wsp\u00f3\u0142pracy z biurami komornik\u00f3w s\u0105dowych, jest w stanie obs\u0142u\u017cy\u0107 wszystkie te us\u0142ugi w jednym miejscu i w zintegrowany spos\u00f3b.<\/p>\n\t\t\t<\/div>\n\t\t<\/div>\n\t<\/div>\n<\/section>\n\n<section class=\"orange-section\">\n\t<div class=\"anchor\" id=\"legal-due-diligence-dd-support\"><\/div>\n\t<div class=\"section-inner\">\n\t\t<div class=\"flex reverse\">\n\t\t\t<div class=\"width41\"><img decoding=\"async\" src=\"\/wp-content\/themes\/monolith2021\/img\/pic\/pic_legalduediligence.jpg\" alt=\"Wsparcie w zakresie prawnej nale\u017cytej staranno\u015bci\"><\/div>\n\t\t\t<div class=\"width51\">\n\t\t\t\t<h3>Wsparcie w zakresie Prawnej Weryfikacji Due Diligence<\/h3>\n\t\t\t\t<p class=\"mgb-small\">W przypadku przej\u0119\u0107 korporacyjnych i innych sytuacji, prawna weryfikacja due diligence (DD) to \u015bledztwo prawne maj\u0105ce na celu ustalenie, czy istniej\u0105 jakiekolwiek szczeg\u00f3lnie powa\u017cne problemy prawne w nast\u0119puj\u0105cych obszarach: za\u0142o\u017cenie, struktura korporacyjna, akcje, akcjonariusze, podmioty stowarzyszone, fuzje i przej\u0119cia (M&#038;A), nieruchomo\u015bci, maj\u0105tek ruchomy, prawa w\u0142asno\u015bci intelektualnej, finanse, umowy, spory s\u0105dowe i spory, zgodno\u015b\u0107 z prawem, i tak dalej. Due diligence (DD) to zadanie wymagaj\u0105ce umiej\u0119tno\u015bci organizacyjnych ze strony kancelarii prawnych. Nasz zesp\u00f3\u0142 sk\u0142adaj\u0105cy si\u0119 z 30 prawnik\u00f3w jest zdolny do przeprowadzania takiej prawnej weryfikacji due diligence i przygotowywania raport\u00f3w DD w odpowiednim czasie.<\/p>\n\t\t\t\t<p><span class=\"bold\">*Przygotowanie raportu DD zazwyczaj wymaga ponad 30 godzin pracy prawnika (op\u0142aty za us\u0142ugi prawnika wynosz\u0105 nieco ponad 12 000 dolar\u00f3w).<\/span><\/p>\n\t\t\t<\/div>\n\t\t<\/div>\n\t<\/div>\n<\/section>\n\n<section class=\"orange2-section\">\n\t<div class=\"anchor\" id=\"legal-due-diligence-cases-we-have-handled\"><\/div>\n\t<div class=\"section-inner\">\n\t\t<h3>Przypadki Due Diligence Prawnego, kt\u00f3re Obs\u0142u\u017cyli\u015bmy<\/h3>\n\t\t<p class=\"mgb-small\">Zasadniczo zakres Due Diligence obejmuje kwestie stanowi\u0105ce fundament dla firm lub operacji biznesowych, jak r\u00f3wnie\u017c te, kt\u00f3re maj\u0105 znacz\u0105cy wp\u0142yw na dzia\u0142alno\u015b\u0107 korporacyjn\u0105.<\/p>\n\t\t<p class=\"mgb-small\">W szczeg\u00f3lno\u015bci chodzi o ocen\u0119, w kontek\u015bcie struktury korporacyjnej i zarz\u0105dzania, czy firmy lub przedsi\u0119biorstwa mog\u0105 utrzyma\u0107 si\u0119 na rynku, identyfikacj\u0119 niezb\u0119dnych regulacji prawnych i pozwole\u0144 umo\u017cliwiaj\u0105cych dalszy rozw\u00f3j, oraz ustalenie, czy utrzymanie takich pozwole\u0144 jest wykonalne. Dodatkowo, obejmuje to ocen\u0119 stanu wa\u017cnych aktyw\u00f3w i pasyw\u00f3w zwi\u0105zanych z dzia\u0142alno\u015bci\u0105 biznesow\u0105, ustalenie braku istotnych um\u00f3w (w tym pracowniczych i transakcji ze stronami powi\u0105zanymi), ocen\u0119 mo\u017cliwo\u015bci kontynuowania korzystnych warunk\u00f3w oraz ewaluacj\u0119 potencjalnego wp\u0142ywu zmanifestowanych ryzyk, kt\u00f3re mog\u0105 si\u0119 pojawi\u0107.<\/p>\n\t\t<p class=\"mgb-middle\">Chocia\u017c w zasadzie opiera si\u0119 to na wymienionych aspektach, zakres prawnej due diligence jest dostosowywany do konkretnych punkt\u00f3w zwi\u0105zanych z charakterem firmy lub przedsi\u0119biorstwa.<\/p>\n\t\t<ol class=\"layout-datalist\">\n\t\t\t<li>\n\t\t\t\t<h4>Startup technologiczny<\/h4>\n\t\t\t\t<p>Pocz\u0105wszy od badania struktury korporacyjnej, w tym emisji akcji i sk\u0142adu akcjonariuszy oraz dyrektor\u00f3w, k\u0142adziemy r\u00f3wnie\u017c nacisk na dok\u0142adne zbadanie opatentowanych wynalazk\u00f3w i innych praw zwi\u0105zanych z g\u0142\u00f3wn\u0105 dzia\u0142alno\u015bci\u0105 biznesow\u0105, analiz\u0119 biznesu.<\/p>\n\t\t\t<\/li>\n\t\t\t<li>\n\t\t\t\t<h4>Firma zarz\u0105dzaj\u0105ca mediami<\/h4>\n\t\t\t\t<p>Badali\u015bmy ich kana\u0142y na YouTube, aby sprawdzi\u0107, czy dzia\u0142aj\u0105 zgodnie z Warunkami \u015awiadczenia Us\u0142ug i Polityk\u0105 Prywatno\u015bci, a tak\u017ce czy wcze\u015bniej opublikowane tre\u015bci wideo s\u0105 zgodne z przepisami dotycz\u0105cymi praw autorskich i regulacji reklamowych.<\/p>\n\t\t\t<\/li>\n\t\t\t<li>\n\t\t\t\t<h4>Firma IT oparta na kontraktach<\/h4>\n\t\t\t\t<p>W obliczu stwierdzenia rozbie\u017cno\u015bci mi\u0119dzy Statutem a rzeczywist\u0105 sytuacj\u0105 dotycz\u0105c\u0105 emisji akcji i organizacji zgromadze\u0144 akcjonariuszy, wyja\u015bnili\u015bmy ryzyka zwi\u0105zane z tymi kwestiami oraz pomogli\u015bmy w wdro\u017ceniu przysz\u0142ych \u015brodk\u00f3w zaradczych.<\/p>\n\t\t\t<\/li>\n\t\t\t<li>\n\t\t\t\t<h4>Retailerzy zwi\u0105zani z PC<\/h4>\n\t\t\t\t<p>Opr\u00f3cz skupienia si\u0119 na samej dzia\u0142alno\u015bci biznesowej, ocenili\u015bmy r\u00f3wnie\u017c stan transakcji z innymi firmami i status um\u00f3w na zakup produkt\u00f3w firmy. Ponadto, bior\u0105c pod uwag\u0119, \u017ce firma zajmowa\u0142a si\u0119 r\u00f3wnie\u017c dzia\u0142alno\u015bci\u0105 budowlan\u0105, dok\u0142adnie potwierdzili\u015bmy szczeg\u00f3\u0142y licencji i pozwole\u0144 zwi\u0105zanych z kontynuacj\u0105 dzia\u0142alno\u015bci budowlanej oraz ich status odnowienia, w tym lokalizacj\u0119 odpowiedzialnej strony.<\/p>\n\t\t\t<\/li>\n\t\t\t<li>\n\t\t\t\t<h4>Producenci zwi\u0105zani z PC<\/h4>\n\t\t\t\t<p>Opr\u00f3cz badania warunk\u00f3w pracy, takich jak regulamin pracy i regulacje p\u0142acowe, bior\u0105c pod uwag\u0119, \u017ce firma posiada\u0142a kilka maszyn roboczych, fabryk i grunt\u00f3w, dok\u0142adnie zbadali\u015bmy prawa i warto\u015b\u0107 nabycia takich aktyw\u00f3w.<\/p>\n\t\t\t<\/li>\n\t\t<\/ol>\n\t<\/div>\n<\/section>\n\n<section class=\"white-section\">\n\t<div class=\"anchor\" id=\"disputes-related-to-stocks-and-investments\"><\/div>\n\t<div class=\"section-inner\">\n\t\t<div class=\"flex\">\n\t\t\t<div class=\"width41\"><img decoding=\"async\" src=\"\/wp-content\/themes\/monolith2021\/img\/stockrelatedlaw\/stockrelatedlaw_pic4.jpg\" alt=\"Spory zwi\u0105zane z akcjami i inwestycjami\"><\/div>\n\t\t\t<div class=\"width51\">\n\t\t\t\t<h3>Spor\u00f3w zwi\u0105zanych z akcjami i inwestycjami<\/h3>\n\t\t\t\t<p>Posiadamy du\u017ce do\u015bwiadczenie w rozwi\u0105zywaniu problem\u00f3w i spor\u00f3w zwi\u0105zanych z inwestycjami i innymi kwestiami, pocz\u0105wszy od proces\u00f3w s\u0105dowych pomi\u0119dzy korporacjami a akcjonariuszami, takimi jak pow\u00f3dztwa derywacyjne akcjonariuszy, po problemy zwi\u0105zane ze zwi\u0119kszeniem kapita\u0142u, wykupem i innymi sprawami.<\/p>\n\t\t\t<\/div>\n\t\t<\/div>\n\t<\/div>\n<\/section>\n\n<section class=\"purple2-section\">\n\t<div class=\"anchor\" id=\"monolith-law-magazine\"><\/div>\n\t<div class=\"section-inner\">\n\t\t    <section class=\"white-section temp-article\">\n        <div class=\"section-inner\">\n            <h4>MONOLITH LAW MAGAZINE<\/h4>\n            <div class=\"articles type_practice_column\">\n                                                                    <div class=\"article article-area\">\n                        <figure>\n                            <div class=\"img-wrap\">\n                                <img alt=\"\u3010\u65bd\u884c\u4ee4\u548c6\u5e74(2024\u5e74)10\u6708\u3011Zalety i wady nieujawniania adresu dyrektora zarz\u0105dzaj\u0105cego w rejestrze handlowym \u2013 kompleksowe wyja\u015bnienie\" src=\"https:\/\/monolith.law\/pl\/wp-content\/uploads\/sites\/16\/2024\/07\/shutterstock_446633164-1.webp\" width=\"500\" height=\"250\">\n                            <\/div>\n                            <figcaption>\n                                <div class=\"figcaption-inner\">\n                                    <h3>\u3010\u65bd\u884c\u4ee4\u548c6\u5e74(2024\u5e74)10\u6708\u3011Zalety i wady nieujawniania adresu dyrektora zarz\u0105dzaj\u0105cego w .<\/h3>\n                                <\/div>\n                            <\/figcaption>\n                            <a href=\"https:\/\/monolith.law\/pl\/general-corporate\/ceo-address-hidden\"><\/a>\n                        <\/figure>\n                    <\/div>\n                                                    <div class=\"article article-area\">\n                        <figure>\n                            <div class=\"img-wrap\">\n                                <img alt=\"\u201eG\u0142\u00f3wne schematy i r\u00f3\u017cnice w M&amp;A dla przedsi\u0119biorc\u00f3w w bran\u017cy opieki d\u0142ugoterminowej\u201d\" src=\"https:\/\/monolith.law\/pl\/wp-content\/uploads\/sites\/16\/2024\/04\/Shutterstock_1789226708.webp\" width=\"500\" height=\"250\">\n                            <\/div>\n                            <figcaption>\n                                <div class=\"figcaption-inner\">\n                                    <h3>\u201eG\u0142\u00f3wne schematy i r\u00f3\u017cnice w M&amp;A dla przedsi\u0119biorc\u00f3w w bran\u017cy opieki d\u0142ugote.<\/h3>\n                                <\/div>\n                            <\/figcaption>\n                            <a href=\"https:\/\/monolith.law\/pl\/general-corporate\/nursing_care_ma\"><\/a>\n                        <\/figure>\n                    <\/div>\n                                                    <div class=\"article article-area\">\n                        <figure>\n                            <div class=\"img-wrap\">\n                                <img alt=\"Wzrost transakcji mi\u0119dzynarodowych: Prawo w\u0142a\u015bciwe dla mi\u0119dzynarodowych um\u00f3w handlowych i r\u00f3\u017cnice w stosunku do krajowych um\u00f3w\" src=\"https:\/\/monolith.law\/pl\/wp-content\/uploads\/sites\/16\/2024\/04\/Shutterstock_736886620.webp\" width=\"500\" height=\"250\">\n                            <\/div>\n                            <figcaption>\n                                <div class=\"figcaption-inner\">\n                                    <h3>Wzrost transakcji mi\u0119dzynarodowych: Prawo w\u0142a\u015bciwe dla mi\u0119dzynarodowych um\u00f3w han.<\/h3>\n                                <\/div>\n                            <\/figcaption>\n                            <a href=\"https:\/\/monolith.law\/pl\/general-corporate\/international-contract\"><\/a>\n                        <\/figure>\n                    <\/div>\n                                            <\/div>\n            <div class=\"btn-more\"><a href=\"https:\/\/monolith.law\/pl\/tag\/m-and-a\">Read More<\/a><\/div>\n        <\/div>\n    <\/section>\n\t<\/div>\n<\/section>\n\n<section class=\"orange2-section\">\n\t<div class=\"anchor\" id=\"fee-structure\"><\/div>\n\t<div class=\"section-inner\">\n\t<div class=\"planWrap\">\n\t<h3>Struktura Op\u0142at<\/h3>\n\t<ul class=\"plan\">\n\t\t<li class=\"txt-left\">\n\t\t\t<div class=\"plan-inner\">\n\t\t\t<div class=\"plan-header\">\n\t\t\t<h4 class=\"plan-title\">Stawka Godzinowa<\/h4>\n\t\t\t<div class=\"plan-price\"><span class=\"price-figure\">$300<\/span> za godzin\u0119 <span class=\"price-tax\"><\/span><\/div>\n\t\t\t<\/div>\n\t\t\t<div class=\"plan-body\">W niekt\u00f3rych przypadkach mo\u017cemy rozwa\u017cy\u0107 przyj\u0119cie sporu lub pozwu z op\u0142at\u0105 wst\u0119pn\u0105 oraz op\u0142at\u0105 warunkow\u0105. Po wi\u0119cej szczeg\u00f3\u0142\u00f3w zapraszamy do kontaktu z nami.<\/div>\n\t\t\t<\/div>\n\t\t<\/li>\n\t\t<li class=\"txt-left\">\n\t\t\t<div class=\"plan-inner\">\n\t\t\t<div class=\"plan-header\">\n\t\t\t<h4 class=\"plan-title\">Sporz\u0105dzanie Um\u00f3w<\/h4>\n\t\t\t<div class=\"plan-price\"><span class=\"price-value\">od<\/span><span class=\"price-figure\">$500<\/span><span class=\"price-value\">do $2,000 lub wi\u0119cej<\/span><span class=\"price-tax\"><\/span><\/div>\n\t\t\t<\/div>\n\t\t\t<div class=\"plan-body\">Struktura cen mo\u017ce si\u0119 r\u00f3\u017cni\u0107 w zale\u017cno\u015bci od rodzaju i ilo\u015bci um\u00f3w. Z przyjemno\u015bci\u0105 przedstawimy wst\u0119pn\u0105 wycen\u0119 na zapytanie, dlatego zach\u0119camy do kontaktu w celu uzyskania dalszych informacji.<\/div>\n\t\t\t<\/div>\n\t\t<\/li>\n\t\t<li class=\"txt-left\">\n\t\t\t<div class=\"plan-inner\">\n\t\t\t<div class=\"plan-header\">\n\t\t\t<h4 class=\"plan-title\">Inne Us\u0142ugi<\/h4>\n\t\t\t<div class=\"plan-price\"><span class=\"price-figure\">Skontaktuj si\u0119 z Nami<\/span><\/div>\n\t\t\t<\/div>\n\t\t\t<div class=\"plan-body\">Oferujemy szeroki zakres us\u0142ug, w tym zak\u0142adanie sp\u00f3\u0142ek, przegl\u0105d um\u00f3w, opinie prawne, przegl\u0105d spraw oraz pisma badawcze. W przypadku jakichkolwiek pyta\u0144 lub w\u0105tpliwo\u015bci serdecznie zapraszamy do kontaktu, a nasz kompetentny zesp\u00f3\u0142 z przyjemno\u015bci\u0105 udzieli pomocy.<\/div>\n\t\t\t<\/div>\n\t\t\t<\/div>\n\t\t<\/li>\n\t<\/ul>\n\t<\/div>\n\t<\/div>\n<\/section>\n\n<section class=\"white-section\">\n\t<div class=\"section-inner\">\n\t\t<div class=\"btn-area\">\n\t\t\t<div class=\"btn icon-contact\"><a href=\"\/pl\/contact\">Skontaktuj si\u0119 z Nami<\/a><\/div>\n\t\t<\/div>\n\t<\/div>\n<\/section>\n","protected":false},"excerpt":{"rendered":"<p>Fuzje i przej\u0119cia (M&#038;A) MONOLITH LAW OFFICE zarz\u0105dza\u0142 licznymi sprawami prawnymi zwi\u0105zanymi z kapita\u0142em w\u0142asnym i M&#038;A, skoncentrowanymi na IT, w tym aplikacjach i us\u0142ugach internetowych. Jes [&hellip;]<\/p>\n","protected":false},"author":1,"featured_media":57141,"parent":0,"menu_order":7,"comment_status":"closed","ping_status":"closed","template":"other-page-temp.php","meta":{"footnotes":""},"acf":[],"_links":{"self":[{"href":"https:\/\/monolith.law\/pl\/wp-json\/wp\/v2\/pages\/32408"}],"collection":[{"href":"https:\/\/monolith.law\/pl\/wp-json\/wp\/v2\/pages"}],"about":[{"href":"https:\/\/monolith.law\/pl\/wp-json\/wp\/v2\/types\/page"}],"author":[{"embeddable":true,"href":"https:\/\/monolith.law\/pl\/wp-json\/wp\/v2\/users\/1"}],"replies":[{"embeddable":true,"href":"https:\/\/monolith.law\/pl\/wp-json\/wp\/v2\/comments?post=32408"}],"version-history":[{"count":32,"href":"https:\/\/monolith.law\/pl\/wp-json\/wp\/v2\/pages\/32408\/revisions"}],"predecessor-version":[{"id":59788,"href":"https:\/\/monolith.law\/pl\/wp-json\/wp\/v2\/pages\/32408\/revisions\/59788"}],"wp:featuredmedia":[{"embeddable":true,"href":"https:\/\/monolith.law\/pl\/wp-json\/wp\/v2\/media\/57141"}],"wp:attachment":[{"href":"https:\/\/monolith.law\/pl\/wp-json\/wp\/v2\/media?parent=32408"}],"curies":[{"name":"wp","href":"https:\/\/api.w.org\/{rel}","templated":true}]}}