{"id":4096,"date":"2019-08-29T03:42:29","date_gmt":"2019-08-28T18:42:29","guid":{"rendered":"https:\/\/monolith.law\/?page_id=4096"},"modified":"2023-12-08T19:35:11","modified_gmt":"2023-12-08T10:35:11","slug":"overview-of-our-firm","status":"publish","type":"page","link":"https:\/\/monolith.law\/pl\/overview-of-our-firm","title":{"rendered":"Przegl\u0105d naszej firmy"},"content":{"rendered":"\n<section class=\"heading-area\">\n\t<div class=\"heading-area-inner\">\n\t\t<h2 class=\"icon-overview-of-our-firm\">Przegl\u0105d naszej firmy<\/h2>\n\t\t<p>MONOLITH LAW OFFICE to kancelaria prawna z siedzib\u0105 w Tokio, specjalizuj\u0105ca si\u0119 w dziedzinach IT, Internetu i biznesu. Nasz zesp\u00f3\u0142 sk\u0142ada si\u0119 ze specjalist\u00f3w IT, w tym za\u0142o\u017cyciela kancelarii, Toki Kawase, kt\u00f3ry posiada bogate do\u015bwiadczenie jako in\u017cynier IT.<\/p>\n\t<\/div>\n<\/section>\n<section class=\"white-section\">\n\t<div class=\"section-inner pdt0 border-bottom-section\">\n\t\t<p>Za\u0142o\u017cyciel naszej kancelarii, Toki Kawase, interesowa\u0142 si\u0119 programowaniem ju\u017c od trzeciej klasy szko\u0142y podstawowej i pracowa\u0142 w bran\u017cy IT ju\u017c jako student uniwersytetu. W swoich dwudziestych latach zdobywa\u0142 do\u015bwiadczenie zarz\u0105dzaj\u0105c startupami i wi\u0119kszymi przedsi\u0119biorstwami. Dzi\u0119ki synergii tych unikalnych do\u015bwiadcze\u0144, nasza firma dysponuje zespo\u0142em profesjonalist\u00f3w IT, kt\u00f3rzy pomagaj\u0105 dostarcza\u0107 rozwi\u0105zania naszym klientom. <br>MONOLITH LAW OFFICE \u015bwiadczy us\u0142ugi doradztwa prawnego, w pe\u0142ni wykorzystuj\u0105c swoje kompetencje w dziedzinie IT. Nasi klienci to zar\u00f3wno czo\u0142owe przedsi\u0119biorstwa, jak i firmy na wczesnym etapie rozwoju. Posiadamy bogate do\u015bwiadczenie w \u015bwiadczeniu us\u0142ug prawnych zwi\u0105zanych z IT dla r\u00f3\u017cnych firm.<\/p>\n\t<\/div>\n<\/section>\n<section class=\"second-nav\">\n\t<div class=\"second-nav-inner\">\n\t\t<p>TEMATY<\/p>\n\t\t<nav>\n\t\t\t<ul>\n\t\t\t\t<li><a href=\"#specialization-in-it\">Specjalizacja w IT<\/a><\/li>\n\t\t\t\t<li><a href=\"#law-firm-at-otemachi-tokyo\">Kancelaria prawna w Otemachi, Tokio<\/a><\/li>\n\t\t\t\t<li><a href=\"#what-is-a-monolith\">Czym jest Monolith<\/a><\/li>\n\t\t\t\t<li><a href=\"#from-legal-advisor-to-it-specialized-lawyer\">Od doradcy prawnego do specjalisty prawa IT<\/a><\/li>\n\t\t\t\t<li><a href=\"#handling-cross-border-legal-matters\">Zajmowanie si\u0119 sprawami prawnymi o charakterze transgranicznym<\/a><\/li>\n\t\t\t\t<li><a href=\"#our-clients\">Nasi klienci<\/a><\/li>\n\t\t\t<\/ul>\n\t\t<\/nav>\n\t<\/div>\n<\/section>\n<section class=\"white-section\">\n\t<div class=\"anchor\" id=\"specialization-in-it\"><\/div>\n\t<div class=\"section-inner\">\n\t\t<div class=\"flex\">\n\t\t\t<div class=\"width41\"><img decoding=\"async\" src=\"\/wp-content\/uploads\/2023\/06\/about_pic1.jpg\" alt=\"Specialization in IT\"><\/div>\n\t\t\t<div class=\"width51\">\n\t\t\t\t<h3>Specjalizacja w IT<\/h3>\n\t\t\t\t<p class=\"mgb-small\">Jeste\u015bmy kancelari\u0105 prawn\u0105 z siedzib\u0105 w Tokio, specjalizuj\u0105c\u0105 si\u0119 w dziedzinie IT. Posiadamy nie tylko zesp\u00f3\u0142 prawnik\u00f3w specjalizuj\u0105cych si\u0119 w r\u00f3\u017cnych obszarach IT, ale r\u00f3wnie\u017c zesp\u00f3\u0142 konsultant\u00f3w IT z obszern\u0105 wiedz\u0105 w tej bran\u017cy. Dzi\u0119ki synergii prawa i IT zapewniamy najlepsze interesy naszych klient\u00f3w.<\/p>\n\t\t\t\t<p class=\"mgb-small\">Nasz reprezentuj\u0105cy prawnik Toki Kawase zacz\u0105\u0142 programowa\u0107 ju\u017c w trzeciej klasie szko\u0142y podstawowej. Toki zanurzy\u0142 si\u0119 w bran\u017cy IT zaraz po rozpocz\u0119ciu studi\u00f3w; a tak\u017ce w biznesie, szczeg\u00f3lnie w startupach i ma\u0142ych oraz \u015brednich przedsi\u0119biorstwach, z kt\u00f3rymi mia\u0142 do czynienia b\u0119d\u0105c w swoich dwudziestych latach. To s\u0105 mocne strony Toki Kawase, naszego za\u0142o\u017cyciela i prawnika, oraz obszary praktyki MONOLITH LAW OFFICE.<\/p>\n\t\t\t\t<p class=\"mgb-middle\">Z tych perspektyw MONOLITH LAW OFFICE koncentruje si\u0119 na doradztwie i innych us\u0142ugach z &#8220;IT&#8221; jako s\u0142owem kluczowym, od firm z najwy\u017cszej p\u00f3\u0142ki po startupy na wczesnym etapie rozwoju, jak r\u00f3wnie\u017c us\u0142ugach z &#8220;Internetem&#8221; i &#8220;Biznesem&#8221; jako s\u0142owami kluczowymi, od spraw prawnych internetowych dla sp\u00f3\u0142ek notowanych na gie\u0142dzie po fuzje i przej\u0119cia (M&#038;A).<\/p>\n\t\t\t\t<div class=\"btn-area\">\n\t\t\t\t\t<div class=\"btn icon-services\"><a href=\"\/pl\/services\">Us\u0142ugi<\/a><\/div>\n\t\t\t\t\t<div class=\"btn icon-people\"><a href=\"\/en\/people\">Zesp\u00f3\u0142[en]<\/a><\/div>\n\t\t\t\t<\/div>\n\t\t\t<\/div>\n\t\t<\/div>\n\t<\/div>\n<\/section>\n<section class=\"purple-section\">\n\t<div class=\"anchor\" id=\"law-firm-at-otemachi-tokyo\"><\/div>\n\t<div class=\"section-inner\">\n\t\t<div class=\"flex reverse\">\n\t\t\t<div class=\"width41\"><img decoding=\"async\" src=\"\/wp-content\/uploads\/2023\/06\/about_pic2.jpg\" alt=\"Law Firm at Otemachi, Tokyo\"><\/div>\n\t\t\t<div class=\"width51\">\n\t\t\t\t<div class=\"inline-inner\">\n\t\t\t\t\t<h3>Kancelaria prawna w Otemachi, Tokio<\/h3>\n\t\t\t\t\t<p class=\"mgb-small\">MONOLITH LAW OFFICE to japo\u0144ska kancelaria prawna zlokalizowana w Otemachi, Chiyoda-ku, Tokio.<\/p>\n\t\t\t\t\t<p class=\"mgb-small\">S\u0142u\u017cyli\u015bmy jako doradcy prawni dla oko\u0142o 1087 firm IT, pocz\u0105wszy od firm start-up na etapie seed, a\u017c po firmy z pierwszej sekcji TSE, kt\u00f3re reprezentuj\u0105 najwi\u0119ksze i najbardziej presti\u017cowe firmy notowane na Gie\u0142dzie Papier\u00f3w Warto\u015bciowych w Tokio. \u015awiadczymy us\u0142ugi prawne dla \u0142\u0105cznie 1855 klient\u00f3w, skupiaj\u0105c si\u0119 na sprawach prawnych zwi\u0105zanych z IT, takich jak zapobieganie szkodzeniu reputacji, zwalczanie znies\u0142awienia i spory zwi\u0105zane z rozwojem system\u00f3w.<\/p>\n\t\t\t\t\t<p class=\"mgb-middle\">&#8220;Ekspertyza w IT i biznesie&#8221; to to, co nas wyr\u00f3\u017cnia.<\/p>\n\t\t\t\t\t<div class=\"btn-area\">\n\t\t\t\t\t\t<div class=\"btn icon-access\"><a href=\"\/pl\/access\">Dost\u0119p<\/a><\/div>\n\t\t\t\t\t<\/div>\n\t\t\t\t<\/div>\n\t\t\t<\/div>\n\t\t<\/div>\n\t<\/div>\n<\/section>\n<section class=\"white-section\">\n\t<div class=\"anchor\" id=\"what-is-a-monolith\"><\/div>\n\t<div class=\"section-inner\">\n\t\t<div class=\"flex\">\n\t\t\t<div class=\"width41\"><img decoding=\"async\" src=\"\/wp-content\/themes\/monolith2021\/img\/about\/about_pic3.jpg\" alt=\"What is a Monolith\"><\/div>\n\t\t\t<div class=\"width51\">\n\t\t\t\t<h3>Co to jest Monolit<\/h3>\n\t\t\t\t<p class=\"mgb-small\">S\u0142owo &#8220;monolit&#8221; pochodzi z \u0142aciny i oznacza pojedyncz\u0105 lub izolowan\u0105 ska\u0142\u0119. W filmie Stanleya Kubricka &#8220;2001: Odyseja kosmiczna&#8221; s\u0105 one przedstawione jako narz\u0119dzia pozaziemskiej inteligencji, maj\u0105ce na celu katalizowanie ewolucji ludzko\u015bci.<\/p>\n\t\t\t\t<p class=\"mgb-small\">Misj\u0105 MONOLITH LAW OFFICE jest promowanie ewolucji IT i innych technologii, a tak\u017ce system\u00f3w spo\u0142ecznych jako specjalisty prawnego. MONOLITH pracuje nad testowaniem hipotez podnoszonych przez startupy, koordynacj\u0105 IT i prawa w \u015brodkach przeciwdzia\u0142ania szkodom w reputacji, a tak\u017ce rozwi\u0105zywaniu spor\u00f3w i budowaniu bardziej p\u0142ynnych system\u00f3w biznesowych.<\/p>\n\t\t\t\t<p class=\"mgb-small\">MONOLITH LAW OFFICE wierzy, \u017ce prawo katalizuje ewolucj\u0119 ludzko\u015bci poprzez technologi\u0119 i spo\u0142ecze\u0144stwo. <\/p>\n\t\t\t\t<p class=\"mgb-middle\">Ostatecznym celem MONOLITH LAW OFFICE jest promowanie ewolucji IT, spo\u0142ecze\u0144stwa i ludzko\u015bci. <\/p>\n\t\t<\/div>\n\t<\/div>\n<\/section>\n<section class=\"orange-section\">\n\t<div class=\"anchor\" id=\"from-legal-advisor-to-it-specialized-lawyer\"><\/div>\n\t<div class=\"section-inner\">\n\t\t<div class=\"flex reverse\">\n\t\t\t<div class=\"width41\"><img decoding=\"async\" src=\"\/wp-content\/uploads\/2023\/06\/about_pic4.jpg\" alt=\"From \"><\/div>\n\t\t\t<div class=\"width51\">\n\t\t\t\t<h3>Od doradztwa prawnego do specjalist\u00f3w prawa IT<\/h3>\n\t\t\t\t<p class=\"mgb-small\">Kancelaria prawna MONOLITH LAW OFFICE podkre\u015bla swoje atuty w dziedzinach &#8220;prawa IT, prawa internetowego i prawa biznesowego&#8221;. \u015awiadczymy us\u0142ugi prawne dla wielu firm, koncentruj\u0105c si\u0119 na IT. Oferujemy dwa g\u0142\u00f3wne rodzaje us\u0142ug prawnych.<\/p>\n\t\t\t\t<p class=\"mgb-small\">Pierwszy to us\u0142uga oparta na stanowisku &#8220;General Counsel&#8221; lub &#8220;Chief Legal Officer&#8221; dla firmy IT. Poniewa\u017c g\u0142\u00f3wna dzia\u0142alno\u015b\u0107 firmy jest zwi\u0105zana z IT, nasza kancelaria jest wybierana ze wzgl\u0119du na zdolno\u015b\u0107 do zrozumienia technologii IT i biznesu klienta.<\/p>\n\t\t\t\t<p class=\"mgb-small\">Drugi to dzia\u0142anie jako &#8220;specjalista prawa IT\/internetowego&#8221; dla firm, dla kt\u00f3rych IT nie jest g\u0142\u00f3wn\u0105 dzia\u0142alno\u015bci\u0105. Mimo \u017ce IT nie jest rdzeniem biznesu w takich bran\u017cach jak finanse, nieruchomo\u015bci czy restauracje, nie mog\u0105 one ju\u017c istnie\u0107 bez IT i Internetu. Zapewniamy wsparcie z perspektywy prawnej firmom w ich dzia\u0142aniach zwi\u0105zanych z IT i Internetem.<\/p>\n\t\t\t\t<p class=\"mgb-middle\">Kancelaria prawna MONOLITH LAW OFFICE b\u0119dzie wsp\u00f3\u0142pracowa\u0107 z Pa\u0144stwem na r\u00f3\u017cnych p\u0142aszczyznach, wykorzystuj\u0105c nasz\u0105 wysok\u0105 ekspertyz\u0119, aby wspiera\u0107 rozw\u00f3j Pa\u0144stwa firmy.<\/p>\n\t\t\t\t<div class=\"btn-area\">\n\t\t\t\t\t<div class=\"btn icon-general-corporate\"><a href=\"\/pl\/services#general-corporate\">Prawo korporacyjne<\/a><\/div>\n\t\t\t\t\t<div class=\"btn icon-it\"><a href=\"\/pl\/services#it\">IT<\/a><\/div>\n\t\t\t\t<\/div>\n\t\t\t<\/div>\n\t\t<\/div>\n\t<\/div>\n<\/section>\n<section class=\"white-section\">\n\t<div class=\"anchor\" id=\"handling-cross-border-legal-matters\"><\/div>\n\t<div class=\"section-inner\">\n\t\t<div class=\"flex\">\n\t\t\t<div class=\"width41\"><img decoding=\"async\" src=\"\/wp-content\/uploads\/2023\/06\/about_pic5.jpg\" alt=\"Handling cross-border legal matters\"><\/div>\n\t\t\t<div class=\"width51\">\n\t\t\t\t<h3>Zarz\u0105dzanie transgranicznymi sprawami prawnymi<\/h3>\n\t\t\t\t<p class=\"mgb-small\">Zarz\u0105dzanie transgranicznymi sprawami prawnymi w sektorach IT i Internetu to nasza specjalno\u015b\u0107. W miar\u0119 jak globalizacja i dzia\u0142ania transgraniczne zyskuj\u0105 na znaczeniu, posiadanie odpowiedniego wsparcia prawnego staje si\u0119 kluczowe.<\/p>\n\t\t\t\t<p class=\"mgb-small\">Na przyk\u0142ad, gdy japo\u0144ska firma SaaS rozszerza swoj\u0105 dzia\u0142alno\u015b\u0107 na rynki mi\u0119dzynarodowe, przestrzeganie lokalnych wymog\u00f3w prawnych i regulacji staje si\u0119 niezb\u0119dne. Podobnie, przy otrzymywaniu zagranicznych inwestycji, pomoc w opracowywaniu i negocjowaniu um\u00f3w inwestycyjnych oraz powi\u0105zanych dokument\u00f3w prawnych jest konieczna. Z kolei dla japo\u0144skich firm zaanga\u017cowanych w zagraniczne fuzje i przej\u0119cia lub globaln\u0105 ekspansj\u0119, zrozumienie lokalnych praw i regulacji jest niezb\u0119dne. Co wi\u0119cej, pokonywanie barier j\u0119zykowych i kulturowych w przypadkach takich jak marketing influencer\u00f3w i rosn\u0105cy popyt krajowy wymaga adresowania lokalnych praw i kwestii umownych.<\/p>\n\t\t\t\t<p class=\"mgb-middle\">Kancelaria prawna MONOLITH LAW OFFICE wzmocni\u0142a swoje mo\u017cliwo\u015bci w zaawansowanych dziedzinach prawa, aby sprosta\u0107 wymaganiom dzia\u0142alno\u015bci transgranicznej i globalizacji. \u0141\u0105cz\u0105c nasz zesp\u00f3\u0142 prawnik\u00f3w z in\u017cynierami i innymi specjalistami, zapewniamy kompleksowe wsparcie, wykorzystuj\u0105c wiedz\u0119 techniczn\u0105 i ekspertyz\u0119 prawnicz\u0105, dla mi\u0119dzynarodowej ekspansji i globalnych przedsi\u0119wzi\u0119\u0107 biznesowych naszych klient\u00f3w.<\/p>\n\t\t\t\t<div class=\"btn-area\">\n\t\t\t\t\t<div class=\"btn icon-cross-border\"><a href=\"\/pl\/services#cross-border\">Transgraniczne operacje<\/a><\/div>\n\t\t\t\t<\/div>\n\t\t\t<\/div>\n\t\t<\/div>\n\t<\/div>\n<\/section>\n<section class=\"purple-section\">\n\t<div class=\"anchor\" id=\"our-clients\"><\/div>\n\t<div class=\"section-inner\">\n\t\t<div class=\"flex reverse\">\n\t\t\t<div class=\"width41\"><img decoding=\"async\" src=\"\/wp-content\/uploads\/2019\/09\/beartail_kurosaki.jpg\" alt=\"Our Clients\"><\/div>\n\t\t\t<div class=\"width51\">\n\t\t\t\t<h3>Nasi Klienci<\/h3>\n\t\t\t\t<p class=\"mgb-small\">Kancelaria prawna MONOLITH LAW OFFICE oferuje dwa g\u0142\u00f3wne rodzaje us\u0142ug. Pierwszy to pe\u0142nienie roli radcy generalnego lub g\u0142\u00f3wnego prawnika w firmie IT i startupie, zajmuj\u0105c si\u0119 og\u00f3lnymi sprawami prawnymi firmy. Drugi to dzia\u0142anie jako &#8220;prawnik IT i IP&#8221; dla r\u00f3\u017cnych firm, zajmuj\u0105c si\u0119 sprawami prawnymi IT i IP firmy.<\/p>\n\t\t\t\t<p class=\"mgb-small\">Otrzymali\u015bmy nast\u0119puj\u0105ce wiadomo\u015bci od naszych klient\u00f3w:<\/p>\n\t\t\t\t<p class=\"mgb-small\">&#8220;Zak\u0142adanie ryzyka prawne wymaga zrozumienia technologii, a MONOLITH LAW OFFICE to profesjonalista w tej dziedzinie.&#8221;<\/p>\n\t\t\t\t<p class=\"mgb-small\">&#8220;MONOLITH LAW OFFICE jest pomocny, poniewa\u017c pracuj\u0105 z nami, aby zrozumie\u0107 &#8216;jak kontrolowa\u0107 ryzyko&#8217; z perspektywy kierownictwa firmy.&#8221;<\/p>\n\t\t\t\t<p class=\"mgb-middle\">&#8220;MONOLITH LAW OFFICE to zar\u00f3wno kancelaria prawna, jak i konsultant ds. zarz\u0105dzania. Dostarczaj\u0105 one podstawy prawne dla swoich wyja\u015bnie\u0144.&#8221;<\/p>\n\t\t\t\t\n\t\t<\/div>\n\t<\/div>\n<\/section>\n","protected":false},"excerpt":{"rendered":"<p>Przegl\u0105d naszej firmy MONOLITH LAW OFFICE to kancelaria prawna z siedzib\u0105 w Tokio, specjalizuj\u0105ca si\u0119 w dziedzinach IT, Internetu i biznesu. Nasz zesp\u00f3\u0142 sk\u0142ada si\u0119 ze specjalist\u00f3w IT, w tym za\u0142o\u017cyciel [&hellip;]<\/p>\n","protected":false},"author":1,"featured_media":56658,"parent":0,"menu_order":1,"comment_status":"closed","ping_status":"closed","template":"other-page-temp.php","meta":{"footnotes":""},"acf":[],"_links":{"self":[{"href":"https:\/\/monolith.law\/pl\/wp-json\/wp\/v2\/pages\/4096"}],"collection":[{"href":"https:\/\/monolith.law\/pl\/wp-json\/wp\/v2\/pages"}],"about":[{"href":"https:\/\/monolith.law\/pl\/wp-json\/wp\/v2\/types\/page"}],"author":[{"embeddable":true,"href":"https:\/\/monolith.law\/pl\/wp-json\/wp\/v2\/users\/1"}],"replies":[{"embeddable":true,"href":"https:\/\/monolith.law\/pl\/wp-json\/wp\/v2\/comments?post=4096"}],"version-history":[{"count":94,"href":"https:\/\/monolith.law\/pl\/wp-json\/wp\/v2\/pages\/4096\/revisions"}],"predecessor-version":[{"id":59425,"href":"https:\/\/monolith.law\/pl\/wp-json\/wp\/v2\/pages\/4096\/revisions\/59425"}],"wp:featuredmedia":[{"embeddable":true,"href":"https:\/\/monolith.law\/pl\/wp-json\/wp\/v2\/media\/56658"}],"wp:attachment":[{"href":"https:\/\/monolith.law\/pl\/wp-json\/wp\/v2\/media?parent=4096"}],"curies":[{"name":"wp","href":"https:\/\/api.w.org\/{rel}","templated":true}]}}