{"id":41151,"date":"2022-12-01T14:33:54","date_gmt":"2022-12-01T05:33:54","guid":{"rendered":"https:\/\/monolith.law\/?page_id=41151"},"modified":"2025-08-30T08:58:55","modified_gmt":"2025-08-29T23:58:55","slug":"home","status":"publish","type":"page","link":"https:\/\/monolith.law\/pl\/","title":{"rendered":"MONOLITH LAW OFFICE | Tokio, Japonia"},"content":{"rendered":"\n<p>\n<\/p>\n\n\n\n<section class=\"white-section front-top\" data-delighter=\"\">\n\t<div class=\"section-inner\">\n\t<div class=\"top-logo\">\n\t<div class=\"base\"><\/div>\n\t<img decoding=\"async\" src=\"\/wp-content\/themes\/monolith2021\/img\/top\/top_logo_m.svg\" alt=\"M\" class=\"top-logo-1\">\n\t<img decoding=\"async\" src=\"\/wp-content\/themes\/monolith2021\/img\/top\/top_logo_o.svg\" alt=\"O\" class=\"top-logo-2\">\n\t<img decoding=\"async\" src=\"\/wp-content\/themes\/monolith2021\/img\/top\/top_logo_n.svg\" alt=\"N\" class=\"top-logo-3\">\n\t<img decoding=\"async\" src=\"\/wp-content\/themes\/monolith2021\/img\/top\/top_logo_o.svg\" alt=\"O\" class=\"top-logo-4\">\n\t<img decoding=\"async\" src=\"\/wp-content\/themes\/monolith2021\/img\/top\/top_logo_l.svg\" alt=\"L\" class=\"top-logo-5\">\n\t<img decoding=\"async\" src=\"\/wp-content\/themes\/monolith2021\/img\/top\/top_logo_i.svg\" alt=\"I\" class=\"top-logo-6\">\n\t<img decoding=\"async\" src=\"\/wp-content\/themes\/monolith2021\/img\/top\/top_logo_t.svg\" alt=\"T\" class=\"top-logo-7\">\n\t<img decoding=\"async\" src=\"\/wp-content\/themes\/monolith2021\/img\/top\/top_logo_h.svg\" alt=\"H\" class=\"top-logo-8\">\n\t<\/div>\n\t<p class=\"text1\"><strong>Ewolucja IT<\/strong><\/p>\n\t<p class=\"text2\">Dzisiaj, IT jest sercem nowoczesnych operacji biznesowych, <br class=\"sp-none\">ale wykorzystanie IT w biznesie wymaga zarz\u0105dzania ryzykiem prawnym.<br>W MONOLITH LAW OFFICE, nasz zesp\u00f3\u0142 prawnik\u00f3w i konsultant\u00f3w IT pracuje jednomy\u015blnie, aby rozwi\u0105za\u0107 problemy klienta.<br class=\"sp-none\">Nasz\u0105 misj\u0105 jest zapocz\u0105tkowanie innowacji IT i nap\u0119dzanie wzrostu w Japonii, umo\u017cliwiaj\u0105c firmom osi\u0105gni\u0119cie niespotykanych dot\u0105d wysoko\u015bci.<\/p>\t\n\t<\/div>\n<\/section>\n<section class=\"white-section front-about\">\n\t<div class=\"section-inner\">\n\t<div class=\"text\">\n\t<p class=\"en\">O MONOLITH LAW OFFICE<\/p>\n\t<h2>Nasza misja jako prawnicy z do\u015bwiadczeniem w in\u017cynierii IT.<\/h2>\n\t<p class=\"text\">MONOLITH LAW OFFICE to japo\u0144ska kancelaria prawna z siedzib\u0105 w Tokio, \u015bwiadcz\u0105ca us\u0142ugi prawne w dziedzinie IT dla r\u00f3\u017cnych firm.<br>Toki Kawase, nasz Zarz\u0105dzaj\u0105cy Prawnikiem, pracowa\u0142 jako niezale\u017cny in\u017cynier IT od czas\u00f3w studi\u00f3w. Ma do\u015bwiadczenie w zak\u0142adaniu firmy IT i pracowa\u0142 r\u00f3wnie\u017c jako in\u017cynier IT. Toki dostrzeg\u0142 na w\u0142asne oczy znacz\u0105cy wzrost startup\u00f3w i innych firm dzi\u0119ki IT, a tak\u017ce r\u00f3\u017cne ryzyka zwi\u0105zane z tym procesem. Rozumie, \u017ce aby IT nadal przynosi\u0142o wielkie korzy\u015bci firmom w przysz\u0142o\u015bci, konieczne jest posiadanie innowacyjnej perspektywy prawnej.<br>Na podstawie tego do\u015bwiadczenia za\u0142o\u017cy\u0142 MONOLITH LAW OFFICE, organizacj\u0119 sk\u0142adaj\u0105c\u0105 si\u0119 z wysoko wyspecjalizowanych prawnik\u00f3w i konsultant\u00f3w IT, oferuj\u0105c\u0105 r\u00f3\u017cnorodne rozwi\u0105zania.<\/p>\n\t<\/div>\n\t<div class=\"pic\"><img decoding=\"async\" src=\"\/wp-content\/themes\/monolith2021\/img\/top\/kawase_pic.png\" alt=\"Nasz za\u0142o\u017cyciel prawnik Toki Kawase\"><\/div>\n\t<\/div>\n<\/section>\n<section class=\"white-section front-numbers\">\n\t<div class=\"section-inner\">\n\t<p class=\"en\">MONOLITH LAW OFFICE W LICZBACH<\/p>\n\t<h2>Nasze do\u015bwiadczenie jako kancelarii prawnej oraz specjalist\u00f3w IT w korporacjach.<\/h2>\n\t<div class=\"box-wrap\">\n\t<div class=\"sub-box\">\n\t\t<h3>Klienci<\/h3>\n\t\t<p class=\"code\">1855\n\t\t<p class=\"text\">Obs\u0142ugiwali\u015bmy r\u00f3\u017cnorodne typy firm z r\u00f3\u017cnych bran\u017c. Nasza klientela obejmuje zar\u00f3wno czo\u0142owe organizacje w Japonii, jak i ma\u0142e i \u015brednie przedsi\u0119biorstwa. \u015awiadczymy us\u0142ugi dostosowane do potrzeb ka\u017cdego klienta. <\/p>\n\t<\/div>\n\t<div class=\"sub-box\">\n\t\t<h3>Oryginalne rozwi\u0105zania IT<\/h3>\n\t\t<p class=\"code\">7\n\t\t<p class=\"text\">Jeste\u015bmy zespo\u0142em specjalizuj\u0105cym si\u0119 w korporacyjnym IT. MONOLITH LAW OFFICE to zesp\u00f3\u0142 do\u015bwiadczonych prawnik\u00f3w i konsultant\u00f3w IT, kt\u00f3rzy tworz\u0105 spersonalizowane rozwi\u0105zania dostosowane do Twoich konkretnych potrzeb.<\/p>\n\t<\/div>\n\t<div class=\"sub-box\">\n\t\t<h3>Adwokaci<\/h3>\n\t\t<p class=\"code\">30\n\t\t<p class=\"text\">Najwa\u017cniejszym czynnikiem w rozwi\u0105zywaniu problem\u00f3w z IT jest szybko\u015b\u0107 pocz\u0105tkowej reakcji. W MONOLITH LAW OFFICE pracuje wielu adwokat\u00f3w, kt\u00f3rzy s\u0105 w stanie odpowiada\u0107 na r\u00f3\u017cnorodne konsultacje na co dzie\u0144.<\/p>\n\t<\/div>\n\t<div class=\"sub-box\">\n\t\t<h3>Konsultanci IT<\/h3>\n\t\t<p class=\"code\">16\n\t\t<p class=\"text\">Uwa\u017camy, \u017ce konsultanci IT s\u0105 r\u00f3wnie wa\u017cni jak prawnicy, aby nad\u0105\u017ca\u0107 za ci\u0105gle ewoluuj\u0105c\u0105 technologi\u0105 i sprosta\u0107 coraz bardziej skomplikowanym korporacyjnym wyzwaniom IT.<\/p>\n\t<\/div>\n\t<div class=\"sub-box\">\n<h3>Obs\u0142ugiwane kraje<\/h3>\n\t\t<p class=\"code\">18\n\t\t<p class=\"text\">Japo\u0144ska kancelaria prawna z do\u015bwiadczeniem w sprawach transgranicznych. Specjalizujemy si\u0119 w transakcjach mi\u0119dzynarodowych, sporach s\u0105dowych i zgodno\u015bci z regulacjami. Dostosowane rozwi\u0105zania dla globalnych klient\u00f3w w sprawach biznesowych i prawnych.<\/p>\n\t<\/div>\n\t<div class=\"sub-box\">\n\t\t<h3>Artyku\u0142y na Temat IT i Prawa<\/h3>\n\t\t<p class=\"code\">1068\n\t\t<p class=\"text\" style=\"width: 278px\">Analizujemy i wyja\u015bniamy r\u00f3\u017cne studia przypadk\u00f3w z zakresu IT korporacyjnego na platformie internetowej \u201cMONOLITH LAW MAGAZINE.\u201d Nieustannie badamy odpowiednie rozwi\u0105zania dla coraz bardziej z\u0142o\u017conych i zr\u00f3\u017cnicowanych wyzwa\u0144 w IT korporacyjnym.<\/p>\n\t<\/div>\n\t<\/div>\n\t<\/div>\n<\/section>\n<section class=\"front-service\">\n\t<div class=\"section-inner\">\n\t\t<p class=\"en\">US\u0141UGI MONOLITH LAW OFFICE<\/p>\n\t\t<h2>Nasze rozwi\u0105zania dla skomplikowanych ryzyk IT.<\/h2>\n\t<\/div>\n\t<div class=\"front-service-field\">\n\t<div class=\"section-inner\">\n\t<h3><a href=\"\/pl\/services\">Us\u0142ugi<\/a><\/h3>\n\t<div class=\"box-wrap\">\n\t<div class=\"sub-box\">\n\t\t<h4>Prawo korporacyjne<\/h4>\n\t\t<div class=\"icon\"><img decoding=\"async\" src=\"\/wp-content\/themes\/monolith_en\/img\/top\/service_general-corporate.svg\" alt=\"Corporate Legal Affairs for IT and Startup Businesses\"><\/div>\n\t\t<p>Specjalistyczna wiedza i do\u015bwiadczenie s\u0105 kluczowe dla zapewnienia precyzyjnego wsparcia prawnego w dynamicznym \u015brodowisku charakterystycznym dla firm IT i startup\u00f3w. Nasza firma zatrudnia wielu specjalist\u00f3w z tej bran\u017cy i pe\u0142nili\u015bmy rol\u0119 doradc\u00f3w prawnych dla 1087 firm, g\u0142\u00f3wnie z sektora IT, od sp\u00f3\u0142ek notowanych na pierwszym segmencie Gie\u0142dy Tokijskiej po startupy na wczesnym etapie rozwoju.<\/p>\n\t\t<div class=\"btn-more\"><a href=\"\/pl\/general-corporate\">Zobacz wi\u0119cej<\/a><\/div>\n\t<\/div>\n\t<div class=\"sub-box\">\n\t\t<h4>IT<\/h4>\n\t\t<div class=\"icon\"><img decoding=\"async\" src=\"\/wp-content\/themes\/monolith_en\/img\/top\/service_it.svg\" alt=\"IT and IP legal affairs for various companies\"><\/div>\n\t\t<p>W dzisiejszych czasach wszystkie firmy, niezale\u017cnie od ich domeny biznesowej czy wielko\u015bci, s\u0105 w jaki\u015b spos\u00f3b zaanga\u017cowane w IT w swojej dzia\u0142alno\u015bci korporacyjnej. Mo\u017cemy pe\u0142ni\u0107 rol\u0119 &#8220;prawnik\u00f3w specjalizuj\u0105cych si\u0119 w dziedzinie IT i w\u0142asno\u015bci intelektualnej&#8221; dla firm, kt\u00f3re ju\u017c maj\u0105 g\u0142\u00f3wnego doradc\u0119 prawnego, a tak\u017ce dla firm, kt\u00f3rych g\u0142\u00f3wna dzia\u0142alno\u015b\u0107 nie jest zwi\u0105zana z IT.<\/p>\n\t\t<div class=\"btn-more\"><a href=\"\/pl\/it\">Zobacz wi\u0119cej<\/a><\/div>\n\t<\/div>\n\t<div class=\"sub-box\">\n\t\t<h4>Transgraniczne<\/h4>\n\t\t<div class=\"icon\"><img decoding=\"async\" src=\"\/wp-content\/themes\/monolith_en\/img\/top\/service_cross-border.svg\" alt=\"International Legal Affairs\"><\/div>\n\t\t<p>Naszym g\u0142\u00f3wnym celem jest \u015bwiadczenie kompleksowych us\u0142ug prawnych dla japo\u0144skich firm IT wchodz\u0105cych na rynek mi\u0119dzynarodowy. Zapewniamy r\u00f3wnie\u017c profesjonalne wsparcie prawne zagranicznym firmom IT w Japonii. Nasza firma sk\u0142ada si\u0119 z zagranicznych prawnik\u00f3w z licencjami z r\u00f3\u017cnych kraj\u00f3w i region\u00f3w, aby skutecznie wspiera\u0107 transakcje transgraniczne.<\/p>\n\t\t<div class=\"btn-more\"><a href=\"\/pl\/cross-border\">Zobacz wi\u0119cej<\/a><\/div>\n\t<\/div>\n\t<div class=\"sub-box\">\n\t\t<h4>Internet<\/h4>\n\t\t<div class=\"icon\"><img decoding=\"async\" src=\"\/wp-content\/themes\/monolith_en\/img\/top\/service_internet.svg\" alt=\"Influencer Marketing\"><\/div>\n\t\t<p>Z ekspertyz\u0105 w dziedzinie prawa internetowego oferujemy kompleksowe wsparcie prawne dla przedsi\u0119biorc\u00f3w internetowych, w tym YouTuber\u00f3w i firm korzystaj\u0105cych z medi\u00f3w spo\u0142eczno\u015bciowych. Specjalizujemy si\u0119 w rozwi\u0105zywaniu spor\u00f3w online, usuwaniu negatywnych stron internetowych i zarz\u0105dzaniu reputacj\u0105 online. Skonsultuj si\u0119 z naszymi wykwalifikowanymi prawnikami, aby znale\u017a\u0107 skuteczne rozwi\u0105zania dla internetu.<\/p>\n\t\t<div class=\"btn-more\"><a href=\"\/pl\/internet\">Zobacz wi\u0119cej<\/a><\/div>\n\t<\/div>\n\t<\/div>\n\t<\/div>\n\t<\/div>\n\t<div class=\"front-service-example\">\n\t<div class=\"section-inner\">\n\t<p>Przyk\u0142adowo<\/p>\n\t<ul class=\"clearfix\">\n\t\t<li>\n\t\t\t<div class=\"icon\"><a href=\"\/pl\/system-development\/\"><img decoding=\"async\" src=\"\/wp-content\/themes\/monolith_en\/img\/top\/service_ex_system-development.svg\" alt=\"System Development\"><\/a><\/div>\n\t\t\t<p>Rozw\u00f3j<br>System\u00f3w<\/p>\n\t\t<\/li>\n\t\t<li>\n\t\t\t<div class=\"icon\"><a href=\"\/pl\/crypto-asset-and-blockchain\/\"><img decoding=\"async\" src=\"\/wp-content\/themes\/monolith_en\/img\/top\/service_ex_crypto-asset-and-blockchain.svg\" alt=\"Crypto Asset and Blockchain\"><\/a><\/div>\n\t\t\t<p>Kryptoaktywa<br>i Blockchain<\/p>\n\t\t<\/li>\n\t\t<li>\n\t\t\t<div class=\"icon\"><a href=\"\/pl\/ai\/\"><img decoding=\"async\" src=\"\/wp-content\/themes\/monolith_en\/img\/top\/service_ex_ai.svg\" alt=\"ai\"><\/a><\/div>\n\t\t\t<p>AI<br>(ChatGPT itp.)<\/p>\n\t\t<\/li>\n\t\t<li>\n\t\t\t<div class=\"icon\"><a href=\"\/pl\/advertisement-review\/\"><img decoding=\"async\" src=\"\/wp-content\/themes\/monolith_en\/img\/top\/service_ex_advertisement-review.svg\" alt=\"Advertisement Review\"><\/a><\/div>\n\t\t\t<p>Przegl\u0105d<br>Reklam<\/p>\n\t\t<\/li>\n\t\t<li>\n\t\t\t<div class=\"icon\"><a href=\"\/pl\/mitigating-reputational-damage\/\"><img decoding=\"async\" src=\"\/wp-content\/themes\/monolith_en\/img\/top\/service_ex_mitigating-reputational-damage.svg\" alt=\"Mitigating Reputational Damage\"><\/a><\/div>\n\t\t\t<p>Zmniejszanie<br>Szk\u00f3d<br>Reputacyjnych<\/p>\n\t\t<\/li>\n\t<\/ul>\n\t<\/div>\n\t<\/div>\n<\/section>\n<section class=\"white-section front-client\">\n\t<div class=\"section-inner\">\n\t\t<h2>CLIENT<\/h2>\n\t\t<ul>\n\t\t\t<li><img src=\"https:\/\/monolith.law\/pl\/wp-content\/themes\/monolith_pl\/img\/clients\/logo_01.png\"><\/li>\n\t\t\t<li><img src=\"https:\/\/monolith.law\/pl\/wp-content\/themes\/monolith_pl\/img\/clients\/logo_02.png\"><\/li>\n\t\t\t<li><img src=\"https:\/\/monolith.law\/pl\/wp-content\/themes\/monolith_pl\/img\/clients\/logo_03.png\"><\/li>\n\t\t\t<li><img src=\"https:\/\/monolith.law\/pl\/wp-content\/themes\/monolith_pl\/img\/clients\/logo_04.png\"><\/li>\n\t\t\t<li><img src=\"https:\/\/monolith.law\/pl\/wp-content\/themes\/monolith_pl\/img\/clients\/logo_05.png\"><\/li>\n\t\t\t<li><img src=\"https:\/\/monolith.law\/pl\/wp-content\/themes\/monolith_pl\/img\/clients\/logo_06.png\"><\/li>\n\t\t\t<li><img src=\"https:\/\/monolith.law\/pl\/wp-content\/themes\/monolith_pl\/img\/clients\/logo_07.png\"><\/li>\n\t\t\t<li><img src=\"https:\/\/monolith.law\/pl\/wp-content\/themes\/monolith_pl\/img\/clients\/logo_08.png\"><\/li>\n\t\t\t<li><img src=\"https:\/\/monolith.law\/pl\/wp-content\/themes\/monolith_pl\/img\/clients\/logo_09.png\"><\/li>\n\t\t\t<li><img src=\"https:\/\/monolith.law\/pl\/wp-content\/themes\/monolith_pl\/img\/clients\/logo_10.png\"><\/li>\n\t\t\t<li><img src=\"https:\/\/monolith.law\/pl\/wp-content\/themes\/monolith_pl\/img\/clients\/logo_11.png\"><\/li>\n\t\t\t<li><img src=\"https:\/\/monolith.law\/pl\/wp-content\/themes\/monolith_pl\/img\/clients\/logo_12.png\"><\/li>\n\t\t\t<li><img src=\"https:\/\/monolith.law\/pl\/wp-content\/themes\/monolith_pl\/img\/clients\/logo_13.png\"><\/li>\n\t\t\t<li><img src=\"https:\/\/monolith.law\/pl\/wp-content\/themes\/monolith_pl\/img\/clients\/logo_14.png\"><\/li>\n\t\t\t<li><img src=\"https:\/\/monolith.law\/pl\/wp-content\/themes\/monolith_pl\/img\/clients\/logo_15.png\"><\/li>\n\t\t<\/ul>\n\t\t<!--<div class=\"btn-more\"><a href=\"https:\/\/monolith.law\/pl\/clients\">See More<\/a><\/div>-->\n\t<\/div>\n<\/section>\n\n<section class=\"white-section front-news\">\n    <div class=\"section-inner\">\n        <h2>NEWS<\/h2>\n        <div>\n                        <ul>\n                                                    <li><span class=\"date\">2026.04.01<\/span><span class=\"category news-category-2\">NEWS<\/span><span class=\"subject\">Attorney Shota Akiyama has joined the firm.<\/span><\/li>\n                                                                <li><span class=\"date\">2026.03.26<\/span><span class=\"category news-category-2\">NEWS<\/span><span class=\"subject\">Attorneys Miki Takatsuki, Toko Takayanagi, Mizuki Kobayashi, Ryo Watanabe, and Shuto Ishimura have joined our firm.<\/span><\/li>\n                                                                <li><span class=\"date\">2025.05.08<\/span><span class=\"category news-category-2\">NEWS<\/span><span class=\"subject\">Monolith Law Office has been selected as a finalist for the Rising Law Firm of the Year category of the ALB Japan Law Awards, hosted by Asian Legal Business, an international law firm evaluation organization.<\/span><\/li>\n                                                                <li><span class=\"date\">2025.04.01<\/span><span class=\"category news-category-2\">NEWS<\/span><span class=\"subject\">Attorney Keita Yokoyama has joined the firm.<\/span><\/li>\n                                                                <li><span class=\"date\">2025.03.27<\/span><span class=\"category news-category-2\">NEWS<\/span><span class=\"subject\">Attorneys Yusuke Mizutani, Ryusei Juman, Mizuki Koyama, and Yusuke Muto have joined the firm.<\/span><\/li>\n                                                                <li><span class=\"date\">2024.06.12<\/span><span class=\"category news-category-2\">NEWS<\/span><span class=\"subject\">Attorney Akira Yoshida has joined the firm.<\/span><\/li>\n                                                            <\/ul>\n            <div class=\"btn-more\"><a href=\"\/en\/news\/\">See More<\/a><\/div>\n        <\/div>\n    <\/div>\n<\/section>\n<section class=\"white-section front-banner\">\n<div class=\"section-inner\">\n<div class=\"banner-slider\">\n<div><a href=\"\/pl\/cross-border\"><img decoding=\"async\" src=\"\/wp-content\/themes\/monolith_en\/img\/top\/banner_crossborder.png\" alt=\"Cross-border\"><\/a><\/div>\n<div><a href=\"\/en\/job-openings\"><img decoding=\"async\" src=\"\/wp-content\/themes\/monolith_en\/img\/top\/banner_jobopenings.png\" alt=\"Job Openings\"><\/a><\/div>\n<div><a href=\"https:\/\/www.linkedin.com\/company\/monolith-law-office\/\" target=\"\u201d_blank\u201d\" rel=\"noopener\"><img decoding=\"async\" src=\"\/wp-content\/themes\/monolith_en\/img\/top\/banner_linkedin.png\" alt=\"LinkedIn\"><\/a><\/div>\n<div><a href=\"\/pl\/article\"><img decoding=\"async\" src=\"\/wp-content\/themes\/monolith_en\/img\/top\/banner_monolithlawmagazine.svg\" alt=\"MONOLITH LAW MAGAZINE\"><\/a><\/div>\n<\/div>\n<\/div>\n<\/section>\n","protected":false},"excerpt":{"rendered":"<p>Ewolucja IT Dzisiaj, IT jest sercem nowoczesnych operacji biznesowych, ale wykorzystanie IT w biznesie wymaga zarz\u0105dzania ryzykiem prawnym.W MONOLITH LAW OFFICE, nasz zesp\u00f3\u0142 prawnik\u00f3w i konsultant\u00f3w I [&hellip;]<\/p>\n","protected":false},"author":1,"featured_media":56656,"parent":0,"menu_order":0,"comment_status":"closed","ping_status":"closed","template":"front-page-temp.php","meta":{"footnotes":""},"acf":[],"_links":{"self":[{"href":"https:\/\/monolith.law\/pl\/wp-json\/wp\/v2\/pages\/41151"}],"collection":[{"href":"https:\/\/monolith.law\/pl\/wp-json\/wp\/v2\/pages"}],"about":[{"href":"https:\/\/monolith.law\/pl\/wp-json\/wp\/v2\/types\/page"}],"author":[{"embeddable":true,"href":"https:\/\/monolith.law\/pl\/wp-json\/wp\/v2\/users\/1"}],"replies":[{"embeddable":true,"href":"https:\/\/monolith.law\/pl\/wp-json\/wp\/v2\/comments?post=41151"}],"version-history":[{"count":127,"href":"https:\/\/monolith.law\/pl\/wp-json\/wp\/v2\/pages\/41151\/revisions"}],"predecessor-version":[{"id":74002,"href":"https:\/\/monolith.law\/pl\/wp-json\/wp\/v2\/pages\/41151\/revisions\/74002"}],"wp:featuredmedia":[{"embeddable":true,"href":"https:\/\/monolith.law\/pl\/wp-json\/wp\/v2\/media\/56656"}],"wp:attachment":[{"href":"https:\/\/monolith.law\/pl\/wp-json\/wp\/v2\/media?parent=41151"}],"curies":[{"name":"wp","href":"https:\/\/api.w.org\/{rel}","templated":true}]}}