{"id":4213,"date":"2019-08-29T04:28:26","date_gmt":"2019-08-28T19:28:26","guid":{"rendered":"https:\/\/monolith.law\/?page_id=4213"},"modified":"2023-12-08T19:36:40","modified_gmt":"2023-12-08T10:36:40","slug":"services","status":"publish","type":"page","link":"https:\/\/monolith.law\/pl\/services","title":{"rendered":"Us\u0142ugi"},"content":{"rendered":"\n<section class=\"heading-area\">\n\t<div class=\"heading-area-inner\">\n\t\t<h2 class=\"icon-services\">Us\u0142ugi<\/h2>\n\t\t<p>Z do\u015bwiadczeniem naszego zarz\u0105dzaj\u0105cego prawnika jako in\u017cyniera IT i do\u015bwiadczeniem w zarz\u0105dzaniu firmami IT, MONOLITH LAW OFFICE jest wiod\u0105c\u0105 kancelari\u0105 prawnicz\u0105 w Japonii specjalizuj\u0105c\u0105 si\u0119 w IT, biznesie i Internecie. Nasza globalna organizacja pozwala nam dostarcza\u0107 wysoko wyspecjalizowane us\u0142ugi prawne w tych obszarach.<\/p>\n\t<\/div>\n<\/section>\n<section class=\"second-nav\">\n\t<div class=\"second-nav-inner\">\n\t\t<p>TEMATY<\/p>\n\t\t<nav>\n\t\t\t<ul>\n\t\t\t\t<li><a href=\"#general-corporate\">Prawo korporacyjne<\/a><\/li>\n\t\t\t\t<li><a href=\"#it\">IT<\/a><\/li>\n\t\t\t\t<li><a href=\"#cross-border\">Transgraniczne<\/a><\/li>\n\t\t\t\t<li><a href=\"#internet\">Internet<\/a><\/li>\n\t\t\t<\/ul>\n\t\t<\/nav>\n\t<\/div>\n<\/section>\n<section class=\"white-section\">\n\t<div class=\"anchor\" id=\"general-corporate\"><\/div>\n\t<div class=\"section-inner pdb0\">\n\t\t<div class=\"flex\">\n\t\t\t<div class=\"width41\"><img decoding=\"async\" src=\"\/wp-content\/themes\/monolith2021\/img\/pic\/pic_practices-corporate.jpg\" alt=\"Prawo korporacyjne\"><\/div>\n\t\t\t<div class=\"width51\">\n\t\t\t\t<div class=\"inline-inner\">\n\t\t\t\t\t<h3>Prawo korporacyjne<\/h3>\n\t\t\t\t\t<p>Aby zapewni\u0107 precyzyjne wsparcie prawne w dynamicznie zmieniaj\u0105cym si\u0119 \u015brodowisku IT i biznesie startupowym, wa\u017cna jest specjalistyczna wiedza i do\u015bwiadczenie. W naszej kancelarii MONOLITH LAW OFFICE pracuje wielu specjalist\u00f3w w tej dziedzinie, a nasze do\u015bwiadczenie obejmuje pe\u0142nienie funkcji doradcy prawnego (w tym r\u00f3\u017cnorodne umowy dla dyrektor\u00f3w, cz\u0142onk\u00f3w zarz\u0105du itp.) dla 1087 firm, g\u0142\u00f3wnie z sektora IT, pocz\u0105wszy od czo\u0142owych przedsi\u0119biorstw a\u017c po startupy na wczesnym etapie rozwoju w Japonii.<\/p>\n\t\t\t\t<\/div>\n\t\t\t<\/div>\n\t\t<\/div>\n\t<\/div>\n<\/section>\n<section class=\"white-section\">\n\t<div class=\"section-inner\">\n\t\t<ol class=\"practices-list mgb-big\">\n\t\t\t<li>\n\t\t\t\t<h4><img decoding=\"async\" src=\"\/wp-content\/themes\/monolith_en\/img\/practices\/practices_1_1.svg\" alt=\"1.Prawo przedsi\u0119biorczo\u015bci \"><\/h4>\n\t\t\t\t<img decoding=\"async\" src=\"\/wp-content\/themes\/monolith2021\/img\/practices\/practices_1_1_pic.png\" alt=\"Prawo przedsi\u0119biorczo\u015bci \">\n\t\t\t\t<p>Posiadamy rozleg\u0142e do\u015bwiadczenie w sprawach prawnych zwi\u0105zanych z biznesem i kapita\u0142em, w tym finansowanie, przej\u0119cia biznesu i wykupy.<\/p>\n\t\t\t<\/li>\n\t\t\t<li>\n\t\t\t\t<h4><img decoding=\"async\" src=\"\/wp-content\/themes\/monolith_en\/img\/practices\/practices_1_2.svg\" alt=\"2.Prawo IT i w\u0142asno\u015bci intelektualnej\"><\/h4>\n\t\t\t\t<img decoding=\"async\" src=\"\/wp-content\/themes\/monolith2021\/img\/practices\/practices_1_2_pic.png\" alt=\"Prawo IT i w\u0142asno\u015bci intelektualnej\">\n\t\t\t\t<p>Toki Kawase, nasz g\u0142\u00f3wny prawnik z do\u015bwiadczeniem in\u017cynierskim, b\u0119dzie g\u0142\u0119boko zrozumia\u0142 produkty Pa\u0144stwa firmy, czasami nawet poprzez rzeczywiste zapoznanie si\u0119 z kodem.<\/p>\n\t\t\t<\/li>\n\t\t\t<li>\n\t\t\t\t<h4><img decoding=\"async\" src=\"\/wp-content\/themes\/monolith_en\/img\/practices\/practices_1_3.svg\" alt=\"3.Szybko\u015b\u0107\"><\/h4>\n\t\t\t\t<img decoding=\"async\" src=\"\/wp-content\/themes\/monolith2021\/img\/practices\/practices_1_3_pic.png\" alt=\"Szybko\u015b\u0107\">\n\t\t\t\t<p>Rozumiemy znaczenie szybkiego czasu reakcji dla Pa\u0144stwa biznesu i firmy. Zasad\u0105 jest, \u017ce odpowiadamy w ci\u0105gu jednego dnia roboczego.<\/p>\n\t\t\t<\/li>\n\t\t\t<li>\n\t\t\t\t<h4><img decoding=\"async\" src=\"\/wp-content\/themes\/monolith_en\/img\/practices\/practices_1_4.svg\" alt=\"4.Sprawy prawne ma\u0142ych i \u015brednich przedsi\u0119biorstw\"><\/h4>\n\t\t\t\t<img decoding=\"async\" src=\"\/wp-content\/themes\/monolith2021\/img\/practices\/practices_1_4_pic.png\" alt=\"Sprawy prawne ma\u0142ych i \u015brednich przedsi\u0119biorstw\">\n\t\t\t\t<p>Jako \u017ce nasz za\u0142o\u017cyciel kancelarii ma do\u015bwiadczenie w zarz\u0105dzaniu firm\u0105, rozumie z w\u0142asnego do\u015bwiadczenia trudno\u015bci zarz\u0105dzania.<\/p>\n\t\t\t<\/li>\n\t\t<\/ol>\n\t\t<div class=\"btn-area\">\n\t\t\t<div class=\"btn icon-general-corporate\"><a href=\"\/pl\/general-corporate\">Prawo korporacyjne<\/a><\/div>\n\t\t<\/div>\n\t<\/div>\n<\/section>\n<section class=\"purple-section\">\n\t<div class=\"anchor\" id=\"it\"><\/div>\n\t<div class=\"section-inner\">\n\t\t<div class=\"flex mgb-middle\">\n\t\t\t<div class=\"width41\"><img decoding=\"async\" src=\"\/wp-content\/themes\/monolith2021\/img\/pic\/pic_practices-itlaw.jpg\" alt=\"IT\"><\/div>\n\t\t\t<div class=\"width51\">\n\t\t\t\t<div class=\"inline-inner\">\n\t\t\t\t\t<h3>IT<\/h3>\n\t\t\t\t\t<p class=\" mgb-middle\">Dla prawnik\u00f3w firm IT wa\u017cne jest zrozumienie technologii i operacji zwi\u0105zanych z IT oraz w\u0142asno\u015bci\u0105 intelektualn\u0105, kt\u00f3re s\u0105 codzienn\u0105 praktyk\u0105 firmy. <br>MONOLITH LAW OFFICE pe\u0142ni rol\u0119 doradcy prawnego i g\u0142\u00f3wnego prawnika dla firm IT, zajmuj\u0105c si\u0119 specjalistycznymi i zaawansowanymi sprawami prawnymi zwi\u0105zanymi z IT,<br>takimi jak rozw\u00f3j system\u00f3w, utrzymanie warunk\u00f3w u\u017cytkowania aplikacji i us\u0142ug, zarz\u0105dzanie mediami, operacje marketingowe, blockchain, AI, ochrona danych osobowych oraz sprawy prawne zwi\u0105zane z w\u0142asno\u015bci\u0105 intelektualn\u0105 w Japonii. <\/p>\n\t\t\t\t<\/div>\n\t\t\t<\/div>\n\t\t<\/div>\n\t\t<ul class=\"layout-column4 mgb-big\">\n\t\t\t<li>\n\t\t\t\t<div><img decoding=\"async\" src=\"\/wp-content\/themes\/monolith2021\/img\/practices-itlaw\/practices-itlaw_pic1.jpg\"><\/div>\n\t\t\t\t<h4>Rozw\u00f3j System\u00f3w<\/h4>\n\t\t\t\t<p>Od tworzenia, poprawiania i negocjowania um\u00f3w po rozwi\u0105zywanie spor\u00f3w, gdy pojawiaj\u0105 si\u0119 problemy<\/p>\n\t\t\t<\/li>\n\t\t\t<li>\n\t\t\t\t<div><img decoding=\"async\" src=\"\/wp-content\/themes\/monolith2021\/img\/practices-itlaw\/practices-itlaw_pic2.jpg\"><\/div>\n\t\t\t\t<h4>Warunki U\u017cytkowania<\/h4>\n\t\t\t\t<p>Tworzenie i modyfikacja regulamin\u00f3w oraz polityk prywatno\u015bci, niezb\u0119dnych do publikacji lub dzia\u0142ania. <\/p>\n\t\t\t<\/li>\n\t\t\t<li>\n\t\t\t\t<div><img decoding=\"async\" src=\"\/wp-content\/uploads\/2023\/05\/oss.jpg\"><\/div>\n\t\t\t\t<h4>OSS<\/h4>\n\t\t\t\t<p>R\u00f3\u017cnorodne rodzaje wsparcia oparte na zrozumieniu oprogramowania, w tym projektowanie licencji i umowy licencyjne<\/p>\n\t\t\t<\/li>\n\t\t\t<li>\n\t\t\t\t<div><img decoding=\"async\" src=\"\/wp-content\/uploads\/2022\/07\/shutterstock_1151380622_2.png\"><\/div>\n\t\t\t\t<h4>Kryptoaktywa<\/h4>\n\t\t\t\t<p>Wsparcie prawne dla biznes\u00f3w zwi\u0105zanych z blockchainem, w tym fundraising, biznesy zwi\u0105zane z tre\u015bciami i NFT<\/p>\n\t\t\t<\/li>\n\t\t<\/ul>\n\t\t<div class=\"btn-area\">\n\t\t\t<div class=\"btn icon-it\"><a href=\"\/pl\/it\">IT<\/a><\/div>\n\t\t<\/div>\n\t<\/div>\n<\/section>\n<section class=\"white-section\">\n\t<div class=\"anchor\" id=\"cross-border\"><\/div>\n\t<div class=\"section-inner\">\n\t\t<div class=\"flex reverse\">\n\t\t\t<div class=\"width41\"><img decoding=\"async\" src=\"\/en\/wp-content\/uploads\/sites\/6\/2023\/06\/global.jpg\" alt=\"Cross Border\"><\/div>\n\t\t\t<div class=\"width51\">\n\t\t\t\t<div class=\"inline-inner\">\n\t\t\t\t\t<h3>Transgraniczne operacje<\/h3>\n\t\t\t\t\t<p class=\"mgb-small\">MONOLITH LAW OFFICE specjalizuje si\u0119 w \u015bwiadczeniu szerokiego zakresu us\u0142ug prawnych dla zagranicznych firm wchodz\u0105cych na japo\u0144ski rynek. Dzi\u0119ki ekspertyzie w dziedzinie IT i startup\u00f3w, nasi do\u015bwiadczeni prawnicy oferuj\u0105 wsparcie w zakresie um\u00f3w licencyjnych, praw w\u0142asno\u015bci intelektualnej, zgodno\u015bci z ochron\u0105 danych osobowych, negocjacji um\u00f3w oraz zarz\u0105dzania ryzykiem prawnym.<\/p>\n\t\t\t\t\t<p class=\"mgb-small\">Specjalizujemy si\u0119 r\u00f3wnie\u017c w pomocy startupom w pozyskiwaniu funduszy, umowach inwestycyjnych i IPO, nap\u0119dzaj\u0105c ich wzrost i sukces poprzez strategiczne wsparcie prawne. Nasz zesp\u00f3\u0142 rozumie unikalne cechy i cele ka\u017cdego biznesu, dostarczaj\u0105c spersonalizowane porady i rozwi\u0105zania, kt\u00f3re \u0142\u0105cz\u0105 perspektyw\u0119 mi\u0119dzynarodow\u0105 z lokalnymi wgl\u0105dami.<\/p>\n\t\t\t\t\t<p class=\"mgb-small\">Rozwi\u0105zywanie problem\u00f3w prawnych jest kluczowe dla udanej ekspansji w Japonii. Skontaktuj si\u0119 z nami, aby om\u00f3wi\u0107, jak mo\u017cemy pom\u00f3c Twojemu biznesowi odnie\u015b\u0107 sukces na japo\u0144skim rynku.<\/p>\n\t\t\t\t<\/div>\n\t\t\t<\/div>\n\t\t<\/div>\n\t\t<div class=\"max-width980 mgb-small\"><img decoding=\"async\" src=\"\/wp-content\/uploads\/2023\/05\/global_map.png\" alt=\"Obs\u0142ugiwane kraje\"><\/div>\n\t\t<div class=\"frame2 max-width860 mgb-big txt-center-pc\">\n\t\t\t<p>Globalne us\u0142ugi prawne: Ekspertyza i zasi\u0119g poza granicami. Kompleksowa pomoc na ca\u0142ym \u015bwiecie poprzez zaufane firmy partnerskie. Skontaktuj si\u0119 z nami w sprawie transgranicznych potrzeb prawnych.<\/p>\n\t\t<\/div>\n\t\t<div class=\"btn-area\">\n\t\t\t<div class=\"btn icon-cross-border\"><a href=\"\/pl\/cross-border\">Transgraniczne operacje<\/a><\/div>\n\t\t<\/div>\n\t<\/div>\n<\/section>\n\n<section class=\"orange-section\">\n\t<div class=\"anchor\" id=\"internet\"><\/div>\n\t<div class=\"section-inner\">\n\t\t<div class=\"flex mgb-middle\">\n\t\t\t<div class=\"width41\"><img decoding=\"async\" src=\"\/en\/wp-content\/uploads\/sites\/6\/2023\/06\/internet.jpg\" alt=\"Internet\"><\/div>\n\t\t\t<div class=\"width51\">\n\t\t\t\t<h3>Internet<\/h3>\n\t\t\t\t<p class=\"mgb-small\">Kancelaria prawna MONOLITH LAW OFFICE, dzi\u0119ki swojemu bogatemu do\u015bwiadczeniu w sprawach prawnych zwi\u0105zanych z IT, szczeg\u00f3lnie dobrze radzi sobie z obs\u0142ug\u0105 biznes\u00f3w internetowych, w tym YouTuber\u00f3w oraz firm dzia\u0142aj\u0105cych w obszarze YouTube.<\/p>\n\t\t\t\t<p class=\"mgb-middle\">Rozumiemy ryzyka zwi\u0105zane z internetem, takie jak negatywne strony internetowe i posty na forach online. Nasza firma odnios\u0142a sukces w wielu przypadkach zwi\u0105zanych z zarz\u0105dzaniem reputacj\u0105 online dla r\u00f3\u017cnorodnych klient\u00f3w, od os\u00f3b prywatnych po du\u017ce korporacje. Negatywne strony internetowe stanowi\u0105 wyj\u0105tkowe wyzwanie prawne w Japonii, a nasi wykwalifikowani prawnicy s\u0105 przygotowani, aby zapewni\u0107 skuteczne rozwi\u0105zania. Ch\u0119tnie skonsultujemy si\u0119 z Pa\u0144stwem, wykorzystuj\u0105c nasz\u0105 wiedz\u0119 i do\u015bwiadczenie w rozwi\u0105zywaniu problem\u00f3w zwi\u0105zanych z negatywnymi stronami internetowymi.<\/p>\n\t\t\t<\/div>\n\t\t<\/div>\n\t\t<ul class=\"layout-column4 mgb-big\">\n\t\t\t<li>\n\t\t\t\t<div><img decoding=\"async\" src=\"\/wp-content\/themes\/monolith2021\/img\/pic\/pic_practices-youtuberlaw.jpg\" alt=\"YouTuber\"><\/div>\n\t\t\t\t<h4>YouTuber<\/h4>\n\t\t\t\t<p>Specjalizujemy si\u0119 w zarz\u0105dzaniu influencerami. Rozumiemy japo\u0144skie prawo i ci\u0105gle zmieniaj\u0105cy si\u0119 krajobraz internetu. Cieszymy si\u0119 zaufaniem czo\u0142owych agencji YouTuber\u00f3w, firm VTuber i tw\u00f3rc\u00f3w. Zapewniamy specjalistyczne wsparcie prawne w zakresie um\u00f3w i problem\u00f3w zwi\u0105zanych z wideo w Japonii.<\/p>\n\t\t\t<\/li>\n\t\t\t<li>\n\t\t\t\t<div><img decoding=\"async\" src=\"\/wp-content\/themes\/monolith2021\/img\/pic\/pic_sns_manda.jpg\" alt=\"M&#038;A of SNS\"><\/div>\n\t\t\t\t<h4>M&#038;A of SNS<\/h4>\n\t\t\t\t<p>Posiadamy ekspertyz\u0119 w zakresie fuzji i przej\u0119\u0107 medi\u00f3w spo\u0142eczno\u015bciowych. Nasza kancelaria prawna rozumie unikaln\u0105 natur\u0119 transakcji zwi\u0105zanych z kontami YouTube i Twitter. Dzi\u0119ki silnej wiedzy z zakresu IT i internetu, zapewniamy kompleksowe wsparcie w zakresie um\u00f3w, due diligence i aspekt\u00f3w prawnych. Zaufaj nam w ochronie i maksymalizacji warto\u015bci Twoich cyfrowych aktyw\u00f3w.<\/p>\n\t\t\t<\/li>\n\t\t\t<li>\n\t\t\t\t<div><img decoding=\"async\" src=\"\/wp-content\/themes\/monolith2021\/img\/pic\/pic_practices-reputation.jpg\" alt=\"Negative Web Pages\"><\/div>\n\t\t\t\t<h4>Negative Web Pages<\/h4>\n\t\t\t\t<p>Obrona przed atakami online. Specjalizuj\u0105c si\u0119 w prawie internetowym, usuwamy szkodliwe strony internetowe, kt\u00f3re szkodz\u0105 reputacji. Zdobywaj\u0105c zaufanie korporacji i os\u00f3b prywatnych, zapewniamy strategiczne interwencje prawne i kompleksowe rozwi\u0105zania w celu ochrony Pa\u0144stwa obecno\u015bci online i reputacji.<\/p>\n\t\t\t<\/li>\n\t\t\t<li>\n\t\t\t\t<div><img decoding=\"async\" src=\"\/wp-content\/themes\/monolith2021\/img\/pic\/pic_reputation.jpg\" alt=\"Identification of Posters\"><\/div>\n\t\t\t\t<h4>Identify of Posters<\/h4>\n\t\t\t\t<p>Identyfikacja os\u00f3b odpowiedzialnych za nielegalne posty. MONOLITH LAW OFFICE specjalizuje si\u0119 w prawie internetowym i posiada bogate do\u015bwiadczenie w prowadzeniu spraw zwi\u0105zanych z negatywn\u0105 tre\u015bci\u0105 online. Prowadzimy procesy prawne w celu dochodzenia sprawiedliwo\u015bci i ochrony interes\u00f3w naszych klient\u00f3w.<\/p>\n\t\t\t<\/li>\n\t\t<\/ul>\n\t\t<div class=\"btn-area\">\n\t\t\t<div class=\"btn icon-internet\"><a href=\"\/pl\/internet\">Internet<\/a><\/div>\n\t\t<\/div>\n\t<\/div>\n<\/section>\n","protected":false},"excerpt":{"rendered":"<p>Us\u0142ugi Z do\u015bwiadczeniem naszego zarz\u0105dzaj\u0105cego prawnika jako in\u017cyniera IT i do\u015bwiadczeniem w zarz\u0105dzaniu firmami IT, MONOLITH LAW OFFICE jest wiod\u0105c\u0105 kancelari\u0105 prawnicz\u0105 w Japonii specjalizuj\u0105c\u0105 si\u0119  [&hellip;]<\/p>\n","protected":false},"author":1,"featured_media":57138,"parent":0,"menu_order":4,"comment_status":"closed","ping_status":"closed","template":"practices-page-temp.php","meta":{"footnotes":""},"acf":[],"_links":{"self":[{"href":"https:\/\/monolith.law\/pl\/wp-json\/wp\/v2\/pages\/4213"}],"collection":[{"href":"https:\/\/monolith.law\/pl\/wp-json\/wp\/v2\/pages"}],"about":[{"href":"https:\/\/monolith.law\/pl\/wp-json\/wp\/v2\/types\/page"}],"author":[{"embeddable":true,"href":"https:\/\/monolith.law\/pl\/wp-json\/wp\/v2\/users\/1"}],"replies":[{"embeddable":true,"href":"https:\/\/monolith.law\/pl\/wp-json\/wp\/v2\/comments?post=4213"}],"version-history":[{"count":112,"href":"https:\/\/monolith.law\/pl\/wp-json\/wp\/v2\/pages\/4213\/revisions"}],"predecessor-version":[{"id":59427,"href":"https:\/\/monolith.law\/pl\/wp-json\/wp\/v2\/pages\/4213\/revisions\/59427"}],"wp:featuredmedia":[{"embeddable":true,"href":"https:\/\/monolith.law\/pl\/wp-json\/wp\/v2\/media\/57138"}],"wp:attachment":[{"href":"https:\/\/monolith.law\/pl\/wp-json\/wp\/v2\/media?parent=4213"}],"curies":[{"name":"wp","href":"https:\/\/api.w.org\/{rel}","templated":true}]}}