{"id":4232,"date":"2019-08-29T04:55:45","date_gmt":"2019-08-28T19:55:45","guid":{"rendered":"https:\/\/monolith.law\/?page_id=4232"},"modified":"2023-12-08T19:05:45","modified_gmt":"2023-12-08T10:05:45","slug":"greetings-from-the-managing-attorney","status":"publish","type":"page","link":"https:\/\/monolith.law\/pl\/greetings-from-the-managing-attorney","title":{"rendered":"Pozdrowienia od Zarz\u0105dzaj\u0105cego Adwokata"},"content":{"rendered":"\n<section class=\"heading-area\">\n\t<div class=\"heading-area-inner\">\n\t\t<h2 class=\"icon-greetings-from-the-managing-attorney\">Pozdrowienia od Zarz\u0105dzaj\u0105cego Adwokata<\/h2>\n\t<\/div>\n<\/section>\n\n<section class=\"white-section\">\n\t<div class=\"section-inner section-inner-bottomhalf pdt0 border-bottom-section\">\n\t\t<div class=\"tagline\">\n\t\t\t<div class=\"textArea\">\n\t\t\t\t<p>Wykorzystanie mocy technologii informacyjnej zrewolucjonizowa\u0142o histori\u0119 ludzko\u015bci,<br class=\"pcOnly\"> por\u00f3wnywalnie do wp\u0142ywu dynamitu.<br>Internet w szczeg\u00f3lno\u015bci szybko przekszta\u0142ci\u0142 bieg ewolucji,<br class=\"pcOnly\"> popychaj\u0105c ludzko\u015b\u0107 do przodu z niespotykanym dot\u0105d tempem.<br>Jednak\u017ce wraz z ogromn\u0105 moc\u0105 pojawiaj\u0105 si\u0119 wielkie ryzyka.<\/p>\n\t\t\t\t<p>W MONOLITH LAW OFFICE g\u0142\u0119boko wierzymy, \u017ce nasz\u0105 odpowiedzialno\u015bci\u0105 jest zapewnienie,<br class=\"pcOnly\"> aby si\u0142y naszych czas\u00f3w by\u0142y wykorzystywane nie jako zagro\u017cenie dla biznesu,<br class=\"pcOnly\"> ale jako katalizator ich rewolucyjnej ewolucji.<br>D\u0105\u017cymy do bycia innowacyjnym i my\u015bl\u0105cym przysz\u0142o\u015bciowo zespo\u0142em, kt\u00f3ry dostarcza prawne wskaz\u00f3wki<br class=\"pcOnly\"> i wsparcie umo\u017cliwiaj\u0105ce firmom wykorzystanie pe\u0142nego potencja\u0142u technologii informacyjnej.<\/p>\n\t\t\t\t<p>Nasz\u0105 misj\u0105 jest nawigowanie przez skomplikowany krajobraz prawny, umo\u017cliwiaj\u0105c firmom<br class=\"pcOnly\"> wykorzystanie IT w pe\u0142nym zakresie. Przyjmuj\u0105c mo\u017cliwo\u015bci, jakie niesie ze sob\u0105 era cyfrowa,<br class=\"pcOnly\"> mamy na celu u\u0142atwienie transformacyjnego wzrostu biznesu naszych klient\u00f3w.<\/p>\n\t\t\t\t<p class=\"txt-l\">Ewolucjonizowanie IT<\/p>\n\t\t\t\t<p>MONOLITH LAW OFFICE<\/p>\n\t\t\t<\/div>\n\t\t\t<div class=\"logo\"><img decoding=\"async\" src=\"\/wp-content\/themes\/monolith2021\/img\/logo.svg\" alt=\"MONOLITH LAW OFFICE\"><\/div>\n\t\t<\/div>\n\t<\/div>\n<\/section>\n\n<section class=\"second-nav\">\n\t<div class=\"second-nav-inner\">\n\t\t<p>TEMATY<\/p>\n\t\t<nav>\n\t\t\t<ul>\n\t\t\t\t<li><a href=\"#law-firm-led-by-former-it-engineer-turned-lawyer-with-corporate-management-experience\">Kancelaria Prawna Prowadzona przez By\u0142ego In\u017cyniera IT, Kt\u00f3ry Zosta\u0142 Prawnikiem z Do\u015bwiadczeniem w Zarz\u0105dzaniu Korporacjami<\/a><\/li>\n\t\t\t\t<li><a href=\"#a-law-firm-emphasizing-it-internet-and-business-expertise\">Kancelaria Prawna Podkre\u015blaj\u0105ca Specjalizacj\u0119 w IT, Internecie i Biznesie<\/a><\/li>\n\t\t\t\t<li><a href=\"#corporate-law-and-it-legal-expertise\">Prawo Korporacyjne i Specjalizacja Prawna w IT<\/a><\/li>\n\t\t\t\t<li><a href=\"#a-team-of-lawyers-and-it-consultants\">Zesp\u00f3\u0142 Prawnik\u00f3w i Konsultant\u00f3w IT<\/a><\/li>\n\t\t\t<\/ul>\n\t\t<\/nav>\n\t<\/div>\n<\/section>\n\n<section class=\"white-section\">\n\t<div class=\"anchor\" id=\"law-firm-led-by-former-it-engineer-turned-lawyer-with-corporate-management-experience\"><\/div>\n\t<div class=\"section-inner\">\n\t\t<div class=\"flex\">\n\t\t\t<div class=\"width41\"><img decoding=\"async\" src=\"\/wp-content\/uploads\/2023\/06\/message_1.jpg\" alt=\"Kancelaria Prawna Prowadzona przez By\u0142ego In\u017cyniera IT, Kt\u00f3ry Zosta\u0142 Prawnikiem z Do\u015bwiadczeniem w Zarz\u0105dzaniu Korporacjami\"><\/div>\n\t\t\t<div class=\"width51\">\n\t\t\t\t<h3>Kancelaria Prawna Kierowana przez By\u0142ego In\u017cyniera IT, Obecnie Prawnika z Do\u015bwiadczeniem w Zarz\u0105dzaniu Firm\u0105<\/h3>\n\t\t\t\t<p class=\"font-h3 txt-right mgb-middle\">Zarz\u0105dzaj\u0105cy Prawnik: Toki Kawase<\/p>\n\t\t\t\t<p class=\"mgb-small\">Od m\u0142odych lat pasjonowa\u0142em si\u0119 komputerami i technologi\u0105, co przynios\u0142o mi tytu\u0142 &#8220;komputerowego maniaka&#8221;. Przez lata nastoletnie i wczesn\u0105 doros\u0142o\u015b\u0107 zanurzy\u0142em si\u0119 w \u015bwiat IT, prowadz\u0105c w\u0142asn\u0105 dzia\u0142alno\u015b\u0107 i zdobywaj\u0105c cenne do\u015bwiadczenie.<\/p>\n\t\t\t\t<p class=\"mgb-small\">Moja przygoda zacz\u0119\u0142a si\u0119 w szkole podstawowej, kiedy zacz\u0105\u0142em programowa\u0107 na moim pierwszym komputerze &#8220;MSX 2+&#8221;. W gimnazjum do\u0142\u0105czy\u0142em nawet do szkolnego ko\u0142a informatycznego, co jeszcze bardziej rozbudzi\u0142o moj\u0105 pasj\u0119 do programowania. Podczas studi\u00f3w nadarzy\u0142a si\u0119 okazja do stworzenia strony internetowej dla firmy, co sta\u0142o si\u0119 punktem zwrotnym w mojej karierze. Elastyczno\u015b\u0107 i korzy\u015bci finansowe tego przedsi\u0119wzi\u0119cia sk\u0142oni\u0142y mnie do eksplorowania r\u00f3\u017cnych przedsi\u0119wzi\u0119\u0107 zwi\u0105zanych z IT, takich jak tworzenie stron internetowych, us\u0142ug sieciowych oraz optymalizacja SEO.<\/p>\n\t\t\t\t<p class=\"mgb-small\">W tym okresie startupy prowadzone przez m\u0142odych profesjonalist\u00f3w z bran\u017cy IT zyskiwa\u0142y na znaczeniu, a ja ca\u0142kowicie po\u015bwi\u0119ci\u0142em si\u0119 dynamicznemu i szybko zmieniaj\u0105cemu si\u0119 \u015bwiatu przedsi\u0119biorczo\u015bci. Niezmordowanie pracuj\u0105c, anga\u017cowa\u0142em si\u0119 w projekty krajowe i mi\u0119dzynarodowe, wsp\u00f3\u0142pracuj\u0105c z partnerami z ca\u0142ego \u015bwiata i ci\u0105gle dostosowuj\u0105c si\u0119 do zmieniaj\u0105cego si\u0119 otoczenia.<\/p>\n\t\t\t\t<p class=\"mgb-small\">Jednak pod koniec dwudziestych lat \u017cycia podj\u0105\u0142em decyzj\u0119, kt\u00f3ra zmieni\u0142a moje \u017cycie. Przekaza\u0142em prowadzenie mojego biznesu IT innym i wybra\u0142em now\u0105 \u015bcie\u017ck\u0119. Zapisa\u0142em si\u0119 na studia prawnicze, maj\u0105c na celu po\u0142\u0105czenie mojej technicznej wiedzy z wiedz\u0105 prawnicz\u0105. Dzi\u015b, jako prawnik i by\u0142y in\u017cynier IT z do\u015bwiadczeniem w zarz\u0105dzaniu firm\u0105, kieruj\u0119 MONOLITH LAW OFFICE, kt\u00f3ra rozumie zawi\u0142o\u015bci bran\u017cy IT i oferuje kompleksowe us\u0142ugi prawne.<\/p>\n\t\t\t\t<p>W naszej kancelarii wykorzystujemy unikalne po\u0142\u0105czenie wiedzy IT i ekspertyzy prawnej, aby zapewni\u0107 skuteczne wsparcie naszym klientom. Rozumiemy wyzwania i mo\u017cliwo\u015bci, jakie niesie ze sob\u0105 era cyfrowa, i jeste\u015bmy zaanga\u017cowani w pomoc firmom w poruszaniu si\u0119 po krajobrazie prawnym i osi\u0105ganiu ich cel\u00f3w.<\/p>\n\t\t\t<\/div>\n\t\t<\/div>\n\t<\/div>\n<\/section>\n\n<section class=\"purple-section\">\n\t<div class=\"anchor\" id=\"a-law-firm-emphasizing-it-internet-and-business-expertise\"><\/div>\n\t<div class=\"section-inner\">\n\t\t<div class=\"flex reverse\">\n\t\t\t<div class=\"width41\"><img decoding=\"async\" src=\"\/wp-content\/uploads\/2023\/06\/message_2.jpg\" alt=\"Kancelaria Prawna Podkre\u015blaj\u0105ca Ekspertyz\u0119 w Zakresie IT, Internetu i Biznesu\"><\/div>\n\t\t\t<div class=\"width51\">\n\t\t\t\t<h3>Kancelaria Prawna z naciskiem na IT, Internet i Ekspertyz\u0119 Biznesow\u0105<\/h3>\n\t\t\t\t<p class=\"mgb-small\">Ludzie cz\u0119sto postrzegaj\u0105 moje przej\u015bcie z w\u0142a\u015bciciela firmy IT na prawnika jako ca\u0142kowit\u0105 zmian\u0119 o 180 stopni. Jednak uwa\u017cam, \u017ce zmiana nie by\u0142a tak drastyczna, jak mog\u0142oby si\u0119 wydawa\u0107.<\/p>\n\t\t\t\t<p class=\"mgb-small\">Reflektuj\u0105c nad przesz\u0142o\u015bci\u0105, zdaj\u0119 sobie spraw\u0119, \u017ce nawet jako in\u017cynier IT o naukowym zaci\u0119ciu, mia\u0142em naturalne sk\u0142onno\u015bci do humanistycznego my\u015blenia. \u015awiat biznesu mnie intrygowa\u0142, co sk\u0142oni\u0142o mnie do podj\u0119cia si\u0119 przedsi\u0119biorczo\u015bci zamiast tradycyjnej kariery in\u017cyniera IT.<\/p>\n\t\t\t\t<p class=\"mgb-small\">Dzi\u015b, jako prawnik, wyr\u00f3\u017cniam si\u0119 naukowym my\u015bleniem w dziedzinie tradycyjnie kojarzonej z naukami humanistycznymi. To t\u0142o pozwala mi pe\u0142ni\u0107 funkcj\u0119 zarz\u0105dzaj\u0105cego prawnika w kancelarii prawnej, kt\u00f3ra k\u0142adzie silny nacisk na sprawy zwi\u0105zane z IT, Internetem i biznesem.<\/p>\n\t\t\t\t<p class=\"mgb-big\">Chocia\u017c moja kariera r\u00f3\u017cni si\u0119 od typowej \u015bcie\u017cki in\u017cyniera IT, widz\u0119 moje przej\u015bcie z in\u017cyniera IT na prawnika jako bardziej stopniowe przesuni\u0119cie, by\u0107 mo\u017ce o kilkadziesi\u0105t stopni, a nie ca\u0142kowity obr\u00f3t. W rzeczywisto\u015bci postrzegam to jako naturalny post\u0119p, kt\u00f3ry pozwala mi wykorzysta\u0107 moj\u0105 unikaln\u0105 mieszank\u0119 umiej\u0119tno\u015bci i wiedzy, aby lepiej s\u0142u\u017cy\u0107 naszym klientom w sektorach IT, Internetu i biznesu.<\/p>\n\t\t\t\t<div class=\"btn-area align-left\">\n\t\t\t\t\t<div class=\"btn icon-services\"><a href=\"\/pl\/services\">Us\u0142ugi<\/a><\/div>\n\t\t\t\t<\/div>\n\t\t\t<\/div>\n\t\t<\/div>\n\t<\/div>\n<\/section>\n\n<section class=\"white-section\">\n\t<div class=\"anchor\" id=\"corporate-law-and-it-legal-expertise\"><\/div>\n\t<div class=\"section-inner\">\n\t\t<div class=\"flex\">\n\t\t\t<div class=\"width41\"><img decoding=\"async\" src=\"\/wp-content\/uploads\/2023\/06\/message_3.jpg\" alt=\"Corporate Law and IT Legal Expertise\"><\/div>\n\t\t\t<div class=\"width51\">\n\t\t\t\t<h3>Prawo korporacyjne i ekspercka wiedza z zakresu IT<\/h3>\n\t\t\t\t<p class=\"mgb-small\">W MONOLITH LAW OFFICE pe\u0142ni\u0119 podw\u00f3jn\u0105 rol\u0119. Po pierwsze, jako konsultant wspieram firmy IT i startupy w kwestiach prawa korporacyjnego. Zrozumienie specyfiki bran\u017cy IT oraz unikalnych wyzwa\u0144, przed kt\u00f3rymi stoj\u0105 startupy, jest kluczowe, aby \u015bwiadczy\u0107 skuteczne us\u0142ugi prawne dostosowane do ich potrzeb. Dzi\u0119ki mojemu bezpo\u015bredniemu do\u015bwiadczeniu i specjalistycznej wiedzy w obszarze IT i startup\u00f3w, jestem doskonale przygotowany do zapewnienia wyj\u0105tkowej pomocy prawnej tym klientom.<\/p>\n\t\t\t\t<p class=\"mgb-small\">Po drugie, pracuj\u0119 w zespole specjalist\u00f3w od IT i prawa, oferuj\u0105c us\u0142ugi konsultingowe firmom z r\u00f3\u017cnych bran\u017c, kt\u00f3re potrzebuj\u0105 wsparcia w kwestiach prawnych zwi\u0105zanych z IT. Nasz zesp\u00f3\u0142 wykorzystuje wsp\u00f3ln\u0105 wiedz\u0119 z zakresu IT i prawa, aby tworzy\u0107 i dostarcza\u0107 optymalne rozwi\u0105zania odpowiadaj\u0105ce na konkretne wymagania ka\u017cdego klienta.<\/p>\n\t\t\t\t<p class=\"mgb-small\">Chocia\u017c tradycyjne us\u0142ugi prawne cz\u0119sto koncentruj\u0105 si\u0119 na dostarczaniu konkretnych produkt\u00f3w, takich jak wnioskowanie o wszcz\u0119cie proces\u00f3w s\u0105dowych, zdaj\u0119 sobie spraw\u0119 z wa\u017cno\u015bci zapewnienia, \u017ce dostarczane rozwi\u0105zania rzeczywi\u015bcie odpowiadaj\u0105 potrzebom klienta. Czy mo\u017cemy polega\u0107 wy\u0142\u0105cznie na kliencie w projektowaniu rozwi\u0105zania, kt\u00f3re skutecznie rozwi\u0105\u017ce ich unikalne wyzwania? To krytyczne kwestie, kt\u00f3re bior\u0119 pod uwag\u0119.<\/p>\n\t\t\t\t<p class=\"mgb-small\">We\u017amy na przyk\u0142ad wsparcie dla IPO w Japonii. Aby zapewni\u0107 zgodno\u015b\u0107 z przepisami, firmy musz\u0105 dok\u0142adnie zbada\u0107 wszystkie potencjalne zmiany w japo\u0144skich przepisach prawnych, kt\u00f3re mog\u0105 wp\u0142yn\u0105\u0107 na ich dzia\u0142alno\u015b\u0107, i podj\u0105\u0107 odpowiednie dzia\u0142ania. Jednak \u015bledzenie licznych nowelizacji, w tym tych drobnych, mo\u017ce by\u0107 wyzwaniem dla prawnik\u00f3w w ich codziennej pracy.<\/p>\n\t\t\t\t<p>Jako ekspert IT i prawa, d\u0105\u017c\u0119 do dostarczania &#8220;rozwi\u0105za\u0144&#8221;, kt\u00f3re \u0142\u0105cz\u0105 moc IT i prawa, aby skutecznie radzi\u0107 sobie z tymi z\u0142o\u017conymi problemami.<\/p>\n\t\t\t<\/div>\n\t\t<\/div>\n\t<\/div>\n<\/section>\n\n<section class=\"orange-section\">\n\t<div class=\"anchor\" id=\"a-team-of-lawyers-and-it-consultants\"><\/div>\n\t<div class=\"section-inner\">\n\t\t<div class=\"flex reverse\">\n\t\t\t<div class=\"width41\"><img decoding=\"async\" src=\"\/wp-content\/uploads\/2023\/06\/message_4.jpg\" alt=\"Zesp\u00f3\u0142 prawnik\u00f3w i konsultant\u00f3w IT\"><\/div>\n\t\t\t<div class=\"width51\">\n\t\t\t\t<h3>Zesp\u00f3\u0142 prawnik\u00f3w i konsultant\u00f3w IT<\/h3>\n\t\t\t\t<p class=\"mgb-small\">Opr\u00f3cz wsparcia w zakresie IPO, istnieje wiele sytuacji, w kt\u00f3rych po\u0142\u0105czenie IT i prawa jest niezb\u0119dne, aby sprosta\u0107 potrzebom klient\u00f3w. Radzenie sobie ze skomplikowanymi scenariuszami problem\u00f3w wymaga zespo\u0142u z umiej\u0119tno\u015bciami i zdolno\u015bciami do podejmowania \u015bwiadomych decyzji i wdra\u017cania skutecznych dzia\u0142a\u0144 z szerokiej gamy opcji. Chocia\u017c prawnicy s\u0105 specjalistami w dziedzinie prawa, budowanie kompleksowego &#8220;rozwi\u0105zania&#8221; wymaga czego\u015b wi\u0119cej ni\u017c tylko wiedzy prawnej.<\/p>\n\t\t\t\t<p class=\"mgb-small\">Dlatego nasz zesp\u00f3\u0142 sk\u0142ada si\u0119 nie tylko z prawnik\u00f3w, ale tak\u017ce z konsultant\u00f3w IT, kt\u00f3rzy wnosz\u0105 r\u00f3\u017cnorodny zestaw umiej\u0119tno\u015bci. Dzi\u0119ki ich zdolno\u015bciom do prowadzenia bada\u0144 internetowych, wyja\u015bniania propozycji rozwi\u0105za\u0144 i oferowania wgl\u0105d\u00f3w wykraczaj\u0105cych poza tradycyjn\u0105 wiedz\u0119 prawnicz\u0105, jeste\u015bmy w stanie zapewni\u0107 kompleksowe i skuteczne rozwi\u0105zania. W przypadku transgranicznych spraw prawnych wsp\u00f3\u0142praca z zespo\u0142ami wykraczaj\u0105cymi poza prawnik\u00f3w jest kluczowa. Nasi cz\u0142onkowie zespo\u0142u posiadaj\u0105cy bieg\u0142o\u015b\u0107 w j\u0119zykach obcych i g\u0142\u0119bokie zrozumienie zagranicznych \u015brodowisk biznesowych pozwalaj\u0105 nam nawigowa\u0107 w zaawansowanych dziedzinach transgranicznego sektora IT.<\/p>\n\t\t\t\t<p class=\"mgb-small\">Je\u015bli chodzi o rekrutacj\u0119, wa\u017cne jest, aby zauwa\u017cy\u0107, \u017ce wielu naszych prawnik\u00f3w do\u0142\u0105cza do MONOLITH LAW OFFICE bez rozleg\u0142ej wiedzy IT. Tworzymy \u015brodowisko wsp\u00f3\u0142pracy, w kt\u00f3rym prawnicy z r\u00f3\u017cnorodnym do\u015bwiadczeniem i wiedz\u0105 zwi\u0105zan\u0105 z IT pracuj\u0105 razem jako zesp\u00f3\u0142. Obowi\u0105zki dla cz\u0142onk\u00f3w zespo\u0142u nieb\u0119d\u0105cych prawnikami cz\u0119sto s\u0105 okre\u015blane na podstawie ich umiej\u0119tno\u015bci i cech po do\u0142\u0105czeniu do firmy i zaanga\u017cowaniu si\u0119 w r\u00f3\u017cne biznesy. Zapraszamy do aplikowania prawnik\u00f3w, kt\u00f3rzy mog\u0105 nie posiada\u0107 specjalistycznej wiedzy IT lub czuj\u0105 si\u0119 niepewnie z etykiet\u0105 &#8220;specjalisty&#8221;.<\/p>\n\t\t\t\t<p class=\"mgb-big\">W MONOLITH LAW OFFICE cenimy zbiorow\u0105 wiedz\u0119 i wk\u0142ad ka\u017cdego cz\u0142onka zespo\u0142u, tworz\u0105c dynamiczne i innowacyjne \u015brodowisko, kt\u00f3re \u0142\u0105czy kompetencje prawne z wgl\u0105dem w IT.<\/p>\n\t\t\t\t<div class=\"btn-area align-left\">\n\t\t\t\t\t<div class=\"btn icon-job-openings\"><a href=\"\/en\/job-openings\/\">Oferty pracy<\/a><\/div>\n\t\t\t\t<\/div>\n\t\t\t<\/div>\n\t\t<\/div>\n\t<\/div>\n<\/section>\n","protected":false},"excerpt":{"rendered":"<p>Pozdrowienia od Zarz\u0105dzaj\u0105cego Adwokata Wykorzystanie mocy technologii informacyjnej zrewolucjonizowa\u0142o histori\u0119 ludzko\u015bci, por\u00f3wnywalnie do wp\u0142ywu dynamitu.Internet w szczeg\u00f3lno\u015bci szybko przekszta\u0142c [&hellip;]<\/p>\n","protected":false},"author":1,"featured_media":57134,"parent":0,"menu_order":8,"comment_status":"closed","ping_status":"closed","template":"other-page-temp.php","meta":{"footnotes":""},"acf":[],"_links":{"self":[{"href":"https:\/\/monolith.law\/pl\/wp-json\/wp\/v2\/pages\/4232"}],"collection":[{"href":"https:\/\/monolith.law\/pl\/wp-json\/wp\/v2\/pages"}],"about":[{"href":"https:\/\/monolith.law\/pl\/wp-json\/wp\/v2\/types\/page"}],"author":[{"embeddable":true,"href":"https:\/\/monolith.law\/pl\/wp-json\/wp\/v2\/users\/1"}],"replies":[{"embeddable":true,"href":"https:\/\/monolith.law\/pl\/wp-json\/wp\/v2\/comments?post=4232"}],"version-history":[{"count":33,"href":"https:\/\/monolith.law\/pl\/wp-json\/wp\/v2\/pages\/4232\/revisions"}],"predecessor-version":[{"id":59408,"href":"https:\/\/monolith.law\/pl\/wp-json\/wp\/v2\/pages\/4232\/revisions\/59408"}],"wp:featuredmedia":[{"embeddable":true,"href":"https:\/\/monolith.law\/pl\/wp-json\/wp\/v2\/media\/57134"}],"wp:attachment":[{"href":"https:\/\/monolith.law\/pl\/wp-json\/wp\/v2\/media?parent=4232"}],"curies":[{"name":"wp","href":"https:\/\/api.w.org\/{rel}","templated":true}]}}