{"id":47528,"date":"2022-07-25T18:24:34","date_gmt":"2022-07-25T09:24:34","guid":{"rendered":"https:\/\/monolith.law\/?page_id=47528"},"modified":"2024-03-08T20:03:36","modified_gmt":"2024-03-08T11:03:36","slug":"crypto-asset-and-blockchain","status":"publish","type":"page","link":"https:\/\/monolith.law\/pl\/crypto-asset-and-blockchain","title":{"rendered":"Aktywa Kryptograficzne i Blockchain"},"content":{"rendered":"\n<section class=\"heading-area\">\n\t<div class=\"heading-area-inner\">\n\t\t<h2 class=\"icon-crypto-asset-and-blockchain\">Aktywa Kryptograficzne i Blockchain<\/h2>\n\t\t<p>Aktywa kryptograficzne i blockchain to zdecentralizowane bazy danych tworzone przez r\u00f3\u017cne systemy IT, w tym algorytmy konsensusu, kryptografi\u0119 i sieci P2P, kt\u00f3re s\u0105 trudne do zmiany i charakteryzuj\u0105 si\u0119 niskim ryzykiem utraty danych. Jako kancelaria prawna specjalizuj\u0105ca si\u0119 w dziedzinie IT, wspieramy przedsi\u0119biorstwa zajmuj\u0105ce si\u0119 aktywami kryptograficznymi, NFT i blockchainem.<\/p>\n\t<\/div>\n<\/section>\n<section class=\"white-section\">\n\t<div class=\"section-inner pdt0 border-bottom-section\">\n\t<p class=\"mgb-small\">Aktywa kryptograficzne, NFT i blockchain szybko ewoluuj\u0105 dzi\u0119ki ci\u0105g\u0142ym innowacjom technicznym i ich potencja\u0142owi dla szerokiego zakresu zastosowa\u0144, od pozyskiwania funduszy po zarz\u0105dzanie sztuk\u0105 cyfrow\u0105. W zwi\u0105zku z tym jest to r\u00f3wnie\u017c skomplikowany obszar do regulacji prawnymi.<\/p>\n\t<p class=\"mgb-small\">MONOLITH LAW OFFICE to kancelaria prawna, kt\u00f3ra od momentu za\u0142o\u017cenia w 2017 roku specjalizuje si\u0119 w prawie dotycz\u0105cym krypto i blockchaina. Znajomo\u015b\u0107 regulacji prawnych obcych firm, ich przedsi\u0119wzi\u0119\u0107 w Japonii, odpowiedniego doradztwa biznesowego w zakresie wdra\u017cania oraz przygotowywania dokument\u00f3w i um\u00f3w dla operacji zwi\u0105zanych z IT to nasza specjalno\u015b\u0107. Praca ta wymaga wiedzy i do\u015bwiadczenia w mi\u0119dzynarodowym IT, prawie biznesowym, finansowym oraz innych kwestiach prawnych.<\/p>\n\t<p>\u015awiadczymy zaawansowane wsparcie dla przedsi\u0119biorstw wykorzystuj\u0105cych blockchain, w tym aktywa kryptograficzne i NFT, poprzez \u015bcis\u0142\u0105 wsp\u00f3\u0142prac\u0119 mi\u0119dzy prawnikami a konsultantami IT.<\/p>\n\t<\/div>\n<\/section>\n<section class=\"second-nav\">\n\t<div class=\"second-nav-inner\">\n\t\t<p>TEMATY<\/p>\n\t\t<nav>\n\t\t\t<ul>\n\t\t\t\t<li><a href=\"#highly-specialized-teams-and-global-network\">Wysoko Specjalistyczne Zespo\u0142y i Globalna Sie\u0107<\/a><\/li>\n\t\t\t\t<li><a href=\"#examples-of-the-firms-support-achievements\">Przyk\u0142ady Osi\u0105gni\u0119\u0107 Firmy<\/a><\/li>\n\t\t\t\t<li><a href=\"#advanced-technology-and-financial-legislation\">Zaawansowane Technologie i Legislacja Finansowa<\/a><\/li>\n\t\t\t\t<li><a href=\"#providing-one-stop-solutions\">\u015awiadczenie Kompleksowych Rozwi\u0105za\u0144<\/a><\/li>\n\t\t\t\t<li><a href=\"#legal-support-for-nft-related-businesses\">Wsparcie Prawne dla Biznes\u00f3w Zwi\u0105zanych z NFT<\/a><\/li>\n\t\t\t\t<li><a href=\"#crypto-asset-businesses-and-custody-services\">Biznesy Zwi\u0105zane z Aktywami Kryptograficznymi i Us\u0142ugi Depozytowe<\/a><\/li>\n\t\t\t\t<li><a href=\"#other-crypto-assets-related-businesses\">Inne Biznesy Zwi\u0105zane z Aktywami Kryptograficznymi<\/a><\/li>\n\t\t\t\t<li><a href=\"#system-development\">Rozw\u00f3j System\u00f3w<\/a><\/li>\n\t\t\t\t<li><a href=\"#terms-of-use-maintenance-for-applications-etc\">Us\u0142ugi Dokumentacyjne<\/a><\/li>\n\t\t\t\t<li><a href=\"#monolith-law-magazine\">MONOLITH LAW MAGAZINE<\/a><\/li>\n\t\t\t\t<li><a href=\"#fee-structure\">Struktura Op\u0142at<\/a><\/li>\n\t\t\t<\/ul>\n\t\t<\/nav>\n\t<\/div>\n<\/section>\n<section class=\"white-section\">\n\t<div class=\"anchor\" id=\"highly-specialized-teams-and-global-network\"><\/div>\n\t<div class=\"section-inner pdb0\">\n\t\t<h3>Wysoko specjalizowane zespo\u0142y i globalna sie\u0107<\/h3>\n\t\t<div class=\"max-width980 mgb-small\"><img decoding=\"async\" src=\"\/wp-content\/uploads\/2023\/05\/web3team.jpg\" alt=\"Attorneys\"><\/div>\n\t\t<div class=\"frame2 max-width860 txt-center-pc\">\n\t\t\t<p class=\"bold txt-l mgb-small\">W miar\u0119 jak krajobraz biznesowy otaczaj\u0105cy blockchainy i kryptoaktywa szybko ewoluuje, konieczne s\u0105 kancelarie prawne i prawnicy specjalizuj\u0105cy si\u0119 w tej dziedzinie.<\/p>\n\t\t\t<p> W MONOLITH LAW OFFICE stworzyli\u015bmy dedykowany zesp\u00f3\u0142 prawnik\u00f3w z obszern\u0105 wiedz\u0105 z zakresu IT, prawnik\u00f3w z mi\u0119dzynarodowymi kwalifikacjami oraz do\u015bwiadczonych in\u017cynier\u00f3w IT. Dzi\u0119ki naszej solidnej mi\u0119dzynarodowej sieci, wspieramy wymian\u0119 wiedzy, co pozwala nam pozosta\u0107 na czele tej dynamicznej dziedziny.<\/p>\n\t\t<\/div>\n\t<\/div>\n<\/section>\n<section class=\"white-section\">\n\t<div class=\"anchor\" id=\"examples-of-the-firms-support-achievements\"><\/div>\n\t<div class=\"section-inner\">\n\t\t<h3>Przyk\u0142ady osi\u0105gni\u0119\u0107 firmy w zakresie wsparcia<\/h3>\n\t\t<ul class=\"layout-column4\">\n\t\t\t<li>\n\t\t\t\t<div><img decoding=\"async\" src=\"\/wp-content\/uploads\/2022\/07\/shutterstock_1009471096.png\"><\/div>\n\t\t\t\t<h4>Zbi\u00f3rka funduszy (ICO, STO, IEO)<\/h4>\n\t\t\t\t<p>Obecnie ICO, STO i IEO, wykorzystuj\u0105ce kryptoaktywa jako spos\u00f3b na pozyskiwanie funduszy, zyskuj\u0105 na popularno\u015bci. S\u0105 one postrzegane jako bardziej elastyczna metoda zbierania kapita\u0142u w por\u00f3wnaniu z IPO itp., zapewniaj\u0105c jednocze\u015bnie ochron\u0119 inwestor\u00f3w na mocy regulacji zawartych w Japanese Financial Instruments and Exchange Act oraz Japanese Payment Services Act. MONOLITH LAW OFFICE wspiera w legalno\u015bci przedsi\u0119wzi\u0119\u0107, oferuj\u0105c pomoc i przygotowuj\u0105c raporty.<\/p>\n\t\t\t<\/li>\n\t\t\t<li>\n\t\t\t\t<div><img decoding=\"async\" src=\"\/wp-content\/uploads\/2022\/07\/shutterstock_758063575-1.png\"><\/div>\n\t\t\t\t<h4>Wykopywanie kryptowalut\/Mining i Staking<\/h4>\n\t\t\t\t<p>Przeprowadzamy badania dotycz\u0105ce legalno\u015bci miningu i stakingu w blockchainach, jak r\u00f3wnie\u017c opracowujemy kontrakty i inne powi\u0105zane dokumenty. W niekt\u00f3rych przypadkach dzia\u0142alno\u015b\u0107 w zakresie miningu i stakingu mo\u017ce wymaga\u0107 rejestracji jako dzia\u0142alno\u015b\u0107 gie\u0142dy kryptoaktyw\u00f3w. Nasza specjalizacja polega na zrozumieniu wymog\u00f3w prawnych i wspieraniu klient\u00f3w w przestrzeganiu niezb\u0119dnych regulacji.<\/p>\n\t\t\t<\/li>\n\t\t\t<li>\n\t\t\t\t<div><img decoding=\"async\" src=\"\/wp-content\/uploads\/2022\/07\/shutterstock_1096851425.png\"><\/div>\n\t\t\t\t<h4>Gie\u0142dy kryptoaktyw\u00f3w i ich operacje<\/h4>\n\t\t\t\t<p>Zgodnie z nowelizacj\u0105 Japanese Funds Settlement Law, obecnie wymagana jest rejestracja jako dzia\u0142alno\u015b\u0107 gie\u0142dy kryptoaktyw\u00f3w, aby kupowa\u0107, sprzedawa\u0107, wymienia\u0107 oraz dzia\u0142a\u0107 jako po\u015brednik lub agent kryptoaktyw\u00f3w. Poprzez opracowanie unikalnego modelu biznesowego, mo\u017cliwe jest unikni\u0119cie takiej rejestracji w ramach obowi\u0105zuj\u0105cego prawa. Mo\u017cemy r\u00f3wnie\u017c wspiera\u0107 naszych klient\u00f3w w rejestracji jako gie\u0142da kryptoaktyw\u00f3w oraz w bie\u017c\u0105cym wsparciu dla firm operuj\u0105cych gie\u0142dami walut wirtualnych.<\/p>\n\t\t\t<li>\n\t\t\t\t<div><img decoding=\"async\" src=\"\/wp-content\/uploads\/2022\/07\/shutterstock_2118688160.png\"><\/div>\n\t\t\t\t<h4>Biznes tre\u015bciowy \/ NFT<\/h4>\n\t\t\t\t<p>Tokeny niezamiennych (NFT), reprezentowane przez cyfrow\u0105 sztuk\u0119, przedmioty w grach blockchainowych itp., w zale\u017cno\u015bci od systemu mog\u0105 mie\u0107 r\u00f3\u017cny status prawny &#8211; od kryptoaktyw\u00f3w, przez \u015brodki p\u0142atnicze przedp\u0142acone, po elektronicznie zapisane prawa do transferu (papiery warto\u015bciowe) itd., jednak podlegaj\u0105 one z\u0142o\u017conym i \u015bcis\u0142ym przepisom. Zajmujemy si\u0119 badaniem legalno\u015bci dzia\u0142alno\u015bci naszych klient\u00f3w i wspieramy ich z perspektywy prawnej.<\/p>\n\t\t\t<\/li>\n\t\t<\/ul>\n\t<\/div>\n<\/section>\n<section class=\"white-section\">\n\t<div class=\"anchor\" id=\"advanced-technology-and-financial-legislation\"><\/div>\n\t<div class=\"section-inner\">\n\t\t<div class=\"flex reverse\">\n\t\t\t<div class=\"width41\"><img decoding=\"async\" src=\"\/wp-content\/uploads\/2022\/07\/shutterstock_1144405721.png\" alt=\"Advanced Technology and Financial Legislation\"><\/div>\n\t\t\t<div class=\"width51\">\n\t\t\t\t<h3>Zaawansowane technologie i prawo finansowe<\/h3>\n\t\t\t\t<p class=\"mgb-small\">Dziedzina blockchain\u00f3w to obszar, w kt\u00f3rym firmy z nich korzystaj\u0105ce rozwijaj\u0105 si\u0119 w szybkim tempie, zw\u0142aszcza za granic\u0105. Firmy zaanga\u017cowane w t\u0119 dziedzin\u0119 musz\u0105 rozwa\u017cy\u0107, czy mo\u017cliwe jest wdro\u017cenie takiego systemu w Japonii na podstawie najnowszych zagranicznych regulacji. Najpierw czytamy materia\u0142y ujawnione przez takie firmy zagraniczne, opieraj\u0105c si\u0119 na naszej wiedzy z zakresu IT o najnowszych technologiach. Nast\u0119pnie badamy legalno\u015b\u0107 systemu w Japonii w \u015bwietle krajowego systemu prawnego, w tym prawa finansowego, oraz opinii administracyjnych. Nast\u0119pnie udzielamy porad, jak legalnie wdro\u017cy\u0107 system w Japonii, opieraj\u0105c si\u0119 na naszych ocenach biznesowych.<\/p>\n\t\t\t\t<p>Blockchain, w tym kryptoaktywa i NFT, to skomplikowana dziedzina, kt\u00f3ra wymaga kancelarii prawnych i prawnik\u00f3w o wysokim poziomie specjalizacji zar\u00f3wno w IT, jak i prawie.<\/p>\n\t\t\t<\/div>\n\t\t<\/div>\n\t<\/div>\n<\/section>\n<section class=\"purple-section\">\n\t<div class=\"anchor\" id=\"providing-one-stop-solutions\"><\/div>\n\t<div class=\"section-inner\">\n\t\t<div class=\"flex reverse\">\n\t\t\t<div class=\"width51\">\n\t\t\t\t<h3>Dostarczanie kompleksowych rozwi\u0105za\u0144<\/h3>\n\t\t\t\t<p class=\"mgb-small\">Nasza firma sk\u0142ada si\u0119 z 30 prawnik\u00f3w i 85 cz\u0142onk\u00f3w personelu, w tym konsultant\u00f3w IT, pod nadzorem za\u0142o\u017cyciela, by\u0142ego in\u017cyniera IT i w\u0142a\u015bciciela firmy IT.<\/p>\n\t\t\t\t<p>T\u0142umaczenie i techniczne zrozumienie dokument\u00f3w opublikowanych przez zagranicznych w\u0142a\u015bcicieli firm, a tak\u017ce dokument\u00f3w technicznych i kod\u00f3w stworzonych wewn\u0119trznie, s\u0105 wykonywane przez reprezentuj\u0105cego prawnika i dzia\u0142 konsultacji IT. Badania prawne, sporz\u0105dzanie um\u00f3w, przygotowywanie dokument\u00f3w i inne us\u0142ugi prawne s\u0105 wykonywane przez reprezentuj\u0105cego prawnika i adwokata. Dzi\u0119ki temu mo\u017cemy zapewni\u0107 kompleksow\u0105 obs\u0142ug\u0119 serii spraw wymagaj\u0105cych wysokiego poziomu specjalizacji zar\u00f3wno w IT, jak i prawie.<\/p>\n\t\t\t<\/div>\n\t\t\t<div class=\"width41\"><img decoding=\"async\" src=\"\/wp-content\/themes\/monolith_en\/img\/operationofofmedia\/operationofofmedia_pic5.svg\" alt=\"Dostarczanie kompleksowych rozwi\u0105za\u0144\"><\/div>\n\t\t<\/div>\n\t<\/div>\n<\/section>\n<section class=\"white-section mgt-section\">\n\t<div class=\"anchor\" id=\"legal-support-for-nft-related-businesses\"><\/div>\n\t<div class=\"section-inner-black\">\n\t\t<h3>Prawna obs\u0142uga firm zwi\u0105zanych z NFT<\/h3>\n\t\t\t\t<p class=\"mgb-small\">Niepodzielne tokeny (NFT), g\u0142\u00f3wnie oparte na blockchainie Ethereum, s\u0105 praktycznie wykorzystywane do tworzenia unikalnych produkt\u00f3w, takich jak cyfrowa sztuka, przedmioty w grach blockchainowych i karty kolekcjonerskie, a tak\u017ce jako dow\u00f3d w\u0142asno\u015bci nieruchomo\u015bci, takich jak nieruchomo\u015bci, i cz\u0142onkostwa w \u015bwiecie rzeczywistym. <\/p>\n\t\t\t\t<p class=\"mgb-middle\">NFT, w zale\u017cno\u015bci od ich projektu i schematu biznesowego, mog\u0105 podlega\u0107 kategorii aktyw\u00f3w kryptograficznych, \u015brodk\u00f3w p\u0142atniczych przedp\u0142aconych, praw do elektronicznego transferu zapis\u00f3w itp. Wspieramy firmy zwi\u0105zane z NFT dzi\u0119ki naszej wysokiej specjalizacji.<\/p>\n\t<\/div>\n<\/section>\n<section class=\"white-section\">\n\t<div class=\"anchor\" id=\"crypto-asset-businesses-and-custody-services\"><\/div>\n\t<div class=\"section-inner\">\n\t\t<div class=\"flex reverse\">\n\t\t\t<div class=\"width41\"><img decoding=\"async\" src=\"\/wp-content\/uploads\/2022\/07\/shutterstock_1151380622_2.png\" alt=\"Crypto Asset Businesses and Custody Services\"><\/div>\n\t\t\t<div class=\"width51\">\n\t\t\t\t<h3>Przedsi\u0119biorstwa zwi\u0105zane z aktywami kryptograficznymi i us\u0142ugi depozytowe<\/h3>\n\t\t\t\t<p class=\"mgb-small\">Zgodnie z nowelizacj\u0105 japo\u0144skiego Ustawy o Rozliczeniach Pieni\u0119\u017cnych z 2020 roku (Money Settlement Act), &#8220;zarz\u0105dzanie aktywami kryptograficznymi dla innych (tj. us\u0142ugi depozytowe)&#8221; jest teraz w\u0142\u0105czone do dzia\u0142alno\u015bci gie\u0142dy aktyw\u00f3w kryptograficznych, wymagaj\u0105c rejestracji jako dostawca us\u0142ug zwi\u0105zanych z aktywami kryptograficznymi i podlega wi\u0119c r\u00f3\u017cnym regulacjom w celu wdro\u017cenia schematu, kt\u00f3ry obejmuje zarz\u0105dzanie aktywami kryptograficznymi. Jednak\u017ce, te regulacje s\u0105 bardzo uci\u0105\u017cliwe dla tych, kt\u00f3rzy nie s\u0105 tzw. us\u0142ugami wymiany walut wirtualnych, ale jedynie dostarczaj\u0105 us\u0142ugi depozytowe.<\/p>\n\t\t\t\t<p>Takie us\u0142ugi b\u0119d\u0105 musia\u0142y zdecydowa\u0107, czy powinny zarejestrowa\u0107 si\u0119 i prowadzi\u0107 dzia\u0142alno\u015b\u0107 jako gie\u0142da aktyw\u00f3w kryptograficznych, czy te\u017c powinny obs\u0142ugiwa\u0107 aktywa kryptograficzne unikaj\u0105c rejestracji.<\/p>\n\t\t\t<\/div>\n\t\t<\/div>\n\t<\/div>\n<\/section>\n<section class=\"white-section mgb-section\">\n\t<div class=\"anchor\" id=\"other-crypto-assets-related-businesses\"><\/div>\n\t<div class=\"section-inner-black\">\n\t\t<h3>Inne aktywa kryptograficzne i biznesy zwi\u0105zane z blockchainem<\/h3>\n\t\t<p class=\"mgb-small\">Aktywa kryptograficzne i blockchainy to obszary technologiczne i biznesowe, kt\u00f3re ci\u0105gle si\u0119 rozwijaj\u0105. Obejmuje to regulacje dotycz\u0105ce stabilnych monet, kt\u00f3re zosta\u0142y uregulowane na mocy nowelizacji Ustawy o rozliczeniach funduszy (Japanese Funds Settlement Act) z 2022 roku, oraz IEO, metod\u0119 finansowania, kt\u00f3ra przegl\u0105da gie\u0142dy walut wirtualnych, oraz biznesy zwi\u0105zane ze stakingiem. Nasza firma \u015bledzi najnowsze trendy i zapewnia wsparcie dla takich przedsi\u0119biorstw.<\/p>\n\t\t<p class=\"mgb-middle\">Jako kancelaria prawna sk\u0142adaj\u0105ca si\u0119 z za\u0142o\u017cycielskiego prawnika z do\u015bwiadczeniem jako by\u0142y in\u017cynier IT, wraz z konsultantami IT z do\u015bwiadczeniem w zrozumieniu bia\u0142ych ksi\u0105g, dokument\u00f3w technicznych i innych materia\u0142\u00f3w wydanych za granic\u0105, jeste\u015bmy w stanie zrozumie\u0107 technologi\u0119 i modele biznesowe.<\/p>\n\t<\/div>\n<\/section>\n<section class=\"orange-section\">\n\t<div class=\"anchor\" id=\"system-development\"><\/div>\n\t<div class=\"section-inner\">\n\t\t<div class=\"flex reverse\">\n\t\t\t<div class=\"width41\"><img decoding=\"async\" src=\"\/wp-content\/themes\/monolith2021\/img\/practices-itlaw\/practices-itlaw_pic1.jpg\" alt=\"Rozw\u00f3j systemu\"><\/div>\n\t\t\t<div class=\"width51\">\n\t\t\t\t<h3>Rozw\u00f3j System\u00f3w<\/h3>\n\t\t\t\t<p>Za\u0142o\u017cone przez by\u0142ego in\u017cyniera IT, MONOLITH LAW OFFICE to kancelaria prawna, kt\u00f3ra zajmuje si\u0119 sporz\u0105dzaniem, modyfikacj\u0105 i negocjacjami kontrakt\u00f3w, a tak\u017ce rozwi\u0105zywaniem spor\u00f3w, gdy pojawiaj\u0105 si\u0119 problemy, nie tylko w obszarze kryptoaktyw\u00f3w i spraw zwi\u0105zanych z blockchainem, ale tak\u017ce w r\u00f3\u017cnych wysoko wyspecjalizowanych sprawach zwi\u0105zanych z rozwojem system\u00f3w, takich jak rozw\u00f3j system\u00f3w dla gie\u0142d walut wirtualnych. Zajmujemy si\u0119 r\u00f3wnie\u017c rozwi\u0105zywaniem spor\u00f3w, gdy pojawiaj\u0105 si\u0119 problemy.<\/p>\n\t\t\t<\/div>\n\t\t<\/div>\n\t<\/div>\n<\/section>\n<section class=\"white-section\">\n\t<div class=\"anchor\" id=\"terms-of-use-maintenance-for-applications-etc\"><\/div>\n\t<div class=\"section-inner\">\n\t\t<div class=\"flex\">\n\t\t\t<div class=\"width41\"><img decoding=\"async\" src=\"\/wp-content\/themes\/monolith2021\/img\/practices-itlaw\/practices-itlaw_pic2.jpg\" alt=\"Us\u0142ugi dokumentacyjne\"><\/div>\n\t\t\t<div class=\"width51\">\n\t\t\t\t<h3>Us\u0142ugi Dokumentacyjne<\/h3>\n\t\t\t\t<p>Kancelaria prawna MONOLITH LAW OFFICE zajmuje si\u0119 tworzeniem i rewizj\u0105 dokument\u00f3w okre\u015blaj\u0105cych warunki korzystania i polityki prywatno\u015bci dla r\u00f3\u017cnych aplikacji, us\u0142ug i gier, w tym gier blockchain, aktyw\u00f3w kryptograficznych i produkt\u00f3w i us\u0142ug zwi\u0105zanych z blockchainem. Badamy r\u00f3wnie\u017c istniej\u0105ce dokumenty korporacyjne i dane, takie jak definicje wymaga\u0144 dla odpowiedniego rozwoju aplikacji, ramy tworzone w Adobe XD, LP, materia\u0142y sprzeda\u017cowe dla potencjalnych klient\u00f3w itp.<\/p>\n\t\t\t<\/div>\n\t\t<\/div>\n\t<\/div>\n<\/section>\n\n<section class=\"purple2-section\">\n\t<div class=\"anchor\" id=\"monolith-law-magazine\"><\/div>\n\t<div class=\"section-inner\">\n\t\t    <section class=\"white-section temp-article\">\n        <div class=\"section-inner\">\n            <h4>MONOLITH LAW MAGAZINE<\/h4>\n            <div class=\"articles type_practice_column\">\n                                                                    <div class=\"article article-area\">\n                        <figure>\n                            <div class=\"img-wrap\">\n                                <img alt=\"\u3010Najnowsza edycja 2025\u3011 Prawna interpretacja aktyw\u00f3w kryptograficznych (walut wirtualnych): Znaczenie jako papier\u00f3w warto\u015bciowych i punkty uwagi dla przedsi\u0119biorc\u00f3w\" src=\"https:\/\/monolith.law\/pl\/wp-content\/uploads\/sites\/16\/2025\/08\/Shutterstock_2049735344.webp\" width=\"500\" height=\"250\">\n                            <\/div>\n                            <figcaption>\n                                <div class=\"figcaption-inner\">\n                                    <h3>\u3010Najnowsza edycja 2025\u3011 Prawna interpretacja aktyw\u00f3w kryptograficznych (walut wi.<\/h3>\n                                <\/div>\n                            <\/figcaption>\n                            <a href=\"https:\/\/monolith.law\/pl\/it\/crypto-assets-securities\"><\/a>\n                        <\/figure>\n                    <\/div>\n                                                    <div class=\"article article-area\">\n                        <figure>\n                            <div class=\"img-wrap\">\n                                <img alt=\"Wymagania dotycz\u0105ce \u0142adu korporacyjnego niezb\u0119dne do notowania na NASDAQ\" src=\"https:\/\/monolith.law\/pl\/wp-content\/uploads\/sites\/16\/2025\/08\/19e0312b170969f265c8e568bdf254db.webp\" width=\"500\" height=\"250\">\n                            <\/div>\n                            <figcaption>\n                                <div class=\"figcaption-inner\">\n                                    <h3>Wymagania dotycz\u0105ce \u0142adu korporacyjnego niezb\u0119dne do notowania na NASDAQ<\/h3>\n                                <\/div>\n                            <\/figcaption>\n                            <a href=\"https:\/\/monolith.law\/pl\/it\/nasdaq-corporate-governance\"><\/a>\n                        <\/figure>\n                    <\/div>\n                                                    <div class=\"article article-area\">\n                        <figure>\n                            <div class=\"img-wrap\">\n                                <img alt=\"Jakie s\u0105 modele biznesowe wykorzystuj\u0105ce Web3? Om\u00f3wienie najnowszych trend\u00f3w i przyk\u0142ad\u00f3w zastosowa\u0144\" src=\"https:\/\/monolith.law\/pl\/wp-content\/uploads\/sites\/16\/2025\/08\/Shutterstock_2333502635.webp\" width=\"500\" height=\"250\">\n                            <\/div>\n                            <figcaption>\n                                <div class=\"figcaption-inner\">\n                                    <h3>Jakie s\u0105 modele biznesowe wykorzystuj\u0105ce Web3? Om\u00f3wienie najnowszych trend\u00f3w i p.<\/h3>\n                                <\/div>\n                            <\/figcaption>\n                            <a href=\"https:\/\/monolith.law\/pl\/it\/web3-business-model\"><\/a>\n                        <\/figure>\n                    <\/div>\n                                            <\/div>\n            <div class=\"btn-more\"><a href=\"https:\/\/monolith.law\/pl\/tag\/crypto-assets-and-blockchains\">Read More<\/a><\/div>\n        <\/div>\n    <\/section>\n\t<\/div>\n<\/section>\n\n<section class=\"orange2-section\">\n\t<div class=\"anchor\" id=\"fee-structure\"><\/div>\n\t<div class=\"section-inner\">\n\t<div class=\"planWrap\">\n\t<h3>Struktura Op\u0142at<\/h3>\n\t<ul class=\"plan\">\n\t\t<li class=\"txt-left\">\n\t\t\t<div class=\"plan-inner\">\n\t\t\t<div class=\"plan-header\">\n\t\t\t<h4 class=\"plan-title\">Stawka Godzinowa<\/h4>\n\t\t\t<div class=\"plan-price\"><span class=\"price-figure\">$300<\/span>za godzin\u0119<span class=\"price-tax\"><\/span><\/div>\n\t\t\t<\/div>\n\t\t\t<div class=\"plan-body\">W niekt\u00f3rych przypadkach mo\u017cemy rozwa\u017cy\u0107 przyj\u0119cie sporu lub pozwu z op\u0142at\u0105 wst\u0119pn\u0105 oraz op\u0142at\u0105 warunkow\u0105. Po wi\u0119cej szczeg\u00f3\u0142\u00f3w zapraszamy do kontaktu z nami.<\/div>\n\t\t\t<\/div>\n\t\t<\/li>\n\t\t<li class=\"txt-left\">\n\t\t\t<div class=\"plan-inner\">\n\t\t\t<div class=\"plan-header\">\n\t\t\t<h4 class=\"plan-title\">Redagowanie Um\u00f3w<\/h4>\n\t\t\t<div class=\"plan-price\"><span class=\"price-value\">od<\/span><span class=\"price-figure\">$500<\/span><span class=\"price-value\">do $2,000 lub wi\u0119cej<\/span><span class=\"price-tax\"><\/span><\/div>\n\t\t\t<\/div>\n\t\t\t<div class=\"plan-body\">Struktura cen mo\u017ce si\u0119 r\u00f3\u017cni\u0107 w zale\u017cno\u015bci od rodzaju i ilo\u015bci um\u00f3w. Z przyjemno\u015bci\u0105 przedstawimy wst\u0119pn\u0105 wycen\u0119 na zapytanie, dlatego zach\u0119camy do kontaktu w celu uzyskania dalszych informacji.<\/div>\n\t\t\t<\/div>\n\t\t<\/li>\n\t\t<li class=\"txt-left\">\n\t\t\t<div class=\"plan-inner\">\n\t\t\t<div class=\"plan-header\">\n\t\t\t<h4 class=\"plan-title\">Inne Us\u0142ugi<\/h4>\n\t\t\t<div class=\"plan-price\"><span class=\"price-figure\">Skontaktuj si\u0119 z Nami<\/span><\/div>\n\t\t\t<\/div>\n\t\t\t<div class=\"plan-body\">Oferujemy szeroki zakres us\u0142ug, w tym zak\u0142adanie sp\u00f3\u0142ek, przegl\u0105d um\u00f3w, opinie prawne, przegl\u0105d spraw oraz pisma badawcze. W przypadku jakichkolwiek pyta\u0144 lub w\u0105tpliwo\u015bci serdecznie zapraszamy do kontaktu z nami. Ch\u0119tnie udzielimy pomocy.<\/div>\n\t\t\t<\/div>\n\t\t\t<\/div>\n\t\t<\/li>\n\t<\/ul>\n\t<\/div>\n\t<\/div>\n<\/section>\n\n<section class=\"white-section\">\n\t<div class=\"section-inner\">\n\t\t<div class=\"btn-area\">\n\t\t\t<div class=\"btn icon-contact\"><a href=\"\/pl\/contact\">Skontaktuj si\u0119 z Nami<\/a><\/div>\n\t\t<\/div>\n\t<\/div>\n<\/section>\n","protected":false},"excerpt":{"rendered":"<p>Aktywa Kryptograficzne i Blockchain Aktywa kryptograficzne i blockchain to zdecentralizowane bazy danych tworzone przez r\u00f3\u017cne systemy IT, w tym algorytmy konsensusu, kryptografi\u0119 i sieci P2P, kt\u00f3re s\u0105 [&hellip;]<\/p>\n","protected":false},"author":1,"featured_media":56655,"parent":0,"menu_order":6,"comment_status":"closed","ping_status":"closed","template":"other-page-temp.php","meta":{"footnotes":""},"acf":[],"_links":{"self":[{"href":"https:\/\/monolith.law\/pl\/wp-json\/wp\/v2\/pages\/47528"}],"collection":[{"href":"https:\/\/monolith.law\/pl\/wp-json\/wp\/v2\/pages"}],"about":[{"href":"https:\/\/monolith.law\/pl\/wp-json\/wp\/v2\/types\/page"}],"author":[{"embeddable":true,"href":"https:\/\/monolith.law\/pl\/wp-json\/wp\/v2\/users\/1"}],"replies":[{"embeddable":true,"href":"https:\/\/monolith.law\/pl\/wp-json\/wp\/v2\/comments?post=47528"}],"version-history":[{"count":67,"href":"https:\/\/monolith.law\/pl\/wp-json\/wp\/v2\/pages\/47528\/revisions"}],"predecessor-version":[{"id":61802,"href":"https:\/\/monolith.law\/pl\/wp-json\/wp\/v2\/pages\/47528\/revisions\/61802"}],"wp:featuredmedia":[{"embeddable":true,"href":"https:\/\/monolith.law\/pl\/wp-json\/wp\/v2\/media\/56655"}],"wp:attachment":[{"href":"https:\/\/monolith.law\/pl\/wp-json\/wp\/v2\/media?parent=47528"}],"curies":[{"name":"wp","href":"https:\/\/api.w.org\/{rel}","templated":true}]}}