{"id":56075,"date":"2023-06-16T00:50:40","date_gmt":"2023-06-15T15:50:40","guid":{"rendered":"https:\/\/monolith.law\/en\/?page_id=56075"},"modified":"2023-12-08T19:10:19","modified_gmt":"2023-12-08T10:10:19","slug":"it","status":"publish","type":"page","link":"https:\/\/monolith.law\/pl\/it","title":{"rendered":"IT"},"content":{"rendered":"\n<section class=\"heading-area\">\n\t<div class=\"heading-area-inner\">\n\t\t<h2 class=\"icon-it\">IT<\/h2>\n\t\t<p>W spo\u0142ecze\u0144stwie, w kt\u00f3rym technologia rozwija si\u0119 w szybkim tempie, g\u0142\u0119bokie zrozumienie IT i w\u0142asno\u015bci intelektualnej firmy jest kluczowe dla korporacyjnych prawnik\u00f3w w Japonii. Nasz\u0105 si\u0142\u0105 jest zesp\u00f3\u0142 specjalist\u00f3w w tej dziedzinie.<\/p>\n\t<\/div>\n<\/section>\n\n<section class=\"white-section\">\n\t<div class=\"section-inner pdt0  border-bottom-section\">\n\t\t<p>Dla prawnik\u00f3w firm IT wa\u017cne jest zrozumienie technologii i operacji zwi\u0105zanych z IT oraz w\u0142asno\u015bci\u0105 intelektualn\u0105 w codziennej dzia\u0142alno\u015bci firmy. Bez wiedzy i zrozumienia IT niemo\u017cliwe jest dok\u0142adne przegl\u0105danie um\u00f3w i innych dokument\u00f3w zwi\u0105zanych z obs\u0142ugiwanymi produktami, kt\u00f3re s\u0105 dla firm najwa\u017cniejsze, ani rozwa\u017cenie sposob\u00f3w reagowania i zapobiegania problemom, gdy te wyst\u0105pi\u0105. MONOLITH LAW OFFICE zajmuje si\u0119 nie tylko sprawami dotycz\u0105cymi startup\u00f3w i sp\u00f3\u0142ek notowanych na gie\u0142dzie specjalizuj\u0105cych si\u0119 w IT, ale r\u00f3wnie\u017c przypadkami IT i prawa internetowego dotycz\u0105cymi firm spoza sektora IT jako prawnik odpowiedzialny za IT i w\u0142asno\u015b\u0107 intelektualn\u0105.<\/p>\n\t<\/div>\n<\/section>\n\n\n<section class=\"white-section\">\n\t<div class=\"section-inner\">\n\t\t<h3 class=\"ttl-white\">Dzi\u015b IT jest obecne we wszystkich aspektach dzia\u0142alno\u015bci korporacyjnej<\/h3>\n\t\t<ul class=\"layout-column4\">\n\t\t\t<li>\n\t\t\t\t<h4>Dla bran\u017cy restauracyjnej<\/h4>\n\t\t\t\t<div><img decoding=\"async\" src=\"\/wp-content\/themes\/monolith2021\/img\/practices-itlaw\/practices-itlaw_illust1.png\"><\/div>\n\t\t\t\t<p>Przyci\u0105ganie klient\u00f3w poprzez <span class=\"bold\">marketing internetowy<\/span> wymaga korzystania z us\u0142ug IT i firm IT.<\/p>\n\t\t\t<\/li>\n\t\t\t<li>\n\t\t\t\t<h4>Dla przemys\u0142u produkcyjnego<\/h4>\n\t\t\t\t<div><img decoding=\"async\" src=\"\/wp-content\/themes\/monolith2021\/img\/practices-itlaw\/practices-itlaw_illust2.png\"><\/div>\n\t\t\t\t<p>Ci\u0105g\u0142y rozw\u00f3j <span class=\"bold\">informacji opartych na IT<\/span> jest niezb\u0119dny dla zarz\u0105dzania produkcj\u0105.<\/p>\n\t\t\t<\/li>\n\t\t\t<li>\n\t\t\t\t<h4>Dla firm e-commerce<\/h4>\n\t\t\t\t<div><img decoding=\"async\" src=\"\/wp-content\/themes\/monolith2021\/img\/practices-itlaw\/practices-itlaw_illust3.png\"><\/div>\n\t\t\t\t<p>Zarz\u0105dzanie stron\u0105 e-commerce i <span class=\"bold\">operacje marketingu internetowego<\/span> r\u00f3wnie\u017c wchodz\u0105 w zakres naszej dzia\u0142alno\u015bci zwi\u0105zanej z IT.<\/p>\n\t\t\t<\/li>\n\t\t\t<li>\n\t\t\t\t<h4>Dla bran\u017cy rozrywkowej<\/h4>\n\t\t\t\t<div><img decoding=\"async\" src=\"\/wp-content\/themes\/monolith2021\/img\/practices-itlaw\/practices-itlaw_illust4.png\"><\/div>\n\t\t\t\t<p>Internet jest niezb\u0119dny do <span class=\"bold\">zarz\u0105dzania mediami i dystrybucji tre\u015bci<\/span>.<\/p>\n\t\t\t<\/li>\n\t\t<\/ul>\n\t<\/div>\n<\/section>\n\n<section class=\"white-section\">\n\t<div class=\"section-inner pdt0\">\n\t\t<p class=\"txt-l txt-center mgb-middle\">Nasza firma wykorzystuje do\u015bwiadczenie naszego Zarz\u0105dzaj\u0105cego Prawnika, kt\u00f3ry jest by\u0142ym in\u017cynierem IT<br>Jeste\u015bmy <span class=\"bold\">kancelari\u0105 prawn\u0105 specjalizuj\u0105c\u0105 si\u0119 w japo\u0144skim prawie IT\/IP<\/span><\/p>\n\t\t<div class=\"frame2 max-width860 txt-center-pc\">\n\t\t\t<p class=\"txt-l\"><span class=\"bold\">Mo\u017cemy obs\u0142ugiwa\u0107 wszystkie sprawy prawne dla firm IT i startup\u00f3w.<br>Dla firm, kt\u00f3re nie zajmuj\u0105 si\u0119 IT zawodowo, dzia\u0142amy jako<br>&#8220;prawnicy doradcy w zakresie prawa IT\/IP&#8221;.<\/p>\n\t\t<\/div>\n\t<\/div>\n<\/section>\n\n<section class=\"second-nav\">\n\t<div class=\"second-nav-inner\">\n\t\t<p>TEMATY<\/p>\n\t\t<nav>\n\t\t\t<ul>\n\t\t\t\t<li><a href=\"#system-development\">Rozw\u00f3j System\u00f3w<\/a><\/li>\n\t\t\t\t<li><a href=\"#terms-of-use\">Warunki Korzystania<\/a><\/li>\n\t\t\t\t<li><a href=\"#crypto-assets-and-blockchain\">Aktywa Kryptowalutowe i Blockchain<\/a><\/li>\n\t\t\t\t<li><a href=\"#ai-chatgpt-etc\">AI (ChatGPT, itp.)<\/a><\/li>\n\t\t\t\t<li><a href=\"#games\">Gry<\/a><\/li>\n\t\t\t\t<li><a href=\"#swift-and-efficient-tech-legal-analysis\">Szybka i efektywna analiza techniczno-prawna<\/a><\/li>\n\t\t\t\t<li><a href=\"#intellectual-property-rights\">Prawa W\u0142asno\u015bci Intelektualnej<\/a><\/li>\n\t\t\t\t<li><a href=\"#domain-name-disputes\">Spory o Nazwy Domen<\/a><\/li>\n\t\t\t\t<li><a href=\"#e-commerce\">E-commerce<\/a><\/li>\n\t\t\t\t<li><a href=\"#medical-law\">Prawo Medyczne<\/a><\/li>\n\t\t\t\t<li><a href=\"#cybercrime\">Cyberprzest\u0119pczo\u015b\u0107<\/a><\/li>\n\t\t\t\t<li><a href=\"#monolith-law-magazine\">MONOLITH LAW MAGAZINE<\/a><\/li>\n\t\t\t\t<li><a href=\"#fee-structure\">Struktura Op\u0142at<\/a><\/li>\n\t\t\t<\/ul>\n\t\t<\/nav>\n\t<\/div>\n<\/section>\n\n\n<section class=\"white-section\">\n\t<div class=\"anchor\" id=\"system-development\"><\/div>\n\t<div class=\"section-inner\">\n\t\t<div class=\"flex\">\n\t\t\t<div class=\"width41\"><img decoding=\"async\" src=\"\/wp-content\/themes\/monolith2021\/img\/practices-itlaw\/practices-itlaw_pic1.jpg\" alt=\"Rozw\u00f3j System\u00f3w\"><\/div>\n\t\t\t<div class=\"width51\">\n\t\t\t\t<h3>Rozw\u00f3j System\u00f3w<\/h3>\n\t\t\t\t<p class=\"mgb-middle\">Jeste\u015bmy kancelari\u0105 prawn\u0105 kierowan\u0105 przez by\u0142ego in\u017cyniera IT, specjalizuj\u0105c\u0105 si\u0119 w sprawach zwi\u0105zanych z rozwojem system\u00f3w, od sporz\u0105dzania, poprawiania i negocjowania um\u00f3w, po rozwi\u0105zywanie spor\u00f3w. Tworzymy r\u00f3wnie\u017c umowy od podstaw na podstawie istniej\u0105cych materia\u0142\u00f3w, takich jak dokumenty ofertowe, minimalizuj\u0105c przy tym potrzeb\u0119 przeprowadzania wywiad\u00f3w z klientami.<\/p>\n\t\t\t\t<div class=\"btn-area align-left\">\n\t\t\t\t\t<div class=\"btn icon-system-development\"><a href=\"\/pl\/system-development\">Rozw\u00f3j System\u00f3w<\/a><\/div>\n\t\t\t\t<\/div>\n\t\t\t<\/div>\n\t\t<\/div>\n\t<\/div>\n<\/section>\n\n<section class=\"orange-section\">\n\t<div class=\"anchor\" id=\"terms-of-use\"><\/div>\n\t<div class=\"section-inner\">\n\t\t<div class=\"flex reverse\">\n\t\t\t<div class=\"width41\"><img decoding=\"async\" src=\"\/wp-content\/themes\/monolith2021\/img\/practices-itlaw\/practices-itlaw_pic2.jpg\" alt=\"Przegl\u0105d Warunk\u00f3w U\u017cytkowania Aplikacji\"><\/div>\n\t\t\t<div class=\"width51\">\n\t\t\t\t<h3>Warunki korzystania<\/h3>\n\t\t\t\t<p class=\"mgb-middle\">Kancelaria prawna MONOLITH LAW OFFICE zajmuje si\u0119 tworzeniem i przegl\u0105dem warunk\u00f3w korzystania oraz polityk prywatno\u015bci dla r\u00f3\u017cnych aplikacji, us\u0142ug, gier w Japonii. Dodatkowo, jeste\u015bmy w stanie przeczyta\u0107 definicj\u0119 Twoich wymaga\u0144 dotycz\u0105cych odpowiedniego rozwoju aplikacji, ram Adobe XD, LP, materia\u0142\u00f3w sprzeda\u017cowych dla potencjalnych klient\u00f3w oraz innych istniej\u0105cych dokument\u00f3w i danych.<\/p>\n\t\t\t\t<div class=\"btn-area align-left\">\n\t\t\t\t\t<div class=\"btn icon-terms-of-use\"><a href=\"\/pl\/terms-of-use\">Warunki korzystania<\/a><\/div>\n\t\t\t\t<\/div>\n\t\t\t<\/div>\n\t\t<\/div>\n\t<\/div>\n<\/section>\n\n<section class=\"white-section\">\n\t<div class=\"anchor\" id=\"crypto-assets-and-blockchain\"><\/div>\n\t<div class=\"section-inner\">\n\t\t<div class=\"flex\">\n\t\t\t<div class=\"width41\"><img decoding=\"async\" src=\"\/wp-content\/uploads\/2022\/07\/shutterstock_1151380622_2.png\" alt=\"Crypto Assets and Blockchain\"><\/div>\n\t\t\t<div class=\"width51\">\n\t\t\t\t<h3>Aktywa kryptograficzne i Blockchain<\/h3>\n\t\t\t\t<p class=\"mgb-middle\">Blockchain to zdecentralizowana baza danych o bardzo niskim ryzyku utraty zapis\u00f3w, kt\u00f3ra utrudnia fa\u0142szowanie wcze\u015bniejszych zapis\u00f3w. Jest to mo\u017cliwe dzi\u0119ki technikom IT, takim jak algorytmy konsensusu, kryptografia i sieci P2P. MONOLITH LAW OFFICE zajmuje si\u0119 prawnymi aspektami aktyw\u00f3w kryptograficznych i blockchaina kr\u00f3tko po swoim powstaniu w 2017 roku.<\/p>\n\t\t\t\t<div class=\"btn-area align-left\">\n\t\t\t\t\t<div class=\"btn icon-crypto-asset-and-blockchain\"><a href=\"\/pl\/crypto-asset-and-blockchain\">Aktywa kryptograficzne<br>i Blockchain<\/a><\/div>\n\t\t\t\t<\/div>\n\t\t\t<\/div>\n\t\t<\/div>\n\t<\/div>\n<\/section>\n\n<section class=\"purple-section\">\n\t<div class=\"anchor\" id=\"ai-chatgpt-etc\"><\/div>\n\t<div class=\"section-inner\">\n\t\t<div class=\"flex reverse\">\n\t\t\t<div class=\"width41\"><img decoding=\"async\" src=\"\/wp-content\/themes\/monolith2021\/img\/practices-itlaw\/practices-itlaw_pic5.jpg\" alt=\"AI (ChatGPT, etc.)\"><\/div>\n\t\t\t<div class=\"width51\">\n\t\t\t\t<h3>AI (ChatGPT, itp.)<\/h3>\n\t\t\t\t<p class=\"mgb-small\">Na \u017c\u0105danie firm start-upowych i biznesowych zwi\u0105zanych z IT, \u015bwiadczymy us\u0142ugi prawne, takie jak sprawdzanie zgodno\u015bci z prawem, przetwarzanie um\u00f3w oraz wsparcie w zakresie zg\u0142osze\u0144 do organ\u00f3w administracji publicznej dla us\u0142ug AI zwi\u0105zanych z obrazem i j\u0119zykiem naturalnym oraz problem\u00f3w zwi\u0105zanych z prawem autorskim, prawem ochrony informacji osobistych, itp.<\/p>\n\t\t\t\t<p class=\"mgb-middle\">W niekt\u00f3rych przypadkach, przed ocen\u0105 legalno\u015bci us\u0142ugi i systemu niezb\u0119dnego do jej legalnego dzia\u0142ania w Japonii, analizujemy dokumenty techniczne i kody \u017ar\u00f3d\u0142owe, aby zrozumie\u0107 dok\u0142adne dzia\u0142anie biblioteki.<\/p>\n\t\t\t\t<div class=\"btn-area align-left\">\n\t\t\t\t\t<div class=\"btn icon-ai\"><a href=\"\/pl\/ai\">AI (ChatGPT, itp.)<\/a><\/div>\n\t\t\t\t<\/div>\n\t\t\t<\/div>\n\t\t<\/div>\n\t<\/div>\n<\/section>\n\n<section class=\"white-section mgt-section \">\n\t<div class=\"anchor\" id=\"games\"><\/div>\n\t<div class=\"section-inner-black\">\n\t\t<h3>Gry<\/h3>\n\t\t<p class=\"mgb-middle\"> W Japonii, kilka praw reguluje dzia\u0142anie gier spo\u0142eczno\u015bciowych, w tym g\u0142\u00f3wnie: Japo\u0144ska Ustawa o Prawie Autorskim, Ustawa przeciwko Nies\u0142usznym Premiom i Wprowadzaj\u0105cym w B\u0142\u0105d Przedstawieniom, Ustawa o Rozliczeniach Funduszy, Ustawa o Umowach Konsumenckich, Ustawa o Okre\u015blonych Transakcjach Handlowych oraz Ustawa o Dzia\u0142alno\u015bci Telekomunikacyjnej.<br> Aby unikn\u0105\u0107 spor\u00f3w i kar rz\u0105dowych, konieczne jest zapewnienie zgodno\u015bci z prawem.<br> Nasza kancelaria pe\u0142ni r\u00f3wnie\u017c funkcj\u0119 doradcy prawnego dla firm z bran\u017cy gier wideo i e-sport\u00f3w w Japonii, co wymaga zrozumienia tej bran\u017cy, aby zapewni\u0107 jej zgodno\u015b\u0107 z prawem.<\/p>\n\t<\/div>\n<\/section>\n\n<section class=\"white-section\">\n\t<div class=\"anchor\" id=\"swift-and-efficient-tech-legal-analysis\"><\/div>\n\t<div class=\"section-inner\">\n\t\t<div class=\"flex reverse\">\n\t\t\t<div class=\"width41\"><img decoding=\"async\" src=\"\/wp-content\/themes\/monolith2021\/img\/pic\/pic_draft.jpg\" alt=\"Sporz\u0105dzanie z minimalnym czasem operacyjnym\"><\/div>\n\t\t\t<div class=\"width51\">\n\t\t\t\t<h3>Minimalny czas potrzebny na sporz\u0105dzenie projektu<\/h3>\n\t\t\t\t<p class=\"mgb-middle\">Dzi\u0119ki naszemu zarz\u0105dzaj\u0105cemu prawnikowi, kt\u00f3ry jest by\u0142ym in\u017cynierem IT, oraz zespo\u0142owi konsultant\u00f3w IT, nasza firma oferuje kompleksowe us\u0142ugi analizy technicznej i przegl\u0105du prawnego, szczeg\u00f3lnie dla zaawansowanych technologii, takich jak AI.<\/p>\n\t\t\t\t<p>Legalno\u015b\u0107 us\u0142ug wykorzystuj\u0105cych zaawansowane technologie, zw\u0142aszcza AI, nie mo\u017ce by\u0107 okre\u015blona bez technicznego zrozumienia, jak te us\u0142ugi dzia\u0142aj\u0105. Jako us\u0142uga kompleksowa, mo\u017cemy zapewni\u0107 zar\u00f3wno analiz\u0119 techniczn\u0105, jak i przegl\u0105d prawny.<\/p>\n\t\t\t<\/div>\n\t\t<\/div>\n\t<\/div>\n<\/section>\n\n<section class=\"white-section mgb-section80\">\n\t<div class=\"anchor\" id=\"intellectual-property-rights\"><\/div>\n\t<div class=\"section-inner-black\">\n\t\t<h3>W\u0142asno\u015b\u0107 Intelektualna<\/h3>\n\t\t<p class=\"mgb-middle\">We handle IP strategy planning, contractual relations and litigation in both the IT and entertainment fields.\nIn the case of disputes, we also handle highly specialized litigation, such as litigation over patent ownership rights.<\/p>\n\t<\/div>\n<\/section>\n\n<section class=\"white-section mgt-section80\">\n\t<div class=\"anchor\" id=\"domain-name-disputes\"><\/div>\n\t<div class=\"section-inner-black\">\n\t\t<h3>Spor\u00f3w dotycz\u0105cych domen<\/h3>\n\t\t<p class=\"mgb-middle\">We have expertise in handling domain names, intellectual property rights, and dispute resolution based on the JP Domain Name Dispute Resolution Policy (DRP) and litigation procedures using the Unfair Competition Prevention Act.\n<\/p>\n\t<\/div>\n<\/section>\n\n<section class=\"white-section\">\n\t<div class=\"anchor\" id=\"e-commerce\"><\/div>\n\t<div class=\"section-inner\">\n\t\t<div class=\"flex\">\n\t\t\t<div class=\"width41\"><img decoding=\"async\" src=\"\/wp-content\/themes\/monolith2021\/img\/practices-itlaw\/practices-itlaw_pic7.jpg\" alt=\"E-commerce\"><\/div>\n\t\t\t<div class=\"width51\">\n\t\t\t\t<h3>E-commerce<\/h3>\n\t\t\t\t<p>Mamy do\u015bwiadczenie w rozwi\u0105zywaniu r\u00f3\u017cnych spor\u00f3w dotycz\u0105cych japo\u0144skiego handlu elektronicznego, w tym udzielania tymczasowego zabezpieczenia przeciwko naruszeniu praw do znak\u00f3w towarowych i praw autorskich na platformach takich jak Rakuten, Amazon i Yahoo! Shopping.<\/p>\n\t\t\t<\/div>\n\t\t<\/div>\n\t<\/div>\n<\/section>\n\n<section class=\"white-section mgb-section80\">\n\t<div class=\"anchor\" id=\"medical-law\"><\/div>\n\t<div class=\"section-inner-black\">\n\t\t<h3>Prawo Medyczne<\/h3>\n\t\t<p class=\"mgb-middle\">The intersection of laws related to medical care in Japan, such as the Pharmaceutical Affairs Act, Medical Service Act, and Medical Practitioners Act, with IT and the Internet, is a complex and specialized area.\nOur firm has medical-related legal specialists and a founding lawyer who is a former IT engineer, is well-versed in the industry.<\/p>\n\t\t<h4 class=\"mgb-middle\">Nasze Do\u015bwiadczenie w Sprawach Prawa Medycznego (Przyk\u0142ady)<\/h4>\n\t\t<p class=\"mgb-middle\">Przegl\u0105d prawny zgodnie z Japo\u0144sk\u0105 Ustaw\u0105 o Farmaceutykach i Wyrobach Medycznych (PMD Act) oraz innymi ustawami dotycz\u0105cymi LP dystrybutor\u00f3w suplement\u00f3w, przegl\u0105dy prawne i opracowywanie wytycznych zgodnie z PMD Act i innymi obowi\u0105zuj\u0105cymi przepisami dla medi\u00f3w zwi\u0105zanych z urod\u0105, oraz audyt prawnej zgodno\u015bci nowych przedsi\u0119biorstw w medycznych startupach, redagowanie um\u00f3w na wsp\u00f3lne badania z uniwersytetami dla medycznych startup\u00f3w. Przegl\u0105d prawny i przygotowanie warunk\u00f3w u\u017cytkowania dla us\u0142ug wsp\u00f3\u0142pracy informacji medycznych, przygotowanie opis\u00f3w Specyficznego Kodeksu Handlowego itp. dla firm sprzedaj\u0105cych suplementy.<\/p>\n\t<\/div>\n<\/section>\n\n<section class=\"white-section\">\n\t<div class=\"anchor\" id=\"cybercrime\"><\/div>\n\t<div class=\"section-inner\">\n\t\t<div class=\"flex reverse\">\n\t\t\t<div class=\"width41\"><img decoding=\"async\" src=\"\/wp-content\/uploads\/2023\/05\/dispute_pic2.jpg\" alt=\"Cyberprzest\u0119pczo\u015b\u0107\"><\/div>\n\t\t\t<div class=\"width51\">\n\t\t\t\t<h3>Cyberprzest\u0119pczo\u015b\u0107<\/h3>\n\t\t\t\t<p class=\"mgb-middle\">Aby skutecznie prowadzi\u0107 \u015bledztwo i aresztowa\u0107 sprawc\u00f3w incydent\u00f3w takich jak nieautoryzowany dost\u0119p, kt\u00f3re maj\u0105 miejsce w Japonii, pomoc ekspert\u00f3w dobrze zorientowanych w japo\u0144skich procedurach kryminalnych jest niezwykle skuteczna. Jako kancelaria prawna specjalizuj\u0105ca si\u0119 w IT, oferujemy wsparcie prawne dla firm, kt\u00f3re pad\u0142y ofiarami cyberprzest\u0119pstw, takich jak nieautoryzowany dost\u0119p i nielegalne wydobycie danych, w tym pomoc w sk\u0142adaniu skarg karnych i zg\u0142osze\u0144 w celu wszcz\u0119cia \u015bledztwa karnego. To jedna z naszych wyr\u00f3\u017cniaj\u0105cych cech.<\/p>\n\t\t\t\t<div class=\"btn-area align-left\">\n\t\t\t\t\t<div class=\"btn icon-cybercrime\"><a href=\"\/pl\/cybercrime\">Cyberprzest\u0119pczo\u015b\u0107<\/a><\/div>\n\t\t\t\t<\/div>\n\t\t\t<\/div>\n\t\t<\/div>\n\t<\/div>\n<\/section>\n\n<section class=\"white-section\">\n\t<div class=\"section-inner pdt0\">\n\t\t<div class=\"frame2 max-width860 txt-center-pc\">\n\t\t\t<p class=\"bold txt-l\">Mo\u017cemy r\u00f3wnie\u017c dzia\u0142a\u0107 jako &#8220;drugi prawnik&#8221; dla g\u0142\u00f3wnego biznesu Twojej firmy, wykorzystuj\u0105c nasze mocne strony w spos\u00f3b odr\u0119bny od g\u0142\u00f3wnego doradcy prawnego Twojej firmy.<\/p>\n\t\t<\/div>\n\t<\/div>\n<\/section>\n\n<section class=\"purple2-section\">\n\t<div class=\"anchor\" id=\"monolith-law-magazine\"><\/div>\n\t<div class=\"section-inner\">\n\t\t    <section class=\"white-section temp-article\">\n        <div class=\"section-inner\">\n            <h4>MONOLITH LAW MAGAZINE<\/h4>\n            <div class=\"articles type_practice_column\">\n                                                                    <div class=\"article article-area\">\n                        <figure>\n                            <div class=\"img-wrap\">\n                                <img alt=\"Czy zarz\u0105dzanie opiniami Google jest nielegalne? Wyja\u015bnienie zwi\u0105zku z prawem o wy\u015bwietlaniu nagr\u00f3d i sankcji.\" src=\"https:\/\/monolith.law\/pl\/wp-content\/uploads\/sites\/16\/2025\/08\/18d044df35c4f42bb7e1507848a5e228.webp\" width=\"500\" height=\"250\">\n                            <\/div>\n                            <figcaption>\n                                <div class=\"figcaption-inner\">\n                                    <h3>Czy zarz\u0105dzanie opiniami Google jest nielegalne? Wyja\u015bnienie zwi\u0105zku z prawem o .<\/h3>\n                                <\/div>\n                            <\/figcaption>\n                            <a href=\"https:\/\/monolith.law\/pl\/it\/google-review-agency\"><\/a>\n                        <\/figure>\n                    <\/div>\n                                                    <div class=\"article article-area\">\n                        <figure>\n                            <div class=\"img-wrap\">\n                                <img alt=\"Czy generowanie \"g\u0142osu\" za pomoc\u0105 AI narusza prawa autorskie? (#2 Edycja dotycz\u0105ca generowania i u\u017cytkowania)\" src=\"https:\/\/monolith.law\/pl\/wp-content\/uploads\/sites\/16\/2025\/08\/071c6dfda5192d917cf2d4cf6da39d6d.webp\" width=\"500\" height=\"250\">\n                            <\/div>\n                            <figcaption>\n                                <div class=\"figcaption-inner\">\n                                    <h3>Czy generowanie \"g\u0142osu\" za pomoc\u0105 AI narusza prawa autorskie? (#2 Edycja dotycz\u0105.<\/h3>\n                                <\/div>\n                            <\/figcaption>\n                            <a href=\"https:\/\/monolith.law\/pl\/it\/ai-voice-copyright-2\"><\/a>\n                        <\/figure>\n                    <\/div>\n                                                    <div class=\"article article-area\">\n                        <figure>\n                            <div class=\"img-wrap\">\n                                <img alt=\"Czy generowanie \"g\u0142osu\" za pomoc\u0105 AI narusza prawa autorskie? (#1 Edycja dotycz\u0105ca rozwoju i uczenia si\u0119)\" src=\"https:\/\/monolith.law\/pl\/wp-content\/uploads\/sites\/16\/2025\/08\/22ccefe1081d8f49a98e6c34fbf64b06.webp\" width=\"500\" height=\"250\">\n                            <\/div>\n                            <figcaption>\n                                <div class=\"figcaption-inner\">\n                                    <h3>Czy generowanie \"g\u0142osu\" za pomoc\u0105 AI narusza prawa autorskie? (#1 Edycja dotycz\u0105.<\/h3>\n                                <\/div>\n                            <\/figcaption>\n                            <a href=\"https:\/\/monolith.law\/pl\/it\/ai-voice-copyright-1\"><\/a>\n                        <\/figure>\n                    <\/div>\n                                            <\/div>\n            <div class=\"btn-more\"><a href=\"https:\/\/monolith.law\/pl\/tag\/it\">Read More<\/a><\/div>\n        <\/div>\n    <\/section>\n\t<\/div>\n<\/section>\n\n<section class=\"orange2-section\">\n\t<div class=\"anchor\" id=\"fee-structure\"><\/div>\n\t<div class=\"section-inner\">\n\t\t<div class=\"planWrap\">\n\t\t\t<h3>Struktura Op\u0142at<\/h3>\n\t\t\t<ul class=\"plan\">\n\t\t\t\t<li class=\"txt-left\">\n\t\t\t\t\t<div class=\"plan-inner\">\n\t\t\t\t\t<div class=\"plan-header\">\n\t\t\t\t\t\t<h4 class=\"plan-title\">Stawka Godzinowa<\/h4>\n\t\t\t\t\t\t<div class=\"plan-price\">\n\t\t\t\t\t\t\t<div class=\"plan-price\"><span class=\"price-figure\">$300<\/span>za godzin\u0119<span class=\"price-value\"><\/span><\/div>\n<\/div>\n\t\t\t\t\t<\/div>\n\t\t\t\t\t<div class=\"plan-body\">\n\t\t\t\t\t\t<p>W niekt\u00f3rych przypadkach mo\u017cemy rozwa\u017cy\u0107 przyj\u0119cie sporu lub pozwu z op\u0142at\u0105 wst\u0119pn\u0105 oraz op\u0142at\u0105 warunkow\u0105. Po wi\u0119cej szczeg\u00f3\u0142\u00f3w zapraszamy do kontaktu z nami.<\/p>\n\t\t\t\t\t\t<p><\/p>\n\t\t\t\t\t\t<p class=\"txt-s\"><\/p>\n\t\t\t\t\t<\/div>\n\t\t\t\t\t<\/div>\n\t\t\t\t<\/li>\n\t\t\t\t<li class=\"txt-left\">\n\t\t\t\t\t<div class=\"plan-inner\">\n\t\t\t\t\t<div class=\"plan-header\">\n\t\t\t\t\t\t<h4 class=\"plan-title\">Sporz\u0105dzanie Um\u00f3w<\/h4>\n\t\t\t\t\t\t<div class=\"plan-price\">\n\t\t\t\t\t\t<div class=\"plan-price\"><span class=\"price-value\">od<\/span><span class=\"price-figure\">$500<\/span><span class=\"price-value\">do $2,000 lub wi\u0119cej<\/span><\/div>\n<\/div>\n\t\t\t\t\t<\/div>\n\t\t\t\t\t<div class=\"plan-body\">\n\t\t\t\t\t\t<p>The pricing structure is subject to variation based on the type and quantity of contracts. We are pleased to offer a preliminary estimate upon inquiry, thereby encouraging you to reach out to us for further details.\n<\/p>\n\t\t\t\t\t\t<p class=\"txt-s\"><\/p>\n\t\t\t\t\t<\/div>\n\t\t\t\t\t<\/div>\n\t\t\t\t<\/li>\n\t\t\t\t<li class=\"txt-left\">\n\t\t\t\t\t<div class=\"plan-inner\">\n\t\t\t\t\t<div class=\"plan-header\">\n\t\t\t\t\t<h4 class=\"plan-title\">Inne Us\u0142ugi<\/h4>\n\t\t\t\t\t<div class=\"plan-price\">\n\t\t\t\t\t\t<div class=\"plan-price\"><span class=\"price-figure\">Skontaktuj si\u0119 z Nami<\/span><\/div>\n\t\t\t\t\t<\/div>\n\t\t\t\t\t<div class=\"plan-body\">\n\t\t\t\t\t\t<p>Oferujemy szeroki zakres us\u0142ug, w tym zak\u0142adanie firm, przegl\u0105d um\u00f3w, opinie prawne, przegl\u0105d spraw oraz pisma badawcze. Je\u015bli masz jakiekolwiek pytania lub w\u0105tpliwo\u015bci, serdecznie zapraszamy do kontaktu z nami, a nasz kompetentny zesp\u00f3\u0142 z przyjemno\u015bci\u0105 udzieli Ci pomocy.<\/p>\n\t\t\t\t\t\t<p>\n<\/p>\n\t\t\t\t\t\t<p class=\"txt-s\"><\/p>\n\t\t\t\t\t<\/div>\n\t\t\t\t\t<\/div>\n\t\t\t\t<\/li>\n\t\t\t<\/ul>\n\t\t<\/div>\n\t<\/div>\n<\/section>\n<section class=\"white-section\">\n\t<div class=\"section-inner\">\n\t\t<div class=\"btn-area\">\n\t\t\t<div class=\"btn icon-contact\"><a href=\"\/pl\/contact\">Skontaktuj si\u0119 z Nami<\/a><\/div>\n\t\t<\/div>\n\t<\/div>\n<\/section>\n","protected":false},"excerpt":{"rendered":"<p>IT W spo\u0142ecze\u0144stwie, w kt\u00f3rym technologia rozwija si\u0119 w szybkim tempie, g\u0142\u0119bokie zrozumienie IT i w\u0142asno\u015bci intelektualnej firmy jest kluczowe dla korporacyjnych prawnik\u00f3w w Japonii. Nasz\u0105 si\u0142\u0105 jest z [&hellip;]<\/p>\n","protected":false},"author":1,"featured_media":57140,"parent":0,"menu_order":0,"comment_status":"closed","ping_status":"closed","template":"non-other-page-temp.php","meta":{"footnotes":""},"acf":[],"_links":{"self":[{"href":"https:\/\/monolith.law\/pl\/wp-json\/wp\/v2\/pages\/56075"}],"collection":[{"href":"https:\/\/monolith.law\/pl\/wp-json\/wp\/v2\/pages"}],"about":[{"href":"https:\/\/monolith.law\/pl\/wp-json\/wp\/v2\/types\/page"}],"author":[{"embeddable":true,"href":"https:\/\/monolith.law\/pl\/wp-json\/wp\/v2\/users\/1"}],"replies":[{"embeddable":true,"href":"https:\/\/monolith.law\/pl\/wp-json\/wp\/v2\/comments?post=56075"}],"version-history":[{"count":27,"href":"https:\/\/monolith.law\/pl\/wp-json\/wp\/v2\/pages\/56075\/revisions"}],"predecessor-version":[{"id":59416,"href":"https:\/\/monolith.law\/pl\/wp-json\/wp\/v2\/pages\/56075\/revisions\/59416"}],"wp:featuredmedia":[{"embeddable":true,"href":"https:\/\/monolith.law\/pl\/wp-json\/wp\/v2\/media\/57140"}],"wp:attachment":[{"href":"https:\/\/monolith.law\/pl\/wp-json\/wp\/v2\/media?parent=56075"}],"curies":[{"name":"wp","href":"https:\/\/api.w.org\/{rel}","templated":true}]}}