{"id":56080,"date":"2023-06-16T00:51:59","date_gmt":"2023-06-15T15:51:59","guid":{"rendered":"https:\/\/monolith.law\/en\/?page_id=56080"},"modified":"2024-08-14T11:39:14","modified_gmt":"2024-08-14T02:39:14","slug":"internet","status":"publish","type":"page","link":"https:\/\/monolith.law\/pl\/internet","title":{"rendered":"Internet"},"content":{"rendered":"\n<section class=\"heading-area\">\n\t<div class=\"heading-area-inner\">\n\t\t<h2 class=\"icon-internet\">Internet<\/h2>\n\t\t<p>Jako kancelaria prawna z silnymi kompetencjami w dziedzinie IT, posiadamy udokumentowane do\u015bwiadczenie w \u015bwiadczeniu kompleksowego wsparcia prawnego dla przedsi\u0119biorc\u00f3w z bran\u017cy internetowej, w tym dla YouTuber\u00f3w. Specjalizujemy si\u0119 r\u00f3wnie\u017c w rozwi\u0105zywaniu spor\u00f3w zwi\u0105zanych z platformami online i odnie\u015bli\u015bmy sukces w pomaganiu klientom w usuwaniu negatywnych stron internetowych oraz rozstrzyganiu konflikt\u00f3w w sieci.<\/p>\n\t<\/div>\n<\/section>\n\n<section class=\"white-section\">\n\t<div class=\"section-inner pdt0  border-bottom-section\">\n\t\t<p class=\"mgb-small\">Kancelaria MONOLITH LAW OFFICE, dzi\u0119ki swojemu bogatemu do\u015bwiadczeniu w sprawach prawnych zwi\u0105zanych z IT, jest szczeg\u00f3lnie bieg\u0142a w obs\u0142udze biznes\u00f3w internetowych, w tym YouTuber\u00f3w oraz firm zajmuj\u0105cych si\u0119 dzia\u0142alno\u015bci\u0105 zwi\u0105zan\u0105 z YouTube.<\/p>\n\t\t<p>Rozumiemy ryzyka zwi\u0105zane z internetem, takie jak negatywne strony internetowe i posty na forach online. Nasza firma odnios\u0142a sukces w wielu przypadkach zwi\u0105zanych z zarz\u0105dzaniem reputacj\u0105 online dla szerokiego spektrum klient\u00f3w, od os\u00f3b prywatnych po du\u017ce korporacje. Negatywne strony internetowe stanowi\u0105 unikalne wyzwanie prawne w Japonii, a nasi wykwalifikowani prawnicy s\u0105 przygotowani, aby zapewni\u0107 skuteczne rozwi\u0105zania. Z niecierpliwo\u015bci\u0105 oczekujemy na konsultacje z Pa\u0144stwem, wykorzystuj\u0105c nasz\u0105 wiedz\u0119 specjalistyczn\u0105 i do\u015bwiadczenie w rozwi\u0105zywaniu problem\u00f3w zwi\u0105zanych z negatywnymi stronami internetowymi.<\/p>\n\t<\/div>\n<\/section>\n\n<section class=\"second-nav\">\n\t<div class=\"second-nav-inner\">\n\t\t<p>TEMATY<\/p>\n\t\t<nav>\n\t\t\t<ul>\n\t\t\t\t<li><a href=\"#legal-support-for-youtuber\">Wsparcie Prawne dla YouTubera<\/a><\/li>\n\t\t\t\t<li><a href=\"#legal-support-for-vtuber\">Wsparcie Prawne dla VTubera<\/a><\/li>\n\t\t\t\t<li><a href=\"#manda-of-sns-accounts\">M&amp;A kont w mediach spo\u0142eczno\u015bciowych<\/a><\/li>\n\t\t\t\t<li><a href=\"#mitigating-reputational-damage\">\u0141agodzenie Szk\u00f3d Reputacyjnych<\/a><\/li>\n\t\t\t\t<li><a href=\"#id-of-the-defamatory-statement\">Identyfikacja O\u015bwiadcze\u0144 Oszczerstwa<\/a><\/li>\n\t\t\t\t<li><a href=\"#corporate-reputation-management\">Zarz\u0105dzanie Reputacj\u0105 Korporacyjn\u0105<\/a><\/li>\n\t\t\t\t<li><a href=\"#removal-of-past-unwanted-info\">Usuwanie Niechcianych Informacji z Przesz\u0142o\u015bci<\/a><\/li>\n\t\t\t\t<li><a href=\"#monolith-law-magazine\">MONOLITH LAW MAGAZINE<\/a><\/li>\n\t\t\t\t<li><a href=\"#fee-structure\">Struktura Op\u0142at<\/a><\/li>\n\t\t\t<\/ul>\n\t\t<\/nav>\n\t<\/div>\n<\/section>\n\n<section class=\"purple-section mgt-section\">\n\t<div class=\"anchor\" id=\"legal-support-for-youtuber\"><\/div>\n\t<div class=\"section-inner\">\n\t\t<div class=\"flex\">\n\t\t\t<div class=\"width41\"><img decoding=\"async\" src=\"\/wp-content\/themes\/monolith2021\/img\/pic\/pic_practices-youtuberlaw.jpg\" alt=\"Wsparcie Prawne dla YouTubera\"><\/div>\n\t\t\t<div class=\"width51\">\n\t\t\t\t<h3>Prawna Wsparcie dla YouTuber\u00f3w<\/h3>\n\t\t\t\t<p class=\"mgb-small\">Kana\u0142y YouTube zarz\u0105dzane przez agencje YouTuber\u00f3w, firmy obs\u0142uguj\u0105ce Wirtualnych YouTuber\u00f3w (VTuber\u00f3w) oraz firmy biznesowe, wszystkie potrzebuj\u0105 doradc\u00f3w prawnych z specjalistyczn\u0105 wiedz\u0105 i do\u015bwiadczeniem w Japonii.<\/p>\n\t\t\t\t<p class=\"mgb-middle\">Nasi klienci obejmuj\u0105 g\u0142\u00f3wne japo\u0144skie firmy zarz\u0105dzaj\u0105ce YouTuberami, wybitnych indywidualnych YouTuber\u00f3w oraz r\u00f3\u017cne firmy zarz\u0105dzaj\u0105ce biznesem VTuber\u00f3w na terenie ca\u0142ej Japonii. Zapewniamy r\u00f3wnie\u017c wysoko specjalistyczne wsparcie w opracowywaniu i przegl\u0105daniu um\u00f3w zwi\u0105zanych z YouTuberami i VTuberami oraz w rozwi\u0105zywaniu problem\u00f3w prawnych zwi\u0105zanych z tworzeniem film\u00f3w w Japonii.<\/p>\n\t\t\t\t<div class=\"btn-area align-left\">\n\t\t\t\t\t<div class=\"btn icon-legal-support-for-youtuber\"><a href=\"\/pl\/legal-support-for-youtuber\/\">Prawna Wsparcie<br>dla YouTuber\u00f3w<\/a><\/div>\n\t\t\t\t<\/div>\n\t\t\t<\/div>\n\t\t<\/div>\n\t<\/div>\n<\/section>\n\n<section class=\"white-section\">\n\t<div class=\"anchor\" id=\"legal-support-for-vtuber\"><\/div>\n\t<div class=\"section-inner\">\n\t\t<div class=\"flex reverse\">\n\t\t\t<div class=\"width41\"><img decoding=\"async\" src=\"\/wp-content\/themes\/monolith2021\/img\/vtuberlaw\/pic_practices-vtuberlaw.jpg\" alt=\"Prawna Wsparcie dla VTuber\u00f3w\"><\/div>\n\t\t\t<div class=\"width51\">\n\t\t\t\t<h3>Prawna pomoc dla VTuber\u00f3w<\/h3>\n\t\t\t\t<p class=\"mgb-small\">Popularno\u015b\u0107 VTuber\u00f3w, YouTuber\u00f3w, kt\u00f3rzy u\u017cywaj\u0105 2D lub 3D awatar\u00f3w do tworzenia film\u00f3w i transmisji na \u017cywo, jest ju\u017c dobrze ugruntowana. Zacz\u0119\u0142o si\u0119 to w Japonii i teraz rozprzestrzeni\u0142o si\u0119 na kraje na ca\u0142ym \u015bwiecie.<\/p>\n\t\t\t\t<p class=\"mgb-middle\">Od 2017 roku zajmujemy si\u0119 sprawami prawnymi VTuber\u00f3w w Japonii, zdobywaj\u0105c bogate do\u015bwiadczenie i solidne osi\u0105gni\u0119cia. Jeste\u015bmy w pe\u0142ni zaanga\u017cowani w \u015bwiadczenie wszechstronnego wsparcia dla VTuber\u00f3w i ich powi\u0105zanych firm i agencji na ca\u0142ym \u015bwiecie.<\/p>\n\t\t\t\t<div class=\"btn-area align-left\">\n\t\t\t\t\t<div class=\"btn icon-legal-support-for-vtuber\"><a href=\"\/pl\/legal-support-for-vtuber\/\">Prawna pomoc<br>dla VTuber\u00f3w<\/a><\/div>\n\t\t\t\t<\/div>\n\t\t\t<\/div>\n\t\t<\/div>\n\t<\/div>\n<\/section>\n\n<section class=\"white-section\">\n\t<div class=\"anchor\" id=\"manda-of-sns-accounts\"><\/div>\n\t<div class=\"section-inner\">\n\t\t<div class=\"flex\">\n\t\t\t<div class=\"width41\"><img decoding=\"async\" src=\"\/wp-content\/themes\/monolith2021\/img\/pic\/pic_sns_manda.jpg\" alt=\"M&amp;A kont SNS\"><\/div>\n\t\t\t<div class=\"width51\">\n\t\t\t\t<h3>M&amp;A kont SNS<\/h3>\n\t\t\t\t<p class=\"mgb-small\">Podobnie jak strony internetowe, kana\u0142y na YouTube i konta na Twitterze s\u0105 r\u00f3wnie\u017c przedmiotem M&amp;A. Jednak\u017ce, poniewa\u017c te M&amp;A s\u0105 specjalnymi przypadkami, wymagana jest kancelaria prawna ze specjalistyczn\u0105 wiedz\u0105 i know-how. MONOLITH LAW OFFICE to kancelaria prawna specjalizuj\u0105ca si\u0119 w IT, internecie i biznesie. Nasi prawnicy zajmuj\u0105 si\u0119 wszystkim, od sporz\u0105dzania um\u00f3w po due diligence (DD) dla wielu M&amp;A, od ma\u0142ych projekt\u00f3w zwi\u0105zanych z kana\u0142ami na YouTube po projekty przekraczaj\u0105ce 100 milion\u00f3w jen\u00f3w.<\/p>\n\t\t\t\t<div class=\"btn-area align-left\">\n\t\t\t\t\t<div class=\"btn icon-m-and-a-of-sns-accounts\"><a href=\"\/pl\/m-and-a-of-sns-accounts\/\">M&amp;A kont SNS<\/a><\/div>\n\t\t\t\t<\/div>\n\n\t\t\t<\/div>\n\t\t<\/div>\n\t<\/div>\n<\/section>\n\n<section class=\"purple-section\">\n\t<div class=\"anchor\" id=\"mitigating-reputational-damage\"><\/div>\n\t<div class=\"section-inner\">\n\t\t<div class=\"flex reverse\">\n\t\t\t<div class=\"width41\"><img decoding=\"async\" src=\"\/wp-content\/themes\/monolith2021\/img\/pic\/pic_practices-reputation.jpg\" alt=\"Zmniejszanie szk\u00f3d reputacyjnych\"><\/div>\n\t\t\t<div class=\"width51\">\n\t\t\t\t<h3>Zmniejszanie Szk\u00f3d Reputacyjnych<\/h3>\n\t\t\t\t<p class=\"mgb-small\">Negatywne strony internetowe, kt\u00f3re atakuj\u0105 firmy lub osoby indywidualne, mog\u0105 mie\u0107 szkodliwy wp\u0142yw na ich reputacj\u0119. Jednak\u017ce japo\u0144skie prawo (Japanese law) przewiduje mo\u017cliwo\u015b\u0107 usuni\u0119cia takich stron, je\u015bli stanowi\u0105 one znies\u0142awienie lub naruszenie prywatno\u015bci. W MONOLITH LAW OFFICE specjalizujemy si\u0119 w sprawach prawnych zwi\u0105zanych z internetem i odnie\u015bli\u015bmy sukces w wielu przypadkach usuwania szkodliwych informacji z sieci.<\/p>\n\t\t\t\t<p class=\"mgb-middle\">Dzi\u0119ki naszemu silnemu do\u015bwiadczeniu w obszarze internetu i g\u0142\u0119bokiemu zrozumieniu zasad japo\u0144skiego prawa (Japanese legal principles), nasz dedykowany zesp\u00f3\u0142 pom\u00f3g\u0142 szerokiemu spektrum klient\u00f3w, w tym du\u017cym korporacjom i osobom prywatnym, w skutecznej walce z negatywnymi stronami internetowymi. Poprzez strategiczne interwencje prawne, pracujemy z zaanga\u017cowaniem, aby chroni\u0107 reputacj\u0119 naszych klient\u00f3w i minimalizowa\u0107 szkody spowodowane przez tre\u015bci znies\u0142awiaj\u0105ce lub naruszaj\u0105ce prywatno\u015b\u0107.<\/p>\n\t\t\t\t<div class=\"btn-area align-left\">\n\t\t\t\t\t<div class=\"btn icon-mitigating-reputational-damage\"><a href=\"\/pl\/mitigating-reputational-damage\/\">Zmniejszanie<br>Szk\u00f3d Reputacyjnych<\/a><\/div>\n\t\t\t\t<\/div>\n\t\t\t<\/div>\n\t\t<\/div>\n\t<\/div>\n<\/section>\n\n<section class=\"white-section\">\n\t<div class=\"anchor\" id=\"id-of-the-defamatory-statement\"><\/div>\n\t<div class=\"section-inner\">\n\t\t<div class=\"flex\">\n\t\t\t<div class=\"width41\"><img decoding=\"async\" src=\"\/wp-content\/themes\/monolith2021\/img\/pic\/pic_reputation.jpg\" alt=\"ID \u017ar\u00f3d\u0142a znies\u0142awiaj\u0105cego o\u015bwiadczenia\"><\/div>\n\t\t\t<div class=\"width51\">\n\t\t\t\t<h3>Identyfikacja oszczerstwa<\/h3>\n\t\t\t\t<p class=\"mgb-small\">Zgodnie z japo\u0144skim prawem, identyfikacja os\u00f3b odpowiedzialnych za nielegalne posty, takie jak te stanowi\u0105ce oszczerstwo, mo\u017ce by\u0107 \u015bcigana na podstawie przepis\u00f3w Japo\u0144skiej Ustawy o Ograniczeniu Odpowiedzialno\u015bci Dostawcy. Ta procedura prawna jest przeprowadzana w japo\u0144skim s\u0105dzie.<\/p>\n\t\t\t\t<p class=\"mgb-middle\">W przypadkach, kt\u00f3re obejmuj\u0105 wysoce z\u0142o\u015bliwe posty, kt\u00f3re nie mog\u0105 by\u0107 zignorowane, takie jak fa\u0142szywe zarzuty \u0142\u0105cz\u0105ce w\u0142a\u015bciciela firmy z antyspo\u0142ecznymi si\u0142ami, kluczowe jest zidentyfikowanie sprawc\u00f3w i poszukiwanie odpowiednich sankcji prawnych. Dodatkowo, gdy nielegalne posty wyst\u0119puj\u0105 uporczywie, nale\u017cy podj\u0105\u0107 wysi\u0142ki na rzecz identyfikacji i zapobiegania powtarzaniu si\u0119.<\/p>\n\t\t\t\t<div class=\"btn-area align-left\">\n\t\t\t\t\t<div class=\"btn icon-id-of-the-defamatory-statement\"><a href=\"\/pl\/id-of-the-defamatory-statement\/\">Identyfikacja oszczerstwa<\/a><\/div>\n\t\t\t\t<\/div>\n\t\t\t<\/div>\n\t\t<\/div>\n\t<\/div>\n<\/section>\n\n<section class=\"orange-section\">\n\t<div class=\"anchor\" id=\"corporate-reputation-management\"><\/div>\n\t<div class=\"section-inner\">\n\t\t<div class=\"flex reverse\">\n\t\t\t<div class=\"width41\"><img decoding=\"async\" src=\"\/en\/wp-content\/uploads\/sites\/6\/2023\/06\/pic_practices-listedcompany.jpg\" alt=\"Zarz\u0105dzanie reputacj\u0105 korporacyjn\u0105\"><\/div>\n\t\t\t<div class=\"width51\">\n\t\t\t\t<h3>Zarz\u0105dzanie reputacj\u0105 korporacyjn\u0105<\/h3>\n\t\t\t\t<p class=\"mgb-small\">Gdy du\u017ca firma stoi w obliczu uszczerbku na reputacji z powodu licznych negatywnych stron internetowych, rozwi\u0105zanie problemu staje si\u0119 skomplikowane. Priorytetyzacja stron do usuni\u0119cia i ocena op\u0142acalno\u015bci dzia\u0142a\u0144 zwi\u0105zanych z usuwaniem stanowi\u0105 znaczne wyzwania. Jako kancelaria prawna wyposa\u017cona zar\u00f3wno w ekspertyz\u0119 prawnicz\u0105, jak i doradztwo IT, oferujemy kompleksowe rozwi\u0105zania dostosowane do tych skomplikowanych scenariuszy problem\u00f3w.<\/p>\n\t\t\t\t<p>Nasz zesp\u00f3\u0142 prawnik\u00f3w i konsultant\u00f3w IT zapewnia wiedz\u0119 specjalistyczn\u0105 w zakresie ustalania priorytet\u00f3w, projektowania kluczowych wska\u017anik\u00f3w wydajno\u015bci (KPI) i szacowania stosunku koszt\u00f3w do korzy\u015bci w odniesieniu do alokacji bud\u017cetu. Podchodzimy do sytuacji podobnie jak firmy konsultingowe, oferuj\u0105c strategiczne wskaz\u00f3wki i analizy, kt\u00f3re pomagaj\u0105 skutecznie porusza\u0107 si\u0119 w procesie.<\/p>\n\t\t\t<\/div>\n\t\t<\/div>\n\t<\/div>\n<\/section>\n\n<section class=\"white-section\">\n\t<div class=\"anchor\" id=\"removal-of-past-unwanted-info\"><\/div>\n\t<div class=\"section-inner\">\n\t\t<div class=\"flex\">\n\t\t\t<div class=\"width41\"><img decoding=\"async\" src=\"\/en\/wp-content\/uploads\/sites\/6\/2023\/06\/pastunwantedcontent.jpg\" alt=\"Usuwanie niechcianej tre\u015bci z przesz\u0142o\u015bci\"><\/div>\n\t\t\t<div class=\"width51\">\n\t\t\t\t<h3>Usuni\u0119cie niechcianych informacji z przesz\u0142o\u015bci<\/h3>\n\t\t\t\t<p class=\"mgb-small\">Kancelaria prawna MONOLITH LAW OFFICE specjalizuje si\u0119 w rozwi\u0105zywaniu problem\u00f3w zwi\u0105zanych z zarz\u0105dzaniem obecno\u015bci\u0105 w internecie, szczeg\u00f3lnie dla os\u00f3b zaanga\u017cowanych w bran\u017c\u0119 rozrywkow\u0105. Rozumiemy, \u017ce informacje, zar\u00f3wno oficjalne, jak i nieoficjalne, mog\u0105 mie\u0107 trwa\u0142y wp\u0142yw na \u017cycie osobiste i zawodowe. Nasza firma oferuje kompleksowe rozwi\u0105zania do rozwi\u0105zania tych problem\u00f3w, wykorzystuj\u0105c unikalne po\u0142\u0105czenie wiedzy prawnej i technologii informacyjnej. Niezale\u017cnie od tego, czy chodzi o usuni\u0119cie niechcianych tre\u015bci, zarz\u0105dzanie cyfrowymi \u015bladami, czy poruszanie kwestii &#8220;prawa do bycia zapomnianym&#8221;, oferujemy kompleksowe rozwi\u0105zanie do ochrony Twojej reputacji online.<\/p>\n\t\t\t\t<p>Zaufaj MONOLITH LAW OFFICE w celu ochrony Twojej prywatno\u015bci i zapewnienia p\u0142ynnego przej\u015bcia do przysz\u0142ych przedsi\u0119wzi\u0119\u0107.<\/p>\n\t\t\t<\/div>\n\t\t<\/div>\n\t<\/div>\n<\/section>\n\n<section class=\"purple2-section\">\n\t<div class=\"anchor\" id=\"monolith-law-magazine\"><\/div>\n\t<div class=\"section-inner\">\n\t\t    <section class=\"white-section temp-article\">\n        <div class=\"section-inner\">\n            <h4>MONOLITH LAW MAGAZINE<\/h4>\n            <div class=\"articles type_practice_column\">\n                                                                    <div class=\"article article-area\">\n                        <figure>\n                            <div class=\"img-wrap\">\n                                <img alt=\"Nauka o naruszeniu praw patentowych i znaczeniu zasady terytorialno\u015bci na przyk\u0142adzie sprawy s\u0105dowej Dwango przeciwko FC2\" src=\"https:\/\/monolith.law\/pl\/wp-content\/uploads\/sites\/16\/2025\/08\/3d197fbdd689457ec22de396ff65b2df.webp\" width=\"500\" height=\"250\">\n                            <\/div>\n                            <figcaption>\n                                <div class=\"figcaption-inner\">\n                                    <h3>Nauka o naruszeniu praw patentowych i znaczeniu zasady terytorialno\u015bci na przyk\u0142.<\/h3>\n                                <\/div>\n                            <\/figcaption>\n                            <a href=\"https:\/\/monolith.law\/pl\/internet\/patent-infringement-territoriality\"><\/a>\n                        <\/figure>\n                    <\/div>\n                                                    <div class=\"article article-area\">\n                        <figure>\n                            <div class=\"img-wrap\">\n                                <img alt=\"Do jakiego stopnia dozwolone jest podobie\u0144stwo znak\u00f3w towarowych? Wyja\u015bnienie kryteri\u00f3w podobie\u0144stwa i przypadk\u00f3w naruszenia praw do znaku towarowego.\" src=\"https:\/\/monolith.law\/pl\/wp-content\/uploads\/sites\/16\/2025\/08\/eac576e0765af2cac6d210d899b2d93d.webp\" width=\"500\" height=\"250\">\n                            <\/div>\n                            <figcaption>\n                                <div class=\"figcaption-inner\">\n                                    <h3>Do jakiego stopnia dozwolone jest podobie\u0144stwo znak\u00f3w towarowych? Wyja\u015bnienie kr.<\/h3>\n                                <\/div>\n                            <\/figcaption>\n                            <a href=\"https:\/\/monolith.law\/pl\/internet\/trademark-infringement\"><\/a>\n                        <\/figure>\n                    <\/div>\n                                                    <div class=\"article article-area\">\n                        <figure>\n                            <div class=\"img-wrap\">\n                                <img alt=\"Jakie s\u0105 prawne konsekwencje rozpowszechniania i rozprzestrzeniania fa\u0142szywych informacji? Wyja\u015bnienie dw\u00f3ch rodzaj\u00f3w odpowiedzialno\u015bci karnej na podstawie przyk\u0142ad\u00f3w aresztowa\u0144.\" src=\"https:\/\/monolith.law\/pl\/wp-content\/uploads\/sites\/16\/2025\/08\/7d8b9299c2a15a801c04913ba0d80d99.webp\" width=\"500\" height=\"250\">\n                            <\/div>\n                            <figcaption>\n                                <div class=\"figcaption-inner\">\n                                    <h3>Jakie s\u0105 prawne konsekwencje rozpowszechniania i rozprzestrzeniania fa\u0142szywych i.<\/h3>\n                                <\/div>\n                            <\/figcaption>\n                            <a href=\"https:\/\/monolith.law\/pl\/internet\/false-information-criminal-liability\"><\/a>\n                        <\/figure>\n                    <\/div>\n                                            <\/div>\n            <div class=\"btn-more\"><a href=\"https:\/\/monolith.law\/pl\/tag\/internet\">Read More<\/a><\/div>\n        <\/div>\n    <\/section>\n\t<\/div>\n<\/section>\n\n<section class=\"orange2-section\">\n\t<div class=\"anchor\" id=\"fee-structure\"><\/div>\n\t<div class=\"section-inner\">\n\t<div class=\"planWrap\">\n\t<h3>Struktura Op\u0142at<\/h3>\n\t<ul class=\"plan\">\n\t\t<li class=\"txt-left\">\n\t\t\t<div class=\"plan-inner\">\n\t\t\t<div class=\"plan-header\">\n\t\t\t<h4 class=\"plan-title\">Stawka Godzinowa<\/h4>\n\t\t\t<div class=\"plan-price\"><span class=\"price-figure\">$300<\/span>za godzin\u0119<span class=\"price-tax\"><\/span><\/div>\n\t\t\t<\/div>\n\t\t\t<div class=\"plan-body\">W niekt\u00f3rych przypadkach mo\u017cemy rozwa\u017cy\u0107 przyj\u0119cie sporu lub pozwu z op\u0142at\u0105 wst\u0119pn\u0105 oraz op\u0142at\u0105 warunkow\u0105. Po wi\u0119cej szczeg\u00f3\u0142\u00f3w zapraszamy do kontaktu z nami.<\/div>\n\t\t\t<\/div>\n\t\t<\/li>\n\t\t<li class=\"txt-left\">\n\t\t\t<div class=\"plan-inner\">\n\t\t\t<div class=\"plan-header\">\n\t\t\t<h4 class=\"plan-title\">Redagowanie Um\u00f3w<\/h4>\n\t\t\t<div class=\"plan-price\"><span class=\"price-value\">od<\/span><span class=\"price-figure\">$500<\/span><span class=\"price-value\">do $2,000 lub wi\u0119cej<\/span><span class=\"price-tax\"><\/span><\/div>\n\t\t\t<\/div>\n\t\t\t<div class=\"plan-body\">Struktura cen mo\u017ce si\u0119 r\u00f3\u017cni\u0107 w zale\u017cno\u015bci od rodzaju i ilo\u015bci um\u00f3w. Z przyjemno\u015bci\u0105 przedstawimy wst\u0119pn\u0105 wycen\u0119 po zapytaniu, dlatego zach\u0119camy do kontaktu w celu uzyskania dalszych informacji.<\/div>\n\t\t\t<\/div>\n\t\t<\/li>\n\t\t<li class=\"txt-left\">\n\t\t\t<div class=\"plan-inner\">\n\t\t\t<div class=\"plan-header\">\n\t\t\t<h4 class=\"plan-title\">Inne Us\u0142ugi<\/h4>\n\t\t\t<div class=\"plan-price\"><span class=\"price-figure\">Skontaktuj si\u0119 z Nami<\/span><\/div>\n\t\t\t<\/div>\n\t\t\t<div class=\"plan-body\">Oferujemy szeroki zakres us\u0142ug, w tym zak\u0142adanie sp\u00f3\u0142ek, przegl\u0105d um\u00f3w, opinie prawne, przegl\u0105d spraw oraz pisma badawcze. W przypadku jakichkolwiek pyta\u0144 lub w\u0105tpliwo\u015bci serdecznie zapraszamy do kontaktu, a nasz kompetentny zesp\u00f3\u0142 z przyjemno\u015bci\u0105 udzieli pomocy.<\/div>\n\t\t\t<\/div>\n\t\t\t<\/div>\n\t\t<\/li>\n\t<\/ul>\n\t<\/div>\n\t<\/div>\n<\/section>\n\n<section class=\"white-section\">\n\t<div class=\"section-inner\">\n\t\t<div class=\"btn-area\">\n\t\t\t<div class=\"btn icon-contact\"><a href=\"\/pl\/contact\">Skontaktuj si\u0119 z Nami<\/a><\/div>\n\t\t<\/div>\n\t<\/div>\n<\/section>\n","protected":false},"excerpt":{"rendered":"<p>Internet Jako kancelaria prawna z silnymi kompetencjami w dziedzinie IT, posiadamy udokumentowane do\u015bwiadczenie w \u015bwiadczeniu kompleksowego wsparcia prawnego dla przedsi\u0119biorc\u00f3w z bran\u017cy internetowej, [&hellip;]<\/p>\n","protected":false},"author":1,"featured_media":57159,"parent":0,"menu_order":0,"comment_status":"closed","ping_status":"closed","template":"other-page-temp.php","meta":{"footnotes":""},"acf":[],"_links":{"self":[{"href":"https:\/\/monolith.law\/pl\/wp-json\/wp\/v2\/pages\/56080"}],"collection":[{"href":"https:\/\/monolith.law\/pl\/wp-json\/wp\/v2\/pages"}],"about":[{"href":"https:\/\/monolith.law\/pl\/wp-json\/wp\/v2\/types\/page"}],"author":[{"embeddable":true,"href":"https:\/\/monolith.law\/pl\/wp-json\/wp\/v2\/users\/1"}],"replies":[{"embeddable":true,"href":"https:\/\/monolith.law\/pl\/wp-json\/wp\/v2\/comments?post=56080"}],"version-history":[{"count":27,"href":"https:\/\/monolith.law\/pl\/wp-json\/wp\/v2\/pages\/56080\/revisions"}],"predecessor-version":[{"id":72185,"href":"https:\/\/monolith.law\/pl\/wp-json\/wp\/v2\/pages\/56080\/revisions\/72185"}],"wp:featuredmedia":[{"embeddable":true,"href":"https:\/\/monolith.law\/pl\/wp-json\/wp\/v2\/media\/57159"}],"wp:attachment":[{"href":"https:\/\/monolith.law\/pl\/wp-json\/wp\/v2\/media?parent=56080"}],"curies":[{"name":"wp","href":"https:\/\/api.w.org\/{rel}","templated":true}]}}