{"id":25864,"date":"2021-01-09T01:19:39","date_gmt":"2021-01-08T16:19:39","guid":{"rendered":"https:\/\/monolith.law\/?page_id=25864"},"modified":"2023-12-26T18:06:29","modified_gmt":"2023-12-26T09:06:29","slug":"access","status":"publish","type":"page","link":"https:\/\/monolith.law\/pt\/access","title":{"rendered":"Acesso"},"content":{"rendered":"\n<section class=\"heading-area\">\n\t<div class=\"heading-area-inner\">\n\t\t<h2 class=\"icon-access\">Acesso<\/h2>\n\t<\/div>\n<\/section>\n<section class=\"second-nav\">\n\t<div class=\"second-nav-inner\">\n\t\t<p>T\u00d3PICOS<\/p>\n\t\t<nav>\n\t\t\t<ul>\n\t\t\t\t<li><a href=\"#law-firm-with-strength-in-it-internet-and-business\">Escrit\u00f3rio de Advocacia Especializado em TI, Internet e Direito Empresarial<\/a><\/li>\n\t\t\t\t<li><a href=\"#access-map\">Mapa de Acesso<\/a><\/li>\n\t\t\t\t<li><a href=\"#expansion-and-relocation-to-otemachi-financial-city\">Amplia\u00e7\u00e3o e Mudan\u00e7a para a Otemachi Financial City<\/a><\/li>\n\t\t\t<\/ul>\n\t\t<\/nav>\n\t<\/div>\n<\/section>\n<section class=\"white-section\">\n\t<div class=\"anchor\" id=\"law-firm-with-strength-in-it-internet-and-business\"><\/div>\n\t<div class=\"section-inner\">\n\t\t<div class=\"flex\">\n\t\t\t<div class=\"width41\"><img decoding=\"async\" src=\"\/wp-content\/themes\/monolith2021\/img\/access\/access_pic1.jpg\" alt=\"Escrit\u00f3rio de Advocacia Especializado em TI, Internet e Direito Empresarial\"><\/div>\n\t\t\t<div class=\"width51\">\n\t\t\t\t<h3>Escrit\u00f3rio de Advocacia Especializado em<br> TI, Internet e Direito Empresarial<\/h3>\n\t\t\t\t<p class=\"mgb-small\">O MONOLITH LAW OFFICE \u00e9 um escrit\u00f3rio de advocacia localizado em Otemachi, Chiyoda-ku, T\u00f3quio, Jap\u00e3o. Possui acesso direto \u00e0 Esta\u00e7\u00e3o de Otemachi e fica a 7 minutos a p\u00e9 da Esta\u00e7\u00e3o de T\u00f3quio.<\/p>\n\t\t\t\t<p class=\"mgb-small\">Atuamos como consultores jur\u00eddicos (envolvendo diversos contratos com diretores, executivos, etc.) para aproximadamente 1087 empresas, abrangendo desde empresas listadas na TSE Prime at\u00e9 startups em est\u00e1gio inicial. Nossas atividades relacionadas a TI\/Internet englobam a preven\u00e7\u00e3o de danos \u00e0 reputa\u00e7\u00e3o, combate \u00e0 difama\u00e7\u00e3o e resolu\u00e7\u00e3o de disputas relacionadas ao desenvolvimento de sistemas. Al\u00e9m disso, oferecemos servi\u00e7os jur\u00eddicos voltados para startups, incluindo investimentos de 100 milh\u00f5es de ienes ou mais por empresas listadas na TSE e opera\u00e7\u00f5es de fus\u00f5es e aquisi\u00e7\u00f5es (M&#038;A) por empresas de venture. At\u00e9 o momento, prestamos servi\u00e7os jur\u00eddicos a 1855 clientes.<\/p>\n\t\t\t\t<p class=\"mgb-middle\">&#8220;Entender de IT e neg\u00f3cios&#8221; \u00e9 o que nos torna especiais.<\/p>\n\t\t\t\t<div class=\"btn-area\">\n\t\t\t\t\t<div class=\"btn icon-services\"><a href=\"\/pt\/services\">Servi\u00e7os<\/a><\/div>\n\t\t\t\t\t<div class=\"btn icon-overview-of-our-firm\"><a href=\"\/pt\/overview-of-our-firm\">Vis\u00e3o Geral do Nosso Escrit\u00f3rio<\/a><\/div>\n\t\t\t\t<\/div>\n\t\t\t<\/div>\n\t\t<\/div>\n\t<\/div>\n<\/section>\n<section class=\"purple-section\">\n\t<div class=\"anchor\" id=\"access-map\"><\/div>\n\t<div class=\"section-inner\">\n\t\t<div class=\"flex reverse\">\n\t\t\t<div class=\"width41\"><img decoding=\"async\" src=\"\/wp-content\/themes\/monolith2021\/img\/about\/about_pic2.jpg\" alt=\"MONOLITH LAW OFFICE\"><\/div>\n\t\t\t<div class=\"width51\">\n\t\t\t\t<h3>MONOLITH LAW OFFICE (Escrit\u00f3rio de Otemachi)<\/h3>\n\t\t\t\t<p><a href=\"https:\/\/goo.gl\/maps\/YfcgPhBgXFyg1hHF6\" target=\"_blank\" rel=\"noopener noreferrer\">21\/F Financial City North Tower 1-9-5 Otemachi, Chiyoda-ku Tokyo 100-0004, Japan <\/a><\/p>\n\t\t\t\t<p>Metro de T\u00f3quio: Linhas Marunouchi, Tozai, Chiyoda, Hanzomon e Toei Subway Mita<\/p>\n\t\t\t\t<p class=\"mgb-small\"><a href=\"https:\/\/www.tokyometro.jp\/station\/otemachi\/yardmap\/index.html\" target=\"_blank\" rel=\"noopener noreferrer\">Acesso direto pela Sa\u00edda A1 da Esta\u00e7\u00e3o Otemachi<\/a><\/p>\n\t\t\t\t<p>Shinkansen: Tohoku, Joetsu, Hokuriku, Hokkaido, Yamagata, Akita; JR: Linhas Tokaido, Keihin Tohoku, Yamanote, Chuo, Yokosuka, Keiyo; Metro de T\u00f3quio: Linha Marunouchi<\/p>\n\t\t\t\t<p class=\"mgb-small\"><a href=\"https:\/\/www.tokyometro.jp\/station\/tokyo\/index.html\" target=\"_blank\" rel=\"noopener noreferrer\">7 minutos a p\u00e9 da Sa\u00edda Norte de Marunouchi da Esta\u00e7\u00e3o de T\u00f3quio<\/a><\/p>\n\t\t\t\t<p>Estacionamento Otemachi Financial City<\/p>\n\t\t\t\t<p class=\"mgb-middle\"><a href=\"https:\/\/www.otemachi-financialcity.jp\/access\/\">1-9-5, 1-9-7, Otemachi, Chiyoda-ku, Tokyo<\/a><\/p>\n\t\t\t\t<div class=\"btn-area align-left\">\n\t\t\t\t\t<div class=\"btn icon-contact\"><a href=\"\/pt\/contact\">Entre em contato<\/a><\/div>\n\t\t\t\t<\/div>\n\t\t\t<\/div>\n\t\t<\/div>\n\t<\/div>\n<\/section>\t \n<section class=\"google-maps\"><iframe src=\"https:\/\/www.google.com\/maps\/embed?pb=!1m18!1m12!1m3!1d3240.541568341125!2d139.7659268!3d35.6882884!2m3!1f0!2f0!3f0!3m2!1i1024!2i768!4f13.1!3m3!1m2!1s0x60188cec724a6ae9%3A0x6efbadeb18528c88!2sMonolith%20Law%20Office!5e0!3m2!1spt-PT!2sjp!4v1703581551447!5m2!1spt-PT!2sjp\" width=\"600\" height=\"450\" style=\"border:0;\" allowfullscreen=\"\" loading=\"lazy\" referrerpolicy=\"no-referrer-when-downgrade\"><\/iframe><\/section>\n<section class=\"white-section\">\n\t<div class=\"anchor\" id=\"expansion-and-relocation-to-otemachi-financial-city\"><\/div>\n\t<div class=\"section-inner\">\n\t\t<div class=\"flex\">\n\t\t\t<div class=\"width41\"><img decoding=\"async\" src=\"\/wp-content\/uploads\/2022\/11\/financialcity.jpg\" alt=\"Amplia\u00e7\u00e3o e Mudan\u00e7a para a Otemachi Financial City\"><\/div>\n\t\t\t<div class=\"width51\">\n\t\t\t\t<h3>Amplia\u00e7\u00e3o e Mudan\u00e7a para a Otemachi Financial City<\/h3>\n\t\t\t\t<p class=\"mgb-small\">Ap\u00f3s a inaugura\u00e7\u00e3o em Yotsuya, Shinjuku-ku, T\u00f3quio, em mar\u00e7o de 2017, o MONOLITH LAW OFFICE mudou-se para Otemachi (Edif\u00edcio Asahi Seimei Otemachi) em agosto de 2018, gra\u00e7as ao seu apoio, e formalizou sua incorpora\u00e7\u00e3o como um escrit\u00f3rio de advocacia em mar\u00e7o de 2020. Em dezembro de 2020, inauguramos uma filial no 29\u00ba andar do mesmo edif\u00edcio onde est\u00e1 localizado nosso escrit\u00f3rio em Otemachi (Edif\u00edcio Asahi Seimei Otemachi).<\/p>\n\t\t\t\t<p class=\"mgb-small\">Em setembro de 2022, expandimos e nos mudamos para a Otemachi Financial City.<\/p>\n\t\t\t\t<p class=\"mgb-small\">Estamos ansiosos pela oportunidade de trabalhar com voc\u00ea.<\/p>\n\t\t\t<\/div>\n\t\t<\/div>\n\t<\/div>\n<\/section>\n","protected":false},"excerpt":{"rendered":"<p>Acesso T\u00d3PICOS Escrit\u00f3rio de Advocacia Especializado em TI, Internet e Direito Empresarial Mapa de Acesso Amplia\u00e7\u00e3o e Mudan\u00e7a para a Otemachi Financial City Escrit\u00f3rio de Advocacia Especializado em TI [&hellip;]<\/p>\n","protected":false},"author":1,"featured_media":57041,"parent":0,"menu_order":10,"comment_status":"closed","ping_status":"closed","template":"other-page-temp.php","meta":{"footnotes":""},"acf":[],"_links":{"self":[{"href":"https:\/\/monolith.law\/pt\/wp-json\/wp\/v2\/pages\/25864"}],"collection":[{"href":"https:\/\/monolith.law\/pt\/wp-json\/wp\/v2\/pages"}],"about":[{"href":"https:\/\/monolith.law\/pt\/wp-json\/wp\/v2\/types\/page"}],"author":[{"embeddable":true,"href":"https:\/\/monolith.law\/pt\/wp-json\/wp\/v2\/users\/1"}],"replies":[{"embeddable":true,"href":"https:\/\/monolith.law\/pt\/wp-json\/wp\/v2\/comments?post=25864"}],"version-history":[{"count":25,"href":"https:\/\/monolith.law\/pt\/wp-json\/wp\/v2\/pages\/25864\/revisions"}],"predecessor-version":[{"id":59949,"href":"https:\/\/monolith.law\/pt\/wp-json\/wp\/v2\/pages\/25864\/revisions\/59949"}],"wp:featuredmedia":[{"embeddable":true,"href":"https:\/\/monolith.law\/pt\/wp-json\/wp\/v2\/media\/57041"}],"wp:attachment":[{"href":"https:\/\/monolith.law\/pt\/wp-json\/wp\/v2\/media?parent=25864"}],"curies":[{"name":"wp","href":"https:\/\/api.w.org\/{rel}","templated":true}]}}