{"id":30628,"date":"2021-02-27T22:20:08","date_gmt":"2021-02-27T13:20:08","guid":{"rendered":"https:\/\/monolith.law\/?page_id=30628"},"modified":"2023-12-26T18:37:33","modified_gmt":"2023-12-26T09:37:33","slug":"contract-drafting-and-review","status":"publish","type":"page","link":"https:\/\/monolith.law\/pt\/contract-drafting-and-review","title":{"rendered":"Elabora\u00e7\u00e3o e Revis\u00e3o de Contratos"},"content":{"rendered":"\n<section class=\"heading-area\">\n\t<div class=\"heading-area-inner\">\n\t\t<h2 class=\"icon-contract-drafting-and-review\">Elabora\u00e7\u00e3o e Revis\u00e3o de Contratos<\/h2>\n\t\t<p>Como consultores jur\u00eddicos para empresas de TI e startups, e eventualmente como advogados especializados para corpora\u00e7\u00f5es, trabalhamos na elabora\u00e7\u00e3o e revis\u00e3o de uma ampla gama de contratos altamente especializados relacionados \u00e0 \u00e1rea de TI. Nosso objetivo \u00e9 garantir uma posi\u00e7\u00e3o s\u00f3lida em um ambiente de neg\u00f3cios em constante evolu\u00e7\u00e3o no Jap\u00e3o. Caso tenha d\u00favidas ou precise de suporte, estamos \u00e0 disposi\u00e7\u00e3o para ajudar.<\/p>\n\t<\/div>\n<\/section>\n<section class=\"white-section mgb-section\">\n\t<div class=\"section-inner pdt0 border-bottom-section\">\n\t\t<p>O MONOLITH LAW OFFICE desempenha um papel crucial como consultor jur\u00eddico para empresas japonesas de TI e startups em diversos tipos de contratos. Isso inclui contratos de terceiriza\u00e7\u00e3o associados \u00e0s suas opera\u00e7\u00f5es terceirizadas, contratos de uso e ag\u00eancia relacionados aos seus produtos, contratos de investimento e acordos de acionistas referentes ao capital, al\u00e9m de contratos de trabalho relacionados \u00e0 empresa. <br>Atuamos tamb\u00e9m como advogados de TI para empresas em opera\u00e7\u00e3o, elaborando e revisando contratos relacionados a novos empreendimentos de TI, contratos de terceiriza\u00e7\u00e3o para empresas de TI e outros tipos de contratos. Se precisar de orienta\u00e7\u00e3o ou suporte, n\u00e3o hesite em entrar em contato conosco. Estamos aqui para ajudar.<\/p>\n\t<\/div>\n<\/section>\n<section class=\"white-section\">\n\t<div class=\"section-inner pdt0\">\n\t\t<h3 class=\"ttl-enjp mgb-middle\"><span class=\"en\"><\/span><span class=\"ja\">Caracter\u00edsticas do MONOLITH LAW OFFICE <\/span><\/h3>\n\t\t<ol class=\"practices-list\">\n\t\t\t<li>\n\t\t\t\t<h4><img decoding=\"async\" src=\"\/wp-content\/themes\/monolith_en\/img\/practices\/practices_1_1.svg\" alt=\"1.Servi\u00e7os Jur\u00eddicos para Startups\"><\/h4>\n\t\t\t\t<img decoding=\"async\" src=\"\/wp-content\/themes\/monolith2021\/img\/practices\/practices_1_1_pic.png\" alt=\"Servi\u00e7os Jur\u00eddicos para Startups\">\n\t\t\t\t<p>Nossa equipe tem ampla experi\u00eancia em servi\u00e7os jur\u00eddicos relacionados a neg\u00f3cios e quest\u00f5es de capital no cen\u00e1rio japon\u00eas. Isso abrange desde capta\u00e7\u00e3o de recursos e transfer\u00eancias de neg\u00f3cios at\u00e9 buyouts.<\/p>\n\t\t\t<\/li>\n\t\t\t<li>\n\t\t\t\t<h4><img decoding=\"async\" src=\"\/wp-content\/themes\/monolith_en\/img\/practices\/practices_1_2.svg\" alt=\"2. TI e Propriedade Intelectual\"><\/h4>\n\t\t\t\t<img decoding=\"async\" src=\"\/wp-content\/themes\/monolith2021\/img\/practices\/practices_1_2_pic.png\" alt=\"TI e Propriedade Intelectual\">\n\t\t\t\t<p>Nossos advogados, incluindo nosso fundador, que tem experi\u00eancia como engenheiro, dedicam-se a obter um entendimento aprofundado do seu produto, \u00e0s vezes examinando at\u00e9 mesmo o c\u00f3digo-fonte.<\/p>\n\t\t\t<\/li>\n\t\t\t<li>\n\t\t\t\t<h4><img decoding=\"async\" src=\"\/wp-content\/themes\/monolith_en\/img\/practices\/practices_1_3.svg\" alt=\"3. Agilidade\"><\/h4>\n\t\t\t\t<img decoding=\"async\" src=\"\/wp-content\/themes\/monolith2021\/img\/practices\/practices_1_3_pic.png\" alt=\"Agilidade\">\n\t\t\t\t<p>Compreendemos a import\u00e2ncia de uma resposta \u00e1gil para o seu neg\u00f3cio. Como pr\u00e1tica padr\u00e3o, costumamos responder em at\u00e9 um dia \u00fatil.<\/p>\n\t\t\t<\/li>\n\t\t\t<li>\n\t\t\t\t<h4><img decoding=\"async\" src=\"\/wp-content\/themes\/monolith_en\/img\/practices\/practices_1_4.svg\" alt=\"4. Pequenas e M\u00e9dias Empresas\"><\/h4>\n\t\t\t\t<img decoding=\"async\" src=\"\/wp-content\/themes\/monolith2021\/img\/practices\/practices_1_4_pic.png\" alt=\"Pequenas e M\u00e9dias Empresas\">\n\t\t\t\t<p>Dado que nosso s\u00f3cio fundador tem viv\u00eancia em gest\u00e3o corporativa, ele compreende pessoalmente os desafios envolvidos nesse processo.<\/p>\n\t\t\t<\/li>\n\t\t<\/ol>\n\t<\/div>\n<\/section>\n<section class=\"second-nav\">\n\t<div class=\"second-nav-inner\">\n\t\t<p>T\u00d3PICOS<\/p>\n\t\t<nav>\n\t\t\t<ul>\n\t\t\t\t<li><a href=\"#our-experience-in-contract-drafting-etc\">A Nossa Experi\u00eancia em Elabora\u00e7\u00e3o de Contratos, etc.<\/a><\/li>\n\t\t\t\t<li><a href=\"#handling-more-than-3000-contracts-per-year-as-an-organization\">Gest\u00e3o de Mais de 3.000 Contratos por Ano como Organiza\u00e7\u00e3o<\/a><\/li>\n\t\t\t\t<li><a href=\"#TI\">TI<\/a><\/li>\n\t\t\t\t<li><a href=\"#extensive-experience-in-investment-contracts-etc\">Vasta Experi\u00eancia em Contratos de Investimento, etc.<\/a><\/li>\n\t\t\t\t<li><a href=\"#examples-of-support-provided-by-our-firm\">Exemplos de Apoio Fornecido pelo Nosso Escrit\u00f3rio<\/a><\/li>\n\t\t\t\t<li><a href=\"#monolith-law-magazine\">MONOLITH LAW MAGAZINE<\/a><\/li>\n\t\t\t\t<li><a href=\"#fee-structure\">Estrutura de Honor\u00e1rios<\/a><\/li>\n\t\t\t<\/ul>\n\t\t<\/nav>\n\t<\/div>\n<\/section>\n<section class=\"white-section mgt-section mgb-section\">\n\t<div class=\"anchor\" id=\"our-experience-in-contract-drafting-etc\"><\/div>\n\t<div class=\"section-inner-black\">\n\t\t<h3>Nossa Experi\u00eancia na Elabora\u00e7\u00e3o de Contratos, <br class=\"spOnly\">etc.<\/h3>\n\t\t<p class=\"mgb-middle\">O MONOLITH LAW OFFICE, especializado em &#8220;TI, Internet e Business&#8221;, fornece uma variedade de servi\u00e7os, incluindo elabora\u00e7\u00e3o e revis\u00e3o de contratos relacionados a TI e neg\u00f3cios. Abaixo est\u00e3o alguns exemplos dos servi\u00e7os que oferecemos, mas n\u00e3o nos limitamos a:<\/p>\n\t\t<p class=\"mgb-middle\">Contrato de Terceiriza\u00e7\u00e3o de SEO, Contrato de Terceiriza\u00e7\u00e3o de Opera\u00e7\u00e3o de SNS, Contrato de Fus\u00e3o, Contrato de Transfer\u00eancia de A\u00e7\u00f5es, Contrato de Subscri\u00e7\u00e3o de A\u00e7\u00f5es, Contrato de Pesquisa Conjunta, Contrato de Joint Venture, Contrato de Servi\u00e7o, Contrato de Alian\u00e7a Empresarial, Contrato de Empr\u00e9stimo, Contrato de Terceiriza\u00e7\u00e3o de Publicidade, Contrato B\u00e1sico de Transa\u00e7\u00f5es Publicit\u00e1rias, Contrato de Consultoria, Contrato de Trabalho, Contrato de Consultoria, Contrato de Cess\u00e3o de Cr\u00e9ditos, Contrato de Cess\u00e3o de Garantia, Contrato de Transfer\u00eancia de Neg\u00f3cios, Contrato de Cess\u00e3o de Marca Registrada, Contrato B\u00e1sico de Recrutamento, Contrato de Alian\u00e7a de Capital e Neg\u00f3cios, Contrato de Responsabilidade Limitada, Contrato de Afilia\u00e7\u00e3o de Talentos, Contrato de Rescis\u00e3o, Contrato de Ag\u00eancia, Contrato de Cess\u00e3o de Direitos Autorais, Contrato de Investimento, Contrato B\u00e1sico de Compra, Contrato de Distribui\u00e7\u00e3o, Contrato de N\u00e3o Divulga\u00e7\u00e3o, Contrato de Franquia, Contrato Geral de Subscri\u00e7\u00e3o, Contrato de Gest\u00e3o, Contrato MEO, Contrato de Licen\u00e7a, Contrato de Terceiriza\u00e7\u00e3o de Trabalhadores, Contrato de Acordo de Liquida\u00e7\u00e3o.<\/p>\n\t<\/div>\n<\/section>\n<section class=\"purple-section\">\n\t<div class=\"anchor\" id=\"handling-more-than-3000-contracts-per-year-as-an-organization\"><\/div>\n\t<div class=\"section-inner\">\n\t\t<div class=\"flex\">\n\t\t\t<div class=\"width51\">\n\t\t\t\t<h3>Gerenciando Mais de 3.000 Contratos por Ano<\/h3>\n\t\t\t\t<p class=\"mgb-small\">O MONOLITH LAW OFFICE \u00e9 formado por uma equipe de 30 advogados, sob a lideran\u00e7a do nosso fundador, um ex-engenheiro de TI e executivo de neg\u00f3cios.<\/p>\n\t\t\t\t<p class=\"mgb-small\">Anualmente, nossa equipe elabora e revisa mais de 3.000 contratos, evidenciando nossa ampla experi\u00eancia e especializa\u00e7\u00e3o nessas quest\u00f5es.<\/p>\n\t\t\t\t<p>*Os gr\u00e1ficos s\u00e3o baseados em n\u00fameros estimados, e pode haver uma margem de at\u00e9 20%.<\/p>\n\t\t\t<\/div>\n\t\t\t<div class=\"width41\"><img decoding=\"async\" src=\"\/wp-content\/themes\/monolith_en\/img\/contractcreation\/contractcreation_pic1.png\" alt=\"Gerenciando mais de 2.000 contratos por ano como organiza\u00e7\u00e3o\"><\/div>\n\t\t<\/div>\n\t<\/div>\n<\/section>\n\n<section class=\"white-section\">\n\t<div id=\"IT\"><\/div>\n\t<div class=\"section-inner\">\n\t<div class=\"flex\">\n\t<div class=\"width41\"><img decoding=\"async\" src=\"\/wp-content\/themes\/monolith2021\/img\/pic\/pic_practices-itlaw.jpg\" alt=\"TI\" \/><\/div>\n\t<div class=\"width51\">\n\t\t<h3>TI<\/h3>\n\t\t<p class=\"mgb-middle\">\nO MONOLITH LAW OFFICE \u00e9 especializado em direito de TI e oferece suporte jur\u00eddico abrangente para diversas empresas do setor. Nossa expertise abarca desde a cria\u00e7\u00e3o de contratos envolvendo tecnologias de ponta at\u00e9 transa\u00e7\u00f5es de investimento e fus\u00f5es e aquisi\u00e7\u00f5es que envolvem startups. Com nossa ampla experi\u00eancia na elabora\u00e7\u00e3o de contratos, especialmente no campo de TI, estamos prontos para atender \u00e0s necessidades jur\u00eddicas distintas das empresas impulsionadas pela tecnologia.<\/p>\n\t\t<div class=\"btn-area align-left\">\n\t\t\t<div class=\"btn icon-it\"><a href=\"\/pt\/it\">TI<\/a><\/div>\n\t\t<\/div>\n\t<\/div>\n\t<\/div>\n\t<\/div>\n<\/section>\n\n<section class=\"white-section\">\n\t<div class=\"anchor\" id=\"extensive-experience-in-investment-contracts-etc\"><\/div>\n\t<div class=\"section-inner-black\">\n\t\t<h3>Ampla Experi\u00eancia em Acordos de Investimento, etc.<\/h3>\n\t\t<p class=\"mgb-middle\">Quanto \u00e0 emiss\u00e3o de a\u00e7\u00f5es por meio de aloca\u00e7\u00e3o a terceiros, no MONOLITH LAW OFFICE cuidamos de todas as etapas, desde a elabora\u00e7\u00e3o de term sheets at\u00e9 a reda\u00e7\u00e3o de acordos de investimento e acordos de acionistas. Tamb\u00e9m lidamos com o design de a\u00e7\u00f5es preferenciais, estipulando distribui\u00e7\u00e3o preferencial, emiss\u00e3o de direitos de aquisi\u00e7\u00e3o de a\u00e7\u00f5es, acordos entre fundadores, transfer\u00eancia de a\u00e7\u00f5es e diversas outras estrat\u00e9gias e contratos relacionados ao capital social.<\/p>\n\t<\/div>\n<\/section>\n\n<section class=\"orange-section mgt-section\">\n\t<div class=\"anchor\" id=\"examples-of-support-provided-by-our-firm\"><\/div>\n\t<div class=\"section-inner\">\n\t\t<h3 class=\"mgb-middle\">Casos administrados pelo MONOLITH LAW OFFICE<\/h3>\n\t\t<p class=\"mgb-middle\">O MONOLITH atuou como parceiro jur\u00eddico de empresas japonesas de tecnologia e startups, auxiliando em diversos tipos de contratos. Essa parceria incluiu contratos de terceiriza\u00e7\u00e3o de opera\u00e7\u00f5es, contratos de uso e ag\u00eancia para produtos da empresa, acordos de investimento e acordos entre acionistas relacionados ao capital social, al\u00e9m de contratos de trabalho relacionados \u00e0 empresa. Tamb\u00e9m desempenhamos o papel de advogados especializados em tecnologia para empresas comerciais no Jap\u00e3o, elaborando e revisando contratos para novos neg\u00f3cios relacionados \u00e0 tecnologia e contratos ligados a empresas de tecnologia.<\/p>\n\t\t<div class=\"white-base\">\n\t\t\t<ul>\n\t\t\t\t<li class=\"mgb-small\">\n\t\t\t\t\t<figure><img decoding=\"async\" alt=\"HAZAMA ANDO CORPORATION\" src=\"\/wp-content\/themes\/monolith2021\/img\/clients\/logo_andohazama.png\"><\/figure>\n\t\t\t\t\t<h4 class=\"mgt-small mgb-small\">HAZAMA ANDO CORPORATION<\/h4>\n\t\t\t\t\t<p>O nosso escrit\u00f3rio elaborou um contrato de tecnologia para esse cliente, um grande empreiteiro listado na Bolsa de Valores de T\u00f3quio Prime.<\/p>\n\t\t\t\t<\/li>\n\t\t\t\t<li class=\"mgb-small\">\n\t\t\t\t\t<figure><img decoding=\"async\" alt=\"Gftd Japan\" src=\"\/wp-content\/themes\/monolith2021\/img\/clients\/logo_gftd.png\"><\/figure>\n\t\t\t\t\t<h4 class=\"mgt-small mgb-small\">Gftd Japan<\/h4>\n\t\t\t\t\t<p>A Gftd Japan \u00e9 uma startup relacionada \u00e0 blockchain para a qual redigimos v\u00e1rios tipos de contratos, desde contratos relacionados aos neg\u00f3cios at\u00e9 contratos de trabalho.<\/p>\n\t\t\t\t<\/li>\n\t\t\t\t<li class=\"mgb-small\">\n\t\t\t\t\t<figure><img decoding=\"async\" alt=\"TOKIUM Inc.\" src=\"\/wp-content\/uploads\/2022\/04\/logo_tokium.png\"><\/figure>\n\t\t\t\t\t<h4 class=\"mgt-small mgb-small\">TOKIUM Inc.<\/h4>\n\t\t\t\t\t<p>A Tokium \u00e9 uma startup relacionada a fintech, para a qual redigimos contratos que v\u00e3o desde acordos de alian\u00e7a de capital e neg\u00f3cios at\u00e9 acordos relacionados aos neg\u00f3cios.<\/p>\n\t\t\t\t<\/li>\n\t\t\t\t<li class=\"mgb-small\">\n\t\t\t\t\t<figure><img decoding=\"async\" alt=\"MI-6 Ltd.\" src=\"\/wp-content\/themes\/monolith2021\/img\/clients\/logo_mi-6.png\"><\/figure>\n\t\t\t\t\t<h4 class=\"mgt-small mgb-small\">MI-6 Ltd.<\/h4>\n\t\t\t\t\t<p>Nossa firma preparou contratos de investimento, emiss\u00f5es de op\u00e7\u00f5es de a\u00e7\u00f5es do tipo J-KISS e contratos relacionados a pesquisas conjuntas.<\/p>\n\t\t\t\t<\/li>\n\t\t\t<\/ul><p class=\"mgb-small\">\n\t\t<p class=\"txt-s\">*Temos v\u00e1rios outros projetos em andamento, mas aqui est\u00e3o alguns clientes que autorizaram a divulga\u00e7\u00e3o de seu status. A confidencialidade dos nossos clientes sempre \u00e9 observada sob o nosso dever de confidencialidade.<\/p>\n\t<\/div><\/div>\n<\/section>\n\n<section class=\"purple2-section\">\n\t<div class=\"anchor\" id=\"monolith-law-magazine\"><\/div>\n\t<div class=\"section-inner\">\n\t\t    <section class=\"white-section temp-article\">\n        <div class=\"section-inner\">\n            <h4>MONOLITH LAW MAGAZINE<\/h4>\n            <div class=\"articles type_practice_column\">\n                                                                    <div class=\"article article-area\">\n                        <figure>\n                            <div class=\"img-wrap\">\n                                <img alt=\"Explica\u00e7\u00e3o das penalidades por viola\u00e7\u00e3o da nova lei de freelancers com base em tr\u00eas casos\" src=\"https:\/\/monolith.law\/pt\/wp-content\/uploads\/sites\/11\/2025\/08\/6d129f9213bc4489ca4b5e0a5df7378f.webp\" width=\"500\" height=\"250\">\n                            <\/div>\n                            <figcaption>\n                                <div class=\"figcaption-inner\">\n                                    <h3>Explica\u00e7\u00e3o das penalidades por viola\u00e7\u00e3o da nova lei de freelancers com base em t.<\/h3>\n                                <\/div>\n                            <\/figcaption>\n                            <a href=\"https:\/\/monolith.law\/pt\/general-corporate\/freelance-law-penalties\"><\/a>\n                        <\/figure>\n                    <\/div>\n                                                    <div class=\"article article-area\">\n                        <figure>\n                            <div class=\"img-wrap\">\n                                <img alt=\"O que \u00e9 a nova lei para freelancers? Explica\u00e7\u00e3o dos pontos de verifica\u00e7\u00e3o com base em um exemplo de contrato adaptado \u00e0 nova lei.\" src=\"https:\/\/monolith.law\/pt\/wp-content\/uploads\/sites\/11\/2025\/08\/873e76645ec995ae22ee695f1ecd9a55.webp\" width=\"500\" height=\"250\">\n                            <\/div>\n                            <figcaption>\n                                <div class=\"figcaption-inner\">\n                                    <h3>O que \u00e9 a nova lei para freelancers? Explica\u00e7\u00e3o dos pontos de verifica\u00e7\u00e3o com ba.<\/h3>\n                                <\/div>\n                            <\/figcaption>\n                            <a href=\"https:\/\/monolith.law\/pt\/general-corporate\/freelance-law-contract\"><\/a>\n                        <\/figure>\n                    <\/div>\n                                                    <div class=\"article article-area\">\n                        <figure>\n                            <div class=\"img-wrap\">\n                                <img alt=\"Pagamento de Pr\u00e9mios em Competi\u00e7\u00f5es de eSports e Riscos Legais\" src=\"https:\/\/monolith.law\/pt\/wp-content\/uploads\/sites\/11\/2025\/03\/ff5dcc24a31f318f2087b82847efc909-1024x538.jpg\" width=\"500\" height=\"250\">\n                            <\/div>\n                            <figcaption>\n                                <div class=\"figcaption-inner\">\n                                    <h3>Pagamento de Pr\u00e9mios em Competi\u00e7\u00f5es de eSports e Riscos Legais<\/h3>\n                                <\/div>\n                            <\/figcaption>\n                            <a href=\"https:\/\/monolith.law\/pt\/general-corporate\/e-sports-competitions-prize-money-legal-risks\"><\/a>\n                        <\/figure>\n                    <\/div>\n                                            <\/div>\n            <div class=\"btn-more\"><a href=\"https:\/\/monolith.law\/pt\/tag\/contract-drafting-and-review\">Ler mais<\/a><\/div>\n        <\/div>\n    <\/section>\n\t<\/div>\n<\/section>\n\n<section class=\"orange2-section\">\n\t<div id=\"fee-structure\"><\/div>\n\t<div class=\"section-inner\">\n\t<div class=\"planWrap\">\n\t<h3>Estrutura de<br>Honor\u00e1rios<\/h3>\n\t<ul class=\"plan\">\n\t\t<li class=\"txt-left\">\n\t\t\t<div class=\"plan-inner\">\n\t\t\t<div class=\"plan-header\">\n\t\t\t<h4 class=\"plan-title\">Valor\/Hora<\/h4>\n\t\t\t<div class=\"plan-price\"><span class=\"price-figure\">$300<\/span> por hora<span class=\"price-value\"><\/span><\/div>\n\t\t\t<\/div>\n\t\t\t<div class=\"plan-body\">Em determinadas situa\u00e7\u00f5es, podemos avaliar a possibilidade de assumir um litigio ou processo com uma taxa inicial e uma taxa contingente. Para obter mais detalhes, sinta-se \u00e0 vontade para entrar em contato conosco.<\/div>\n\t\t\t<\/div>\n\t\t<\/li>\n\t\t<li class=\"txt-left\">\n\t\t\t<div class=\"plan-inner\">\n\t\t\t<div class=\"plan-header\">\n\t\t\t<h4 class=\"plan-title\">Elabora\u00e7\u00e3o de Contratos<\/h4>\n\t\t\t<div class=\"plan-price\"><span class=\"price-value\">a partir de<\/span><span class=\"price-figure\">$500<\/span><span class=\"price-value\"> at\u00e9 $2,000 ou mais<\/span><\/div>\n\t\t\t<\/div>\n\t\t\t<div class=\"plan-body\">Os custos podem variar dependendo do tipo e quantidade de contratos. Ficar\u00edamos felizes em fornecer uma estimativa preliminar durante uma consulta. Por favor, n\u00e3o hesite em entrar em contato conosco para mais detalhes.<\/div>\n\t\t\t<\/div>\n\t\t<\/li>\n\t\t<li class=\"txt-left\">\n\t\t\t<div class=\"plan-inner\">\n\t\t\t<div class=\"plan-header\">\n\t\t\t<h4 class=\"plan-title\">Outros Servi\u00e7os<\/h4>\n\t\t\t<div class=\"plan-price\"><span class=\"price-figure\">Contacte-nos<\/span><\/div>\n\t\t\t<\/div>\n\t\t\t<div class=\"plan-body\">Disponibilizamos diversos servi\u00e7os, como abertura de empresas, an\u00e1lise de contratos, emiss\u00e3o de pareceres legais e revis\u00e3o de casos ou cartas de pesquisa. Caso tenha alguma d\u00favida ou quest\u00e3o, convidamos voc\u00ea a entrar em contato conosco. Nossa equipe especializada ter\u00e1 prazer em ajudar.<\/div>\n\t\t\t<\/div>\n\t\t<\/li>\n\t<\/ul>\n\t<\/div>\n\t<\/div>\n<\/section>\n\n<section class=\"white-section\">\n\t<div class=\"section-inner\">\n\t<div class=\"btn-area\">\n\t<div class=\"btn icon-contact\"><a href=\"\/pt\/contact\">Entre em Contato<\/a><\/div>\n\t<\/div>\n\t<\/div>\n<\/section>\n","protected":false},"excerpt":{"rendered":"<p>Elabora\u00e7\u00e3o e Revis\u00e3o de Contratos Como consultores jur\u00eddicos para empresas de TI e startups, e eventualmente como advogados especializados para corpora\u00e7\u00f5es, trabalhamos na elabora\u00e7\u00e3o e revis\u00e3o de uma  [&hellip;]<\/p>\n","protected":false},"author":1,"featured_media":57034,"parent":0,"menu_order":7,"comment_status":"closed","ping_status":"closed","template":"other-page-temp.php","meta":{"footnotes":""},"acf":[],"_links":{"self":[{"href":"https:\/\/monolith.law\/pt\/wp-json\/wp\/v2\/pages\/30628"}],"collection":[{"href":"https:\/\/monolith.law\/pt\/wp-json\/wp\/v2\/pages"}],"about":[{"href":"https:\/\/monolith.law\/pt\/wp-json\/wp\/v2\/types\/page"}],"author":[{"embeddable":true,"href":"https:\/\/monolith.law\/pt\/wp-json\/wp\/v2\/users\/1"}],"replies":[{"embeddable":true,"href":"https:\/\/monolith.law\/pt\/wp-json\/wp\/v2\/comments?post=30628"}],"version-history":[{"count":96,"href":"https:\/\/monolith.law\/pt\/wp-json\/wp\/v2\/pages\/30628\/revisions"}],"predecessor-version":[{"id":59964,"href":"https:\/\/monolith.law\/pt\/wp-json\/wp\/v2\/pages\/30628\/revisions\/59964"}],"wp:featuredmedia":[{"embeddable":true,"href":"https:\/\/monolith.law\/pt\/wp-json\/wp\/v2\/media\/57034"}],"wp:attachment":[{"href":"https:\/\/monolith.law\/pt\/wp-json\/wp\/v2\/media?parent=30628"}],"curies":[{"name":"wp","href":"https:\/\/api.w.org\/{rel}","templated":true}]}}