{"id":30684,"date":"2021-02-28T04:39:20","date_gmt":"2021-02-27T19:39:20","guid":{"rendered":"https:\/\/monolith.law\/?page_id=30684"},"modified":"2023-12-26T17:10:43","modified_gmt":"2023-12-26T08:10:43","slug":"id-of-the-defamatory-statement","status":"publish","type":"page","link":"https:\/\/monolith.law\/pt\/id-of-the-defamatory-statement","title":{"rendered":"Identifica\u00e7\u00e3o de Postagem Difamat\u00f3ria"},"content":{"rendered":"\n<section class=\"heading-area\">\n\t<div class=\"heading-area-inner\">\n\t\t<h2 class=\"icon-id-of-the-defamatory-statement\">Identifica\u00e7\u00e3o de Postagem Difamat\u00f3ria<\/h2>\n\t\t<p>Segundo a lei japonesa, se uma empresa ou indiv\u00edduo sofrer difama\u00e7\u00e3o ou viola\u00e7\u00e3o de privacidade por um usu\u00e1rio an\u00f4nimo na internet, \u00e9 poss\u00edvel identificar o autor an\u00f4nimo por meio de v\u00e1rios procedimentos legais facilitados pelo tribunal. Embora existam casos de difama\u00e7\u00e3o por usu\u00e1rios an\u00f4nimos no espa\u00e7o online japon\u00eas, \u00e9 vi\u00e1vel identificar o autor e buscar uma reivindica\u00e7\u00e3o de danos por meio de um advogado.<\/p>\n\t<\/div>\n<\/section>\n\n<section class=\"white-section\">\n\t<div class=\"section-inner pdt0 border-bottom-section\">\n\t\t<p class=\"mgb-small\">Se voc\u00ea foi alvo de difama\u00e7\u00e3o por um usu\u00e1rio an\u00f4nimo na internet e deseja buscar repara\u00e7\u00f5es, \u00e9 necess\u00e1rio primeiro identificar a identidade desse usu\u00e1rio. A lei japonesa oferece procedimentos legais para a identifica\u00e7\u00e3o de usu\u00e1rios an\u00f4nimos na internet.<\/p>\n\t\t<p>O MONOLITH LAW OFFICE \u00e9 um escrit\u00f3rio de advocacia japon\u00eas especializado em quest\u00f5es relacionadas \u00e0 internet. J\u00e1 atuamos na identifica\u00e7\u00e3o de autores de postagens difamat\u00f3rias a partir de solicita\u00e7\u00f5es de diversos clientes, incluindo empresas listadas, executivos proeminentes e indiv\u00edduos influentes. Com nossa ampla experi\u00eancia e hist\u00f3rico comprovado, estamos prontos para lidar com disputas no espa\u00e7o online japon\u00eas.<\/p>\n\t<\/div>\n<\/section>\n\n<section class=\"second-nav\">\n\t<div class=\"second-nav-inner\">\n\t\t<p>T\u00d3PICOS<\/p>\n\t\t<nav>\n\t\t\t<ul>\n\t\t\t\t<li><a href=\"#identification-of-the-defamatory-statement\">Identifica\u00e7\u00e3o de Postagem Difamat\u00f3ria<\/a><\/li>\n\t\t\t\t<li><a href=\"#examples-of-identifications-by-our-firm-target-sites\">Exemplos de identifica\u00e7\u00f5es realizadas pelo nosso escrit\u00f3rio: Sites Alvo<\/a><\/li>\n\t\t\t\t<li><a href=\"#examples-of-support-provided-by-our-firm\">Exemplos de suporte fornecido pelo nosso escrit\u00f3rio<\/a><\/li>\n\t\t\t\t<li><a href=\"#procedures-for-identifying-authors-under-japanese-law\">Procedimentos para Identificar Autores sob a Lei Japonesa<\/a><\/li>\n\t\t\t\t<li><a href=\"#publications-as-a-lawyer-specializing-in-mitigating-reputational-damage\">Publica\u00e7\u00f5es como Advogado Especializado em Mitiga\u00e7\u00e3o de Danos \u00e0 Reputa\u00e7\u00e3o<\/a><\/li>\n\t\t\t\t<li><a href=\"#monolith-law-magazine\">MONOLITH LAW MAGAZINE<\/a><\/li>\n\t\t\t\t<li><a href=\"#fee-structure\">Estrutura de Honor\u00e1rios<\/a><\/li>\n\t\t\t<\/ul>\n\t\t<\/nav>\n\t<\/div>\n<\/section>\n\n<section class=\"white-section\">\n\t<div class=\"anchor\" id=\"identification-of-the-defamatory-statement\"><\/div>\n\t<div class=\"section-inner\">\n\t\t<div class=\"flex\">\n\t\t\t<div class=\"width41\"><img decoding=\"async\" src=\"\/wp-content\/themes\/monolith2021\/img\/pic\/pic_reputation.jpg\" alt=\"Identifica\u00e7\u00e3o de Postagem Difamat\u00f3ria\"><\/div>\n\t\t\t<div class=\"width51\">\n\t\t\t\t<h3>Identifica\u00e7\u00e3o de Postagem Difamat\u00f3ria<\/h3>\n\t\t\t\t<p>Conforme a legisla\u00e7\u00e3o japonesa, \u00e9 poss\u00edvel tomar medidas legais para identificar indiv\u00edduos respons\u00e1veis por postagens ilegais, incluindo declara\u00e7\u00f5es difamat\u00f3rias, por meio de um processo judicial. Se a sua empresa for alvo de usu\u00e1rios an\u00f4nimos na internet que realizam ataques no espa\u00e7o online japon\u00eas, pode ser poss\u00edvel divulgar a identidade, incluindo nome e endere\u00e7o, do usu\u00e1rio an\u00f4nimo, consultando um advogado altamente especializado. Uma vez revelada a identidade, voc\u00ea ter\u00e1 a oportunidade de apresentar uma reclama\u00e7\u00e3o por danos contra o usu\u00e1rio da internet. \u00c9 crucial trabalhar com um advogado experiente que possa orient\u00e1-lo atrav\u00e9s do processo legal e proteger os interesses da sua empresa.<\/p>\n\t\t\t<\/div>\n\t\t<\/div>\n\t<\/div>\n<\/section>\n\n<section class=\"white-section mgb-section\">\n\t<div class=\"anchor\" id=\"examples-of-identifications-by-our-firm-target-sites\"><\/div>\n\t<div class=\"section-inner-black\">\n\t\t<h3 class=\"mgb-middle\">Exemplos de identifica\u00e7\u00f5es realizadas pela nossa firma: Sites Alvo<\/h3>\n\t\t<p class=\"mgb-middle\">OA MONOLITH LAW OFFICE possui um hist\u00f3rico e expertise na identifica\u00e7\u00e3o dos autores de postagens difamat\u00f3rias em diversos sites. Isso inclui casos de difama\u00e7\u00e3o, viola\u00e7\u00e3o de privacidade, infra\u00e7\u00e3o de direitos autorais e usurpa\u00e7\u00e3o de identidade. Com sucesso, auxiliamos clientes na identifica\u00e7\u00e3o dos autores por tr\u00e1s dessas postagens, utilizando nossa experi\u00eancia e conhecimento na \u00e1rea.<\/p>\n\t\t<p class=\"mgb-middle\">2channel, 5channel, Twitter, Facebook, Instagram, Google Maps (My Business), Yahoo! Finance, Food Log, avalia\u00e7\u00f5es de clientes na Amazon, Girls Channel, Bakusai, Mansion Community, Hostlove e v\u00e1rios outros sites de f\u00f3runs. Yahoo! Chiebukuro, resumo NAVER, pesquisa de n\u00fameros de telefone (jpnumber, etc.), Livedoor Blog, FC2 Blog, Ameba Blog, Hatena Blog, entre outros. Outros v\u00e1rios sites de blogs, YouTube, Nico Nico Douga, FC2 Video e outros sites de v\u00eddeos. MILKCAFE, openwork, Lighthouse (antiga Reputa\u00e7\u00e3o da Kaisha), outros sites de avalia\u00e7\u00e3o de empregos, e outros sites de dom\u00ednios originais.<\/p>\n\t<\/div>\n<\/section>\n\n<section class=\"purple-section\">\n\t<div class=\"anchor\" id=\"examples-of-support-provided-by-our-firm\"><\/div>\n\t<div class=\"section-inner\">\n\t\t<h3 class=\"mgb-middle\">Exemplos de suporte fornecido pelo nosso escrit\u00f3rio<\/h3>\n\t\t<ul class=\"layout-column4 mgb-big\">\n\t\t\t<li>\n\t\t\t\t<div><img decoding=\"async\" src=\"\/wp-content\/themes\/monolith2021\/img\/identificationofslander\/identificationofslander_support_pic1.jpg\" alt=\"Empresa listada na TSE\"><\/div>\n\t\t\t\t<h4>Empresa listada na TSE<\/h4>\n\t\t\t\t<p>Identificamos os autores por tr\u00e1s de postagens persistentes que espalhavam informa\u00e7\u00f5es falsas, como esc\u00e2ndalos internos, em plataformas como Yahoo! Finance e Google Reviews.<\/p>\n\t\t\t<\/li>\n\t\t\t<li>\n\t\t\t\t<div><img decoding=\"async\" src=\"\/wp-content\/themes\/monolith2021\/img\/identificationofslander\/identificationofslander_support_pic2.jpg\" alt=\"Executivo proeminente\"><\/div>\n\t\t\t\t<h4>Executivo proeminente<\/h4>\n\t\t\t\t<p>Realizamos a identifica\u00e7\u00e3o de autores para contas no Twitter que se envolviam em difama\u00e7\u00e3o, usurpa\u00e7\u00e3o de identidade e postagens depreciativas direcionadas a executivos individuais.<\/p>\n\t\t\t<\/li>\n\t\t\t<li>\n\t\t\t\t<div><img decoding=\"async\" src=\"\/wp-content\/themes\/monolith2021\/img\/systemdevelopment\/systemdevelopment_support_pic3.jpg\" alt=\"Empresas\"><\/div>\n\t\t\t\t<h4>Empresas<\/h4>\n\t\t\t\t<p>Conduzimos a identifica\u00e7\u00e3o de autores para postagens difamat\u00f3rias direcionadas a executivos espec\u00edficos em f\u00f3runs an\u00f4nimos como o 5channel e Google Reviews.<\/p>\n\t\t\t<\/li>\n\t\t\t<li>\n\t\t\t\t<div><img decoding=\"async\" src=\"\/wp-content\/themes\/monolith2021\/img\/identificationofslander\/identificationofslander_support_pic4.jpg\" alt=\"YouTuber proeminente\"><\/div>\n\t\t\t\t<h4>YouTuber proeminente<\/h4>\n\t\t\t\t<p>Auxiliamos na identifica\u00e7\u00e3o de autores em casos envolvendo vazamento de informa\u00e7\u00f5es pessoais e coment\u00e1rios difamat\u00f3rios feitos em v\u00eddeos de outros YouTubers, blogs pessoais e outras plataformas.<\/p>\n\t\t\t<\/li>\n\t\t<\/ul>\n\t\t<div class=\"frame2-white max-width860 txt-center-pc\">\n\t\t\t<p class=\"txt-l bold\">A identifica\u00e7\u00e3o de autores requer uma expertise altamente qualificada, abrangendo planejamento estrat\u00e9gico e tarefas operacionais espec\u00edficas.<\/p>\n\t\t<\/div>\n\t<\/div>\n<\/section>\n\n<section class=\"white-section\">\n\t<div class=\"anchor\" id=\"procedures-for-identifying-authors-under-japanese-law\"><\/div>\n\t<div class=\"section-inner pdb0\">\n\t\t<h3>Procedimentos para Identifica\u00e7\u00e3o de Autores segundo a Lei Japonesa<\/h3>\n\t\t<p class=\"mgb-middle\">No Jap\u00e3o, h\u00e1 diversos procedimentos legais dispon\u00edveis para identificar os autores de publica\u00e7\u00f5es difamat\u00f3rias online e combater a difama\u00e7\u00e3o cibern\u00e9tica. Como profissionais do direito, utilizamos esses procedimentos de maneira seletiva e combinada para alcan\u00e7ar a identifica\u00e7\u00e3o do autor. Embora seja desafiador fornecer uma explica\u00e7\u00e3o abrangente nesta p\u00e1gina devido \u00e0 natureza altamente especializada desses procedimentos, ofereceremos uma vis\u00e3o geral. <\/p>\n\t\t<ul class=\"layout-datalist\">\n\t\t\t<li>\n\t\t\t\t<h4>A: Pedido de Divulga\u00e7\u00e3o (Disposi\u00e7\u00e3o Provis\u00f3ria)<\/h4>\n\t\t\t\t<p>Essa medida provis\u00f3ria acelerada nos permite solicitar aos operadores de sites ou administradores de servidores de hospedagem a divulga\u00e7\u00e3o do endere\u00e7o IP do autor da postagem, sem recorrer a lit\u00edgios formais. No entanto, \u00e9 importante observar que alguns sites podem fornecer voluntariamente a divulga\u00e7\u00e3o do endere\u00e7o IP por meio de negocia\u00e7\u00f5es informais, sem a necessidade desse procedimento. Fazer a avalia\u00e7\u00e3o correta nesses casos demanda a experi\u00eancia e per\u00edcia de advogados especializados.<\/p>\n\t\t\t<\/li>\n\t\t\t<li>\n\t\t\t\t<h4>B: Proibi\u00e7\u00e3o de Exclus\u00e3o de Informa\u00e7\u00f5es<\/h4>\n\t\t\t\t<p>Ao analisar o endere\u00e7o IP divulgado obtido atrav\u00e9s do Procedimento A, \u00e9 poss\u00edvel identificar o provedor de servi\u00e7os de internet (ISP) utilizado pelo usu\u00e1rio an\u00f4nimo. No Procedimento C, \u00e9 crucial solicitar ao ISP que n\u00e3o exclua as informa\u00e7\u00f5es do remetente (dados de log relacionados \u00e0 conex\u00e3o de internet do usu\u00e1rio) para preservar as evid\u00eancias.<\/p>\n\t\t\t<\/li>\n\t\t\t<li>\n\t\t\t\t<h4>C: Pedido de Divulga\u00e7\u00e3o (A\u00e7\u00e3o Judicial)<\/h4>\n\t\t\t\t<p>Este procedimento consiste em processar o ISP identificado como r\u00e9u para buscar a divulga\u00e7\u00e3o do endere\u00e7o e nome do usu\u00e1rio an\u00f4nimo. No caso de sites onde o usu\u00e1rio an\u00f4nimo registrou um n\u00famero de telefone, este procedimento pode ser utilizado contra o operador do site para solicitar a divulga\u00e7\u00e3o desse n\u00famero de telefone. Medidas provis\u00f3rias r\u00e1pidas n\u00e3o podem ser utilizadas neste procedimento, sendo necess\u00e1rio um lit\u00edgio formal de acordo com os precedentes legais japoneses.<\/p>\n\t\t\t<\/li>\n\t\t\t<li>\n\t\t\t\t<h4>D: Ordem de Divulga\u00e7\u00e3o (Emenda de 2022)<\/h4>\n\t\t\t\t<p>Esse novo quadro legal introduzido combina os Procedimentos A, B e C em um \u00fanico processo, permitindo a implementa\u00e7\u00e3o de todas as etapas (A, B e C) em um prazo mais curto. Esse procedimento utiliza um mecanismo acelerado e \u00e9 atualmente considerado o princ\u00edpio geral para identifica\u00e7\u00e3o do autor. No entanto, existem exce\u00e7\u00f5es, como em sites onde apenas um n\u00famero de telefone \u00e9 registrado sem um endere\u00e7o IP, ou casos nos quais a divulga\u00e7\u00e3o do endere\u00e7o IP pode ser alcan\u00e7ada atrav\u00e9s de negocia\u00e7\u00f5es volunt\u00e1rias. A per\u00edcia e o know-how de profissionais do direito s\u00e3o essenciais para lidar com essas exce\u00e7\u00f5es.<\/p>\n\t\t\t<\/li>\n\t\t\t<li>\n\t\t\t\t<h4>E: Procedimento de Inqu\u00e9rito atrav\u00e9s da Ordem dos Advogados<\/h4>\n\t\t\t\t<p>Nos casos em que o n\u00famero de telefone do autor se torna conhecido durante os procedimentos mencionados, \u00e9 necess\u00e1rio solicitar a divulga\u00e7\u00e3o do endere\u00e7o ou nome da pessoa que utiliza esse n\u00famero de telefone junto \u00e0 operadora de telecomunica\u00e7\u00f5es. No Jap\u00e3o, as operadoras de telefonia m\u00f3vel t\u00eam a pr\u00e1tica de fornecer a divulga\u00e7\u00e3o de informa\u00e7\u00f5es quando um advogado faz uma consulta adequada atrav\u00e9s da sua ordem dos advogados afiliada.<\/p>\n\t\t\t<\/li>\n\t\t<\/ul>\n\t<\/div>\n<\/section>\n\n<section class=\"white-section\">\n\t<div class=\"section-inner\">\n\t\t<div class=\"frame2 max-width860 txt-center-pc\">\n\t\t\t<p class=\"bold txt-l\">Identificar os autores de publica\u00e7\u00f5es difamat\u00f3rias de acordo com a lei japonesa \u00e9, de fato, uma \u00e1rea altamente complexa e especializada. Se tiver alguma d\u00favida ou preocupa\u00e7\u00e3o, incluindo aspectos de viabilidade e custo, por favor, n\u00e3o hesite em entrar em contato conosco. Estamos aqui para ajud\u00e1-lo e fornecer a orienta\u00e7\u00e3o necess\u00e1ria. <\/p>\n\t\t<\/div>\n\t<\/div>\n<\/section>\n\n<section class=\"orange-section\">\n\t<div class=\"anchor\" id=\"publications-as-a-lawyer-specializing-in-mitigating-reputational-damage\"><\/div>\n\t<div class=\"section-inner\">\n\t\t<div class=\"flex\">\n\t\t\t<div class=\"width41\"><img decoding=\"async\" src=\"\/wp-content\/themes\/monolith2021\/img\/pic\/pic_publishing2.jpg\" alt=\"Publica\u00e7\u00f5es como Advogado Especializado em Mitiga\u00e7\u00e3o de Danos \u00e0 Reputa\u00e7\u00e3o\"><\/div>\n\t\t\t<div class=\"width51\">\n\t\t\t\t<h3>Publica\u00e7\u00f5es como Advogado Especializado em Mitiga\u00e7\u00e3o de Danos \u00e0 Reputa\u00e7\u00e3o<\/h3>\n\t\t\t\t<p class=\"mgb-small\">Colaborei na elabora\u00e7\u00e3o do livro &#8220;Precedentes Judiciais da Lei de Limita\u00e7\u00e3o de Responsabilidade dos Provedores&#8221;, uma compila\u00e7\u00e3o de decis\u00f5es judiciais sobre medidas para combater danos \u00e0 reputa\u00e7\u00e3o. Isso foi feito como parte do Grupo de Estudo Pr\u00e1tico sobre a Lei de Limita\u00e7\u00e3o de Responsabilidade dos Provedores, composto por advogados.<\/p>\n\t\t\t\t<p>Lancei o livro &#8220;Tatuagem Digital &#8211; Cal\u00fania na Internet e Arquivo de Casos de Danos \u00e0 Reputa\u00e7\u00e3o&#8221; pela editora Jiyuukokumin-sha, conhecida por publicar &#8220;Gendai Yogo no Kihonjitsu&#8221; (Conhecimento B\u00e1sico da Terminologia Moderna). Tamb\u00e9m tive a responsabilidade de escrever o roteiro para o drama de s\u00e1bado da NHK, intitulado &#8220;Tatuagem Digital&#8221;, inspirado nessa obra. <\/p>\n\t\t\t<\/div>\n\t\t<\/div>\n\t<\/div>\n<\/section>\n\n<section class=\"purple2-section\">\n\t<div class=\"anchor\" id=\"monolith-law-magazine\"><\/div>\n\t<div class=\"section-inner\">\n\t\t    <section class=\"white-section temp-article\">\n        <div class=\"section-inner\">\n            <h4>MONOLITH LAW MAGAZINE<\/h4>\n            <div class=\"articles type_practice_column\">\n                                                                    <div class=\"article article-area\">\n                        <figure>\n                            <div class=\"img-wrap\">\n                                <img alt=\"Como preservar evid\u00eancias de difama\u00e7\u00e3o no Instagram? Explica\u00e7\u00e3o de m\u00e9todos para salvar provas utiliz\u00e1veis em tribunal.\" src=\"https:\/\/monolith.law\/pt\/wp-content\/uploads\/sites\/11\/2025\/08\/b7a6d88c3f4a061d0c0c2cfa711ac604.webp\" width=\"500\" height=\"250\">\n                            <\/div>\n                            <figcaption>\n                                <div class=\"figcaption-inner\">\n                                    <h3>Como preservar evid\u00eancias de difama\u00e7\u00e3o no Instagram? Explica\u00e7\u00e3o de m\u00e9todos para .<\/h3>\n                                <\/div>\n                            <\/figcaption>\n                            <a href=\"https:\/\/monolith.law\/pt\/it\/instagram-preservation-evidence\"><\/a>\n                        <\/figure>\n                    <\/div>\n                                                    <div class=\"article article-area\">\n                        <figure>\n                            <div class=\"img-wrap\">\n                                <img alt=\"\u00c9 poss\u00edvel solicitar a divulga\u00e7\u00e3o de informa\u00e7\u00f5es no LINE? Explica\u00e7\u00e3o sobre a identifica\u00e7\u00e3o de indiv\u00edduos atrav\u00e9s da divulga\u00e7\u00e3o de informa\u00e7\u00f5es do remetente\" src=\"https:\/\/monolith.law\/pt\/wp-content\/uploads\/sites\/11\/2024\/11\/29578280_m.webp\" width=\"500\" height=\"250\">\n                            <\/div>\n                            <figcaption>\n                                <div class=\"figcaption-inner\">\n                                    <h3>\u00c9 poss\u00edvel solicitar a divulga\u00e7\u00e3o de informa\u00e7\u00f5es no LINE? Explica\u00e7\u00e3o sobre a ide.<\/h3>\n                                <\/div>\n                            <\/figcaption>\n                            <a href=\"https:\/\/monolith.law\/pt\/internet\/line-disclosure-request\"><\/a>\n                        <\/figure>\n                    <\/div>\n                                                    <div class=\"article article-area\">\n                        <figure>\n                            <div class=\"img-wrap\">\n                                <img alt=\"\u00c9 poss\u00edvel solicitar a divulga\u00e7\u00e3o de insultos e difama\u00e7\u00e3o em jogos online? Explica\u00e7\u00e3o do processo judicial para identificar a outra parte.\" src=\"https:\/\/monolith.law\/pt\/wp-content\/uploads\/sites\/11\/2024\/11\/onlinegame1.webp\" width=\"500\" height=\"250\">\n                            <\/div>\n                            <figcaption>\n                                <div class=\"figcaption-inner\">\n                                    <h3>\u00c9 poss\u00edvel solicitar a divulga\u00e7\u00e3o de insultos e difama\u00e7\u00e3o em jogos online? Expli.<\/h3>\n                                <\/div>\n                            <\/figcaption>\n                            <a href=\"https:\/\/monolith.law\/pt\/internet\/onlinegame-defamation\"><\/a>\n                        <\/figure>\n                    <\/div>\n                                            <\/div>\n            <div class=\"btn-more\"><a href=\"https:\/\/monolith.law\/pt\/tag\/id-of-the-defamatory-statement\">Ler mais<\/a><\/div>\n        <\/div>\n    <\/section>\n\t<\/div>\n<\/section>\n\n<section class=\"orange2-section\">\n\t<div class=\"anchor\" id=\"fee-structure\"><\/div>\n\t<div class=\"section-inner\">\n\t<div class=\"planWrap\">\n\t<h3>Estrutura de<br>Honor\u00e1rios<\/h3>\n\t<ul class=\"plan\">\n\t\t<li class=\"txt-left\">\n\t\t\t<div class=\"plan-inner\">\n\t\t\t<div class=\"plan-header\">\n\t\t\t<h4 class=\"plan-title\">Valor\/Hora<\/h4>\n\t\t\t<div class=\"plan-price\"><span class=\"price-figure\">$300<\/span> por hora <span class=\"price-tax\"><\/span><\/div>\n\t\t\t<\/div>\n\t\t\t<div class=\"plan-body\">Em determinadas situa\u00e7\u00f5es, podemos avaliar a possibilidade de assumir um litigio ou processo com uma taxa inicial e uma taxa contingente. Para obter mais detalhes, sinta-se \u00e0 vontade para entrar em contato conosco.<\/div>\n\t\t\t<\/div>\n\t\t<\/li>\n\t\t<li class=\"txt-left\">\n\t\t\t<div class=\"plan-inner\">\n\t\t\t<div class=\"plan-header\">\n\t\t\t<h4 class=\"plan-title\">Elabora\u00e7\u00e3o de Contratos<\/h4>\n\t\t\t<div class=\"plan-price\"><span class=\"price-value\">a partir de<\/span><span class=\"price-figure\">$500<\/span><span class=\"price-value\">at\u00e9 $2,000 ou mais<\/span><span class=\"price-tax\"><\/span><\/div>\n\t\t\t<\/div>\n\t\t\t<div class=\"plan-body\">Os custos podem variar dependendo do tipo e quantidade de contratos. Ficar\u00edamos felizes em fornecer uma estimativa preliminar durante uma consulta. Por favor, n\u00e3o hesite em entrar em contato conosco para mais detalhes.<\/div>\n\t\t\t<\/div>\n\t\t<\/li>\n\t\t<li class=\"txt-left\">\n\t\t\t<div class=\"plan-inner\">\n\t\t\t<div class=\"plan-header\">\n\t\t\t<h4 class=\"plan-title\">Outros Servi\u00e7os<\/h4>\n\t\t\t<div class=\"plan-price\"><span class=\"price-figure\">Contacte-nos<\/span><\/div>\n\t\t\t<\/div>\n\t\t\t<div class=\"plan-body\">Disponibilizamos diversos servi\u00e7os, como abertura de empresas, an\u00e1lise de contratos, emiss\u00e3o de pareceres legais e revis\u00e3o de casos ou cartas de pesquisa. Caso tenha alguma d\u00favida ou quest\u00e3o, convidamos voc\u00ea a entrar em contato conosco. Nossa equipe especializada ter\u00e1 prazer em ajudar.<\/div>\n\t\t\t<\/div>\n\t\t\t<\/div>\n\t\t<\/li>\n\t<\/ul>\n\t<\/div>\n\t<\/div>\n<\/section>\n\n<section class=\"white-section\">\n\t<div class=\"section-inner\">\n\t\t<div class=\"btn-area\">\n\t\t\t<div class=\"btn icon-contact\"><a href=\"\/pt\/contact\">Entre em Contato<\/a><\/div>\n\t\t<\/div>\n\t<\/div>\n<\/section>\n","protected":false},"excerpt":{"rendered":"<p>Identifica\u00e7\u00e3o de Postagem Difamat\u00f3ria Segundo a lei japonesa, se uma empresa ou indiv\u00edduo sofrer difama\u00e7\u00e3o ou viola\u00e7\u00e3o de privacidade por um usu\u00e1rio an\u00f4nimo na internet, \u00e9 poss\u00edvel identificar o autor [&hellip;]<\/p>\n","protected":false},"author":1,"featured_media":57174,"parent":0,"menu_order":7,"comment_status":"closed","ping_status":"closed","template":"other-page-temp.php","meta":{"footnotes":""},"acf":[],"_links":{"self":[{"href":"https:\/\/monolith.law\/pt\/wp-json\/wp\/v2\/pages\/30684"}],"collection":[{"href":"https:\/\/monolith.law\/pt\/wp-json\/wp\/v2\/pages"}],"about":[{"href":"https:\/\/monolith.law\/pt\/wp-json\/wp\/v2\/types\/page"}],"author":[{"embeddable":true,"href":"https:\/\/monolith.law\/pt\/wp-json\/wp\/v2\/users\/1"}],"replies":[{"embeddable":true,"href":"https:\/\/monolith.law\/pt\/wp-json\/wp\/v2\/comments?post=30684"}],"version-history":[{"count":28,"href":"https:\/\/monolith.law\/pt\/wp-json\/wp\/v2\/pages\/30684\/revisions"}],"predecessor-version":[{"id":59920,"href":"https:\/\/monolith.law\/pt\/wp-json\/wp\/v2\/pages\/30684\/revisions\/59920"}],"wp:featuredmedia":[{"embeddable":true,"href":"https:\/\/monolith.law\/pt\/wp-json\/wp\/v2\/media\/57174"}],"wp:attachment":[{"href":"https:\/\/monolith.law\/pt\/wp-json\/wp\/v2\/media?parent=30684"}],"curies":[{"name":"wp","href":"https:\/\/api.w.org\/{rel}","templated":true}]}}