{"id":31513,"date":"2021-04-13T15:59:32","date_gmt":"2021-04-13T06:59:32","guid":{"rendered":"https:\/\/monolith.law\/?page_id=31513"},"modified":"2023-12-26T17:04:26","modified_gmt":"2023-12-26T08:04:26","slug":"m-and-a-of-sns-accounts","status":"publish","type":"page","link":"https:\/\/monolith.law\/pt\/m-and-a-of-sns-accounts","title":{"rendered":"Fus\u00f5es e Aquisi\u00e7\u00f5es de Contas em Redes Sociais"},"content":{"rendered":"\n<section class=\"heading-area\">\n\t<div class=\"heading-area-inner\">\n\t\t<h2 class=\"icon-m-and-a-of-sns-accounts\">Fus\u00f5es e Aquisi\u00e7\u00f5es de Contas em Redes Sociais<\/h2>\n\t\t<p>Fus\u00f5es e aquisi\u00e7\u00f5es (M&#038;A) de canais no YouTube e perfis no Twitter s\u00e3o campos bem espec\u00edficos que pedem um conhecimento especializado. Como um escrit\u00f3rio de advocacia com especialistas em Tecnologia da Informa\u00e7\u00e3o, Internet e neg\u00f3cios, fornecemos suporte completo nessa \u00e1rea.<\/p>\n\t<\/div>\n<\/section>\n\n<section class=\"white-section\">\n\t<div class=\"section-inner pdt0 border-bottom-section\">\n\t\t<p>Assim como os sites, os canais no YouTube e as contas no Twitter tamb\u00e9m podem passar por fus\u00f5es e aquisi\u00e7\u00f5es (M&#038;A). No entanto, devido \u00e0 complexidade dessas transa\u00e7\u00f5es, \u00e9 crucial contar com um escrit\u00f3rio de advocacia que tenha conhecimento e experi\u00eancia especializados. O MONOLITH LAW OFFICE \u00e9 um escrit\u00f3rio de advocacia especializado em Tecnologia da Informa\u00e7\u00e3o, Internet e neg\u00f3cios. Nossos advogados lidam com todos os aspectos de diversas opera\u00e7\u00f5es de M&#038;A, desde pequenos projetos envolvendo canais no YouTube at\u00e9 neg\u00f3cios avaliados em mais de 100 milh\u00f5es de ienes, cobrindo desde a elabora\u00e7\u00e3o de contratos at\u00e9 a due diligence (DD).<\/p>\n\t<\/div>\n<\/section>\n\n<section class=\"second-nav\">\n\t<div class=\"second-nav-inner\">\n\t\t<p>T\u00d3PICOS<\/p>\n\t\t<nav>\n\t\t\t<ul>\n\t\t\t\t<li><a href=\"#an-example-of-ma-track-record\">Exemplos de M&#038;A<\/a><\/li>\n\t\t\t\t<li><a href=\"#ma-special-feature-on-sns-such-as-youtube\">Destaque especial de M&#038;A em redes sociais como o YouTube<\/a><\/li>\n\t\t\t\t<li><a href=\"#responding-to-legal-due-diligence-dd\">Due Diligence<\/a><\/li>\n\t\t\t\t<li><a href=\"#legal-due-diligence-dd-peculiarities-of-sns-etc\">Diferen\u00e7as da due diligence em redes sociais<\/a><\/li>\n\t\t\t\t<li><a href=\"#an-example-of-our-client\">Um modelo do nosso cliente<\/a><\/li>\n\t\t\t\t<li><a href=\"#book-writing-records\">Registros de publica\u00e7\u00f5es<\/a><\/li>\n\t\t\t\t<li><a href=\"#media-appearance-record\">Registros de apari\u00e7\u00f5es na m\u00eddia<\/a><\/li>\n\t\t\t\t<li><a href=\"#monolith-law-magazine\">MONOLITH LAW MAGAZINE<\/a><\/li>\n\t\t\t\t<li><a href=\"#fee-structure\">Estrutura de honor\u00e1rios<\/a><\/li>\n\t\t\t<\/ul>\n\t\t<\/nav>\n\t<\/div>\n<\/section>\n\n<section class=\"white-section\">\n\t<div class=\"anchor\" id=\"an-example-of-ma-track-record\"><\/div>\n\t<div class=\"section-inner\">\n\t\t<h3>Exemplos de M&#038;A<\/h3>\n\t\t<ul class=\"layout-column4\">\n\t\t\t<li>\n\t\t\t\t<div><img decoding=\"async\" src=\"\/wp-content\/themes\/monolith2021\/img\/practices-youtuberlaw\/practices-youtuberlaw_necessity_pic3.jpg\" alt=\"YouTube channel\"><\/div>\n\t\t\t\t<h4>Canal do YouTube<\/h4>\n\t\t\t\t<p>Possu\u00edmos um hist\u00f3rico em transa\u00e7\u00f5es de M&#038;A e due diligence que excedem 100 milh\u00f5es de ienes, como a transfer\u00eancia de canais de VTuber e anime no YouTube.<\/p>\n\t\t\t<\/li>\n\t\t\t<li>\n\t\t\t\t<div><img decoding=\"async\" src=\"\/wp-content\/themes\/monolith2021\/img\/snsmalaw\/snsmalaw_example_pic2.jpg\" alt=\"Conta do Twitter\"><\/div>\n\t\t\t\t<h4>Conta do Twitter<\/h4>\n\t\t\t\t<p>Gerimos um grande n\u00famero de contratos e due diligence relacionados \u00e0 transfer\u00eancia de contas do Twitter.<\/p>\n\t\t\t<\/li>\n\t\t\t<li>\n\t\t\t\t<div><img decoding=\"async\" src=\"\/wp-content\/themes\/monolith2021\/img\/snsmalaw\/snsmalaw_example_pic3.jpg\" alt=\"Conta do Instagram\"><\/div>\n\t\t\t\t<h4>Conta do Instagram<\/h4>\n\t\t\t\t<p>Damos suporte a transfer\u00eancia de contas do Instagram como parte da transfer\u00eancia de neg\u00f3cios de m\u00eddia pr\u00f3pria.<\/p>\n\t\t\t<\/li>\n\t\t\t<li>\n\t\t\t\t<div><img decoding=\"async\" src=\"\/wp-content\/themes\/monolith2021\/img\/snsmalaw\/snsmalaw_example_pic4.jpg\" alt=\"Outras redes sociais\"><\/div>\n\t\t\t\t<h4>Outras redes sociais<\/h4>\n\t\t\t\t<p>Tamb\u00e9m temos experi\u00eancia e conhecimento em rela\u00e7\u00e3o a outras redes sociais e servi\u00e7os web.<\/p>\n\t\t\t<\/li>\n\t\t<\/ul>\n\t<\/div>\n<\/section>\n\n<section class=\"white-section\">\n\t<div class=\"section-inner pdt0\">\n\t\t<div class=\"frame2 max-width860 txt-center-pc\">\n\t\t\t<p class=\"bold txt-l\">O MONOLITH LAW OFFICE \u00e9 um escrit\u00f3rio de advocacia especializado em TI, Internet e neg\u00f3cios.<br class=\"pcOnly\">Oferecemos servi\u00e7os jur\u00eddicos que v\u00e3o desde a elabora\u00e7\u00e3o de contratos at\u00e9 a due diligence (DD) para M&#038;As, incluindo canais do YouTube,<br class=\"pcOnly\"> desde pequenas negocia\u00e7\u00f5es at\u00e9 transa\u00e7\u00f5es que excedem 100 milh\u00f5es de ienes.<br class=\"pcOnly\"><\/p>\n\t\t<\/div>\n\t<\/div>\n<\/section>\n\n<section class=\"orange-section\">\n\t<div class=\"anchor\" id=\"ma-special-feature-on-sns-such-as-youtube\"><\/div>\n\t<div class=\"section-inner\">\n\t\t<h3>Caracter\u00edsticas Especiais de M&#038;A em Redes Sociais como o YouTube<\/h3>\n\t\t<ul class=\"layout-column4\">\n\t\t\t<li>\n\t\t\t\t<div><img decoding=\"async\" src=\"\/wp-content\/themes\/monolith2021\/img\/snsmalaw\/snsmalaw_specificity_pic1.jpg\" alt=\"Assuntos juridicos de TI\/Internet\"><\/div>\n\t\t\t\t<h4>Assuntos juridicos de TI\/Internet<\/h4>\n\t\t\t\t<p>Identificar os pontos legais cruciais da transa\u00e7\u00e3o pode ser desafiador sem a expertise de um escrit\u00f3rio de advocacia com ampla experi\u00eancia em Tecnologia da Informa\u00e7\u00e3o e Internet.<\/p>\n\t\t\t<\/li>\n\t\t\t<li>\n\t\t\t\t<div><img decoding=\"async\" src=\"\/wp-content\/themes\/monolith2021\/img\/snsmalaw\/snsmalaw_specificity_pic2.jpg\" alt=\"Direito de propriedade intelectual\"><\/div>\n\t\t\t\t<h4>Direito de propriedade intelectual<\/h4>\n\t\t\t\t<p>Conhecimento especializado em direitos de propriedade intelectual, como direitos autorais, \u00e9 necess\u00e1rio para lidar adequadamente com os direitos ao transferir contas de SNS.<\/p>\n\t\t\t<\/li>\n\t\t\t<li>\n\t\t\t\t<div><img decoding=\"async\" src=\"\/wp-content\/themes\/monolith2021\/img\/snsmalaw\/snsmalaw_specificity_pic3.jpg\" alt=\"Licenciamento, etc.\"><\/div>\n\t\t\t\t<h4>Licenciamento de PI<\/h4>\n\t\t\t\t<p>Entender as licen\u00e7as estabelecidas por terceiros \u00e9 essencial ao disseminar conte\u00fado em v\u00e1rios meios de comunica\u00e7\u00e3o, e fazer isso corretamente \u00e9 uma tarefa que exige grande nivel de especializa\u00e7\u00e3o.<\/p>\n\t\t\t<\/li>\n\t\t\t<li>\n\t\t\t\t<div><img decoding=\"async\" src=\"\/wp-content\/themes\/monolith2021\/img\/snsmalaw\/snsmalaw_specificity_pic4.jpg\" alt=\"Termos e Diretrizes\"><\/div>\n\t\t\t\t<h4>Termos<\/h4>\n\t\t\t\t<p>Por exemplo, o processo de Due Diligence (DD) para canais do YouTube exige conhecimento da terminologia e estar atualizado com as vers\u00f5es mais recentes de v\u00e1rias diretrizes.<\/p>\n\t\t\t<\/li>\n\t\t<\/ul>\n\t<\/div>\n<\/section>\n\n<section class=\"white-section\">\n\t<div class=\"anchor\" id=\"responding-to-legal-due-diligence-dd\"><\/div>\n\t<div class=\"section-inner\">\n\t\t<div class=\"flex reverse\">\n\t\t\t<div class=\"width41\"><img decoding=\"async\" src=\"\/wp-content\/themes\/monolith2021\/img\/pic\/pic_legalduediligence.jpg\" alt=\"due diligence (DD)\"><\/div>\n\t\t\t<div class=\"width51\">\n\t\t\t\t<h3>due diligence (DD)<\/h3>\n\t\t\t\t<p class=\"mgb-small\">A transfer\u00eancia de neg\u00f3cios envolvendo contas em redes sociais, como canais no YouTube e Twitter, e a transfer\u00eancia de a\u00e7\u00f5es de empresas que as possuem s\u00e3o acordos que, em alguns casos, demandam uma an\u00e1lise legal minuciosa, conhecida como due diligence (DD). Essa pr\u00e1tica \u00e9 necess\u00e1ria, assim como nas fus\u00f5es e aquisi\u00e7\u00f5es (M&#038;A) convencionais.<\/p>\n\t\t\t\t<p class=\"mgb-small\">Nosso escrit\u00f3rio, MONOLITH LAW OFFICE, tamb\u00e9m cuida da prepara\u00e7\u00e3o de due diligence (DD) e elabora relat\u00f3rios de DD para essas transa\u00e7\u00f5es de fus\u00f5es e aquisi\u00e7\u00f5es (M&#038;A) altamente especializadas.<\/p>\n\t\t\t\t<p class=\"txt-s\">*o elaborar um relat\u00f3rio de due diligence (DD), o tempo de trabalho do advogado geralmente \u00e9 de 30 horas ou mais (a taxa do advogado \u00e9 de 1 milh\u00e3o de ienes ou mais).<\/p>\n\t\t\t<\/div>\n\t\t<\/div>\n\t<\/div>\n<\/section>\n\n<section class=\"white-section\">\n\t<div class=\"anchor\" id=\"legal-due-diligence-dd-peculiarities-of-sns-etc\"><\/div>\n\t<div class=\"section-inner-black\">\n\t\t<h3><br class=\"spOnly\">Caracter\u00edsticas especiais da due diligence para SNS<\/h3>\n\t\t<p class=\"mgb-small\">Ao conduzir a due diligence (DD) para uma fus\u00e3o ou aquisi\u00e7\u00e3o (M&#038;A) de um canal no YouTube, \u00e9 crucial avaliar a legalidade dos v\u00eddeos publicados no canal, al\u00e9m de verificar sua conformidade com os termos de servi\u00e7o do YouTube e diversas diretrizes. Se quest\u00f5es surgirem nesses aspectos, os v\u00eddeos p\u00fablicos podem ser removidos e, no pior cen\u00e1rio, medidas como a suspens\u00e3o da conta podem ser aplicadas. Isso pode resultar em uma avalia\u00e7\u00e3o incorreta do valor do canal.<\/p>\n\t\t<p class=\"mgb-small\">Para lidar com isso, \u00e9 fundamental ter conhecimento jur\u00eddico em v\u00e1rias \u00e1reas, abrangendo direitos autorais de objetos e m\u00fasicas usados nos v\u00eddeos, direitos de imagem e privacidade relacionados \u00e0 apar\u00eancia das pessoas, al\u00e9m de regulamenta\u00e7\u00f5es publicit\u00e1rias que podem gerar complica\u00e7\u00f5es ao promover cosm\u00e9ticos e alimentos saud\u00e1veis. Compreender os termos de uso e diversas diretrizes \u00e9 crucial, assim como manter-se atualizado com as vers\u00f5es mais recentes.<\/p>\n\t\t<p class=\"mgb-middle\">Al\u00e9m disso, como os termos de uso e diretrizes s\u00e3o estabelecidos de forma volunt\u00e1ria, \u00e9 crucial contar com um escrit\u00f3rio de advocacia especializado nesse campo, como o MONOLITH LAW OFFICE.<\/p>\n\n\n\n\t<\/div>\n<\/section>\n\n<section class=\"white-section\">\n\t<div class=\"anchor\" id=\"an-example-of-our-client\"><\/div>\n\t<div class=\"section-inner\">\n\t\t<h3>Um modelo do nosso cliente<\/h3>\n\t\t<ul class=\"layout-column4 mgb-middle\">\n\t\t\t<li>\n\t\t\t\t<div><img decoding=\"async\" src=\"\/wp-content\/themes\/monolith2021\/img\/clients\/logo_zizai.png\" alt=\"ZIZAI\"><\/div>\n\t\t\t\t<h4><a href=\"https:\/\/zizai.co.jp\/\" target=\"_blank\" rel=\"noopener noreferrer\">ZIZAI Inc.<\/a><\/h4>\n\t\t\t\t<p>Gerimos um projeto para a ZIZAI Inc., que opera o VTuber\/virtual YouTuber Miraiakari e o canal de v\u00eddeos de treino de pachinko\/slot Sulopachi Station.<\/p>\n\t\t\t<\/li>\n\t\t\t<li>\n\t\t\t\t<div><img decoding=\"async\" src=\"\/wp-content\/themes\/monolith2021\/img\/clients\/logo_plott.png\" alt=\"Plott Inc.\"><\/div>\n\t\t\t\t<h4><a href=\"https:\/\/plott.tokyo\/\" target=\"_blank\" rel=\"noopener noreferrer\">Plott Inc.<\/a><\/h4>\n\t\t\t\t<p>Gerimos um projeto da Plott Co., Ltd., que administra canais de anime no YouTube como &#8220;Teikou Penguin&#8221;, &#8220;KAREKORE of MIXED BLOOD&#8221;, &#8220;Grim Reaper Flag Chan!&#8221; e &#8220;Yaruminati&#8221;.<\/p>\n\t\t\t<\/li>\n\t\t\t<li>\n\t\t\t\t<div><img decoding=\"async\" src=\"\/wp-content\/themes\/monolith2021\/img\/clients\/logo_algorithm.png\" alt=\"Algorithm\"><\/div>\n\t\t\t\t<h4><a href=\"https:\/\/algorithms.co.jp\/\" target=\"_blank\" rel=\"noopenerrnoreferrer noopener\">Algorithm Inc.<\/a><\/h4>\n\t\t\t\t<p>Gerimos um projeto para a Algorithm Inc., cuja atividade principal \u00e9 a aquisi\u00e7\u00e3o e ativa\u00e7\u00e3o de m\u00eddia afiliada, bem como a opera\u00e7\u00e3o de &#8220;feely&#8221; e &#8220;tabiyori&#8221;.<\/p>\n\t\t\t<\/li>\n\t\t\t<li>\n\t\t\t\t<div><img decoding=\"async\" src=\"\/wp-content\/themes\/monolith2021\/img\/clients\/logo_mediano.png\" alt=\"Mediano\"><\/div>\n\t\t\t\t<h4><a href=\"https:\/\/mediano-ltd.co.jp\/\" target=\"_blank\" rel=\"noopener noreferrer\">Mediano Co., Ltd.<\/a><\/h4>\n\t\t\t\t<p>Al\u00e9m de aplicativos para smartphones, gerimos um projeto para a Mediano Co., Ltd., cujo neg\u00f3cio principal s\u00e3o transa\u00e7\u00f5es de M&#038;A que realizam colabora\u00e7\u00f5es que aproveitam as for\u00e7as de ambas as partes e tamb\u00e9m adquirem conte\u00fado de m\u00eddia programado para transfer\u00eancia.<\/p>\n\t\t\t<\/li>\n\t\t<\/ul>\n\t\t<p class=\"txt-s\">*Temos v\u00e1rios outros projetos em andamento, mas aqui est\u00e3o alguns clientes que autorizaram a divulga\u00e7\u00e3o de seu status. A confidencialidade dos nossos clientes sempre \u00e9 observada sob o nosso dever de confidencialidade.<\/p>\n\t<\/div>\n<\/section>\n\n<section class=\"white-section\">\n\t<div class=\"section-inner\">\n\t\t<div class=\"frame2 max-width860 txt-center-pc\">\n\t\t\t<p class=\"bold txt-l mgb-small\">Publica\u00e7\u00e3o de obras em assuntos relacionados a YouTubers \/ VTubers<\/p>\n\t\t\t<p>As quest\u00f5es juridicas relacionadas a YouTubers\/VTubers formam um campo altamente especializado. Toki Kawase, nosso advogado fundador, tamb\u00e9m est\u00e1 envolvido em atividades de consultoria relacionadas a esses temas.<\/p>\n\t\t<\/div>\n\t<\/div>\n<\/section>\n<section class=\"orange-section\">\n\t<div class=\"anchor\" id=\"book-writing-records\"><\/div>\n\t<div class=\"section-inner\">\n\t\t<div class=\"flex reverse\">\n\t\t\t<div class=\"width41\"><img decoding=\"async\" src=\"\/wp-content\/uploads\/2022\/07\/it_law_book.jpg\" alt=\"Experi\u00eancia pregressa como advogado especializado em quest\u00f5es legais envolvendo redes sociais, como o YouTube.\"><\/div>\n\t\t\t<div class=\"width51\">\n\t\t\t\t<h3>Contribui\u00e7\u00f5es como advogado especializado em quest\u00f5es jur\u00eddicas de redes sociais, incluindo o YouTube.<\/h3>\n\t\t\t\t<p>O livro &#8220;Advogado de TI, Por Favor, Conte-nos Sobre as Leis e Termos do YouTube&#8221; (Shodensha, 30 de julho de 2022) foi lan\u00e7ado para esclarecer os regulamentos e termos associados ao YouTube, especialmente para iniciantes. Apresentado em um formato de perguntas e respostas, o livro aborda como criar diferentes tipos de contratos e pontos de verifica\u00e7\u00e3o para cada t\u00f3pico, desde contratos essenciais para fus\u00f5es e aquisi\u00e7\u00f5es (M&#038;A) at\u00e9 contratos de transfer\u00eancia de neg\u00f3cios.<\/p>\n\t\t\t<\/div>\n\t\t<\/div>\n\t<\/div>\n<\/section>\n<section class=\"white-section\">\n\t<div class=\"anchor\" id=\"media-appearance-record\"><\/div>\n\t<div class=\"section-inner\">\n\t\t<div class=\"flex\">\n\t\t\t<div class=\"width41\"><img decoding=\"async\" src=\"\/wp-content\/themes\/monolith2021\/img\/practices-youtuberlaw\/practices-youtuberlaw_pic2.jpg\"><\/div>\n\t\t\t<div class=\"width51\">\n\t\t\t\t<h3>Participa\u00e7\u00e3o especial no &#8220;ABEMA Prime&#8221;<\/h3>\n\t\t\t\t<p>No programa &#8220;ABEMA Prime&#8221;, transmitido em 16 de fevereiro e 20 de maio de 2022, nosso advogado representante discutiu quest\u00f5es jur\u00eddicas, como a privacidade dos VTubers e os influenciadores controversos que t\u00eam gerado pol\u00eamica na Internet.<\/p>\n\t\t\t<\/div>\n\t\t<\/div>\n\t<\/div>\n<\/section>\n\n<section class=\"purple2-section\">\n\t<div class=\"anchor\" id=\"monolith-law-magazine\"><\/div>\n\t<div class=\"section-inner\">\n\t\t    <section class=\"white-section temp-article\">\n        <div class=\"section-inner\">\n            <h4>MONOLITH LAW MAGAZINE<\/h4>\n            <div class=\"articles type_practice_column\">\n                                                                    <div class=\"article article-area\">\n                        <figure>\n                            <div class=\"img-wrap\">\n                                <img alt=\"Contrato para Afiliados de Ag\u00eancias de YouTubers Virtuais\/VTubers\" src=\"https:\/\/monolith.law\/pt\/wp-content\/uploads\/sites\/11\/2023\/10\/shutterstock_120938473-1024x768-1.jpg\" width=\"500\" height=\"250\">\n                            <\/div>\n                            <figcaption>\n                                <div class=\"figcaption-inner\">\n                                    <h3>Contrato para Afiliados de Ag\u00eancias de YouTubers Virtuais\/VTubers<\/h3>\n                                <\/div>\n                            <\/figcaption>\n                            <a href=\"https:\/\/monolith.law\/pt\/internet\/virtual-youtuber-office-contract\"><\/a>\n                        <\/figure>\n                    <\/div>\n                                                    <div class=\"article article-area\">\n                        <figure>\n                            <div class=\"img-wrap\">\n                                <img alt=\"Aquisi\u00e7\u00e3o e Transfer\u00eancia de Neg\u00f3cios de YouTubers Virtuais\u30fbVTubers\" src=\"https:\/\/monolith.law\/pt\/wp-content\/uploads\/sites\/11\/2023\/10\/youtuber-vtubervirtual-youtuber-ma-1.jpg\" width=\"500\" height=\"250\">\n                            <\/div>\n                            <figcaption>\n                                <div class=\"figcaption-inner\">\n                                    <h3>Aquisi\u00e7\u00e3o e Transfer\u00eancia de Neg\u00f3cios de YouTubers Virtuais\u30fbVTubers<\/h3>\n                                <\/div>\n                            <\/figcaption>\n                            <a href=\"https:\/\/monolith.law\/pt\/internet\/virtual-youtuber-ma\"><\/a>\n                        <\/figure>\n                    <\/div>\n                                                    <div class=\"article article-area\">\n                        <figure>\n                            <div class=\"img-wrap\">\n                                <img alt=\"Transfer\u00eancia de neg\u00f3cios de um YouTuber japon\u00eas e o contrato de gest\u00e3o ap\u00f3s a transfer\u00eancia\" src=\"https:\/\/monolith.law\/pt\/wp-content\/uploads\/sites\/11\/2023\/09\/youtuber-business-transfer-Management-contract-i.webp\" width=\"500\" height=\"250\">\n                            <\/div>\n                            <figcaption>\n                                <div class=\"figcaption-inner\">\n                                    <h3>Transfer\u00eancia de neg\u00f3cios de um YouTuber japon\u00eas e o contrato de gest\u00e3o ap\u00f3s a t.<\/h3>\n                                <\/div>\n                            <\/figcaption>\n                            <a href=\"https:\/\/monolith.law\/pt\/internet\/youtuber-business-transfer-management-contract\"><\/a>\n                        <\/figure>\n                    <\/div>\n                                            <\/div>\n            <div class=\"btn-more\"><a href=\"https:\/\/monolith.law\/pt\/tag\/m-and-a-of-sns-accounts\">Ler mais<\/a><\/div>\n        <\/div>\n    <\/section>\n\t<\/div>\n<\/section>\n\n<section class=\"orange2-section\">\n\t<div class=\"anchor\" id=\"fee-structure\"><\/div>\n\t<div class=\"section-inner\">\n\t<div class=\"planWrap\">\n\t<h3>Estrutura de<br>Honor\u00e1rios<\/h3>\n\t<ul class=\"plan\">\n\t\t<li class=\"txt-left\">\n\t\t\t<div class=\"plan-inner\">\n\t\t\t<div class=\"plan-header\">\n\t\t\t<h4 class=\"plan-title\">Valor\/Hora<\/h4>\n\t\t\t<div class=\"plan-price\"><span class=\"price-figure\">$300<\/span> por hora <span class=\"price-tax\"><\/span><\/div>\n\t\t\t<\/div>\n\t\t\t<div class=\"plan-body\">Em determinadas situa\u00e7\u00f5es, podemos avaliar a possibilidade de assumir um litigio ou processo com uma taxa inicial e uma taxa contingente. Para obter mais detalhes, sinta-se \u00e0 vontade para entrar em contato conosco.<\/div>\n\t\t\t<\/div>\n\t\t<\/li>\n\t\t<li class=\"txt-left\">\n\t\t\t<div class=\"plan-inner\">\n\t\t\t<div class=\"plan-header\">\n\t\t\t<h4 class=\"plan-title\">Elabora\u00e7\u00e3o de Contratos<\/h4>\n\t\t\t<div class=\"plan-price\"><span class=\"price-value\">a partir de<\/span><span class=\"price-figure\">$500<\/span><span class=\"price-value\">at\u00e9 $2,000 ou mais<\/span><span class=\"price-tax\"><\/span><\/div>\n\t\t\t<\/div>\n\t\t\t<div class=\"plan-body\">Os custos podem variar dependendo do tipo e quantidade de contratos. Ficar\u00edamos felizes em fornecer uma estimativa preliminar durante uma consulta. Por favor, n\u00e3o hesite em entrar em contato conosco para mais detalhes.<\/div>\n\t\t\t<\/div>\n\t\t<\/li>\n\t\t<li class=\"txt-left\">\n\t\t\t<div class=\"plan-inner\">\n\t\t\t<div class=\"plan-header\">\n\t\t\t<h4 class=\"plan-title\">Outros Servi\u00e7os<\/h4>\n\t\t\t<div class=\"plan-price\"><span class=\"price-figure\">Contacte-nos<\/span><\/div>\n\t\t\t<\/div>\n\t\t\t<div class=\"plan-body\">Disponibilizamos diversos servi\u00e7os, como abertura de empresas, an\u00e1lise de contratos, emiss\u00e3o de pareceres legais e revis\u00e3o de casos ou cartas de pesquisa. Caso tenha alguma d\u00favida ou quest\u00e3o, convidamos voc\u00ea a entrar em contato conosco. Nossa equipe especializada ter\u00e1 prazer em ajudar.<\/div>\n\t\t\t<\/div>\n\t\t\t<\/div>\n\t\t<\/li>\n\t<\/ul>\n\t<\/div>\n\t<\/div>\n<\/section>\n\n<section class=\"white-section\">\n\t<div class=\"section-inner\">\n\t\t<div class=\"btn-area\">\n\t\t\t<div class=\"btn icon-contact\"><a href=\"\/pt\/contact\">Entre em contato<\/a><\/div>\n\t\t<\/div>\n\t<\/div>\n<\/section>\n","protected":false},"excerpt":{"rendered":"<p>Fus\u00f5es e Aquisi\u00e7\u00f5es de Contas em Redes Sociais Fus\u00f5es e aquisi\u00e7\u00f5es (M&#038;A) de canais no YouTube e perfis no Twitter s\u00e3o campos bem espec\u00edficos que pedem um conhecimento especializado. Como um escri [&hellip;]<\/p>\n","protected":false},"author":1,"featured_media":57173,"parent":0,"menu_order":7,"comment_status":"closed","ping_status":"closed","template":"other-page-temp.php","meta":{"footnotes":""},"acf":[],"_links":{"self":[{"href":"https:\/\/monolith.law\/pt\/wp-json\/wp\/v2\/pages\/31513"}],"collection":[{"href":"https:\/\/monolith.law\/pt\/wp-json\/wp\/v2\/pages"}],"about":[{"href":"https:\/\/monolith.law\/pt\/wp-json\/wp\/v2\/types\/page"}],"author":[{"embeddable":true,"href":"https:\/\/monolith.law\/pt\/wp-json\/wp\/v2\/users\/1"}],"replies":[{"embeddable":true,"href":"https:\/\/monolith.law\/pt\/wp-json\/wp\/v2\/comments?post=31513"}],"version-history":[{"count":66,"href":"https:\/\/monolith.law\/pt\/wp-json\/wp\/v2\/pages\/31513\/revisions"}],"predecessor-version":[{"id":59914,"href":"https:\/\/monolith.law\/pt\/wp-json\/wp\/v2\/pages\/31513\/revisions\/59914"}],"wp:featuredmedia":[{"embeddable":true,"href":"https:\/\/monolith.law\/pt\/wp-json\/wp\/v2\/media\/57173"}],"wp:attachment":[{"href":"https:\/\/monolith.law\/pt\/wp-json\/wp\/v2\/media?parent=31513"}],"curies":[{"name":"wp","href":"https:\/\/api.w.org\/{rel}","templated":true}]}}