{"id":31896,"date":"2021-04-23T15:41:19","date_gmt":"2021-04-23T06:41:19","guid":{"rendered":"https:\/\/monolith.law\/?page_id=31896"},"modified":"2023-12-26T17:35:34","modified_gmt":"2023-12-26T08:35:34","slug":"cybercrime","status":"publish","type":"page","link":"https:\/\/monolith.law\/pt\/cybercrime","title":{"rendered":"Cybercrime"},"content":{"rendered":"\n<section class=\"heading-area\">\n\t<div class=\"heading-area-inner\">\n\t\t<h2 class=\"icon-cybercrime\">Cybercrime<\/h2>\n\t\t<p>A ciberseguran\u00e7a \u00e9 um desafio significativo na sociedade atual, e \u00e9 vital que as empresas ajam de maneira apropriada quando se tornam v\u00edtimas desse tipo de crime. Contando com uma equipe de advogados que combinam conhecimento jur\u00eddico e expertise em TI, juntamente com engenheiros de TI ativos e consultores especializados, nossa firma est\u00e1 preparada para oferecer orienta\u00e7\u00f5es precisas adaptadas \u00e0 situa\u00e7\u00e3o \u00fanica da empresa e auxiliar nos est\u00e1gios iniciais de procedimentos criminais.<\/p>\n\t<\/div>\n<\/section>\n\n<section class=\"white-section\">\n\t<div class=\"section-inner pdt0  border-bottom-section\">\n\t\t<p>Buscar o aux\u00edlio de especialistas bem versados nos procedimentos criminais japoneses \u00e9 uma abordagem eficaz para impulsionar uma investiga\u00e7\u00e3o e pris\u00e3o por parte da pol\u00edcia japonesa em casos de acesso n\u00e3o autorizado no Jap\u00e3o. Como uma firma de advocacia especializada em TI, oferecemos suporte jur\u00eddico a empresas que foram v\u00edtimas de cibercrimes, como acesso n\u00e3o autorizado e exfiltra\u00e7\u00e3o il\u00edcita de dados. Isso inclui aux\u00edlio na apresenta\u00e7\u00e3o de queixas criminais e na elabora\u00e7\u00e3o de relat\u00f3rios para iniciar a investiga\u00e7\u00e3o criminal.<\/p>\n\t<\/div>\n<\/section>\n\n<section class=\"second-nav\">\n\t<div class=\"second-nav-inner\">\n\t\t<p>T\u00d3PICOS<\/p>\n\t\t<nav>\n\t\t\t<ul>\n\t\t\t\t<li><a href=\"#specialized-expertise-in-cybersecurity\">Especializa\u00e7\u00e3o em Ciberseguran\u00e7a<\/a><\/li>\n\t\t\t\t<li><a href=\"#the-need-for-addressing-cybercrime\">A Necessidade de Abordar o Cybercrime<\/a><\/li>\n\t\t\t\t<li><a href=\"#the-challenges-of-criminal-prosecution-in-cybercrime-cases\">Os Desafios Envolvidos em Casos de Cybercrime<\/a><\/li>\n\t\t\t\t<li><a href=\"#synergy-of-lawyers-and-it-consultants\">Colabora\u00e7\u00e3o de Advogados e Consultores de TI<\/a><\/li>\n\t\t\t\t<li><a href=\"#monolith-law-magazine\">MONOLITH LAW MAGAZINE<\/a><\/li>\n\t\t\t\t<li><a href=\"#fee-structure\">Estrutura de Honor\u00e1rios<\/a><\/li>\n\t\t\t<\/ul>\n\t\t<\/nav>\n\t<\/div>\n<\/section>\n\n<section class=\"white-section\">\n\t<div class=\"anchor\" id=\"specialized-expertise-in-cybersecurity\"><\/div>\n\t<div class=\"section-inner pdb0\">\n\t\t<h3>Especializa\u00e7\u00e3o em Ciberseguran\u00e7a<\/h3>\n\t\t<div class=\"max-width980 mgb-small\"><img decoding=\"async\" src=\"\/wp-content\/themes\/monolith2021\/img\/dispute\/dispute_member.jpg\" alt=\"Especializa\u00e7\u00e3o em Ciberseguran\u00e7a\"><\/div>\n\t\t<div class=\"frame2 max-width860 txt-center-pc\">\n\t\t\t<p class=\"bold txt-l\">O MONOLITH LAW OFFICE se destaca na \u00e1rea do direito de TI, sendo liderada por um advogado representante com bagagem como ex-engenheiro de TI e executivo. Contamos com 30 advogados, incluindo Kenji Shinjo, ex-promotor do Minist\u00e9rio P\u00fablico de T\u00f3quio, al\u00e9m de uma equipe composta por 16 consultores de TI. Oferecemos solu\u00e7\u00f5es para resolver disputas complexas relacionadas \u00e0 ciberseguran\u00e7a, aproveitando o profundo conhecimento e experi\u00eancia de nossa equipe em direito de TI.<\/p>\n\t\t<\/div>\n\t<\/div>\n<\/section>\n\n<section class=\"orange-section mgt-section\">\n\t<div class=\"anchor\" id=\"the-need-for-addressing-cybercrime\"><\/div>\n\t<div class=\"section-inner\">\n\t\t<div class=\"flex\">\n\t\t\t<div class=\"width41\"><img decoding=\"async\" src=\"\/wp-content\/uploads\/2023\/05\/dispute_pic2.jpg\" alt=\"A Necessidade de Combater o Cybercrime\"><\/div>\n\t\t\t<div class=\"width51\">\n\t\t\t\t<h3>A Necessidade de Combater o Cybercrime<\/h3>\n\t\t\t\t<p class=\"mgb-small\">Na atualidade, o cibercrime se configura como uma amea\u00e7a crescentemente relevante. Diversos tipos de ciberataques, como acesso n\u00e3o autorizado, exfiltra\u00e7\u00e3o indevida de dados, e-mails spam, esquemas de phishing e ataques de malware, est\u00e3o em evid\u00eancia.<\/p>\n\t\t\t\t<p class=\"mgb-small\">Acesso n\u00e3o autorizado acontece quando algu\u00e9m invade um sistema de computador para roubar ou modificar informa\u00e7\u00f5es. Para empresas, isso pode resultar no roubo de dados confidenciais ou em perturba\u00e7\u00f5es no sistema que prejudicam a produtividade. J\u00e1 a exfiltra\u00e7\u00e3o il\u00edcita de dados envolve o vazamento de informa\u00e7\u00f5es sens\u00edveis da empresa para fontes externas. Isso pode acontecer quando funcion\u00e1rios, agindo como &#8220;insiders&#8221;, retiram informa\u00e7\u00f5es confidenciais, ou quando invasores externos obt\u00eam acesso n\u00e3o autorizado para roubar informa\u00e7\u00f5es.<\/p>\n\t\t\t\t<p>Esses ataques cibern\u00e9ticos n\u00e3o apenas prejudicam as empresas, causando viola\u00e7\u00f5es de dados e interrup\u00e7\u00f5es nas opera\u00e7\u00f5es comerciais, mas tamb\u00e9m minam a confian\u00e7a da sociedade na empresa ao expor informa\u00e7\u00f5es pessoais. \u00c9 vital adotar medidas legais para combater o cibercrime e proteger a seguran\u00e7a tanto das empresas quanto das pessoas.<\/p>\n\t\t\t<\/div>\n\t\t<\/div>\n\t<\/div>\n<\/section>\n\n<section class=\"white-section\">\n\t<div class=\"anchor\" id=\"the-challenges-of-criminal-prosecution-in-cybercrime-cases\"><\/div>\n\t<div class=\"section-inner\">\n\t\t<div class=\"flex reverse\">\n\t\t\t<div class=\"width41\"><img decoding=\"async\" src=\"\/wp-content\/uploads\/2023\/05\/dispute_pic2-1.jpg\" alt=\"Os Desafios Envolvidos em Casos de Cybercrime\"><\/div>\n\t\t\t<div class=\"width51\">\n\t\t\t\t<h3>Os Desafios Envolvidos em Casos de Cybercrime<\/h3>\n\t\t\t\t<p class=\"mgb-small\">Quando algu\u00e9m se torna v\u00edtima de cibercrime e relata o incidente \u00e0 pol\u00edcia, a expectativa comum \u00e9 que a pol\u00edcia conduza uma investiga\u00e7\u00e3o, identifique o respons\u00e1vel e siga com deten\u00e7\u00f5es e acusa\u00e7\u00f5es. Contudo, infelizmente, no Jap\u00e3o, especialmente em casos de crimes econ\u00f4micos que n\u00e3o envolvem amea\u00e7as \u00e0 vida ou ao bem-estar f\u00edsico, como \u00e9 comum em cibercrimes, os recursos investigativos da pol\u00edcia s\u00e3o praticamente limitados. Na pr\u00e1tica, sem que a v\u00edtima realize investiga\u00e7\u00f5es detalhadas e crie documenta\u00e7\u00e3o abrangente, como &#8220;relat\u00f3rios de incidentes&#8221;, torna-se desafiador instigar efetivamente investiga\u00e7\u00f5es policiais.<\/p>\n\t\t\t\t<p class=\"mgb-small\">A quantidade de documentos produzidos pelo nosso escrit\u00f3rio de advocacia, o MONOLITH LAW OFFICE, em um caso espec\u00edfico de cibercrime, visando efetuar a deten\u00e7\u00e3o e condena\u00e7\u00e3o do infrator, \u00e9 destacada na imagem \u00e0 direita. Mesmo ap\u00f3s registrar uma queixa criminal ou um relat\u00f3rio de v\u00edtima, \u00e9 necess\u00e1rio que a v\u00edtima continue a elaborar e apresentar diversos materiais detalhados conforme solicitado pela pol\u00edcia. Para agilizar as investiga\u00e7\u00f5es e deten\u00e7\u00f5es, \u00e9 preciso preparar e submeter uma quantidade significativa de documenta\u00e7\u00e3o.<\/p>\n\t\t\t\t<p>Apoiar as acusa\u00e7\u00f5es criminais de v\u00edtimas de cibercrime exige um escrit\u00f3rio de advocacia altamente especializado e com habilidades organizacionais, semelhantes aos grandes processos judiciais na \u00e1rea de TI e IA.<\/p>\n\t\t\t<\/div>\n\t\t<\/div>\n\t<\/div>\n<\/section>\n\n<section class=\"purple-section\">\n\t<div class=\"anchor\" id=\"synergy-of-lawyers-and-it-consultants\"><\/div>\n\t<div class=\"section-inner\">\n\t\t<div class=\"flex reverse\">\n\t\t\t<div class=\"width51\">\n\t\t\t\t<h3>Colabora\u00e7\u00e3o entre Advogados e Consultores de TI<\/h3>\n\t\t\t\t<p class=\"mgb-small\">Para relatar efetivamente \u00e0 pol\u00edcia a extens\u00e3o dos danos e fornecer informa\u00e7\u00f5es que levem aos respons\u00e1veis por cibercrimes, \u00e9 crucial ter uma combina\u00e7\u00e3o de conhecimentos avan\u00e7ados em TI e an\u00e1lise jur\u00eddica. Por exemplo, em casos de acesso n\u00e3o autorizado, \u00e9 necess\u00e1rio interpretar logs de plataformas como Apache, identificar acessos problem\u00e1ticos e avaliar suas implica\u00e7\u00f5es legais para explicar por que se qualificam como &#8220;n\u00e3o autorizado&#8221;. Essas descobertas precisam ser apresentadas de forma l\u00f3gica e coerente em um documento.<\/p>\n\t\t\t\t<p class=\"mgb-small\">Para conseguir isso, \u00e9 crucial ter conhecimentos especializados compar\u00e1veis aos de engenheiros de TI e expertise espec\u00edfica em leis de TI.<\/p>\n\t\t\t\t<p>O MONOLITH LAW OFFICE, nosso escrit\u00f3rio de advocacia, conta com 30 advogados, liderados por um advogado que \u00e9 ex-engenheiro de TI com experi\u00eancia em empresas online, al\u00e9m de uma equipe de 16 consultores de TI e 85 membros da equipe. Com essa estrutura organizacional, estamos em uma posi\u00e7\u00e3o \u00fanica para oferecer solu\u00e7\u00f5es abrangentes e integradas.<\/p>\n\t\t\t<\/div>\n\t\t\t<div class=\"width41\"><img decoding=\"async\" src=\"\/wp-content\/themes\/monolith_en\/img\/operationofofmedia\/operationofofmedia_pic5.svg\" alt=\"Sinergia entre Advogados e Consultores de TI\"><\/div>\n\t\t<\/div>\n\t<\/div>\n<\/section>\n\n<section class=\"purple2-section\">\n\t<div class=\"anchor\" id=\"monolith-law-magazine\"><\/div>\n\t<div class=\"section-inner\">\n\t\t    <section class=\"white-section temp-article\">\n        <div class=\"section-inner\">\n            <h4>MONOLITH LAW MAGAZINE<\/h4>\n            <div class=\"articles type_practice_column\">\n                                                                    <div class=\"article article-area\">\n                        <figure>\n                            <div class=\"img-wrap\">\n                                <img alt=\"Ser\u00e1 que as capturas de ecr\u00e3 constituem uma viola\u00e7\u00e3o de direitos de autor? Explica\u00e7\u00e3o sobre a identifica\u00e7\u00e3o de autores de publica\u00e7\u00f5es e m\u00e9todos de remo\u00e7\u00e3o\" src=\"https:\/\/monolith.law\/pt\/wp-content\/uploads\/sites\/11\/2024\/11\/30375485_m-1024x683-1.webp\" width=\"500\" height=\"250\">\n                            <\/div>\n                            <figcaption>\n                                <div class=\"figcaption-inner\">\n                                    <h3>Ser\u00e1 que as capturas de ecr\u00e3 constituem uma viola\u00e7\u00e3o de direitos de autor? Expli.<\/h3>\n                                <\/div>\n                            <\/figcaption>\n                            <a href=\"https:\/\/monolith.law\/pt\/it\/screenshots-copyright\"><\/a>\n                        <\/figure>\n                    <\/div>\n                                                    <div class=\"article article-area\">\n                        <figure>\n                            <div class=\"img-wrap\">\n                                <img alt=\"\u3010Not\u00edcia Urgente\u3011O n\u00famero de casos reconhecidos de acesso n\u00e3o autorizado triplicou em um ano no 5o ano da Era Reiwa (2023)\" src=\"https:\/\/monolith.law\/pt\/wp-content\/uploads\/sites\/11\/2024\/07\/Shutterstock_2236181323.webp\" width=\"500\" height=\"250\">\n                            <\/div>\n                            <figcaption>\n                                <div class=\"figcaption-inner\">\n                                    <h3>\u3010Not\u00edcia Urgente\u3011O n\u00famero de casos reconhecidos de acesso n\u00e3o autorizado triplic.<\/h3>\n                                <\/div>\n                            <\/figcaption>\n                            <a href=\"https:\/\/monolith.law\/pt\/it\/unauthorized-access-statistics-2023\"><\/a>\n                        <\/figure>\n                    <\/div>\n                                                    <div class=\"article article-area\">\n                        <figure>\n                            <div class=\"img-wrap\">\n                                <img alt=\"Um advogado explica as a\u00e7\u00f5es e exemplos proibidos pela 'Lei Japonesa de Proibi\u00e7\u00e3o de Acesso N\u00e3o Autorizado\" src=\"https:\/\/monolith.law\/pt\/wp-content\/uploads\/sites\/11\/2023\/11\/shutterstock_772039471-1024x683.jpg\" width=\"500\" height=\"250\">\n                            <\/div>\n                            <figcaption>\n                                <div class=\"figcaption-inner\">\n                                    <h3>Um advogado explica as a\u00e7\u00f5es e exemplos proibidos pela 'Lei Japonesa de Proibi\u00e7\u00e3.<\/h3>\n                                <\/div>\n                            <\/figcaption>\n                            <a href=\"https:\/\/monolith.law\/pt\/it\/injustice-access-law\"><\/a>\n                        <\/figure>\n                    <\/div>\n                                            <\/div>\n            <div class=\"btn-more\"><a href=\"https:\/\/monolith.law\/pt\/tag\/cybercrime\">Ler mais<\/a><\/div>\n        <\/div>\n    <\/section>\n\t<\/div>\n<\/section>\n\n<section class=\"orange2-section\">\n\t<div class=\"anchor\" id=\"fee-structure\"><\/div>\n\t<div class=\"section-inner\">\n\t<div class=\"planWrap\">\n\t<h3>Estrutura de<br>Honor\u00e1rios<\/h3>\n\t<ul class=\"plan\">\n\t\t<li class=\"txt-left\">\n\t\t\t<div class=\"plan-inner\">\n\t\t\t<div class=\"plan-header\">\n\t\t\t<h4 class=\"plan-title\">Valor\/Hora<\/h4>\n\t\t\t<div class=\"plan-price\"><span class=\"price-figure\">$300<\/span> por hora <span class=\"price-tax\"><\/span><\/div>\n\t\t\t<\/div>\n\t\t\t<div class=\"plan-body\">Em determinadas situa\u00e7\u00f5es, podemos avaliar a possibilidade de assumir um litigio ou processo com uma taxa inicial e uma taxa contingente. Para obter mais detalhes, sinta-se \u00e0 vontade para entrar em contato conosco.<\/div>\n\t\t\t<\/div>\n\t\t<\/li>\n\t\t<li class=\"txt-left\">\n\t\t\t<div class=\"plan-inner\">\n\t\t\t<div class=\"plan-header\">\n\t\t\t<h4 class=\"plan-title\">Elabora\u00e7\u00e3o de Contratos<\/h4>\n\t\t\t<div class=\"plan-price\"><span class=\"price-value\">a partir de<\/span><span class=\"price-figure\">$500<\/span><span class=\"price-value\"> at\u00e9 $2,000 ou mais<\/span><span class=\"price-tax\"><\/span><\/div>\n\t\t\t<\/div>\n\t\t\t<div class=\"plan-body\">Os custos podem variar dependendo do tipo e quantidade de contratos. Ficar\u00edamos felizes em fornecer uma estimativa preliminar durante uma consulta. Por favor, n\u00e3o hesite em entrar em contato conosco para mais detalhes.<\/div>\n\t\t\t<\/div>\n\t\t<\/li>\n\t\t<li class=\"txt-left\">\n\t\t\t<div class=\"plan-inner\">\n\t\t\t<div class=\"plan-header\">\n\t\t\t<h4 class=\"plan-title\">Outros Servi\u00e7os<\/h4>\n\t\t\t<div class=\"plan-price\"><span class=\"price-figure\">Contacte-nos<\/span><\/div>\n\t\t\t<\/div>\n\t\t\t<div class=\"plan-body\">Disponibilizamos diversos servi\u00e7os, como abertura de empresas, an\u00e1lise de contratos, emiss\u00e3o de pareceres legais e revis\u00e3o de casos ou cartas de pesquisa. Caso tenha alguma d\u00favida ou quest\u00e3o, convidamos voc\u00ea a entrar em contato conosco. Nossa equipe especializada ter\u00e1 prazer em ajudar.<\/div>\n\t\t\t<\/div>\n\t\t\t<\/div>\n\t\t<\/li>\n\t<\/ul>\n\t<\/div>\n\t<\/div>\n<\/section>\n\n<section class=\"white-section\">\n\t<div class=\"section-inner\">\n\t\t<div class=\"btn-area\">\n\t\t\t<div class=\"btn icon-contact\"><a href=\"\/pt\/contact\">Entre em Contato<\/a><\/div>\n\t\t<\/div>\n\t<\/div>\n<\/section>\n","protected":false},"excerpt":{"rendered":"<p>Cybercrime A ciberseguran\u00e7a \u00e9 um desafio significativo na sociedade atual, e \u00e9 vital que as empresas ajam de maneira apropriada quando se tornam v\u00edtimas desse tipo de crime. Contando com uma equipe de [&hellip;]<\/p>\n","protected":false},"author":1,"featured_media":57158,"parent":0,"menu_order":7,"comment_status":"closed","ping_status":"closed","template":"other-page-temp.php","meta":{"footnotes":""},"acf":[],"_links":{"self":[{"href":"https:\/\/monolith.law\/pt\/wp-json\/wp\/v2\/pages\/31896"}],"collection":[{"href":"https:\/\/monolith.law\/pt\/wp-json\/wp\/v2\/pages"}],"about":[{"href":"https:\/\/monolith.law\/pt\/wp-json\/wp\/v2\/types\/page"}],"author":[{"embeddable":true,"href":"https:\/\/monolith.law\/pt\/wp-json\/wp\/v2\/users\/1"}],"replies":[{"embeddable":true,"href":"https:\/\/monolith.law\/pt\/wp-json\/wp\/v2\/comments?post=31896"}],"version-history":[{"count":21,"href":"https:\/\/monolith.law\/pt\/wp-json\/wp\/v2\/pages\/31896\/revisions"}],"predecessor-version":[{"id":59939,"href":"https:\/\/monolith.law\/pt\/wp-json\/wp\/v2\/pages\/31896\/revisions\/59939"}],"wp:featuredmedia":[{"embeddable":true,"href":"https:\/\/monolith.law\/pt\/wp-json\/wp\/v2\/media\/57158"}],"wp:attachment":[{"href":"https:\/\/monolith.law\/pt\/wp-json\/wp\/v2\/media?parent=31896"}],"curies":[{"name":"wp","href":"https:\/\/api.w.org\/{rel}","templated":true}]}}