{"id":32193,"date":"2021-05-10T15:23:51","date_gmt":"2021-05-10T06:23:51","guid":{"rendered":"https:\/\/monolith.law\/?page_id=32193"},"modified":"2023-12-26T18:35:40","modified_gmt":"2023-12-26T09:35:40","slug":"terms-of-use","status":"publish","type":"page","link":"https:\/\/monolith.law\/pt\/terms-of-use","title":{"rendered":"Termos de Uso"},"content":{"rendered":"\n<section class=\"heading-area\">\n\t<div class=\"heading-area-inner\">\n\t\t<h2 class=\"icon-terms-of-use\">Termos de Uso<\/h2>\n\t\t<p>O MONOLITH LAW OFFICE cuida da elabora\u00e7\u00e3o e revis\u00e3o de termos de uso e pol\u00edticas de privacidade para v\u00e1rios aplicativos, servi\u00e7os e jogos no Jap\u00e3o. Al\u00e9m disso, podemos analisar os requisitos para o desenvolvimento do aplicativo relevante, estruturas do Adobe XD, p\u00e1ginas de destino (LPs), materiais de vendas para potenciais clientes e outros documentos e dados j\u00e1 existentes.<\/p>\n\t<\/div>\n<\/section>\n\n<section class=\"white-section\">\n\t<div class=\"section-inner pdt0  border-bottom-section\">\n\t\t<p class=\"mgb-small\">No MONOLITH LAW OFFICE, cuidamos da cria\u00e7\u00e3o, adapta\u00e7\u00e3o e revis\u00e3o de diversos termos e condi\u00e7\u00f5es, pol\u00edticas de privacidade e outros acordos necess\u00e1rios, garantindo total conformidade com as leis e regulamentos do Jap\u00e3o. Nossa especialidade est\u00e1 em fornecer suporte jur\u00eddico espec\u00edfico para aplicativos, servi\u00e7os, jogos e outras plataformas digitais.<\/p>\n\t\t<p class=\"mgb-small\">Podemos colaborar utilizando seus materiais e dados j\u00e1 existentes, tais como defini\u00e7\u00f5es de requisitos, frameworks desenvolvidos no Adobe XD, p\u00e1ginas de destino e materiais de vendas direcionados a potenciais clientes. Nossa equipe possui a capacidade de compreender e analisar esses materiais, assegurando total conformidade legal e oferecendo insights valiosos.<\/p>\n\t\t<p>Fique \u00e0 vontade para entrar em contato conosco para obter ajuda na cria\u00e7\u00e3o ou atualiza\u00e7\u00e3o de seus termos e condi\u00e7\u00f5es, pol\u00edticas de privacidade ou quaisquer outros documentos legais necess\u00e1rios para a opera\u00e7\u00e3o e lan\u00e7amento do seu aplicativo ou servi\u00e7o digital. Estamos aqui para auxiliar!<\/p>\n\t<\/div>\n<\/section>\n\n<section class=\"second-nav\">\n\t<div class=\"second-nav-inner\">\n\t\t<p>T\u00d3PICOS<\/p>\n\t\t<nav>\n\t\t\t<ul>\n\t\t\t\t<li><a href=\"#apps-web-services-and-digital-platforms\">Aplicativos, Servi\u00e7os Web e Plataformas Digitais<\/a><\/li>\n\t\t\t\t<li><a href=\"#games\">Jogos<\/a><\/li>\n\t\t\t\t<li><a href=\"#publication-of-books-on-legal-matters-related-to-it\">Publica\u00e7\u00e3o de Livros sobre Assuntos Jur\u00eddicos Relacionados a IT<\/a><\/li>\n\t\t\t\t<li><a href=\"#crypto-asset-and-blockchain\">Criptoativo e Blockchain<\/a><\/li>\n\t\t\t\t<li><a href=\"#medical-Apps-etc\">Aplicativos M\u00e9dicos, etc.<\/a><\/li>\n\t\t\t\t<li><a href=\"#drafting-with-minimal-operating-time\">Elabora\u00e7\u00e3o com Tempo Operacional M\u00ednimo<\/a><\/li>\n\t\t\t\t<li><a href=\"#some-examples-of-our-clients-and-the-products\">Casos administrados pelo MONOLITH<\/a><\/li>\n\t\t\t\t<li><a href=\"#monolith-law-magazine\">MONOLITH LAW MAGAZINE<\/a><\/li>\n\t\t\t\t<li><a href=\"#fee-structure\">Estrutura de Honor\u00e1rios<\/a><\/li>\n\t\t\t<\/ul>\n\t\t<\/nav>\n\t<\/div>\n<\/section>\n\n<section class=\"white-section mgt-section mgb-section80\">\n\t<div class=\"anchor\" id=\"apps-web-services-and-digital-platforms\"><\/div>\n\t<div class=\"section-inner-black\">\n\t\t<h3>Aplicativos, Servi\u00e7os Web e Plataformas Digitais<\/h3>\n\t\t<p class=\"mgb-middle\">Contamos com ampla experi\u00eancia na elabora\u00e7\u00e3o e ajuste de termos e condi\u00e7\u00f5es, pol\u00edticas de privacidade e demais documentos legais associados a aplicativos, servi\u00e7os web e plataformas digitais. Al\u00e9m disso, fornecemos servi\u00e7os de consultoria para garantir a opera\u00e7\u00e3o legal de servi\u00e7os web e aplicativos em conformidade com as regulamenta\u00e7\u00f5es aplic\u00e1veis. Estamos aqui para apoiar o seu neg\u00f3cio digital de forma segura e eficaz.<\/p>\n\t\t<h4 class=\"mgb-small\">Aqui est\u00e3o alguns exemplos das nossas contribui\u00e7\u00f5es<\/h4>\n\t\t<p class=\"mgb-middle\">Oferecemos uma ampla gama de servi\u00e7os, incluindo distribui\u00e7\u00e3o de trilhas sonoras e efeitos sonoros, aplicativos de m\u00fasica ambiente, solu\u00e7\u00f5es de reconhecimento de voz para neg\u00f3cios (SaaS), plataformas de com\u00e9rcio eletr\u00f4nico direto ao consumidor, integra\u00e7\u00e3o de dados entre plataformas SaaS, servi\u00e7os para fornecedores SaaS, plataformas para artistas, ferramentas de suporte a vendas, aplicativos de gest\u00e3o financeira pessoal, servi\u00e7os web e plataformas de busca de empregos, solu\u00e7\u00f5es baseadas na nuvem para gest\u00e3o de despesas e presen\u00e7as, reembolso de despesas de viagem, venda de suplementos, redes sociais relacionadas \u00e0 pol\u00edtica, aplicativos de despacho de t\u00e1xis, terceiriza\u00e7\u00e3o de an\u00e1lise de dados, redes sociais baseadas em v\u00eddeo, plataformas de redes sociais para neg\u00f3cios, sites de correspond\u00eancia empresarial, marca\u00e7\u00e3o de consultas em hospitais, escolas de programa\u00e7\u00e3o, redes sociais baseadas em blockchain, publicidade em blockchain, servi\u00e7os de refer\u00eancia, concierge de viagens, confirma\u00e7\u00e3o de seguran\u00e7a, sistemas de informa\u00e7\u00f5es m\u00e9dicas, bolsas de criptomoedas internacionais, bancos de dados de cl\u00ednicas ortod\u00f4nticas, apoio a pessoas com defici\u00eancia, recrutamento de rec\u00e9m-graduados, gest\u00e3o e treinamento de funcion\u00e1rios, websites oficiais de venda de carros importados, estilo de vida e apoio a startups, al\u00e9m de verifica\u00e7\u00e3o anti-social.<\/p>\n\t<\/div>\n<\/section>\n\n<section class=\"white-section mgt-section mgb-section\">\n\t<div class=\"anchor\" id=\"games\"><\/div>\n\t<div class=\"section-inner-black\">\n\t\t<h3>Jogos<\/h3>\n\t\t<p class=\"mgb-small\">Temos ampla experi\u00eancia na reda\u00e7\u00e3o de termos de uso para uma variedade de jogos, desde aqueles destinados a consoles at\u00e9 jogos para dispositivos m\u00f3veis. Entendemos as implica\u00e7\u00f5es legais e os requisitos associados \u00e0 opera\u00e7\u00e3o de jogos, abrangendo \u00e1reas como a lei de direitos autorais, a lei de promo\u00e7\u00e3o de pr\u00eamios, a lei de servi\u00e7os de pagamento, a lei de contratos de consumo, a lei de transa\u00e7\u00f5es comerciais espec\u00edficas e a lei de neg\u00f3cios de telecomunica\u00e7\u00f5es. Podemos ajudar na elabora\u00e7\u00e3o de termos de uso abrangentes, garantindo conformidade com as regulamenta\u00e7\u00f5es aplic\u00e1veis.<\/p>\n\t\t<p class=\"mgb-small\">Al\u00e9m disso, n\u00e3o nos limitamos \u00e0 reda\u00e7\u00e3o inicial dos termos de uso. Proporcionamos consultoria sobre a implementa\u00e7\u00e3o legal de eventos e outras atividades relacionadas \u00e0 opera\u00e7\u00e3o de jogos. Nossa equipe compreende os aspectos legais dos eventos de jogos e pode oferecer orienta\u00e7\u00f5es para garantir a conformidade com as leis e regulamentos vigentes.<\/p>\n\t\t<p class=\"mgb-middle\">Se voc\u00ea \u00e9 um desenvolvedor de jogos ou uma empresa atuante na opera\u00e7\u00e3o de jogos, estamos prontos para oferecer suporte jur\u00eddico personalizado para atender \u00e0s suas necessidades espec\u00edficas na ind\u00fastria de jogos.<\/p>\n\t<\/div>\n<\/section>\n\n<section class=\"purple-section\">\n\t<div class=\"anchor\" id=\"publication-of-books-on-legal-matters-related-to-it\"><\/div>\n\t<div class=\"section-inner\">\n\t\t<div class=\"flex reverse\">\n\t\t\t<div class=\"width41\"><img decoding=\"async\" src=\"\/wp-content\/themes\/monolith2021\/img\/pic\/pic_publishing.jpg\" alt=\"Publica\u00e7\u00e3o de Livros sobre Quest\u00f5es Jur\u00eddicas Relacionadas \u00e0 TI\"><\/div>\n\t\t\t<div class=\"width51\">\n\t\t\t\t<h3>Publica\u00e7\u00e3o de Livros sobre Quest\u00f5es Jur\u00eddicas Relacionadas \u00e0 TI<\/h3>\n\t\t\t\t<p>Como um escrit\u00f3rio de advocacia especializado em desenvolvimento de sistemas e quest\u00f5es jur\u00eddicas relacionadas \u00e0 tecnologia, incluindo a elabora\u00e7\u00e3o de termos de servi\u00e7o, servi\u00e7os web, aplicativos e quest\u00f5es relacionadas a jogos, o MONOLITH LAW OFFICE lan\u00e7ou um livro chamado &#8220;Perguntas e Respostas de Direito Descomplicado para Engenheiros de TI&#8221;. O livro, escrito por um ex-engenheiro que se tornou advogado, tem como p\u00fablico principal os engenheiros de TI. Ele oferece explica\u00e7\u00f5es de conhecimentos jur\u00eddicos especialmente adaptadas \u00e0s suas necessidades, abordando temas como a cria\u00e7\u00e3o de termos de servi\u00e7o. O objetivo do livro \u00e9 apresentar de forma acess\u00edvel os conceitos jur\u00eddicos e auxiliar os engenheiros de TI na compreens\u00e3o dos aspectos legais de seu trabalho.<\/p>\n\t\t\t<\/div>\n\t\t<\/div>\n\t<\/div>\n<\/section>\n\n<section class=\"white-section\">\n\t<div class=\"anchor\" id=\"crypto-asset-and-blockchain\"><\/div>\n\t<div class=\"section-inner\">\n\t\t<div class=\"flex\">\n\t\t\t<div class=\"width41\"><img decoding=\"async\" src=\"\/wp-content\/uploads\/2022\/07\/shutterstock_1151380622_2.png\" alt=\"Criptoativos e Blockchain\"><\/div>\n\t\t\t<div class=\"width51\">\n\t\t\t\t<h3>Criptoativos e Blockchain<\/h3>\n\t\t\t\t<p>O MONOLITH LAW OFFICE tem se dedicado ativamente a quest\u00f5es jur\u00eddicas envolvendo criptoativos e tecnologia blockchain desde o in\u00edcio em 2017. Estamos bem preparados para lidar com aspectos legais relacionados a jogos baseados em blockchain. Com nossa expertise em TI e assuntos jur\u00eddicos relacionados a jogos, oferecemos suporte abrangente para ajudar na compreens\u00e3o das complexidades legais dos jogos blockchain, incluindo conformidade regulat\u00f3ria, prote\u00e7\u00e3o de propriedade intelectual, acordos de usu\u00e1rios e muito mais.<\/p>\n\t\t\t<\/div>\n\t\t<\/div>\n\t<\/div>\n<\/section>\n\n<section class=\"white-section mgb-section\">\n\t<div class=\"anchor\" id=\"medical-Apps-etc\"><\/div>\n\t<div class=\"section-inner-black\">\n\t\t<h3>Aplicativos M\u00e9dicos<\/h3>\n\t\t<p class=\"mgb-small\">O nosso escrit\u00f3rio conta com uma equipe robusta de advogados, incluindo o fundador que \u00e9 formado em engenharia de TI, e advogados com ampla experi\u00eancia em casos relacionados \u00e0 \u00e1rea m\u00e9dica. Com essa especializa\u00e7\u00e3o, estamos prontos para lidar com neg\u00f3cios, aplicativos e servi\u00e7os web relacionados \u00e0 ind\u00fastria da sa\u00fade. Temos um hist\u00f3rico comprovado nessa \u00e1rea.<\/p>\n\t\t<p class=\"mgb-middle\">O cen\u00e1rio jur\u00eddico em torno da sa\u00fade no Jap\u00e3o pode ser complexo, mas pode contar com o nosso escrit\u00f3rio para navegar por essas complexidades. Oferecemos um suporte jur\u00eddico abrangente adaptado \u00e0s necessidades \u00fanicas do setor m\u00e9dico, abordando quest\u00f5es como conformidade regulat\u00f3ria, privacidade de dados, licenciamento, contratos e resolu\u00e7\u00e3o de disputas. Nosso objetivo \u00e9 garantir que suas atividades na \u00e1rea da sa\u00fade estejam em conformidade com as leis e regulamentos aplic\u00e1veis, protegendo assim os seus interesses.<\/p>\n\t<\/div>\n<\/section>\n\n<section class=\"orange-section\">\n\t<div class=\"anchor\" id=\"drafting-with-minimal-operating-time\"><\/div>\n\t<div class=\"section-inner\">\n\t\t<div class=\"flex\">\n\t\t\t<div class=\"width41\"><img decoding=\"async\" src=\"\/wp-content\/themes\/monolith2021\/img\/pic\/pic_draft.jpg\" alt=\"Elabora\u00e7\u00e3o com Tempo Operacional M\u00ednimo\"><\/div>\n\t\t\t<div class=\"width51\">\n\t\t\t\t<h3>Elabora\u00e7\u00e3o com Tempo Operacional M\u00ednimo<\/h3>\n\t\t\t\t<p class=\"mgb-small\">Com o nosso advogado fundador sendo um ex-engenheiro de TI, temos a capacidade de compreender os aspectos t\u00e9cnicos, a interface do usu\u00e1rio e a funcionalidade de aplicativos e servi\u00e7os web ao criar termos de servi\u00e7o e outros documentos relacionados. Podemos utilizar as defini\u00e7\u00f5es de requisitos existentes, estruturas, p\u00e1ginas de destino e materiais de marketing que a sua empresa j\u00e1 possui, permitindo-nos interpretar e extrair as informa\u00e7\u00f5es necess\u00e1rias do nosso lado.<\/p>\n\t\t\t\t<p>Ao minimizar a necessidade de rodas de conversas ou reuni\u00f5es extensas, podemos elaborar os termos de servi\u00e7o de forma eficiente, reduzindo os custos de comunica\u00e7\u00e3o e os prazos. Essa abordagem nos permite otimizar o processo e entregar resultados de maneira oportuna.<\/p>\n\t\t\t<\/div>\n\t\t<\/div>\n\t<\/div>\n<\/section>\n\n<section class=\"white-section\">\n\t<div class=\"anchor\" id=\"some-examples-of-our-clients-and-the-products\"><\/div>\n\t<div class=\"section-inner\">\n\t\t<h3>Casos administrados pelo MONOLITH<\/h3>\n\t\t<ul class=\"layout-column4 mgb-middle\">\n\t\t\t<li>\n\t\t\t\t<div><img decoding=\"async\" src=\"\/wp-content\/themes\/monolith2021\/img\/clients\/logo_tokium.png\"><\/div>\n\t\t\t\t<h4><a href=\"https:\/\/www.keihi.com\/lp\/\" target=\"_blank\" rel=\"noopener noreferrer\">TOKIUM Expense Reimbursement<\/a><\/h4>\n\t\t\t\t<p>Trabalhamos com a TOKIUM Inc., empresa respons\u00e1vel pelo aplicativo de finan\u00e7as corporativas &#8220;TOKIUM Expense Reimbursement&#8221;, como seu consultor jur\u00eddico. Prestamos suporte legal para seus projetos, incluindo o lan\u00e7amento do seu sistema de reembolso de despesas &#8220;TOKIUM Invoice&#8221;.<\/p>\n\t\t\t<\/li>\n\t\t\t<li>\n\t\t\t\t<div><img decoding=\"async\" src=\"\/wp-content\/themes\/monolith2021\/img\/clients\/logo_seculio.png\"><\/div>\n\t\t\t\t<h4><a href=\"https:\/\/www.lrm.jp\/seculio\/feature\/\" target=\"_blank\" rel=\"noopener noreferrer\">Securio<\/a><\/h4>\n\t\t\t\t<p>Fomos consultores da LRM Corporation, que desenvolve o Securio, uma ferramenta que melhora a percep\u00e7\u00e3o de seguran\u00e7a da informa\u00e7\u00e3o em toda a empresa.<\/p>\n\t\t\t<\/li>\n\t\t\t<li>\n\t\t\t\t<div><img decoding=\"async\" src=\"\/wp-content\/themes\/monolith2021\/img\/clients\/logo_tribeau.png\"><\/div>\n\t\t\t\t<h4><a href=\"https:\/\/corp.tribeau.jp\/\" target=\"_blank\" rel=\"noopener noreferrer\">TRIBEAU<\/a><\/h4>\n\t\t\t\t<p>Colaboramos com a TRIBEAU Inc., criadora do aplicativo de avalia\u00e7\u00f5es e reservas em medicina est\u00e9tica &#8220;TRIBEAU&#8221;. Prestamos assist\u00eancia jur\u00eddica para o lan\u00e7amento das vers\u00f5es do aplicativo e do servi\u00e7o web.<\/p>\n\t\t\t<\/li>\n\t\t\t<li>\n\t\t\t\t<div><img decoding=\"async\" src=\"\/wp-content\/themes\/monolith2021\/img\/clients\/logo_flowerknightgirl.png\"><\/div>\n\t\t\t\t<h4><a href=\"https:\/\/flower-knight-girl.com\/\" target=\"_blank\" rel=\"noopener noreferrer\">FLOWER KNIGHT GIRL<\/a><\/h4>\n\t\t\t\t<p>Auxiliamos a YourGames Inc. no lan\u00e7amento do seu popular jogo RPG &#8220;FLOWER KNIGHT GIRL&#8221;, que j\u00e1 ultrapassou um milh\u00e3o de usu\u00e1rios registrados. O jogo est\u00e1 dispon\u00edvel na plataforma DMM GAMES.<\/p>\n\t\t\t<\/li>\n\t\t<\/ul>\n\t\t<p class=\"txt-s\">*Temos v\u00e1rios outros projetos em andamento, mas aqui est\u00e3o alguns clientes que autorizaram a divulga\u00e7\u00e3o de seu status. A confidencialidade dos nossos clientes sempre \u00e9 observada sob o nosso dever de confidencialidade.<\/p>\n\t<\/div>\n<\/section>\n\n<section class=\"purple2-section\">\n\t<div class=\"anchor\" id=\"monolith-law-magazine\"><\/div>\n\t<div class=\"section-inner\">\n\t\t    <section class=\"white-section temp-article\">\n        <div class=\"section-inner\">\n            <h4>MONOLITH LAW MAGAZINE<\/h4>\n            <div class=\"articles type_practice_column\">\n                                                                    <div class=\"article article-area\">\n                        <figure>\n                            <div class=\"img-wrap\">\n                                <img alt=\"A gest\u00e3o de avalia\u00e7\u00f5es do Google \u00e9 ilegal? Explica\u00e7\u00e3o da rela\u00e7\u00e3o com a Lei de Representa\u00e7\u00e3o de Pr\u00eamios e as penalidades correspondentes\" src=\"https:\/\/monolith.law\/pt\/wp-content\/uploads\/sites\/11\/2025\/08\/18d044df35c4f42bb7e1507848a5e228.webp\" width=\"500\" height=\"250\">\n                            <\/div>\n                            <figcaption>\n                                <div class=\"figcaption-inner\">\n                                    <h3>A gest\u00e3o de avalia\u00e7\u00f5es do Google \u00e9 ilegal? Explica\u00e7\u00e3o da rela\u00e7\u00e3o com a Lei de Re.<\/h3>\n                                <\/div>\n                            <\/figcaption>\n                            <a href=\"https:\/\/monolith.law\/pt\/it\/google-review-agency\"><\/a>\n                        <\/figure>\n                    <\/div>\n                                                    <div class=\"article article-area\">\n                        <figure>\n                            <div class=\"img-wrap\">\n                                <img alt=\"O que \u00e9 a \"exce\u00e7\u00e3o da nuvem\" na Lei de Prote\u00e7\u00e3o de Dados Pessoais? Uma explica\u00e7\u00e3o baseada em exemplos reais de orienta\u00e7\u00f5es administrativas recebidas por provedores de servi\u00e7os em nuvem.\" src=\"https:\/\/monolith.law\/pt\/wp-content\/uploads\/sites\/11\/2025\/08\/0cdfadb6e93fc71449935bfe824bbde2.jpg\" width=\"500\" height=\"250\">\n                            <\/div>\n                            <figcaption>\n                                <div class=\"figcaption-inner\">\n                                    <h3>O que \u00e9 a \"exce\u00e7\u00e3o da nuvem\" na Lei de Prote\u00e7\u00e3o de Dados Pessoais? Uma explica\u00e7\u00e3.<\/h3>\n                                <\/div>\n                            <\/figcaption>\n                            <a href=\"https:\/\/monolith.law\/pt\/it\/personal-information-cloud-exceptions\"><\/a>\n                        <\/figure>\n                    <\/div>\n                                                    <div class=\"article article-area\">\n                        <figure>\n                            <div class=\"img-wrap\">\n                                <img alt=\"Quais s\u00e3o os riscos de usar o ChatGPT em neg\u00f3cios? Explica\u00e7\u00e3o sobre quest\u00f5es legais\" src=\"https:\/\/monolith.law\/pt\/wp-content\/uploads\/sites\/11\/2024\/03\/Shutterstock_2252802247.webp\" width=\"500\" height=\"250\">\n                            <\/div>\n                            <figcaption>\n                                <div class=\"figcaption-inner\">\n                                    <h3>Quais s\u00e3o os riscos de usar o ChatGPT em neg\u00f3cios? Explica\u00e7\u00e3o sobre quest\u00f5es leg.<\/h3>\n                                <\/div>\n                            <\/figcaption>\n                            <a href=\"https:\/\/monolith.law\/pt\/it\/chatgpt-legal-issues\"><\/a>\n                        <\/figure>\n                    <\/div>\n                                            <\/div>\n            <div class=\"btn-more\"><a href=\"https:\/\/monolith.law\/pt\/tag\/terms-of-use\">Ler mais<\/a><\/div>\n        <\/div>\n    <\/section>\n\t<\/div>\n<\/section>\n\n<section class=\"orange2-section\">\n\t<div class=\"anchor\" id=\"fee-structure\"><\/div>\n\t<div class=\"section-inner\">\n\t<div class=\"planWrap\">\n\t<h3>Estrutura de<br>Honor\u00e1rios<\/h3>\n\t<ul class=\"plan\">\n\t\t<li class=\"txt-left\">\n\t\t\t<div class=\"plan-inner\">\n\t\t\t<div class=\"plan-header\">\n\t\t\t<h4 class=\"plan-title\">Valor\/Hora<\/h4>\n\t\t\t<div class=\"plan-price\"><span class=\"price-figure\">$300<\/span> por hora <span class=\"price-tax\"><\/span><\/div>\n\t\t\t<\/div>\n\t\t\t<div class=\"plan-body\">Em determinadas situa\u00e7\u00f5es, podemos avaliar a possibilidade de assumir um litigio ou processo com uma taxa inicial e uma taxa contingente. Para obter mais detalhes, sinta-se \u00e0 vontade para entrar em contato conosco.<\/div>\n\t\t\t<\/div>\n\t\t<\/li>\n\t\t<li class=\"txt-left\">\n\t\t\t<div class=\"plan-inner\">\n\t\t\t<div class=\"plan-header\">\n\t\t\t<h4 class=\"plan-title\">Elabora\u00e7\u00e3o de Contratos<\/h4>\n\t\t\t<div class=\"plan-price\"><span class=\"price-value\">a partir de<\/span><span class=\"price-figure\">$500<\/span><span class=\"price-value\">at\u00e9 $2,000 ou mais<\/span><span class=\"price-tax\"><\/span><\/div>\n\t\t\t<\/div>\n\t\t\t<div class=\"plan-body\">Os custos podem variar dependendo do tipo e quantidade de contratos. Ficar\u00edamos felizes em fornecer uma estimativa preliminar durante uma consulta. Por favor, n\u00e3o hesite em entrar em contato conosco para mais detalhes.<\/div>\n\t\t\t<\/div>\n\t\t<\/li>\n\t\t<li class=\"txt-left\">\n\t\t\t<div class=\"plan-inner\">\n\t\t\t<div class=\"plan-header\">\n\t\t\t<h4 class=\"plan-title\">Outros Servi\u00e7os<\/h4>\n\t\t\t<div class=\"plan-price\"><span class=\"price-figure\">Contacte-nos<\/span><\/div>\n\t\t\t<\/div>\n\t\t\t<div class=\"plan-body\">Disponibilizamos diversos servi\u00e7os, como abertura de empresas, an\u00e1lise de contratos, emiss\u00e3o de pareceres legais e revis\u00e3o de casos ou cartas de pesquisa. Caso tenha alguma d\u00favida ou quest\u00e3o, convidamos voc\u00ea a entrar em contato conosco. Nossa equipe especializada ter\u00e1 prazer em ajudar.<\/div>\n\t\t\t<\/div>\n\t\t\t<\/div>\n\t\t<\/li>\n\t<\/ul>\n\t<\/div>\n\t<\/div>\n<\/section>\n\n<section class=\"white-section\">\n\t<div class=\"section-inner\">\n\t\t<div class=\"btn-area\">\n\t\t\t<div class=\"btn icon-contact\"><a href=\"\/pt\/contact\">Entre em Contato<\/a><\/div>\n\t\t<\/div>\n\t<\/div>\n<\/section>\n","protected":false},"excerpt":{"rendered":"<p>Termos de Uso O MONOLITH LAW OFFICE cuida da elabora\u00e7\u00e3o e revis\u00e3o de termos de uso e pol\u00edticas de privacidade para v\u00e1rios aplicativos, servi\u00e7os e jogos no Jap\u00e3o. Al\u00e9m disso, podemos analisar os requis [&hellip;]<\/p>\n","protected":false},"author":1,"featured_media":57154,"parent":0,"menu_order":7,"comment_status":"closed","ping_status":"closed","template":"other-page-temp.php","meta":{"footnotes":""},"acf":[],"_links":{"self":[{"href":"https:\/\/monolith.law\/pt\/wp-json\/wp\/v2\/pages\/32193"}],"collection":[{"href":"https:\/\/monolith.law\/pt\/wp-json\/wp\/v2\/pages"}],"about":[{"href":"https:\/\/monolith.law\/pt\/wp-json\/wp\/v2\/types\/page"}],"author":[{"embeddable":true,"href":"https:\/\/monolith.law\/pt\/wp-json\/wp\/v2\/users\/1"}],"replies":[{"embeddable":true,"href":"https:\/\/monolith.law\/pt\/wp-json\/wp\/v2\/comments?post=32193"}],"version-history":[{"count":17,"href":"https:\/\/monolith.law\/pt\/wp-json\/wp\/v2\/pages\/32193\/revisions"}],"predecessor-version":[{"id":59962,"href":"https:\/\/monolith.law\/pt\/wp-json\/wp\/v2\/pages\/32193\/revisions\/59962"}],"wp:featuredmedia":[{"embeddable":true,"href":"https:\/\/monolith.law\/pt\/wp-json\/wp\/v2\/media\/57154"}],"wp:attachment":[{"href":"https:\/\/monolith.law\/pt\/wp-json\/wp\/v2\/media?parent=32193"}],"curies":[{"name":"wp","href":"https:\/\/api.w.org\/{rel}","templated":true}]}}