{"id":32253,"date":"2021-05-11T11:20:39","date_gmt":"2021-05-11T02:20:39","guid":{"rendered":"https:\/\/monolith.law\/?page_id=32253"},"modified":"2024-08-05T17:46:10","modified_gmt":"2024-08-05T08:46:10","slug":"system-development","status":"publish","type":"page","link":"https:\/\/monolith.law\/pt\/system-development","title":{"rendered":"Desenvolvimento de Sistemas"},"content":{"rendered":"\n<section class=\"heading-area\">\n\t<div class=\"heading-area-inner\">\n\t\t<h2 class=\"icon-system-development\">Desenvolvimento de Sistemas<\/h2>\n\t\t<p>O desenvolvimento de sistemas altamente especializados geralmente traz consigo desafios complexos e negocia\u00e7\u00f5es contratuais. Estamos aqui para apoiar sua empresa, utilizando nosso conhecimento n\u00e3o apenas como especialistas jur\u00eddicos, mas tamb\u00e9m como profissionais de TI, para identificar o que \u00e9 crucial para o sucesso do seu neg\u00f3cio.<\/p>\n\t<\/div>\n<\/section>\n\n<section class=\"white-section\">\n\t<div class=\"section-inner pdt0 border-bottom-section\">\n\t\t<p>Somos um escrit\u00f3rio de advocacia fundado por Toki Kawase, um advogado que j\u00e1 foi engenheiro de TI. Atuamos em todas as etapas, desde a cria\u00e7\u00e3o, revis\u00e3o e negocia\u00e7\u00e3o de contratos para o desenvolvimento de sistemas altamente especializados at\u00e9 a resolu\u00e7\u00e3o de disputas, quando necess\u00e1rio. Al\u00e9m disso, elaboramos contratos do zero, usando como base materiais existentes, como documentos de proposta, com um m\u00ednimo de reuni\u00f5es.<\/p>\n\t<\/div>\n<\/section>\n\n<section class=\"second-nav\">\n\t<div class=\"second-nav-inner\">\n\t\t<p>T\u00d3PICOS<\/p>\n\t\t<nav>\n\t\t\t<ul>\n\t\t\t\t<li><a href=\"#contract-drafting-in-system-development\">Elabora\u00e7\u00e3o de Contratos em Desenvolvimento de Sistemas<\/a><\/li>\n\t\t\t\t<li><a href=\"#dispute-resolution-in-system-development\">Resolu\u00e7\u00e3o de Disputas em Desenvolvimento de Sistemas<\/a><\/li>\n\t\t\t\t<li><a href=\"#drafting-with-minimal-operating-time\">Elabora\u00e7\u00e3o com Tempo M\u00ednimo de Opera\u00e7\u00e3o<\/a><\/li>\n\t\t\t\t<li><a href=\"#examples-of-support-provided-by-our-firm\">Casos administrados pelo MONOLITH<\/a><\/li>\n\t\t\t\t<li><a href=\"#publication-achievements-systems-development-legal\">Conquistas de Publica\u00e7\u00e3o em Desenvolvimento de Sistemas Jur\u00eddicos<\/a><\/li>\n\t\t\t\t<li><a href=\"#crypto-assets-and-blockchain\">Criptoativos e Blockchain<\/a><\/li>\n\t\t\t\t<li><a href=\"#manda\">M&amp;A<\/a><\/li>\n\t\t\t\t<li><a href=\"#monolith-law-magazine\">MONOLITH LAW MAGAZINE<\/a><\/li>\n\t\t\t\t<li><a href=\"#fee-structure\">Estrutura de Honor\u00e1rios<\/a><\/li>\n\t\t\t<\/ul>\n\t\t<\/nav>\n\t<\/div>\n<\/section>\n\n<section class=\"white-section mgt-section mgb-section80\">\n\t<div class=\"anchor\" id=\"contract-drafting-in-system-development\"><\/div>\n\t<div class=\"section-inner-black\">\n\t\t<h3>Prepara\u00e7\u00e3o de Contratos de Desenvolvimento de Sistemas<\/h3>\n\t\t<p class=\"mgb-small\">Quando se trata do desenvolvimento de sistemas, muitas vezes encontramos cl\u00e1usulas abstratas, como responsabilidade em caso de n\u00e3o conformidade contratual, que simplesmente referem a &#8220;acordo separado&#8221;. Em outras palavras, as circunst\u00e2ncias espec\u00edficas do sistema ou do projeto n\u00e3o s\u00e3o abordadas diretamente. Isso cria incerteza sobre o resultado em caso de uma disputa real.<\/p>\n\t\t<p class=\"mgb-middle\">Na nossa empresa, valorizamos n\u00e3o apenas a cria\u00e7\u00e3o de contratos, mas tamb\u00e9m entendemos profundamente os sistemas relacionados ao desenvolvimento, considerando isso como uma parte crucial do nosso trabalho.<\/p>\n\n\t<\/div>\n<\/section>\n\n<section class=\"purple-section\">\n\t<div class=\"anchor\" id=\"dispute-resolution-in-system-development\"><\/div>\n\t<div class=\"section-inner\">\n\t\t<div class=\"flex\">\n\t\t\t<div class=\"width41\"><img decoding=\"async\" src=\"\/wp-content\/themes\/monolith2021\/img\/systemdevelopment\/systemdevelopment_pic1.jpg\" alt=\" Resolu\u00e7\u00e3o de Disputas em Desenvolvimento de Sistemas\"><\/div>\n\t\t\t<div class=\"width51\">\n\t\t\t\t<h3> Resolu\u00e7\u00e3o de Disputas em Desenvolvimento de Sistemas<\/h3>\n\t\t\t\t<p class=\"mgb-small\">Quando h\u00e1 uma disputa, assumimos a responsabilidade por reivindica\u00e7\u00f5es extrajudiciais de danos, bem como por solicita\u00e7\u00f5es de medidas provis\u00f3rias e processos judiciais.<\/p>\n\t\t\t\t<p>Contudo, \u00e9 mais desej\u00e1vel evitar que conflitos surjam, e, mesmo quando surgem, buscamos solu\u00e7\u00f5es antes de chegar a um julgamento. Essa \u00e9 a nossa vis\u00e3o e postura fundamental, orientando nossos servi\u00e7os jur\u00eddicos di\u00e1rios aos clientes corporativos com base nesse princ\u00edpio.<\/p>\n\t\t\t<\/div>\n\t\t<\/div>\n\t<\/div>\n<\/section>\n\n<section class=\"white-section\">\n\t<div class=\"anchor\" id=\"drafting-with-minimal-operating-time\"><\/div>\n\t<div class=\"section-inner\">\n\t\t<div class=\"flex reverse\">\n\t\t\t<div class=\"width41\"><img decoding=\"async\" src=\"\/wp-content\/themes\/monolith2021\/img\/pic\/pic_draft.jpg\" alt=\"Elabora\u00e7\u00e3o com Tempo M\u00ednimo de Opera\u00e7\u00e3o\"><\/div>\n\t\t\t<div class=\"width51\">\n\t\t\t\t<h3>Elabora\u00e7\u00e3o com Tempo M\u00ednimo de Opera\u00e7\u00e3o<\/h3>\n\t\t\t\t<p class=\"mgb-small\">O fundador do nosso escrit\u00f3rio de advocacia \u00e9 um ex-engenheiro de TI. Al\u00e9m disso, em nossa equipe, contamos n\u00e3o apenas com advogados, mas tamb\u00e9m com engenheiros de TI em atividade e uma equipe de consultores de TI.<\/p>\n\t\t\t\t<p class=\"mgb-small\">Para criar um contrato de desenvolvimento de sistemas e criar um esquema como base para esse contrato, \u00e9 essencial compreender o panorama do sistema em quest\u00e3o. Podemos analisar diversos documentos e dados j\u00e1 existentes em sua empresa, como defini\u00e7\u00f5es de requisitos e materiais de vendas para potenciais clientes relacionados ao desenvolvimento do sistema em quest\u00e3o, do nosso lado.<\/p>\n\t\t\t\t<p>Assim, conseguimos elaborar esbo\u00e7os de contratos e outros documentos com o m\u00ednimo de reuni\u00f5es, reduzindo efetivamente os custos de comunica\u00e7\u00e3o e o tempo necess\u00e1rio para a prepara\u00e7\u00e3o.<\/p>\n\t\t\t<\/div>\n\t\t<\/div>\n\t<\/div>\n<\/section>\n\n<section class=\"orange-section\">\n\t<div class=\"anchor\" id=\"examples-of-support-provided-by-our-firm\"><\/div>\n\t<div class=\"section-inner\">\n\t\t<h3 class=\"mgb-middle\">Casos administrados pelo MONOLITH<\/h3>\n\t\t<ul class=\"layout-column4\">\n\t\t\t<li>\n\t\t\t\t<div><img decoding=\"async\" src=\"\/wp-content\/themes\/monolith2021\/img\/systemdevelopment\/systemdevelopment_support_pic1.jpg\"><\/div>\n\t\t\t\t<h4>Fornecedores de TI<\/h4>\n\t\t\t\t<p>Oferecemos uma gama de servi\u00e7os para empresas que fornecem servi\u00e7os de desenvolvimento de sistemas, desde a cria\u00e7\u00e3o de contratos relacionados ao desenvolvimento at\u00e9 a resolu\u00e7\u00e3o de disputas, por meio de aconselhamento jur\u00eddico e outros servi\u00e7os legais. Al\u00e9m disso, atuamos em \u00e1reas avan\u00e7adas, como quest\u00f5es relacionadas \u00e0 tecnologia blockchain.<\/p>\n\t\t\t<\/li>\n\t\t\t<li>\n\t\t\t\t<div><img decoding=\"async\" src=\"\/wp-content\/themes\/monolith2021\/img\/systemdevelopment\/systemdevelopment_support_pic2.jpg\"><\/div>\n\t\t\t\t<h4>Empresas Comerciais<\/h4>\n\t\t\t\t<p>Oferecemos uma variedade de servi\u00e7os para empresas que terceirizam o desenvolvimento de sistemas. Especialmente para novos empreendimentos de empresas que n\u00e3o t\u00eam especializa\u00e7\u00e3o em TI, podemos fornecer suporte abrangente, desde o planejamento do sistema at\u00e9 o acompanhamento p\u00f3s-entrega.<\/p>\n\t\t\t<\/li>\n\t\t\t<li>\n\t\t\t\t<div><img decoding=\"async\" src=\"\/wp-content\/themes\/monolith2021\/img\/systemdevelopment\/systemdevelopment_support_pic3.jpg\"><\/div>\n\t\t\t\t<h4>Servi\u00e7os de Engenharia de Sistemas (SES)<\/h4>\n\t\t\t\t<p>O MONOLITH LAW OFFICE oferece servi\u00e7os jur\u00eddicos a diversas empresas de Servi\u00e7os de Engenharia de Sistemas (SES). Estamos envolvidos na elabora\u00e7\u00e3o de contratos relacionados a SES, na resolu\u00e7\u00e3o de disputas extrajudiciais relacionadas a quest\u00f5es espec\u00edficas e no tratamento de lit\u00edgios.<\/p>\n\t\t\t<\/li>\n\t\t\t<li>\n\t\t\t\t<div><img decoding=\"async\" src=\"\/wp-content\/themes\/monolith2021\/img\/systemdevelopment\/systemdevelopment_support_pic4.jpg\"><\/div>\n\t\t\t\t<h4>Software de C\u00f3digo Aberto (OSS)<\/h4>\n\t\t\t\t<p>Foi um sucesso fornecer servi\u00e7os profissionais de design e supervis\u00e3o de documenta\u00e7\u00e3o para empresas que oferecem licen\u00e7as tanto de c\u00f3digo aberto, como GPL, quanto licen\u00e7as comerciais.<\/p>\n\t\t\t<\/li>\n\t\t<\/ul>\n\t<\/div>\n<\/section>\n\n<section class=\"white-section\">\n\t<div class=\"anchor\" id=\"publication-achievements-systems-development-legal\"><\/div>\n\t<div class=\"section-inner\">\n\t\t<div class=\"flex reverse\">\n\t\t\t<div class=\"width41\"><img decoding=\"async\" src=\"\/wp-content\/themes\/monolith2021\/img\/pic\/pic_publishing.jpg\" alt=\"Publica\u00e7\u00e3o de Livros sobre Quest\u00f5es Legais Relacionadas ao Desenvolvimento de Sistemas\"><\/div>\n\t\t\t<div class=\"width51\">\n\t\t\t\t<h3>Publica\u00e7\u00e3o de Livros sobre Quest\u00f5es Legais Relacionadas ao Desenvolvimento de Sistemas<\/h3>\n\t\t\t\t<p class=\"mgb-small\">Como um escrit\u00f3rio de advocacia especializado em desenvolvimento de sistemas para servi\u00e7os web, aplicativos e jogos, lan\u00e7amos o livro &#8220;Perguntas e Respostas Jur\u00eddicas para Engenheiros de TI&#8221;. Neste livro, um ex-engenheiro que agora \u00e9 advogado compartilha conhecimentos jur\u00eddicos, focando principalmente em quest\u00f5es relevantes para engenheiros de TI.<\/p>\n\t\t\t\t<p>O livro \u00e9 dividido em cap\u00edtulos abordando Armadilhas do Direito Autoral, Armadilhas nos Contratos de Desenvolvimento, Armadilhas nas Rela\u00e7\u00f5es de Trabalho e Pontos de Verifica\u00e7\u00e3o de Contratos. Ele oferece explica\u00e7\u00f5es jur\u00eddicas sobre quest\u00f5es espec\u00edficas que podem apresentar desafios em situa\u00e7\u00f5es reais de desenvolvimento de sistemas.<\/p>\n\t\t\t<\/div>\n\t\t<\/div>\n\t<\/div>\n<\/section>\n\n<section class=\"purple-section\">\n\t<div class=\"anchor\" id=\"crypto-assets-and-blockchain\"><\/div>\n\t<div class=\"section-inner\">\n\t\t<div class=\"flex\">\n\t\t\t<div class=\"width41\"><img decoding=\"async\" src=\"\/wp-content\/uploads\/2022\/07\/shutterstock_1151380622_2.png\" alt=\"Criptoativos e Blockchain\"><\/div>\n\t\t\t<div class=\"width51\">\n\t\t\t\t<h3>Criptoativos e Blockchain<\/h3>\n\t\t\t\t<p>O blockchain \u00e9 uma base de dados descentralizada, com baixo risco de perda de registros e dif\u00edcil de alterar registros passados. Essa seguran\u00e7a \u00e9 alcan\u00e7ada por meio de t\u00e9cnicas de TI, como algoritmos de consenso, criptografia e redes ponto a ponto (P2P). O MONOLITH LAW OFFICE est\u00e1 envolvido em quest\u00f5es jur\u00eddicas relacionadas a criptoativos e blockchain desde a sua funda\u00e7\u00e3o em 2017.<\/p>\n\t\t\t<\/div>\n\t\t<\/div>\n\t<\/div>\n<\/section>\n\n<section class=\"white-section mgt-section mgb-section\">\n\t<div class=\"anchor\" id=\"manda\"><\/div>\n\t<div class=\"section-inner-black\">\n\t\t<h3>M&amp;A<\/h3>\n\t\t<p class=\"mgb-middle\">Temos vasta experi\u00eancia em M&amp;A envolvendo sistemas de TI, incluindo transfer\u00eancias de neg\u00f3cios e aquisi\u00e7\u00f5es de aplicativos e servi\u00e7os web.<\/p>\n\t<\/div>\n<\/section>\n\n<section class=\"purple2-section\">\n\t<div class=\"anchor\" id=\"monolith-law-magazine\"><\/div>\n\t<div class=\"section-inner\">\n\t\t    <section class=\"white-section temp-article\">\n        <div class=\"section-inner\">\n            <h4>MONOLITH LAW MAGAZINE<\/h4>\n            <div class=\"articles type_practice_column\">\n                                                                    <div class=\"article article-area\">\n                        <figure>\n                            <div class=\"img-wrap\">\n                                <img alt=\"Explica\u00e7\u00e3o de Oito Leis Problem\u00e1ticas no Desenvolvimento de Software Utilizando Software de C\u00f3digo Aberto (OSS)\" src=\"https:\/\/monolith.law\/pt\/wp-content\/uploads\/sites\/11\/2025\/08\/2e3dcd72416c364f481cdcf21967a2a8.webp\" width=\"500\" height=\"250\">\n                            <\/div>\n                            <figcaption>\n                                <div class=\"figcaption-inner\">\n                                    <h3>Explica\u00e7\u00e3o de Oito Leis Problem\u00e1ticas no Desenvolvimento de Software Utilizando .<\/h3>\n                                <\/div>\n                            <\/figcaption>\n                            <a href=\"https:\/\/monolith.law\/pt\/it\/oss-law\"><\/a>\n                        <\/figure>\n                    <\/div>\n                                                    <div class=\"article article-area\">\n                        <figure>\n                            <div class=\"img-wrap\">\n                                <img alt=\"At\u00e9 que ponto os fornecedores s\u00e3o respons\u00e1veis pelos produtos entregues, incluindo OSS? Explica\u00e7\u00e3o da responsabilidade civil e medidas de acordo com o tipo de contrato.\" src=\"https:\/\/monolith.law\/pt\/wp-content\/uploads\/sites\/11\/2025\/08\/a3e2bebbbd18ab9195487c8b62e3ba94.webp\" width=\"500\" height=\"250\">\n                            <\/div>\n                            <figcaption>\n                                <div class=\"figcaption-inner\">\n                                    <h3>At\u00e9 que ponto os fornecedores s\u00e3o respons\u00e1veis pelos produtos entregues, incluin.<\/h3>\n                                <\/div>\n                            <\/figcaption>\n                            <a href=\"https:\/\/monolith.law\/pt\/it\/oss-contract\"><\/a>\n                        <\/figure>\n                    <\/div>\n                                                    <div class=\"article article-area\">\n                        <figure>\n                            <div class=\"img-wrap\">\n                                <img alt=\"Pontos de Aten\u00e7\u00e3o ao Utilizar OSS em Contratos de Desenvolvimento de Software por Encomenda\" src=\"https:\/\/monolith.law\/pt\/wp-content\/uploads\/sites\/11\/2025\/08\/9132dea58501d53c6b72439e72a5a1e0.webp\" width=\"500\" height=\"250\">\n                            <\/div>\n                            <figcaption>\n                                <div class=\"figcaption-inner\">\n                                    <h3>Pontos de Aten\u00e7\u00e3o ao Utilizar OSS em Contratos de Desenvolvimento de Software po.<\/h3>\n                                <\/div>\n                            <\/figcaption>\n                            <a href=\"https:\/\/monolith.law\/pt\/it\/oss-development-contract\"><\/a>\n                        <\/figure>\n                    <\/div>\n                                            <\/div>\n            <div class=\"btn-more\"><a href=\"https:\/\/monolith.law\/pt\/tag\/system-development\">Ler mais<\/a><\/div>\n        <\/div>\n    <\/section>\n\t<\/div>\n<\/section>\n\n<section class=\"orange2-section\">\n\t<div class=\"anchor\" id=\"fee-structure\"><\/div>\n\t<div class=\"section-inner\">\n\t<div class=\"planWrap\">\n\t<h3>Estrutura de<br>Honor\u00e1rios<\/h3>\n\t<ul class=\"plan\">\n\t\t<li class=\"txt-left\">\n\t\t\t<div class=\"plan-inner\">\n\t\t\t<div class=\"plan-header\">\n\t\t\t<h4 class=\"plan-title\">Valor\/Hora<\/h4>\n\t\t\t<div class=\"plan-price\"><span class=\"price-figure\">$300<\/span> por hora <span class=\"price-tax\"><\/span><\/div>\n\t\t\t<\/div>\n\t\t\t<div class=\"plan-body\">Em determinadas situa\u00e7\u00f5es, podemos avaliar a possibilidade de assumir um litigio ou processo com uma taxa inicial e uma taxa contingente. Para obter mais detalhes, sinta-se \u00e0 vontade para entrar em contato conosco.<\/div>\n\t\t\t<\/div>\n\t\t<\/li>\n\t\t<li class=\"txt-left\">\n\t\t\t<div class=\"plan-inner\">\n\t\t\t<div class=\"plan-header\">\n\t\t\t<h4 class=\"plan-title\">Elabora\u00e7\u00e3o de Contratos<\/h4>\n\t\t\t<div class=\"plan-price\"><span class=\"price-value\">a partir de<\/span><span class=\"price-figure\">$500<\/span><span class=\"price-value\">at\u00e9 $2,000 ou mais<\/span><span class=\"price-tax\"><\/span><\/div>\n\t\t\t<\/div>\n\t\t\t<div class=\"plan-body\">Os custos podem variar dependendo do tipo e quantidade de contratos. Ficar\u00edamos felizes em fornecer uma estimativa preliminar durante uma consulta. Por favor, n\u00e3o hesite em entrar em contato conosco para mais detalhes.<\/div>\n\t\t\t<\/div>\n\t\t<\/li>\n\t\t<li class=\"txt-left\">\n\t\t\t<div class=\"plan-inner\">\n\t\t\t<div class=\"plan-header\">\n\t\t\t<h4 class=\"plan-title\">Outros Servi\u00e7os<\/h4>\n\t\t\t<div class=\"plan-price\"><span class=\"price-figure\">Contacte-nos<\/span><\/div>\n\t\t\t<\/div>\n\t\t\t<div class=\"plan-body\">Disponibilizamos diversos servi\u00e7os, como abertura de empresas, an\u00e1lise de contratos, emiss\u00e3o de pareceres legais e revis\u00e3o de casos ou cartas de pesquisa. Caso tenha alguma d\u00favida ou quest\u00e3o, convidamos voc\u00ea a entrar em contato conosco. Nossa equipe especializada ter\u00e1 prazer em ajudar.<\/div>\n\t\t\t<\/div>\n\t\t\t<\/div>\n\t\t<\/li>\n\t<\/ul>\n\t<\/div>\n\t<\/div>\n<\/section>\n\n<section class=\"white-section\">\n\t<div class=\"section-inner\">\n\t\t<div class=\"btn-area\">\n\t\t\t<div class=\"btn icon-contact\"><a href=\"\/pt\/contact\">Entre em Contato<\/a><\/div>\n\t\t<\/div>\n\t<\/div>\n<\/section>\n","protected":false},"excerpt":{"rendered":"<p>Desenvolvimento de Sistemas O desenvolvimento de sistemas altamente especializados geralmente traz consigo desafios complexos e negocia\u00e7\u00f5es contratuais. Estamos aqui para apoiar sua empresa, utilizand [&hellip;]<\/p>\n","protected":false},"author":1,"featured_media":57152,"parent":0,"menu_order":7,"comment_status":"closed","ping_status":"closed","template":"other-page-temp.php","meta":{"footnotes":""},"acf":[],"_links":{"self":[{"href":"https:\/\/monolith.law\/pt\/wp-json\/wp\/v2\/pages\/32253"}],"collection":[{"href":"https:\/\/monolith.law\/pt\/wp-json\/wp\/v2\/pages"}],"about":[{"href":"https:\/\/monolith.law\/pt\/wp-json\/wp\/v2\/types\/page"}],"author":[{"embeddable":true,"href":"https:\/\/monolith.law\/pt\/wp-json\/wp\/v2\/users\/1"}],"replies":[{"embeddable":true,"href":"https:\/\/monolith.law\/pt\/wp-json\/wp\/v2\/comments?post=32253"}],"version-history":[{"count":33,"href":"https:\/\/monolith.law\/pt\/wp-json\/wp\/v2\/pages\/32253\/revisions"}],"predecessor-version":[{"id":69853,"href":"https:\/\/monolith.law\/pt\/wp-json\/wp\/v2\/pages\/32253\/revisions\/69853"}],"wp:featuredmedia":[{"embeddable":true,"href":"https:\/\/monolith.law\/pt\/wp-json\/wp\/v2\/media\/57152"}],"wp:attachment":[{"href":"https:\/\/monolith.law\/pt\/wp-json\/wp\/v2\/media?parent=32253"}],"curies":[{"name":"wp","href":"https:\/\/api.w.org\/{rel}","templated":true}]}}