{"id":32408,"date":"2021-05-17T14:12:29","date_gmt":"2021-05-17T05:12:29","guid":{"rendered":"https:\/\/monolith.law\/?page_id=32408"},"modified":"2024-01-25T20:13:30","modified_gmt":"2024-01-25T11:13:30","slug":"m-and-a","status":"publish","type":"page","link":"https:\/\/monolith.law\/pt\/m-and-a","title":{"rendered":"M&amp;A"},"content":{"rendered":"\n<section class=\"heading-area\">\n\t<div class=\"heading-area-inner\">\n\t\t<h2 class=\"icon-m-and-a\">M&amp;A<\/h2>\n\t\t<p>O MONOLITH LAW OFFICE participou de in\u00fameros casos legais relacionados a acordos acion\u00e1rios e M&amp;A, principalmente relacionados a industria de TI, incluindo aplicativos e servi\u00e7os web. Somos capazes de realizar a chamada due diligence legal (DD) em aquisi\u00e7\u00f5es corporativas e outras situa\u00e7\u00f5es.<\/p>\n\t<\/div>\n<\/section>\n\n<section class=\"white-section\">\n\t<div class=\"section-inner pdt0 border-bottom-section\">\n\t\t<p>O MONOLITH coordenou muitas opera\u00e7\u00f5es de fus\u00f5es e aquisi\u00e7\u00f5es (M&#038;A), como transfer\u00eancias de neg\u00f3cios, assuntos legais relacionados a participa\u00e7\u00f5es acion\u00e1rias, como aloca\u00e7\u00e3o de a\u00e7\u00f5es para terceiros, emiss\u00e3o de op\u00e7\u00f5es de a\u00e7\u00f5es, buyouts de gest\u00e3o (MBO) e estabelecimento de parcerias (JVs). Al\u00e9m disso, lidamos com a resolu\u00e7\u00e3o de disputas associadas a essas transa\u00e7\u00f5es, principalmente no campo de TI, incluindo aplicativos e servi\u00e7os web. Tamb\u00e9m temos um sistema eficiente para realizar a dilig\u00eancia legal (DD), que \u00e9 uma investiga\u00e7\u00e3o jur\u00eddica para confirmar a exist\u00eancia ou n\u00e3o de quest\u00f5es legais especialmente graves em situa\u00e7\u00f5es como aquisi\u00e7\u00f5es corporativas.<\/p>\n\t<\/div>\n<\/section>\n\n<section class=\"second-nav\">\n\t<div class=\"second-nav-inner\">\n\t\t<p>T\u00d3PICOS<\/p>\n\t\t<nav>\n\t\t\t<ul>\n\t\t\t\t<li><a href=\"#examples-of-support-provided-by-our-firm\">Casos Administrados pelo Escrit\u00f3rio<\/a><\/li>\n\t\t\t\t<li><a href=\"#share-and-capital-increase\">Aumento de Capital e Participa\u00e7\u00f5es Societ\u00e1rias<\/a><\/li>\n\t\t\t\t<li><a href=\"#ma-related-legal-affairs\">M&amp;A<\/a><\/li>\n\t\t\t\t<li><a href=\"#ma-of-sns-such-as-youtube\">M&amp;A de Redes Sociais como o YouTube<\/a><\/li>\n\t\t\t\t<li><a href=\"#one-stop-service-in-cooperation-with-judicial-scriveners\">Servi\u00e7o Exclusivo em Parceria com Escriv\u00e3es Judiciais<\/a><\/li>\n\t\t\t\t<li><a href=\"#legal-due-diligence-dd-support\">Due Diligence<\/a><\/li>\n\t\t\t\t<li><a href=\"#legal-due-diligence-cases-we-have-handled\">Casos administrados pelo MONOLITH<\/a><\/li>\n\t\t\t\t<li><a href=\"#disputes-related-to-stocks-and-investments\">Litigios Relacionados a A\u00e7\u00f5es e Investimentos<\/a><\/li>\n\t\t\t\t<li><a href=\"#monolith-law-magazine\">MONOLITH LAW MAGAZINE<\/a><\/li>\n\t\t\t\t<li><a href=\"#fee-structure\">Estrutura de Honor\u00e1rios<\/a><\/li>\n\t\t\t<\/ul>\n\t\t<\/nav>\n\t<\/div>\n<\/section>\n\n<section class=\"white-section\">\n\t<div class=\"anchor\" id=\"examples-of-support-provided-by-our-firm\"><\/div>\n\t<div class=\"section-inner-bottomhalf\">\n\t\t<h3 class=\"mgb-middle\">Casos administrados pelo escrit\u00f3rio<\/h3>\n\t\t<ul class=\"mgb-small layout-column4\">\n\t\t\t<li>\n\t\t\t\t<h4>Aumento de capital por meio de transfer\u00eancia de a\u00e7\u00f5es a terceiros<\/h4>\n\t\t\t\t<div><img decoding=\"async\" src=\"\/wp-content\/themes\/monolith2021\/img\/stockrelatedlaw\/stockrelatedlaw_support_pic1.jpg\"><\/div>\n\t\t\t\t<p>Ajudamos muitas empresas de venture capital a captar recursos por meio da aloca\u00e7\u00e3o de a\u00e7\u00f5es para terceiros. Al\u00e9m disso, auxiliamos uma empresa listada a realizar seu primeiro investimento em capital de risco, elaborando um term sheet e um acordo de investimento.<\/p>\n\t\t\t<\/li>\n\t\t\t<li>\n\t\t\t\t<h4>Buyout de Gest\u00e3o (MBO)<\/h4>\n\t\t\t\t<div><img decoding=\"async\" src=\"\/wp-content\/themes\/monolith2021\/img\/stockrelatedlaw\/stockrelatedlaw_support_pic2.jpg\"><\/div>\n\t\t\t\t<p>Colaboramos com empresas de venture capital que enfrentavam desafios de estrutura de capital, desenvolvendo estrat\u00e9gias e elaborando diversos acordos para buyouts de gest\u00e3o (MBOs). Isso incluiu a capta\u00e7\u00e3o de recursos, a cria\u00e7\u00e3o de uma nova entidade legal para atuar como ve\u00edculo e possibilitar que essa nova entidade adquirisse a\u00e7\u00f5es dos acionistas existentes.<\/p>\n\t\t\t<\/li>\n\t\t\t<li>\n\t\t\t\t<h4>Estabelecimento de Joint Ventures<\/h4>\n\t\t\t\t<div><img decoding=\"async\" src=\"\/wp-content\/themes\/monolith2021\/img\/stockrelatedlaw\/stockrelatedlaw_support_pic3.jpg\"><\/div>\n\t\t\t\t<p>Trabalhamos em parceria com startups na forma\u00e7\u00e3o de joint ventures (JVs), onde uma startup e uma grande empresa compartilham a\u00e7\u00f5es na mesma empresa. Nesse processo, elaboramos term sheets, negociamos contratos e transferimos o neg\u00f3cio da startup para a nova empresa estabelecida.<\/p>\n\t\t\t\t<\/li>\n\t\t\t<li>\n\t\t\t\t<h4>Litigios relacionados a participa\u00e7\u00f5es societ\u00e1rias<\/h4>\n\t\t\t\t<div><img decoding=\"async\" src=\"\/wp-content\/themes\/monolith2021\/img\/stockrelatedlaw\/stockrelatedlaw_support_pic4.jpg\"><\/div>\n\t\t\t\t<p>Lidamos com situa\u00e7\u00f5es em que uma startup recebeu investimento de um investidor privado e a validade do contrato de investimento foi questionada mais tarde. Tamb\u00e9m enfrentamos casos em que o fundador de uma empresa bem-sucedida, ap\u00f3s vender as a\u00e7\u00f5es em um buyout, foi acusado de n\u00e3o cumprir suas obriga\u00e7\u00f5es, resultando em uma reivindica\u00e7\u00e3o de danos pela empresa compradora. Esses casos envolveram desde negocia\u00e7\u00f5es fora dos tribunais at\u00e9 disputas judiciais.<\/p>\n\t\t\t<\/li>\n\t\t<\/ul>\n\t<\/div>\n<\/section>\n\n<section class=\"white-section\">\n\t<div class=\"section-inner-tophalf\">\n\t\t<div class=\"frame2 max-width860 txt-center-pc\">\n\t\t\t<p class=\"bold txt-l\">Somos consultores jur\u00eddicos para diversas startups de tecnologia. <br>O trabalho jur\u00eddico relacionado a participa\u00e7\u00f5es acion\u00e1rias e fus\u00f5es e aquisi\u00e7\u00f5es \u00e9 uma das nossas principais especialidades.<\/p>\n\t\t<\/div>\n\t<\/div>\n<\/section>\n\n<section class=\"white-section mgb-section80\">\n\t<div class=\"anchor\" id=\"share-and-capital-increase\"><\/div>\n\t<div class=\"section-inner-black\">\n\t\t<h3>Partilha e Aumento de Capital<\/h3>\n\t\t<p class=\"mgb-middle\">Quanto \u00e0 emiss\u00e3o de a\u00e7\u00f5es por meio de aloca\u00e7\u00e3o a terceiros, cuidamos de todo o processo, desde a elabora\u00e7\u00e3o de term sheets at\u00e9 a cria\u00e7\u00e3o de acordos de investimento e acordos de acionistas. Tamb\u00e9m trabalhamos no design de a\u00e7\u00f5es preferenciais, emiss\u00e3o de direitos de aquisi\u00e7\u00e3o de a\u00e7\u00f5es, acordos entre fundadores, transfer\u00eancia de a\u00e7\u00f5es e diversas outras estrat\u00e9gias e contratos relacionados ao capital pr\u00f3prio, entre outros.<\/p>\n\n\n\n\t<\/div>\n<\/section>\n\n<section class=\"white-section mgb-section100\">\n\t<div class=\"anchor\" id=\"ma-related-legal-affairs\"><\/div>\n\t<div class=\"section-inner-black\">\n\t\t<h3>M&amp;A<\/h3>\n\t\t<p class=\"mgb-middle\">Temos bastante experi\u00eancia em transa\u00e7\u00f5es de fus\u00f5es e aquisi\u00e7\u00f5es (M&#038;A), especialmente na \u00e1rea de tecnologia, abrangendo desde transfer\u00eancias de neg\u00f3cios de servi\u00e7os web e aplicativos at\u00e9 aquisi\u00e7\u00f5es de empresas de venture. Al\u00e9m disso, agimos como cliente para uma empresa listada no primeiro segmento da Bolsa de Valores de T\u00f3quio ao transferir seu neg\u00f3cio de sistemas de TI de uma empresa de venture.<\/p>\n\n\n\n\t<\/div>\n<\/section>\n\n<section class=\"purple-section\">\n\t<div class=\"anchor\" id=\"ma-of-sns-such-as-youtube\"><\/div>\n\t<div class=\"section-inner\">\n\t\t<div class=\"flex reverse\">\n\t\t\t<div class=\"width41\"><img decoding=\"async\" src=\"\/wp-content\/themes\/monolith2021\/img\/pic\/pic_sns_manda.jpg\" alt=\"M&amp;A de SNS como o YouTube\"><\/div>\n\t\t\t<div class=\"width51\">\n\t\t\t\t<h3>M&amp;A de SNS como o YouTube<\/h3>\n\t\t\t\t<p class=\"mgb-small\">Canais do YouTube, contas do Twitter e at\u00e9 mesmo sites est\u00e3o sujeitos a fus\u00f5es e aquisi\u00e7\u00f5es (M&#038;A). No entanto, devido \u00e0 natureza espec\u00edfica dessas transa\u00e7\u00f5es, \u00e9 necess\u00e1rio contar com uma firma de advocacia que tenha conhecimento e experi\u00eancia especializada.<\/p>\n\t\t\t\t<p class=\"mgb-small\">Nossa firma esteve envolvida em v\u00e1rias transa\u00e7\u00f5es de fus\u00f5es e aquisi\u00e7\u00f5es (M&#038;A) para canais do YouTube e outros, abrangendo desde pequenas quantias at\u00e9 aquelas envolvendo mais de 100 milh\u00f5es de ienes. Oferecemos servi\u00e7os jur\u00eddicos que incluem desde a elabora\u00e7\u00e3o de contratos at\u00e9 a realiza\u00e7\u00e3o da due diligence (DD).<\/p>\n\t\t\t\t<div class=\"btn-area align-left\">\n\t\t\t\t\t\n\t\t\t\t<\/div>\n\t\t\t<\/div>\n\t\t<\/div>\n\t<\/div>\n<\/section>\n\n<section class=\"white-section\">\n\t<div class=\"anchor\" id=\"one-stop-service-in-cooperation-with-judicial-scriveners\"><\/div>\n\t<div class=\"section-inner\">\n\t\t<div class=\"flex\">\n\t\t\t<div class=\"width41\"><img decoding=\"async\" src=\"\/wp-content\/themes\/monolith2021\/img\/stockrelatedlaw\/stockrelatedlaw_pic2.jpg\" alt=\"Servi\u00e7o Exclusivo em Parceria com Escriv\u00e3es Judiciais\"><\/div>\n\t\t\t<div class=\"width51\">\n\t\t\t\t<h3>Servi\u00e7o Exclusivo em Parceria com Escriv\u00e3es Judiciais<\/h3>\n\t\t\t\t<p class=\"mgb-small\">Diferentes tipos de tarefas, como a emiss\u00e3o de novas a\u00e7\u00f5es para terceiros, s\u00e3o geralmente divididos em etapas que incluem a prepara\u00e7\u00e3o do term sheet, negocia\u00e7\u00e3o de contratos e elabora\u00e7\u00e3o de acordos de investimento e de acionistas. Essas s\u00e3o \u00e1reas onde os advogados t\u00eam especializa\u00e7\u00e3o. J\u00e1 o trabalho relacionado ao registro \u00e9 uma \u00e1rea onde os escreventes judiciais t\u00eam expertise.<\/p>\n\t\t\t\t<p class=\"mgb-small\">Como essas atividades est\u00e3o inter-relacionadas, os custos de comunica\u00e7\u00e3o se tornam mais elevados se os clientes tiverem que lidar com v\u00e1rias empresas de forma separada.<\/p>\n\t\t\t\t<p>O MONOLITH, em parceria com os escrit\u00f3rios de escreventes judiciais, pode cuidar de todos esses servi\u00e7os por meio de um \u00fanico ponto de contato, de forma integrada.<\/p>\n\t\t\t<\/div>\n\t\t<\/div>\n\t<\/div>\n<\/section>\n\n<section class=\"orange-section\">\n\t<div class=\"anchor\" id=\"legal-due-diligence-dd-support\"><\/div>\n\t<div class=\"section-inner\">\n\t\t<div class=\"flex reverse\">\n\t\t\t<div class=\"width41\"><img decoding=\"async\" src=\"\/wp-content\/themes\/monolith2021\/img\/pic\/pic_legalduediligence.jpg\" alt=\"Due Diligence\"><\/div>\n\t\t\t<div class=\"width51\">\n\t\t\t\t<h3>Due Diligence<\/h3>\n\t\t\t\t<p class=\"mgb-small\">Em processos de aquisi\u00e7\u00e3o corporativa e outras situa\u00e7\u00f5es, a dilig\u00eancia legal (DD) \u00e9 uma investiga\u00e7\u00e3o jur\u00eddica para identificar poss\u00edveis quest\u00f5es graves nas \u00e1reas de incorpora\u00e7\u00e3o, estrutura corporativa, a\u00e7\u00f5es, acionistas, afiliadas, fus\u00f5es e aquisi\u00e7\u00f5es, propriedades imobili\u00e1rias, ativos m\u00f3veis, direitos de propriedade intelectual, finan\u00e7as, contratos, lit\u00edgios, conformidade, entre outras. A due diligence \u00e9 uma tarefa que exige habilidades organizacionais por parte dos escrit\u00f3rios de advocacia. Nossa equipe de 30 advogados tem a capacidade de conduzir essa dilig\u00eancia legal e preparar relat\u00f3rios de DD de forma eficiente.<\/p>\n\t\t\t\t<p><span class=\"bold\">*Na elabora\u00e7\u00e3o de um relat\u00f3rio de due diligence (DD), geralmente s\u00e3o necess\u00e1rias mais de 30 horas de trabalho do advogado, com honor\u00e1rios advocat\u00edcios pouco acima de $12,000.<\/span><\/p>\n\t\t\t<\/div>\n\t\t<\/div>\n\t<\/div>\n<\/section>\n\n<section class=\"orange2-section\">\n\t<div class=\"anchor\" id=\"legal-due-diligence-cases-we-have-handled\"><\/div>\n\t<div class=\"section-inner\">\n\t\t<h3>Casos administrados pelo MONOLITH<\/h3>\n\t\t<p class=\"mgb-small\">Em resumo, a Due Diligence abrange quest\u00f5es que s\u00e3o fundamentais para empresas ou opera\u00e7\u00f5es comerciais, assim como aquelas que impactam significativamente as atividades corporativas.<\/p>\n\t\t<p class=\"mgb-small\">Especificamente, envolve a avalia\u00e7\u00e3o, em termos de estrutura corporativa e governan\u00e7a, para verificar se as empresas ou neg\u00f3cios podem se manter, identificando os regulamentos legais necess\u00e1rios e as permiss\u00f5es para avan\u00e7ar com as atividades, e determinando se \u00e9 vi\u00e1vel manter essas permiss\u00f5es. Al\u00e9m disso, implica avaliar o status de ativos e passivos importantes relacionados \u00e0s opera\u00e7\u00f5es comerciais, descobrir a aus\u00eancia de contratos essenciais (incluindo trabalho e transa\u00e7\u00f5es com partes relacionadas), avaliar a viabilidade da continua\u00e7\u00e3o de condi\u00e7\u00f5es favor\u00e1veis e analisar o impacto potencial de riscos manifestados que possam surgir.<\/p>\n\t\t<p class=\"mgb-middle\">Embora tenha como base fundamental esses aspectos, o escopo da due diligence pode ser ajustado a pontos espec\u00edficos de acordo com a natureza da empresa ou neg\u00f3cio.<\/p>\n\t\t<ol class=\"layout-datalist\">\n\t\t\t<li>\n\t\t\t\t<h4>Startup de Tecnologia<\/h4>\n\t\t\t\t<p>Iniciando pela an\u00e1lise da estrutura corporativa, abrangendo emiss\u00e3o de a\u00e7\u00f5es e a composi\u00e7\u00e3o de acionistas e diretores, damos destaque a uma an\u00e1lise detalhada de inven\u00e7\u00f5es patenteadas e outros direitos vinculados ao n\u00facleo do neg\u00f3cio, juntamente com a an\u00e1lise das opera\u00e7\u00f5es comerciais.<\/p>\n\t\t\t<\/li>\n\t\t\t<li>\n\t\t\t\t<h4>Empresa de Gest\u00e3o de M\u00eddia<\/h4>\n\t\t\t\t<p>Analisamos seus canais no YouTube para garantir que estivessem em conformidade com os Termos de Servi\u00e7o e a Pol\u00edtica de Privacidade. Al\u00e9m disso, verificamos se o conte\u00fado de v\u00eddeo previamente publicado estava em conformidade com as regulamenta\u00e7\u00f5es de direitos autorais e publicidade.<\/p>\n\t\t\t<\/li>\n\t\t\t<li>\n\t\t\t\t<h4>Empresa de TI e Contratos<\/h4>\n\t\t\t\t<p>Diante de uma inconsist\u00eancia entre o Estatuto Social e a situa\u00e7\u00e3o real quanto \u00e0 emiss\u00e3o de a\u00e7\u00f5es e \u00e0 realiza\u00e7\u00e3o de assembleias de acionistas, esclarecemos os riscos relacionados a essas quest\u00f5es e auxiliamos na implementa\u00e7\u00e3o de medidas corretivas para o futuro.<\/p>\n\t\t\t<\/li>\n\t\t\t<li>\n\t\t\t\t<h4>Revendedores de PCs<\/h4>\n\t\t\t\t<p>Al\u00e9m de nos concentrarmos no pr\u00f3prio neg\u00f3cio, tamb\u00e9m avaliamos o andamento das transa\u00e7\u00f5es com outras empresas e o status dos contratos para aquisi\u00e7\u00e3o de produtos da empresa. Al\u00e9m disso, como a empresa estava envolvida em contratos de constru\u00e7\u00e3o, verificamos minuciosamente os detalhes das licen\u00e7as e permiss\u00f5es relacionadas \u00e0 continuidade do neg\u00f3cio de constru\u00e7\u00e3o, bem como seu status de renova\u00e7\u00e3o, incluindo a localiza\u00e7\u00e3o da parte respons\u00e1vel.<\/p>\n\t\t\t<\/li>\n\t\t\t<li>\n\t\t\t\t<h4>Fabricantes de PCs<\/h4>\n\t\t\t\t<p>Al\u00e9m de analisarmos as condi\u00e7\u00f5es de trabalho, como regras e regulamentos salariais, realizamos uma investiga\u00e7\u00e3o detalhada, j\u00e1 que a empresa possu\u00eda diversas m\u00e1quinas de trabalho, f\u00e1bricas e terrenos. Examinamos cuidadosamente os direitos e o valor de aquisi\u00e7\u00e3o desses ativos.<\/p>\n\t\t\t<\/li>\n\t\t<\/ol>\n\t<\/div>\n<\/section>\n\n<section class=\"white-section\">\n\t<div class=\"anchor\" id=\"disputes-related-to-stocks-and-investments\"><\/div>\n\t<div class=\"section-inner\">\n\t\t<div class=\"flex\">\n\t\t\t<div class=\"width41\"><img decoding=\"async\" src=\"\/wp-content\/themes\/monolith2021\/img\/stockrelatedlaw\/stockrelatedlaw_pic4.jpg\" alt=\"Processo Empresarial\"><\/div>\n\t\t\t<div class=\"width51\">\n\t\t\t\t<h3>Processo Empresarial<\/h3>\n\t\t\t\t<p>Possu\u00edmos vasta experi\u00eancia na resolu\u00e7\u00e3o de problemas e litigios relacionados a investimentos e rela\u00e7\u00f5es empresariais, que abrangem desde processos judiciais entre corpora\u00e7\u00f5es e acionistas, como a\u00e7\u00f5es judiciais derivadas de acionistas, at\u00e9 quest\u00f5es envolvendo aumentos de capital, aquisi\u00e7\u00f5es e outros temas.<\/p>\n\t\t\t<\/div>\n\t\t<\/div>\n\t<\/div>\n<\/section>\n\n<section class=\"purple2-section\">\n\t<div class=\"anchor\" id=\"monolith-law-magazine\"><\/div>\n\t<div class=\"section-inner\">\n\t\t    <section class=\"white-section temp-article\">\n        <div class=\"section-inner\">\n            <h4>MONOLITH LAW MAGAZINE<\/h4>\n            <div class=\"articles type_practice_column\">\n                                                                    <div class=\"article article-area\">\n                        <figure>\n                            <div class=\"img-wrap\">\n                                <img alt=\"\u3010Implementa\u00e7\u00e3o em Outubro de 2024 (Reiwa 6)\u3011Vantagens e Desvantagens da N\u00e3o Divulga\u00e7\u00e3o do Endere\u00e7o do Diretor Representante no Registo\" src=\"https:\/\/monolith.law\/pt\/wp-content\/uploads\/sites\/11\/2024\/07\/shutterstock_446633164-1.webp\" width=\"500\" height=\"250\">\n                            <\/div>\n                            <figcaption>\n                                <div class=\"figcaption-inner\">\n                                    <h3>\u3010Implementa\u00e7\u00e3o em Outubro de 2024 (Reiwa 6)\u3011Vantagens e Desvantagens da N\u00e3o Divu.<\/h3>\n                                <\/div>\n                            <\/figcaption>\n                            <a href=\"https:\/\/monolith.law\/pt\/general-corporate\/ceo-address-hidden\"><\/a>\n                        <\/figure>\n                    <\/div>\n                                                    <div class=\"article article-area\">\n                        <figure>\n                            <div class=\"img-wrap\">\n                                <img alt=\"Transa\u00e7\u00f5es Crescentes Al\u00e9m das Fronteiras Nacionais: A Lei Aplic\u00e1vel aos Contratos Internacionais Necess\u00e1rios para o Com\u00e9rcio Internacional e as Diferen\u00e7as em Rela\u00e7\u00e3o aos Contratos Dom\u00e9sticos\" src=\"https:\/\/monolith.law\/pt\/wp-content\/uploads\/sites\/11\/2024\/03\/Shutterstock_736886620.webp\" width=\"500\" height=\"250\">\n                            <\/div>\n                            <figcaption>\n                                <div class=\"figcaption-inner\">\n                                    <h3>Transa\u00e7\u00f5es Crescentes Al\u00e9m das Fronteiras Nacionais: A Lei Aplic\u00e1vel aos Contrat.<\/h3>\n                                <\/div>\n                            <\/figcaption>\n                            <a href=\"https:\/\/monolith.law\/pt\/general-corporate\/international-contract\"><\/a>\n                        <\/figure>\n                    <\/div>\n                                                    <div class=\"article article-area\">\n                        <figure>\n                            <div class=\"img-wrap\">\n                                <img alt=\"O que \u00e9 o Contrato de Seguro de Responsabilidade Civil de Diretores e Executivos? Explica\u00e7\u00e3o dos procedimentos ap\u00f3s a revis\u00e3o da 'Lei das Sociedades Japonesa' e diferen\u00e7as em rela\u00e7\u00e3o \u00e0 compensa\u00e7\u00e3o da empresa\" src=\"https:\/\/monolith.law\/pt\/wp-content\/uploads\/sites\/11\/2024\/03\/Shutterstock_2311231603.webp\" width=\"500\" height=\"250\">\n                            <\/div>\n                            <figcaption>\n                                <div class=\"figcaption-inner\">\n                                    <h3>O que \u00e9 o Contrato de Seguro de Responsabilidade Civil de Diretores e Executivos.<\/h3>\n                                <\/div>\n                            <\/figcaption>\n                            <a href=\"https:\/\/monolith.law\/pt\/general-corporate\/directors-liability-insurance-contract\"><\/a>\n                        <\/figure>\n                    <\/div>\n                                            <\/div>\n            <div class=\"btn-more\"><a href=\"https:\/\/monolith.law\/pt\/tag\/m-and-a\">Ler mais<\/a><\/div>\n        <\/div>\n    <\/section>\n\t<\/div>\n<\/section>\n\n<section class=\"orange2-section\">\n\t<div class=\"anchor\" id=\"fee-structure\"><\/div>\n\t<div class=\"section-inner\">\n\t<div class=\"planWrap\">\n\t<h3>Estrutura de<br>Honor\u00e1rios<\/h3>\n\t<ul class=\"plan\">\n\t\t<li class=\"txt-left\">\n\t\t\t<div class=\"plan-inner\">\n\t\t\t<div class=\"plan-header\">\n\t\t\t<h4 class=\"plan-title\">Valor\/Hora<\/h4>\n\t\t\t<div class=\"plan-price\"><span class=\"price-figure\">$300<\/span> por hora <span class=\"price-tax\"><\/span><\/div>\n\t\t\t<\/div>\n\t\t\t<div class=\"plan-body\">Em determinadas situa\u00e7\u00f5es, podemos avaliar a possibilidade de assumir um litigio ou processo com uma taxa inicial e uma taxa contingente. Para obter mais detalhes, sinta-se \u00e0 vontade para entrar em contato conosco.<\/div>\n\t\t\t<\/div>\n\t\t<\/li>\n\t\t<li class=\"txt-left\">\n\t\t\t<div class=\"plan-inner\">\n\t\t\t<div class=\"plan-header\">\n\t\t\t<h4 class=\"plan-title\">Elabora\u00e7\u00e3o de Contratos<\/h4>\n\t\t\t<div class=\"plan-price\"><span class=\"price-value\">a partir de<\/span><span class=\"price-figure\">$500<\/span><span class=\"price-value\">at\u00e9 $2,000 ou mais<\/span><span class=\"price-tax\"><\/span><\/div>\n\t\t\t<\/div>\n\t\t\t<div class=\"plan-body\">Os custos podem variar dependendo do tipo e quantidade de contratos. Ficar\u00edamos felizes em fornecer uma estimativa preliminar durante uma consulta. Por favor, n\u00e3o hesite em entrar em contato conosco para mais detalhes.<\/div>\n\t\t\t<\/div>\n\t\t<\/li>\n\t\t<li class=\"txt-left\">\n\t\t\t<div class=\"plan-inner\">\n\t\t\t<div class=\"plan-header\">\n\t\t\t<h4 class=\"plan-title\">Outros Servi\u00e7os<\/h4>\n\t\t\t<div class=\"plan-price\"><span class=\"price-figure\">Contacte-nos<\/span><\/div>\n\t\t\t<\/div>\n\t\t\t<div class=\"plan-body\">Disponibilizamos diversos servi\u00e7os, como abertura de empresas, an\u00e1lise de contratos, emiss\u00e3o de pareceres legais e revis\u00e3o de casos ou cartas de pesquisa. Caso tenha alguma d\u00favida ou quest\u00e3o, convidamos voc\u00ea a entrar em contato conosco. Nossa equipe especializada ter\u00e1 prazer em ajudar.<\/div>\n\t\t\t<\/div>\n\t\t\t<\/div>\n\t\t<\/li>\n\t<\/ul>\n\t<\/div>\n\t<\/div>\n<\/section>\n\n<section class=\"white-section\">\n\t<div class=\"section-inner\">\n\t\t<div class=\"btn-area\">\n\t\t\t<div class=\"btn icon-contact\"><a href=\"\/pt\/contact\">Entre em Contato<\/a><\/div>\n\t\t<\/div>\n\t<\/div>\n<\/section>\n","protected":false},"excerpt":{"rendered":"<p>M&amp;A O MONOLITH LAW OFFICE participou de in\u00fameros casos legais relacionados a acordos acion\u00e1rios e M&amp;A, principalmente relacionados a industria de TI, incluindo aplicativos e servi\u00e7os web. Somo [&hellip;]<\/p>\n","protected":false},"author":1,"featured_media":57141,"parent":0,"menu_order":7,"comment_status":"closed","ping_status":"closed","template":"other-page-temp.php","meta":{"footnotes":""},"acf":[],"_links":{"self":[{"href":"https:\/\/monolith.law\/pt\/wp-json\/wp\/v2\/pages\/32408"}],"collection":[{"href":"https:\/\/monolith.law\/pt\/wp-json\/wp\/v2\/pages"}],"about":[{"href":"https:\/\/monolith.law\/pt\/wp-json\/wp\/v2\/types\/page"}],"author":[{"embeddable":true,"href":"https:\/\/monolith.law\/pt\/wp-json\/wp\/v2\/users\/1"}],"replies":[{"embeddable":true,"href":"https:\/\/monolith.law\/pt\/wp-json\/wp\/v2\/comments?post=32408"}],"version-history":[{"count":32,"href":"https:\/\/monolith.law\/pt\/wp-json\/wp\/v2\/pages\/32408\/revisions"}],"predecessor-version":[{"id":60005,"href":"https:\/\/monolith.law\/pt\/wp-json\/wp\/v2\/pages\/32408\/revisions\/60005"}],"wp:featuredmedia":[{"embeddable":true,"href":"https:\/\/monolith.law\/pt\/wp-json\/wp\/v2\/media\/57141"}],"wp:attachment":[{"href":"https:\/\/monolith.law\/pt\/wp-json\/wp\/v2\/media?parent=32408"}],"curies":[{"name":"wp","href":"https:\/\/api.w.org\/{rel}","templated":true}]}}