{"id":4096,"date":"2023-11-08T17:53:29","date_gmt":"2023-11-08T08:53:29","guid":{"rendered":"https:\/\/monolith.law\/?page_id=4096"},"modified":"2023-12-26T19:35:07","modified_gmt":"2023-12-26T10:35:07","slug":"overview-of-our-firm","status":"publish","type":"page","link":"https:\/\/monolith.law\/pt\/overview-of-our-firm","title":{"rendered":"Vis\u00e3o Geral do Nosso Escrit\u00f3rio"},"content":{"rendered":"\n<section class=\"heading-area\">\n\t<div class=\"heading-area-inner\">\n\t\t<h2 class=\"icon-overview-of-our-firm\">Vis\u00e3o Geral do Nosso Escrit\u00f3rio <\/h2>\n\t\t<p>A MONOLITH LAW OFFICE \u00e9 um escrit\u00f3rio de advocacia japon\u00eas sediado em T\u00f3quio, com especializa\u00e7\u00e3o nas \u00e1reas de TI, Internet e Neg\u00f3cios, composto por especialistas em TI, incluindo o Advogado Fundador que tem uma vasta experi\u00eancia como engenheiro de TI.<\/p>\n\t<\/div>\n<\/section>\n<section class=\"white-section\">\n\t<div class=\"section-inner pdt0 border-bottom-section\">\n\t\t<p>O nosso Advogado Fundador, Toki Kawase, interessou-se por programa\u00e7\u00e3o desde o terceiro ano do ensino fundamental e trabalhou na ind\u00fastria de TI enquanto estudante universit\u00e1rio. Em seus vinte anos, ele teve experi\u00eancia na gest\u00e3o de startups e de empresas maiores. Atrav\u00e9s da sinergia dessas experi\u00eancias \u00fanicas, nosso escrit\u00f3rio conta com uma equipe de profissionais de TI que ajudam a fornecer solu\u00e7\u00f5es para nossos clientes.\nA MONOLITH LAW OFFICE oferece servi\u00e7os de consultoria jur\u00eddica, aproveitando ao m\u00e1ximo sua for\u00e7a no campo da TI. Nossos clientes variam desde empresas de alto n\u00edvel at\u00e9 startups na fase inicial. Temos vasta experi\u00eancia em fornecer servi\u00e7os jur\u00eddicos relacionados \u00e0 TI para diversas empresas. <\/p>\n\t<\/div>\n<\/section>\n<section class=\"second-nav\">\n\t<div class=\"second-nav-inner\">\n\t\t<p>MENU<\/p>\n\t\t<nav>\n\t\t\t<ul>\n\t\t\t\t<li><a href=\"#specialization-in-it\">Especializa\u00e7\u00e3o em TI<\/a><\/li>\n\t\t\t\t<li><a href=\"#law-firm-at-otemachi-tokyo\">Escrit\u00f3rio de Advocacia em Otemachi, T\u00f3quio<\/a><\/li>\n\t\t\t\t<li><a href=\"#what-is-a-monolith\">O que \u00e9 &#8220;mon\u00f3lito&#8221;<\/a><\/li>\n\t\t\t\t<li><a href=\"#from-legal-advisor-to-it-specialized-lawyer\">De Conselheiros Jur\u00eddicos para Especialistas Jur\u00eddicos em TI<\/a><\/li>\n\t\t\t\t<li><a href=\"#handling-cross-border-legal-matters\">Tratando de Assuntos Legais Transfronteiri\u00e7os<\/a><\/li>\n\t\t\t\t<li><a href=\"#our-clients\">Nossos Clientes<\/a><\/li>\n\t\t\t<\/ul>\n\t\t<\/nav>\n\t<\/div>\n<\/section>\n<section class=\"white-section\">\n\t<div class=\"anchor\" id=\"Especializa\u00e7\u00e3o em TI\"><\/div>\n\t<div class=\"section-inner\">\n\t\t<div class=\"flex\">\n\t\t\t<div class=\"width41\"><img decoding=\"async\" src=\"\/wp-content\/uploads\/2023\/06\/about_pic1.jpg\" alt=\"Especializa\u00e7\u00e3o em TI\"><\/div>\n\t\t\t<div class=\"width51\">\n\t\t\t\t<h3>Especializa\u00e7\u00e3o em TI<\/h3>\n\t\t\t\t<p class=\"mgb-small\">Somos um escrit\u00f3rio de advocacia japon\u00eas sediado em T\u00f3quio com uma forte especializa\u00e7\u00e3o em TI. N\u00e3o s\u00f3 possu\u00edmos uma equipe de Advogados especializados em diferentes \u00e1reas de TI, como tamb\u00e9m temos uma equipe de Consultores de TI com vasto conhecimento na \u00e1rea. Atrav\u00e9s da sinergia entre direito e TI, garantimos os melhores interesses de nossos clientes.<\/p>\n\t\t\t\t<p class=\"mgb-small\">.O nosso advogado representante, Toki Kawase, come\u00e7ou a programar no terceiro ano do ensino fundamental. Toki mergulhou na ind\u00fastria de TI, onde se envolveu logo ap\u00f3s entrar na universidade; e nos neg\u00f3cios, especialmente startups e empresas de pequeno e m\u00e9dio porte, os quais ele experienciou em seus 20 anos. Essas s\u00e3o as especialidades de Toki Kawase, nosso Advogado Fundador, e as \u00e1reas de atua\u00e7\u00e3o da MONOLITH LAW OFFICE.<\/p>\n\t\t\t\t<p class=\"mgb-middle\">Com essas perspectivas, a MONOLITH LAW OFFICE foca em servi\u00e7os de consultoria e outros com &#8220;TI&#8221; como palavra-chave, desde Empresas de Alto N\u00edvel at\u00e9 startups em fase inicial, bem como servi\u00e7os com &#8220;Internet&#8221; e &#8220;Neg\u00f3cios&#8221; como palavras-chave, desde assuntos jur\u00eddicos da Internet para empresas listadas at\u00e9 fus\u00f5es e aquisi\u00e7\u00f5es.<\/p>\n\t\t\t\t<div class=\"btn-area\">\n\t\t\t\t\t<div class=\"btn icon-services\"><a href=\"\/pt\/services\">Servi\u00e7os<\/a><\/div>\n\t\t\t\t\t<div class=\"btn icon-people\"><a href=\"\/en\/people\">Pessoal [en]<\/a><\/div>\n\t\t\t\t<\/div>\n\t\t\t<\/div>\n\t\t<\/div>\n\t<\/div>\n<\/section>\n<section class=\"purple-section\">\n\t<div class=\"anchor\" id=\"law-firm-at-otemachi-tokyo\"><\/div>\n\t<div class=\"section-inner\">\n\t\t<div class=\"flex reverse\">\n\t\t\t<div class=\"width41\"><img decoding=\"async\" src=\"\/wp-content\/uploads\/2023\/06\/about_pic2.jpg\" alt=\"Law Firm at Otemachi, Tokyo\"><\/div>\n\t\t\t<div class=\"width51\">\n\t\t\t\t<div class=\"inline-inner\">\n\t\t\t\t\t<h3>Escrit\u00f3rio de Advocacia em Otemachi, T\u00f3quio<\/h3>\n\t\t\t\t\t<p class=\"mgb-small\">MONOLITH LAW OFFICE \u00e9 um escrit\u00f3rio de advocacia japon\u00eas localizado em Otemachi, Chiyoda-ku, T\u00f3quio.<\/p>\n\t\t\t\t\t<p class=\"mgb-small\">Atuamos como consultores jur\u00eddicos para aproximadamente 492 empresas de TI, desde startups em est\u00e1gio inicial at\u00e9 empresas listadas na Primeira Se\u00e7\u00e3o da TSE, que representam as maiores e mais prestigiadas empresas listadas na Bolsa de Valores de T\u00f3quio. Prestamos servi\u00e7os jur\u00eddicos para um total de 1023 clientes, focando em assuntos legais relacionados \u00e0 TI, como preven\u00e7\u00e3o de danos \u00e0 reputa\u00e7\u00e3o, ant\u00eddifama\u00e7\u00e3o e disputas relacionadas ao desenvolvimento de sistemas.<\/p>\n\t\t\t\t\t<p class=\"mgb-middle\">\u201dEspecializa\u00e7\u00e3o em TI e Neg\u00f3cios\u201d \u00e9 o que nos torna especiais.<\/p>\n\t\t\t\t\t<div class=\"btn-area\">\n\t\t\t\t\t\t<div class=\"btn icon-access\"><a href=\"\/pt\/access\">Acesso<\/a><\/div>\n\t\t\t\t\t<\/div>\n\t\t\t\t<\/div>\n\t\t\t<\/div>\n\t\t<\/div>\n\t<\/div>\n<\/section>\n<section class=\"white-section\">\n\t<div class=\"anchor\"><\/div>\n\t<div class=\"section-inner\">\n\t\t<div class=\"flex\">\n\t\t\t<div class=\"width41\"><img decoding=\"async\" src=\"\/wp-content\/themes\/monolith2021\/img\/about\/about_pic3.jpg\" alt=\"What is a Monolith\"><\/div>\n\t\t\t<div class=\"width51\">\n\t\t\t\t<h3>O que \u00e9 &#8220;mon\u00f3lito&#8221;<\/h3>\n\t\t\t\t<p class=\"mgb-small\">A palavra \u201cmonolito\u201d \u00e9 derivada do latim, significando uma rocha \u00fanica ou isolada. No filme \u201c2001: Uma Odisseia no Espa\u00e7o\u201d de Stanley Kubrick, eles s\u00e3o retratados como ferramentas de intelig\u00eancia extraterrestre, com o papel de catalisar a evolu\u00e7\u00e3o humana.\n<\/p>\n\t\t\t\t<p class=\"mgb-small\">A miss\u00e3o da MONOLITH LAW OFFICE \u00e9 promover a evolu\u00e7\u00e3o da TI e outras tecnologias, bem como dos sistemas sociais como um especialista legal. A MONOLITH trabalha para testar as hip\u00f3teses levantadas por empresas startups, coordenar TI e direito em contramedidas de danos \u00e0 reputa\u00e7\u00e3o, bem como na resolu\u00e7\u00e3o de disputas, e construir sistemas de neg\u00f3cios mais eficientes.<\/p>\n\t\t\t\t<p class=\"mgb-small\">A MONOLITH LAW OFFICE acredita que o direito catalisa a evolu\u00e7\u00e3o da humanidade atrav\u00e9s da tecnologia e sociedade. <\/p>\n\t\t\t\t<p class=\"mgb-middle\">O objetivo final da MONOLITH LAW OFFICE \u00e9 promover a evolu\u00e7\u00e3o da TI, sociedade e humanidade. <\/p>\n\t\t<\/div>\n\t<\/div>\n<\/section>\n<section class=\"orange-section\">\n\t<div class=\"anchor\" id=\"from-legal-advisor-to-it-specialized-lawyer\"><\/div>\n\t<div class=\"section-inner\">\n\t\t<div class=\"flex reverse\">\n\t\t\t<div class=\"width41\"><img decoding=\"async\" src=\"\/wp-content\/uploads\/2023\/06\/about_pic4.jpg\" alt=\"From \"><\/div>\n\t\t\t<div class=\"width51\">\n\t\t\t\t<h3>De Conselheiros Jur\u00eddicos para Especialistas Jur\u00eddicos em TI<\/h3>\n\t\t\t\t<p class=\"mgb-small\">A MONOLITH LAW OFFICE destaca suas vantagens em \u201cassuntos jur\u00eddicos de TI, assuntos jur\u00eddicos da Internet e assuntos jur\u00eddicos de Neg\u00f3cios\u201d. Prestamos servi\u00e7os legais a muitas empresas com foco em TI. Oferecemos dois principais tipos de servi\u00e7os jur\u00eddicos.<\/p>\n\t\t\t\t<p class=\"mgb-small\">O primeiro \u00e9 um servi\u00e7o baseado na posi\u00e7\u00e3o de &#8220;Conselheiro Geral&#8221; ou &#8220;Diretor Jur\u00eddico&#8221; para uma empresa de TI. Como o principal neg\u00f3cio da empresa est\u00e1 relacionado \u00e0 TI, nossa firma \u00e9 escolhida por sua capacidade de entender a tecnologia e os neg\u00f3cios de TI do cliente.\n<\/p>\n\t\t\t\t<p class=\"mgb-small\">O segundo \u00e9 atuar como um &#8220;profissional jur\u00eddico de TI\/Internet&#8221; para empresas onde a TI n\u00e3o \u00e9 seu neg\u00f3cio principal. Embora a TI n\u00e3o seja o foco de neg\u00f3cios como finan\u00e7as, im\u00f3veis e restaurantes, eles n\u00e3o podem mais existir sem a TI e a Internet. Fornecemos suporte de uma perspectiva legal para empresas em suas opera\u00e7\u00f5es relacionadas \u00e0 TI e \u00e0 Internet.<\/p>\n\t\t\t\t<p class=\"mgb-middle\">A MONOLITH LAW OFFICE trabalhar\u00e1 com voc\u00ea em v\u00e1rias posi\u00e7\u00f5es com base em nosso alto n\u00edvel de expertise para apoiar o desenvolvimento de sua empresa.<\/p>\n\t\t\t\t<div class=\"btn-area\">\n\t\t\t\t\t<div class=\"btn icon-general-corporate\"><a href=\"\/pt\/services#general-corporate\">Direito Empresarial<\/a><\/div>\n\t\t\t\t\t<div class=\"btn icon-it\"><a href=\"\/pt\/services#it\">TI<\/a><\/div>\n\t\t\t\t<\/div>\n\t\t\t<\/div>\n\t\t<\/div>\n\t<\/div>\n<\/section>\n<section class=\"white-section\">\n\t<div class=\"anchor\" id=\"handling-cross-border-legal-matters\"><\/div>\n\t<div class=\"section-inner\">\n\t\t<div class=\"flex\">\n\t\t\t<div class=\"width41\"><img decoding=\"async\" src=\"\/wp-content\/uploads\/2023\/06\/about_pic5.jpg\" alt=\"Tratando de Assuntos Legais Transfronteiri\u00e7os\"><\/div>\n\t\t\t<div class=\"width51\">\n\t\t\t\t<h3>Tratando de Assuntos Legais Transfronteiri\u00e7os<\/h3>\n\t\t\t\t<p class=\"mgb-small\">Gerir quest\u00f5es legais transfronteiri\u00e7as nos setores de TI e Internet \u00e9 a nossa especialidade. \u00c0 medida que a globaliza\u00e7\u00e3o e as atividades transfronteiri\u00e7as ganham import\u00e2ncia, ter o apoio jur\u00eddico adequado torna-se crucial.\n<\/p>\n\t\t\t\t<p class=\"mgb-small\">Por exemplo, quando uma empresa japonesa de SaaS se expande para mercados internacionais, cumprir com os requisitos e regulamentos legais locais torna-se essencial. Da mesma forma, ao receber investimentos estrangeiros, a assist\u00eancia na elabora\u00e7\u00e3o e negocia\u00e7\u00e3o de acordos de investimento e documentos legais relacionados \u00e9 necess\u00e1ria. Por outro lado, para empresas japonesas envolvidas em fus\u00f5es e aquisi\u00e7\u00f5es no exterior ou expans\u00e3o global, entender as leis e regulamentos locais \u00e9 vital. Al\u00e9m disso, superar barreiras lingu\u00edsticas e culturais em casos como marketing de influenciadores e demanda inbound requer abordar leis locais e quest\u00f5es contratuais.<\/p>\n\t\t\t\t<p class=\"mgb-middle\">O ESCRIT\u00d3RIO DE ADVOCACIA MONOLITH fortaleceu suas capacidades em campos jur\u00eddicos de ponta para atender \u00e0s demandas de transfronteiri\u00e7idade e globaliza\u00e7\u00e3o. Combinando nossa equipe de advogados com engenheiros e outros profissionais, oferecemos suporte abrangente, aproveitando o conhecimento t\u00e9cnico e a expertise jur\u00eddica, para a expans\u00e3o internacional e os esfor\u00e7os de neg\u00f3cios globais de nossos clientes<\/p>\n\t\t\t\t<div class=\"btn-area\">\n\t\t\t\t\t<div class=\"btn icon-cross-border\"><a href=\"\/pt\/services#cross-border\">Cross-Border<\/a><\/div>\n\t\t\t\t<\/div>\n\t\t\t<\/div>\n\t\t<\/div>\n\t<\/div>\n<\/section>\n<section class=\"purple-section\">\n\t<div class=\"anchor\" id=\"our-clients\"><\/div>\n\t<div class=\"section-inner\">\n\t\t<div class=\"flex reverse\">\n\t\t\t<div class=\"width41\"><img decoding=\"async\" src=\"\/wp-content\/uploads\/2019\/09\/beartail_kurosaki.jpg\" alt=\"Our Clients\"><\/div>\n\t\t\t<div class=\"width51\">\n\t\t\t\t<h3>Nossos Clientes<\/h3>\n\t\t\t\t<p class=\"mgb-small\">MONOLITH LAW OFFICE oferece dois tipos principais de servi\u00e7os. O primeiro \u00e9 atuar como consultor jur\u00eddico geral ou diretor jur\u00eddico de uma empresa de TI e startup, lidando com os assuntos jur\u00eddicos gerais da empresa. O segundo \u00e9 atuar como um \u201cadvogado de TI e PI\u201d para diversas empresas, e tratar dos assuntos jur\u00eddicos de TI e PI da empresa.\n\nRecebemos a seguinte mensagem de nossos clientes:<\/p>\n\t\t\t\t<p class=\"mgb-small\">Recebemos a seguinte mensagem de nossos clientes:<\/p>\n\t\t\t\t<p class=\"mgb-small\">\u201cAssumir risco jur\u00eddico requer um entendimento sobre tecnologia, e MONOLITH LAW OFFICE \u00e9 um profissional nesta \u00e1rea.\u201d<\/p>\n\t\t\t\t<p class=\"mgb-small\">\u201cMONOLITH LAW OFFICE \u00e9 \u00fatil porque trabalham conosco para descobrir &#8216;como controlar o risco&#8217; sob a perspectiva de um executivo da empresa.\u201d<\/p>\n\t\t\t\t<p class=\"mgb-middle\">\u201cMONOLITH LAW OFFICE \u00e9 ao mesmo tempo um escrit\u00f3rio de advocacia e uma consultoria de gest\u00e3o. Eles fornecem uma base legal para suas explica\u00e7\u00f5es.\u201d<\/p>\n\t\t\t\t\n\t\t<\/div>\n\t<\/div>\n<\/section>\n","protected":false},"excerpt":{"rendered":"<p>Vis\u00e3o Geral do Nosso Escrit\u00f3rio A MONOLITH LAW OFFICE \u00e9 um escrit\u00f3rio de advocacia japon\u00eas sediado em T\u00f3quio, com especializa\u00e7\u00e3o nas \u00e1reas de TI, Internet e Neg\u00f3cios, composto por especialistas em TI, [&hellip;]<\/p>\n","protected":false},"author":1,"featured_media":56658,"parent":0,"menu_order":1,"comment_status":"closed","ping_status":"closed","template":"other-page-temp.php","meta":{"footnotes":""},"acf":[],"_links":{"self":[{"href":"https:\/\/monolith.law\/pt\/wp-json\/wp\/v2\/pages\/4096"}],"collection":[{"href":"https:\/\/monolith.law\/pt\/wp-json\/wp\/v2\/pages"}],"about":[{"href":"https:\/\/monolith.law\/pt\/wp-json\/wp\/v2\/types\/page"}],"author":[{"embeddable":true,"href":"https:\/\/monolith.law\/pt\/wp-json\/wp\/v2\/users\/1"}],"replies":[{"embeddable":true,"href":"https:\/\/monolith.law\/pt\/wp-json\/wp\/v2\/comments?post=4096"}],"version-history":[{"count":98,"href":"https:\/\/monolith.law\/pt\/wp-json\/wp\/v2\/pages\/4096\/revisions"}],"predecessor-version":[{"id":59976,"href":"https:\/\/monolith.law\/pt\/wp-json\/wp\/v2\/pages\/4096\/revisions\/59976"}],"wp:featuredmedia":[{"embeddable":true,"href":"https:\/\/monolith.law\/pt\/wp-json\/wp\/v2\/media\/56658"}],"wp:attachment":[{"href":"https:\/\/monolith.law\/pt\/wp-json\/wp\/v2\/media?parent=4096"}],"curies":[{"name":"wp","href":"https:\/\/api.w.org\/{rel}","templated":true}]}}