{"id":41151,"date":"2022-12-01T14:33:54","date_gmt":"2022-12-01T05:33:54","guid":{"rendered":"https:\/\/monolith.law\/?page_id=41151"},"modified":"2025-08-30T09:09:35","modified_gmt":"2025-08-30T00:09:35","slug":"home","status":"publish","type":"page","link":"https:\/\/monolith.law\/pt\/","title":{"rendered":"MONOLITH LAW OFFICE | T\u00f3quio, Jap\u00e3o"},"content":{"rendered":"\n<p>\n<\/p>\n\n\n\n<section class=\"white-section front-top\" data-delighter=\"\">\n\t<div class=\"section-inner\">\n\t<div class=\"top-logo\">\n\t<div class=\"base\"><\/div>\n\t<img decoding=\"async\" src=\"\/wp-content\/themes\/monolith2021\/img\/top\/top_logo_m.svg\" alt=\"M\" class=\"top-logo-1\">\n\t<img decoding=\"async\" src=\"\/wp-content\/themes\/monolith2021\/img\/top\/top_logo_o.svg\" alt=\"O\" class=\"top-logo-2\">\n\t<img decoding=\"async\" src=\"\/wp-content\/themes\/monolith2021\/img\/top\/top_logo_n.svg\" alt=\"N\" class=\"top-logo-3\">\n\t<img decoding=\"async\" src=\"\/wp-content\/themes\/monolith2021\/img\/top\/top_logo_o.svg\" alt=\"O\" class=\"top-logo-4\">\n\t<img decoding=\"async\" src=\"\/wp-content\/themes\/monolith2021\/img\/top\/top_logo_l.svg\" alt=\"L\" class=\"top-logo-5\">\n\t<img decoding=\"async\" src=\"\/wp-content\/themes\/monolith2021\/img\/top\/top_logo_i.svg\" alt=\"I\" class=\"top-logo-6\">\n\t<img decoding=\"async\" src=\"\/wp-content\/themes\/monolith2021\/img\/top\/top_logo_t.svg\" alt=\"T\" class=\"top-logo-7\">\n\t<img decoding=\"async\" src=\"\/wp-content\/themes\/monolith2021\/img\/top\/top_logo_h.svg\" alt=\"H\" class=\"top-logo-8\">\n\t<\/div>\n\t<p class=\"text1\"><strong>Revolucionando o TI<\/strong><\/p>\n\t<p class=\"text2\">Hoje, embora o TI esteja no centro dos neg\u00f3cios, <br class=\"sp-none\">us\u00e1-lo de forma eficiente certamente requer uma boa gest\u00e3o de risco legal.<br>No MONOLITH LAW OFFICE, nossa equipe de advogados e consultores de TI trabalham em conjunto para resolver os problemas dos clientes.<br class=\"sp-none\">Nossa miss\u00e3o \u00e9 contribuir para a inova\u00e7\u00e3o em IT e alimentar o crescimento no Jap\u00e3o, capacitando as empresas a alcan\u00e7ar objetivos sem precedentes.<\/p>\n\t\n\t<\/div>\n<\/section>\n<section class=\"white-section front-about\">\n\t<div class=\"section-inner\">\n\t<div class=\"text\">\n\t<p class=\"en\">SOBRE O MONOLITH LAW OFFICE<\/p>\n\t<h2>Nossa miss\u00e3o como profissionais do direito e com forma\u00e7\u00e3o em TI.<\/h2>\n\t<p class=\"text\">O MONOLITH LAW OFFICE \u00e9 um escrit\u00f3rio de advocacia japon\u00eas sediado em T\u00f3quio que presta servi\u00e7os jur\u00eddicos na \u00e1rea de TI a uma variedade de empresas.<br>Toki Kawase, o nosso s\u00f3cio fundador, trabalhou como engenheiro de TI desde quando era estudante universit\u00e1rio, de forma que sua experi\u00eancia profissional inclui n\u00e3o somente o trabalho juridico, mas tamb\u00e9m TI e engenharia. Toki viu com os seus pr\u00f3prios olhos o crescimento significativo de startups e outras empresas, e os v\u00e1rios riscos envolvidos. Ele entende que, para que o TI continue a trazer grandes benef\u00edcios para as empresas no futuro, \u00e9 necess\u00e1rio ter uma perspectiva jur\u00eddica inovadora.<br>Com base nesta experi\u00eancia, ele fundou o MONOLITH LAW OFFICE, escrit\u00f3rio de advocacia altamente especializado, e que conta com consultores de TI para fornecer uma variedade de solu\u00e7\u00f5es.<\/p>\n\t<\/div>\n\t<div class=\"pic\"><img decoding=\"async\" src=\"\/wp-content\/themes\/monolith2021\/img\/top\/kawase_pic.png\" alt=\"O nosso s\u00f3cio fundador, Toki Kawase\"><\/div>\n\t<\/div>\n<\/section>\n<section class=\"white-section front-numbers\">\n\t<div class=\"section-inner\">\n\t<p class=\"en\">MONOLITH LAW OFFICE EM N\u00daMEROS<\/p>\n\t<h2>A nossa experi\u00eancia como um escrit\u00f3rio de advocacia e como especialista em IT corporativa.<\/h2>\n\t<div class=\"box-wrap\">\n\t<div class=\"sub-box\">\n\t\t<h3>Clientes<\/h3>\n\t\t<p class=\"code\">1855\n\t\t<p class=\"text\">Apoiamos diversos tipos de empresas em v\u00e1rios setores. Nossa clientela varia desde as principais organiza\u00e7\u00f5es do Jap\u00e3o at\u00e9 empresas de pequeno e m\u00e9dio porte. Fornecemos servi\u00e7os que atendem \u00e0s necessidades espec\u00edficas de cada cliente.<\/p>\n\t<\/div>\n\t<div class=\"sub-box\">\n\t\t<h3>Solu\u00e7\u00f5es TI Originais<\/h3>\n\t\t<p class=\"code\">7\n\t\t<p class=\"text\">Somos uma equipe especializada em TI corporativa. O MONOLITH LAW OFFICE \u00e9 uma equipe de advogados habilidosos e consultores de IT dedicados a criar solu\u00e7\u00f5es personalizadas para as suas necessidades espec\u00edficas.<\/p>\n\t<\/div>\n\t<div class=\"sub-box\">\n\t\t<h3>Advogados<\/h3>\n\t\t<p class=\"code\">30\n\t\t<p class=\"text\">O fator mais importante na resolu\u00e7\u00e3o de problemas de TI \u00e9 a velocidade da resposta inicial. O MONOLITH LAW OFFICE possui muitos advogados que podem responder a uma ampla variedade de consultas diariamente.<\/p>\n\t<\/div>\n\t<div class=\"sub-box\">\n\t\t<h3>Consultores de TI<\/h3>\n\t\t<p class=\"code\">16\n\t\t<p class=\"text\">Acreditamos que os consultores de TI s\u00e3o t\u00e3o importantes quanto os advogados para acompanhar a tecnologia em constante evolu\u00e7\u00e3o e enfrentar desafios corporativos de TI cada vez mais sofisticados.<\/p>\n\t<\/div>\n\t<div class=\"sub-box\">\n<h3>International Desk<\/h3>\n\t\t<p class=\"code\">18\n\t\t<p class=\"text\">Escrit\u00f3rio de advocacia japon\u00eas com expertise em transa\u00e7\u00f5es internacionais, lit\u00edgios e compliance regulat\u00f3rio. Solu\u00e7\u00f5es jur\u00eddicas personalizadas para clientes globais em quest\u00f5es de neg\u00f3cios.<\/p>\n\t<\/div>\n\t<div class=\"sub-box\">\n\t\t<h3>Artigos de Insights em TI e Direito<\/h3>\n\t\t<p class=\"code\">1056\n\t\t<p class=\"text\">Analisamos e explicamos diversos estudos de caso em TI corporativa no meio digital \u201cMONOLITH LAW MAGAZINE.\u201d Continuamos a pesquisar solu\u00e7\u00f5es adequadas para os desafios cada vez mais complexos e variados na TI corporativa.<\/p>\n\t<\/div>\n\t<\/div>\n\t<\/div>\n<\/section>\n<section class=\"front-service\">\n\t<div class=\"section-inner\">\n\t\t<p class=\"en\">SERVI\u00c7OS PRESTADOS PELO MONOLITH LAW OFFICE<\/p>\n\t\t<h2>Nossas solu\u00e7\u00f5es para riscos complexos de TI.<\/h2>\n\t<\/div>\n\t<div class=\"front-service-field\">\n\t<div class=\"section-inner\">\n\t<h3><a href=\"\/en\/services\">Servi\u00e7os<\/a><\/h3>\n\t<div class=\"box-wrap\">\n\t<div class=\"sub-box\">\n\t\t<h4>Empresarial<\/h4>\n\t\t<div class=\"icon\"><img decoding=\"async\" src=\"\/wp-content\/themes\/monolith_en\/img\/top\/service_general-corporate.svg\" alt=\"Direito Empresarial para Neg\u00f3cios de TI e Startups\"><\/div>\n\t\t<p>O conhecimento especializado somado a experi\u00eancia profissional s\u00e3o fundamentais para fornecer um suporte legal acertivo a empresas de TI e startups. O escrit\u00f3rio possui especialistas nesta \u00e1rea, e atuamos como consultores juridicos para 1087 empresas, principalmente na \u00e1rea de TI, desde aquelas listadas na Primeira Se\u00e7\u00e3o da Bolsa de Valores de T\u00f3quio at\u00e9 startups em fase inicial.<\/p>\n\t\t<div class=\"btn-more\"><a href=\"\/en\/general-corporate\">Veja Mais<\/a><\/div>\n\t<\/div>\n\t<div class=\"sub-box\">\n\t\t<h4>TI<\/h4>\n\t\t<div class=\"icon\"><img decoding=\"async\" src=\"\/wp-content\/themes\/monolith_en\/img\/top\/service_it.svg\" alt=\"TI e Propriedade Intelectual para diversas empresas\"><\/div>\n\t\t<p>Hoje em dia, todas as empresas, independentemente do tamanho, est\u00e3o envolvidas de alguma forma com TI. Atuamos como advogados especializados na \u00e1rea de TI e propriedade intelectual para empresas que j\u00e1 possuem um consultor juridico, ou mesmo para empresas cujo neg\u00f3cio principal n\u00e3o \u00e9 TI.<\/p>\n\t\t<div class=\"btn-more\"><a href=\"\/en\/it\">Veja Mais<\/a><\/div>\n\t<\/div>\n\t<div class=\"sub-box\">\n\t\t<h4>Cross-Border<\/h4>\n\t\t<div class=\"icon\"><img decoding=\"async\" src=\"\/wp-content\/themes\/monolith_en\/img\/top\/service_cross-border.svg\" alt=\"International Desk\"><\/div>\n\t\t<p>O nosso foco principal \u00e9 prestar servi\u00e7os juridicos para empresas japonesas de TI que entram no mercado internacional, bem como prestar suporte juridico a empresas estrangeiras de TI no Jap\u00e3o. O escritorio \u00e9 composto por advogados licenciados estrangeiros de v\u00e1rios pa\u00edses e regi\u00f5es para apoiar de forma eficaz as transa\u00e7\u00f5es internacionais.<\/p>\n\t\t<div class=\"btn-more\"><a href=\"\/en\/cross-border\">Veja Mais<\/a><\/div>\n\t<\/div>\n\t<div class=\"sub-box\">\n\t\t<h4>Internet<\/h4>\n\t\t<div class=\"icon\"><img decoding=\"async\" src=\"\/wp-content\/themes\/monolith_en\/img\/top\/service_internet.svg\" alt=\"Marketing de Influenciadores\"><\/div>\n\t\t<p>Com especializa\u00e7\u00e3o em direito da internet, oferecemos suporte juridico a empreendedores da internet, incluindo YouTubers e empresas que utilizam redes sociais. Especializamo-nos na resolu\u00e7\u00e3o de disputas online, remo\u00e7\u00e3o de p\u00e1ginas web e gest\u00e3o de reputa\u00e7\u00e3o online. Consulte os nossos advogados qualificados para solu\u00e7\u00f5es envolvendo a internet.<\/p>\n\t\t<div class=\"btn-more\"><a href=\"\/en\/internet\">Veja Mais<\/a><\/div>\n\t<\/div>\n\t<\/div>\n\t<\/div>\n\t<\/div>\n\t<div class=\"front-service-example\">\n\t<div class=\"section-inner\">\n\t<p>Exemplos<\/p>\n\t<ul class=\"clearfix\">\n\t\t<li>\n\t\t\t<div class=\"icon\"><a href=\"\/en\/system-development\/\"><img decoding=\"async\" src=\"\/wp-content\/themes\/monolith_en\/img\/top\/service_ex_system-development.svg\" alt=\"Desenvolvimento de Sistemas\"><\/a><\/div>\n\t\t\t<p>Desenvolvimento<br>de Sistemas<\/p>\n\t\t<\/li>\n\t\t<li>\n\t\t\t<div class=\"icon\"><a href=\"\/en\/crypto-asset-and-blockchain\/\"><img decoding=\"async\" src=\"\/wp-content\/themes\/monolith_en\/img\/top\/service_ex_crypto-asset-and-blockchain.svg\" alt=\"Criptoativo e Blockchain\"><\/a><\/div>\n\t\t\t<p>Criptoativo<br>e Blockchain<\/p>\n\t\t<\/li>\n\t\t<li>\n\t\t\t<div class=\"icon\"><a href=\"\/en\/IA\/\"><img decoding=\"async\" src=\"\/wp-content\/themes\/monolith_en\/img\/top\/service_ex_ai.svg\" alt=\"ai\"><\/a><\/div>\n\t\t\t<p>IA<br>(ChatGPT, etc.)<\/p>\n\t\t<\/li>\n\t\t<li>\n\t\t\t<div class=\"icon\"><a href=\"\/en\/advertisement-review\/\"><img decoding=\"async\" src=\"\/wp-content\/themes\/monolith_en\/img\/top\/service_ex_advertisement-review.svg\" alt=\"Revis\u00e3o de Publicidade\"><\/a><\/div>\n\t\t\t<p>Revis\u00e3o de<br>Publicidade<\/p>\n\t\t<\/li>\n\t\t<li>\n\t\t\t<div class=\"icon\"><a href=\"\/en\/mitigating-reputational-damage\/\"><img decoding=\"async\" src=\"\/wp-content\/themes\/monolith_en\/img\/top\/service_ex_mitigating-reputational-damage.svg\" alt=\"Mitiga\u00e7\u00e3o de Danos \u00e0 Reputa\u00e7\u00e3o\"><\/a><\/div>\n\t\t\t<p>Mitiga\u00e7\u00e3o de<br>Danos \u00e0 Reputa\u00e7\u00e3o<\/p>\n\t\t<\/li>\n\t<\/ul>\n\t<\/div>\n\t<\/div>\n<\/section>\n<section class=\"white-section front-client\">\n\t<div class=\"section-inner\">\n\t\t<h2>CLIENTE<\/h2>\n\t\t<ul>\n\t\t\t<li><img src=\"https:\/\/monolith.law\/pt\/wp-content\/themes\/monolith_pt\/img\/clients\/logo_01.png\"><\/li>\n\t\t\t<li><img src=\"https:\/\/monolith.law\/pt\/wp-content\/themes\/monolith_pt\/img\/clients\/logo_02.png\"><\/li>\n\t\t\t<li><img src=\"https:\/\/monolith.law\/pt\/wp-content\/themes\/monolith_pt\/img\/clients\/logo_03.png\"><\/li>\n\t\t\t<li><img src=\"https:\/\/monolith.law\/pt\/wp-content\/themes\/monolith_pt\/img\/clients\/logo_04.png\"><\/li>\n\t\t\t<li><img src=\"https:\/\/monolith.law\/pt\/wp-content\/themes\/monolith_pt\/img\/clients\/logo_05.png\"><\/li>\n\t\t\t<li><img src=\"https:\/\/monolith.law\/pt\/wp-content\/themes\/monolith_pt\/img\/clients\/logo_06.png\"><\/li>\n\t\t\t<li><img src=\"https:\/\/monolith.law\/pt\/wp-content\/themes\/monolith_pt\/img\/clients\/logo_07.png\"><\/li>\n\t\t\t<li><img src=\"https:\/\/monolith.law\/pt\/wp-content\/themes\/monolith_pt\/img\/clients\/logo_08.png\"><\/li>\n\t\t\t<li><img src=\"https:\/\/monolith.law\/pt\/wp-content\/themes\/monolith_pt\/img\/clients\/logo_09.png\"><\/li>\n\t\t\t<li><img src=\"https:\/\/monolith.law\/pt\/wp-content\/themes\/monolith_pt\/img\/clients\/logo_10.png\"><\/li>\n\t\t\t<li><img src=\"https:\/\/monolith.law\/pt\/wp-content\/themes\/monolith_pt\/img\/clients\/logo_11.png\"><\/li>\n\t\t\t<li><img src=\"https:\/\/monolith.law\/pt\/wp-content\/themes\/monolith_pt\/img\/clients\/logo_12.png\"><\/li>\n\t\t\t<li><img src=\"https:\/\/monolith.law\/pt\/wp-content\/themes\/monolith_pt\/img\/clients\/logo_13.png\"><\/li>\n\t\t\t<li><img src=\"https:\/\/monolith.law\/pt\/wp-content\/themes\/monolith_pt\/img\/clients\/logo_14.png\"><\/li>\n\t\t\t<li><img src=\"https:\/\/monolith.law\/pt\/wp-content\/themes\/monolith_pt\/img\/clients\/logo_15.png\"><\/li>\n\t\t<\/ul>\n\t\t<!--<div class=\"btn-more\"><a href=\"https:\/\/monolith.law\/pt\/clients\">See More<\/a><\/div>-->\n\t<\/div>\n<\/section>\n<section class=\"white-section front-news\">\n    <div class=\"section-inner\">\n        <h2>NOT\u00cdCIAS [en]<\/h2>\n        <div>\n                        <ul>\n                                                    <li><span class=\"date\">2026.04.01<\/span><span class=\"category news-category-2\">NEWS<\/span><span class=\"subject\">Attorney Shota Akiyama has joined the firm.<\/span><\/li>\n                                                                <li><span class=\"date\">2026.03.26<\/span><span class=\"category news-category-2\">NEWS<\/span><span class=\"subject\">Attorneys Miki Takatsuki, Toko Takayanagi, Mizuki Kobayashi, Ryo Watanabe, and Shuto Ishimura have joined our firm.<\/span><\/li>\n                                                                <li><span class=\"date\">2025.05.08<\/span><span class=\"category news-category-2\">NEWS<\/span><span class=\"subject\">Monolith Law Office has been selected as a finalist for the Rising Law Firm of the Year category of the ALB Japan Law Awards, hosted by Asian Legal Business, an international law firm evaluation organization.<\/span><\/li>\n                                                                <li><span class=\"date\">2025.04.01<\/span><span class=\"category news-category-2\">NEWS<\/span><span class=\"subject\">Attorney Keita Yokoyama has joined the firm.<\/span><\/li>\n                                                                <li><span class=\"date\">2025.03.27<\/span><span class=\"category news-category-2\">NEWS<\/span><span class=\"subject\">Attorneys Yusuke Mizutani, Ryusei Juman, Mizuki Koyama, and Yusuke Muto have joined the firm.<\/span><\/li>\n                                                                <li><span class=\"date\">2024.06.12<\/span><span class=\"category news-category-2\">NEWS<\/span><span class=\"subject\">Attorney Akira Yoshida has joined the firm.<\/span><\/li>\n                                                            <\/ul>\n            <div class=\"btn-more\"><a href=\"\/en\/news\/\">Ver Mais [en]<\/a><\/div>\n        <\/div>\n    <\/div>\n<\/section>\n<section class=\"white-section front-banner\">\n<div class=\"section-inner\">\n<div class=\"banner-slider\">\n<div><a href=\"\/pt\/cross-border\"><img decoding=\"async\" src=\"\/wp-content\/themes\/monolith_en\/img\/top\/banner_crossborder.png\" alt=\"Cross-border\"><\/a><\/div>\n<div><a href=\"\/en\/job-openings\"><img decoding=\"async\" src=\"\/wp-content\/themes\/monolith_en\/img\/top\/banner_jobopenings.png\" alt=\"Vagas de Emprego\"><\/a><\/div>\n<div><a href=\"https:\/\/www.linkedin.com\/company\/monolith-law-office\/\" target=\"\u201d_blank\u201d\" rel=\"noopener\"><img decoding=\"async\" src=\"\/wp-content\/themes\/monolith_en\/img\/top\/banner_linkedin.png\" alt=\"LinkedIn\"><\/a><\/div>\n<div><a href=\"\/pt\/article\"><img decoding=\"async\" src=\"\/wp-content\/themes\/monolith_en\/img\/top\/banner_monolithlawmagazine.svg\" alt=\"MONOLITH LAW MAGAZINE\"><\/a><\/div>\n<\/div>\n<\/div>\n<\/section>\n","protected":false},"excerpt":{"rendered":"<p>Revolucionando o TI Hoje, embora o TI esteja no centro dos neg\u00f3cios, us\u00e1-lo de forma eficiente certamente requer uma boa gest\u00e3o de risco legal.No MONOLITH LAW OFFICE, nossa equipe de advogados e consu [&hellip;]<\/p>\n","protected":false},"author":1,"featured_media":56656,"parent":0,"menu_order":0,"comment_status":"closed","ping_status":"closed","template":"front-page-temp.php","meta":{"footnotes":""},"acf":[],"_links":{"self":[{"href":"https:\/\/monolith.law\/pt\/wp-json\/wp\/v2\/pages\/41151"}],"collection":[{"href":"https:\/\/monolith.law\/pt\/wp-json\/wp\/v2\/pages"}],"about":[{"href":"https:\/\/monolith.law\/pt\/wp-json\/wp\/v2\/types\/page"}],"author":[{"embeddable":true,"href":"https:\/\/monolith.law\/pt\/wp-json\/wp\/v2\/users\/1"}],"replies":[{"embeddable":true,"href":"https:\/\/monolith.law\/pt\/wp-json\/wp\/v2\/comments?post=41151"}],"version-history":[{"count":130,"href":"https:\/\/monolith.law\/pt\/wp-json\/wp\/v2\/pages\/41151\/revisions"}],"predecessor-version":[{"id":73251,"href":"https:\/\/monolith.law\/pt\/wp-json\/wp\/v2\/pages\/41151\/revisions\/73251"}],"wp:featuredmedia":[{"embeddable":true,"href":"https:\/\/monolith.law\/pt\/wp-json\/wp\/v2\/media\/56656"}],"wp:attachment":[{"href":"https:\/\/monolith.law\/pt\/wp-json\/wp\/v2\/media?parent=41151"}],"curies":[{"name":"wp","href":"https:\/\/api.w.org\/{rel}","templated":true}]}}