{"id":4213,"date":"2019-08-29T04:28:26","date_gmt":"2019-08-28T19:28:26","guid":{"rendered":"https:\/\/monolith.law\/?page_id=4213"},"modified":"2023-12-26T17:41:07","modified_gmt":"2023-12-26T08:41:07","slug":"services","status":"publish","type":"page","link":"https:\/\/monolith.law\/pt\/services","title":{"rendered":"Servi\u00e7os"},"content":{"rendered":"\n<section class=\"heading-area\">\n\t<div class=\"heading-area-inner\">\n\t\t<h2 class=\"icon-services\">Servi\u00e7os<\/h2>\n\t\t<p>Com a bagagem do nosso s\u00f3cio fundador como engenheiro de TI e em administra\u00e7\u00e3o de empresas no setor, o MONOLITH LAW OFFICE se destaca como uma das principais firmas de advocacia no Jap\u00e3o, com especializa\u00e7\u00e3o em TI, neg\u00f3cios e Internet. Nossa abordagem global nos permite fornecer servi\u00e7os jur\u00eddicos altamente especializados nessas \u00e1reas.<\/p>\n\t<\/div>\n<\/section>\n<section class=\"second-nav\">\n\t<div class=\"second-nav-inner\">\n\t\t<p>T\u00d3PICOS<\/p>\n\t\t<nav>\n\t\t\t<ul>\n\t\t\t\t<li><a href=\"#general-corporate\">Corporate<\/a><\/li>\n\t\t\t\t<li><a href=\"#it\">TI<\/a><\/li>\n\t\t\t\t<li><a href=\"#cross-border\">Cross-border<\/a><\/li>\n\t\t\t\t<li><a href=\"#internet\">Internet<\/a><\/li>\n\t\t\t<\/ul>\n\t\t<\/nav>\n\t<\/div>\n<\/section>\n<section class=\"white-section\">\n\t<div class=\"anchor\" id=\"general-corporate\"><\/div>\n\t<div class=\"section-inner pdb0\">\n\t\t<div class=\"flex\">\n\t\t\t<div class=\"width41\"><img decoding=\"async\" src=\"\/wp-content\/themes\/monolith2021\/img\/pic\/pic_practices-corporate.jpg\" alt=\"Corporate\"><\/div>\n\t\t\t<div class=\"width51\">\n\t\t\t\t<div class=\"inline-inner\">\n\t\t\t\t\t<h3>Corporate<\/h3>\n\t\t\t\t\t<p>Para oferecer suporte jur\u00eddico preciso no din\u00e2mico cen\u00e1rio de neg\u00f3cios de TI e startups, \u00e9 fundamental contar com conhecimento especializado e experi\u00eancia. Nosso escrit\u00f3rio re\u00fane diversos especialistas nessa \u00e1rea, com experi\u00eancia em atuar como consultores jur\u00eddicos (abrangendo diversos contratos para diretores, executivos, etc.) para cerca de 1087 empresas, predominantemente do setor de TI. Essas empresas variam desde l\u00edderes de mercado at\u00e9 startups em est\u00e1gio inicial no Jap\u00e3o.<\/p>\n\t\t\t\t<\/div>\n\t\t\t<\/div>\n\t\t<\/div>\n\t<\/div>\n<\/section>\n<section class=\"white-section\">\n\t<div class=\"section-inner\">\n\t\t<ol class=\"practices-list mgb-big\">\n\t\t\t<li>\n\t\t\t\t<h4><img decoding=\"async\" src=\"\/wp-content\/themes\/monolith_en\/img\/practices\/practices_1_1.svg\" alt=\"1. Direito Empresarial\"><\/h4>\n\t\t\t\t<img decoding=\"async\" src=\"\/wp-content\/themes\/monolith2021\/img\/practices\/practices_1_1_pic.png\" alt=\"Direito Empresarial\">\n\t\t\t\t<p>Contamos com ampla experi\u00eancia em assuntos jur\u00eddicos relacionados a neg\u00f3cios e capital, abrangendo \u00e1reas como financiamento, transfer\u00eancias de neg\u00f3cios e aquisi\u00e7\u00f5es.<\/p>\n\t\t\t<\/li>\n\t\t\t<li>\n\t\t\t\t<h4><img decoding=\"async\" src=\"\/wp-content\/themes\/monolith_en\/img\/practices\/practices_1_2.svg\" alt=\"2. TI e Propriedade Intelectual\"><\/h4>\n\t\t\t\t<img decoding=\"async\" src=\"\/wp-content\/themes\/monolith2021\/img\/practices\/practices_1_2_pic.png\" alt=\"TI e Propriedade Intelectual\">\n\t\t\t\t<p>Toki Kawase, nosso s\u00f3cio fundador que j\u00e1 atuou como engenheiro, vai mergulhar fundo nos produtos da sua empresa, chegando at\u00e9 mesmo a analisar o c\u00f3digo, para garantir um entendimento abrangente.<\/p>\n\t\t\t<\/li>\n\t\t\t<li>\n\t\t\t\t<h4><img decoding=\"async\" src=\"\/wp-content\/themes\/monolith_en\/img\/practices\/practices_1_3.svg\" alt=\"3. Agilidade\"><\/h4>\n\t\t\t\t<img decoding=\"async\" src=\"\/wp-content\/themes\/monolith2021\/img\/practices\/practices_1_3_pic.png\" alt=\"Agilidade\">\n\t\t\t\t<p>Compreendemos a import\u00e2ncia de uma resposta \u00e1gil para o seu neg\u00f3cio. Como pr\u00e1tica padr\u00e3o, costumamos responder em at\u00e9 um dia \u00fatil.<\/p>\n\t\t\t<\/li>\n\t\t\t<li>\n\t\t\t\t<h4><img decoding=\"async\" src=\"\/wp-content\/themes\/monolith_en\/img\/practices\/practices_1_4.svg\" alt=\"4. Pequenas e M\u00e9dias Empresas\"><\/h4>\n\t\t\t\t<img decoding=\"async\" src=\"\/wp-content\/themes\/monolith2021\/img\/practices\/practices_1_4_pic.png\" alt=\"Pequenas e M\u00e9dias Empresas\">\n\t\t\t\t<p>Dado que nosso s\u00f3cio fundador tem viv\u00eancia em gest\u00e3o corporativa, ele compreende pessoalmente os desafios envolvidos nesse processo.<\/p>\n\t\t\t<\/li>\n\t\t<\/ol>\n\t\t<div class=\"btn-area\">\n\t\t\t<div class=\"btn icon-general-corporate\"><a href=\"\/pt\/general-corporate\">Direito Empresarial<\/a><\/div>\n\t\t<\/div>\n\t<\/div>\n<\/section>\n<section class=\"purple-section\">\n\t<div class=\"anchor\" id=\"it\"><\/div>\n\t<div class=\"section-inner\">\n\t\t<div class=\"flex mgb-middle\">\n\t\t\t<div class=\"width41\"><img decoding=\"async\" src=\"\/wp-content\/themes\/monolith2021\/img\/pic\/pic_practices-itlaw.jpg\" alt=\"TI\"><\/div>\n\t\t\t<div class=\"width51\">\n\t\t\t\t<div class=\"inline-inner\">\n\t\t\t\t\t<h3>TI<\/h3>\n\t\t\t\t\t<p class=\" mgb-middle\">\u00c9 crucial que os advogados de empresas de TI compreendam a tecnologia e as opera\u00e7\u00f5es do dia a dia no setor de TI e propriedade intelectual. <br>O MONOLITH LAW OFFICE atua como consultor jur\u00eddico e diretor jur\u00eddico para empresas de TI, tratando de quest\u00f5es legais especializadas e avan\u00e7adas relacionadas a TI <br>. Isso inclui \u00e1reas como desenvolvimento de sistemas, elabora\u00e7\u00e3o de termos de uso para aplicativos e servi\u00e7os, gerenciamento de m\u00eddia, estrat\u00e9gias de marketing, blockchain, intelig\u00eancia artificial, prote\u00e7\u00e3o de dados pessoais e quest\u00f5es legais associadas \u00e0 propriedade intelectual no Jap\u00e3o. <\/p>\n\t\t\t\t<\/div>\n\t\t\t<\/div>\n\t\t<\/div>\n\t\t<ul class=\"layout-column4 mgb-big\">\n\t\t\t<li>\n\t\t\t\t<div><img decoding=\"async\" src=\"\/wp-content\/themes\/monolith2021\/img\/practices-itlaw\/practices-itlaw_pic1.jpg\"><\/div>\n\t\t\t\t<h4>Desenvolvimento de Sistemas<\/h4>\n\t\t\t\t<p>Desde a cria\u00e7\u00e3o, an\u00e1lise e negocia\u00e7\u00e3o de contratos at\u00e9 a solu\u00e7\u00e3o de disputas quando surgem problemas, o MONOLITH LAW OFFICE est\u00e1 aqui para ajudar em todas as etapas do processo.<\/p>\n\t\t\t<\/li>\n\t\t\t<li>\n\t\t\t\t<div><img decoding=\"async\" src=\"\/wp-content\/themes\/monolith2021\/img\/practices-itlaw\/practices-itlaw_pic2.jpg\"><\/div>\n\t\t\t\t<h4>Termos de Uso<\/h4>\n\t\t\t\t<p>Elabora\u00e7\u00e3o e ajuste de termos e condi\u00e7\u00f5es, assim como pol\u00edticas de privacidade, essenciais para a publica\u00e7\u00e3o ou opera\u00e7\u00e3o.<\/p>\n\t\t\t<\/li>\n\t\t\t<li>\n\t\t\t\t<div><img decoding=\"async\" src=\"\/wp-content\/uploads\/2023\/05\/oss.jpg\"><\/div>\n\t\t\t\t<h4>OSS<\/h4>\n\t\t\t\t<p>Oferecemos diversos tipos de suporte, com base na compreens\u00e3o do software, que abrange desde o design de licen\u00e7as at\u00e9 acordos de licenciamento.<\/p>\n\t\t\t<\/li>\n\t\t\t<li>\n\t\t\t\t<div><img decoding=\"async\" src=\"\/wp-content\/uploads\/2022\/07\/shutterstock_1151380622_2.png\"><\/div>\n\t\t\t\t<h4>Criptoativos<\/h4>\n\t\t\t\t<p>Oferecemos suporte jur\u00eddico para neg\u00f3cios relacionados \u00e0 blockchain, abrangendo aspectos como capta\u00e7\u00e3o de recursos, neg\u00f3cios de conte\u00fado e NFTs.<\/p>\n\t\t\t<\/li>\n\t\t<\/ul>\n\t\t<div class=\"btn-area\">\n\t\t\t<div class=\"btn icon-it\"><a href=\"\/pt\/it\">TI<\/a><\/div>\n\t\t<\/div>\n\t<\/div>\n<\/section>\n<section class=\"white-section\">\n\t<div class=\"anchor\" id=\"cross-border\"><\/div>\n\t<div class=\"section-inner\">\n\t\t<div class=\"flex reverse\">\n\t\t\t<div class=\"width41\"><img decoding=\"async\" src=\"\/en\/wp-content\/uploads\/sites\/6\/2023\/06\/global.jpg\" alt=\"Cross Border\"><\/div>\n\t\t\t<div class=\"width51\">\n\t\t\t\t<div class=\"inline-inner\">\n\t\t\t\t\t<h3>Cross-border<\/h3>\n\t\t\t\t\t<p class=\"mgb-small\">O MONOLITH LAW OFFICE \u00e9 especializado em oferecer uma variedade abrangente de servi\u00e7os jur\u00eddicos para empresas estrangeiras que buscam ingressar no mercado japon\u00eas. Com conhecimento em TI e startups, nossos advogados experientes fornecem suporte em acordos de licenciamento, direitos de propriedade intelectual, conformidade com a privacidade de dados, negocia\u00e7\u00e3o de contratos e gerenciamento de riscos legais.<\/p>\n\t\t\t\t\t<p class=\"mgb-small\">Al\u00e9m disso, somos especializados em ajudar startups com capta\u00e7\u00e3o de recursos, acordos de investimento e IPOs, impulsionando seu crescimento e sucesso por meio de suporte jur\u00eddico estrat\u00e9gico. Nossa equipe compreende as caracter\u00edsticas \u00fanicas e os objetivos de cada neg\u00f3cio, fornecendo conselhos e solu\u00e7\u00f5es personalizadas que combinam uma perspectiva internacional com insights locais.<\/p>\n\t\t\t\t\t<p class=\"mgb-small\">A solu\u00e7\u00e3o de quest\u00f5es jur\u00eddicas \u00e9 fundamental para uma expans\u00e3o bem-sucedida no Jap\u00e3o. Entre em contato conosco para discutir como podemos ajudar o seu neg\u00f3cio a prosperar no mercado japon\u00eas.<\/p>\n\t\t\t\t<\/div>\n\t\t\t<\/div>\n\t\t<\/div>\n\t\t<div class=\"max-width980 mgb-small\"><img decoding=\"async\" src=\"\/wp-content\/uploads\/2023\/05\/global_map.png\" alt=\"Principais Pa\u00edses de Alcance\"><\/div>\n\t\t<div class=\"frame2 max-width860 mgb-big txt-center-pc\">\n\t\t\t<p>Servi\u00e7os Jur\u00eddicos Globais: Conhecimento e Abrang\u00eancia Al\u00e9m das Fronteiras. Oferecemos suporte abrangente em escala global por meio de parcerias confi\u00e1veis com outras firmas. Entre em contato conosco para casos envolvendo cross-border.<\/p>\n\t\t<\/div>\n\t\t<div class=\"btn-area\">\n\t\t\t<div class=\"btn icon-cross-border\"><a href=\"\/pt\/cross-border\">Cross-border<\/a><\/div>\n\t\t<\/div>\n\t<\/div>\n<\/section>\n\n<section class=\"orange-section\">\n\t<div class=\"anchor\" id=\"internet\"><\/div>\n\t<div class=\"section-inner\">\n\t\t<div class=\"flex mgb-middle\">\n\t\t\t<div class=\"width41\"><img decoding=\"async\" src=\"\/en\/wp-content\/uploads\/sites\/6\/2023\/06\/internet.jpg\" alt=\"Internet\"><\/div>\n\t\t\t<div class=\"width51\">\n\t\t\t\t<h3>Internet<\/h3>\n\t\t\t\t<p class=\"mgb-small\">O MONOLITH LAW OFFICE, com sua ampla experi\u00eancia em quest\u00f5es legais relacionadas \u00e0 tecnologia da informa\u00e7\u00e3o, destaca-se no apoio a neg\u00f3cios online, incluindo YouTubers e empresas envolvidas em atividades relacionadas ao YouTube.<\/p>\n\t\t\t\t<p class=\"mgb-middle\">Entendemos os desafios associados \u00e0 internet, como p\u00e1ginas da web negativas e postagens em f\u00f3runs online. Nosso escrit\u00f3rio tem uma experi\u00eancia bem-sucedida na gest\u00e3o de reputa\u00e7\u00e3o online para diversos clientes, desde indiv\u00edduos at\u00e9 grandes corpora\u00e7\u00f5es. As p\u00e1ginas da web negativas apresentam desafios legais espec\u00edficos no contexto japon\u00eas, e nossos advogados qualificados est\u00e3o prontos para oferecer solu\u00e7\u00f5es eficazes. Estamos ansiosos para discutir com voc\u00ea, utilizando nossa especializa\u00e7\u00e3o e experi\u00eancia na resolu\u00e7\u00e3o de quest\u00f5es relacionadas a p\u00e1ginas da web negativas.<\/p>\n\t\t\t<\/div>\n\t\t<\/div>\n\t\t<ul class=\"layout-column4 mgb-big\">\n\t\t\t<li>\n\t\t\t\t<div><img decoding=\"async\" src=\"\/wp-content\/themes\/monolith2021\/img\/pic\/pic_practices-youtuberlaw.jpg\" alt=\"YouTuber\"><\/div>\n\t\t\t\t<h4>YouTuber<\/h4>\n\t\t\t\t<p>Especializados na gest\u00e3o de influenciadores, compreendemos as leis japonesas e a paisagem em constante evolu\u00e7\u00e3o da internet. Contamos com a confian\u00e7a das principais ag\u00eancias de YouTubers, empresas de VTubers e criadores. Oferecemos suporte legal especializado para contratos e quest\u00f5es relacionadas a v\u00eddeos no Jap\u00e3o. Estamos prontos para auxiliar no sucesso dos seus empreendimentos online.<\/p>\n\t\t\t<\/li>\n\t\t\t<li>\n\t\t\t\t<div><img decoding=\"async\" src=\"\/wp-content\/themes\/monolith2021\/img\/pic\/pic_sns_manda.jpg\" alt=\"M&#038;A de SNS\"><\/div>\n\t\t\t\t<h4>M&#038;A de SNS<\/h4>\n\t\t\t\t<p>Especializados em fus\u00f5es e aquisi\u00e7\u00f5es de m\u00eddias sociais, nosso escrit\u00f3rio compreende a natureza \u00fanica das transa\u00e7\u00f5es envolvendo contas do YouTube e Twitter. Com s\u00f3lido conhecimento em IT e internet, fornecemos suporte abrangente para contratos, due diligence e aspectos legais. Conte conosco para proteger e maximizar o valor dos seus ativos digitais. Estamos aqui para assegurar o sucesso de suas transa\u00e7\u00f5es online.<\/p>\n\t\t\t<\/li>\n\t\t\t<li>\n\t\t\t\t<div><img decoding=\"async\" src=\"\/wp-content\/themes\/monolith2021\/img\/pic\/pic_practices-reputation.jpg\" alt=\"P\u00e1ginas Web e Reputa\u00e7\u00e3o\"><\/div>\n\t\t\t\t<h4>P\u00e1ginas Web e Reputa\u00e7\u00e3o<\/h4>\n\t\t\t\t<p>Oferecemos defesa especializada contra ataques online. Concentrados no direito da internet, removemos p\u00e1ginas web prejudiciais que podem danificar reputa\u00e7\u00f5es. Confie em n\u00f3s para interven\u00e7\u00f5es legais estrat\u00e9gicas e solu\u00e7\u00f5es abrangentes, protegendo sua presen\u00e7a e reputa\u00e7\u00e3o online. Atendemos a corpora\u00e7\u00f5es e indiv\u00edduos, garantindo a defesa eficaz dos seus interesses na era digital.<\/p>\n\t\t\t<\/li>\n\t\t\t<li>\n\t\t\t\t<div><img decoding=\"async\" src=\"\/wp-content\/themes\/monolith2021\/img\/pic\/pic_reputation.jpg\" alt=\"Identifica\u00e7\u00e3o de Postadores\"><\/div>\n\t\t\t\t<h4>Identifica\u00e7\u00e3o de Postadores<\/h4>\n\t\t\t\t<p>Dedicamo-nos \u00e0 identifica\u00e7\u00e3o dos respons\u00e1veis por postagens ilegais. Como especialistas em direito da internet, no MONOLITH LAW OFFICE, possu\u00edmos ampla experi\u00eancia em lidar com casos que envolvem conte\u00fado online prejudicial. Navegamos pelos processos legais com o objetivo de buscar justi\u00e7a e proteger os interesses dos nossos clientes. Conte conosco para enfrentar desafios relacionados a conte\u00fado online negativo de maneira eficaz.<\/p>\n\t\t\t<\/li>\n\t\t<\/ul>\n\t\t<div class=\"btn-area\">\n\t\t\t<div class=\"btn icon-internet\"><a href=\"\/pt\/internet\">Internet<\/a><\/div>\n\t\t<\/div>\n\t<\/div>\n<\/section>\n","protected":false},"excerpt":{"rendered":"<p>Servi\u00e7os Com a bagagem do nosso s\u00f3cio fundador como engenheiro de TI e em administra\u00e7\u00e3o de empresas no setor, o MONOLITH LAW OFFICE se destaca como uma das principais firmas de advocacia no Jap\u00e3o, com [&hellip;]<\/p>\n","protected":false},"author":1,"featured_media":57138,"parent":0,"menu_order":4,"comment_status":"closed","ping_status":"closed","template":"practices-page-temp.php","meta":{"footnotes":""},"acf":[],"_links":{"self":[{"href":"https:\/\/monolith.law\/pt\/wp-json\/wp\/v2\/pages\/4213"}],"collection":[{"href":"https:\/\/monolith.law\/pt\/wp-json\/wp\/v2\/pages"}],"about":[{"href":"https:\/\/monolith.law\/pt\/wp-json\/wp\/v2\/types\/page"}],"author":[{"embeddable":true,"href":"https:\/\/monolith.law\/pt\/wp-json\/wp\/v2\/users\/1"}],"replies":[{"embeddable":true,"href":"https:\/\/monolith.law\/pt\/wp-json\/wp\/v2\/comments?post=4213"}],"version-history":[{"count":120,"href":"https:\/\/monolith.law\/pt\/wp-json\/wp\/v2\/pages\/4213\/revisions"}],"predecessor-version":[{"id":59945,"href":"https:\/\/monolith.law\/pt\/wp-json\/wp\/v2\/pages\/4213\/revisions\/59945"}],"wp:featuredmedia":[{"embeddable":true,"href":"https:\/\/monolith.law\/pt\/wp-json\/wp\/v2\/media\/57138"}],"wp:attachment":[{"href":"https:\/\/monolith.law\/pt\/wp-json\/wp\/v2\/media?parent=4213"}],"curies":[{"name":"wp","href":"https:\/\/api.w.org\/{rel}","templated":true}]}}