{"id":4232,"date":"2023-11-08T17:50:45","date_gmt":"2023-11-08T08:50:45","guid":{"rendered":"https:\/\/monolith.law\/?page_id=4232"},"modified":"2023-12-26T17:37:32","modified_gmt":"2023-12-26T08:37:32","slug":"greetings-from-the-managing-attorney","status":"publish","type":"page","link":"https:\/\/monolith.law\/pt\/greetings-from-the-managing-attorney","title":{"rendered":"Mensagem do s\u00f3cio fundador"},"content":{"rendered":"\n<section class=\"heading-area\">\n\t<div class=\"heading-area-inner\">\n\t\t<h2 class=\"icon-greetings-from-the-managing-attorney\">Mensagem do s\u00f3cio fundador<\/h2>\n\t<\/div>\n<\/section>\n\n<section class=\"white-section\">\n\t<div class=\"section-inner section-inner-bottomhalf pdt0 border-bottom-section\">\n\t\t<div class=\"tagline\">\n\t\t\t<div class=\"textArea\">\n\t\t\t\t<p>A utiliza\u00e7\u00e3o do poder da tecnologia da informa\u00e7\u00e3o revolucionou a hist\u00f3ria da humanidade, <br class=\"pcOnly\"> em um impacto compar\u00e1vel ao da dinamite. <br>A Internet, em especial, transformou rapidamente o curso da evolu\u00e7\u00e3o, <br class=\"pcOnly\"> impulsionando a humanidade para frente a um ritmo sem precedentes. <br>No entanto, com esse imenso poder tamb\u00e9m v\u00eam grandes riscos.<\/p>\n\t\t\t\t<p>No MONOLITH LAW OFFICE, temos a convic\u00e7\u00e3o de que \u00e9 nossa responsabilidade garantir <br class=\"pcOnly\">que as for\u00e7as do nosso tempo sejam tratadas n\u00e3o como uma amea\u00e7a aos neg\u00f3cios, <br class=\"pcOnly\"> mas como um catalisador para seu desenvolvimento. <br>Buscamos ser uma equipe inovadora e com vis\u00e3o de futuro, oferecendo orienta\u00e7\u00e3o jur\u00eddica <br class=\"pcOnly\">e suporte que permite \u00e0s empresas desbloquear todo o potencial da tecnologia da informa\u00e7\u00e3o.<\/p>\n\t\t\t\t<p>Nossa miss\u00e3o \u00e9 desbravar a complexa paisagem legal, capacitando os neg\u00f3cios <br class=\"pcOnly\"> a tirar o m\u00e1ximo proveito da tecnologia da informa\u00e7\u00e3o. Ao abra\u00e7ar as oportunidades oferecidas pela <br class=\"pcOnly\"> era digital, buscamos facilitar o crescimento transformador dos neg\u00f3cios de nossos clientes.<\/p>\n\t\t\t\t<p class=\"txt-l\">Evolucionando o TI<\/p>\n\t\t\t\t<p>MONOLITH LAW OFFICE<\/p>\n\t\t\t<\/div>\n\t\t\t<div class=\"logo\"><img decoding=\"async\" src=\"\/wp-content\/themes\/monolith2021\/img\/logo.svg\" alt=\"MONOLITH LAW OFFICE\"><\/div>\n\t\t<\/div>\n\t<\/div>\n<\/section>\n\n<section class=\"second-nav\">\n\t<div class=\"second-nav-inner\">\n\t\t<p>T\u00d3PICOS<\/p>\n\t\t<nav>\n\t\t\t<ul>\n\t\t\t\t<li><a href=\"#law-firm-led-by-former-it-engineer-turned-lawyer-with-corporate-management-experience\">Um escrit\u00f3rio de advocacia liderado por um ex-engenheiro de TI que se tornou advogado com experi\u00eancia em gest\u00e3o corporativa.<\/a><\/li>\n\t\t\t\t<li><a href=\"#a-law-firm-emphasizing-it-internet-and-business-expertise\">Um Escrit\u00f3rio de Advocacia Especializado em TI, Internet e Direito Empresarial<\/a><\/li>\n\t\t\t\t<li><a href=\"#corporate-law-and-it-legal-expertise\">Direito Empresarial e Expertise Jur\u00eddica em TI<\/a><\/li>\n\t\t\t\t<li><a href=\"#a-team-of-lawyers-and-it-consultants\">Uma Equipe de Advogados e Consultores de TI<\/a><\/li>\n\t\t\t<\/ul>\n\t\t<\/nav>\n\t<\/div>\n<\/section>\n\n<section class=\"white-section\">\n\t<div class=\"anchor\" id=\"law-firm-led-by-former-it-engineer-turned-lawyer-with-corporate-management-experience\"><\/div>\n\t<div class=\"section-inner\">\n\t\t<div class=\"flex\">\n\t\t\t<div class=\"width41\"><img decoding=\"async\" src=\"\/wp-content\/uploads\/2023\/06\/message_1.jpg\" alt=\"Um escrit\u00f3rio de advocacia liderado por um ex-engenheiro de TI que se tornou advogado com experi\u00eancia em gest\u00e3o corporativa.\"><\/div>\n\t\t\t<div class=\"width51\">\n\t\t\t\t<h3>Um escrit\u00f3rio de advocacia liderado por um ex-engenheiro de TI que se tornou advogado com experi\u00eancia em gest\u00e3o corporativa.<\/h3>\n\t\t\t\t<p class=\"font-h3 txt-right mgb-middle\">S\u00f3cio Fundador: Toki Kawase<\/p>\n\t\t\t\t<p class=\"mgb-small\">Desde jovem, sempre tive uma paix\u00e3o por computadores e tecnologia, o que me rendeu o t\u00edtulo de &#8220;geek dos computadores&#8221;. Durante minha adolesc\u00eancia e in\u00edcio da vida adulta, me envolvi profundamente no universo da TI, gerenciando meu pr\u00f3prio neg\u00f3cio e acumulando experi\u00eancias valiosas.<\/p>\n\t\t\t\t<p class=\"mgb-small\">Minha trajet\u00f3ria come\u00e7ou no ensino fundamental, quando comecei a programar no meu primeiro PC, um &#8220;MSX 2+&#8221;. No ensino m\u00e9dio, entrei para a equipe de inform\u00e1tica da escola, alimentando ainda mais minha paix\u00e3o pela programa\u00e7\u00e3o. Durante a faculdade, surgiu a oportunidade de criar um site para uma empresa, e isso se tornou um ponto crucial na minha carreira. A flexibilidade e as recompensas financeiras dessa experi\u00eancia me levaram a explorar diversos neg\u00f3cios relacionados \u00e0 TI, como desenvolvimento web, cria\u00e7\u00e3o de servi\u00e7os online e otimiza\u00e7\u00e3o de SEO.<\/p>\n\t\t\t\t<p class=\"mgb-small\">Nessa \u00e9poca, as startups lideradas por jovens profissionais da \u00e1rea de TI estavam ganhando destaque, e eu me vi totalmente imerso no din\u00e2mico e veloz universo do empreendedorismo. Trabalhando arduamente, participei de projetos tanto nacionais quanto internacionais, colaborando com parceiros do mundo todo e me adaptando constantemente \u00e0s transforma\u00e7\u00f5es do cen\u00e1rio.<\/p>\n\t\t\t\t<p class=\"mgb-small\">No entanto, ao final dos meus vinte anos, tomei uma decis\u00e3o que mudou completamente minha vida. Passei o comando do meu neg\u00f3cio de TI para outras pessoas e iniciei uma nova jornada. Matriculei-me na faculdade de direito com o objetivo de unir minha bagagem t\u00e9cnica ao conhecimento jur\u00eddico. Hoje, como advogado e ex-engenheiro de TI com experi\u00eancia em gest\u00e3o corporativa, lidero o MONOLITH LAW OFFICE, compreendendo as complexidades da ind\u00fastria de TI e oferecendo servi\u00e7os jur\u00eddicos abrangentes.<\/p>\n\t\t\t\t<p>Em nosso escrit\u00f3rio, tiramos proveito da nossa combina\u00e7\u00e3o \u00fanica de conhecimento em TI e expertise jur\u00eddica para oferecer orienta\u00e7\u00e3o e suporte eficazes aos nossos clientes. Compreendemos os desafios e oportunidades que surgem na era digital, e estamos comprometidos em auxiliar as empresas a navegar pelo cen\u00e1rio legal e alcan\u00e7ar seus objetivos.<\/p>\n\t\t\t<\/div>\n\t\t<\/div>\n\t<\/div>\n<\/section>\n\n<section class=\"purple-section\">\n\t<div class=\"anchor\" id=\"a-law-firm-emphasizing-it-internet-and-business-expertise\"><\/div>\n\t<div class=\"section-inner\">\n\t\t<div class=\"flex reverse\">\n\t\t\t<div class=\"width41\"><img decoding=\"async\" src=\"\/wp-content\/uploads\/2023\/06\/message_2.jpg\" alt=\"Escrit\u00f3rio de Advocacia Especializado em TI, Internet e Direito Empresarial\"><\/div>\n\t\t\t<div class=\"width51\">\n\t\t\t\t<h3>Escrit\u00f3rio de Advocacia Especializado em TI, Internet e Direito Empresarial<\/h3>\n\t\t\t\t<p class=\"mgb-small\">Muitas pessoas veem minha transi\u00e7\u00e3o de dono de um neg\u00f3cio de TI para advogado como uma mudan\u00e7a radical de 180 graus. No entanto, acredito que essa mudan\u00e7a n\u00e3o foi t\u00e3o dr\u00e1stica quanto pode parecer.<\/p>\n\t\t\t\t<p class=\"mgb-small\">Ao olhar para o meu passado, percebo que, mesmo sendo um engenheiro de TI com uma inclina\u00e7\u00e3o cient\u00edfica, sempre tive uma afinidade natural com o pensamento human\u00edstico. O universo dos neg\u00f3cios me intrigava, o que me levou a empreender em vez de seguir uma trajet\u00f3ria convencional como engenheiro de TI.<\/p>\n\t\t\t\t<p class=\"mgb-small\">Atualmente, como advogado, destaco-me pelo pensamento cient\u00edfico em uma \u00e1rea normalmente relacionada \u00e0s humanidades. Essa bagagem me coloca na posi\u00e7\u00e3o de s\u00f3cio fundador do MONOLITH LAW OFFICE, uma sociedade de advogados que d\u00e1 grande import\u00e2ncia a quest\u00f5es de TI, Internet e neg\u00f3cios.<\/p>\n\t\t\t\t<p class=\"mgb-big\">Apesar de minha carreira ser um pouco diferente da de um engenheiro de TI tradicional, encaro minha transi\u00e7\u00e3o de engenheiro de TI para advogado mais como uma mudan\u00e7a gradual, talvez de algumas dezenas de graus, do que uma reviravolta completa. Na verdade, vejo isso como uma progress\u00e3o natural que me permite usar minha combina\u00e7\u00e3o \u00fanica de habilidades e conhecimentos para atender melhor nossos clientes nos setores de TI, Internet e neg\u00f3cios.<\/p>\n\t\t\t\t<div class=\"btn-area align-left\">\n\t\t\t\t\t<div class=\"btn icon-services\"><a href=\"\/pt\/services\">Servi\u00e7os<\/a><\/div>\n\t\t\t\t<\/div>\n\t\t\t<\/div>\n\t\t<\/div>\n\t<\/div>\n<\/section>\n\n<section class=\"white-section\">\n\t<div class=\"anchor\" id=\"corporate-law-and-it-legal-expertise\"><\/div>\n\t<div class=\"section-inner\">\n\t\t<div class=\"flex\">\n\t\t\t<div class=\"width41\"><img decoding=\"async\" src=\"\/wp-content\/uploads\/2023\/06\/message_3.jpg\" alt=\"Expertise em Direito Empresarial e TI\"><\/div>\n\t\t\t<div class=\"width51\">\n\t\t\t\t<h3>Direito Empresarial e Expertise Jur\u00eddica em TI<\/h3>\n\t\t\t\t<p class=\"mgb-small\">No MONOLITH LAW OFFICE, desempenho dois pap\u00e9is fundamentais. Em primeiro lugar, forne\u00e7o suporte em direito corporativo a empresas de TI e startups como consultor. Compreender as complexidades da ind\u00fastria de TI e os desafios exclusivos enfrentados pelas startups \u00e9 crucial para oferecer servi\u00e7os jur\u00eddicos eficazes e personalizados \u00e0s suas necessidades. Com minha experi\u00eancia direta e especializa\u00e7\u00e3o em ambientes de TI e startups, estou bem preparado para oferecer assist\u00eancia jur\u00eddica excepcional a esses clientes<\/p>\n\t\t\t\t<p class=\"mgb-small\">Em segundo lugar, trabalho como parte de uma equipe de especialistas em TI e direito, oferecendo servi\u00e7os de consultoria a empresas de diversos setores que precisam de orienta\u00e7\u00e3o em quest\u00f5es jur\u00eddicas relacionadas a TI. Nossa equipe utiliza nosso conhecimento coletivo em TI e direito para elaborar e fornecer solu\u00e7\u00f5es \u00f3timas que atendam \u00e0s exig\u00eancias espec\u00edficas de cada cliente.<\/p>\n\t\t\t\t<p class=\"mgb-small\">Enquanto os servi\u00e7os jur\u00eddicos tradicionais muitas vezes se concentram em fornecer produtos espec\u00edficos, como ajuizar processos sob demanda, reconhe\u00e7o a import\u00e2ncia de garantir que as solu\u00e7\u00f5es fornecidas atendam verdadeiramente \u00e0s necessidades do cliente. Podemos confiar exclusivamente no cliente para projetar uma solu\u00e7\u00e3o que aborde efetivamente seus desafios \u00fanicos? Essas s\u00e3o considera\u00e7\u00f5es cr\u00edticas que levo em conta.<\/p>\n\t\t\t\t<p class=\"mgb-small\">Vamos pensar, por exemplo, no suporte para IPOs no Jap\u00e3o. Para garantir a conformidade, as empresas precisam analisar detalhadamente todas as poss\u00edveis mudan\u00e7as nas leis e regulamentos japoneses que possam afetar suas opera\u00e7\u00f5es e tomar as medidas necess\u00e1rias. No entanto, acompanhar as in\u00fameras emendas, at\u00e9 mesmo as menores, pode ser um desafio di\u00e1rio para os advogados.<\/p>\n\t\t\t\t<p>Como especialista em TI e direito, me dedico a oferecer &#8220;solu\u00e7\u00f5es&#8221; que unam a for\u00e7a da tecnologia da informa\u00e7\u00e3o com o conhecimento jur\u00eddico para resolver de maneira eficaz esses problemas complexos.<\/p>\n\t\t\t<\/div>\n\t\t<\/div>\n\t<\/div>\n<\/section>\n\n<section class=\"orange-section\">\n\t<div class=\"anchor\" id=\"a-team-of-lawyers-and-it-consultants\"><\/div>\n\t<div class=\"section-inner\">\n\t\t<div class=\"flex reverse\">\n\t\t\t<div class=\"width41\"><img decoding=\"async\" src=\"\/wp-content\/uploads\/2023\/06\/message_4.jpg\" alt=\"Uma Equipe de Advogados e Consultores de TI\"><\/div>\n\t\t\t<div class=\"width51\">\n\t\t\t\t<h3>Uma Equipe de Advogados e Consultores de TI<\/h3>\n\t\t\t\t<p class=\"mgb-small\">Al\u00e9m do exemplo de apoio a IPOs, h\u00e1 v\u00e1rias situa\u00e7\u00f5es em que a integra\u00e7\u00e3o de TI e direito \u00e9 crucial para atender \u00e0s necessidades dos clientes. Lidar com cen\u00e1rios de problemas complexos exige uma equipe com habilidades e capacidades para tomar decis\u00f5es informadas e implementar medidas eficazes de um amplo leque de op\u00e7\u00f5es. Enquanto os advogados s\u00e3o profissionais legais e especialistas em quest\u00f5es jur\u00eddicas, criar uma &#8220;solu\u00e7\u00e3o&#8221; abrangente demanda mais do que apenas conhecimento jur\u00eddico.<\/p>\n\t\t\t\t<p class=\"mgb-small\">\u00c9 por isso que nossa equipe conta com membros que v\u00e3o al\u00e9m dos advogados, como consultores de TI, trazendo uma variedade de habilidades para a mesa. Com suas capacidades de realizar pesquisas na internet, explicar propostas de solu\u00e7\u00f5es e oferecer insights que ultrapassam o conhecimento jur\u00eddico tradicional, podemos fornecer solu\u00e7\u00f5es abrangentes e eficazes. Ao lidar com quest\u00f5es legais globais, a colabora\u00e7\u00e3o com equipes que v\u00e3o al\u00e9m dos advogados \u00e9 fundamental. Nossos membros da equipe, proficientes em l\u00ednguas estrangeiras e com profundo entendimento dos ambientes de neg\u00f3cios internacionais, nos permitem navegar por \u00e1reas de ponta no setor de cross-border e TI.<\/p>\n\t\t\t\t<p class=\"mgb-small\">Quanto ao recrutamento, \u00e9 relevante destacar que muitos dos nossos advogados entram para o MONOLITH LAW OFFICE sem uma extensa experi\u00eancia em TI. Promovemos um ambiente colaborativo no qual advogados com diversas forma\u00e7\u00f5es e experi\u00eancias em quest\u00f5es legais relacionadas \u00e0 TI trabalham em equipe. As responsabilidades para membros da equipe que n\u00e3o s\u00e3o advogados s\u00e3o frequentemente determinadas com base em suas habilidades e caracter\u00edsticas ap\u00f3s ingressarem na firma e se envolverem em diferentes neg\u00f3cios. Aceitamos candidaturas de advogados que podem n\u00e3o ter conhecimento especializado em TI ou que se sintam hesitantes em ser rotulados como &#8220;especialistas&#8221;.<\/p>\n\t\t\t\t<p class=\"mgb-big\">No MONOLITH LAW OFFICE, damos grande import\u00e2ncia \u00e0 experi\u00eancia coletiva e \u00e0s contribui\u00e7\u00f5es de cada membro da equipe, criando um ambiente din\u00e2mico e inovador que mescla habilidades jur\u00eddicas com conhecimentos em TI.<\/p>\n\t\t\t\t<div class=\"btn-area align-left\">\n\t\t\t\t\t<div class=\"btn icon-job-openings\"><a href=\"\/en\/job-openings\/\">Carreira<\/a><\/div>\n\t\t\t\t<\/div>\n\t\t\t<\/div>\n\t\t<\/div>\n\t<\/div>\n<\/section>\n","protected":false},"excerpt":{"rendered":"<p>Mensagem do s\u00f3cio fundador A utiliza\u00e7\u00e3o do poder da tecnologia da informa\u00e7\u00e3o revolucionou a hist\u00f3ria da humanidade, em um impacto compar\u00e1vel ao da dinamite. A Internet, em especial, transformou rapida [&hellip;]<\/p>\n","protected":false},"author":1,"featured_media":57134,"parent":0,"menu_order":8,"comment_status":"closed","ping_status":"closed","template":"other-page-temp.php","meta":{"footnotes":""},"acf":[],"_links":{"self":[{"href":"https:\/\/monolith.law\/pt\/wp-json\/wp\/v2\/pages\/4232"}],"collection":[{"href":"https:\/\/monolith.law\/pt\/wp-json\/wp\/v2\/pages"}],"about":[{"href":"https:\/\/monolith.law\/pt\/wp-json\/wp\/v2\/types\/page"}],"author":[{"embeddable":true,"href":"https:\/\/monolith.law\/pt\/wp-json\/wp\/v2\/users\/1"}],"replies":[{"embeddable":true,"href":"https:\/\/monolith.law\/pt\/wp-json\/wp\/v2\/comments?post=4232"}],"version-history":[{"count":36,"href":"https:\/\/monolith.law\/pt\/wp-json\/wp\/v2\/pages\/4232\/revisions"}],"predecessor-version":[{"id":59941,"href":"https:\/\/monolith.law\/pt\/wp-json\/wp\/v2\/pages\/4232\/revisions\/59941"}],"wp:featuredmedia":[{"embeddable":true,"href":"https:\/\/monolith.law\/pt\/wp-json\/wp\/v2\/media\/57134"}],"wp:attachment":[{"href":"https:\/\/monolith.law\/pt\/wp-json\/wp\/v2\/media?parent=4232"}],"curies":[{"name":"wp","href":"https:\/\/api.w.org\/{rel}","templated":true}]}}