{"id":47528,"date":"2022-07-25T18:24:34","date_gmt":"2022-07-25T09:24:34","guid":{"rendered":"https:\/\/monolith.law\/?page_id=47528"},"modified":"2024-03-08T20:49:32","modified_gmt":"2024-03-08T11:49:32","slug":"crypto-asset-and-blockchain","status":"publish","type":"page","link":"https:\/\/monolith.law\/pt\/crypto-asset-and-blockchain","title":{"rendered":"Criptoativos e Blockchains"},"content":{"rendered":"\n<section class=\"heading-area\">\n\t<div class=\"heading-area-inner\">\n\t\t<h2 class=\"icon-crypto-asset-and-blockchain\">Criptoativos e Blockchains<\/h2>\n\t\t<p>Criptoativos e Blockchains s\u00e3o bases de dados descentralizadas criadas por diversos sistemas de TI, incluindo algoritmos de consenso, criptografia e redes P2P, que s\u00e3o dif\u00edceis de alterar e com baixo risco de perda de dados. Como um escrit\u00f3rio de advocacia especializado na \u00e1rea de TI, damos o devido suporte jur\u00eddico a iniciativas envolvendo criptoativos, NFTs e blockchains.<\/p>\n\t<\/div>\n<\/section>\n<section class=\"white-section\">\n\t<div class=\"section-inner pdt0 border-bottom-section\">\n\t<p class=\"mgb-small\">Criptoativos, NFTs e blockchains est\u00e3o em r\u00e1pida evolu\u00e7\u00e3o devido \u00e0 inova\u00e7\u00e3o t\u00e9cnica cont\u00ednua e ao seu potencial para uma ampla gama de prop\u00f3sitos, desde capta\u00e7\u00e3o de recursos at\u00e9 gest\u00e3o de arte digital. Como tal, \u00e9 tamb\u00e9m uma \u00e1rea complexa para ser regulamentada por lei.<\/p>\n\t<p class=\"mgb-small\">O MONOLITH LAW OFFICE \u00e9 especializado em direito cripto e blockchain desde a sua funda\u00e7\u00e3o em 2017. Estamos familiarizados com as regulamenta\u00e7\u00f5es legais para empresas estrangeiras em suas opera\u00e7\u00f5es no Jap\u00e3o, oferecendo orienta\u00e7\u00e3o empresarial apropriada para implementa\u00e7\u00e3o e preparando documentos e contratos para opera\u00e7\u00f5es de neg\u00f3cios relacionadas \u00e0 tecnologia da informa\u00e7\u00e3o. Esse trabalho exige conhecimento e experi\u00eancia em IT internacional, legisla\u00e7\u00e3o empresarial, financeira e outras quest\u00f5es legais.<\/p>\n\t<p>Oferecemos suporte especializado para empresas que utilizam blockchains, incluindo criptoativos e NFTs, por meio de uma colabora\u00e7\u00e3o entre advogados e consultores de TI.<\/p>\n\t<\/div>\n<\/section>\n<section class=\"second-nav\">\n\t<div class=\"second-nav-inner\">\n\t\t<p>T\u00d3PICOS<\/p>\n\t\t<nav>\n\t\t\t<ul>\n\t\t\t\t<li><a href=\"#highly-specialized-teams-and-global-network\">Equipe Altamente Especializada e Rede Global<\/a><\/li>\n\t\t\t\t<li><a href=\"#examples-of-the-firms-support-achievements\">Casos administrados pelo MONOLITH<\/a><\/li>\n\t\t\t\t<li><a href=\"#advanced-technology-and-financial-legislation\">Tecnologia Avan\u00e7ada e Legisla\u00e7\u00e3o Financeira<\/a><\/li>\n\t\t\t\t<li><a href=\"#providing-one-stop-solutions\">Fornecimento de Solu\u00e7\u00f5es Completas<\/a><\/li>\n\t\t\t\t<li><a href=\"#legal-support-for-nft-related-businesses\">Apoio Jur\u00eddico para Neg\u00f3cios Relacionados com NFT<\/a><\/li>\n\t\t\t\t<li><a href=\"#crypto-asset-businesses-and-custody-services\">Neg\u00f3cios de Criptoativos e Servi\u00e7os de Cust\u00f3dia<\/a><\/li>\n\t\t\t\t<li><a href=\"#other-crypto-assets-related-businesses\">Outros Neg\u00f3cios Relacionados com Criptoativos<\/a><\/li>\n\t\t\t\t<li><a href=\"#system-development\">Desenvolvimento de Sistemas<\/a><\/li>\n\t\t\t\t<li><a href=\"#terms-of-use-maintenance-for-applications-etc\">Servi\u00e7os de Documenta\u00e7\u00e3o<\/a><\/li>\n\t\t\t\t<li><a href=\"#monolith-law-magazine\">MONOLITH LAW MAGAZINE<\/a><\/li>\n\t\t\t\t<li><a href=\"#fee-structure\">Estrutura de Custos<\/a><\/li>\n\t\t\t<\/ul>\n\t\t<\/nav>\n\t<\/div>\n<\/section>\n<section class=\"white-section\">\n\t<div class=\"anchor\" id=\"highly-specialized-teams-and-global-network\"><\/div>\n\t<div class=\"section-inner pdb0\">\n\t\t<h3>Equipe Altamente Especializada e Rede Global<\/h3>\n\t\t<div class=\"max-width980 mgb-small\"><img decoding=\"async\" src=\"\/wp-content\/uploads\/2023\/05\/web3team.jpg\" alt=\"Advogados\"><\/div>\n\t\t<div class=\"frame2 max-width860 txt-center-pc\">\n\t\t\t<p class=\"bold txt-l mgb-small\">Com as r\u00e1pidas mudan\u00e7as relacionadas a blockchains e criptoativos, a expertise de escrit\u00f3rios de advocacia e advogados especializados no campo \u00e9 essencial.<\/p>\n\t\t\t<p> No MONOLITH LAW OFFICE, formamos uma equipe dedicada de advogados com amplo conhecimento em TI, advogados internacionalmente qualificados e engenheiros de TI experientes. Atrav\u00e9s da nossa s\u00f3lida rede internacional, buscamos constantemente atualiza\u00e7\u00f5es e conhecimentos, mantendo-nos na vanguarda deste campo din\u00e2mico.<\/p>\n\t\t<\/div>\n\t<\/div>\n<\/section>\n<section class=\"white-section\">\n\t<div class=\"anchor\" id=\"examples-of-the-firms-support-achievements\"><\/div>\n\t<div class=\"section-inner\">\n\t\t<h3>Casos administrados pelo MONOLITH<\/h3>\n\t\t<ul class=\"layout-column4\">\n\t\t\t<li>\n\t\t\t\t<div><img decoding=\"async\" src=\"\/wp-content\/uploads\/2022\/07\/shutterstock_1009471096.png\"><\/div>\n\t\t\t\t<h4>Angaria\u00e7\u00e3o de Fundos (ICO, STO, IEO)<\/h4>\n\t\t\t\t<p>Atualmente, as ofertas iniciais de moedas (ICO), ofertas de seguran\u00e7a (STO) e ofertas de troca inicial (IEO), que utilizam criptoativos como meio de capta\u00e7\u00e3o de recursos, est\u00e3o ganhando popularidade. Elas s\u00e3o consideradas uma forma mais flex\u00edvel de levantar fundos em compara\u00e7\u00e3o com ofertas p\u00fablicas iniciais (IPO), proporcionando ao mesmo tempo prote\u00e7\u00e3o ao investidor de acordo com as regulamenta\u00e7\u00f5es da Lei Japonesa de Instrumentos Financeiros e C\u00e2mbio e da Lei Japonesa de Servi\u00e7os de Pagamento. O MONOLITH LAW OFFICE oferece suporte na legalidade desses neg\u00f3cios, prestando assist\u00eancia e preparando relat\u00f3rios.<\/p>\n\t\t\t<\/li>\n\t\t\t<li>\n\t\t\t\t<div><img decoding=\"async\" src=\"\/wp-content\/uploads\/2022\/07\/shutterstock_758063575-1.png\"><\/div>\n\t\t\t\t<h4>Mining\/Staking<\/h4>\n\t\t\t\t<p>Conduzimos pesquisas sobre a legalidade da minera\u00e7\u00e3o e staking em blockchains, al\u00e9m de elaborarmos contratos e outros documentos pertinentes. Em certos casos, envolver-se em atividades de minera\u00e7\u00e3o e staking em blockchains pode demandar registro como uma empresa de c\u00e2mbio de criptoativos. Nosso foco est\u00e1 em compreender os requisitos legais e auxiliar os clientes no cumprimento das regulamenta\u00e7\u00f5es necess\u00e1rias.<\/p>\n\t\t\t<\/li>\n\t\t\t<li>\n\t\t\t\t<div><img decoding=\"async\" src=\"\/wp-content\/uploads\/2022\/07\/shutterstock_1096851425.png\"><\/div>\n\t\t\t\t<h4>Criptoativos e Suas Opera\u00e7\u00f5es<\/h4>\n\t\t\t\t<p>De acordo com a lei revisada de Liquida\u00e7\u00e3o de Fundos, agora \u00e9 necess\u00e1rio registrar-se como um neg\u00f3cio de exchange de criptoativos para atividades como compra, venda, troca, e atua\u00e7\u00e3o como intermedi\u00e1rio ou agente de criptoativos. Desenvolvendo um modelo de neg\u00f3cio \u00fanico, \u00e9 poss\u00edvel evitar esse registro dentro do \u00e2mbito da lei. Al\u00e9m disso, oferecemos suporte para o registro como uma exchange de criptoativos e suporte cont\u00ednuo para empresas que operam exchanges de moeda virtual.<\/p>\n\t\t\t<li>\n\t\t\t\t<div><img decoding=\"async\" src=\"\/wp-content\/uploads\/2022\/07\/shutterstock_2118688160.png\"><\/div>\n\t\t\t\t<h4>NFTs<\/h4>\n\t\t\t\t<p>Os Tokens N\u00e3o Fung\u00edveis (NFTs), que incluem representa\u00e7\u00f5es de arte digital, itens de jogos em blockchain, entre outros, podem ter diferentes status legais, indo desde ativos criptogr\u00e1ficos at\u00e9 meios de pagamento pr\u00e9-pagos, e at\u00e9 mesmo direitos de transfer\u00eancia registrados eletronicamente (valores mobili\u00e1rios), dependendo do sistema. Esses ativos est\u00e3o sujeitos a regras complexas e rigorosas. Estamos focados em examinar a legalidade dos neg\u00f3cios de nossos clientes e fornecer suporte jur\u00eddico necess\u00e1rio.<\/p>\n\t\t\t<\/li>\n\t\t<\/ul>\n\t<\/div>\n<\/section>\n<section class=\"white-section\">\n\t<div class=\"anchor\" id=\"advanced-technology-and-financial-legislation\"><\/div>\n\t<div class=\"section-inner\">\n\t\t<div class=\"flex reverse\">\n\t\t\t<div class=\"width41\"><img decoding=\"async\" src=\"\/wp-content\/uploads\/2022\/07\/shutterstock_1144405721.png\" alt=\"Tecnologia Avan\u00e7ada e Legisla\u00e7\u00e3o Financeira\"><\/div>\n\t\t\t<div class=\"width51\">\n\t\t\t\t<h3>Tecnologia Avan\u00e7ada e Legisla\u00e7\u00e3o Financeira<\/h3>\n\t\t\t\t<p class=\"mgb-small\">O cen\u00e1rio dos blockchains \u00e9 din\u00e2mico, com empresas adotando essas tecnologias rapidamente, especialmente no exterior. Empresas que atuam nesse campo precisam considerar a viabilidade de implementar tais sistemas no Jap\u00e3o, levando em conta as regulamenta\u00e7\u00f5es estrangeiras mais recentes. Inicialmente, analisamos os materiais divulgados por essas empresas estrangeiras, aproveitando nosso conhecimento em TI e as tecnologias mais recentes. Em seguida, avaliamos a legalidade do sistema no Jap\u00e3o, considerando o sistema jur\u00eddico local, incluindo legisla\u00e7\u00e3o financeira e opini\u00f5es administrativas. Por fim, oferecemos orienta\u00e7\u00f5es sobre como implementar o sistema de maneira legal no Jap\u00e3o, com base em nossa experi\u00eancia em assuntos empresariais.<\/p>\n\t\t\t\t<p>O universo dos blockchains, abrangendo ativos cripto e NFT, \u00e9 um dom\u00ednio intricado que demanda escrit\u00f3rios de advocacia e advogados altamente especializados, com profundo conhecimento tanto em tecnologia da informa\u00e7\u00e3o quanto em direito.<\/p>\n\t\t\t<\/div>\n\t\t<\/div>\n\t<\/div>\n<\/section>\n<section class=\"purple-section\">\n\t<div class=\"anchor\" id=\"providing-one-stop-solutions\"><\/div>\n\t<div class=\"section-inner\">\n\t\t<div class=\"flex reverse\">\n\t\t\t<div class=\"width51\">\n\t\t\t\t<h3>Providenciando Solu\u00e7\u00f5es \u00danicas<\/h3>\n\t\t\t\t<p class=\"mgb-small\">O nosso escrit\u00f3rio conta com 30 advogados e 85 membros na equipe, incluindo consultores de TI, todos sob a orienta\u00e7\u00e3o do fundador, que \u00e9 um ex-engenheiro de TI e empres\u00e1rio do setor.<\/p>\n\t\t\t\t<p>A tradu\u00e7\u00e3o e interpreta\u00e7\u00e3o t\u00e9cnica de documentos provenientes de propriet\u00e1rios de neg\u00f3cios estrangeiros, assim como de documentos t\u00e9cnicos e c\u00f3digos desenvolvidos internamente, s\u00e3o conduzidas pelo advogado representante e pela equipe de consultoria de TI. Servi\u00e7os legais, como pesquisas, elabora\u00e7\u00e3o de contratos, prepara\u00e7\u00e3o de documentos e outras quest\u00f5es jur\u00eddicas, s\u00e3o tratados pelo advogado representante e demais profissionais da \u00e1rea jur\u00eddica. Dessa forma, conseguimos oferecer um servi\u00e7o abrangente para uma variedade de casos que demandam profundo conhecimento tanto em TI quanto em direito.<\/p>\n\t\t\t<\/div>\n\t\t\t<div class=\"width41\"><img decoding=\"async\" src=\"\/wp-content\/themes\/monolith_en\/img\/operationofofmedia\/operationofofmedia_pic5.svg\" alt=\"Providenciando Solu\u00e7\u00f5es \u00danicas\"><\/div>\n\t\t<\/div>\n\t<\/div>\n<\/section>\n<section class=\"white-section mgt-section\">\n\t<div class=\"anchor\" id=\"legal-support-for-nft-related-businesses\"><\/div>\n\t<div class=\"section-inner-black\">\n\t\t<h3>Apoio Jur\u00eddico para Neg\u00f3cios Relacionados com NFTs<\/h3>\n\t\t\t\t<p class=\"mgb-small\">Os Tokens N\u00e3o Fung\u00edveis (NFTs), predominantemente baseados na blockchain Ethereum, t\u00eam sido empregados na pr\u00e1tica para criar produtos \u00fanicos, como arte digital, itens de jogos em blockchain e cart\u00f5es de troca. Al\u00e9m disso, eles s\u00e3o utilizados para representar a prova de propriedade de ativos reais, como propriedades imobili\u00e1rias, e associa\u00e7\u00f5es no mundo real. <\/p>\n\t\t\t\t<p class=\"mgb-middle\">Os Tokens N\u00e3o Fung\u00edveis (NFTs), com base em seu design e modelo de neg\u00f3cios, podem ser classificados como ativos criptogr\u00e1ficos, meios de pagamento pr\u00e9-pagos, direitos de transfer\u00eancia registrados eletronicamente, entre outros. Oferecemos suporte a neg\u00f3cios relacionados a NFTs com nossa especializa\u00e7\u00e3o de alto n\u00edvel.<\/p>\n\t<\/div>\n<\/section>\n<section class=\"white-section\">\n\t<div class=\"anchor\" id=\"crypto-asset-businesses-and-custody-services\"><\/div>\n\t<div class=\"section-inner\">\n\t\t<div class=\"flex reverse\">\n\t\t\t<div class=\"width41\"><img decoding=\"async\" src=\"\/wp-content\/uploads\/2022\/07\/shutterstock_1151380622_2.png\" alt=\"Criptoativos e Servi\u00e7os de Cust\u00f3dia\"><\/div>\n\t\t\t<div class=\"width51\">\n\t\t\t\t<h3>Criptoativos e Servi\u00e7os de Cust\u00f3dia<\/h3>\n\t\t\t\t<p class=\"mgb-small\">De acordo com a revis\u00e3o da Lei de Liquida\u00e7\u00e3o de Dinheiro de 2020, a &#8220;gest\u00e3o de ativos cripto para terceiros&#8221; (ou seja, servi\u00e7o de cust\u00f3dia) agora est\u00e1 inclu\u00edda no escopo do neg\u00f3cio de troca de ativos cripto, exigindo o registro como provedor de servi\u00e7os de ativos cripto. Isso sujeita a empresa a v\u00e1rias regulamenta\u00e7\u00f5es para implementar um esquema de gest\u00e3o de ativos cripto. No entanto, essas regulamenta\u00e7\u00f5es podem ser onerosas para aqueles que oferecem apenas servi\u00e7os de cust\u00f3dia, sem serem considerados servi\u00e7os de c\u00e2mbio de moeda virtual.<\/p>\n\t\t\t\t<p>Esses servi\u00e7os precisar\u00e3o tomar a decis\u00e3o de se registrar e operar como uma plataforma de c\u00e2mbio de criptoativos ou se preferem lidar com ativos cripto enquanto evitam o registro.<\/p>\n\t\t\t<\/div>\n\t\t<\/div>\n\t<\/div>\n<\/section>\n<section class=\"white-section mgb-section\">\n\t<div class=\"anchor\" id=\"other-crypto-assets-related-businesses\"><\/div>\n\t<div class=\"section-inner-black\">\n\t\t<h3>Outros Criptoativos Neg\u00f3cios Relacionados \u00e0 Blockchain<\/h3>\n\t\t<p class=\"mgb-small\">Criptoativos e blockchains s\u00e3o \u00e1reas tecnol\u00f3gicas e de neg\u00f3cios em constante evolu\u00e7\u00e3o. Isso inclui regulamenta\u00e7\u00f5es sobre stablecoins, que foram regulamentadas pela revis\u00e3o da Lei de Liquida\u00e7\u00e3o de Fundos (Lei Japonesa de Liquida\u00e7\u00e3o de Fundos) de 2022, e IEOs, um m\u00e9todo de financiamento que envolve bolsas de moedas virtuais, al\u00e9m de neg\u00f3cios relacionados ao staking. Nosso escrit\u00f3rio se mant\u00e9m atualizado com os \u00faltimos desenvolvimentos e oferece suporte para tais neg\u00f3cios.<\/p>\n\t\t<p class=\"mgb-middle\">Como um escrit\u00f3rio de advocacia liderado por um advogado com experi\u00eancia pr\u00e9via como engenheiro de TI, contamos com consultores de TI especializados em compreender white papers, documentos t\u00e9cnicos e outros materiais lan\u00e7ados internacionalmente para compreender a tecnologia e os modelos de neg\u00f3cios.<\/p>\n\t<\/div>\n<\/section>\n<section class=\"orange-section\">\n\t<div class=\"anchor\" id=\"system-development\"><\/div>\n\t<div class=\"section-inner\">\n\t\t<div class=\"flex reverse\">\n\t\t\t<div class=\"width41\"><img decoding=\"async\" src=\"\/wp-content\/themes\/monolith2021\/img\/practices-itlaw\/practices-itlaw_pic1.jpg\" alt=\"Desenvolvimento de Sistemas\"><\/div>\n\t\t\t<div class=\"width51\">\n\t\t\t\t<h3>Desenvolvimento de Sistemas<\/h3>\n\t\t\t\t<p>Fundado por um ex-engenheiro de TI, o MONOLITH LAW OFFICE \u00e9 um escrit\u00f3rio de advocacia especializado na elabora\u00e7\u00e3o, modifica\u00e7\u00e3o e negocia\u00e7\u00e3o de contratos, al\u00e9m de resolver disputas em diversas \u00e1reas, incluindo ativos criptogr\u00e1ficos, quest\u00f5es relacionadas \u00e0 blockchain e desenvolvimento de sistemas altamente especializados, como sistemas para bolsas de moedas virtuais. Estamos prontos para lidar com problemas e resolver disputas quando necess\u00e1rio.<\/p>\n\t\t\t<\/div>\n\t\t<\/div>\n\t<\/div>\n<\/section>\n<section class=\"white-section\">\n\t<div class=\"anchor\" id=\"terms-of-use-maintenance-for-applications-etc\"><\/div>\n\t<div class=\"section-inner\">\n\t\t<div class=\"flex\">\n\t\t\t<div class=\"width41\"><img decoding=\"async\" src=\"\/wp-content\/themes\/monolith2021\/img\/practices-itlaw\/practices-itlaw_pic2.jpg\" alt=\"Servi\u00e7os de Documenta\u00e7\u00e3o\"><\/div>\n\t\t\t<div class=\"width51\">\n\t\t\t\t<h3>Servi\u00e7os de Documenta\u00e7\u00e3o<\/h3>\n\t\t\t\t<p>O MONOLITH LAW OFFICE est\u00e1 envolvido na elabora\u00e7\u00e3o e revis\u00e3o de documentos que estabelecem os termos de uso e pol\u00edticas de privacidade para diversos aplicativos, servi\u00e7os e jogos, abrangendo tamb\u00e9m aqueles relacionados a jogos de blockchain, ativos criptogr\u00e1ficos e produtos e servi\u00e7os associados \u00e0 blockchain. Analisamos documentos corporativos e dados existentes, como defini\u00e7\u00f5es de requisitos para o desenvolvimento de aplicativos relevantes, frameworks criados no Adobe XD, LPs, materiais de vendas para clientes em potencial, entre outros.<\/p>\n\t\t\t<\/div>\n\t\t<\/div>\n\t<\/div>\n<\/section>\n\n<section class=\"purple2-section\">\n\t<div class=\"anchor\" id=\"monolith-law-magazine\"><\/div>\n\t<div class=\"section-inner\">\n\t\t    <section class=\"white-section temp-article\">\n        <div class=\"section-inner\">\n            <h4>MONOLITH LAW MAGAZINE<\/h4>\n            <div class=\"articles type_practice_column\">\n                                                                    <div class=\"article article-area\">\n                        <figure>\n                            <div class=\"img-wrap\">\n                                <img alt=\"Quais s\u00e3o os requisitos de governan\u00e7a corporativa necess\u00e1rios para a listagem na NASDAQ?\" src=\"https:\/\/monolith.law\/pt\/wp-content\/uploads\/sites\/11\/2025\/08\/19e0312b170969f265c8e568bdf254db.webp\" width=\"500\" height=\"250\">\n                            <\/div>\n                            <figcaption>\n                                <div class=\"figcaption-inner\">\n                                    <h3>Quais s\u00e3o os requisitos de governan\u00e7a corporativa necess\u00e1rios para a listagem na.<\/h3>\n                                <\/div>\n                            <\/figcaption>\n                            <a href=\"https:\/\/monolith.law\/pt\/it\/nasdaq-corporate-governance\"><\/a>\n                        <\/figure>\n                    <\/div>\n                                                    <div class=\"article article-area\">\n                        <figure>\n                            <div class=\"img-wrap\">\n                                <img alt=\"O que \u00e9 um Modelo de Neg\u00f3cio Utilizando Web3? Explica\u00e7\u00e3o das \u00daltimas Tend\u00eancias e Casos Pr\u00e1ticos\" src=\"https:\/\/monolith.law\/pt\/wp-content\/uploads\/sites\/11\/2025\/08\/Shutterstock_2333502635.webp\" width=\"500\" height=\"250\">\n                            <\/div>\n                            <figcaption>\n                                <div class=\"figcaption-inner\">\n                                    <h3>O que \u00e9 um Modelo de Neg\u00f3cio Utilizando Web3? Explica\u00e7\u00e3o das \u00daltimas Tend\u00eancias .<\/h3>\n                                <\/div>\n                            <\/figcaption>\n                            <a href=\"https:\/\/monolith.law\/pt\/it\/web3-business-model\"><\/a>\n                        <\/figure>\n                    <\/div>\n                                                    <div class=\"article article-area\">\n                        <figure>\n                            <div class=\"img-wrap\">\n                                <img alt=\"\u3010Edi\u00e7\u00e3o Mais Recente de 2025\u3011Interpreta\u00e7\u00e3o Legal de Ativos Criptogr\u00e1ficos (Moedas Virtuais): Aplicabilidade como Valores Mobili\u00e1rios e Pontos de Aten\u00e7\u00e3o para Operadores\" src=\"https:\/\/monolith.law\/pt\/wp-content\/uploads\/sites\/11\/2025\/08\/Shutterstock_2049735344.webp\" width=\"500\" height=\"250\">\n                            <\/div>\n                            <figcaption>\n                                <div class=\"figcaption-inner\">\n                                    <h3>\u3010Edi\u00e7\u00e3o Mais Recente de 2025\u3011Interpreta\u00e7\u00e3o Legal de Ativos Criptogr\u00e1ficos (Moeda.<\/h3>\n                                <\/div>\n                            <\/figcaption>\n                            <a href=\"https:\/\/monolith.law\/pt\/it\/crypto-assets-securities\"><\/a>\n                        <\/figure>\n                    <\/div>\n                                            <\/div>\n            <div class=\"btn-more\"><a href=\"https:\/\/monolith.law\/pt\/tag\/crypto-assets-and-blockchains\">Ler mais<\/a><\/div>\n        <\/div>\n    <\/section>\n\t<\/div>\n<\/section>\n\n<section class=\"orange2-section\">\n\t<div class=\"anchor\" id=\"fee-structure\"><\/div>\n\t<div class=\"section-inner\">\n\t<div class=\"planWrap\">\n\t<h3>Estrutura de<br>Honor\u00e1rios<\/h3>\n\t<ul class=\"plan\">\n\t\t<li class=\"txt-left\">\n\t\t\t<div class=\"plan-inner\">\n\t\t\t<div class=\"plan-header\">\n\t\t\t<h4 class=\"plan-title\">Valor\/Hora<\/h4>\n\t\t\t<div class=\"plan-price\"><span class=\"price-figure\">$300<\/span> por hora <span class=\"price-tax\"><\/span><\/div>\n\t\t\t<\/div>\n\t\t\t<div class=\"plan-body\">Em determinadas situa\u00e7\u00f5es, podemos avaliar a possibilidade de assumir um litigio ou processo com uma taxa inicial e uma taxa contingente. Para obter mais detalhes, sinta-se \u00e0 vontade para entrar em contato conosco.<\/div>\n\t\t\t<\/div>\n\t\t<\/li>\n\t\t<li class=\"txt-left\">\n\t\t\t<div class=\"plan-inner\">\n\t\t\t<div class=\"plan-header\">\n\t\t\t<h4 class=\"plan-title\">Elabora\u00e7\u00e3o de Contratos<\/h4>\n\t\t\t<div class=\"plan-price\"><span class=\"price-value\">a partir de<\/span><span class=\"price-figure\">$500<\/span><span class=\"price-value\">at\u00e9 $2,000 ou mais<\/span><span class=\"price-tax\"><\/span><\/div>\n\t\t\t<\/div>\n\t\t\t<div class=\"plan-body\">Os custos podem variar dependendo do tipo e quantidade de contratos. Ficar\u00edamos felizes em fornecer uma estimativa preliminar durante uma consulta. Por favor, n\u00e3o hesite em entrar em contato conosco para mais detalhes.<\/div>\n\t\t\t<\/div>\n\t\t<\/li>\n\t\t<li class=\"txt-left\">\n\t\t\t<div class=\"plan-inner\">\n\t\t\t<div class=\"plan-header\">\n\t\t\t<h4 class=\"plan-title\">Outros Servi\u00e7os<\/h4>\n\t\t\t<div class=\"plan-price\"><span class=\"price-figure\">Contacte-nos<\/span><\/div>\n\t\t\t<\/div>\n\t\t\t<div class=\"plan-body\">Disponibilizamos diversos servi\u00e7os, como abertura de empresas, an\u00e1lise de contratos, emiss\u00e3o de pareceres legais e revis\u00e3o de casos ou cartas de pesquisa. Caso tenha alguma d\u00favida ou quest\u00e3o, convidamos voc\u00ea a entrar em contato conosco. Nossa equipe especializada ter\u00e1 prazer em ajudar.<\/div>\n\t\t\t<\/div>\n\t\t\t<\/div>\n\t\t<\/li>\n\t<\/ul>\n\t<\/div>\n\t<\/div>\n<\/section>\n\n<section class=\"white-section\">\n\t<div class=\"section-inner\">\n\t\t<div class=\"btn-area\">\n\t\t\t<div class=\"btn icon-contact\"><a href=\"\/pt\/contact\">Entre em Contato<\/a><\/div>\n\t\t<\/div>\n\t<\/div>\n<\/section>\n","protected":false},"excerpt":{"rendered":"<p>Criptoativos e Blockchains Criptoativos e Blockchains s\u00e3o bases de dados descentralizadas criadas por diversos sistemas de TI, incluindo algoritmos de consenso, criptografia e redes P2P, que s\u00e3o dif\u00edc [&hellip;]<\/p>\n","protected":false},"author":1,"featured_media":56655,"parent":0,"menu_order":6,"comment_status":"closed","ping_status":"closed","template":"other-page-temp.php","meta":{"footnotes":""},"acf":[],"_links":{"self":[{"href":"https:\/\/monolith.law\/pt\/wp-json\/wp\/v2\/pages\/47528"}],"collection":[{"href":"https:\/\/monolith.law\/pt\/wp-json\/wp\/v2\/pages"}],"about":[{"href":"https:\/\/monolith.law\/pt\/wp-json\/wp\/v2\/types\/page"}],"author":[{"embeddable":true,"href":"https:\/\/monolith.law\/pt\/wp-json\/wp\/v2\/users\/1"}],"replies":[{"embeddable":true,"href":"https:\/\/monolith.law\/pt\/wp-json\/wp\/v2\/comments?post=47528"}],"version-history":[{"count":67,"href":"https:\/\/monolith.law\/pt\/wp-json\/wp\/v2\/pages\/47528\/revisions"}],"predecessor-version":[{"id":60056,"href":"https:\/\/monolith.law\/pt\/wp-json\/wp\/v2\/pages\/47528\/revisions\/60056"}],"wp:featuredmedia":[{"embeddable":true,"href":"https:\/\/monolith.law\/pt\/wp-json\/wp\/v2\/media\/56655"}],"wp:attachment":[{"href":"https:\/\/monolith.law\/pt\/wp-json\/wp\/v2\/media?parent=47528"}],"curies":[{"name":"wp","href":"https:\/\/api.w.org\/{rel}","templated":true}]}}