{"id":56075,"date":"2023-06-16T00:50:40","date_gmt":"2023-06-15T15:50:40","guid":{"rendered":"https:\/\/monolith.law\/en\/?page_id=56075"},"modified":"2023-12-26T17:29:10","modified_gmt":"2023-12-26T08:29:10","slug":"it","status":"publish","type":"page","link":"https:\/\/monolith.law\/pt\/it","title":{"rendered":"TI"},"content":{"rendered":"\n<section class=\"heading-area\">\n\t<div class=\"heading-area-inner\">\n\t\t<h2 class=\"icon-it\">TI<\/h2>\n\t\t<p>Num mundo em que a tecnologia avan\u00e7a rapidamente, ter um conhecimento s\u00f3lido em TI e propriedade intelectual \u00e9 essencial para advogados corporativos no Jap\u00e3o. A expertise da nossa equipe nesse campo \u00e9 o que nos destaca.<\/p>\n\t<\/div>\n<\/section>\n\n<section class=\"white-section\">\n\t<div class=\"section-inner pdt0  border-bottom-section\">\n\t\t<p>Para os advogados de empresas de TI, entender a tecnologia e as opera\u00e7\u00f5es relacionadas \u00e0 propriedade intelectual no cotidiano da empresa \u00e9 crucial. Sem esse conhecimento, torna-se imposs\u00edvel analisar detalhadamente contratos e outros documentos essenciais para as empresas, relacionados aos produtos que manuseiam. Al\u00e9m disso, fica dif\u00edcil considerar como responder a problemas e prevenir quest\u00f5es futuras. O MONOLITH LAW OFFICE n\u00e3o se limita a lidar apenas com casos de empresas iniciantes e listadas especializadas em TI, mas tamb\u00e9m abrange situa\u00e7\u00f5es de TI e Internet envolvendo empresas que n\u00e3o s\u00e3o especializadas nesse setor.<\/p>\n\t<\/div>\n<\/section>\n\n\n<section class=\"white-section\">\n\t<div class=\"section-inner\">\n\t\t<h3 class=\"ttl-white\">Hoje, o TI est\u00e1 presente em todos os aspectos das atividades corporativas<\/h3>\n\t\t<ul class=\"layout-column4\">\n\t\t\t<li>\n\t\t\t\t<h4>Para o industria de restaurantes<\/h4>\n\t\t\t\t<div><img decoding=\"async\" src=\"\/wp-content\/themes\/monolith2021\/img\/practices-itlaw\/practices-itlaw_illust1.png\"><\/div>\n\t\t\t\t<p>Atrair clientes atrav\u00e9s do <span class=\"bold\">marketing na web<\/span> requer a terceiriza\u00e7\u00e3o de servi\u00e7os de TI e empresas de TI.<\/p>\n\t\t\t<\/li>\n\t\t\t<li>\n\t\t\t\t<h4>Para a ind\u00fastria de manufatura<\/h4>\n\t\t\t\t<div><img decoding=\"async\" src=\"\/wp-content\/themes\/monolith2021\/img\/practices-itlaw\/practices-itlaw_illust2.png\"><\/div>\n\t\t\t\t<p>O desenvolvimento cont\u00ednuo de <span class=\"bold\">informa\u00e7\u00f5es baseadas em TI<\/span> \u00e9 essencial para a gest\u00e3o da produ\u00e7\u00e3o.<\/p>\n\t\t\t<\/li>\n\t\t\t<li>\n\t\t\t\t<h4>Para empresas de E-commerce<\/h4>\n\t\t\t\t<div><img decoding=\"async\" src=\"\/wp-content\/themes\/monolith2021\/img\/practices-itlaw\/practices-itlaw_illust3.png\"><\/div>\n\t\t\t\t<p>A gest\u00e3o de sites de e-commerce e opera\u00e7\u00f5es de <span class=\"bold\">marketing em m\u00eddia web<\/span> tamb\u00e9m fazem parte do nosso neg\u00f3cio relacionado a TI.<\/p>\n\t\t\t<\/li>\n\t\t\t<li>\n\t\t\t\t<h4>Para a ind\u00fastria do entretenimento<\/h4>\n\t\t\t\t<div><img decoding=\"async\" src=\"\/wp-content\/themes\/monolith2021\/img\/practices-itlaw\/practices-itlaw_illust4.png\"><\/div>\n\t\t\t\t<p>A Internet \u00e9 essencial para a <span class=\"bold\">gest\u00e3o de m\u00eddia e distribui\u00e7\u00e3o de conte\u00fado<\/span>.<\/p>\n\t\t\t<\/li>\n\t\t<\/ul>\n\t<\/div>\n<\/section>\n\n<section class=\"white-section\">\n\t<div class=\"section-inner pdt0\">\n\t\t<p class=\"txt-l txt-center mgb-middle\">Nosso escrit\u00f3rio aproveita a experi\u00eancia do nosso advogado fundador, que \u00e9 um ex-engenheiro de TI<br>, raz\u00e3o pela somos <span class=\"bold\">um escrit\u00f3rio de advocacia focado em direito de TI\/PI japon\u00eas<\/span><\/p>\n\t\t<div class=\"frame2 max-width860 txt-center-pc\">\n\t\t\t<p class=\"txt-l\"><span class=\"bold\">Podemos tratar de todas as quest\u00f5es legais para empresas de TI e startups.<br>Para empresas que n\u00e3o atuam exclusivamente em TI, atuamos como <br>&#8220;advogados e consultores de TI\/PI&#8221;.<\/p>\n\t\t<\/div>\n\t<\/div>\n<\/section>\n\n<section class=\"second-nav\">\n\t<div class=\"second-nav-inner\">\n\t\t<p>T\u00d3PICOS<\/p>\n\t\t<nav>\n\t\t\t<ul>\n\t\t\t\t<li><a href=\"#system-development\">Desenvolvimento de Sistemas<\/a><\/li>\n\t\t\t\t<li><a href=\"#terms-of-use\">Termos de Uso<\/a><\/li>\n\t\t\t\t<li><a href=\"#crypto-assets-and-blockchain\">Criptoativos e Blockchain<\/a><\/li>\n\t\t\t\t<li><a href=\"#ai-chatgpt-etc\">AI (ChatGPT, etc.)<\/a><\/li>\n\t\t\t\t<li><a href=\"#games\">Jogos<\/a><\/li>\n\t\t\t\t<li><a href=\"#swift-and-efficient-tech-legal-analysis\">An\u00e1lise t\u00e9cnica\/legal r\u00e1pida e eficiente<\/a><\/li>\n\t\t\t\t<li><a href=\"#intellectual-property-rights\">Direitos de Propriedade Intelectual<\/a><\/li>\n\t\t\t\t<li><a href=\"#domain-name-disputes\">Disputas de Nomes de Dom\u00ednio<\/a><\/li>\n\t\t\t\t<li><a href=\"#e-commerce\">E-commerce<\/a><\/li>\n\t\t\t\t<li><a href=\"#medical-law\">Direito M\u00e9dico<\/a><\/li>\n\t\t\t\t<li><a href=\"#cybercrime\">Cibercrime<\/a><\/li>\n\t\t\t\t<li><a href=\"#monolith-law-magazine\">MONOLITH LAW MAGAZINE<\/a><\/li>\n\t\t\t\t<li><a href=\"#fee-structure\">Estrutura de Honor\u00e1rios<\/a><\/li>\n\t\t\t<\/ul>\n\t\t<\/nav>\n\t<\/div>\n<\/section>\n\n\n<section class=\"white-section\">\n\t<div class=\"anchor\" id=\"system-development\"><\/div>\n\t<div class=\"section-inner\">\n\t\t<div class=\"flex\">\n\t\t\t<div class=\"width41\"><img decoding=\"async\" src=\"\/wp-content\/themes\/monolith2021\/img\/practices-itlaw\/practices-itlaw_pic1.jpg\" alt=\"Desenvolvimento de Sistemas\"><\/div>\n\t\t\t<div class=\"width51\">\n\t\t\t\t<h3>Desenvolvimento de Sistemas<\/h3>\n\t\t\t\t<p class=\"mgb-middle\">Somos um escrit\u00f3rio de advocacia liderado por um ex-engenheiro de TI, especializado em quest\u00f5es de desenvolvimento de sistemas, desde a elabora\u00e7\u00e3o, revis\u00e3o e negocia\u00e7\u00e3o de contratos at\u00e9 a resolu\u00e7\u00e3o de disputas. Tamb\u00e9m elaboramos contratos do zero com base em materiais existentes, como documentos de proposta, com um m\u00ednimo de reunioes com o cliente.<\/p>\n\t\t\t\t<div class=\"btn-area align-left\">\n\t\t\t\t\t<div class=\"btn icon-system-development\"><a href=\"\/pt\/system-development\">Desenvolvimento<br>de Sistemas<\/a><\/div>\n\t\t\t\t<\/div>\n\t\t\t<\/div>\n\t\t<\/div>\n\t<\/div>\n<\/section>\n\n<section class=\"orange-section\">\n\t<div class=\"anchor\" id=\"terms-of-use\"><\/div>\n\t<div class=\"section-inner\">\n\t\t<div class=\"flex reverse\">\n\t\t\t<div class=\"width41\"><img decoding=\"async\" src=\"\/wp-content\/themes\/monolith2021\/img\/practices-itlaw\/practices-itlaw_pic2.jpg\" alt=\"Revis\u00e3o dos Termos de Uso para Aplica\u00e7\u00f5es\"><\/div>\n\t\t\t<div class=\"width51\">\n\t\t\t\t<h3>Termos de Uso<\/h3>\n\t\t\t\t<p class=\"mgb-middle\">O MONOLITH LAW OFFICE cuida da elabora\u00e7\u00e3o e revis\u00e3o de termos de uso e pol\u00edticas de privacidade para diversos aplicativos, servi\u00e7os e jogos no Jap\u00e3o. Al\u00e9m disso, podemos analisar os requisitos para o desenvolvimento de aplicativos, estruturas do Adobe XD, landing pages (LPs), materiais de vendas para potenciais clientes e outros documentos e dados j\u00e1 existentes.<\/p>\n\t\t\t\t<div class=\"btn-area align-left\">\n\t\t\t\t\t<div class=\"btn icon-terms-of-use\"><a href=\"\/pt\/terms-of-use\">Termos de Uso<\/a><\/div>\n\t\t\t\t<\/div>\n\t\t\t<\/div>\n\t\t<\/div>\n\t<\/div>\n<\/section>\n\n<section class=\"white-section\">\n\t<div class=\"anchor\" id=\"crypto-assets-and-blockchain\"><\/div>\n\t<div class=\"section-inner\">\n\t\t<div class=\"flex\">\n\t\t\t<div class=\"width41\"><img decoding=\"async\" src=\"\/wp-content\/uploads\/2022\/07\/shutterstock_1151380622_2.png\" alt=\"Criptoativos e Blockchain\"><\/div>\n\t\t\t<div class=\"width51\">\n\t\t\t\t<h3>Criptoativos e Blockchain<\/h3>\n\t\t\t\t<p class=\"mgb-middle\">Blockchains s\u00e3o bancos de dados descentralizados que possuem um risco extremamente baixo de perda de registros, tornam mais dif\u00edcil a falsifica\u00e7\u00e3o de registros passados e s\u00e3o habilitados por t\u00e9cnicas de TI como algoritmos de consenso, criptografia e redes P2P. O MONOLITH LAW OFFICE tem se envolvido em trabalhos jur\u00eddicos de criptoativos e blockchain desde pouco depois de sua cria\u00e7\u00e3o em 2017.<\/p>\n\t\t\t\t<div class=\"btn-area align-left\">\n\t\t\t\t\t<div class=\"btn icon-crypto-asset-and-blockchain\"><a href=\"\/pt\/crypto-asset-and-blockchain\">Criptoativos<br>e Blockchain<\/a><\/div>\n\t\t\t\t<\/div>\n\t\t\t<\/div>\n\t\t<\/div>\n\t<\/div>\n<\/section>\n\n<section class=\"purple-section\">\n\t<div class=\"anchor\" id=\"ai-chatgpt-etc\"><\/div>\n\t<div class=\"section-inner\">\n\t\t<div class=\"flex reverse\">\n\t\t\t<div class=\"width41\"><img decoding=\"async\" src=\"\/wp-content\/themes\/monolith2021\/img\/practices-itlaw\/practices-itlaw_pic5.jpg\" alt=\"AI (ChatGPT, etc.)\"><\/div>\n\t\t\t<div class=\"width51\">\n\t\t\t\t<h3>AI (ChatGPT, etc.)<\/h3>\n\t\t\t\t<p class=\"mgb-small\">Oferecemos servi\u00e7os de verifica\u00e7\u00e3o jur\u00eddica, processamento de contratos e apoio para notifica\u00e7\u00f5es governamentais em servi\u00e7os de IA de imagem e linguagem natural, abordando quest\u00f5es relacionadas \u00e0s leis de direitos autorais, prote\u00e7\u00e3o de informa\u00e7\u00f5es pessoais, e outras \u00e1reas, conforme solicitado por startups e empresas de tecnologia.<\/p>\n\t\t\t\t<p class=\"mgb-middle\">Em determinadas situa\u00e7\u00f5es, analisamos documentos t\u00e9cnicos e c\u00f3digos-fonte para compreender o funcionamento preciso da biblioteca antes de avaliar a legalidade do servi\u00e7o e o sistema necess\u00e1rio para sua opera\u00e7\u00e3o legal no Jap\u00e3o.<\/p>\n\t\t\t\t<div class=\"btn-area align-left\">\n\t\t\t\t\t<div class=\"btn icon-ai\"><a href=\"\/pt\/ai\">AI (ChatGPT, etc.)<\/a><\/div>\n\t\t\t\t<\/div>\n\t\t\t<\/div>\n\t\t<\/div>\n\t<\/div>\n<\/section>\n\n<section class=\"white-section mgt-section \">\n\t<div class=\"anchor\" id=\"games\"><\/div>\n\t<div class=\"section-inner-black\">\n\t\t<h3>Jogos<\/h3>\n\t\t<p class=\"mgb-middle\"> No Jap\u00e3o, v\u00e1rias leis regulam a opera\u00e7\u00e3o de jogos, incluindo a Lei de Direitos Autorais Japonesa, Lei contra Pr\u00eamios Injustific\u00e1veis e Representa\u00e7\u00f5es Enganosas, Lei de Liquida\u00e7\u00e3o de Fundos, Lei do Consumidor, Lei de Transa\u00e7\u00f5es Comerciais Especificas e Lei de Neg\u00f3cios de Telecomunica\u00e7\u00f5es.<br> Para evitar disputas e penalidades governamentais, \u00e9 necess\u00e1rio garantir a conformidade a essas leis.<br> A nossa firma tamb\u00e9m atua como consultora jur\u00eddica para empresas de videogames e e-sports no Jap\u00e3o, com um entendimento especializado sobre a ind\u00fastria.<\/p>\n\t<\/div>\n<\/section>\n\n<section class=\"white-section\">\n\t<div class=\"anchor\" id=\"swift-and-efficient-tech-legal-analysis\"><\/div>\n\t<div class=\"section-inner\">\n\t\t<div class=\"flex reverse\">\n\t\t\t<div class=\"width41\"><img decoding=\"async\" src=\"\/wp-content\/themes\/monolith2021\/img\/pic\/pic_draft.jpg\" alt=\"Tempo m\u00ednimo necess\u00e1rio para a elabora\u00e7\u00e3o\"><\/div>\n\t\t\t<div class=\"width51\">\n\t\t\t\t<h3>Tempo m\u00ednimo necess\u00e1rio para a elabora\u00e7\u00e3o<\/h3>\n\t\t\t\t<p class=\"mgb-middle\">Com nosso advogado fundador, que j\u00e1 foi engenheiro de TI, e uma equipe de consultores de TI, o MONOLITH presta servi\u00e7os que unem an\u00e1lise t\u00e9cnica e revis\u00e3o legal, especialmente voltados para tecnologias avan\u00e7adas como a Intelig\u00eancia Artificial (IA). <\/p>\n\t\t\t\t<p>A validade dos servi\u00e7os que utilizam tecnologia avan\u00e7ada, principalmente a Intelig\u00eancia Artificial (IA), n\u00e3o pode ser avaliada sem um entendimento t\u00e9cnico de como esses servi\u00e7os operam. Como um servi\u00e7o integrado, oferecemos tanto a an\u00e1lise t\u00e9cnica quanto a revis\u00e3o legal.<\/p>\n\t\t\t<\/div>\n\t\t<\/div>\n\t<\/div>\n<\/section>\n\n<section class=\"white-section mgb-section80\">\n\t<div class=\"anchor\" id=\"intellectual-property-rights\"><\/div>\n\t<div class=\"section-inner-black\">\n\t\t<h3>Propriedade Intelectual<\/h3>\n\t\t<p class=\"mgb-middle\">We handle IP strategy planning, contractual relations and litigation in both the IT and entertainment fields.\nIn the case of disputes, we also handle highly specialized litigation, such as litigation over patent ownership rights.<\/p>\n\t<\/div>\n<\/section>\n\n<section class=\"white-section mgt-section80\">\n\t<div class=\"anchor\" id=\"domain-name-disputes\"><\/div>\n\t<div class=\"section-inner-black\">\n\t\t<h3>Disputas de Dom\u00ednio<\/h3>\n\t\t<p class=\"mgb-middle\">We have expertise in handling domain names, intellectual property rights, and dispute resolution based on the JP Domain Name Dispute Resolution Policy (DRP) and litigation procedures using the Unfair Competition Prevention Act.\n<\/p>\n\t<\/div>\n<\/section>\n\n<section class=\"white-section\">\n\t<div class=\"anchor\" id=\"e-commerce\"><\/div>\n\t<div class=\"section-inner\">\n\t\t<div class=\"flex\">\n\t\t\t<div class=\"width41\"><img decoding=\"async\" src=\"\/wp-content\/themes\/monolith2021\/img\/practices-itlaw\/practices-itlaw_pic7.jpg\" alt=\"E-commerce\"><\/div>\n\t\t\t<div class=\"width51\">\n\t\t\t\t<h3>Com\u00e9rcio eletr\u00f4nico<\/h3>\n\t\t\t\t<p>Temos experi\u00eancia na resolu\u00e7\u00e3o de v\u00e1rios lit\u00edgios de com\u00e9rcio eletr\u00f4nico japon\u00eas, incluindo medidas cautelares contra a viola\u00e7\u00e3o de marcas registradas e direitos autorais em plataformas como Rakuten, Amazon e Yahoo! Shopping.<\/p>\n\t\t\t<\/div>\n\t\t<\/div>\n\t<\/div>\n<\/section>\n\n<section class=\"white-section mgb-section80\">\n\t<div class=\"anchor\" id=\"medical-law\"><\/div>\n\t<div class=\"section-inner-black\">\n\t\t<h3>Direito M\u00e9dico<\/h3>\n\t\t<p class=\"mgb-middle\">The intersection of laws related to medical care in Japan, such as the Pharmaceutical Affairs Act, Medical Service Act, and Medical Practitioners Act, with IT and the Internet, is a complex and specialized area.\nOur firm has medical-related legal specialists and a founding lawyer who is a former IT engineer, is well-versed in the industry.<\/p>\n\t\t<h4 class=\"mgb-middle\">Casos administrados pelo MONOLITH<\/h4>\n\t\t<p class=\"mgb-middle\">Realizamos revis\u00e3o legal conforme a Lei de Dispositivos M\u00e9dicos e Farmac\u00eauticos (Lei PMD) e outras leis aplic\u00e1veis aos produtos licenciados (LPs) de distribuidores de suplementos. Al\u00e9m disso, conduzimos an\u00e1lises legais, desenvolvemos diretrizes sob a Lei PMD e outras legisla\u00e7\u00f5es pertinentes para m\u00eddias relacionadas \u00e0 beleza. Auditamos a legalidade de novos empreendimentos em startups m\u00e9dicas, elaboramos contratos para pesquisas conjuntas com universidades nesse setor. Tamb\u00e9m cuidamos da revis\u00e3o legal e elabora\u00e7\u00e3o de termos de uso para servi\u00e7os colaborativos de informa\u00e7\u00f5es m\u00e9dicas, e preparamos descri\u00e7\u00f5es para o C\u00f3digo Comercial Espec\u00edfico, entre outros aspectos, para empresas que comercializam suplementos.<\/p>\n\t<\/div>\n<\/section>\n\n<section class=\"white-section\">\n\t<div class=\"anchor\" id=\"cybercrime\"><\/div>\n\t<div class=\"section-inner\">\n\t\t<div class=\"flex reverse\">\n\t\t\t<div class=\"width41\"><img decoding=\"async\" src=\"\/wp-content\/uploads\/2023\/05\/dispute_pic2.jpg\" alt=\"Cybercrime\"><\/div>\n\t\t\t<div class=\"width51\">\n\t\t\t\t<h3>Cybercrime<\/h3>\n\t\t\t\t<p class=\"mgb-middle\">Para auxiliar na investiga\u00e7\u00e3o e na atua\u00e7\u00e3o da pol\u00edcia japonesa em situa\u00e7\u00f5es como acessos n\u00e3o autorizados que ocorrem no Jap\u00e3o, \u00e9 fundamental contar com o apoio de especialistas que possuam profundo conhecimento dos procedimentos criminais japoneses. Como um escrit\u00f3rio de advocacia especializado em Tecnologia da Informa\u00e7\u00e3o (TI), oferecemos suporte legal para empresas que foram alvo de cibercrimes, como acessos n\u00e3o autorizados e exfiltra\u00e7\u00e3o il\u00edcita de dados. Isso inclui aux\u00edlio na apresenta\u00e7\u00e3o de queixas criminais e na elabora\u00e7\u00e3o de relat\u00f3rios para dar in\u00edcio a investiga\u00e7\u00f5es criminais. Essa \u00e9 uma das caracter\u00edsticas que nos destacam.<\/p>\n\t\t\t\t<div class=\"btn-area align-left\">\n\t\t\t\t\t<div class=\"btn icon-cybercrime\"><a href=\"\/pt\/cibercrime\">Cybercrime<\/a><\/div>\n\t\t\t\t<\/div>\n\t\t\t<\/div>\n\t\t<\/div>\n\t<\/div>\n<\/section>\n\n<section class=\"white-section\">\n\t<div class=\"section-inner pdt0\">\n\t\t<div class=\"frame2 max-width860 txt-center-pc\">\n\t\t\t<p class=\"bold txt-l\">Podemos tamb\u00e9m desempenhar o papel de um &#8220;segundo advogado&#8221; para o n\u00facleo principal do seu neg\u00f3cio, utilizando nossos conhecimentos de forma independente do consultor jur\u00eddico principal da sua empresa.<\/p>\n\t\t<\/div>\n\t<\/div>\n<\/section>\n\n<section class=\"purple2-section\">\n\t<div class=\"anchor\" id=\"monolith-law-magazine\"><\/div>\n\t<div class=\"section-inner\">\n\t\t    <section class=\"white-section temp-article\">\n        <div class=\"section-inner\">\n            <h4>MONOLITH LAW MAGAZINE<\/h4>\n            <div class=\"articles type_practice_column\">\n                                                                    <div class=\"article article-area\">\n                        <figure>\n                            <div class=\"img-wrap\">\n                                <img alt=\"Regulamento da UE sobre IA e as medidas necess\u00e1rias para as empresas japonesas\" src=\"https:\/\/monolith.law\/pt\/wp-content\/uploads\/sites\/11\/2025\/08\/a1a29c01832a47f3d2c7dc6bfde10302.webp\" width=\"500\" height=\"250\">\n                            <\/div>\n                            <figcaption>\n                                <div class=\"figcaption-inner\">\n                                    <h3>Regulamento da UE sobre IA e as medidas necess\u00e1rias para as empresas japonesas<\/h3>\n                                <\/div>\n                            <\/figcaption>\n                            <a href=\"https:\/\/monolith.law\/pt\/it\/eu-ai-act\"><\/a>\n                        <\/figure>\n                    <\/div>\n                                                    <div class=\"article article-area\">\n                        <figure>\n                            <div class=\"img-wrap\">\n                                <img alt=\"A gest\u00e3o de avalia\u00e7\u00f5es do Google \u00e9 ilegal? Explica\u00e7\u00e3o da rela\u00e7\u00e3o com a Lei de Representa\u00e7\u00e3o de Pr\u00eamios e as penalidades correspondentes\" src=\"https:\/\/monolith.law\/pt\/wp-content\/uploads\/sites\/11\/2025\/08\/18d044df35c4f42bb7e1507848a5e228.webp\" width=\"500\" height=\"250\">\n                            <\/div>\n                            <figcaption>\n                                <div class=\"figcaption-inner\">\n                                    <h3>A gest\u00e3o de avalia\u00e7\u00f5es do Google \u00e9 ilegal? Explica\u00e7\u00e3o da rela\u00e7\u00e3o com a Lei de Re.<\/h3>\n                                <\/div>\n                            <\/figcaption>\n                            <a href=\"https:\/\/monolith.law\/pt\/it\/google-review-agency\"><\/a>\n                        <\/figure>\n                    <\/div>\n                                                    <div class=\"article article-area\">\n                        <figure>\n                            <div class=\"img-wrap\">\n                                <img alt=\"O que \u00e9 a Governan\u00e7a de IA que as empresas devem adotar? Explica\u00e7\u00e3o dos pontos baseados nas \"Diretrizes para Operadores de IA\"\" src=\"https:\/\/monolith.law\/pt\/wp-content\/uploads\/sites\/11\/2025\/08\/fc5bc7fb09bf3639183f3d32651cd70f.webp\" width=\"500\" height=\"250\">\n                            <\/div>\n                            <figcaption>\n                                <div class=\"figcaption-inner\">\n                                    <h3>O que \u00e9 a Governan\u00e7a de IA que as empresas devem adotar? Explica\u00e7\u00e3o dos pontos b.<\/h3>\n                                <\/div>\n                            <\/figcaption>\n                            <a href=\"https:\/\/monolith.law\/pt\/it\/ai-business-guidelines-governance\"><\/a>\n                        <\/figure>\n                    <\/div>\n                                            <\/div>\n            <div class=\"btn-more\"><a href=\"https:\/\/monolith.law\/pt\/tag\/it\">Ler mais<\/a><\/div>\n        <\/div>\n    <\/section>\n\t<\/div>\n<\/section>\n\n<section class=\"orange2-section\">\n\t<div class=\"anchor\" id=\"fee-structure\"><\/div>\n\t<div class=\"section-inner\">\n\t\t<div class=\"planWrap\">\n\t\t\t<h3>Estrutura de<br>Honor\u00e1rios<\/h3>\n\t\t\t<ul class=\"plan\">\n\t\t\t\t<li class=\"txt-left\">\n\t\t\t\t\t<div class=\"plan-inner\">\n\t\t\t\t\t<div class=\"plan-header\">\n\t\t\t\t\t\t<h4 class=\"plan-title\">Valor\/Hora<\/h4>\n\t\t\t\t\t\t<div class=\"plan-price\">\n\t\t\t\t\t\t\t<div class=\"plan-price\"><span class=\"price-figure\">$300<\/span> por hora<span class=\"price-value\"><\/span><\/div>\n<\/div>\n\t\t\t\t\t<\/div>\n\t\t\t\t\t<div class=\"plan-body\">\n\t\t\t\t\t\t<p>Em determinadas situa\u00e7\u00f5es, podemos avaliar a possibilidade de assumir um litigio ou processo com uma taxa inicial e uma taxa contingente. Para obter mais detalhes, sinta-se \u00e0 vontade para entrar em contato conosco.<\/p>\n\t\t\t\t\t\t<p><\/p>\n\t\t\t\t\t\t<p class=\"txt-s\"><\/p>\n\t\t\t\t\t<\/div>\n\t\t\t\t\t<\/div>\n\t\t\t\t<\/li>\n\t\t\t\t<li class=\"txt-left\">\n\t\t\t\t\t<div class=\"plan-inner\">\n\t\t\t\t\t<div class=\"plan-header\">\n\t\t\t\t\t\t<h4 class=\"plan-title\">Elabora\u00e7\u00e3o de Contratos<\/h4>\n\t\t\t\t\t\t<div class=\"plan-price\">\n\t\t\t\t\t\t<div class=\"plan-price\"><span class=\"price-value\">a partir de<\/span><span class=\"price-figure\">$500<\/span><span class=\"price-value\"> at\u00e9 $2,000 ou mais<\/span><\/div>\n<\/div>\n\t\t\t\t\t<\/div>\n\t\t\t\t\t<div class=\"plan-body\">\n\t\t\t\t\t\t<p>The pricing structure is subject to variation based on the type and quantity of contracts. We are pleased to offer a preliminary estimate upon inquiry, thereby encouraging you to reach out to us for further details.\n<\/p>\n\t\t\t\t\t\t<p class=\"txt-s\"><\/p>\n\t\t\t\t\t<\/div>\n\t\t\t\t\t<\/div>\n\t\t\t\t<\/li>\n\t\t\t\t<li class=\"txt-left\">\n\t\t\t\t\t<div class=\"plan-inner\">\n\t\t\t\t\t<div class=\"plan-header\">\n\t\t\t\t\t<h4 class=\"plan-title\">Outros Servi\u00e7os<\/h4>\n\t\t\t\t\t<div class=\"plan-price\">\n\t\t\t\t\t\t<div class=\"plan-price\"><span class=\"price-figure\">Contacte-nos<\/span><\/div>\n\t\t\t\t\t<\/div>\n\t\t\t\t\t<div class=\"plan-body\">\n\t\t\t\t\t\t<p>Disponibilizamos diversos servi\u00e7os, como abertura de empresas, an\u00e1lise de contratos, emiss\u00e3o de pareceres legais e revis\u00e3o de casos ou cartas de pesquisa. Caso tenha alguma d\u00favida ou quest\u00e3o, convidamos voc\u00ea a entrar em contato conosco. Nossa equipe especializada ter\u00e1 prazer em ajudar.<\/p>\n\t\t\t\t\t\t<p>\n<\/p>\n\t\t\t\t\t\t<p class=\"txt-s\"><\/p>\n\t\t\t\t\t<\/div>\n\t\t\t\t\t<\/div>\n\t\t\t\t<\/li>\n\t\t\t<\/ul>\n\t\t<\/div>\n\t<\/div>\n<\/section>\n<section class=\"white-section\">\n\t<div class=\"section-inner\">\n\t\t<div class=\"btn-area\">\n\t\t\t<div class=\"btn icon-contact\"><a href=\"\/pt\/contact\">Entre em Contato<\/a><\/div>\n\t\t<\/div>\n\t<\/div>\n<\/section>\n","protected":false},"excerpt":{"rendered":"<p>TI Num mundo em que a tecnologia avan\u00e7a rapidamente, ter um conhecimento s\u00f3lido em TI e propriedade intelectual \u00e9 essencial para advogados corporativos no Jap\u00e3o. A expertise da nossa equipe nesse camp [&hellip;]<\/p>\n","protected":false},"author":1,"featured_media":57140,"parent":0,"menu_order":0,"comment_status":"closed","ping_status":"closed","template":"non-other-page-temp.php","meta":{"footnotes":""},"acf":[],"_links":{"self":[{"href":"https:\/\/monolith.law\/pt\/wp-json\/wp\/v2\/pages\/56075"}],"collection":[{"href":"https:\/\/monolith.law\/pt\/wp-json\/wp\/v2\/pages"}],"about":[{"href":"https:\/\/monolith.law\/pt\/wp-json\/wp\/v2\/types\/page"}],"author":[{"embeddable":true,"href":"https:\/\/monolith.law\/pt\/wp-json\/wp\/v2\/users\/1"}],"replies":[{"embeddable":true,"href":"https:\/\/monolith.law\/pt\/wp-json\/wp\/v2\/comments?post=56075"}],"version-history":[{"count":28,"href":"https:\/\/monolith.law\/pt\/wp-json\/wp\/v2\/pages\/56075\/revisions"}],"predecessor-version":[{"id":59937,"href":"https:\/\/monolith.law\/pt\/wp-json\/wp\/v2\/pages\/56075\/revisions\/59937"}],"wp:featuredmedia":[{"embeddable":true,"href":"https:\/\/monolith.law\/pt\/wp-json\/wp\/v2\/media\/57140"}],"wp:attachment":[{"href":"https:\/\/monolith.law\/pt\/wp-json\/wp\/v2\/media?parent=56075"}],"curies":[{"name":"wp","href":"https:\/\/api.w.org\/{rel}","templated":true}]}}