{"id":56080,"date":"2023-06-16T00:51:59","date_gmt":"2023-06-15T15:51:59","guid":{"rendered":"https:\/\/monolith.law\/en\/?page_id=56080"},"modified":"2024-08-05T17:47:32","modified_gmt":"2024-08-05T08:47:32","slug":"internet","status":"publish","type":"page","link":"https:\/\/monolith.law\/pt\/internet","title":{"rendered":"Internet"},"content":{"rendered":"\n<section class=\"heading-area\">\n\t<div class=\"heading-area-inner\">\n\t\t<h2 class=\"icon-internet\">Internet<\/h2>\n\t\t<p>Como um escrit\u00f3rio de advocacia altamente especializado em TI, temos uma comprovada trajet\u00f3ria no fornecimento de suporte jur\u00eddico abrangente a empreendedores da ind\u00fastria da internet, incluindo YouTubers. Al\u00e9m disso, somos especializados em lidar com disputas relacionadas a plataformas online e j\u00e1 ajudamos com sucesso clientes na remo\u00e7\u00e3o de p\u00e1ginas web negativas e na resolu\u00e7\u00e3o de conflitos online.<\/p>\n\t<\/div>\n<\/section>\n\n<section class=\"white-section\">\n\t<div class=\"section-inner pdt0  border-bottom-section\">\n\t\t<p class=\"mgb-small\">O MONOLITH LAW OFFICE, com sua ampla experi\u00eancia em quest\u00f5es legais relacionadas a TI, \u00e9 especializado em oferecer suporte a neg\u00f3cios online, incluindo YouTubers e empresas envolvidas em atividades relacionadas ao YouTube.<\/p>\n\t\t<p>Compreendemos os riscos inerentes associados \u00e0 internet, como p\u00e1ginas web negativas e postagens em f\u00f3runs online. Nosso escrit\u00f3rio j\u00e1 lidou com sucesso com in\u00fameros casos envolvendo a gest\u00e3o de reputa\u00e7\u00e3o online para uma ampla gama de clientes, de indiv\u00edduos a grandes corpora\u00e7\u00f5es. P\u00e1ginas web negativas apresentam um desafio legal \u00fanico no Jap\u00e3o, e nossos advogados qualificados est\u00e3o preparados para fornecer solu\u00e7\u00f5es eficazes. Estamos ansiosos para conversar com voc\u00ea, aproveitando nossa expertise e experi\u00eancia na resolu\u00e7\u00e3o de quest\u00f5es relacionadas a p\u00e1ginas web negativas.<\/p>\n\t<\/div>\n<\/section>\n\n<section class=\"second-nav\">\n\t<div class=\"second-nav-inner\">\n\t\t<p>T\u00d3PICOS<\/p>\n\t\t<nav>\n\t\t\t<ul>\n\t\t\t\t<li><a href=\"#legal-support-for-youtuber\">Suporte Jur\u00eddico para YouTuber<\/a><\/li>\n\t\t\t\t<li><a href=\"#legal-support-for-vtuber\">Suporte Jur\u00eddico para VTuber<\/a><\/li>\n\t\t\t\t<li><a href=\"#manda-of-sns-accounts\">M&amp;A de Contas de SNS<\/a><\/li>\n\t\t\t\t<li><a href=\"#mitigating-reputational-damage\">Mitiga\u00e7\u00e3o de Danos \u00e0 Reputa\u00e7\u00e3o<\/a><\/li>\n\t\t\t\t<li><a href=\"#id-of-the-defamatory-statement\">Identifica\u00e7\u00e3o de Postagem Difamat\u00f3ria<\/a><\/li>\n\t\t\t\t<li><a href=\"#corporate-reputation-management\">Gest\u00e3o de Reputa\u00e7\u00e3o Corporativa<\/a><\/li>\n\t\t\t\t<li><a href=\"#removal-of-past-unwanted-info\">Remo\u00e7\u00e3o de Conte\u00fado Indesejado<\/a><\/li>\n\t\t\t\t<li><a href=\"#monolith-law-magazine\">MONOLITH LAW MAGAZINE<\/a><\/li>\n\t\t\t\t<li><a href=\"#fee-structure\">Estrutura de Honor\u00e1rios<\/a><\/li>\n\t\t\t<\/ul>\n\t\t<\/nav>\n\t<\/div>\n<\/section>\n\n<section class=\"purple-section mgt-section\">\n\t<div class=\"anchor\" id=\"legal-support-for-youtuber\"><\/div>\n\t<div class=\"section-inner\">\n\t\t<div class=\"flex\">\n\t\t\t<div class=\"width41\"><img decoding=\"async\" src=\"\/wp-content\/themes\/monolith2021\/img\/pic\/pic_practices-youtuberlaw.jpg\" alt=\"Suporte Jur\u00eddico para YouTuber\"><\/div>\n\t\t\t<div class=\"width51\">\n\t\t\t\t<h3>Suporte Jur\u00eddico para YouTuber<\/h3>\n\t\t\t\t<p class=\"mgb-small\">Canais do YouTube gerenciados por ag\u00eancias de YouTubers, empresas que operam YouTubers Virtuais (VTubers) e companhias comerciais, todos precisam de consultores jur\u00eddicos com conhecimento especializado e experi\u00eancia no Jap\u00e3o. <\/p>\n\t\t\t\t<p class=\"mgb-middle\">Nossos clientes abrangem desde grandes empresas japonesas de gerenciamento de YouTubers at\u00e9 YouTubers individuais de destaque e v\u00e1rias empresas de gest\u00e3o de neg\u00f3cios de VTubers em todo o Jap\u00e3o. Al\u00e9m disso, oferecemos suporte altamente especializado na elabora\u00e7\u00e3o e revis\u00e3o de contratos relacionados a YouTubers e VTubers, bem como na resolu\u00e7\u00e3o de quest\u00f5es jur\u00eddicas relacionadas \u00e0 cria\u00e7\u00e3o de v\u00eddeos no Jap\u00e3o.<\/p>\n\t\t\t\t<div class=\"btn-area align-left\">\n\t\t\t\t\t<div class=\"btn icon-legal-support-for-youtuber\"><a href=\"\/pt\/legal-support-for-youtuber\/\">Suporte Jur\u00eddico<br> para YouTuber<\/a><\/div>\n\t\t\t\t<\/div>\n\t\t\t<\/div>\n\t\t<\/div>\n\t<\/div>\n<\/section>\n\n<section class=\"white-section\">\n\t<div class=\"anchor\" id=\"legal-support-for-vtuber\"><\/div>\n\t<div class=\"section-inner\">\n\t\t<div class=\"flex reverse\">\n\t\t\t<div class=\"width41\"><img decoding=\"async\" src=\"\/wp-content\/themes\/monolith2021\/img\/vtuberlaw\/pic_practices-vtuberlaw.jpg\" alt=\"Suporte Jur\u00eddico para VTuber\"><\/div>\n\t\t\t<div class=\"width51\">\n\t\t\t\t<h3>Suporte Jur\u00eddico para VTubers<\/h3>\n\t\t\t\t<p class=\"mgb-small\">A popularidade dos VTubers, que s\u00e3o YouTubers que utilizam avatares 2D ou 3D em seus v\u00eddeos e transmiss\u00f5es ao vivo, est\u00e1 consolidada. O fen\u00f4meno come\u00e7ou no Jap\u00e3o e agora se espalhou para diversos pa\u00edses ao redor do mundo.<\/p>\n\t\t\t\t<p class=\"mgb-middle\">Desde 2017, estamos envolvidos em quest\u00f5es jur\u00eddicas relacionadas a VTubers no Jap\u00e3o, acumulando uma rica experi\u00eancia e um hist\u00f3rico s\u00f3lido. Nosso compromisso \u00e9 oferecer suporte abrangente aos VTubers, bem como \u00e0s suas empresas e ag\u00eancias afiliadas em todo o mundo.<\/p>\n\t\t\t\t<div class=\"btn-area align-left\">\n\t\t\t\t\t<div class=\"btn icon-legal-support-for-vtuber\"><a href=\"\/pt\/legal-support-for-vtuber\/\">Suporte Jur\u00eddico<br>para VTubers<\/a><\/div>\n\t\t\t\t<\/div>\n\t\t\t<\/div>\n\t\t<\/div>\n\t<\/div>\n<\/section>\n\n<section class=\"white-section\">\n\t<div class=\"anchor\" id=\"manda-of-sns-accounts\"><\/div>\n\t<div class=\"section-inner\">\n\t\t<div class=\"flex\">\n\t\t\t<div class=\"width41\"><img decoding=\"async\" src=\"\/wp-content\/themes\/monolith2021\/img\/pic\/pic_sns_manda.jpg\" alt=\"M&amp;A de contas SNS\"><\/div>\n\t\t\t<div class=\"width51\">\n\t\t\t\t<h3>Fus\u00f5es e Aquisi\u00e7\u00f5es de contas SNS<\/h3>\n\t\t\t\t<p class=\"mgb-small\">Assim como os sites, os canais do YouTube e as contas do Twitter tamb\u00e9m est\u00e3o sujeitos a fus\u00f5es e aquisi\u00e7\u00f5es. Contudo, dado que essas transa\u00e7\u00f5es s\u00e3o casos especiais, \u00e9 crucial contar com um escrit\u00f3rio de advocacia que possua conhecimento e experi\u00eancia especializados. A Monolith Law Office \u00e9 especializada em quest\u00f5es de TI, internet e neg\u00f3cios. Nossos advogados lidam com uma variedade de aspectos, desde a elabora\u00e7\u00e3o de contratos at\u00e9 a realiza\u00e7\u00e3o de dilig\u00eancias (DD) para diversas fus\u00f5es e aquisi\u00e7\u00f5es, abrangendo desde pequenos projetos envolvendo canais do YouTube at\u00e9 empreendimentos que ultrapassam os 100 milh\u00f5es de ienes. <\/p>\n\t\t\t\t<div class=\"btn-area align-left\">\n\t\t\t\t\t<div class=\"btn icon-m-and-a-of-sns-accounts\"><a href=\"\/pt\/m-and-a-of-sns-accounts\/\">Fus\u00f5es e Aquisi\u00e7\u00f5es de contas SNS<\/a><\/div>\n\t\t\t\t<\/div>\n\n\t\t\t<\/div>\n\t\t<\/div>\n\t<\/div>\n<\/section>\n\n<section class=\"purple-section\">\n\t<div class=\"anchor\" id=\"mitigating-reputational-damage\"><\/div>\n\t<div class=\"section-inner\">\n\t\t<div class=\"flex reverse\">\n\t\t\t<div class=\"width41\"><img decoding=\"async\" src=\"\/wp-content\/themes\/monolith2021\/img\/pic\/pic_practices-reputation.jpg\" alt=\"Mitigando Danos \u00e0 Reputa\u00e7\u00e3o\"><\/div>\n\t\t\t<div class=\"width51\">\n\t\t\t\t<h3>Mitigando Danos \u00e0 Reputa\u00e7\u00e3o<\/h3>\n\t\t\t\t<p class=\"mgb-small\">P\u00e1ginas web negativas que atacam empresas ou indiv\u00edduos podem ter impactos prejudiciais em suas reputa\u00e7\u00f5es. No entanto, a legisla\u00e7\u00e3o japonesa inclui disposi\u00e7\u00f5es para a remo\u00e7\u00e3o dessas p\u00e1ginas web se configurarem difama\u00e7\u00e3o ou viola\u00e7\u00e3o de privacidade. No MONOLITH LAW OFFICE, somos especializados em quest\u00f5es legais relacionadas \u00e0 internet e j\u00e1 lidamos com sucesso com diversos casos envolvendo a remo\u00e7\u00e3o de informa\u00e7\u00f5es prejudiciais da internet. <\/p>\n\t\t\t\t<p class=\"mgb-middle\">Com nossa ampla experi\u00eancia na internet e profundo conhecimento dos princ\u00edpios legais japoneses, nossa equipe dedicada j\u00e1 auxiliou uma variedade de clientes, desde grandes corpora\u00e7\u00f5es at\u00e9 indiv\u00edduos, a enfrentar de forma eficaz p\u00e1ginas web negativas. Por meio de interven\u00e7\u00f5es legais estrat\u00e9gicas, trabalhamos incansavelmente para proteger as reputa\u00e7\u00f5es de nossos clientes e reduzir os danos causados por conte\u00fados difamat\u00f3rios ou invasivos da privacidade.<\/p>\n\t\t\t\t<div class=\"btn-area align-left\">\n\t\t\t\t\t<div class=\"btn icon-mitigating-reputational-damage\"><a href=\"\/pt\/mitigating-reputational-damage\/\">Mitiga\u00e7\u00e3o<br>de Danos \u00e0 Reputa\u00e7\u00e3o<\/a><\/div>\n\t\t\t\t<\/div>\n\t\t\t<\/div>\n\t\t<\/div>\n\t<\/div>\n<\/section>\n\n<section class=\"white-section\">\n\t<div class=\"anchor\" id=\"id-of-the-defamatory-statement\"><\/div>\n\t<div class=\"section-inner\">\n\t\t<div class=\"flex\">\n\t\t\t<div class=\"width41\"><img decoding=\"async\" src=\"\/wp-content\/themes\/monolith2021\/img\/pic\/pic_reputation.jpg\" alt=\"Identifica\u00e7\u00e3o de Postagem Difamat\u00f3ria\"><\/div>\n\t\t\t<div class=\"width51\">\n\t\t\t\t<h3>Identifica\u00e7\u00e3o de Postagem Difamat\u00f3ria<\/h3>\n\t\t\t\t<p class=\"mgb-small\">Segundo a legisla\u00e7\u00e3o japonesa, a identifica\u00e7\u00e3o de respons\u00e1veis por postagens ilegais, como aquelas consideradas difamat\u00f3rias, pode ser buscada por meio das disposi\u00e7\u00f5es da Lei de Limita\u00e7\u00e3o de Responsabilidade do Provedor (Japanese Provider Liability Limitation Act). Esse processo legal ocorre em um tribunal japon\u00eas.<\/p>\n\t\t\t\t<p class=\"mgb-middle\">Em situa\u00e7\u00f5es que envolvem postagens extremamente prejudiciais que n\u00e3o podem ser ignoradas, como acusa\u00e7\u00f5es falsas que associam um propriet\u00e1rio de neg\u00f3cios a atividades antissociais, \u00e9 vital identificar os respons\u00e1veis e buscar as medidas legais adequadas. Al\u00e9m disso, quando essas postagens ilegais persistem, \u00e9 necess\u00e1rio empreender esfor\u00e7os para identificar e evitar a recorr\u00eancia.<\/p>\n\t\t\t\t<div class=\"btn-area align-left\">\n\t\t\t\t\t<div class=\"btn icon-id-of-the-defamatory-statement\"><a href=\"\/pt\/id-of-the-defamatory-statement\/\">Identifica\u00e7\u00e3o de Postagem<br>Difamat\u00f3ria<\/a><\/div>\n\t\t\t\t<\/div>\n\t\t\t<\/div>\n\t\t<\/div>\n\t<\/div>\n<\/section>\n\n<section class=\"orange-section\">\n\t<div class=\"anchor\" id=\"corporate-reputation-management\"><\/div>\n\t<div class=\"section-inner\">\n\t\t<div class=\"flex reverse\">\n\t\t\t<div class=\"width41\"><img decoding=\"async\" src=\"\/en\/wp-content\/uploads\/sites\/6\/2023\/06\/pic_practices-listedcompany.jpg\" alt=\"Gest\u00e3o de Reputa\u00e7\u00e3o Corporativa\"><\/div>\n\t\t\t<div class=\"width51\">\n\t\t\t\t<h3>Gest\u00e3o da Reputa\u00e7\u00e3o Corporativa<\/h3>\n\t\t\t\t<p class=\"mgb-small\">Quando uma grande empresa se depara com danos \u00e0 sua reputa\u00e7\u00e3o devido a v\u00e1rias p\u00e1ginas negativas na internet, lidar com o problema torna-se uma tarefa complexa. A prioriza\u00e7\u00e3o de quais p\u00e1ginas remover e a avalia\u00e7\u00e3o do equil\u00edbrio entre custos e benef\u00edcios dos esfor\u00e7os de remo\u00e7\u00e3o apresentam desafios significativos. Como um escrit\u00f3rio de advocacia com expertise jur\u00eddica e consultoria em TI, proporcionamos solu\u00e7\u00f5es abrangentes ajustadas a esses cen\u00e1rios complexos.<\/p>\n\t\t\t\t<p>Nossa equipe de advogados e consultores de TI oferece expertise na defini\u00e7\u00e3o de prioridades, na cria\u00e7\u00e3o de indicadores-chave de desempenho (KPIs) e na avalia\u00e7\u00e3o das rela\u00e7\u00f5es custo-benef\u00edcio relacionadas \u00e0 aloca\u00e7\u00e3o de or\u00e7amento. Abordamos a situa\u00e7\u00e3o de maneira semelhante \u00e0s empresas de consultoria, proporcionando orienta\u00e7\u00e3o estrat\u00e9gica e an\u00e1lise para navegar de forma eficaz por todo o processo.<\/p>\n\t\t\t<\/div>\n\t\t<\/div>\n\t<\/div>\n<\/section>\n\n<section class=\"white-section\">\n\t<div class=\"anchor\" id=\"removal-of-past-unwanted-info\"><\/div>\n\t<div class=\"section-inner\">\n\t\t<div class=\"flex\">\n\t\t\t<div class=\"width41\"><img decoding=\"async\" src=\"\/en\/wp-content\/uploads\/sites\/6\/2023\/06\/pastunwantedcontent.jpg\" alt=\"Remo\u00e7\u00e3o de Conte\u00fado Indesejado\"><\/div>\n\t\t\t<div class=\"width51\">\n\t\t\t\t<h3>Remo\u00e7\u00e3o de Conte\u00fado Indesejado<\/h3>\n\t\t\t\t<p class=\"mgb-small\">O MONOLITH LAW OFFICE \u00e9 especializado em enfrentar o desafio de gerenciar a presen\u00e7a online, especialmente para pessoas envolvidas na ind\u00fastria do entretenimento. Entendemos que informa\u00e7\u00f5es, sejam oficiais ou n\u00e3o oficiais, podem ter um impacto duradouro na vida pessoal e profissional. Nossa firma oferece solu\u00e7\u00f5es abrangentes para abordar essas preocupa\u00e7\u00f5es, utilizando uma combina\u00e7\u00e3o \u00fanica de expertise jur\u00eddica e tecnologia da informa\u00e7\u00e3o. Seja para remover conte\u00fado indesejado, gerenciar pegadas digitais ou lidar com quest\u00f5es de &#8220;direito ao esquecimento&#8221;, fornecemos uma solu\u00e7\u00e3o completa para proteger sua reputa\u00e7\u00e3o online.<\/p>\n\t\t\t\t<p>Confie no MONOLITH LAW OFFICE para proteger a sua privacidade e garantir uma transi\u00e7\u00e3o suave para os seus futuros empreendimentos.<\/p>\n\t\t\t<\/div>\n\t\t<\/div>\n\t<\/div>\n<\/section>\n\n<section class=\"purple2-section\">\n\t<div class=\"anchor\" id=\"monolith-law-magazine\"><\/div>\n\t<div class=\"section-inner\">\n\t\t    <section class=\"white-section temp-article\">\n        <div class=\"section-inner\">\n            <h4>MONOLITH LAW MAGAZINE<\/h4>\n            <div class=\"articles type_practice_column\">\n                                                                    <div class=\"article article-area\">\n                        <figure>\n                            <div class=\"img-wrap\">\n                                <img alt=\"At\u00e9 que ponto \u00e9 permitida a semelhan\u00e7a de marcas? Explica\u00e7\u00e3o dos crit\u00e9rios de semelhan\u00e7a e casos de infra\u00e7\u00e3o de direitos de marca.\" src=\"https:\/\/monolith.law\/pt\/wp-content\/uploads\/sites\/11\/2025\/08\/eac576e0765af2cac6d210d899b2d93d.webp\" width=\"500\" height=\"250\">\n                            <\/div>\n                            <figcaption>\n                                <div class=\"figcaption-inner\">\n                                    <h3>At\u00e9 que ponto \u00e9 permitida a semelhan\u00e7a de marcas? Explica\u00e7\u00e3o dos crit\u00e9rios de se.<\/h3>\n                                <\/div>\n                            <\/figcaption>\n                            <a href=\"https:\/\/monolith.law\/pt\/internet\/trademark-infringement\"><\/a>\n                        <\/figure>\n                    <\/div>\n                                                    <div class=\"article article-area\">\n                        <figure>\n                            <div class=\"img-wrap\">\n                                <img alt=\"Qual a responsabilidade legal pela propaga\u00e7\u00e3o e dissemina\u00e7\u00e3o de not\u00edcias falsas? Explica\u00e7\u00e3o de duas responsabilidades criminais a partir de casos de deten\u00e7\u00e3o\" src=\"https:\/\/monolith.law\/pt\/wp-content\/uploads\/sites\/11\/2025\/08\/7d8b9299c2a15a801c04913ba0d80d99.webp\" width=\"500\" height=\"250\">\n                            <\/div>\n                            <figcaption>\n                                <div class=\"figcaption-inner\">\n                                    <h3>Qual a responsabilidade legal pela propaga\u00e7\u00e3o e dissemina\u00e7\u00e3o de not\u00edcias falsas?.<\/h3>\n                                <\/div>\n                            <\/figcaption>\n                            <a href=\"https:\/\/monolith.law\/pt\/internet\/false-information-criminal-liability\"><\/a>\n                        <\/figure>\n                    <\/div>\n                                                    <div class=\"article article-area\">\n                        <figure>\n                            <div class=\"img-wrap\">\n                                <img alt=\"Aprender com o caso de lit\u00edgio entre Dwango e FC2: a import\u00e2ncia da infra\u00e7\u00e3o de patente e do princ\u00edpio de territorialidade.\" src=\"https:\/\/monolith.law\/pt\/wp-content\/uploads\/sites\/11\/2025\/08\/3d197fbdd689457ec22de396ff65b2df.webp\" width=\"500\" height=\"250\">\n                            <\/div>\n                            <figcaption>\n                                <div class=\"figcaption-inner\">\n                                    <h3>Aprender com o caso de lit\u00edgio entre Dwango e FC2: a import\u00e2ncia da infra\u00e7\u00e3o de .<\/h3>\n                                <\/div>\n                            <\/figcaption>\n                            <a href=\"https:\/\/monolith.law\/pt\/internet\/patent-infringement-territoriality\"><\/a>\n                        <\/figure>\n                    <\/div>\n                                            <\/div>\n            <div class=\"btn-more\"><a href=\"https:\/\/monolith.law\/pt\/tag\/internet\">Ler mais<\/a><\/div>\n        <\/div>\n    <\/section>\n\t<\/div>\n<\/section>\n\n<section class=\"orange2-section\">\n\t<div class=\"anchor\" id=\"fee-structure\"><\/div>\n\t<div class=\"section-inner\">\n\t<div class=\"planWrap\">\n\t<h3>Estrutura de<br>Honor\u00e1rios<\/h3>\n\t<ul class=\"plan\">\n\t\t<li class=\"txt-left\">\n\t\t\t<div class=\"plan-inner\">\n\t\t\t<div class=\"plan-header\">\n\t\t\t<h4 class=\"plan-title\">Valor\/Hora<\/h4>\n\t\t\t<div class=\"plan-price\"><span class=\"price-figure\">$300<\/span> por hora <span class=\"price-tax\"><\/span><\/div>\n\t\t\t<\/div>\n\t\t\t<div class=\"plan-body\">Em determinadas situa\u00e7\u00f5es, podemos avaliar a possibilidade de assumir um litigio ou processo com uma taxa inicial e uma taxa contingente. Para obter mais detalhes, sinta-se \u00e0 vontade para entrar em contato conosco.<\/div>\n\t\t\t<\/div>\n\t\t<\/li>\n\t\t<li class=\"txt-left\">\n\t\t\t<div class=\"plan-inner\">\n\t\t\t<div class=\"plan-header\">\n\t\t\t<h4 class=\"plan-title\">Elabora\u00e7\u00e3o de Contratos<\/h4>\n\t\t\t<div class=\"plan-price\"><span class=\"price-value\">a partir de<\/span><span class=\"price-figure\">$500<\/span><span class=\"price-value\">at\u00e9 $2,000 ou mais<\/span><span class=\"price-tax\"><\/span><\/div>\n\t\t\t<\/div>\n\t\t\t<div class=\"plan-body\">Os custos podem variar dependendo do tipo e quantidade de contratos. Ficar\u00edamos felizes em fornecer uma estimativa preliminar durante uma consulta. Por favor, n\u00e3o hesite em entrar em contato conosco para mais detalhes.<\/div>\n\t\t\t<\/div>\n\t\t<\/li>\n\t\t<li class=\"txt-left\">\n\t\t\t<div class=\"plan-inner\">\n\t\t\t<div class=\"plan-header\">\n\t\t\t<h4 class=\"plan-title\">Outros Servi\u00e7os<\/h4>\n\t\t\t<div class=\"plan-price\"><span class=\"price-figure\">Contacte-nos<\/span><\/div>\n\t\t\t<\/div>\n\t\t\t<div class=\"plan-body\">Disponibilizamos diversos servi\u00e7os, como abertura de empresas, an\u00e1lise de contratos, emiss\u00e3o de pareceres legais e revis\u00e3o de casos ou cartas de pesquisa. Caso tenha alguma d\u00favida ou quest\u00e3o, convidamos voc\u00ea a entrar em contato conosco. Nossa equipe especializada ter\u00e1 prazer em ajudar.<\/div>\n\t\t\t<\/div>\n\t\t\t<\/div>\n\t\t<\/li>\n\t<\/ul>\n\t<\/div>\n\t<\/div>\n<\/section>\n\n<section class=\"white-section\">\n\t<div class=\"section-inner\">\n\t\t<div class=\"btn-area\">\n\t\t\t<div class=\"btn icon-contact\"><a href=\"\/pt\/contact\">Entre em Contato<\/a><\/div>\n\t\t<\/div>\n\t<\/div>\n<\/section>\n","protected":false},"excerpt":{"rendered":"<p>Internet Como um escrit\u00f3rio de advocacia altamente especializado em TI, temos uma comprovada trajet\u00f3ria no fornecimento de suporte jur\u00eddico abrangente a empreendedores da ind\u00fastria da internet, inclui [&hellip;]<\/p>\n","protected":false},"author":1,"featured_media":57159,"parent":0,"menu_order":0,"comment_status":"closed","ping_status":"closed","template":"other-page-temp.php","meta":{"footnotes":""},"acf":[],"_links":{"self":[{"href":"https:\/\/monolith.law\/pt\/wp-json\/wp\/v2\/pages\/56080"}],"collection":[{"href":"https:\/\/monolith.law\/pt\/wp-json\/wp\/v2\/pages"}],"about":[{"href":"https:\/\/monolith.law\/pt\/wp-json\/wp\/v2\/types\/page"}],"author":[{"embeddable":true,"href":"https:\/\/monolith.law\/pt\/wp-json\/wp\/v2\/users\/1"}],"replies":[{"embeddable":true,"href":"https:\/\/monolith.law\/pt\/wp-json\/wp\/v2\/comments?post=56080"}],"version-history":[{"count":27,"href":"https:\/\/monolith.law\/pt\/wp-json\/wp\/v2\/pages\/56080\/revisions"}],"predecessor-version":[{"id":69854,"href":"https:\/\/monolith.law\/pt\/wp-json\/wp\/v2\/pages\/56080\/revisions\/69854"}],"wp:featuredmedia":[{"embeddable":true,"href":"https:\/\/monolith.law\/pt\/wp-json\/wp\/v2\/media\/57159"}],"wp:attachment":[{"href":"https:\/\/monolith.law\/pt\/wp-json\/wp\/v2\/media?parent=56080"}],"curies":[{"name":"wp","href":"https:\/\/api.w.org\/{rel}","templated":true}]}}