{"id":25864,"date":"2023-11-11T23:30:39","date_gmt":"2023-11-11T14:30:39","guid":{"rendered":"https:\/\/monolith.law\/?page_id=25864"},"modified":"2026-03-16T15:26:37","modified_gmt":"2026-03-16T06:26:37","slug":"access","status":"publish","type":"page","link":"https:\/\/monolith.law\/ro\/access","title":{"rendered":"Acces"},"content":{"rendered":"\n<section class=\"heading-area\">\n\t<div class=\"heading-area-inner\">\n\t\t<h2 class=\"icon-access\">Acces<\/h2>\n\t<\/div>\n<\/section>\n<section class=\"second-nav\">\n\t<div class=\"second-nav-inner\">\n\t\t<p>SUBIECTE<\/p>\n\t\t<nav>\n\t\t\t<ul>\n\t\t\t\t<li><a href=\"#law-firm-with-strength-in-it-internet-and-business\">Birou de avocatur\u0103 cu for\u021be \u00een IT, Internet \u0219i Afaceri<\/a><\/li>\n\t\t\t\t<li><a href=\"#access-map\">Harta de Acces<\/a><\/li>\n\t\t\t\t<li><a href=\"#expansion-and-relocation-to-otemachi-financial-city\">Extindere \u0219i relocare \u00een Otemachi Financial City<\/a><\/li>\n\t\t\t<\/ul>\n\t\t<\/nav>\n\t<\/div>\n<\/section>\n<section class=\"white-section\">\n\t<div class=\"anchor\" id=\"law-firm-with-strength-in-it-internet-and-business\"><\/div>\n\t<div class=\"section-inner\">\n\t\t<div class=\"flex\">\n\t\t\t<div class=\"width41\"><img decoding=\"async\" src=\"\/wp-content\/themes\/monolith2021\/img\/access\/access_pic1.jpg\" alt=\"Birou de avocatur\u0103 cu for\u021be \u00een IT, Internet \u0219i Afaceri\"><\/div>\n\t\t\t<div class=\"width51\">\n\t\t\t\t<h3>Birou de avocatur\u0103 cu for\u021be \u00een IT, Internet \u0219i Afaceri<\/h3>\n\t\t\t\t<p class=\"mgb-small\">MONOLITH LAW OFFICE este un birou de avocatur\u0103 situat \u00een Otemachi, Chiyoda-ku, Tokyo, Japonia. Este direct conectat la sta\u021bia Otemachi \u0219i se afl\u0103 la 7 minute de mers pe jos de la sta\u021bia Tokyo.<\/p>\n\t\t\t\t<p class=\"mgb-small\">Am servit ca avoca\u021bi consilieri (inclusiv diverse contracte cu directori, directori executivi etc.) pentru 1087 companii, variind de la companii listate la TSE prime p\u00e2n\u0103 la firmele de venture \u00een stadiul de seed. Lucr\u0103rile noastre legate de IT\/Internet includ prevenirea prejudiciului de reputa\u021bie, lupta \u00eempotriva def\u0103im\u0103rii \u0219i dispute legate de dezvoltarea sistemelor. De asemenea, oferim servicii juridice legate de companiile startup, care includ investi\u021bii de 100 de milioane de yeni sau mai mult de c\u0103tre companiile listate la TSE \u0219i M&amp;A de c\u0103tre companiile de venture. P\u00e2n\u0103 \u00een prezent, am oferit servicii juridice pentru 1855 clien\u021bi.<\/p>\n\t\t\t\t<p class=\"mgb-middle\">&#8220;\u00cen\u021belegerea IT-ului \u0219i a afacerilor&#8221; este ceea ce ne face speciali.<\/p>\n\t\t\t\t<div class=\"btn-area\">\n\t\t\t\t\t<div class=\"btn icon-services\"><a href=\"\/ro\/services\">Servicii<\/a><\/div>\n\t\t\t\t\t<div class=\"btn icon-overview-of-our-firm\"><a href=\"\/ro\/overview-of-our-firm\">Prezentarea Biroului Nostru<\/a><\/div>\n\t\t\t\t<\/div>\n\t\t\t<\/div>\n\t\t<\/div>\n\t<\/div>\n<\/section>\n<section class=\"purple-section\">\n\t<div class=\"anchor\" id=\"access-map\"><\/div>\n\t<div class=\"section-inner\">\n\t\t<div class=\"flex reverse\">\n\t\t\t<div class=\"width41\"><img decoding=\"async\" src=\"\/wp-content\/themes\/monolith2021\/img\/about\/about_pic2.jpg\" alt=\"MONOLITH LAW OFFICE\"><\/div>\n\t\t\t<div class=\"width51\">\n\t\t\t\t<h3>MONOLITH LAW OFFICE (Birou de avocatur\u0103 din Otemachi)<\/h3>\n\t\t\t\t<p><a href=\"https:\/\/goo.gl\/maps\/YfcgPhBgXFyg1hHF6\" target=\"_blank\" rel=\"noopener noreferrer\">21\/F Financial City North Tower 1-9-5 Otemachi, Chiyoda-ku Tokyo 100-0004, Japan <\/a><\/p>\n\t\t\t\t<p>Metroul Tokyo: Linia Marunouchi, Linia Tozai, Linia Chiyoda, Linia Hanzomon, Metroul Toei, Linia Mita<\/p>\n\t\t\t\t<p class=\"mgb-small\"><a href=\"https:\/\/www.tokyometro.jp\/station\/otemachi\/yardmap\/index.html\" target=\"_blank\" rel=\"noopener noreferrer\">Acces direct de la ie\u0219irea A1 a Sta\u021biei Otemachi<\/a><\/p>\n\t\t\t\t<p>Shinkansen: Tohoku Shinkansen, Joetsu Shinkansen, Hokuriku Shinkansen, Hokkaido Shinkansen, Yamagata Shinkansen, Akita Shinkansen; JR: Linia Tokaido, Linia Keihin-Tohoku, Linia Yamanote, Linia Chuo, Linia Yokosuka, Linia Keiyo; Metroul Tokyo: Linia Marunouchi<\/p>\n\t\t\t\t<p class=\"mgb-small\"><a href=\"https:\/\/www.tokyometro.jp\/station\/tokyo\/index.html\" target=\"_blank\" rel=\"noopener noreferrer\">7 minute de mers pe jos de la ie\u0219irea de nord Marunouchi a Sta\u021biei Tokyo<\/a><\/p>\n\t\t\t\t<p>Parcarea Otemachi Financial City<\/p>\n\t\t\t\t<p class=\"mgb-middle\"><a href=\"https:\/\/www.otemachi-financialcity.jp\/access\/\">1-9-5, 1-9-7, Otemachi, Chiyoda-ku, Tokyo<\/a><\/p>\n\t\t\t\t<div class=\"btn-area align-left\">\n\t\t\t\t\t<div class=\"btn icon-contact\"><a href=\"\/ro\/contact\">Contacta\u021bi-ne<\/a><\/div>\n\t\t\t\t<\/div>\n\t\t\t<\/div>\n\t\t<\/div>\n\t<\/div>\n<\/section>\t \n<section class=\"google-maps\"><\/section>\n<section class=\"white-section\">\n\t<div class=\"anchor\" id=\"expansion-and-relocation-to-otemachi-financial-city\"><\/div>\n\t<div class=\"section-inner\">\n\t\t<div class=\"flex\">\n\t\t\t<div class=\"width41\"><img decoding=\"async\" src=\"\/wp-content\/uploads\/2022\/11\/financialcity.jpg\" alt=\"Expansiunea \u0219i relocarea \u00een Otemachi Financial City\"><\/div>\n\t\t\t<div class=\"width51\">\n\t\t\t\t<h3>Extindere \u0219i relocare \u00een Otemachi Financial City<\/h3>\n\t\t\t\t<p class=\"mgb-small\">Dup\u0103 deschiderea \u00een Yotsuya, Shinjuku-ku, Tokyo \u00een martie 2017, MONOLITH LAW OFFICE s-a mutat \u00een Otemachi (Cl\u0103direa Asahi Seimei Otemachi) \u00een august 2018, datorit\u0103 sprijinului dvs, \u0219i a fost \u00eenfiin\u021bat\u0103 ca birou de avocatur\u0103 \u00een martie 2020. \u00cen decembrie 2020, am deschis un birou secundar la etajul 29 al aceleia\u0219i cl\u0103diri ca \u0219i biroul nostru din Otemachi (Cl\u0103direa Asahi Seimei Otemachi). <\/p>\n\t\t\t\t<p class=\"mgb-small\">Apoi, \u00een septembrie 2022, ne-am extins \u0219i ne-am relocat \u00een Otemachi Financial City.<\/p>\n\t\t\t\t<p class=\"mgb-small\">A\u0219tept\u0103m cu ner\u0103bdare s\u0103 colabor\u0103m cu dumneavoastr\u0103.<\/p>\n\t\t\t<\/div>\n\t\t<\/div>\n\t<\/div>\n<\/section>\n","protected":false},"excerpt":{"rendered":"<p>Acces SUBIECTE Birou de avocatur\u0103 cu for\u021be \u00een IT, Internet \u0219i Afaceri Harta de Acces Extindere \u0219i relocare \u00een Otemachi Financial City Birou de avocatur\u0103 cu for\u021be \u00een IT, Internet \u0219i Afaceri MONOLITH LA [&hellip;]<\/p>\n","protected":false},"author":1,"featured_media":57041,"parent":0,"menu_order":10,"comment_status":"closed","ping_status":"closed","template":"other-page-temp.php","meta":{"footnotes":""},"acf":[],"_links":{"self":[{"href":"https:\/\/monolith.law\/ro\/wp-json\/wp\/v2\/pages\/25864"}],"collection":[{"href":"https:\/\/monolith.law\/ro\/wp-json\/wp\/v2\/pages"}],"about":[{"href":"https:\/\/monolith.law\/ro\/wp-json\/wp\/v2\/types\/page"}],"author":[{"embeddable":true,"href":"https:\/\/monolith.law\/ro\/wp-json\/wp\/v2\/users\/1"}],"replies":[{"embeddable":true,"href":"https:\/\/monolith.law\/ro\/wp-json\/wp\/v2\/comments?post=25864"}],"version-history":[{"count":31,"href":"https:\/\/monolith.law\/ro\/wp-json\/wp\/v2\/pages\/25864\/revisions"}],"predecessor-version":[{"id":72855,"href":"https:\/\/monolith.law\/ro\/wp-json\/wp\/v2\/pages\/25864\/revisions\/72855"}],"wp:featuredmedia":[{"embeddable":true,"href":"https:\/\/monolith.law\/ro\/wp-json\/wp\/v2\/media\/57041"}],"wp:attachment":[{"href":"https:\/\/monolith.law\/ro\/wp-json\/wp\/v2\/media?parent=25864"}],"curies":[{"name":"wp","href":"https:\/\/api.w.org\/{rel}","templated":true}]}}