{"id":30628,"date":"2023-11-07T23:40:08","date_gmt":"2023-11-07T14:40:08","guid":{"rendered":"https:\/\/monolith.law\/?page_id=30628"},"modified":"2026-03-16T16:45:25","modified_gmt":"2026-03-16T07:45:25","slug":"contract-drafting-and-review","status":"publish","type":"page","link":"https:\/\/monolith.law\/ro\/contract-drafting-and-review","title":{"rendered":"Redactarea \u0219i Revizuirea Contractelor"},"content":{"rendered":"\n<section class=\"heading-area\">\n\t<div class=\"heading-area-inner\">\n\t\t<h2 class=\"icon-contract-drafting-and-review\">Redactarea \u0219i Revizuirea Contractelor<\/h2>\n\t\t<p>Ca avoca\u021bi pentru companii de IT \u0219i startup-uri, \u0219i ocazional ca avoca\u021bi specializa\u021bi \u00een IT pentru corpora\u021bii, redact\u0103m \u0219i revizuim o varietate larg\u0103 de contracte specializate legate de IT. Scopul nostru este de a asigura o pozi\u021bie solid\u0103 \u00eentr-un mediu de afaceri care se schimb\u0103 rapid \u00een Japonia.<\/p>\n\t<\/div>\n<\/section>\n<section class=\"white-section mgb-section\">\n\t<div class=\"section-inner pdt0 border-bottom-section\">\n\t\t<p>MONOLITH LAW OFFICE ac\u021bioneaz\u0103 ca avocat juridic pentru companii japoneze de IT \u0219i startup-uri \u00een leg\u0103tur\u0103 cu diferite tipuri de contracte, inclusiv contracte de externalizare legate de opera\u021biunile lor externalizate, contracte de utilizare \u0219i agen\u021bie legate de produsele lor, contracte de investi\u021bii \u0219i acorduri de ac\u021bionari ca contracte legate de capital, \u0219i contracte de munc\u0103 legate de companie. De asemenea, ac\u021bion\u0103m ca avoca\u021bi IT pentru companii de afaceri japoneze.<br>\u00cen plus, ca avoca\u021bi IT pentru companii opera\u021bionale, redact\u0103m \u0219i revizuim contracte legate de noi afaceri IT, contracte legate de externalizarea c\u0103tre companii de IT \u0219i alte contracte de asemenea.<\/p>\n\t<\/div>\n<\/section>\n<section class=\"white-section\">\n\t<div class=\"section-inner pdt0\">\n\t\t<h3 class=\"ttl-enjp mgb-middle\"><span class=\"en\"><\/span><span class=\"ja\">Caracteristici ale MONOLITH LAW OFFICE<\/span><\/h3>\n\t\t<ol class=\"practices-list\">\n\t\t\t<li>\n\t\t\t\t<h4><img decoding=\"async\" src=\"\/wp-content\/themes\/monolith_en\/img\/practices\/practices_1_1.svg\" alt=\"1.Servicii Juridice pentru Startup-uri\"><\/h4>\n\t\t\t\t<img decoding=\"async\" src=\"\/wp-content\/themes\/monolith2021\/img\/practices\/practices_1_1_pic.png\" alt=\"Servicii Juridice pentru Startup-uri\">\n\t\t\t\t<p>Avem o experien\u021b\u0103 vast\u0103 \u00een servicii juridice legate de afaceri \u0219i chestiuni de capital, inclusiv str\u00e2ngerea de fonduri, transferurile de afaceri \u0219i r\u0103scump\u0103r\u0103ri \u00een Japonia.<\/p>\n\t\t\t<\/li>\n\t\t\t<li>\n\t\t\t\t<h4><img decoding=\"async\" src=\"\/wp-content\/themes\/monolith_en\/img\/practices\/practices_1_2.svg\" alt=\"2.Servicii Juridice pentru IT \u0219i Proprietate Intelectual\u0103\"><\/h4>\n\t\t\t\t<img decoding=\"async\" src=\"\/wp-content\/themes\/monolith2021\/img\/practices\/practices_1_2_pic.png\" alt=\"Servicii Juridice pentru IT \u0219i Proprietate Intelectual\u0103\">\n\t\t\t\t<p>Avoca\u021bii no\u0219tri, inclusiv avocatul reprezentant care este fost inginer, se str\u0103duiesc s\u0103 \u00een\u021beleag\u0103 profund produsul dumneavoastr\u0103, uneori chiar citind codul.<\/p>\n\t\t\t<\/li>\n\t\t\t<li>\n\t\t\t\t<h4><img decoding=\"async\" src=\"\/wp-content\/themes\/monolith_en\/img\/practices\/practices_1_3.svg\" alt=\"3.Vitez\u0103\"><\/h4>\n\t\t\t\t<img decoding=\"async\" src=\"\/wp-content\/themes\/monolith2021\/img\/practices\/practices_1_3_pic.png\" alt=\"Vitez\u0103\">\n\t\t\t\t<p>\u00cen\u021belegem importan\u021ba r\u0103spunsului rapid la nevoile afacerii dumneavoastr\u0103 \u0219i, \u00een general, r\u0103spundem \u00een termen de o zi lucr\u0103toare.<\/p>\n\t\t\t<\/li>\n\t\t\t<li>\n\t\t\t\t<h4><img decoding=\"async\" src=\"\/wp-content\/themes\/monolith_en\/img\/practices\/practices_1_4.svg\" alt=\"4.Servicii juridice corporative pentru companii mici \u0219i medii\"><\/h4>\n\t\t\t\t<img decoding=\"async\" src=\"\/wp-content\/themes\/monolith2021\/img\/practices\/practices_1_4_pic.png\" alt=\"Servicii juridice corporative pentru companii mici \u0219i medii\">\n\t\t\t\t<p>Avocatul reprezentant al biroului nostru, av\u00e2nd experien\u021b\u0103 \u00een managementul corporativ japonez, \u00een\u021belege provoc\u0103rile de a conduce o afacere.<\/p>\n\t\t\t<\/li>\n\t\t<\/ol>\n\t<\/div>\n<\/section>\n<section class=\"second-nav\">\n\t<div class=\"second-nav-inner\">\n\t\t<p>SUBIECTE<\/p>\n\t\t<nav>\n\t\t\t<ul>\n\t\t\t\t<li><a href=\"#our-experience-in-contract-drafting-etc\">Experien\u021ba noastr\u0103 \u00een redactarea contractelor, etc.<\/a><\/li>\n\t\t\t\t<li><a href=\"#handling-more-than-3000-contracts-per-year-as-an-organization\">Manipularea a mai mult de 3,000 de contracte pe an<\/a><\/li>\n\t\t\t\t<li><a href=\"#IT\">IT<\/a><\/li>\n\t\t\t\t<li><a href=\"#extensive-experience-in-investment-contracts-etc\">Experien\u021b\u0103 vast\u0103 \u00een contracte de investi\u021bii, etc.<\/a><\/li>\n\t\t\t\t<li><a href=\"#examples-of-support-provided-by-our-firm\">Exemple de suport oferit de biroul nostru<\/a><\/li>\n\t\t\t\t<li><a href=\"#monolith-law-magazine\">MONOLITH LAW MAGAZINE<\/a><\/li>\n\t\t\t\t<li><a href=\"#fee-structure\">Structura Taxelor<\/a><\/li>\n\t\t\t<\/ul>\n\t\t<\/nav>\n\t<\/div>\n<\/section>\n<section class=\"white-section mgt-section mgb-section\">\n\t<div class=\"anchor\" id=\"our-experience-in-contract-drafting-etc\"><\/div>\n\t<div class=\"section-inner-black\">\n\t\t<h3>Experien\u021ba noastr\u0103 \u00een redactarea contractelor, <br class=\"spOnly\">etc.<\/h3>\n\t\t<p class=\"mgb-middle\">MONOLITH LAW OFFICE, ca birou de avocatur\u0103 specializat \u00een &#8220;IT, Internet \u0219i Afaceri&#8221;, ofer\u0103 diverse tipuri de servicii de redactare \u0219i revizuire a contractelor legate de IT \u0219i afaceri. Exemplele serviciilor noastre includ, dar nu se limiteaz\u0103 la urm\u0103toarele:<\/p>\n\t\t<p class=\"mgb-middle\">Acord de externalizare SEO, Acord de externalizare a oper\u0103rii SNS, Acord de fuziune, Acord de transfer de ac\u021biuni, Acord de subscriere de ac\u021biuni, Acord de cercetare comun\u0103, Acord de joint venture, Acord de servicii, Acord de alian\u021b\u0103 comercial\u0103, Acord de \u00eemprumut, Acord de externalizare a publicit\u0103\u021bii, Acord de tranzac\u021bie publicitar\u0103 de baz\u0103, Acord de consultan\u021b\u0103, Acord de angajare, Acord de cesiune a crean\u021belor, Acord de cesiune a drepturilor de garan\u021bie, Acord de transfer de afaceri, Acord de cesiune a m\u0103rcii comerciale, Acord de baz\u0103 pentru recrutare, Acord de alian\u021b\u0103 de capital \u0219i de afaceri, Acord cu r\u0103spundere limitat\u0103, Acord de afiliere a talentelor, Acord de severan\u021b\u0103, Acord de agen\u021bie, Acord de transfer de drepturi de autor, Acord de investi\u021bii, Acord de cump\u0103rare de baz\u0103, Acord de distribu\u021bie, Acord de nedivulgare, Acord de franciz\u0103, Acord de subscriere general\u0103, Acord de management, Acord MEO, Acord de licen\u021b\u0103, Acord de deta\u0219are a lucr\u0103torilor, Acord de solu\u021bionare<\/p>\n\t<\/div>\n<\/section>\n<section class=\"purple-section\">\n\t<div class=\"anchor\" id=\"handling-more-than-3000-contracts-per-year-as-an-organization\"><\/div>\n\t<div class=\"section-inner\">\n\t\t<div class=\"flex\">\n\t\t\t<div class=\"width51\">\n\t\t\t\t<h3>Manipularea a mai mult de 3,000 de contracte pe an<\/h3>\n\t\t\t\t<p class=\"mgb-small\">MONOLITH LAW OFFICE este o organiza\u021bie format\u0103 din 30 avoca\u021bi, condus\u0103 de avocatul nostru reprezentant, un fost inginer IT \u0219i director executiv de afaceri.<\/p>\n\t\t\t\t<p class=\"mgb-small\">Biroul nostru redacteaz\u0103 \u0219i revizuie\u0219te mai mult de 3.000 de contracte anual, demonstr\u00e2nd o experien\u021b\u0103 \u0219i expertiz\u0103 extins\u0103 \u00een aceste probleme.<\/p>\n\t\t\t\t<p>*Graficele se bazeaz\u0103 pe cifre cu estimare, \u0219i poate exista o eroare de p\u00e2n\u0103 la 20%.<\/p>\n\t\t\t<\/div>\n\t\t\t<div class=\"width41\"><img decoding=\"async\" src=\"\/wp-content\/themes\/monolith_en\/img\/contractcreation\/contractcreation_pic1.png\" alt=\"Manipularea a mai mult de 2.000 de contracte pe an ca organiza\u021bie\"><\/div>\n\t\t<\/div>\n\t<\/div>\n<\/section>\n\n<section class=\"white-section\">\n\t<div id=\"IT\"><\/div>\n\t<div class=\"section-inner\">\n\t<div class=\"flex\">\n\t<div class=\"width41\"><img decoding=\"async\" src=\"\/wp-content\/themes\/monolith2021\/img\/pic\/pic_practices-itlaw.jpg\" alt=\"IT\" \/><\/div>\n\t<div class=\"width51\">\n\t\t<h3>IT<\/h3>\n\t\t<p class=\"mgb-middle\">MONOLITH LAW OFFICE este specializat\u0103 \u00een dreptul IT \u0219i ofer\u0103 suport juridic complet pentru diverse companii IT. Expertiza noastr\u0103 include redactarea de contracte legate de tehnologii de ultim\u0103 or\u0103, precum \u0219i tranzac\u021bii de investi\u021bii \u0219i fuziuni \u0219i achizi\u021bii care implic\u0103 companii start-up. Cu experien\u021ba noastr\u0103 vast\u0103 \u00een redactarea de contracte, \u00een special \u00een sectorul IT, suntem bine echipa\u021bi pentru a satisface nevoile juridice unice ale afacerilor bazate pe tehnologie.<\/p>\n\t\t<div class=\"btn-area align-left\">\n\t\t\t<div class=\"btn icon-it\"><a href=\"\/ro\/it\">IT<\/a><\/div>\n\t\t<\/div>\n\t<\/div>\n\t<\/div>\n\t<\/div>\n<\/section>\n\n<section class=\"white-section\">\n\t<div class=\"anchor\" id=\"extensive-experience-in-investment-contracts-etc\"><\/div>\n\t<div class=\"section-inner-black\">\n\t\t<h3>Experien\u021b\u0103 extins\u0103 \u00een acorduri de investi\u021bii, etc.<\/h3>\n\t\t<p class=\"mgb-middle\">\u00cen ceea ce prive\u0219te emiterea de ac\u021biuni prin alocare c\u0103tre ter\u021bi, MONOLITH LAW OFFICE se ocup\u0103 de totul, de la preg\u0103tirea term sheet-urilor p\u00e2n\u0103 la redactarea acordurilor de investi\u021bii \u0219i a acordurilor \u00eentre ac\u021bionari. De asemenea, gestion\u0103m proiectarea ac\u021biunilor de clas\u0103 care stipuleaz\u0103 distribu\u021bii preferen\u021biale, emiterea de drepturi de achizi\u021bie a ac\u021biunilor, acorduri \u00eentre fondatori, transferul de ac\u021biuni \u0219i diverse alte strategii \u0219i contracte legate de capitalul propriu.<\/p>\n\t<\/div>\n<\/section>\n\n<section class=\"orange-section mgt-section\">\n\t<div class=\"anchor\" id=\"examples-of-support-provided-by-our-firm\"><\/div>\n\t<div class=\"section-inner\">\n\t\t<h3 class=\"mgb-middle\">Exemple de suport oferit de MONOLITH LAW OFFICE<\/h3>\n\t\t<p class=\"mgb-middle\">MONOLITH LAW OFFICE a ac\u021bionat ca avocat legal pentru companii japoneze de IT \u0219i startup-uri \u00een leg\u0103tur\u0103 cu diferite tipuri de contracte, inclusiv contracte de externalizare pentru opera\u021biuni externalizate, contracte de utilizare \u0219i agen\u021bie pentru produsele companiei, contracte de investi\u021bii \u0219i acorduri \u00eentre ac\u021bionari pentru contracte legate de capitalul propriu \u0219i contracte de munc\u0103 pentru contracte legate de companie. De asemenea, ac\u021bion\u0103m ca avoca\u021bi IT pentru companii de afaceri din Japonia, redact\u00e2nd \u0219i revizuind contracte pentru noi afaceri legate de IT \u0219i contracte legate de companii de IT.<\/p>\n\t\t<div class=\"white-base\">\n\t\t\t<ul>\n\t\t\t\t<li class=\"mgb-small\">\n\t\t\t\t\t<figure><img decoding=\"async\" alt=\"HAZAMA ANDO CORPORATION\" src=\"\/wp-content\/themes\/monolith2021\/img\/clients\/logo_andohazama.png\"><\/figure>\n\t\t\t\t\t<h4 class=\"mgt-small mgb-small\">HAZAMA ANDO CORPORATION<\/h4>\n\t\t\t\t\t<p>Biroul nostru a redactat un contract legat de IT pentru acest client, un antreprenor general major listat la Bursa de Valori din Tokyo Prime.<\/p>\n\t\t\t\t<\/li>\n\t\t\t\t<li class=\"mgb-small\">\n\t\t\t\t\t<figure><img decoding=\"async\" alt=\"Gftd Japan\" src=\"\/wp-content\/themes\/monolith2021\/img\/clients\/logo_gftd.png\"><\/figure>\n\t\t\t\t\t<h4 class=\"mgt-small mgb-small\">Gftd Japan<\/h4>\n\t\t\t\t\t<p>Gftd Japan este o companie startup legat\u0103 de blockchain pentru care am redactat diferite tipuri de contracte, de la contracte legate de afaceri p\u00e2n\u0103 la contracte legate de angajare.<\/p>\n\t\t\t\t<\/li>\n\t\t\t\t<li class=\"mgb-small\">\n\t\t\t\t\t<figure><img decoding=\"async\" alt=\"TOKIUM Inc.\" src=\"\/wp-content\/uploads\/2022\/04\/logo_tokium.png\"><\/figure>\n\t\t\t\t\t<h4 class=\"mgt-small mgb-small\">TOKIUM Inc.<\/h4>\n\t\t\t\t\t<p>Tokium este o companie startup legat\u0103 de fintech pentru care am redactat contracte variind de la acorduri de alian\u021b\u0103 de capital \u0219i de afaceri p\u00e2n\u0103 la acorduri legate de afaceri.<\/p>\n\t\t\t\t<\/li>\n\t\t\t\t<li class=\"mgb-small\">\n\t\t\t\t\t<figure><img decoding=\"async\" alt=\"MI-6 Ltd.\" src=\"\/wp-content\/themes\/monolith2021\/img\/clients\/logo_mi-6.png\"><\/figure>\n\t\t\t\t\t<h4 class=\"mgt-small mgb-small\">MI-6 Ltd.<\/h4>\n\t\t\t\t\t<p>Biroul nostru a preg\u0103tit contracte de investi\u021bii, emisiuni de op\u021biuni pe ac\u021biuni de tip J-KISS \u0219i contracte legate de cercetare comun\u0103.<\/p>\n\t\t\t\t<\/li>\n\t\t\t<\/ul><p class=\"mgb-small\">\n\t\t<p class=\"txt-s\">*Suntem responsabili pentru proiectele multor al\u021bi clien\u021bi. List\u0103m doar c\u00e2\u021biva dintre clien\u021bii care ne-au dat permisiunea s\u0103 dezv\u0103luim statutul lor de clien\u021bi (sau sunt \u00eenregistra\u021bi ca membri ai consiliului de administra\u021bie). Ca regul\u0103 general\u0103, confiden\u021bialitatea clien\u021bilor este men\u021binut\u0103 sub datoria de confiden\u021bialitate.<\/p>\n\t<\/div><\/div>\n<\/section>\n\n<section class=\"purple2-section\">\n\t<div class=\"anchor\" id=\"monolith-law-magazine\"><\/div>\n\t<div class=\"section-inner\">\n\t\t    <section class=\"white-section temp-article\">\n        <div class=\"section-inner\">\n            <h4>MONOLITH LAW MAGAZINE<\/h4>\n            <div class=\"articles type_practice_column\">\n                                                                    <div class=\"article article-area\">\n                        <figure>\n                            <div class=\"img-wrap\">\n                                <img alt=\"Explicarea sanc\u021biunilor pentru \u00eenc\u0103lcarea noii legi a freelancerilor pe baza a trei cazuri\" src=\"https:\/\/monolith.law\/ro\/wp-content\/uploads\/sites\/32\/2025\/08\/6d129f9213bc4489ca4b5e0a5df7378f.webp\" width=\"500\" height=\"250\">\n                            <\/div>\n                            <figcaption>\n                                <div class=\"figcaption-inner\">\n                                    <h3>Explicarea sanc\u021biunilor pentru \u00eenc\u0103lcarea noii legi a freelancerilor pe baza a t.<\/h3>\n                                <\/div>\n                            <\/figcaption>\n                            <a href=\"https:\/\/monolith.law\/ro\/general-corporate\/freelance-law-penalties\"><\/a>\n                        <\/figure>\n                    <\/div>\n                                                    <div class=\"article article-area\">\n                        <figure>\n                            <div class=\"img-wrap\">\n                                <img alt=\"Ce este noua lege pentru freelanceri? Explicarea punctelor de verificare pe baza unui exemplu de contract adaptat noii legi\" src=\"https:\/\/monolith.law\/ro\/wp-content\/uploads\/sites\/32\/2025\/08\/873e76645ec995ae22ee695f1ecd9a55.webp\" width=\"500\" height=\"250\">\n                            <\/div>\n                            <figcaption>\n                                <div class=\"figcaption-inner\">\n                                    <h3>Ce este noua lege pentru freelanceri? Explicarea punctelor de verificare pe baza.<\/h3>\n                                <\/div>\n                            <\/figcaption>\n                            <a href=\"https:\/\/monolith.law\/ro\/general-corporate\/freelance-law-contract\"><\/a>\n                        <\/figure>\n                    <\/div>\n                                                    <div class=\"article article-area\">\n                        <figure>\n                            <div class=\"img-wrap\">\n                                <img alt=\"Domeniul protec\u021biei juridice \u00een reutilizarea con\u021binutului de jocuri\" src=\"https:\/\/monolith.law\/ro\/wp-content\/uploads\/sites\/32\/2025\/03\/c88b1ca1e7b378b435da11100bd15b7b-1024x538.jpg\" width=\"500\" height=\"250\">\n                            <\/div>\n                            <figcaption>\n                                <div class=\"figcaption-inner\">\n                                    <h3>Domeniul protec\u021biei juridice \u00een reutilizarea con\u021binutului de jocuri<\/h3>\n                                <\/div>\n                            <\/figcaption>\n                            <a href=\"https:\/\/monolith.law\/ro\/general-corporate\/legal-protection-scope-secondary-use-game-content\"><\/a>\n                        <\/figure>\n                    <\/div>\n                                            <\/div>\n            <div class=\"btn-more\"><a href=\"https:\/\/monolith.law\/ro\/tag\/contract-drafting-and-review\">Read More<\/a><\/div>\n        <\/div>\n    <\/section>\n\t<\/div>\n<\/section>\n\n<section class=\"orange2-section\">\n\t<div id=\"fee-structure\"><\/div>\n\t<div class=\"section-inner\">\n\t<div class=\"planWrap\">\n\t<h3>Structura<br>Taxelor<\/h3>\n\t<ul class=\"plan\">\n\t\t<li class=\"txt-left\">\n\t\t\t<div class=\"plan-inner\">\n\t\t\t<div class=\"plan-header\">\n\t\t\t<h4 class=\"plan-title\">Tarif Orar<\/h4>\n\t\t\t<div class=\"plan-price\"><span class=\"price-figure\">$300<\/span>pe or\u0103<span class=\"price-value\"><\/span><\/div>\n\t\t\t<\/div>\n\t\t\t<div class=\"plan-body\">\u00cen anumite cazuri, putem lua \u00een considerare acceptarea unui litigiu sau proces cu un onorariu ini\u021bial \u0219i un onorariu de succes. Pentru mai multe detalii, v\u0103 invit\u0103m s\u0103 ne contacta\u021bi.<\/div>\n\t\t\t<\/div>\n\t\t<\/li>\n\t\t<li class=\"txt-left\">\n\t\t\t<div class=\"plan-inner\">\n\t\t\t<div class=\"plan-header\">\n\t\t\t<h4 class=\"plan-title\">Redactarea Contractelor<\/h4>\n\t\t\t<div class=\"plan-price\"><span class=\"price-value\">de la<\/span><span class=\"price-figure\">$500<\/span><span class=\"price-value\">p\u00e2n\u0103 la $2,000 sau mai mult<\/span><\/div>\n\t\t\t<\/div>\n\t\t\t<div class=\"plan-body\">Structura pre\u021burilor poate varia \u00een func\u021bie de tipul \u0219i cantitatea contractelor. Suntem \u00eenc\u00e2nta\u021bi s\u0103 oferim o estimare preliminar\u0103 la cerere, \u00eencuraj\u00e2ndu-v\u0103 astfel s\u0103 ne contacta\u021bi pentru detalii suplimentare.<\/div>\n\t\t\t<\/div>\n\t\t<\/li>\n\t\t<li class=\"txt-left\">\n\t\t\t<div class=\"plan-inner\">\n\t\t\t<div class=\"plan-header\">\n\t\t\t<h4 class=\"plan-title\">Alte Servicii<\/h4>\n\t\t\t<div class=\"plan-price\"><span class=\"price-figure\">Contacta\u021bi-ne<\/span><\/div>\n\t\t\t<\/div>\n\t\t\t<div class=\"plan-body\">Oferim o gam\u0103 larg\u0103 de servicii, inclusiv \u00eenfiin\u021barea de companii, revizuirea contractelor, opinii juridice, revizuirea cazurilor sau scrisori de cercetare. Dac\u0103 ave\u021bi \u00eentreb\u0103ri sau nel\u0103muriri, v\u0103 invit\u0103m cordial s\u0103 ne contacta\u021bi \u0219i echipa noastr\u0103 de exper\u021bi va fi bucuroas\u0103 s\u0103 v\u0103 asiste.<\/div>\n\t\t\t<\/div>\n\t\t<\/li>\n\t<\/ul>\n\t<\/div>\n\t<\/div>\n<\/section>\n\n<section class=\"white-section\">\n\t<div class=\"section-inner\">\n\t<div class=\"btn-area\">\n\t<div class=\"btn icon-contact\"><a href=\"\/ro\/contact\">Contacta\u021bi-ne<\/a><\/div>\n\t<\/div>\n\t<\/div>\n<\/section>\n","protected":false},"excerpt":{"rendered":"<p>Redactarea \u0219i Revizuirea Contractelor Ca avoca\u021bi pentru companii de IT \u0219i startup-uri, \u0219i ocazional ca avoca\u021bi specializa\u021bi \u00een IT pentru corpora\u021bii, redact\u0103m \u0219i revizuim o varietate larg\u0103 de contracte [&hellip;]<\/p>\n","protected":false},"author":1,"featured_media":57034,"parent":0,"menu_order":7,"comment_status":"closed","ping_status":"closed","template":"other-page-temp.php","meta":{"footnotes":""},"acf":[],"_links":{"self":[{"href":"https:\/\/monolith.law\/ro\/wp-json\/wp\/v2\/pages\/30628"}],"collection":[{"href":"https:\/\/monolith.law\/ro\/wp-json\/wp\/v2\/pages"}],"about":[{"href":"https:\/\/monolith.law\/ro\/wp-json\/wp\/v2\/types\/page"}],"author":[{"embeddable":true,"href":"https:\/\/monolith.law\/ro\/wp-json\/wp\/v2\/users\/1"}],"replies":[{"embeddable":true,"href":"https:\/\/monolith.law\/ro\/wp-json\/wp\/v2\/comments?post=30628"}],"version-history":[{"count":103,"href":"https:\/\/monolith.law\/ro\/wp-json\/wp\/v2\/pages\/30628\/revisions"}],"predecessor-version":[{"id":72863,"href":"https:\/\/monolith.law\/ro\/wp-json\/wp\/v2\/pages\/30628\/revisions\/72863"}],"wp:featuredmedia":[{"embeddable":true,"href":"https:\/\/monolith.law\/ro\/wp-json\/wp\/v2\/media\/57034"}],"wp:attachment":[{"href":"https:\/\/monolith.law\/ro\/wp-json\/wp\/v2\/media?parent=30628"}],"curies":[{"name":"wp","href":"https:\/\/api.w.org\/{rel}","templated":true}]}}