{"id":30684,"date":"2023-11-05T23:00:20","date_gmt":"2023-11-05T14:00:20","guid":{"rendered":"https:\/\/monolith.law\/?page_id=30684"},"modified":"2026-03-30T23:53:51","modified_gmt":"2026-03-30T14:53:51","slug":"id-of-the-defamatory-statement","status":"publish","type":"page","link":"https:\/\/monolith.law\/ro\/id-of-the-defamatory-statement","title":{"rendered":"Identificarea Declara\u021biei Def\u0103im\u0103toare"},"content":{"rendered":"\n<section class=\"heading-area\">\n\t<div class=\"heading-area-inner\">\n\t\t<h2 class=\"icon-id-of-the-defamatory-statement\">Identificarea Declara\u021biei Def\u0103im\u0103toare<\/h2>\n\t\t<p>Conform legii japoneze, dac\u0103 o companie sau o persoan\u0103 individual\u0103 sufer\u0103 de def\u0103imare sau \u00eenc\u0103lcare a vie\u021bii private de c\u0103tre un utilizator anonim pe internet, este posibil s\u0103 identific\u0103m autorul prin diverse proceduri legale facilitate de instan\u021b\u0103. De\u0219i exist\u0103 cazuri de def\u0103imare de c\u0103tre utilizatori anonimi \u00een spa\u021biul online japonez, este posibil s\u0103 identific\u0103m autorul \u0219i s\u0103 urm\u0103rim o cerere de desp\u0103gubire prin intermediul unui avocat.<\/p>\n\t<\/div>\n<\/section>\n\n<section class=\"white-section\">\n\t<div class=\"section-inner pdt0 border-bottom-section\">\n\t\t<p class=\"mgb-small\">Dac\u0103 a\u021bi fost supus def\u0103im\u0103rii de c\u0103tre un utilizator anonim pe internet \u0219i dori\u021bi s\u0103 urm\u0103ri\u021bi o cerere de desp\u0103gubire, este necesar s\u0103 identifica\u021bi mai \u00eent\u00e2i identitatea acelui utilizator. Legea japonez\u0103 ofer\u0103 proceduri legale pentru identificarea utilizatorilor anonimi pe internet.<\/p>\n\t\t<p>MONOLITH LAW OFFICE este un birou de avocatur\u0103 japonez specializat \u00een probleme legate de internet. Am fost angaja\u021bi \u00een identificarea autorilor de post\u0103ri def\u0103im\u0103toare bazate pe solicit\u0103rile de la diver\u0219i clien\u021bi, inclusiv companii listate la burs\u0103, executivi de frunte \u0219i persoane influente. Cu experien\u021ba noastr\u0103 vast\u0103 \u0219i un palmares impresionant, suntem echipa\u021bi s\u0103 gestion\u0103m dispute \u00een spa\u021biul online japonez.<\/p>\n\t<\/div>\n<\/section>\n\n<section class=\"second-nav\">\n\t<div class=\"second-nav-inner\">\n\t\t<p>SUBIECTE<\/p>\n\t\t<nav>\n\t\t\t<ul>\n\t\t\t\t<li><a href=\"#identification-of-the-defamatory-statement\">Identificarea Declara\u021biei Def\u0103im\u0103toare<\/a><\/li>\n\t\t\t\t<li><a href=\"#examples-of-identifications-by-our-firm-target-sites\">Exemple de identific\u0103ri realizate de biroul nostru: Site-uri \u021bint\u0103<\/a><\/li>\n\t\t\t\t<li><a href=\"#examples-of-support-provided-by-our-firm\">Exemple de suport oferit de biroul nostru<\/a><\/li>\n\t\t\t\t<li><a href=\"#procedures-for-identifying-authors-under-japanese-law\">Proceduri pentru Identificarea Autorilor Conform Legii Japoneze<\/a><\/li>\n\t\t\t\t<li><a href=\"#publications-as-a-lawyer-specializing-in-mitigating-reputational-damage\">Publica\u021bii ca Avocat Specializat \u00een Atenuarea Daunelor de Reputa\u021bie<\/a><\/li>\n\t\t\t\t<li><a href=\"#monolith-law-magazine\">MONOLITH LAW MAGAZINE<\/a><\/li>\n\t\t\t\t<li><a href=\"#fee-structure\">Structura Taxelor<\/a><\/li>\n\t\t\t<\/ul>\n\t\t<\/nav>\n\t<\/div>\n<\/section>\n\n<section class=\"white-section\">\n\t<div class=\"anchor\" id=\"identification-of-the-defamatory-statement\"><\/div>\n\t<div class=\"section-inner\">\n\t\t<div class=\"flex\">\n\t\t\t<div class=\"width41\"><img decoding=\"async\" src=\"\/wp-content\/themes\/monolith2021\/img\/pic\/pic_reputation.jpg\" alt=\"Sursa Identific\u0103rii Declara\u021biei Def\u0103im\u0103toare\"><\/div>\n\t\t\t<div class=\"width51\">\n\t\t\t\t<h3>Identificarea Declara\u021biei Def\u0103im\u0103toare<\/h3>\n\t\t\t\t<p>Conform legii japoneze, este posibil s\u0103 se \u00eentreprind\u0103 ac\u021biuni legale pentru identificarea persoanelor responsabile de post\u0103ri ilegale, inclusiv declara\u021bii def\u0103im\u0103toare, printr-o procedur\u0103 judiciar\u0103. Dac\u0103 compania dumneavoastr\u0103 este \u021binta utilizatorilor anonimi de internet care se angajeaz\u0103 \u00een atacuri pe internetul japonez, ar putea fi posibil s\u0103 se dezv\u0103luie identitatea, inclusiv numele \u0219i adresa, a utilizatorului anonim prin consultarea cu un avocat foarte specializat. Odat\u0103 ce identitatea este dezv\u0103luit\u0103, s-ar putea s\u0103 ave\u021bi oportunitatea de a depune o cerere de desp\u0103gubire \u00eempotriva utilizatorului de internet. Este crucial s\u0103 colabora\u021bi cu un avocat experimentat care v\u0103 poate ghida prin procesul legal \u0219i proteja interesele companiei dumneavoastr\u0103.<\/p>\n\t\t\t<\/div>\n\t\t<\/div>\n\t<\/div>\n<\/section>\n\n<section class=\"white-section mgb-section\">\n\t<div class=\"anchor\" id=\"examples-of-identifications-by-our-firm-target-sites\"><\/div>\n\t<div class=\"section-inner-black\">\n\t\t<h3 class=\"mgb-middle\">Exemple de identific\u0103ri realizate de biroul nostru: Site-uri \u021bint\u0103<\/h3>\n\t\t<p class=\"mgb-middle\">MONOLITH LAW OFFICE are un istoric \u0219i expertiz\u0103 \u00een identificarea autorilor post\u0103rilor def\u0103im\u0103toare pe diverse site-uri web, incluz\u00e2nd, dar f\u0103r\u0103 a se limita la, cazuri de def\u0103imare, \u00eenc\u0103lcare a vie\u021bii private, \u00eenc\u0103lcare a drepturilor de autor \u0219i impersonare. Am asistat cu succes clien\u021bii \u00een identificarea autorilor din spatele acestor post\u0103ri, utiliz\u00e2nd experien\u021ba \u0219i cuno\u0219tin\u021bele noastre \u00een domeniu.<\/p>\n\t\t<p class=\"mgb-middle\">2channel, 5channel, Twitter, Facebook, Instagram, Google Maps (My Business), Yahoo! Finance, Food Log, recenzii ale clien\u021bilor Amazon, Girls Channel, Bakusai, Mansion Community, Hostlove \u0219i diverse alte site-uri de forumuri. Yahoo! Chiebukuro, rezumat NAVER, c\u0103utare num\u0103r de telefon (jpnumber, etc.), Livedoor Blog, FC2 Blog, Ameba Blog, Hatena Blog, etc. Alte diverse site-uri de bloguri, YouTube, Nico Nico Douga, FC2 Video \u0219i alte site-uri de video. MILKCAFE, openwork, Lighthouse (fosta Reputa\u021bie a companiei Kaisha), alte site-uri de recenzii ale locurilor de munc\u0103, alte site-uri cu domenii originale.<\/p>\n\t<\/div>\n<\/section>\n\n<section class=\"purple-section\">\n\t<div class=\"anchor\" id=\"examples-of-support-provided-by-our-firm\"><\/div>\n\t<div class=\"section-inner\">\n\t\t<h3 class=\"mgb-middle\">Exemple de suport oferit de biroul nostru<\/h3>\n\t\t<ul class=\"layout-column4 mgb-big\">\n\t\t\t<li>\n\t\t\t\t<div><img decoding=\"async\" src=\"\/wp-content\/themes\/monolith2021\/img\/identificationofslander\/identificationofslander_support_pic1.jpg\" alt=\"Companie listat\u0103 la TSE\"><\/div>\n\t\t\t\t<h4>Companie listat\u0103 la TSE<\/h4>\n\t\t\t\t<p>Am identificat autorii care r\u0103sp\u00e2ndesc \u00een mod constant informa\u021bii false, cum ar fi scandaluri interne, pe platforme precum Yahoo! Finance \u0219i Google Reviews.<\/p>\n\t\t\t<\/li>\n\t\t\t<li>\n\t\t\t\t<div><img decoding=\"async\" src=\"\/wp-content\/themes\/monolith2021\/img\/identificationofslander\/identificationofslander_support_pic2.jpg\" alt=\"Executiv de seam\u0103\"><\/div>\n\t\t\t\t<h4>Executiv de seam\u0103<\/h4>\n\t\t\t\t<p>Am realizat identificarea autorilor pentru conturi de pe Twitter care se angajeaz\u0103 \u00een def\u0103imare, impersonare \u0219i post\u0103ri derogatorii \u00eendreptate c\u0103tre executivi individuali.<\/p>\n\t\t\t<\/li>\n\t\t\t<li>\n\t\t\t\t<div><img decoding=\"async\" src=\"\/wp-content\/themes\/monolith2021\/img\/systemdevelopment\/systemdevelopment_support_pic3.jpg\" alt=\"Corpora\u021bie de afaceri\"><\/div>\n\t\t\t\t<h4>Corpora\u021bie de afaceri<\/h4>\n\t\t\t\t<p>Am efectuat identificarea autorilor pentru post\u0103ri def\u0103im\u0103toare care vizeaz\u0103 executivi specifici pe forumuri anonime precum 5channel \u0219i Google Reviews.<\/p>\n\t\t\t<\/li>\n\t\t\t<li>\n\t\t\t\t<div><img decoding=\"async\" src=\"\/wp-content\/themes\/monolith2021\/img\/identificationofslander\/identificationofslander_support_pic4.jpg\" alt=\"YouTuber de renume\"><\/div>\n\t\t\t\t<h4>YouTuber de renume<\/h4>\n\t\t\t\t<p>Am asistat \u00een identificarea autorilor pentru cazuri ce implic\u0103 scurgeri de informa\u021bii personale \u0219i comentarii def\u0103im\u0103toare f\u0103cute pe videoclipurile altor YouTuberi, bloguri personale \u0219i alte platforme.<\/p>\n\t\t\t<\/li>\n\t\t<\/ul>\n\t\t<div class=\"frame2-white max-width860 txt-center-pc\">\n\t\t\t<p class=\"txt-l bold\">Identificarea autorilor necesit\u0103 o expertiz\u0103 foarte specializat\u0103, cuprinz\u00e2nd planificare strategic\u0103 \u0219i sarcini opera\u021bionale specifice.<\/p>\n\t\t<\/div>\n\t<\/div>\n<\/section>\n\n<section class=\"white-section\">\n\t<div class=\"anchor\" id=\"procedures-for-identifying-authors-under-japanese-law\"><\/div>\n\t<div class=\"section-inner pdb0\">\n\t\t<h3>Proceduri pentru Identificarea Autorilor Conform Legii Japoneze<\/h3>\n\t\t<p class=\"mgb-middle\">\u00cen Japonia, exist\u0103 diverse proceduri legale disponibile pentru identificarea autorilor post\u0103rilor def\u0103im\u0103toare online \u0219i combaterea def\u0103im\u0103rii cibernetice. Ca profesioni\u0219ti \u00een domeniul juridic, aplic\u0103m aceste proceduri selectiv \u0219i \u00een combina\u021bie pentru a realiza identificarea autorului. De\u0219i este provocator s\u0103 oferim o explica\u021bie cuprinz\u0103toare pe aceast\u0103 pagin\u0103 datorit\u0103 naturii foarte specializate a acestor proceduri, vom furniza o prezentare general\u0103.<\/p>\n\t\t<ul class=\"layout-datalist\">\n\t\t\t<li>\n\t\t\t\t<h4>A: Cerere de Divulgare (Dispozi\u021bie Provizorie)<\/h4>\n\t\t\t\t<p>Aceast\u0103 m\u0103sur\u0103 interimar\u0103 accelerat\u0103 ne permite s\u0103 solicit\u0103m operatorilor de site-uri web sau administratorilor de servere de g\u0103zduire s\u0103 dezv\u0103luie adresa IP a postatorului, f\u0103r\u0103 a recurge la litigii formale. Totu\u0219i, este important de notat c\u0103 unele site-uri web pot oferi divulgarea adresei IP voluntar prin negocieri informale f\u0103r\u0103 necesitatea acestei proceduri. Luarea deciziei corecte \u00een astfel de cazuri necesit\u0103 experien\u021ba \u0219i expertiza avoca\u021bilor cunosc\u0103tori.<\/p>\n\t\t\t<\/li>\n\t\t\t<li>\n\t\t\t\t<h4>B: Interzicerea \u0218tergerii Informa\u021biilor<\/h4>\n\t\t\t\t<p>Analiz\u00e2nd adresa IP dezv\u0103luit\u0103 ob\u021binut\u0103 prin Procedura A, este posibil s\u0103 identific\u0103m furnizorul de servicii de internet (ISP) utilizat de utilizatorul anonim. \u00cen Procedura C, este crucial s\u0103 solicit\u0103m ISP-ului s\u0103 nu \u0219tearg\u0103 informa\u021biile despre expeditor (datele de log legate de conexiunea la internet a utilizatorului) pentru a p\u0103stra dovezi.<\/p>\n\t\t\t<\/li>\n\t\t\t<li>\n\t\t\t\t<h4>C: Cerere de Divulgare (Proces)<\/h4>\n\t\t\t\t<p>Aceast\u0103 procedur\u0103 implic\u0103 darea \u00een judecat\u0103 a ISP-ului identificat ca p\u00e2r\u00e2t pentru a solicita divulgarea adresei \u0219i numelui utilizatorului anonim. \u00cen cazul site-urilor web unde utilizatorul anonim a \u00eenregistrat un num\u0103r de telefon, aceast\u0103 procedur\u0103 poate fi utilizat\u0103 \u00eempotriva operatorului site-ului pentru a solicita divulgarea acelui num\u0103r de telefon. M\u0103surile interimare rapide nu pot fi utilizate \u00een aceast\u0103 procedur\u0103, iar litigiul formal este necesar conform preceden\u021belor legale japoneze.<\/p>\n\t\t\t<\/li>\n\t\t\t<li>\n\t\t\t\t<h4>D: Ordin de Divulgare (Amendamentul din 2022)<\/h4>\n\t\t\t\t<p>Acest cadru legal nou introdus combin\u0103 Procedurile A, B \u0219i C \u00eentr-o singur\u0103 procedur\u0103, permi\u021b\u00e2nd implementarea tuturor pa\u0219ilor (A, B \u0219i C) \u00eentr-un interval de timp mai scurt. Aceast\u0103 procedur\u0103 utilizeaz\u0103 un mecanism accelerat. \u00cen prezent, aceast\u0103 procedur\u0103 este considerat\u0103 principiul general pentru identificarea autorului. Exist\u0103, totu\u0219i, excep\u021bii, cum ar fi site-urile web unde este \u00eenregistrat doar un num\u0103r de telefon f\u0103r\u0103 o adres\u0103 IP sau cazuri \u00een care divulgarea adresei IP poate fi realizat\u0103 prin negocieri voluntare. Expertiza \u0219i know-how-ul profesioni\u0219tilor juridici sunt esen\u021biale \u00een gestionarea acestor excep\u021bii.<\/p>\n\t\t\t<\/li>\n\t\t\t<li>\n\t\t\t\t<h4>E: Procedura de solicitare prin intermediul Baroului<\/h4>\n\t\t\t\t<p>\u00cen cazurile \u00een care num\u0103rul de telefon al post\u0103rii devine cunoscut \u00een timpul procedurilor men\u021bionate anterior, este necesar s\u0103 se solicite dezv\u0103luirea adresei sau a numelui persoanei care utilizeaz\u0103 acel num\u0103r de telefon de la operatorul de telecomunica\u021bii. \u00cen Japonia, operatorii de telefoane mobile au o practic\u0103 de a furniza dezv\u0103luirea informa\u021biilor atunci c\u00e2nd un avocat face o solicitare corespunz\u0103toare prin intermediul baroului lor afiliat.<\/p>\n\t\t\t<\/li>\n\t\t<\/ul>\n\t<\/div>\n<\/section>\n\n<section class=\"white-section\">\n\t<div class=\"section-inner\">\n\t\t<div class=\"frame2 max-width860 txt-center-pc\">\n\t\t\t<p class=\"bold txt-l\">Identificarea autorilor post\u0103rilor def\u0103im\u0103toare \u00een conformitate cu legea japonez\u0103 este \u00eentr-adev\u0103r un domeniu foarte complex \u0219i specializat. Dac\u0103 ave\u021bi \u00eentreb\u0103ri sau preocup\u0103ri, inclusiv aspecte de fezabilitate \u0219i cost, nu ezita\u021bi s\u0103 ne contacta\u021bi. Suntem aici pentru a v\u0103 asista \u0219i a v\u0103 oferi \u00eendrumarea necesar\u0103.<\/p>\n\t\t<\/div>\n\t<\/div>\n<\/section>\n\n<section class=\"orange-section\">\n\t<div class=\"anchor\" id=\"publications-as-a-lawyer-specializing-in-mitigating-reputational-damage\"><\/div>\n\t<div class=\"section-inner\">\n\t\t<div class=\"flex\">\n\t\t\t<div class=\"width41\"><img decoding=\"async\" src=\"\/wp-content\/themes\/monolith2021\/img\/pic\/pic_publishing2.jpg\" alt=\"Publica\u021bii ca avocat specializat \u00een atenuarea prejudiciului de reputa\u021bie\"><\/div>\n\t\t\t<div class=\"width51\">\n\t\t\t\t<h3>Publica\u021bii ca Avocat Specializat \u00een Atenuarea Daunelor de Reputa\u021bie<\/h3>\n\t\t\t\t<p class=\"mgb-small\">Am participat la redactarea &#8220;Precedentelor Judiciare ale Legii Japoneze privind Limitarea R\u0103spunderii Furnizorilor&#8221;, o colec\u021bie de precedente judiciare privind m\u0103surile de contracarare a prejudiciului de reputa\u021bie, ca parte a Grupului de Studiu Practic asupra Legii Japoneze privind Limitarea R\u0103spunderii Furnizorilor format de avoca\u021bi.<\/p>\n\t\t\t\t<p>Am publicat &#8220;Tatuajul Digital &#8211; Calomnie pe Internet \u0219i Dosarul Cazurilor de Prejudiciu de Reputa\u021bie&#8221; de la editura Jiyuukokumin-sha, care public\u0103 &#8220;Gendai Yogo no Kihonjitsu&#8221; (Cuno\u0219tin\u021be de baz\u0103 ale terminologiei moderne), \u0219i am fost responsabil de redactarea dramei de s\u00e2mb\u0103t\u0103 a NHK &#8220;Tatuajul Digital&#8221; bazat\u0103 pe aceast\u0103 \u00eenregistrare de publica\u021bie.<\/p>\n\t\t\t<\/div>\n\t\t<\/div>\n\t<\/div>\n<\/section>\n\n<section class=\"purple2-section\">\n\t<div class=\"anchor\" id=\"monolith-law-magazine\"><\/div>\n\t<div class=\"section-inner\">\n\t\t    <section class=\"white-section temp-article\">\n        <div class=\"section-inner\">\n            <h4>MONOLITH LAW MAGAZINE<\/h4>\n            <div class=\"articles type_practice_column\">\n                                                                    <div class=\"article article-area\">\n                        <figure>\n                            <div class=\"img-wrap\">\n                                <img alt=\"Cum s\u0103 p\u0103strezi dovezi ale calomniei pe Instagram? Explic\u0103m metodele de salvare a probelor utilizabile \u00een instan\u021b\u0103\" src=\"https:\/\/monolith.law\/ro\/wp-content\/uploads\/sites\/32\/2025\/08\/b7a6d88c3f4a061d0c0c2cfa711ac604.webp\" width=\"500\" height=\"250\">\n                            <\/div>\n                            <figcaption>\n                                <div class=\"figcaption-inner\">\n                                    <h3>Cum s\u0103 p\u0103strezi dovezi ale calomniei pe Instagram? Explic\u0103m metodele de salvare .<\/h3>\n                                <\/div>\n                            <\/figcaption>\n                            <a href=\"https:\/\/monolith.law\/ro\/it\/instagram-preservation-evidence\"><\/a>\n                        <\/figure>\n                    <\/div>\n                                                    <div class=\"article article-area\">\n                        <figure>\n                            <div class=\"img-wrap\">\n                                <img alt=\"Se pot solicita dezv\u0103luiri pentru injurii \u0219i calomnii \u00een jocurile online? Explicarea procedurilor judiciare pentru identificarea p\u0103r\u021bii adverse\" src=\"https:\/\/monolith.law\/ro\/wp-content\/uploads\/sites\/32\/2024\/11\/onlinegame1.webp\" width=\"500\" height=\"250\">\n                            <\/div>\n                            <figcaption>\n                                <div class=\"figcaption-inner\">\n                                    <h3>Se pot solicita dezv\u0103luiri pentru injurii \u0219i calomnii \u00een jocurile online? Explic.<\/h3>\n                                <\/div>\n                            <\/figcaption>\n                            <a href=\"https:\/\/monolith.law\/ro\/internet\/onlinegame-defamation\"><\/a>\n                        <\/figure>\n                    <\/div>\n                                                    <div class=\"article article-area\">\n                        <figure>\n                            <div class=\"img-wrap\">\n                                <img alt=\"Este posibil\u0103 identificarea unui cont aruncat? Explica\u021bie despre procesul de identificare \u0219i m\u0103surile legale adecvate\" src=\"https:\/\/monolith.law\/ro\/wp-content\/uploads\/sites\/32\/2024\/11\/29306999_m-1024x683-1.webp\" width=\"500\" height=\"250\">\n                            <\/div>\n                            <figcaption>\n                                <div class=\"figcaption-inner\">\n                                    <h3>Este posibil\u0103 identificarea unui cont aruncat? Explica\u021bie despre procesul de ide.<\/h3>\n                                <\/div>\n                            <\/figcaption>\n                            <a href=\"https:\/\/monolith.law\/ro\/internet\/throwaway-account\"><\/a>\n                        <\/figure>\n                    <\/div>\n                                            <\/div>\n            <div class=\"btn-more\"><a href=\"https:\/\/monolith.law\/ro\/tag\/id-of-the-defamatory-statement\">Read More<\/a><\/div>\n        <\/div>\n    <\/section>\n\t<\/div>\n<\/section>\n\n<section class=\"orange2-section\">\n\t<div class=\"anchor\" id=\"fee-structure\"><\/div>\n\t<div class=\"section-inner\">\n\t<div class=\"planWrap\">\n\t<h3>Structura<br>Taxelor<\/h3>\n\t<ul class=\"plan\">\n\t\t<li class=\"txt-left\">\n\t\t\t<div class=\"plan-inner\">\n\t\t\t<div class=\"plan-header\">\n\t\t\t<h4 class=\"plan-title\">Tarif Orar<\/h4>\n\t\t\t<div class=\"plan-price\"><span class=\"price-figure\">$300<\/span>pe or\u0103<span class=\"price-tax\"> <\/span><\/div>\n\t\t\t<\/div>\n\t\t\t<div class=\"plan-body\">\u00cen anumite cazuri, putem lua \u00een considerare acceptarea unui litigiu sau proces cu un onorariu ini\u021bial \u0219i un onorariu de succes. Pentru mai multe detalii, v\u0103 invit\u0103m s\u0103 ne contacta\u021bi.<\/div>\n\t\t\t<\/div>\n\t\t<\/li>\n\t\t<li class=\"txt-left\">\n\t\t\t<div class=\"plan-inner\">\n\t\t\t<div class=\"plan-header\">\n\t\t\t<h4 class=\"plan-title\">Redactarea Contractelor<\/h4>\n\t\t\t<div class=\"plan-price\"><span class=\"price-value\">de la<\/span><span class=\"price-figure\">$500<\/span><span class=\"price-value\">p\u00e2n\u0103 la $2,000 sau mai mult<\/span><span class=\"price-tax\"><\/span><\/div>\n\t\t\t<\/div>\n\t\t\t<div class=\"plan-body\">Structura de pre\u021buri poate varia \u00een func\u021bie de tipul \u0219i cantitatea contractelor. Suntem \u00eenc\u00e2nta\u021bi s\u0103 oferim o estimare preliminar\u0103 la cerere, \u00eencuraj\u00e2ndu-v\u0103 s\u0103 ne contacta\u021bi pentru detalii suplimentare.<\/div>\n\t\t\t<\/div>\n\t\t<\/li>\n\t\t<li class=\"txt-left\">\n\t\t\t<div class=\"plan-inner\">\n\t\t\t<div class=\"plan-header\">\n\t\t\t<h4 class=\"plan-title\">Alte Servicii<\/h4>\n\t\t\t<div class=\"plan-price\"><span class=\"price-figure\">Contacta\u021bi-ne<\/span><\/div>\n\t\t\t<\/div>\n\t\t\t<div class=\"plan-body\">Oferim o gam\u0103 larg\u0103 de servicii, inclusiv \u00eenfiin\u021barea de companii, revizuirea contractelor, opinii legale, revizuirea cazurilor sau scrisori de cercetare. Dac\u0103 ave\u021bi \u00eentreb\u0103ri sau nel\u0103muriri, v\u0103 invit\u0103m cordial s\u0103 ne contacta\u021bi \u0219i echipa noastr\u0103 competent\u0103 va fi bucuroas\u0103 s\u0103 v\u0103 asiste.<\/div>\n\t\t\t<\/div>\n\t\t\t<\/div>\n\t\t<\/li>\n\t<\/ul>\n\t<\/div>\n\t<\/div>\n<\/section>\n\n<section class=\"white-section\">\n\t<div class=\"section-inner\">\n\t\t<div class=\"btn-area\">\n\t\t\t<div class=\"btn icon-contact\"><a href=\"\/ro\/contact\">Contacta\u021bi-ne<\/a><\/div>\n\t\t<\/div>\n\t<\/div>\n<\/section>\n","protected":false},"excerpt":{"rendered":"<p>Identificarea Declara\u021biei Def\u0103im\u0103toare Conform legii japoneze, dac\u0103 o companie sau o persoan\u0103 individual\u0103 sufer\u0103 de def\u0103imare sau \u00eenc\u0103lcare a vie\u021bii private de c\u0103tre un utilizator anonim pe internet,  [&hellip;]<\/p>\n","protected":false},"author":1,"featured_media":57174,"parent":0,"menu_order":7,"comment_status":"closed","ping_status":"closed","template":"other-page-temp.php","meta":{"footnotes":""},"acf":[],"_links":{"self":[{"href":"https:\/\/monolith.law\/ro\/wp-json\/wp\/v2\/pages\/30684"}],"collection":[{"href":"https:\/\/monolith.law\/ro\/wp-json\/wp\/v2\/pages"}],"about":[{"href":"https:\/\/monolith.law\/ro\/wp-json\/wp\/v2\/types\/page"}],"author":[{"embeddable":true,"href":"https:\/\/monolith.law\/ro\/wp-json\/wp\/v2\/users\/1"}],"replies":[{"embeddable":true,"href":"https:\/\/monolith.law\/ro\/wp-json\/wp\/v2\/comments?post=30684"}],"version-history":[{"count":34,"href":"https:\/\/monolith.law\/ro\/wp-json\/wp\/v2\/pages\/30684\/revisions"}],"predecessor-version":[{"id":72908,"href":"https:\/\/monolith.law\/ro\/wp-json\/wp\/v2\/pages\/30684\/revisions\/72908"}],"wp:featuredmedia":[{"embeddable":true,"href":"https:\/\/monolith.law\/ro\/wp-json\/wp\/v2\/media\/57174"}],"wp:attachment":[{"href":"https:\/\/monolith.law\/ro\/wp-json\/wp\/v2\/media?parent=30684"}],"curies":[{"name":"wp","href":"https:\/\/api.w.org\/{rel}","templated":true}]}}