{"id":31,"date":"2023-11-13T16:37:44","date_gmt":"2023-11-13T07:37:44","guid":{"rendered":"https:\/\/monolith.law\/article\/?page_id=7"},"modified":"2026-03-16T14:18:02","modified_gmt":"2026-03-16T05:18:02","slug":"contact","status":"publish","type":"page","link":"https:\/\/monolith.law\/ro\/contact","title":{"rendered":"Contacta\u021bi-ne"},"content":{"rendered":"\n<section class=\"heading-area\">\n\t<div class=\"heading-area-inner\">\n\t\t<h2 class=\"icon-contact\">Contacta\u021bi-ne<\/h2>\n\t<\/div>\n<\/section>\n<section class=\"white-section\">\n\t<div class=\"section-inner border-bottom-section pdt0\">\n\t\t<p class=\"mgb-small\">MONOLITH LAW OFFICE este un birou de avocatur\u0103 situat \u00een Otemachi, Tokyo, specializat \u00een servicii juridice legate de IT, Internet \u0219i afaceri. Sub conducerea avocatului nostru reprezentant, care a lucrat ca inginer IT cu experien\u021b\u0103 \u00een managementul corporativ, oferim consultan\u021b\u0103 juridic\u0103 companiilor IT \u0219i de start-up, precum \u0219i altor companii \u00een leg\u0103tur\u0103 cu daunele la reputa\u021bie, dezvoltarea de sisteme, proprietatea intelectual\u0103 \u0219i alte probleme juridice.<\/p>\n\t\t<p class=\"mgb-middle\">V\u0103 rug\u0103m s\u0103 nu ezita\u021bi s\u0103 ne contacta\u021bi pentru consultan\u021b\u0103 juridic\u0103, probleme legate de daunele la reputa\u021bie \u0219i diverse alte consult\u0103ri, precum \u0219i solicit\u0103ri de interviuri, publica\u021bii \u0219i probleme legate de media.<\/p>\n\t\t<p>*V\u0103 rug\u0103m s\u0103 citi\u021bi \u0219i s\u0103 fi\u021bi de acord cu <a href=\"\/en\/privacypolicy\" target=\"_blank\" rel=\"noreferrer noopener\" title=\"\"> Politica noastr\u0103 de Confiden\u021bialitate <\/a>\u00eenainte de a trimite mesajul dumneavoastr\u0103.<\/p>\n<\/div>\n<\/section>\n\n\n<div class=\"wpcf7 no-js\" id=\"wpcf7-f4400-o1\" lang=\"ja\" dir=\"ltr\">\n<div class=\"screen-reader-response\"><p role=\"status\" aria-live=\"polite\" aria-atomic=\"true\"><\/p> <ul><\/ul><\/div>\n<form action=\"\/ro\/wp-json\/wp\/v2\/pages\/31#wpcf7-f4400-o1\" method=\"post\" class=\"wpcf7-form init\" aria-label=\"\u30b3\u30f3\u30bf\u30af\u30c8\u30d5\u30a9\u30fc\u30e0\" novalidate=\"novalidate\" data-status=\"init\">\n<div style=\"display: none;\">\n<input type=\"hidden\" name=\"_wpcf7\" value=\"4400\" \/>\n<input type=\"hidden\" name=\"_wpcf7_version\" value=\"5.8\" \/>\n<input type=\"hidden\" name=\"_wpcf7_locale\" value=\"ja\" \/>\n<input type=\"hidden\" name=\"_wpcf7_unit_tag\" value=\"wpcf7-f4400-o1\" \/>\n<input type=\"hidden\" name=\"_wpcf7_container_post\" value=\"0\" \/>\n<input type=\"hidden\" name=\"_wpcf7_posted_data_hash\" value=\"\" \/>\n<input type=\"hidden\" name=\"_wpcf7_recaptcha_response\" value=\"\" \/>\n<\/div>\n<section class=\"white-section\">\n\t<div class=\"section-inner\">\n\t\t<div class=\"contact-content\">\n\t\t\t<dl>\n\t\t\t\t<dt>\n\t\t\t\t\t<p><span class=\"label\">Name<\/span><span class=\"required\">Required<\/span>\n\t\t\t\t\t<\/p>\n\t\t\t\t<\/dt>\n\t\t\t\t<dd>\n\t\t\t\t\t<p><span class=\"wpcf7-form-control-wrap\" data-name=\"your-name\"><input size=\"40\" class=\"wpcf7-form-control wpcf7-text wpcf7-validates-as-required\" id=\"name\" aria-required=\"true\" aria-invalid=\"false\" value=\"\" type=\"text\" name=\"your-name\" \/><\/span>\n\t\t\t\t\t<\/p>\n\t\t\t\t<\/dd>\n\t\t\t<\/dl>\n\t\t\t<dl>\n\t\t\t\t<dt>\n\t\t\t\t\t<p><span class=\"label\">Email address<\/span><span class=\"required\">Required<\/span>\n\t\t\t\t\t<\/p>\n\t\t\t\t<\/dt>\n\t\t\t\t<dd>\n\t\t\t\t\t<p><span class=\"wpcf7-form-control-wrap\" data-name=\"your-email\"><input size=\"40\" class=\"wpcf7-form-control wpcf7-email wpcf7-validates-as-required wpcf7-text wpcf7-validates-as-email\" id=\"email\" aria-required=\"true\" aria-invalid=\"false\" value=\"\" type=\"email\" name=\"your-email\" \/><\/span>\n\t\t\t\t\t<\/p>\n\t\t\t\t<\/dd>\n\t\t\t<\/dl>\n\t\t\t<dl>\n\t\t\t\t<dt>\n\t\t\t\t\t<p><span class=\"label\">Subject<\/span><span class=\"required\">Required<\/span>\n\t\t\t\t\t<\/p>\n\t\t\t\t<\/dt>\n\t\t\t\t<dd>\n\t\t\t\t\t<p><span class=\"wpcf7-form-control-wrap\" data-name=\"your-subject\"><input size=\"40\" class=\"wpcf7-form-control wpcf7-text wpcf7-validates-as-required\" aria-required=\"true\" aria-invalid=\"false\" value=\"\" type=\"text\" name=\"your-subject\" \/><\/span>\n\t\t\t\t\t<\/p>\n\t\t\t\t<\/dd>\n\t\t\t<\/dl>\n\t\t\t<dl>\n\t\t\t\t<dt>\n\t\t\t\t\t<p><span class=\"label\">Contents<\/span><span class=\"required\">Required<\/span>\n\t\t\t\t\t<\/p>\n\t\t\t\t<\/dt>\n\t\t\t\t<dd>\n\t\t\t\t\t<p><span class=\"wpcf7-form-control-wrap\" data-name=\"your-info\"><textarea cols=\"40\" rows=\"10\" class=\"wpcf7-form-control wpcf7-textarea wpcf7-validates-as-required\" id=\"info\" aria-required=\"true\" aria-invalid=\"false\" name=\"your-info\"><\/textarea><\/span>\n\t\t\t\t\t<\/p>\n\t\t\t\t<\/dd>\n\t\t\t<\/dl>\n\t\t\t<div class=\"submit-button\">\n\t\t\t\t<p><input class=\"wpcf7-form-control wpcf7-submit has-spinner\" type=\"submit\" value=\"Send\" \/>\n\t\t\t\t<\/p>\n\t\t\t<\/div>\n\t\t<\/div>\n\t\t<p><script>\ndocument.addEventListener( 'wpcf7mailsent', function( event ) {\n location = 'https:\/\/monolith.law\/ro\/contact\/thanks';\n}, false );\n<\/script>\n\t\t<\/p>\n\t<\/div>\n<\/section><div class=\"wpcf7-response-output\" aria-hidden=\"true\"><\/div>\n<\/form>\n<\/div>\n\n&lt;!&#8211;\n<section class=\"white-section\">\n\t<div class=\"section-inner pdt0\">\n\t\t<h3>Oferind servicii juridice<br class=\"spOnly\">companiilor \u0219i indivizilor din \u00eentreaga Japonie<br class=\"spOnly\"> ca un birou de avocatur\u0103 extrem de specializat.<\/h3>\n\t\t<div class=\"max-width1000 txt-left\">\n\t\t\t<p class=\"txt-purple2 txt-l\">Loca\u021biile clien\u021bilor pe care i-am servit p\u00e2n\u0103 \u00een prezent<\/p>\n\t\t\t<p class=\"txt-s\">\u203bDe asemenea, accept\u0103m solicit\u0103ri din alte prefecturi din Japonia.<\/p>\n\t\t\t<div class=\"contact-map max-width860\"><img decoding=\"async\" src=\"\/wp-content\/themes\/monolith2021\/img\/contact\/contact_map.png\" alt=\"Loca\u021biile clien\u021bilor pe care i-am servit p\u00e2n\u0103 \u00een prezent\"><\/div>\n\t\t<\/div>\n\t<\/div>\n<\/section>\n&#8211;&gt;\n","protected":false},"excerpt":{"rendered":"<p>Contacta\u021bi-ne MONOLITH LAW OFFICE este un birou de avocatur\u0103 situat \u00een Otemachi, Tokyo, specializat \u00een servicii juridice legate de IT, Internet \u0219i afaceri. Sub conducerea avocatului nostru reprezentan [&hellip;]<\/p>\n","protected":false},"author":1,"featured_media":57134,"parent":0,"menu_order":11,"comment_status":"closed","ping_status":"closed","template":"other-page-temp.php","meta":{"footnotes":""},"acf":[],"_links":{"self":[{"href":"https:\/\/monolith.law\/ro\/wp-json\/wp\/v2\/pages\/31"}],"collection":[{"href":"https:\/\/monolith.law\/ro\/wp-json\/wp\/v2\/pages"}],"about":[{"href":"https:\/\/monolith.law\/ro\/wp-json\/wp\/v2\/types\/page"}],"author":[{"embeddable":true,"href":"https:\/\/monolith.law\/ro\/wp-json\/wp\/v2\/users\/1"}],"replies":[{"embeddable":true,"href":"https:\/\/monolith.law\/ro\/wp-json\/wp\/v2\/comments?post=31"}],"version-history":[{"count":19,"href":"https:\/\/monolith.law\/ro\/wp-json\/wp\/v2\/pages\/31\/revisions"}],"predecessor-version":[{"id":72843,"href":"https:\/\/monolith.law\/ro\/wp-json\/wp\/v2\/pages\/31\/revisions\/72843"}],"wp:featuredmedia":[{"embeddable":true,"href":"https:\/\/monolith.law\/ro\/wp-json\/wp\/v2\/media\/57134"}],"wp:attachment":[{"href":"https:\/\/monolith.law\/ro\/wp-json\/wp\/v2\/media?parent=31"}],"curies":[{"name":"wp","href":"https:\/\/api.w.org\/{rel}","templated":true}]}}