{"id":31513,"date":"2023-11-05T23:20:32","date_gmt":"2023-11-05T14:20:32","guid":{"rendered":"https:\/\/monolith.law\/?page_id=31513"},"modified":"2026-03-24T01:36:44","modified_gmt":"2026-03-23T16:36:44","slug":"m-and-a-of-sns-accounts","status":"publish","type":"page","link":"https:\/\/monolith.law\/ro\/m-and-a-of-sns-accounts","title":{"rendered":"Fuziuni \u0219i Achizi\u021bii ale Conturilor de SNS"},"content":{"rendered":"\n<section class=\"heading-area\">\n\t<div class=\"heading-area-inner\">\n\t\t<h2 class=\"icon-m-and-a-of-sns-accounts\">Fuziuni \u0219i Achizi\u021bii ale Conturilor de SNS<\/h2>\n\t\t<p>Fuziunile \u0219i achizi\u021biile canalelor de YouTube \u0219i ale conturilor de Twitter reprezint\u0103 un domeniu foarte specializat, care necesit\u0103 cuno\u0219tin\u021be \u0219i know-how specializate. Ca birou de avocatur\u0103 cu speciali\u0219ti \u00een IT, internet \u0219i afaceri \u00een echipa noastr\u0103, oferim asisten\u021b\u0103 extensiv\u0103 \u00een acest domeniu.<\/p>\n\t<\/div>\n<\/section>\n\n<section class=\"white-section\">\n\t<div class=\"section-inner pdt0 border-bottom-section\">\n\t\t<p>Similar cu site-urile web, canalele de YouTube \u0219i conturile de Twitter sunt, de asemenea, supuse fuziunilor \u0219i achizi\u021biilor. Cu toate acestea, deoarece aceste fuziuni \u0219i achizi\u021bii sunt situa\u021bii unice, este necesar s\u0103 angajezi un birou de avocatur\u0103 cu cuno\u0219tin\u021be \u0219i expertiz\u0103 specializat\u0103. MONOLITH LAW OFFICE este un birou de avocatur\u0103 specializat \u00een IT, internet \u0219i afaceri. Avoca\u021bii no\u0219tri se ocup\u0103 de fiecare aspect al multor fuziuni \u0219i achizi\u021bii, de la proiecte mici care implic\u0103 canale de YouTube p\u00e2n\u0103 la proiecte de peste 100 de milioane de yeni, variind de la redactarea contractelor p\u00e2n\u0103 la due diligence (DD).<\/p>\n\t<\/div>\n<\/section>\n\n<section class=\"second-nav\">\n\t<div class=\"second-nav-inner\">\n\t\t<p>SUBIECTE<\/p>\n\t\t<nav>\n\t\t\t<ul>\n\t\t\t\t<li><a href=\"#an-example-of-ma-track-record\">Exemple de Realiz\u0103ri \u00een Tranzac\u021bii M&amp;A<\/a><\/li>\n\t\t\t\t<li><a href=\"#ma-special-feature-on-sns-such-as-youtube\">Caracteristici Speciale M&amp;A pe SNS precum YouTube<\/a><\/li>\n\t\t\t\t<li><a href=\"#responding-to-legal-due-diligence-dd\">R\u0103spuns la Due Diligence Juridic<\/a><\/li>\n\t\t\t\t<li><a href=\"#legal-due-diligence-dd-peculiarities-of-sns-etc\">Distinc\u021biile due Diligence-ului Juridic pentru SNS<\/a><\/li>\n\t\t\t\t<li><a href=\"#an-example-of-our-client\">Exemple de Clien\u021bi<\/a><\/li>\n\t\t\t\t<li><a href=\"#book-writing-records\">\u00cenregistr\u0103ri de Publica\u021bii<\/a><\/li>\n\t\t\t\t<li><a href=\"#media-appearance-record\">\u00cenregistr\u0103ri de Apari\u021bii \u00een Media<\/a><\/li>\n\t\t\t\t<li><a href=\"#monolith-law-magazine\">MONOLITH LAW MAGAZINE<\/a><\/li>\n\t\t\t\t<li><a href=\"#fee-structure\">Structura Taxelor<\/a><\/li>\n\t\t\t<\/ul>\n\t\t<\/nav>\n\t<\/div>\n<\/section>\n\n<section class=\"white-section\">\n\t<div class=\"anchor\" id=\"an-example-of-ma-track-record\"><\/div>\n\t<div class=\"section-inner\">\n\t\t<h3>Exemple de Realiz\u0103ri \u00een Tranzac\u021bii M&amp;A<\/h3>\n\t\t<ul class=\"layout-column4\">\n\t\t\t<li>\n\t\t\t\t<div><img decoding=\"async\" src=\"\/wp-content\/themes\/monolith2021\/img\/practices-youtuberlaw\/practices-youtuberlaw_necessity_pic3.jpg\" alt=\"YouTube channel\"><\/div>\n\t\t\t\t<h4>Canal YouTube<\/h4>\n\t\t\t\t<p>Avem un istoric de tranzac\u021bii M&amp;A \u0219i due diligence care dep\u0103\u0219esc 100 de milioane de yeni, cum ar fi transferul canalelor de VTuber \u0219i anime pe YouTube.<\/p>\n\t\t\t<\/li>\n\t\t\t<li>\n\t\t\t\t<div><img decoding=\"async\" src=\"\/wp-content\/themes\/monolith2021\/img\/snsmalaw\/snsmalaw_example_pic2.jpg\" alt=\"Cont Twitter\"><\/div>\n\t\t\t\t<h4>Cont Twitter<\/h4>\n\t\t\t\t<p>Ne ocup\u0103m de un num\u0103r mare de contracte \u0219i due diligence legate de transferul conturilor de Twitter care furnizeaz\u0103 informa\u021bii.<\/p>\n\t\t\t<\/li>\n\t\t\t<li>\n\t\t\t\t<div><img decoding=\"async\" src=\"\/wp-content\/themes\/monolith2021\/img\/snsmalaw\/snsmalaw_example_pic3.jpg\" alt=\"Cont Instagram\"><\/div>\n\t\t\t\t<h4>Cont Instagram<\/h4>\n\t\t\t\t<p>Sprijinim transferul conturilor de Instagram ca parte a transferului de afaceri al mediilor de\u021binute.<\/p>\n\t\t\t<\/li>\n\t\t\t<li>\n\t\t\t\t<div><img decoding=\"async\" src=\"\/wp-content\/themes\/monolith2021\/img\/snsmalaw\/snsmalaw_example_pic4.jpg\" alt=\"Alte SNS\"><\/div>\n\t\t\t\t<h4>Alte SNS<\/h4>\n\t\t\t\t<p>De asemenea, avem experien\u021b\u0103 \u0219i know-how \u00een ceea ce prive\u0219te alte SNS-uri \u0219i servicii web.<\/p>\n\t\t\t<\/li>\n\t\t<\/ul>\n\t<\/div>\n<\/section>\n\n<section class=\"white-section\">\n\t<div class=\"section-inner pdt0\">\n\t\t<div class=\"frame2 max-width860 txt-center-pc\">\n\t\t\t<p class=\"bold txt-l\">MONOLITH LAW OFFICE este un birou de avocatur\u0103<br class=\"pcOnly\">specializat \u00een IT, Internet \u0219i afaceri.<br class=\"pcOnly\">Oferim servicii juridice care variaz\u0103 de la redactarea contractelor p\u00e2n\u0103 la due diligence (DD) pentru M&amp;A, inclusiv canale YouTube,<br class=\"pcOnly\">de la tranzac\u021bii mici la cele care dep\u0103\u0219esc 100 de milioane de yeni.<br class=\"pcOnly\"><\/p>\n\t\t<\/div>\n\t<\/div>\n<\/section>\n\n<section class=\"orange-section\">\n\t<div class=\"anchor\" id=\"ma-special-feature-on-sns-such-as-youtube\"><\/div>\n\t<div class=\"section-inner\">\n\t\t<h3>Caracteristici Speciale M&amp;A pe SNS precum YouTube<\/h3>\n\t\t<ul class=\"layout-column4\">\n\t\t\t<li>\n\t\t\t\t<div><img decoding=\"async\" src=\"\/wp-content\/themes\/monolith2021\/img\/snsmalaw\/snsmalaw_specificity_pic1.jpg\" alt=\"Afaceri legale IT\/Internet\"><\/div>\n\t\t\t\t<h4>Afaceri legale IT\/Internet<\/h4>\n\t\t\t\t<p>Ar fi dificil s\u0103 determina\u021bi corect punctele legale esen\u021biale ale tranzac\u021biei f\u0103r\u0103 a fi un birou de avocatur\u0103 cu experien\u021be vaste \u00een IT \u0219i Internet.<\/p>\n\t\t\t<\/li>\n\t\t\t<li>\n\t\t\t\t<div><img decoding=\"async\" src=\"\/wp-content\/themes\/monolith2021\/img\/snsmalaw\/snsmalaw_specificity_pic2.jpg\" alt=\"Dreptul propriet\u0103\u021bii intelectuale\"><\/div>\n\t\t\t\t<h4>Dreptul propriet\u0103\u021bii intelectuale<\/h4>\n\t\t\t\t<p>Cuno\u0219tin\u021be aprofundate despre drepturile de proprietate intelectual\u0103, cum ar fi drepturile de autor, sunt necesare pentru a gestiona corect drepturile atunci c\u00e2nd se transfer\u0103 conturi de SNS.<\/p>\n\t\t\t<\/li>\n\t\t\t<li>\n\t\t\t\t<div><img decoding=\"async\" src=\"\/wp-content\/themes\/monolith2021\/img\/snsmalaw\/snsmalaw_specificity_pic3.jpg\" alt=\"Licen\u021biere, etc.\"><\/div>\n\t\t\t\t<h4>Licen\u021biere IP<\/h4>\n\t\t\t\t<p>\u00cen\u021belegerea licen\u021belor stabilite de ter\u021be p\u0103r\u021bi este esen\u021bial\u0103 atunci c\u00e2nd se difuzeaz\u0103 con\u021binut \u00een diverse medii, iar efectuarea acestei sarcini corect este o activitate foarte specializat\u0103.<\/p>\n\t\t\t<\/li>\n\t\t\t<li>\n\t\t\t\t<div><img decoding=\"async\" src=\"\/wp-content\/themes\/monolith2021\/img\/snsmalaw\/snsmalaw_specificity_pic4.jpg\" alt=\"Termeni \u0219i Ghiduri\"><\/div>\n\t\t\t\t<h4>Termeni<\/h4>\n\t\t\t\t<p>De exemplu, procesul de Due Diligence (DD) pentru canalele de YouTube necesit\u0103 cuno\u0219tin\u021be de terminologie, precum \u0219i actualizarea constant\u0103 cu cele mai recente versiuni ale diferitelor ghiduri.<\/p>\n\t\t\t<\/li>\n\t\t<\/ul>\n\t<\/div>\n<\/section>\n\n<section class=\"white-section\">\n\t<div class=\"anchor\" id=\"responding-to-legal-due-diligence-dd\"><\/div>\n\t<div class=\"section-inner\">\n\t\t<div class=\"flex reverse\">\n\t\t\t<div class=\"width41\"><img decoding=\"async\" src=\"\/wp-content\/themes\/monolith2021\/img\/pic\/pic_legalduediligence.jpg\" alt=\"R\u0103spuns la due diligence legal (DD)\"><\/div>\n\t\t\t<div class=\"width51\">\n\t\t\t\t<h3>R\u0103spuns la due diligence juridic\u0103<\/h3>\n\t\t\t\t<p class=\"mgb-small\">Transferul de afaceri al conturilor SNS, cum ar fi canalele YouTube \u0219i Twitter, precum \u0219i transferul de ac\u021biuni al companiilor care le de\u021bin, sunt contracte care, \u00een unele cazuri, necesit\u0103 due diligence juridic\u0103 (DD), la fel ca a\u0219a-numitele tranzac\u021bii obi\u0219nuite de fuziuni \u0219i achizi\u021bii (M&amp;A).<\/p>\n\t\t\t\t<p class=\"mgb-small\">Biroul nostru, MONOLITH LAW OFFICE, preg\u0103te\u0219te de asemenea due diligence juridic\u0103 (DD) \u0219i rapoarte DD pentru astfel de tranzac\u021bii M&amp;A foarte specializate.<\/p>\n\t\t\t\t<p class=\"txt-s\">* \u00cen cazul cre\u0103rii unui raport DD, orele de lucru ale avocatului sunt, \u00een principiu, de 30 de ore sau mai mult.<\/p>\n\t\t\t<\/div>\n\t\t<\/div>\n\t<\/div>\n<\/section>\n\n<section class=\"white-section\">\n\t<div class=\"anchor\" id=\"legal-due-diligence-dd-peculiarities-of-sns-etc\"><\/div>\n\t<div class=\"section-inner-black\">\n\t\t<h3><br class=\"spOnly\">Caracteristicile Speciale ale due Diligence-ului Juridic pentru SNS<\/h3>\n\t\t<p class=\"mgb-small\">De exemplu, c\u00e2nd se efectueaz\u0103 due diligence pentru M&amp;A al unui canal de YouTube, este necesar s\u0103 se ia \u00een considerare legalitatea videoclipurilor publicate pe canal, precum \u0219i compatibilitatea cu termenii de serviciu \u0219i diversele ghiduri ale YouTube. Apari\u021bia acestor probleme poate duce la \u0219tergerea videoclipurilor publice \u0219i, \u00een cel mai r\u0103u caz, la implementarea unor m\u0103suri precum suspendarea contului, ceea ce poate duce la o \u00een\u021belegere gre\u0219it\u0103 a valorii canalului.<\/p>\n\t\t<p class=\"mgb-small\">Pentru aceasta, sunt necesare cuno\u0219tin\u021be juridice \u00een diverse domenii, inclusiv drepturile de autor asupra obiectelor \u0219i muzicii utilizate \u00een videoclipuri, drepturile de portret \u0219i drepturile la via\u021ba privat\u0103 legate de apari\u021bia persoanelor, precum \u0219i reglement\u0103rile publicitare care pot fi problematice atunci c\u00e2nd se introduc cosmetice \u0219i alimente s\u0103n\u0103toase. Este esen\u021bial s\u0103 \u00een\u021belege\u021bi termenii de utilizare \u0219i diversele ghiduri, precum \u0219i s\u0103 fi\u021bi la curent cu ultima versiune a acestora.<\/p>\n\t\t<p class=\"mgb-middle\">\u00cen plus, deoarece termenii de utilizare \u0219i ghidurile sunt create voluntar, este esen\u021bial s\u0103 g\u0103si\u021bi un birou de avocatur\u0103 specializat \u00een acest domeniu, cum ar fi MONOLITH LAW OFFICE.<\/p>\n\n\n\n\t<\/div>\n<\/section>\n\n<section class=\"white-section\">\n\t<div class=\"anchor\" id=\"an-example-of-our-client\"><\/div>\n\t<div class=\"section-inner\">\n\t\t<h3>Exemple de Clien\u021bi<\/h3>\n\t\t<ul class=\"layout-column4 mgb-middle\">\n\t\t\t<li>\n\t\t\t\t<div><img decoding=\"async\" src=\"\/wp-content\/themes\/monolith2021\/img\/clients\/logo_zizai.png\" alt=\"ZIZAI\"><\/div>\n\t\t\t\t<h4><a href=\"https:\/\/zizai.co.jp\/\" target=\"_blank\" rel=\"noopener noreferrer\">ZIZAI Inc.<\/a><\/h4>\n\t\t\t\t<p>Ne ocup\u0103m de un proiect pentru ZIZAI Inc., care administreaz\u0103 VTuber-ul\/virtual YouTuber-ul Miraiakari \u0219i canalul de instruire video pentru pachinko\/slot Sulopachi Station.<\/p>\n\t\t\t<\/li>\n\t\t\t<li>\n\t\t\t\t<div><img decoding=\"async\" src=\"\/wp-content\/themes\/monolith2021\/img\/clients\/logo_plott.png\" alt=\"Plott Inc.\"><\/div>\n\t\t\t\t<h4><a href=\"https:\/\/plott.tokyo\/\" target=\"_blank\" rel=\"noopener noreferrer\">Plott Inc.<\/a><\/h4>\n\t\t\t\t<p>Ne ocup\u0103m de un proiect al Plott Co., Ltd., care gestioneaz\u0103 canale de anime pe YouTube precum &#8220;Teikou Penguin&#8221;, &#8220;KAREKORE of MIXED BLOOD&#8221;, &#8220;Grim Reaper Flag Chan!&#8221; \u0219i &#8220;Yaruminati&#8221;.<\/p>\n\t\t\t<\/li>\n\t\t\t<li>\n\t\t\t\t<div><img decoding=\"async\" src=\"\/wp-content\/themes\/monolith2021\/img\/clients\/logo_algorithm.png\" alt=\"Algorithm\"><\/div>\n\t\t\t\t<h4><a href=\"https:\/\/algorithms.co.jp\/\" target=\"_blank\" rel=\"noopenerrnoreferrer noopener\">Algorithm Inc.<\/a><\/h4>\n\t\t\t\t<p>Ne ocup\u0103m de un proiect pentru Algorithm Inc., a c\u0103rei activitate principal\u0103 este achizi\u021bionarea \u0219i activarea mediilor afiliate, precum \u0219i operarea &#8220;feely&#8221; \u0219i &#8220;tabiyori&#8221;.<\/p>\n\t\t\t<\/li>\n\t\t\t<li>\n\t\t\t\t<div><img decoding=\"async\" src=\"\/wp-content\/themes\/monolith2021\/img\/clients\/logo_mediano.png\" alt=\"Mediano\"><\/div>\n\t\t\t\t<h4><a href=\"https:\/\/mediano-ltd.co.jp\/\" target=\"_blank\" rel=\"noopener noreferrer\">Mediano Co., Ltd.<\/a><\/h4>\n\t\t\t\t<p>Pe l\u00e2ng\u0103 aplica\u021biile pentru smartphone, ne ocup\u0103m de un proiect pentru Mediano Co., Ltd., a c\u0103rei activitate principal\u0103 sunt tranzac\u021biile de M&amp;A care realizeaz\u0103 colabor\u0103ri ce valorific\u0103 punctele forte ale ambelor p\u0103r\u021bi \u0219i de asemenea achizi\u021bioneaz\u0103 con\u021binut media programat pentru transfer.<\/p>\n\t\t\t<\/li>\n\t\t<\/ul>\n\t\t<p class=\"txt-s\">*De asemenea, suntem responsabili de multe alte proiecte ale clien\u021bilor. Sunt listate doar companiile care au permisiunea de a divulga informa\u021bii despre partenerii de afaceri. Datorit\u0103 obliga\u021biilor de confiden\u021bialitate, faptul c\u0103 sunte\u021bi clientul nostru este p\u0103strat \u00een strict\u0103 confiden\u021bialitate.<\/p>\n\t<\/div>\n<\/section>\n\n<section class=\"white-section\">\n\t<div class=\"section-inner\">\n\t\t<div class=\"frame2 max-width860 txt-center-pc\">\n\t\t\t<p class=\"bold txt-l mgb-small\">Activit\u0103\u021bi de publicare \u00een domeniul juridic YouTuber \/ VTuber<\/p>\n\t\t\t<p>Chestiunile juridice pentru YouTuberi\/VTuberi sunt un domeniu foarte specializat. Toki Kawase, avocatul nostru reprezentativ, este de asemenea implicat \u00een activit\u0103\u021bi de publicare legate de aceste subiecte.<\/p>\n\t\t<\/div>\n\t<\/div>\n<\/section>\n<section class=\"orange-section\">\n\t<div class=\"anchor\" id=\"book-writing-records\"><\/div>\n\t<div class=\"section-inner\">\n\t\t<div class=\"flex reverse\">\n\t\t\t<div class=\"width41\"><img decoding=\"async\" src=\"\/wp-content\/uploads\/2022\/07\/it_law_book.jpg\" alt=\"Record de publicare ca avocat specializat \u00een afaceri juridice legate de SNS precum YouTube\"><\/div>\n\t\t\t<div class=\"width51\">\n\t\t\t\t<h3>Activit\u0103\u021bi de Publicare ca Avocat cu Expertiz\u0103 \u00een Probleme Juridice SNS, Inclusiv YouTube<\/h3>\n\t\t\t\t<p>Cartea &#8220;Avocat IT, v\u0103 rug\u0103m s\u0103 ne spune\u021bi despre legile \u0219i termenii YouTube&#8221; (Shodensha, 30 iulie 2022) a fost publicat\u0103 pentru a explica reglement\u0103rile \u0219i termenii lega\u021bi de YouTube pentru \u00eencep\u0103tori. \u00centr-un format de \u00eentreb\u0103ri \u0219i r\u0103spunsuri, cartea explic\u0103 cum s\u0103 crea\u021bi diferite contracte \u0219i puncte de control pentru fiecare tem\u0103, variind de la contracte care sunt premise pentru M&amp;A p\u00e2n\u0103 la contracte de transfer de afaceri.<\/p>\n\t\t\t<\/div>\n\t\t<\/div>\n\t<\/div>\n<\/section>\n<section class=\"white-section\">\n\t<div class=\"anchor\" id=\"media-appearance-record\"><\/div>\n\t<div class=\"section-inner\">\n\t\t<div class=\"flex\">\n\t\t\t<div class=\"width41\"><img decoding=\"async\" src=\"\/wp-content\/themes\/monolith2021\/img\/practices-youtuberlaw\/practices-youtuberlaw_pic2.jpg\"><\/div>\n\t\t\t<div class=\"width51\">\n\t\t\t\t<h3>Apari\u021bie ca Invitat pe Tema VTuber \u00een Cadrul Emisiunii \u201cABEMA Prime\u201d<\/h3>\n\t\t\t\t<p>\u00cen cadrul emisiunii &#8220;ABEMA Prime&#8221;, difuzat\u0103 pe 16 februarie \u0219i 20 mai 2022, avocatul nostru reprezentativ, Toki Kawase, a comentat probleme juridice precum confiden\u021bialitatea VTuberilor \u0219i influencerii controversa\u021bi care provoac\u0103 agita\u021bie pe internet.<\/p>\n\t\t\t<\/div>\n\t\t<\/div>\n\t<\/div>\n<\/section>\n\n<section class=\"purple2-section\">\n\t<div class=\"anchor\" id=\"monolith-law-magazine\"><\/div>\n\t<div class=\"section-inner\">\n\t\t    <section class=\"white-section temp-article\">\n        <div class=\"section-inner\">\n            <h4>MONOLITH LAW MAGAZINE<\/h4>\n            <div class=\"articles type_practice_column\">\n                                                                    <div class=\"article article-area\">\n                        <figure>\n                            <div class=\"img-wrap\">\n                                <img alt=\"Achizi\u021bionarea \u0219i transferul de afaceri al YouTuber-ilor virtuali - VTuber\" src=\"https:\/\/monolith.law\/ro\/wp-content\/uploads\/sites\/32\/2024\/02\/youtuber-vtubervirtual-youtuber-ma-1.jpg\" width=\"500\" height=\"250\">\n                            <\/div>\n                            <figcaption>\n                                <div class=\"figcaption-inner\">\n                                    <h3>Achizi\u021bionarea \u0219i transferul de afaceri al YouTuber-ilor virtuali - VTuber<\/h3>\n                                <\/div>\n                            <\/figcaption>\n                            <a href=\"https:\/\/monolith.law\/ro\/internet\/virtual-youtuber-ma\"><\/a>\n                        <\/figure>\n                    <\/div>\n                                                    <div class=\"article article-area\">\n                        <figure>\n                            <div class=\"img-wrap\">\n                                <img alt=\"Transferul de afaceri al unui YouTuber \u0219i contractul de management post-transfer\" src=\"https:\/\/monolith.law\/ro\/wp-content\/uploads\/sites\/32\/2024\/03\/youtuber-business-transfer-Management-contract-i.jpg\" width=\"500\" height=\"250\">\n                            <\/div>\n                            <figcaption>\n                                <div class=\"figcaption-inner\">\n                                    <h3>Transferul de afaceri al unui YouTuber \u0219i contractul de management post-transfer<\/h3>\n                                <\/div>\n                            <\/figcaption>\n                            <a href=\"https:\/\/monolith.law\/ro\/internet\/youtuber-business-transfer-management-contract\"><\/a>\n                        <\/figure>\n                    <\/div>\n                                            <\/div>\n            <div class=\"btn-more\"><a href=\"https:\/\/monolith.law\/ro\/tag\/m-and-a-of-sns-accounts\">Read More<\/a><\/div>\n        <\/div>\n    <\/section>\n\t<\/div>\n<\/section>\n\n<section class=\"orange2-section\">\n\t<div class=\"anchor\" id=\"fee-structure\"><\/div>\n\t<div class=\"section-inner\">\n\t<div class=\"planWrap\">\n\t<h3>Structura<br>Taxelor<\/h3>\n\t<ul class=\"plan\">\n\t\t<li class=\"txt-left\">\n\t\t\t<div class=\"plan-inner\">\n\t\t\t<div class=\"plan-header\">\n\t\t\t<h4 class=\"plan-title\">Tarif Orar<\/h4>\n\t\t\t<div class=\"plan-price\"><span class=\"price-figure\">$300<\/span>pe or\u0103<span class=\"price-tax\"><\/span><\/div>\n\t\t\t<\/div>\n\t\t\t<div class=\"plan-body\">\u00cen anumite cazuri, putem lua \u00een considerare acceptarea unui litigiu sau proces cu un onorariu ini\u021bial \u0219i unul de succes. Pentru mai multe detalii, v\u0103 invit\u0103m s\u0103 ne contacta\u021bi.<\/div>\n\t\t\t<\/div>\n\t\t<\/li>\n\t\t<li class=\"txt-left\">\n\t\t\t<div class=\"plan-inner\">\n\t\t\t<div class=\"plan-header\">\n\t\t\t<h4 class=\"plan-title\">Redactarea Contractelor<\/h4>\n\t\t\t<div class=\"plan-price\"><span class=\"price-value\">de la<\/span><span class=\"price-figure\">$500<\/span><span class=\"price-value\">p\u00e2n\u0103 la $2,000 sau mai mult<\/span><span class=\"price-tax\"><\/span><\/div>\n\t\t\t<\/div>\n\t\t\t<div class=\"plan-body\">Structura pre\u021burilor poate varia \u00een func\u021bie de tipul \u0219i cantitatea contractelor. Suntem \u00eenc\u00e2nta\u021bi s\u0103 oferim o estimare preliminar\u0103 la cerere, \u00eencuraj\u00e2ndu-v\u0103 astfel s\u0103 ne contacta\u021bi pentru detalii suplimentare.<\/div>\n\t\t\t<\/div>\n\t\t<\/li>\n\t\t<li class=\"txt-left\">\n\t\t\t<div class=\"plan-inner\">\n\t\t\t<div class=\"plan-header\">\n\t\t\t<h4 class=\"plan-title\">Alte Servicii<\/h4>\n\t\t\t<div class=\"plan-price\"><span class=\"price-figure\">Contacta\u021bi-ne<\/span><\/div>\n\t\t\t<\/div>\n\t\t\t<div class=\"plan-body\">Oferim o gam\u0103 larg\u0103 de servicii, inclusiv \u00eenfiin\u021barea de companii, revizuirea contractelor, opinii legale, revizuirea cazurilor sau scrisori de cercetare. Dac\u0103 ave\u021bi \u00eentreb\u0103ri sau nel\u0103muriri, v\u0103 invit\u0103m cordial s\u0103 ne contacta\u021bi \u0219i echipa noastr\u0103 de exper\u021bi va fi bucuroas\u0103 s\u0103 v\u0103 asiste.<\/div>\n\t\t\t<\/div>\n\t\t\t<\/div>\n\t\t<\/li>\n\t<\/ul>\n\t<\/div>\n\t<\/div>\n<\/section>\n\n<section class=\"white-section\">\n\t<div class=\"section-inner\">\n\t\t<div class=\"btn-area\">\n\t\t\t<div class=\"btn icon-contact\"><a href=\"\/ro\/contact\">Contacta\u021bi-ne<\/a><\/div>\n\t\t<\/div>\n\t<\/div>\n<\/section>\n","protected":false},"excerpt":{"rendered":"<p>Fuziuni \u0219i Achizi\u021bii ale Conturilor de SNS Fuziunile \u0219i achizi\u021biile canalelor de YouTube \u0219i ale conturilor de Twitter reprezint\u0103 un domeniu foarte specializat, care necesit\u0103 cuno\u0219tin\u021be \u0219i know-how spe [&hellip;]<\/p>\n","protected":false},"author":1,"featured_media":57173,"parent":0,"menu_order":7,"comment_status":"closed","ping_status":"closed","template":"other-page-temp.php","meta":{"footnotes":""},"acf":[],"_links":{"self":[{"href":"https:\/\/monolith.law\/ro\/wp-json\/wp\/v2\/pages\/31513"}],"collection":[{"href":"https:\/\/monolith.law\/ro\/wp-json\/wp\/v2\/pages"}],"about":[{"href":"https:\/\/monolith.law\/ro\/wp-json\/wp\/v2\/types\/page"}],"author":[{"embeddable":true,"href":"https:\/\/monolith.law\/ro\/wp-json\/wp\/v2\/users\/1"}],"replies":[{"embeddable":true,"href":"https:\/\/monolith.law\/ro\/wp-json\/wp\/v2\/comments?post=31513"}],"version-history":[{"count":73,"href":"https:\/\/monolith.law\/ro\/wp-json\/wp\/v2\/pages\/31513\/revisions"}],"predecessor-version":[{"id":72896,"href":"https:\/\/monolith.law\/ro\/wp-json\/wp\/v2\/pages\/31513\/revisions\/72896"}],"wp:featuredmedia":[{"embeddable":true,"href":"https:\/\/monolith.law\/ro\/wp-json\/wp\/v2\/media\/57173"}],"wp:attachment":[{"href":"https:\/\/monolith.law\/ro\/wp-json\/wp\/v2\/media?parent=31513"}],"curies":[{"name":"wp","href":"https:\/\/api.w.org\/{rel}","templated":true}]}}