{"id":31896,"date":"2023-11-06T23:00:19","date_gmt":"2023-11-06T14:00:19","guid":{"rendered":"https:\/\/monolith.law\/?page_id=31896"},"modified":"2026-03-24T00:26:29","modified_gmt":"2026-03-23T15:26:29","slug":"cybercrime","status":"publish","type":"page","link":"https:\/\/monolith.law\/ro\/cybercrime","title":{"rendered":"Criminalitatea cibernetic\u0103"},"content":{"rendered":"\n<section class=\"heading-area\">\n\t<div class=\"heading-area-inner\">\n\t\t<h2 class=\"icon-cybercrime\">Criminalitatea cibernetic\u0103<\/h2>\n\t\t<p>Criminalitatea cibernetic\u0103 este o problem\u0103 serioas\u0103 \u00een societatea de ast\u0103zi, iar pentru afaceri este esen\u021bial s\u0103 ia m\u0103suri adecvate atunci c\u00e2nd sunt victime ale unor astfel de infrac\u021biuni. Cu o echip\u0103 de avoca\u021bi care de\u021bin cuno\u0219tin\u021be juridice \u0219i expertiz\u0103 \u00een IT, precum \u0219i ingineri IT activi \u0219i consultan\u021bi IT, biroul nostru poate oferi sfaturi precise, personalizate situa\u021biei specifice a companiei \u0219i asisten\u021b\u0103 \u00een ini\u021bierea procedurilor penale.<\/p>\n\t<\/div>\n<\/section>\n\n<section class=\"white-section\">\n\t<div class=\"section-inner pdt0  border-bottom-section\">\n\t\t<p>Este eficient s\u0103 solicita\u021bi ajutorul exper\u021bilor care cunosc bine procedurile penale japoneze pentru a determina poli\u021bia japonez\u0103 s\u0103 ini\u021bieze o investiga\u021bie \u0219i s\u0103 efectueze arest\u0103ri \u00een cazuri de acces neautorizat \u00een Japonia. Ca un birou de avocatur\u0103 specializat \u00een IT, oferim asisten\u021b\u0103 juridic\u0103 afacerilor care au fost victime ale infrac\u021biunilor cibernetice, cum ar fi accesul neautorizat \u0219i exfiltrarea ilicit\u0103 de date, inclusiv ajutor \u00een depunerea pl\u00e2ngerilor penale \u0219i rapoartelor pentru a ini\u021bia investiga\u021bia penal\u0103.<\/p>\n\t<\/div>\n<\/section>\n\n<section class=\"second-nav\">\n\t<div class=\"second-nav-inner\">\n\t\t<p>SUBIECTE<\/p>\n\t\t<nav>\n\t\t\t<ul>\n\t\t\t\t<li><a href=\"#specialized-expertise-in-cybersecurity\">Expertiz\u0103 Specializat\u0103 \u00een Securitate Cibernetic\u0103<\/a><\/li>\n\t\t\t\t<li><a href=\"#the-need-for-addressing-cybercrime\">Necesitatea de a Aborda Criminalitatea Cibernetic\u0103<\/a><\/li>\n\t\t\t\t<li><a href=\"#the-challenges-of-criminal-prosecution-in-cybercrime-cases\">Provoc\u0103rile Purt\u0103rii Proceselor Penale \u00een Cazurile de Criminalitate Cibernetic\u0103<\/a><\/li>\n\t\t\t\t<li><a href=\"#synergy-of-lawyers-and-it-consultants\">Colaborarea dintre Avoca\u021bi \u0219i Consultan\u021bi IT<\/a><\/li>\n\t\t\t\t<li><a href=\"#monolith-law-magazine\">MONOLITH LAW MAGAZINE<\/a><\/li>\n\t\t\t\t<li><a href=\"#fee-structure\">Structura Taxelor<\/a><\/li>\n\t\t\t<\/ul>\n\t\t<\/nav>\n\t<\/div>\n<\/section>\n\n<section class=\"white-section\">\n\t<div class=\"anchor\" id=\"specialized-expertise-in-cybersecurity\"><\/div>\n\t<div class=\"section-inner pdb0\">\n\t\t<h3>Expertiz\u0103 Specializat\u0103 \u00een Securitate Cibernetic\u0103<\/h3>\n\t\t<div class=\"max-width980 mgb-small\"><img decoding=\"async\" src=\"\/wp-content\/themes\/monolith2021\/img\/dispute\/dispute_member.jpg\" alt=\"Expertiz\u0103 Specializat\u0103 \u00een Securitatea Cibernetic\u0103\"><\/div>\n\t\t<div class=\"frame2 max-width860 txt-center-pc\">\n\t\t\t<p class=\"bold txt-l\">MONOLITH LAW OFFICE ofer\u0103 expertiz\u0103 specializat\u0103 \u00een dreptul IT, condus\u0103 de un avocat reprezentativ care are un background ca fost inginer IT \u0219i executiv. Biroul este compus din 30 avoca\u021bi, Kenji Shinjo (consilier), un fost procuror la Parchetul \u00cenalt Public din Tokyo, \u0219i o echip\u0103 de 16 consultan\u021bi IT. Oferim solu\u021bii pentru a rezolva dispute complexe legate de securitatea cibernetic\u0103, valorific\u00e2nd cuno\u0219tin\u021bele \u0219i experien\u021ba profund\u0103 a echipei noastre \u00een dreptul IT.<\/p>\n\t\t<\/div>\n\t<\/div>\n<\/section>\n\n<section class=\"orange-section mgt-section\">\n\t<div class=\"anchor\" id=\"the-need-for-addressing-cybercrime\"><\/div>\n\t<div class=\"section-inner\">\n\t\t<div class=\"flex\">\n\t\t\t<div class=\"width41\"><img decoding=\"async\" src=\"\/wp-content\/uploads\/2023\/05\/dispute_pic2.jpg\" alt=\"Necesitatea Abord\u0103rii Criminalit\u0103\u021bii Cibernetice\"><\/div>\n\t\t\t<div class=\"width51\">\n\t\t\t\t<h3>Necesitatea de a Aborda Criminalitatea Cibernetic\u0103<\/h3>\n\t\t\t\t<p class=\"mgb-small\">\u00cen lumea modern\u0103, criminalitatea cibernetic\u0103 reprezint\u0103 o amenin\u021bare tot mai semnificativ\u0103. Exist\u0103 diverse tipuri de atacuri cibernetice, inclusiv accesul neautorizat, exfiltrarea ilicit\u0103 de date, e-mail-uri spam, \u00een\u0219el\u0103ciuni de tip phishing \u0219i atacuri cu malware.<\/p>\n\t\t\t\t<p class=\"mgb-small\">Accesul neautorizat se refer\u0103 la infiltrarea \u00eentr-un sistem informatic pentru a fura sau a altera informa\u021bii. Pentru companii, acest lucru poate rezulta \u00een furtul de informa\u021bii confiden\u021biale sau \u00eentreruperi ale sistemului care duc la sc\u0103derea productivit\u0103\u021bii. Exfiltrarea ilicit\u0103 de date implic\u0103 scurgerea de informa\u021bii sensibile ale companiei c\u0103tre surse externe. Acest lucru poate avea loc atunci c\u00e2nd angaja\u021bii, ac\u021bion\u00e2nd ca insideri, extrag informa\u021bii confiden\u021biale din companie sau c\u00e2nd atacatorii externi ob\u021bin acces neautorizat pentru a fura informa\u021bii.<\/p>\n\t\t\t\t<p>Aceste atacuri cibernetice nu doar c\u0103 provoac\u0103 daune semnificative companiilor, cum ar fi bre\u0219ele de date \u0219i \u00eentreruperile opera\u021biunilor de afaceri, dar de asemenea submineaz\u0103 \u00eencrederea social\u0103 \u00een companie prin scurgerea de informa\u021bii personale. Este crucial s\u0103 se \u00eentreprind\u0103 m\u0103suri legale pentru a aborda criminalitatea cibernetic\u0103 \u00een scopul protej\u0103rii siguran\u021bei at\u00e2t a companiilor c\u00e2t \u0219i a indivizilor.<\/p>\n\t\t\t<\/div>\n\t\t<\/div>\n\t<\/div>\n<\/section>\n\n<section class=\"white-section\">\n\t<div class=\"anchor\" id=\"the-challenges-of-criminal-prosecution-in-cybercrime-cases\"><\/div>\n\t<div class=\"section-inner\">\n\t\t<div class=\"flex reverse\">\n\t\t\t<div class=\"width41\"><img decoding=\"async\" src=\"\/wp-content\/uploads\/2023\/05\/dispute_pic2-1.jpg\" alt=\"Provoc\u0103rile urm\u0103ririi penale \u00een cazurile de criminalitate cibernetic\u0103\"><\/div>\n\t\t\t<div class=\"width51\">\n\t\t\t\t<h3>Provoc\u0103rile Purt\u0103rii Proceselor Penale \u00een Cazurile de Criminalitate Cibernetic\u0103<\/h3>\n\t\t\t\t<p class=\"mgb-small\">Dac\u0103 o persoan\u0103 devine victim\u0103 a criminalit\u0103\u021bii cibernetice \u0219i raporteaz\u0103 incidentul poli\u021biei, se a\u0219teapt\u0103 \u00een general ca poli\u021bia s\u0103 desf\u0103\u0219oare o investiga\u021bie, s\u0103 identifice f\u0103ptuitorul \u0219i s\u0103 procedeze la arest\u0103ri \u0219i urm\u0103riri penale. Aceasta este &#8220;percep\u021bia cet\u0103\u021beanului obi\u0219nuit&#8221;. Totu\u0219i, din nefericire, \u00een Japonia, c\u00e2nd vine vorba de infrac\u021biuni economice care nu implic\u0103 amenin\u021b\u0103ri la adresa vie\u021bii sau integrit\u0103\u021bii fizice, \u00een special \u00een cazul criminalit\u0103\u021bii cibernetice, resursele de investiga\u021bie ale poli\u021biei sunt limitate \u00een practic\u0103. F\u0103r\u0103 ca victima s\u0103 efectueze investiga\u021bii am\u0103nun\u021bite \u0219i s\u0103 creeze o documenta\u021bie extensiv\u0103, cum ar fi &#8220;rapoarte de incident&#8221;, este dificil s\u0103 stimulezi eficient investiga\u021biile poli\u021biei.<\/p>\n\t\t\t\t<p class=\"mgb-small\">Cantitatea de documente create de biroul nostru de avocatur\u0103 MONOLITH LAW OFFICE \u00eentr-un caz specific de criminalitate cibernetic\u0103 pentru a realiza arestarea \u0219i condamnarea efectiv\u0103 a f\u0103ptuitorului este ilustrat\u0103 \u00een fotografia din dreapta. Chiar \u0219i dup\u0103 depunerea unei pl\u00e2ngeri penale sau a unui raport de victimizare, victima trebuie s\u0103 continue s\u0103 creeze \u0219i s\u0103 prezinte diverse materiale detaliate la cererea poli\u021biei. Pentru a facilita investiga\u021biile \u0219i arest\u0103rile, trebuie preg\u0103tit\u0103 \u0219i prezentat\u0103 o cantitate semnificativ\u0103 de documenta\u021bie.<\/p>\n\t\t\t\t<p>Sus\u021binerea urm\u0103ririi penale a victimelor criminalit\u0103\u021bii cibernetice necesit\u0103 un birou de avocatur\u0103 cu o \u00eenalt\u0103 expertiz\u0103 \u0219i capacit\u0103\u021bi organiza\u021bionale.<\/p>\n\t\t\t<\/div>\n\t\t<\/div>\n\t<\/div>\n<\/section>\n\n<section class=\"purple-section\">\n\t<div class=\"anchor\" id=\"synergy-of-lawyers-and-it-consultants\"><\/div>\n\t<div class=\"section-inner\">\n\t\t<div class=\"flex reverse\">\n\t\t\t<div class=\"width51\">\n\t\t\t\t<h3>Colaborarea dintre Avoca\u021bi \u0219i Consultan\u021bi IT<\/h3>\n\t\t\t\t<p class=\"mgb-small\">Pentru a raporta eficient poli\u021biei amploarea daunelor \u0219i a furniza informa\u021bii care s\u0103 conduc\u0103 la identificarea autorilor infrac\u021biunilor cibernetice, este esen\u021bial\u0103 combinarea cuno\u0219tin\u021belor avansate de IT cu analiza juridic\u0103. De exemplu, \u00een cazurile de acces neautorizat, este necesar s\u0103 interpret\u0103m logurile de pe platforme precum Apache, s\u0103 identific\u0103m accesul problematic \u0219i s\u0103 evalu\u0103m implica\u021biile sale legale pentru a explica de ce se calific\u0103 drept acces &#8220;neautorizat&#8221;. Aceste constat\u0103ri trebuie prezentate \u00eentr-un document logic coerent.<\/p>\n\t\t\t\t<p class=\"mgb-small\">Pentru a realiza acest lucru, sunt indispensabile expertiza echivalent\u0103 cu cea a inginerilor IT \u0219i cuno\u0219tin\u021bele specializate \u00een legile IT.<\/p>\n\t\t\t\t<p>Biroul nostru de avocatur\u0103 MONOLITH LAW OFFICE este compus din 30 avoca\u021bi, condu\u0219i de avocatul reprezentant Toki Kawase, fost inginer IT cu experien\u021b\u0103 \u00een companii bazate pe web, \u00eempreun\u0103 cu o echip\u0103 de 16 consultan\u021bi IT \u0219i 85 membri ai personalului. Cu aceast\u0103 structur\u0103 organiza\u021bional\u0103, suntem pozi\u021biona\u021bi \u00een mod unic pentru a oferi solu\u021bii complete \u0219i integrate.<\/p>\n\t\t\t<\/div>\n\t\t\t<div class=\"width41\"><img decoding=\"async\" src=\"\/wp-content\/themes\/monolith_en\/img\/operationofofmedia\/operationofofmedia_pic5.svg\" alt=\"Sinergia dintre Avoca\u021bi \u0219i Consultan\u021bi IT\"><\/div>\n\t\t<\/div>\n\t<\/div>\n<\/section>\n\n<section class=\"purple2-section\">\n\t<div class=\"anchor\" id=\"monolith-law-magazine\"><\/div>\n\t<div class=\"section-inner\">\n\t\t    <section class=\"white-section temp-article\">\n        <div class=\"section-inner\">\n            <h4>MONOLITH LAW MAGAZINE<\/h4>\n            <div class=\"articles type_practice_column\">\n                                                                    <div class=\"article article-area\">\n                        <figure>\n                            <div class=\"img-wrap\">\n                                <img alt=\"Este o captur\u0103 de ecran o \u00eenc\u0103lcare a drepturilor de autor? Explic\u0103m \u0219i metodele de identificare a post\u0103rilor \u0219i de eliminare a acestora.\" src=\"https:\/\/monolith.law\/ro\/wp-content\/uploads\/sites\/32\/2024\/11\/30375485_m-1024x683-1.webp\" width=\"500\" height=\"250\">\n                            <\/div>\n                            <figcaption>\n                                <div class=\"figcaption-inner\">\n                                    <h3>Este o captur\u0103 de ecran o \u00eenc\u0103lcare a drepturilor de autor? Explic\u0103m \u0219i metodele.<\/h3>\n                                <\/div>\n                            <\/figcaption>\n                            <a href=\"https:\/\/monolith.law\/ro\/it\/screenshots-copyright\"><\/a>\n                        <\/figure>\n                    <\/div>\n                                                    <div class=\"article article-area\">\n                        <figure>\n                            <div class=\"img-wrap\">\n                                <img alt=\"\u3010\u0218tire de ultim\u0103 or\u0103\u3011Num\u0103rul de cazuri recunoscute de acces neautorizat \u00een anul Reiwa 5 (2023) a crescut de trei ori \u00eentr-un an\" src=\"https:\/\/monolith.law\/ro\/wp-content\/uploads\/sites\/32\/2024\/07\/Shutterstock_2236181323.webp\" width=\"500\" height=\"250\">\n                            <\/div>\n                            <figcaption>\n                                <div class=\"figcaption-inner\">\n                                    <h3>\u3010\u0218tire de ultim\u0103 or\u0103\u3011Num\u0103rul de cazuri recunoscute de acces neautorizat \u00een anul .<\/h3>\n                                <\/div>\n                            <\/figcaption>\n                            <a href=\"https:\/\/monolith.law\/ro\/it\/unauthorized-access-statistics-2023\"><\/a>\n                        <\/figure>\n                    <\/div>\n                                                    <div class=\"article article-area\">\n                        <figure>\n                            <div class=\"img-wrap\">\n                                <img alt=\"Avocatul explic\u0103 ac\u021biunile \u0219i exemplele interzise de 'Legea Japonez\u0103 privind Interzicerea Accesului Neautorizat'\" src=\"https:\/\/monolith.law\/ro\/wp-content\/uploads\/sites\/32\/2024\/02\/shutterstock_772039471-1024x683-1.jpg\" width=\"500\" height=\"250\">\n                            <\/div>\n                            <figcaption>\n                                <div class=\"figcaption-inner\">\n                                    <h3>Avocatul explic\u0103 ac\u021biunile \u0219i exemplele interzise de 'Legea Japonez\u0103 privind Int.<\/h3>\n                                <\/div>\n                            <\/figcaption>\n                            <a href=\"https:\/\/monolith.law\/ro\/it\/injustice-access-law\"><\/a>\n                        <\/figure>\n                    <\/div>\n                                            <\/div>\n            <div class=\"btn-more\"><a href=\"https:\/\/monolith.law\/ro\/tag\/cybercrime\">Read More<\/a><\/div>\n        <\/div>\n    <\/section>\n\t<\/div>\n<\/section>\n\n<section class=\"orange2-section\">\n\t<div class=\"anchor\" id=\"fee-structure\"><\/div>\n\t<div class=\"section-inner\">\n\t<div class=\"planWrap\">\n\t<h3>Structura<br>Taxelor<\/h3>\n\t<ul class=\"plan\">\n\t\t<li class=\"txt-left\">\n\t\t\t<div class=\"plan-inner\">\n\t\t\t<div class=\"plan-header\">\n\t\t\t<h4 class=\"plan-title\">Tarif Orar<\/h4>\n\t\t\t<div class=\"plan-price\"><span class=\"price-figure\">$300<\/span>pe or\u0103<span class=\"price-tax\"> <\/span><\/div>\n\t\t\t<\/div>\n\t\t\t<div class=\"plan-body\">\u00cen anumite cazuri, putem lua \u00een considerare acceptarea unui litigiu sau proces cu un onorariu ini\u021bial \u0219i un onorariu de succes. Pentru mai multe detalii, v\u0103 invit\u0103m s\u0103 ne contacta\u021bi.<\/div>\n\t\t\t<\/div>\n\t\t<\/li>\n\t\t<li class=\"txt-left\">\n\t\t\t<div class=\"plan-inner\">\n\t\t\t<div class=\"plan-header\">\n\t\t\t<h4 class=\"plan-title\">Redactarea Contractelor<\/h4>\n\t\t\t<div class=\"plan-price\"><span class=\"price-value\">de la<\/span><span class=\"price-figure\">$500<\/span><span class=\"price-value\">p\u00e2n\u0103 la $2,000 sau mai mult<\/span><span class=\"price-tax\"><\/span><\/div>\n\t\t\t<\/div>\n\t\t\t<div class=\"plan-body\">Structura pre\u021burilor poate varia \u00een func\u021bie de tipul \u0219i cantitatea contractelor. Suntem \u00eenc\u00e2nta\u021bi s\u0103 oferim o estimare preliminar\u0103 la cerere, \u00eencuraj\u00e2ndu-v\u0103 astfel s\u0103 ne contacta\u021bi pentru detalii suplimentare.<\/div>\n\t\t\t<\/div>\n\t\t<\/li>\n\t\t<li class=\"txt-left\">\n\t\t\t<div class=\"plan-inner\">\n\t\t\t<div class=\"plan-header\">\n\t\t\t<h4 class=\"plan-title\">Alte Servicii<\/h4>\n\t\t\t<div class=\"plan-price\"><span class=\"price-figure\">Contacta\u021bi-ne<\/span><\/div>\n\t\t\t<\/div>\n\t\t\t<div class=\"plan-body\">Oferim o gam\u0103 larg\u0103 de servicii, inclusiv \u00eenfiin\u021barea de companii, revizuirea contractelor, opinii legale, revizuirea cazurilor sau scrisori de cercetare. Dac\u0103 ave\u021bi \u00eentreb\u0103ri sau nel\u0103muriri, v\u0103 invit\u0103m cordial s\u0103 ne contacta\u021bi \u0219i echipa noastr\u0103 de exper\u021bi va fi bucuroas\u0103 s\u0103 v\u0103 asiste.<\/div>\n\t\t\t<\/div>\n\t\t\t<\/div>\n\t\t<\/li>\n\t<\/ul>\n\t<\/div>\n\t<\/div>\n<\/section>\n\n<section class=\"white-section\">\n\t<div class=\"section-inner\">\n\t\t<div class=\"btn-area\">\n\t\t\t<div class=\"btn icon-contact\"><a href=\"\/ro\/contact\">Contacta\u021bi-ne<\/a><\/div>\n\t\t<\/div>\n\t<\/div>\n<\/section>\n","protected":false},"excerpt":{"rendered":"<p>Criminalitatea cibernetic\u0103 Criminalitatea cibernetic\u0103 este o problem\u0103 serioas\u0103 \u00een societatea de ast\u0103zi, iar pentru afaceri este esen\u021bial s\u0103 ia m\u0103suri adecvate atunci c\u00e2nd sunt victime ale unor astfel  [&hellip;]<\/p>\n","protected":false},"author":1,"featured_media":57158,"parent":0,"menu_order":7,"comment_status":"closed","ping_status":"closed","template":"other-page-temp.php","meta":{"footnotes":""},"acf":[],"_links":{"self":[{"href":"https:\/\/monolith.law\/ro\/wp-json\/wp\/v2\/pages\/31896"}],"collection":[{"href":"https:\/\/monolith.law\/ro\/wp-json\/wp\/v2\/pages"}],"about":[{"href":"https:\/\/monolith.law\/ro\/wp-json\/wp\/v2\/types\/page"}],"author":[{"embeddable":true,"href":"https:\/\/monolith.law\/ro\/wp-json\/wp\/v2\/users\/1"}],"replies":[{"embeddable":true,"href":"https:\/\/monolith.law\/ro\/wp-json\/wp\/v2\/comments?post=31896"}],"version-history":[{"count":27,"href":"https:\/\/monolith.law\/ro\/wp-json\/wp\/v2\/pages\/31896\/revisions"}],"predecessor-version":[{"id":72888,"href":"https:\/\/monolith.law\/ro\/wp-json\/wp\/v2\/pages\/31896\/revisions\/72888"}],"wp:featuredmedia":[{"embeddable":true,"href":"https:\/\/monolith.law\/ro\/wp-json\/wp\/v2\/media\/57158"}],"wp:attachment":[{"href":"https:\/\/monolith.law\/ro\/wp-json\/wp\/v2\/media?parent=31896"}],"curies":[{"name":"wp","href":"https:\/\/api.w.org\/{rel}","templated":true}]}}