{"id":32193,"date":"2023-11-06T23:20:51","date_gmt":"2023-11-06T14:20:51","guid":{"rendered":"https:\/\/monolith.law\/?page_id=32193"},"modified":"2026-03-24T00:09:44","modified_gmt":"2026-03-23T15:09:44","slug":"terms-of-use","status":"publish","type":"page","link":"https:\/\/monolith.law\/ro\/terms-of-use","title":{"rendered":"Termeni de Utilizare"},"content":{"rendered":"\n<section class=\"heading-area\">\n\t<div class=\"heading-area-inner\">\n\t\t<h2 class=\"icon-terms-of-use\">Termeni de Utilizare<\/h2>\n\t\t<p>MONOLITH LAW OFFICE se ocup\u0103 cu crearea \u0219i revizuirea termenilor de utilizare \u0219i politicilor de confiden\u021bialitate pentru diverse aplica\u021bii, servicii \u0219i jocuri \u00een Japonia. De asemenea, putem citi defini\u021biile cerin\u021belor pentru dezvoltarea aplica\u021biei relevante, cadrele Adobe XD, paginile de aterizare (LPs), materialele de v\u00e2nzare pentru poten\u021bialii clien\u021bi \u0219i alte documente \u0219i date existente.<\/p>\n\t<\/div>\n<\/section>\n\n<section class=\"white-section\">\n\t<div class=\"section-inner pdt0  border-bottom-section\">\n\t\t<p class=\"mgb-small\">La MONOLITH LAW OFFICE, ne ocup\u0103m de crearea, modificarea \u0219i revizuirea diferitelor termeni \u0219i condi\u021bii, politici de confiden\u021bialitate \u0219i alte acorduri necesare \u00een conformitate cu legile \u0219i reglement\u0103rile aplicabile \u00een Japonia. Suntem specializa\u021bi \u00een oferirea de suport juridic pentru aplica\u021bii, servicii, jocuri \u0219i alte platforme digitale.<\/p>\n\t\t<p class=\"mgb-small\">Putem lucra cu materialele \u0219i datele existente, cum ar fi defini\u021biile cerin\u021belor, cadrele create cu Adobe XD, paginile de aterizare \u0219i materialele de v\u00e2nzare destinate clien\u021bilor poten\u021biali. Echipa noastr\u0103 este capabil\u0103 s\u0103 \u00een\u021beleag\u0103 \u0219i s\u0103 analizeze aceste materiale pentru a asigura conformitatea legal\u0103 \u0219i a oferi perspective valoroase.<\/p>\n\t\t<p>Nu ezita\u021bi s\u0103 ne contacta\u021bi pentru orice asisten\u021b\u0103 \u00een redactarea sau actualizarea termenilor \u0219i condi\u021biilor, politicilor de confiden\u021bialitate sau altor documente juridice necesare pentru operarea \u0219i lansarea aplica\u021biei sau serviciului dvs. digital.<\/p>\n\t<\/div>\n<\/section>\n\n<section class=\"second-nav\">\n\t<div class=\"second-nav-inner\">\n\t\t<p>SUBIECTE<\/p>\n\t\t<nav>\n\t\t\t<ul>\n\t\t\t\t<li><a href=\"#apps-web-services-and-digital-platforms\">Aplica\u021bii, Servicii Web \u0219i Platforme Digitale<\/a><\/li>\n\t\t\t\t<li><a href=\"#games\">Jocuri<\/a><\/li>\n\t\t\t\t<li><a href=\"#publication-of-books-on-legal-matters-related-to-it\">Publicarea de C\u0103r\u021bi despre Probleme Juridice legate de IT<\/a><\/li>\n\t\t\t\t<li><a href=\"#crypto-asset-and-blockchain\">Active Cripto \u0219i Blockchain<\/a><\/li>\n\t\t\t\t<li><a href=\"#medical-Apps-etc\">Aplica\u021bii Medicale, etc.<\/a><\/li>\n\t\t\t\t<li><a href=\"#drafting-with-minimal-operating-time\">Redactarea cu Timp Minim de Operare<\/a><\/li>\n\t\t\t\t<li><a href=\"#some-examples-of-our-clients-and-the-products\">C\u00e2teva Exemple ale Clien\u021bilor No\u0219tri \u0219i Produselor<\/a><\/li>\n\t\t\t\t<li><a href=\"#monolith-law-magazine\">MONOLITH LAW MAGAZINE<\/a><\/li>\n\t\t\t\t<li><a href=\"#fee-structure\">Structura Taxelor<\/a><\/li>\n\t\t\t<\/ul>\n\t\t<\/nav>\n\t<\/div>\n<\/section>\n\n<section class=\"white-section mgt-section mgb-section80\">\n\t<div class=\"anchor\" id=\"apps-web-services-and-digital-platforms\"><\/div>\n\t<div class=\"section-inner-black\">\n\t\t<h3>Aplica\u021bii, Servicii Web \u0219i Platforme Digitale<\/h3>\n\t\t<p class=\"mgb-middle\">Avem o experien\u021b\u0103 vast\u0103 \u00een crearea \u0219i modificarea termenilor \u0219i condi\u021biilor, politicilor de confiden\u021bialitate \u0219i altor documente legale legate de aplica\u021bii, servicii web \u0219i platforme digitale. Oferim, de asemenea, servicii de consultan\u021b\u0103 pentru a asista \u00een operarea legal\u0103 a serviciilor web \u0219i aplica\u021biilor \u00een conformitate cu reglement\u0103rile aplicabile.<\/p>\n\t\t<h4 class=\"mgb-small\">Iat\u0103 c\u00e2teva exemple ale realiz\u0103rilor noastre<\/h4>\n\t\t<p class=\"mgb-middle\">Servicii de distribu\u021bie a muzicii de fundal \u0219i efectelor sonore, Aplica\u021bii pentru redarea muzicii de fundal, Servicii de recunoa\u0219tere vocal\u0103 bazate pe SaaS pentru B2B, Site-uri de comer\u021b electronic direct c\u0103tre consumator, Platforme EC, Servicii care faciliteaz\u0103 integrarea datelor \u00eentre platformele SaaS, Servicii de integrare pentru furnizorii de SaaS, Platforme pentru arti\u0219ti, Unelte de suport \u00een v\u00e2nz\u0103ri, Aplica\u021bii pentru gestionarea finan\u021belor personale, Servicii web \u0219i platforme de c\u0103utare a locurilor de munc\u0103, Servicii bazate pe cloud pentru gestionarea cheltuielilor, Servicii bazate pe cloud pentru gestionarea prezen\u021bei, Servicii bazate pe cloud pentru rambursarea cheltuielilor de c\u0103l\u0103torie, Servicii de v\u00e2nzare a suplimentelor, Servicii de re\u021bele sociale legate de politic\u0103, Aplica\u021bii pentru dispeceratul taxiurilor, Servicii de externalizare a analizei datelor, Servicii de re\u021bele sociale bazate pe video, Platforme de re\u021bele sociale orientate c\u0103tre afaceri, Site-uri de potrivire a afacerilor, Platforme pentru program\u0103ri la spital, \u0218coli de programare, Servicii de re\u021bele sociale bazate pe blockchain, Re\u021bele de publicitate bazate pe blockchain, Servicii de referin\u021b\u0103, Servicii de concierge pentru c\u0103l\u0103torii, Servicii de confirmare a siguran\u021bei, Sisteme de re\u021bele de informa\u021bii medicale, Schimburi de criptomonede (\u00een str\u0103in\u0103tate), Site-uri web pentru baze de date ale clinicilor ortodontice, Servicii de suport pentru persoanele cu dizabilit\u0103\u021bi, Servicii bazate pe cloud pentru recrutarea absolven\u021bilor noi, gestionarea angaja\u021bilor \u0219i formarea acestora, Site-uri web oficiale pentru v\u00e2nzarea ma\u0219inilor importate, Servicii de suport pentru stilul de via\u021b\u0103, Servicii de suport pentru startup-uri, Servicii de verificare anti-social\u0103<\/p>\n\t<\/div>\n<\/section>\n\n<section class=\"white-section mgt-section mgb-section\">\n\t<div class=\"anchor\" id=\"games\"><\/div>\n\t<div class=\"section-inner-black\">\n\t\t<h3>Jocuri<\/h3>\n\t\t<p class=\"mgb-small\">Avem o experien\u021b\u0103 vast\u0103 \u00een redactarea termenilor de utilizare pentru diverse tipuri de jocuri, de la jocuri pe consol\u0103 p\u00e2n\u0103 la jocuri mobile. \u00cen\u021belegem implica\u021biile legale \u0219i cerin\u021bele legate de operarea jocurilor, inclusiv legea drepturilor de autor, legea promo\u021biilor cu premii, legea serviciilor de plat\u0103, legea contractelor de consum, legea tranzac\u021biilor comerciale specifice \u0219i legea afacerilor de telecomunica\u021bii. V\u0103 putem asista \u00een crearea unor termeni de utilizare cuprinz\u0103tori care s\u0103 respecte reglement\u0103rile relevante.<\/p>\n\t\t<p class=\"mgb-small\">Mai mult, serviciile noastre dep\u0103\u0219esc redactarea ini\u021bial\u0103 a termenilor de utilizare. Oferim consultan\u021b\u0103 privind implementarea legal\u0103 a evenimentelor \u0219i altor activit\u0103\u021bi legate de operarea jocurilor. Echipa noastr\u0103 este informat\u0103 despre aspectele legale ale evenimentelor de jocuri \u0219i poate oferi \u00eendrum\u0103ri pentru a asigura conformitatea cu legile \u0219i reglement\u0103rile aplicabile.<\/p>\n\t\t<p class=\"mgb-middle\">Fie c\u0103 sunte\u021bi un dezvoltator de jocuri sau o companie implicat\u0103 \u00een operarea jocurilor, MONOLITH LAW OFFICE este bine echipat\u0103 pentru a oferi suport juridic personalizat pentru a satisface nevoile specifice din industria jocurilor.<\/p>\n\t<\/div>\n<\/section>\n\n<section class=\"purple-section\">\n\t<div class=\"anchor\" id=\"publication-of-books-on-legal-matters-related-to-it\"><\/div>\n\t<div class=\"section-inner\">\n\t\t<div class=\"flex reverse\">\n\t\t\t<div class=\"width41\"><img decoding=\"async\" src=\"\/wp-content\/themes\/monolith2021\/img\/pic\/pic_publishing.jpg\" alt=\"Publicarea c\u0103r\u021bilor despre problemele legale legate de IT\"><\/div>\n\t\t\t<div class=\"width51\">\n\t\t\t\t<h3>Publicarea de C\u0103r\u021bi despre Probleme Juridice legate de IT<\/h3>\n\t\t\t\t<p>Ca birou de avocatur\u0103 specializat \u00een dezvoltarea de sisteme \u0219i probleme juridice legate de IT, inclusiv stabilirea termenilor de serviciu, servicii web, aplica\u021bii \u0219i probleme legate de jocuri, MONOLITH LAW OFFICE a publicat o carte intitulat\u0103 &#8220;\u00centreb\u0103ri \u0219i r\u0103spunsuri u\u0219or de \u00een\u021beles despre lege pentru inginerii IT&#8221;. Cartea este scris\u0103 de un fost inginer devenit avocat \u0219i se adreseaz\u0103 \u00een primul r\u00e2nd inginerilor IT. Ea ofer\u0103 explica\u021bii ale cuno\u0219tin\u021belor juridice special adaptate nevoilor lor, acoperind subiecte precum dezvoltarea termenilor de serviciu. Cartea \u00ee\u0219i propune s\u0103 ofere o abordare prietenoas\u0103 a conceptelor juridice \u0219i s\u0103 ajute inginerii IT s\u0103 navigheze prin aspectele juridice ale muncii lor.<\/p>\n\t\t\t<\/div>\n\t\t<\/div>\n\t<\/div>\n<\/section>\n\n<section class=\"white-section\">\n\t<div class=\"anchor\" id=\"crypto-asset-and-blockchain\"><\/div>\n\t<div class=\"section-inner\">\n\t\t<div class=\"flex\">\n\t\t\t<div class=\"width41\"><img decoding=\"async\" src=\"\/wp-content\/uploads\/2022\/07\/shutterstock_1151380622_2.png\" alt=\"Crypto Asset and Blockchain\"><\/div>\n\t\t\t<div class=\"width51\">\n\t\t\t\t<h3>Active Cripto \u0219i Blockchain<\/h3>\n\t\t\t\t<p>MONOLITH LAW OFFICE este activ implicat \u00een lucr\u0103rile juridice legate de criptoactive \u0219i tehnologia blockchain de la \u00eenfiin\u021barea sa \u00een 2017. Suntem bine preg\u0103ti\u021bi s\u0103 gestion\u0103m problemele juridice legate de jocurile bazate pe blockchain. Cu expertiza noastr\u0103 \u00een problemele juridice legate de IT \u0219i jocuri, putem oferi suport complet \u00een navigarea complexit\u0103\u021bilor juridice ale jocurilor pe blockchain, inclusiv conformitatea cu reglement\u0103rile, protec\u021bia propriet\u0103\u021bii intelectuale, acordurile cu utilizatorii \u0219i multe altele. <\/p>\n\t\t\t<\/div>\n\t\t<\/div>\n\t<\/div>\n<\/section>\n\n<section class=\"white-section mgb-section\">\n\t<div class=\"anchor\" id=\"medical-Apps-etc\"><\/div>\n\t<div class=\"section-inner-black\">\n\t\t<h3>Aplica\u021bii Medicale, etc.<\/h3>\n\t\t<p class=\"mgb-small\">Cabinetul nostru de avocatur\u0103 are o echip\u0103 puternic\u0103 de avoca\u021bi, inclusiv avocatul fondator care are o experien\u021b\u0103 \u00een ingineria IT \u0219i avoca\u021bi care au o experien\u021b\u0103 vast\u0103 \u00een gestionarea cazurilor medicale. Cu aceast\u0103 expertiz\u0103, suntem bine preg\u0103ti\u021bi s\u0103 gestion\u0103m afaceri, aplica\u021bii \u0219i servicii web legate de industria asisten\u021bei medicale. Avem un istoric dovedit \u00een acest domeniu.<\/p>\n\t\t<p class=\"mgb-middle\">Peisajul juridic care \u00eenconjoar\u0103 asisten\u021ba medical\u0103 \u00een Japonia poate fi complex, dar pute\u021bi conta pe biroul nostru pentru a naviga prin aceste complexit\u0103\u021bi. Putem oferi suport juridic complet adaptat nevoilor unice ale sectorului medical, inclusiv conformitatea cu reglement\u0103rile, confiden\u021bialitatea datelor, licen\u021bierea, contractele \u0219i rezolvarea disputelor. Scopul nostru este de a ne asigura c\u0103 activit\u0103\u021bile dvs. legate de asisten\u021ba medical\u0103 sunt efectuate \u00een conformitate cu legile \u0219i reglement\u0103rile aplicabile, protej\u00e2nd \u00een acela\u0219i timp interesele dumneavoastr\u0103.<\/p>\n\t<\/div>\n<\/section>\n\n<section class=\"orange-section\">\n\t<div class=\"anchor\" id=\"drafting-with-minimal-operating-time\"><\/div>\n\t<div class=\"section-inner\">\n\t\t<div class=\"flex\">\n\t\t\t<div class=\"width41\"><img decoding=\"async\" src=\"\/wp-content\/themes\/monolith2021\/img\/pic\/pic_draft.jpg\" alt=\"Redactare cu timp minim de operare\"><\/div>\n\t\t\t<div class=\"width51\">\n\t\t\t\t<h3>Redactarea cu Timp Minim de Operare<\/h3>\n\t\t\t\t<p class=\"mgb-small\">Av\u00e2nd \u00een vedere c\u0103 avocatul nostru repreventant a fost un fost inginer IT, avem capacitatea de a \u00een\u021belege aspectele tehnice, interfa\u021ba utilizatorului \u0219i func\u021bionalitatea aplica\u021biilor \u0219i serviciilor web atunci c\u00e2nd cre\u0103m termenii de serviciu \u0219i alte documente conexe. Putem valorifica defini\u021biile de cerin\u021be existente, cadrele, paginile de destina\u021bie \u0219i materialele de marketing pe care compania dumneavoastr\u0103. le de\u021bine deja, permi\u021b\u00e2ndu-ne s\u0103 interpret\u0103m \u0219i s\u0103 extragem informa\u021biile necesare la cap\u0103tul nostru.<\/p>\n\t\t\t\t<p>Minimiz\u00e2nd necesitatea unor interviuri sau \u00eent\u00e2lniri extinse, putem redacta eficient termenii de serviciu, comprim\u00e2nd costurile de comunicare \u0219i termenele. Aceast\u0103 abordare ne permite s\u0103 simplific\u0103m procesul \u0219i s\u0103 livr\u0103m rezultatele \u00eentr-un mod la timp.<\/p>\n\t\t\t<\/div>\n\t\t<\/div>\n\t<\/div>\n<\/section>\n\n<section class=\"white-section\">\n\t<div class=\"anchor\" id=\"some-examples-of-our-clients-and-the-products\"><\/div>\n\t<div class=\"section-inner\">\n\t\t<h3>C\u00e2teva Exemple ale Clien\u021bilor No\u0219tri \u0219i Produselor<\/h3>\n\t\t<ul class=\"layout-column4 mgb-middle\">\n\t\t\t<li>\n\t\t\t\t<div><img decoding=\"async\" src=\"\/wp-content\/themes\/monolith2021\/img\/clients\/logo_tokium.png\"><\/div>\n\t\t\t\t<h4><a href=\"https:\/\/www.keihi.com\/lp\/\" target=\"_blank\" rel=\"noopener noreferrer\">TOKIUM Rambursarea cheltuielilor<\/a><\/h4>\n\t\t\t\t<p>Am colaborat cu TOKIUM Inc., compania care a dezvoltat aplica\u021bia financiar\u0103 corporativ\u0103 &#8220;TOKIUM Rambursarea cheltuielilor&#8221;, \u00een calitate de Director Juridic. Am oferit suport juridic pentru proiectele lor, inclusiv lansarea sistemului lor de rambursare a cheltuielilor &#8220;TOKIUM Invoice&#8221;.<\/p>\n\t\t\t<\/li>\n\t\t\t<li>\n\t\t\t\t<div><img decoding=\"async\" src=\"\/wp-content\/themes\/monolith2021\/img\/clients\/logo_seculio.png\"><\/div>\n\t\t\t\t<h4><a href=\"https:\/\/www.lrm.jp\/seculio\/feature\/\" target=\"_blank\" rel=\"noopener noreferrer\">Securio<\/a><\/h4>\n\t\t\t\t<p>Am fost auditor pentru Corpora\u021bia LRM, care lanseaz\u0103 platforma \u201eSecurio\u201d, contribuind la \u00eembun\u0103t\u0103\u021birea percep\u021biei asupra securit\u0103\u021bii informa\u021biilor \u00een \u00eentreaga companie.<\/p>\n\t\t\t<\/li>\n\t\t\t<li>\n\t\t\t\t<div><img decoding=\"async\" src=\"\/wp-content\/themes\/monolith2021\/img\/clients\/logo_tribeau.png\"><\/div>\n\t\t\t\t<h4><a href=\"https:\/\/corp.tribeau.jp\/\" target=\"_blank\" rel=\"noopener noreferrer\">TRIBEAU<\/a><\/h4>\n\t\t\t\t<p>Am colaborat cu TRIBEAU Inc., compania din spatele aplica\u021biei de recenzii \u0219i rezerv\u0103ri \u00een domeniul medical estetic &#8220;TRIBEAU&#8221;. Am oferit asisten\u021b\u0103 juridic\u0103 pentru lansarea versiunilor lor de aplica\u021bie \u0219i serviciu web.<\/p>\n\t\t\t<\/li>\n\t\t\t<li>\n\t\t\t\t<div><img decoding=\"async\" src=\"\/wp-content\/themes\/monolith2021\/img\/clients\/logo_flowerknightgirl.png\"><\/div>\n\t\t\t\t<h4><a href=\"https:\/\/flower-knight-girl.com\/\" target=\"_blank\" rel=\"noopener noreferrer\">FLOWER KNIGHT GIRL<\/a><\/h4>\n\t\t\t\t<p>Am asistat YourGames Inc. \u00een lansarea jocului lor RPG popular &#8220;FLOWER KNIGHT GIRL&#8221;, care a dep\u0103\u0219it un milion de utilizatori \u00eenregistra\u021bi. Jocul este disponibil pe platforma DMM GAMES.<\/p>\n\t\t\t<\/li>\n\t\t<\/ul>\n\t\t<p class=\"txt-s\">* V\u0103 rug\u0103m s\u0103 re\u021bine\u021bi c\u0103 acestea sunt doar c\u00e2teva exemple \u0219i c\u0103 am colaborat cu numero\u0219i al\u021bi clien\u021bi. Prioritiz\u0103m confiden\u021bialitatea clien\u021bilor \u0219i dezv\u0103luim implicarea cu companiile care au dat consim\u021b\u0103m\u00e2ntul pentru recunoa\u0219terea public\u0103 sau acelea \u00eenregistrate \u00een registre publice ca ofi\u021beri.<\/p>\n\t<\/div>\n<\/section>\n\n<section class=\"purple2-section\">\n\t<div class=\"anchor\" id=\"monolith-law-magazine\"><\/div>\n\t<div class=\"section-inner\">\n\t\t    <section class=\"white-section temp-article\">\n        <div class=\"section-inner\">\n            <h4>MONOLITH LAW MAGAZINE<\/h4>\n            <div class=\"articles type_practice_column\">\n                                                                    <div class=\"article article-area\">\n                        <figure>\n                            <div class=\"img-wrap\">\n                                <img alt=\"Ce este 'excep\u021bia cloud' \u00een legea protec\u021biei datelor personale? Explica\u021bie bazat\u0103 pe exemple reale de instruc\u021biuni administrative primite de furnizorii de servicii cloud\" src=\"https:\/\/monolith.law\/ro\/wp-content\/uploads\/sites\/32\/2025\/08\/0cdfadb6e93fc71449935bfe824bbde2.jpg\" width=\"500\" height=\"250\">\n                            <\/div>\n                            <figcaption>\n                                <div class=\"figcaption-inner\">\n                                    <h3>Ce este 'excep\u021bia cloud' \u00een legea protec\u021biei datelor personale? Explica\u021bie bazat.<\/h3>\n                                <\/div>\n                            <\/figcaption>\n                            <a href=\"https:\/\/monolith.law\/ro\/it\/personal-information-cloud-exceptions\"><\/a>\n                        <\/figure>\n                    <\/div>\n                                                    <div class=\"article article-area\">\n                        <figure>\n                            <div class=\"img-wrap\">\n                                <img alt=\"Este ilegal\u0103 gestionarea recenziilor Google? Explicarea rela\u021biei cu Legea privind Afi\u0219area Premiilor \u0219i sanc\u021biunile aplicabile\" src=\"https:\/\/monolith.law\/ro\/wp-content\/uploads\/sites\/32\/2025\/08\/18d044df35c4f42bb7e1507848a5e228.webp\" width=\"500\" height=\"250\">\n                            <\/div>\n                            <figcaption>\n                                <div class=\"figcaption-inner\">\n                                    <h3>Este ilegal\u0103 gestionarea recenziilor Google? Explicarea rela\u021biei cu Legea privin.<\/h3>\n                                <\/div>\n                            <\/figcaption>\n                            <a href=\"https:\/\/monolith.law\/ro\/it\/google-review-agency\"><\/a>\n                        <\/figure>\n                    <\/div>\n                                                    <div class=\"article article-area\">\n                        <figure>\n                            <div class=\"img-wrap\">\n                                <img alt=\"Care sunt riscurile utiliz\u0103rii ChatGPT \u00een afaceri? Explic\u0103m \u0219i problemele legale\" src=\"https:\/\/monolith.law\/ro\/wp-content\/uploads\/sites\/32\/2024\/08\/Shutterstock_2252802247.webp\" width=\"500\" height=\"250\">\n                            <\/div>\n                            <figcaption>\n                                <div class=\"figcaption-inner\">\n                                    <h3>Care sunt riscurile utiliz\u0103rii ChatGPT \u00een afaceri? Explic\u0103m \u0219i problemele legale<\/h3>\n                                <\/div>\n                            <\/figcaption>\n                            <a href=\"https:\/\/monolith.law\/ro\/it\/chatgpt-legal-issues\"><\/a>\n                        <\/figure>\n                    <\/div>\n                                            <\/div>\n            <div class=\"btn-more\"><a href=\"https:\/\/monolith.law\/ro\/tag\/terms-of-use\">Read More<\/a><\/div>\n        <\/div>\n    <\/section>\n\t<\/div>\n<\/section>\n\n<section class=\"orange2-section\">\n\t<div class=\"anchor\" id=\"fee-structure\"><\/div>\n\t<div class=\"section-inner\">\n\t<div class=\"planWrap\">\n\t<h3>Structura<br>Taxelor<\/h3>\n\t<ul class=\"plan\">\n\t\t<li class=\"txt-left\">\n\t\t\t<div class=\"plan-inner\">\n\t\t\t<div class=\"plan-header\">\n\t\t\t<h4 class=\"plan-title\">Tarif Orar<\/h4>\n\t\t\t<div class=\"plan-price\"><span class=\"price-figure\">$300<\/span>pe or\u0103<span class=\"price-tax\"><\/span><\/div>\n\t\t\t<\/div>\n\t\t\t<div class=\"plan-body\">\u00cen anumite cazuri, putem lua \u00een considerare acceptarea unui litigiu sau proces cu un onorariu ini\u021bial \u0219i un onorariu de succes. Pentru mai multe detalii, v\u0103 invit\u0103m s\u0103 ne contacta\u021bi.<\/div>\n\t\t\t<\/div>\n\t\t<\/li>\n\t\t<li class=\"txt-left\">\n\t\t\t<div class=\"plan-inner\">\n\t\t\t<div class=\"plan-header\">\n\t\t\t<h4 class=\"plan-title\">Redactarea Contractelor<\/h4>\n\t\t\t<div class=\"plan-price\"><span class=\"price-value\">de la<\/span><span class=\"price-figure\">$500<\/span><span class=\"price-value\">p\u00e2n\u0103 la $2,000 sau mai mult<\/span><span class=\"price-tax\"><\/span><\/div>\n\t\t\t<\/div>\n\t\t\t<div class=\"plan-body\">Structura de pre\u021buri poate varia \u00een func\u021bie de tipul \u0219i cantitatea contractelor. Suntem \u00eenc\u00e2nta\u021bi s\u0103 oferim o estimare preliminar\u0103 la cerere, \u00eencuraj\u00e2ndu-v\u0103 astfel s\u0103 ne contacta\u021bi pentru detalii suplimentare.<\/div>\n\t\t\t<\/div>\n\t\t<\/li>\n\t\t<li class=\"txt-left\">\n\t\t\t<div class=\"plan-inner\">\n\t\t\t<div class=\"plan-header\">\n\t\t\t<h4 class=\"plan-title\">Alte Servicii<\/h4>\n\t\t\t<div class=\"plan-price\"><span class=\"price-figure\">Contacta\u021bi-ne<\/span><\/div>\n\t\t\t<\/div>\n\t\t\t<div class=\"plan-body\">Oferim o gam\u0103 larg\u0103 de servicii, inclusiv \u00eenfiin\u021barea de companii, revizuirea contractelor, opinii juridice, revizuirea cazurilor sau scrisori de cercetare. Dac\u0103 ave\u021bi \u00eentreb\u0103ri sau nel\u0103muriri, v\u0103 invit\u0103m cordial s\u0103 ne contacta\u021bi \u0219i echipa noastr\u0103 de exper\u021bi va fi bucuroas\u0103 s\u0103 v\u0103 asiste.<\/div>\n\t\t\t<\/div>\n\t\t\t<\/div>\n\t\t<\/li>\n\t<\/ul>\n\t<\/div>\n\t<\/div>\n<\/section>\n\n<section class=\"white-section\">\n\t<div class=\"section-inner\">\n\t\t<div class=\"btn-area\">\n\t\t\t<div class=\"btn icon-contact\"><a href=\"\/ro\/contact\">Contacta\u021bi-ne<\/a><\/div>\n\t\t<\/div>\n\t<\/div>\n<\/section>\n","protected":false},"excerpt":{"rendered":"<p>Termeni de Utilizare MONOLITH LAW OFFICE se ocup\u0103 cu crearea \u0219i revizuirea termenilor de utilizare \u0219i politicilor de confiden\u021bialitate pentru diverse aplica\u021bii, servicii \u0219i jocuri \u00een Japonia. De aseme [&hellip;]<\/p>\n","protected":false},"author":1,"featured_media":57154,"parent":0,"menu_order":7,"comment_status":"closed","ping_status":"closed","template":"other-page-temp.php","meta":{"footnotes":""},"acf":[],"_links":{"self":[{"href":"https:\/\/monolith.law\/ro\/wp-json\/wp\/v2\/pages\/32193"}],"collection":[{"href":"https:\/\/monolith.law\/ro\/wp-json\/wp\/v2\/pages"}],"about":[{"href":"https:\/\/monolith.law\/ro\/wp-json\/wp\/v2\/types\/page"}],"author":[{"embeddable":true,"href":"https:\/\/monolith.law\/ro\/wp-json\/wp\/v2\/users\/1"}],"replies":[{"embeddable":true,"href":"https:\/\/monolith.law\/ro\/wp-json\/wp\/v2\/comments?post=32193"}],"version-history":[{"count":24,"href":"https:\/\/monolith.law\/ro\/wp-json\/wp\/v2\/pages\/32193\/revisions"}],"predecessor-version":[{"id":72884,"href":"https:\/\/monolith.law\/ro\/wp-json\/wp\/v2\/pages\/32193\/revisions\/72884"}],"wp:featuredmedia":[{"embeddable":true,"href":"https:\/\/monolith.law\/ro\/wp-json\/wp\/v2\/media\/57154"}],"wp:attachment":[{"href":"https:\/\/monolith.law\/ro\/wp-json\/wp\/v2\/media?parent=32193"}],"curies":[{"name":"wp","href":"https:\/\/api.w.org\/{rel}","templated":true}]}}